{"id":13124,"date":"2025-01-28T11:30:54","date_gmt":"2025-01-28T11:30:54","guid":{"rendered":"https:\/\/ayaneo.co\/product\/moniteur-portable-156-4k-avec-prise-en-charge-du-stylet\/"},"modified":"2025-04-11T12:05:43","modified_gmt":"2025-04-11T12:05:43","slug":"moniteur-portable-156-4k-avec-prise-en-charge-du-stylet","status":"publish","type":"product","link":"https:\/\/ayaneo.co\/fr\/product\/moniteur-portable-156-4k-avec-prise-en-charge-du-stylet\/","title":{"rendered":"Moniteur portable 15,6&Prime; 4K avec prise en charge du stylet"},"content":{"rendered":"\n<p>Am\u00e9liorez votre exp\u00e9rience en d\u00e9placement avec le <strong>moniteur portable 4K de 15,6 pouces, un<\/strong>\u00e9cran \u00e9l\u00e9gant et \u00e0 la pointe de la technologie qui combine des visuels \u00e0 couper le souffle, des fonctionnalit\u00e9s avanc\u00e9es et une connectivit\u00e9 polyvalente. Con\u00e7u pour les nomades num\u00e9riques, les cr\u00e9atifs et les professionnels, ce moniteur portable offre une productivit\u00e9 transparente et un divertissement immersif o\u00f9 que vous soyez. <\/p>\n\n<hr class=\"wp-block-separator has-alpha-channel-opacity\"\/>\n\n<h4 class=\"wp-block-heading\"><strong>Affichage immersif 4K UHD<\/strong><\/h4>\n\n<p>Transformez vos images avec un \u00e9cran tactile 4K UHD de 15,6 pouces. Avec une <strong>r\u00e9solution de 3840 x 2160<\/strong>, une <strong>profondeur de couleur de 10 bits<\/strong> et la <strong>technologie de laminage int\u00e9gral G+G<\/strong>, chaque image explose de d\u00e9tails et d&rsquo;\u00e9clat. Que vous soyez en train d&rsquo;\u00e9diter des m\u00e9dias, de jouer ou de streamer, la <strong>luminosit\u00e9 de 600 cd\/m\u00b2<\/strong> et le <strong>rapport de contraste de 1500:1<\/strong> garantissent des images nettes et des couleurs riches quel que soit l&rsquo;\u00e9clairage.  <\/p>\n\n<hr class=\"wp-block-separator has-alpha-channel-opacity\"\/>\n\n<h4 class=\"wp-block-heading\"><strong>Design \u00e9pur\u00e9, \u00e9cran tactile intuitif<\/strong><\/h4>\n\n<p>Envelopp\u00e9 dans un <strong>alliage d&rsquo;aluminium de premi\u00e8re qualit\u00e9<\/strong>, le moniteur est \u00e0 la fois l\u00e9ger et durable. Sa <strong>conception \u00e0 bords \u00e9troits<\/strong> maximise l&rsquo;espace de l&rsquo;\u00e9cran pour une exp\u00e9rience visuelle ininterrompue. L&rsquo;<strong>\u00e9cran tactile capacitif \u00e0 10 points<\/strong> permet de naviguer, de retoucher des photos et de prendre des notes sans effort et avec pr\u00e9cision.  <\/p>\n\n<hr class=\"wp-block-separator has-alpha-channel-opacity\"\/>\n\n<h4 class=\"wp-block-heading\"><strong>Options de connectivit\u00e9 polyvalentes<\/strong><\/h4>\n\n<p>Connectez-vous sans effort \u00e0 vos appareils gr\u00e2ce aux <strong>ports<\/strong> <strong>HDMI Mini<\/strong> et <strong>Type-C<\/strong> pour le transfert de vid\u00e9os, de donn\u00e9es et d&rsquo;\u00e9nergie. Que vous utilisiez un ordinateur portable, un smartphone ou une console de jeu comme la <strong>PlayStation 5<\/strong> ou la <strong>Xbox<\/strong>, ce moniteur s&rsquo;adapte \u00e0 vos besoins. Un <strong>port micro-USB<\/strong> permet des fonctionnalit\u00e9s suppl\u00e9mentaires pour les p\u00e9riph\u00e9riques tels que les claviers et les souris.  <\/p>\n\n<hr class=\"wp-block-separator has-alpha-channel-opacity\"\/>\n\n<h4 class=\"wp-block-heading\"><strong>Centrale \u00e9lectrique portable<\/strong><\/h4>\n\n<p>Restez productif o\u00f9 que vous soyez gr\u00e2ce \u00e0 la <strong>batterie<\/strong> int\u00e9gr\u00e9e <strong>de 10 000 mAh <\/strong>, qui offre jusqu&rsquo;\u00e0 5 heures d&rsquo;utilisation ininterrompue. L\u00e9ger et compact, il se glisse dans votre sac et vous permet de travailler et de vous divertir en qualit\u00e9 4K. <\/p>\n\n<hr class=\"wp-block-separator has-alpha-channel-opacity\"\/>\n\n<h4 class=\"wp-block-heading\"><strong>Am\u00e9lioration de l&rsquo;affichage et de l&rsquo;audio<\/strong><\/h4>\n\n<p>Profitez de visuels d&rsquo;une clart\u00e9 cristalline gr\u00e2ce \u00e0 des <strong>angles de vision larges de 85\u00b0<\/strong>, pour un partage d&rsquo;\u00e9cran en toute transparence. Les <strong>deux haut-parleurs int\u00e9gr\u00e9s de 1,0 W<\/strong> offrent un son am\u00e9lior\u00e9, id\u00e9al pour les jeux, les films et les r\u00e9unions. Pour un son de qualit\u00e9 sup\u00e9rieure, associez-le \u00e0 un casque ou \u00e0 des haut-parleurs externes. <\/p>\n\n<hr class=\"wp-block-separator has-alpha-channel-opacity\"\/>\n\n<h4 class=\"wp-block-heading\"><strong>Con\u00e7u pour les professionnels et les cr\u00e9atifs<\/strong><\/h4>\n\n<p>Avec une <strong>couverture sRGB de 100 %<\/strong> et une reproduction pr\u00e9cise des couleurs, le moniteur r\u00e9pond aux exigences des <strong>photographes, des monteurs vid\u00e9o et des concepteurs<\/strong>. La prise en charge en option d&rsquo;un <strong>stylet \u00e0 4096 niveaux de pression<\/strong> ouvre la voie \u00e0 un monde de cr\u00e9ativit\u00e9, du croquis aux dessins complexes. <\/p>\n\n<hr class=\"wp-block-separator has-alpha-channel-opacity\"\/>\n\n<h4 class=\"wp-block-heading\"><strong>Les principales caract\u00e9ristiques en un coup d&rsquo;\u0153il<\/strong><\/h4>\n\n<ul class=\"wp-block-list\">\n<li><strong>\u00c9cran :<\/strong> 15,6&Prime; 4K UHD (3840 x 2160), profondeur de couleur 10 bits<\/li>\n\n\n\n<li><strong>\u00c9cran tactile :<\/strong> Capacitif 10 points G+G lamin\u00e9<\/li>\n\n\n\n<li><strong>Autonomie de la batterie :<\/strong> 10 000 mAh int\u00e9gr\u00e9s pour 4 \u00e0 5 heures d&rsquo;utilisation<\/li>\n\n\n\n<li><strong>Connectivit\u00e9 :<\/strong> HDMI Mini, Type-C, micro-USB, prise casque<\/li>\n\n\n\n<li><strong>Poids :<\/strong> 1,3 kg avec un profil mince et facile \u00e0 transporter<\/li>\n\n\n\n<li><strong>Audio :<\/strong> Deux haut-parleurs int\u00e9gr\u00e9s pour un son clair<\/li>\n<\/ul>\n\n<hr class=\"wp-block-separator has-alpha-channel-opacity\"\/>\n\n<h4 class=\"wp-block-heading\"><strong>Pour<\/strong><\/h4>\n\n<p>\u2714 <strong>Des images 4K UHD \u00e9poustouflantes<\/strong> avec une grande pr\u00e9cision des couleurs<br\/>\u2714 <strong>L\u00e9ger et portable<\/strong> pour le travail et les d\u00e9placements<br\/>\u2714 <strong>Connectivit\u00e9 transparente<\/strong> pour une utilisation polyvalente<br\/>\u2714 <strong>Construction en aluminium durable<\/strong> pour une fiabilit\u00e9 \u00e0 long terme<br\/>\u2714 <strong>Fonctionnalit\u00e9 d&rsquo;\u00e9cran tactile<\/strong> pour une interaction intuitive.<\/p>\n\n<hr class=\"wp-block-separator has-alpha-channel-opacity\"\/>\n\n<h4 class=\"wp-block-heading\"><strong>Cons<\/strong><\/h4>\n\n<p>\u2796 <strong>Stylet vendu s\u00e9par\u00e9ment<\/strong> pour les utilisateurs cr\u00e9atifs<br\/>\u2796 L <strong>&lsquo;autonomie de la batterie est limit\u00e9e<\/strong> pour les sessions prolong\u00e9es sans alimentation<br\/>\u2796 <strong>Les haut-parleurs int\u00e9gr\u00e9s peuvent ne pas satisfaire les audiophiles.<\/strong><\/p>\n\n<hr class=\"wp-block-separator has-alpha-channel-opacity\"\/>\n\n<h4 class=\"wp-block-heading\"><strong>Conclusion : R\u00e9volutionnez votre espace de travail mobile<\/strong><\/h4>\n\n<p>Le <strong>moniteur portable 4K de 15,6 pouces<\/strong> change la donne pour les professionnels, les joueurs et les cr\u00e9atifs qui exigent des performances exceptionnelles dans un design portable. Que vous soyez en train de cr\u00e9er des chefs-d&rsquo;\u0153uvre, d&rsquo;accomplir des t\u00e2ches ou de vous adonner au divertissement 4K, ce moniteur offre une clart\u00e9 et une flexibilit\u00e9 in\u00e9gal\u00e9es. Pr\u00eat \u00e0 red\u00e9finir votre fa\u00e7on de travailler et de jouer ? L&rsquo;avenir des \u00e9crans mobiles est l\u00e0.   <\/p>\n","protected":false},"excerpt":{"rendered":"<ul>\n<li>\u00c9cran tactile compatible avec <strong>MacOS<\/strong><\/li>\n<li>Capacit\u00e9 de l&rsquo;\u00e9cran tactile <strong>Stylet inclus<\/strong><\/li>\n<li>Bo\u00eetier pliable servant de support au moniteur<\/li>\n<li>Portable et l\u00e9ger<\/li>\n<li><strong>Alimentation par USB<\/strong>, prise en charge de mini-HDMI, USB Type-C<\/li>\n<\/ul>\n[cg_accordion title=\"INFO PAIEMENT\"]<\/p>\n<p>Nous utilisons les derni\u00e8res technologies en mati\u00e8re de traitement des paiements, ce qui vous permet de r\u00e9gler vos achats via Apple Pay, Google Pay, votre carte de d\u00e9bit\/cr\u00e9dit, PayPal ou des m\u00e9thodes BNPL telles que Klarna, Affirm ou AfterPay pour une exp\u00e9rience rapide et s\u00e9curis\u00e9e.[\/cg_accordion]\n[cg_accordion title=\"GARANTIE\"]<\/p>\n<p>1 an de garantie de <a href=\"https:\/\/droix.net\/\" target=\"_blank\" rel=\"nofollow noopener\">DROIX Global<\/a> pour votre tranquillit\u00e9 d&rsquo;esprit[\/cg_accordion]\n[cg_accordion title=\"PRIX, TAXES ET FRAIS DE PORT\"]<\/p>\n<p><strong><u>Note :<\/u><\/strong><\/p>\n<ul>\n<li>Clients des \u00c9tats-Unis : Le prix affich\u00e9 n&rsquo;inclut pas les taxes ni les droits de douane. La responsabilit\u00e9 du d\u00e9douanement et du paiement des taxes et droits de douane incombe au client. <\/li>\n<li>Clients de l&rsquo;UE : Le prix affich\u00e9 inclut la TAXE applicable, qui peut s&rsquo;\u00e9lever jusqu&rsquo;\u00e0 25 % selon votre pays.<\/li>\n<li>Clients du Canada : Le prix affich\u00e9 comprend les taxes applicables, qui peuvent inclure la TPS de 5 % et des taxes de vente provinciales (TVP), la taxe de vente harmonis\u00e9e (TVH) ou la taxe de vente du Qu\u00e9bec (TVQ) suppl\u00e9mentaires, selon votre province.<\/li>\n<\/ul>\n<p><strong>Pour les clients de l&rsquo;UE SEULEMENT :<\/strong> Express DDP (Delivered Duty Paid). Cela signifie que : <\/p>\n<ul>\n<li>Tous les droits de douane et taxes sont inclus dans le prix affich\u00e9 sur la page du produit.<\/li>\n<li>Vous n&rsquo;aurez pas \u00e0 payer de frais suppl\u00e9mentaires \u00e0 la livraison.<\/li>\n<li>Dans les rares cas de probl\u00e8mes douaniers, notre \u00e9quipe s&rsquo;occupera de la proc\u00e9dure de d\u00e9douanement en votre nom afin d&rsquo;assurer une livraison sans probl\u00e8me.<\/li>\n<p>Informations importantes concernant les retours :<\/p>\n<li>Si vous d\u00e9cidez de retourner votre commande ou de demander un remboursement, sachez que les taxes et les droits pay\u00e9s en votre nom dans le cadre du programme DDP ne peuvent pas \u00eatre rembours\u00e9s.<\/li>\n<p>Veuillez vous r\u00e9f\u00e9rer \u00e0 nos <a href=\"https:\/\/ayaneo.co\/terms-of-service-2\/\" target=\"_blank\" rel=\"nofollow noopener\">conditions g\u00e9n\u00e9rales<\/a> pour plus d&rsquo;informations.\n<\/ul>\n<p>[\/cg_accordion]\n[cg_accordion title=\"SOUTIEN \u00c0 LA CLIENT\u00c8LE\"]<\/p>\n<p>Vous avez une question ? Il suffit d&rsquo;un petit texte pour que votre probl\u00e8me soit r\u00e9solu !<br \/>\n[\/cg_accordion]\n","protected":false},"featured_media":8100,"template":"","meta":{"_acf_changed":false},"product_brand":[],"product_cat":[1021],"product_tag":[],"class_list":{"0":"post-13124","1":"product","2":"type-product","3":"status-publish","4":"has-post-thumbnail","6":"product_cat-moniteurs-portables","7":"product_shipping_class-standard","8":"pa_brand-droix","10":"first","11":"outofstock","12":"sale","13":"taxable","14":"shipping-taxable","15":"purchasable","16":"product-type-variable","17":"has-default-attributes"},"acf":[],"_links":{"self":[{"href":"https:\/\/ayaneo.co\/fr\/wp-json\/wp\/v2\/product\/13124","targetHints":{"allow":["GET"]}}],"collection":[{"href":"https:\/\/ayaneo.co\/fr\/wp-json\/wp\/v2\/product"}],"about":[{"href":"https:\/\/ayaneo.co\/fr\/wp-json\/wp\/v2\/types\/product"}],"wp:featuredmedia":[{"embeddable":true,"href":"https:\/\/ayaneo.co\/fr\/wp-json\/wp\/v2\/media\/8100"}],"wp:attachment":[{"href":"https:\/\/ayaneo.co\/fr\/wp-json\/wp\/v2\/media?parent=13124"}],"wp:term":[{"taxonomy":"product_brand","embeddable":true,"href":"https:\/\/ayaneo.co\/fr\/wp-json\/wp\/v2\/product_brand?post=13124"},{"taxonomy":"product_cat","embeddable":true,"href":"https:\/\/ayaneo.co\/fr\/wp-json\/wp\/v2\/product_cat?post=13124"},{"taxonomy":"product_tag","embeddable":true,"href":"https:\/\/ayaneo.co\/fr\/wp-json\/wp\/v2\/product_tag?post=13124"}],"curies":[{"name":"wp","href":"https:\/\/api.w.org\/{rel}","templated":true}]}}