{"id":13830,"date":"2025-05-02T12:08:14","date_gmt":"2025-05-02T12:08:14","guid":{"rendered":"https:\/\/ayaneo.co\/?post_type=product&#038;p=13830"},"modified":"2025-12-11T00:13:40","modified_gmt":"2025-12-11T00:13:40","slug":"ayaneo-pocket-ace","status":"publish","type":"product","link":"https:\/\/ayaneo.co\/fr\/product\/ayaneo-pocket-ace\/","title":{"rendered":"AYANEO Pocket ACE"},"content":{"rendered":"\n<figure class=\"wp-block-video\"><video height=\"720\" style=\"aspect-ratio: 1280 \/ 720;\" width=\"1280\" controls=\"\" poster=\"https:\/\/ayaneo.co\/wp-content\/uploads\/2025\/05\/maxresdefault-5.jpg\" src=\"https:\/\/ayaneo.co\/wp-content\/uploads\/2025\/05\/ace.mp4\"><\/video><\/figure>\n\n<div class=\"wp-block-columns is-layout-flex wp-container-core-columns-is-layout-28f84493 wp-block-columns-is-layout-flex\">\n<div class=\"wp-block-column is-layout-flow wp-block-column-is-layout-flow\" style=\"flex-basis:33.33%\">\n<figure class=\"wp-block-image size-full\"><a href=\"https:\/\/ayaneo.co\/wp-content\/uploads\/2025\/05\/AYANEO-POCKET-ACE-MARKETING-DONE-01-1024x837-1.jpg\"><img fetchpriority=\"high\" decoding=\"async\" width=\"1024\" height=\"837\" src=\"https:\/\/ayaneo.co\/wp-content\/uploads\/2025\/05\/AYANEO-POCKET-ACE-MARKETING-DONE-01-1024x837-1.jpg\" alt=\"Une console de jeu portable, l'AYANEO Pocket ACE, pr&#xE9;sent&#xE9;e sur une table avec un logo color&#xE9; en d&#xE9;grad&#xE9; sur son &#xE9;cran. L'appareil est &#xE9;quip&#xE9; d'un D-pad, de sticks analogiques et de boutons d'action, tous illumin&#xE9;s dans une ambiance chaleureuse sur un fond orange flou. \" class=\"wp-image-37460\" srcset=\"https:\/\/ayaneo.co\/wp-content\/uploads\/2025\/05\/AYANEO-POCKET-ACE-MARKETING-DONE-01-1024x837-1.jpg 1024w, https:\/\/ayaneo.co\/wp-content\/uploads\/2025\/05\/AYANEO-POCKET-ACE-MARKETING-DONE-01-1024x837-1-300x245.jpg 300w, https:\/\/ayaneo.co\/wp-content\/uploads\/2025\/05\/AYANEO-POCKET-ACE-MARKETING-DONE-01-1024x837-1-768x628.jpg 768w, https:\/\/ayaneo.co\/wp-content\/uploads\/2025\/05\/AYANEO-POCKET-ACE-MARKETING-DONE-01-1024x837-1-990x809.jpg 990w, https:\/\/ayaneo.co\/wp-content\/uploads\/2025\/05\/AYANEO-POCKET-ACE-MARKETING-DONE-01-1024x837-1-441x360.jpg 441w, https:\/\/ayaneo.co\/wp-content\/uploads\/2025\/05\/AYANEO-POCKET-ACE-MARKETING-DONE-01-1024x837-1-600x490.jpg 600w, https:\/\/ayaneo.co\/wp-content\/uploads\/2025\/05\/AYANEO-POCKET-ACE-MARKETING-DONE-01-1024x837-1-150x123.jpg 150w\" sizes=\"(max-width: 1024px) 100vw, 1024px\" \/><\/a><\/figure>\n<\/div>\n\n\n\n<div class=\"wp-block-column is-layout-flow wp-block-column-is-layout-flow\" style=\"flex-basis:66.66%\">\n<h3 class=\"wp-block-heading\">D\u00e9couvrez le Retro Gaming comme jamais auparavant avec l&rsquo;AYANEO Pocket ACE<\/h3>\n\n\n\n<p>L&rsquo;AYANEO Pocket ACE est une console de jeu r\u00e9volutionnaire qui allie le charme du r\u00e9tro gaming \u00e0 une technologie moderne de pointe. S&rsquo;inspirant des consoles portables horizontales classiques, cet appareil offre une esth\u00e9tique nostalgique associ\u00e9e \u00e0 de puissantes performances, ce qui en fait un excellent choix pour les amateurs de jeux r\u00e9tro et les joueurs modernes. <\/p>\n<\/div>\n<\/div>\n\n<hr class=\"wp-block-separator has-alpha-channel-opacity\"\/>\n\n<div class=\"wp-block-columns is-layout-flex wp-container-core-columns-is-layout-28f84493 wp-block-columns-is-layout-flex\">\n<div class=\"wp-block-column is-layout-flow wp-block-column-is-layout-flow\">\n<figure class=\"wp-block-image size-full\"><a href=\"https:\/\/ayaneo.co\/wp-content\/uploads\/2025\/05\/snapdragon_g3x_gen2_rounded-1024x837-1.png\"><img decoding=\"async\" width=\"1024\" height=\"837\" src=\"https:\/\/ayaneo.co\/wp-content\/uploads\/2025\/05\/snapdragon_g3x_gen2_rounded-1024x837-1.png\" alt=\"Insigne du processeur Snapdragon G3x Gen 2 dans un carr&#xE9; arrondi dor&#xE9; avec un embl&#xE8;me de flamme rouge &#xE0; droite et un texte rouge en gras indiquant &quot;Snapdragon G3x Gen 2&quot; &#xE0; gauche.\" class=\"wp-image-37462\" srcset=\"https:\/\/ayaneo.co\/wp-content\/uploads\/2025\/05\/snapdragon_g3x_gen2_rounded-1024x837-1.png 1024w, https:\/\/ayaneo.co\/wp-content\/uploads\/2025\/05\/snapdragon_g3x_gen2_rounded-1024x837-1-300x245.png 300w, https:\/\/ayaneo.co\/wp-content\/uploads\/2025\/05\/snapdragon_g3x_gen2_rounded-1024x837-1-768x628.png 768w, https:\/\/ayaneo.co\/wp-content\/uploads\/2025\/05\/snapdragon_g3x_gen2_rounded-1024x837-1-990x809.png 990w, https:\/\/ayaneo.co\/wp-content\/uploads\/2025\/05\/snapdragon_g3x_gen2_rounded-1024x837-1-441x360.png 441w, https:\/\/ayaneo.co\/wp-content\/uploads\/2025\/05\/snapdragon_g3x_gen2_rounded-1024x837-1-600x490.png 600w, https:\/\/ayaneo.co\/wp-content\/uploads\/2025\/05\/snapdragon_g3x_gen2_rounded-1024x837-1-150x123.png 150w\" sizes=\"(max-width: 1024px) 100vw, 1024px\" \/><\/a><\/figure>\n\n\n\n<h3 class=\"wp-block-heading\">Performance<\/h3>\n\n\n\n<p>Au c\u0153ur du Pocket ACE se trouve la plateforme de jeu Snapdragon G3x Gen 2, offrant jusqu&rsquo;\u00e0 15 W de performances soutenues. Ce puissant processeur assure une \u00e9mulation fluide des titres r\u00e9tro et une gestion efficace des jeux Android modernes. L&rsquo;appareil offre plusieurs modes de performance - \u00e9conomie, \u00e9quilibre, jeu et maximum - permettant aux utilisateurs d&rsquo;optimiser les performances en fonction de leurs besoins de jeu.  <\/p>\n<\/div>\n\n\n\n<div class=\"wp-block-column is-layout-flow wp-block-column-is-layout-flow\">\n<figure class=\"wp-block-image size-full\"><a href=\"https:\/\/ayaneo.co\/wp-content\/uploads\/2025\/05\/AYANEO-POCKET-ACE-MARKETING-DONE-02-1024x837-1.jpg\"><img decoding=\"async\" width=\"1024\" height=\"837\" src=\"https:\/\/ayaneo.co\/wp-content\/uploads\/2025\/05\/AYANEO-POCKET-ACE-MARKETING-DONE-02-1024x837-1.jpg\" alt=\"Deux consoles de jeu portables AYANEO Pocket ACE c&#xF4;te &#xE0; c&#xF4;te, l'une blanche avec des boutons rouges &#xE9;tiquet&#xE9;s &quot;Retro Power&quot;, l'autre noire avec des commandes sombres. Les deux consoles affichent des graphiques d'&#xE9;cran color&#xE9;s et ray&#xE9;s, mettant en valeur diff&#xE9;rentes combinaisons de couleurs. Elles sont &#xE9;clair&#xE9;es dans des tons chauds et froids pour mettre en valeur le design du mat&#xE9;riel et les boutons de l'&#xE9;paule.  \" class=\"wp-image-37463\" srcset=\"https:\/\/ayaneo.co\/wp-content\/uploads\/2025\/05\/AYANEO-POCKET-ACE-MARKETING-DONE-02-1024x837-1.jpg 1024w, https:\/\/ayaneo.co\/wp-content\/uploads\/2025\/05\/AYANEO-POCKET-ACE-MARKETING-DONE-02-1024x837-1-300x245.jpg 300w, https:\/\/ayaneo.co\/wp-content\/uploads\/2025\/05\/AYANEO-POCKET-ACE-MARKETING-DONE-02-1024x837-1-768x628.jpg 768w, https:\/\/ayaneo.co\/wp-content\/uploads\/2025\/05\/AYANEO-POCKET-ACE-MARKETING-DONE-02-1024x837-1-990x809.jpg 990w, https:\/\/ayaneo.co\/wp-content\/uploads\/2025\/05\/AYANEO-POCKET-ACE-MARKETING-DONE-02-1024x837-1-441x360.jpg 441w, https:\/\/ayaneo.co\/wp-content\/uploads\/2025\/05\/AYANEO-POCKET-ACE-MARKETING-DONE-02-1024x837-1-600x490.jpg 600w, https:\/\/ayaneo.co\/wp-content\/uploads\/2025\/05\/AYANEO-POCKET-ACE-MARKETING-DONE-02-1024x837-1-150x123.jpg 150w\" sizes=\"(max-width: 1024px) 100vw, 1024px\" \/><\/a><\/figure>\n\n\n\n<h3 class=\"wp-block-heading\">Contr\u00f4les et entr\u00e9es<\/h3>\n\n\n\n<p>Le Pocket ACE est \u00e9quip\u00e9 d&rsquo;un syst\u00e8me de contr\u00f4le polyvalent con\u00e7u pour s&rsquo;adapter \u00e0 diff\u00e9rents genres de jeux. Ses principales caract\u00e9ristiques sont les suivantes. <\/p>\n\n\n\n<ul class=\"wp-block-list\">\n<li>Joysticks analogiques doubles \u00e0 effet Hall moyen pour une saisie pr\u00e9cise<\/li>\n\n\n\n<li>D\u00e9clencheurs lin\u00e9aires \u00e0 effet Hall pour un contr\u00f4le r\u00e9actif<\/li>\n\n\n\n<li>Un D-pad de style r\u00e9tro positionn\u00e9 en haut pour une sensation de jeu classique<\/li>\n\n\n\n<li>Boutons frontaux ABXY avec dispositions personnalisables<\/li>\n\n\n\n<li>Boutons suppl\u00e9mentaires, notamment Home, Turbo et raccourcis vers l&rsquo;\u00e9mulateur<\/li>\n<\/ul>\n<\/div>\n\n\n\n<div class=\"wp-block-column is-layout-flow wp-block-column-is-layout-flow\">\n<figure class=\"wp-block-image size-full\"><a href=\"https:\/\/ayaneo.co\/wp-content\/uploads\/2025\/05\/seamless_power_combination_rounded-1024x837-1.png\"><img loading=\"lazy\" decoding=\"async\" width=\"1024\" height=\"837\" src=\"https:\/\/ayaneo.co\/wp-content\/uploads\/2025\/05\/seamless_power_combination_rounded-1024x837-1.png\" alt=\"Infographie pr&#xE9;sentant les caract&#xE9;ristiques de performance d'une console de jeu portable. Les points forts sont la m&#xE9;moire LPDDR5X &#xE0; 8533 Mbps, le stockage UFS 4.0 avec une vitesse de lecture de plus de 4000 Mo\/s, et la prise en charge d'une grande capacit&#xE9; de stockage pour contenir de nombreux jeux. Trois panneaux illustrent la m&#xE9;moire, le stockage et la biblioth&#xE8;que de jeux &#xE0; l'aide de graphiques pixellis&#xE9;s et de vignettes de couvertures de jeux.  \" class=\"wp-image-37464\" srcset=\"https:\/\/ayaneo.co\/wp-content\/uploads\/2025\/05\/seamless_power_combination_rounded-1024x837-1.png 1024w, https:\/\/ayaneo.co\/wp-content\/uploads\/2025\/05\/seamless_power_combination_rounded-1024x837-1-300x245.png 300w, https:\/\/ayaneo.co\/wp-content\/uploads\/2025\/05\/seamless_power_combination_rounded-1024x837-1-768x628.png 768w, https:\/\/ayaneo.co\/wp-content\/uploads\/2025\/05\/seamless_power_combination_rounded-1024x837-1-990x809.png 990w, https:\/\/ayaneo.co\/wp-content\/uploads\/2025\/05\/seamless_power_combination_rounded-1024x837-1-441x360.png 441w, https:\/\/ayaneo.co\/wp-content\/uploads\/2025\/05\/seamless_power_combination_rounded-1024x837-1-600x490.png 600w, https:\/\/ayaneo.co\/wp-content\/uploads\/2025\/05\/seamless_power_combination_rounded-1024x837-1-150x123.png 150w\" sizes=\"(max-width: 1024px) 100vw, 1024px\" \/><\/a><\/figure>\n\n\n\n<h3 class=\"wp-block-heading\">Stockage et connectivit\u00e9<\/h3>\n\n\n\n<p>L&rsquo;AYANEO Pocket ACE offre des options de stockage flexibles pour r\u00e9pondre aux diff\u00e9rents besoins des utilisateurs.<\/p>\n\n\n\n<ul class=\"wp-block-list\">\n<li>8 Go de RAM + 128 Go de stockage<\/li>\n\n\n\n<li>12 Go de RAM + 256 Go de stockage<\/li>\n\n\n\n<li>16 Go de RAM + 512 Go de stockage<\/li>\n\n\n\n<li>16 Go de RAM + 1 To de stockage<\/li>\n<\/ul>\n\n\n\n<p>Un emplacement pour carte microSD est \u00e9galement disponible pour \u00e9tendre facilement la capacit\u00e9 de stockage. En termes de connectivit\u00e9, l&rsquo;appareil inclut le Wi-Fi \u00e0 haut d\u00e9bit, le Bluetooth 5.3 et un port USB 3.2 Gen 2 Type-C qui prend en charge le transfert de donn\u00e9es \u00e0 10 Gbps et la sortie vid\u00e9o DP 1.4. <\/p>\n<\/div>\n<\/div>\n\n<hr class=\"wp-block-separator has-alpha-channel-opacity\"\/>\n\n<div class=\"wp-block-columns is-layout-flex wp-container-core-columns-is-layout-28f84493 wp-block-columns-is-layout-flex\">\n<div class=\"wp-block-column is-layout-flow wp-block-column-is-layout-flow\">\n<figure class=\"wp-block-image size-full\"><a href=\"https:\/\/ayaneo.co\/wp-content\/uploads\/2025\/05\/ips_screen_rounded-1-1024x837-1.png\"><img loading=\"lazy\" decoding=\"async\" width=\"1024\" height=\"837\" src=\"https:\/\/ayaneo.co\/wp-content\/uploads\/2025\/05\/ips_screen_rounded-1-1024x837-1.png\" alt=\"Graphique promotionnel pour une console de jeu portable blanche (AYNNO Pocket ACE). L'image montre deux consoles flottant sur un fond lumineux avec un d&#xE9;grad&#xE9; de bleu &#xE0; jaune. L'&#xE9;cran de la console affiche une bande arc-en-ciel r&#xE9;tro color&#xE9;e avec le texte &quot;AYNNO Pocket ACE&quot;. Un texte blanc en haut de l'&#xE9;cran indique : &quot;&#xC9;cran couleur IPS original de 4,5 pouces, avec des images exquises qui prennent vie&quot;.   \" class=\"wp-image-37465\" style=\"object-fit:cover\" srcset=\"https:\/\/ayaneo.co\/wp-content\/uploads\/2025\/05\/ips_screen_rounded-1-1024x837-1.png 1024w, https:\/\/ayaneo.co\/wp-content\/uploads\/2025\/05\/ips_screen_rounded-1-1024x837-1-300x245.png 300w, https:\/\/ayaneo.co\/wp-content\/uploads\/2025\/05\/ips_screen_rounded-1-1024x837-1-768x628.png 768w, https:\/\/ayaneo.co\/wp-content\/uploads\/2025\/05\/ips_screen_rounded-1-1024x837-1-990x809.png 990w, https:\/\/ayaneo.co\/wp-content\/uploads\/2025\/05\/ips_screen_rounded-1-1024x837-1-441x360.png 441w, https:\/\/ayaneo.co\/wp-content\/uploads\/2025\/05\/ips_screen_rounded-1-1024x837-1-600x490.png 600w, https:\/\/ayaneo.co\/wp-content\/uploads\/2025\/05\/ips_screen_rounded-1-1024x837-1-150x123.png 150w\" sizes=\"(max-width: 1024px) 100vw, 1024px\" \/><\/a><\/figure>\n\n\n\n<h3 class=\"wp-block-heading\">Conception et affichage<\/h3>\n\n\n\n<p>L&rsquo;AYANEO Pocket ACE pr\u00e9sente un design \u00e9l\u00e9gant et compact, rappelant les consoles portables horizontales traditionnelles. Son \u00e9cran IPS de 4,5 pouces affiche une r\u00e9solution de 1620\u00d71080 pixels avec un rapport d&rsquo;aspect 3:2, offrant des couleurs vives et des visuels nets qui donnent vie aux jeux r\u00e9tro et modernes. L&rsquo;appareil est disponible en trois couleurs distinctes.  <\/p>\n\n\n\n<ul class=\"wp-block-list\">\n<li>Danse de l&rsquo;ombre Noir<\/li>\n\n\n\n<li>Lame lumineuse blanche<\/li>\n\n\n\n<li>Retro Power (\u00e9dition limit\u00e9e)<\/li>\n<\/ul>\n\n\n\n<p>Les bords quadruplement incurv\u00e9s et le rev\u00eatement UV avanc\u00e9 offrent une prise en main confortable et une sensation de qualit\u00e9 sup\u00e9rieure, pour que les sessions de jeu prolong\u00e9es restent agr\u00e9ables.<\/p>\n<\/div>\n\n\n\n<div class=\"wp-block-column is-layout-flow wp-block-column-is-layout-flow\">\n<figure class=\"wp-block-image size-full\"><a href=\"https:\/\/ayaneo.co\/wp-content\/uploads\/2025\/05\/battery_6000mah_rounded-1024x837-1.png\"><img loading=\"lazy\" decoding=\"async\" width=\"1024\" height=\"837\" src=\"https:\/\/ayaneo.co\/wp-content\/uploads\/2025\/05\/battery_6000mah_rounded-1024x837-1.png\" alt=\"Graphique promotionnel mettant en &#xE9;vidence la capacit&#xE9; de la batterie. Sur un fond sombre, noir et vert en d&#xE9;grad&#xE9;, une grande ic&#xF4;ne de batterie stylis&#xE9;e, remplie d'un d&#xE9;grad&#xE9; de bleu &#xE0; vert, est repr&#xE9;sent&#xE9;e. Le nombre &quot;6000mAh&quot; est affich&#xE9; en &#xE9;vidence sous l'ic&#xF4;ne. Un texte blanc en haut de la page indique : &quot;Une grande batterie de 6000mAh, pour un jeu durable &#xE0; tout moment et en tout lieu&quot;.   \" class=\"wp-image-37466\" srcset=\"https:\/\/ayaneo.co\/wp-content\/uploads\/2025\/05\/battery_6000mah_rounded-1024x837-1.png 1024w, https:\/\/ayaneo.co\/wp-content\/uploads\/2025\/05\/battery_6000mah_rounded-1024x837-1-300x245.png 300w, https:\/\/ayaneo.co\/wp-content\/uploads\/2025\/05\/battery_6000mah_rounded-1024x837-1-768x628.png 768w, https:\/\/ayaneo.co\/wp-content\/uploads\/2025\/05\/battery_6000mah_rounded-1024x837-1-990x809.png 990w, https:\/\/ayaneo.co\/wp-content\/uploads\/2025\/05\/battery_6000mah_rounded-1024x837-1-441x360.png 441w, https:\/\/ayaneo.co\/wp-content\/uploads\/2025\/05\/battery_6000mah_rounded-1024x837-1-600x490.png 600w, https:\/\/ayaneo.co\/wp-content\/uploads\/2025\/05\/battery_6000mah_rounded-1024x837-1-150x123.png 150w\" sizes=\"(max-width: 1024px) 100vw, 1024px\" \/><\/a><\/figure>\n\n\n\n<h3 class=\"wp-block-heading\">Batterie et caract\u00e9ristiques suppl\u00e9mentaires<\/h3>\n\n\n\n<p>Le Pocket ACE est aliment\u00e9 par une batterie de 6 000 mAh, prenant en charge la charge rapide PD 40W pour vous permettre de jouer plus longtemps. Les autres caract\u00e9ristiques notables sont les suivantes. <\/p>\n\n\n\n<ul class=\"wp-block-list\">\n<li>0916B Surge Linear Motor pour un retour haptique immersif<\/li>\n\n\n\n<li>Gyroscope \u00e0 six axes pour les commandes de mouvement<\/li>\n\n\n\n<li>Syst\u00e8me de refroidissement avanc\u00e9 avec ventilateur ultrafin, ailettes de dissipation thermique et plaque de cuivre<\/li>\n\n\n\n<li>Reconnaissance des empreintes digitales int\u00e9gr\u00e9e au bouton d&rsquo;alimentation<\/li>\n<\/ul>\n\n\n\n<p>Ces caract\u00e9ristiques garantissent des performances optimales et une meilleure exp\u00e9rience de jeu.<\/p>\n<\/div>\n<\/div>\n\n<hr class=\"wp-block-separator has-alpha-channel-opacity\"\/>\n\n<h3 class=\"wp-block-heading\">Exp\u00e9rience de l&rsquo;utilisateur et conclusion<\/h3>\n\n<p>L&rsquo;AYANEO Pocket ACE est un appareil de jeu portable de premier ordre qui capture l&rsquo;essence du jeu r\u00e9tro classique tout en offrant la puissance et la polyvalence de la technologie moderne. Son design compact, ses performances puissantes et ses commandes personnalisables en font un choix exceptionnel pour les joueurs \u00e0 la recherche d&rsquo;une exp\u00e9rience de jeu portable et immersive. <\/p>\n\n<p>Consultez notre avis <a href=\"https:\/\/droix.net\/blogs\/ayaneo-pocket-ace-review\/\" target=\"_blank\" rel=\"noreferrer noopener nofollow\">ici.<\/a><\/p>\n\n<p><\/p>\n","protected":false},"excerpt":{"rendered":"<ul>\n<li>Processeur : Qualcomm<strong> G3x Gen 2<\/strong><\/li>\n<li>\u00c9cran : \u00c9cran tactile<strong> IPS sans bordures de<\/strong> 4,5 pouces<\/li>\n<li>RAM : Jusqu&rsquo;\u00e0<strong> 16 Go<\/strong> LPDDR5X @ <strong>8533 MT\/s<\/strong><\/li>\n<li>Stockage : Jusqu&rsquo;\u00e0<strong> 1 To<\/strong> UFS 4.0<\/li>\n<li>Connectivit\u00e9 : Wi-Fi<strong> 7<\/strong> et Bluetooth <strong> 5.3<\/strong><\/li>\n<\/ul>\n<p><img loading=\"lazy\" decoding=\"async\" src=\"https:\/\/ayaneo.co\/wp-content\/uploads\/2025\/05\/acegifts2.jpg\" alt=\"Une banni\u00e8re promotionnelle pour  \" free=\"\" gifts=\"\" that=\"\" are=\"\" added=\"\" to=\"\" cart=\"\" for=\"\" a=\"\" handheld=\"\" gaming=\"\" console.=\"\" the=\"\" text=\"\" is=\"\" in=\"\" large=\"\" dark=\"\" grey=\"\" font=\"\" on=\"\" light=\"\" background.=\"\" image=\"\" displays=\"\" grid=\"\" of=\"\" product=\"\" accessories=\"\" with=\"\" case=\"\" protector=\"\" and=\"\" caps=\"\" width=\"1000\" height=\"140\" class=\"alignnone size-full wp-image-30151\" labels:=\"\" srcset=\"https:\/\/ayaneo.co\/wp-content\/uploads\/2025\/05\/acegifts2.jpg 1000w, https:\/\/ayaneo.co\/wp-content\/uploads\/2025\/05\/acegifts2-300x42.jpg 300w, https:\/\/ayaneo.co\/wp-content\/uploads\/2025\/05\/acegifts2-768x108.jpg 768w, https:\/\/ayaneo.co\/wp-content\/uploads\/2025\/05\/acegifts2-990x139.jpg 990w, https:\/\/ayaneo.co\/wp-content\/uploads\/2025\/05\/acegifts2-441x62.jpg 441w, https:\/\/ayaneo.co\/wp-content\/uploads\/2025\/05\/acegifts2-600x84.jpg 600w, https:\/\/ayaneo.co\/wp-content\/uploads\/2025\/05\/acegifts2-150x21.jpg 150w\" sizes=\"(max-width: 1000px) 100vw, 1000px\" \/><\/p>\n[cg_accordion title=\"INFO PAIEMENT\"]<\/p>\n<p>Nous utilisons les derni\u00e8res technologies en mati\u00e8re de traitement des paiements, ce qui vous permet de r\u00e9gler vos achats via Apple Pay, Google Pay, votre carte de d\u00e9bit\/cr\u00e9dit, PayPal ou des m\u00e9thodes BNPL telles que Klarna, Affirm ou AfterPay pour une exp\u00e9rience rapide et s\u00e9curis\u00e9e.[\/cg_accordion]\n[cg_accordion title=\"GARANTIE\"]<\/p>\n<p>1 an de garantie de <a href=\"https:\/\/droix.net\/\" target=\"_blank\" rel=\"nofollow noopener\">DROIX Global<\/a> pour votre tranquillit\u00e9 d&rsquo;esprit[\/cg_accordion]\n[cg_accordion title=\"ASSURANCE QUALIT\u00c9 ET ESSAIS AVANT EXP\u00c9DITION\"]<\/p>\n<p>Garantir la satisfaction du client au plus haut niveau : Chaque appareil est soumis \u00e0 des tests rigoureux et \u00e0 un contr\u00f4le de qualit\u00e9 en plusieurs points avant d&rsquo;\u00eatre exp\u00e9di\u00e9. Notre \u00e9quipe d\u00e9di\u00e9e v\u00e9rifie la performance, la fonctionnalit\u00e9 et l&rsquo;int\u00e9grit\u00e9 des composants pour garantir que votre appareil AYANEO est en parfait \u00e9tat de fonctionnement \u00e0 l&rsquo;arriv\u00e9e, vous apportant confiance et tranquillit\u00e9 d&rsquo;esprit. [\/cg_accordion]\n[cg_accordion title=\"PRIX, TAXES ET FRAIS DE PORT\"]<\/p>\n<p><strong><u>Note :<\/u><\/strong><\/p>\n<ul>\n<li>Clients des \u00c9tats-Unis : Le prix affich\u00e9 n&rsquo;inclut pas les taxes ni les droits de douane. La responsabilit\u00e9 du d\u00e9douanement et du paiement des taxes et droits de douane incombe au client. <\/li>\n<li>Clients de l&rsquo;UE : Le prix affich\u00e9 inclut la TAXE applicable, qui peut s&rsquo;\u00e9lever jusqu&rsquo;\u00e0 25 % selon votre pays.<\/li>\n<li>Clients du Canada : Le prix affich\u00e9 comprend les taxes applicables, qui peuvent inclure la TPS de 5 % et des taxes de vente provinciales (TVP), la taxe de vente harmonis\u00e9e (TVH) ou la taxe de vente du Qu\u00e9bec (TVQ) suppl\u00e9mentaires, selon votre province.<\/li>\n<\/ul>\n<p><strong>Pour les clients de l&rsquo;UE SEULEMENT :<\/strong> Express DDP (Delivered Duty Paid). Cela signifie que : <\/p>\n<ul>\n<li>Tous les droits de douane et taxes sont inclus dans le prix affich\u00e9 sur la page du produit.<\/li>\n<li>Vous n&rsquo;aurez pas \u00e0 payer de frais suppl\u00e9mentaires \u00e0 la livraison.<\/li>\n<li>Dans les rares cas de probl\u00e8mes douaniers, notre \u00e9quipe s&rsquo;occupera de la proc\u00e9dure de d\u00e9douanement en votre nom afin d&rsquo;assurer une livraison sans probl\u00e8me.<\/li>\n<p>Informations importantes concernant les retours :<\/p>\n<li>Si vous d\u00e9cidez de retourner votre commande ou de demander un remboursement, sachez que les taxes et les droits pay\u00e9s en votre nom dans le cadre du programme DDP ne peuvent pas \u00eatre rembours\u00e9s.<\/li>\n<p>Veuillez vous r\u00e9f\u00e9rer \u00e0 nos <a href=\"https:\/\/ayaneo.co\/fr\/conditions-dutilisation\/\" target=\"_blank\" rel=\"nofollow noopener\">conditions g\u00e9n\u00e9rales<\/a> pour plus d&rsquo;informations.\n<\/ul>\n<p>[\/cg_accordion]\n[cg_accordion title=\"SOUTIEN \u00c0 LA CLIENT\u00c8LE\"]<\/p>\n<p>Vous avez une question ? Il suffit d&rsquo;un petit texte pour que votre probl\u00e8me soit r\u00e9solu ! [\/cg_accordion]\n[cg_accordion title=\"LE PAQUET COMPREND\"]<\/p>\n<ul>\n<li>1x AYANEO Pocket ACE<\/li>\n<li>1x C\u00e2ble USB Type-C<\/li>\n<li>1x Manuel de l&rsquo;utilisateur<\/li>\n<\/ul>\n<p>[\/cg_accordion]\n","protected":false},"featured_media":14099,"template":"","meta":{"_acf_changed":false},"product_brand":[],"product_cat":[356],"product_tag":[],"class_list":{"0":"post-13830","1":"product","2":"type-product","3":"status-publish","4":"has-post-thumbnail","6":"product_cat-ordinateur-de-poche-android","7":"product_shipping_class-premium","8":"pa_brand-ayaneo","9":"pa_graphics-gpu-model-adreno-a32","10":"pa_operating-system-android-13","11":"pa_processor-cpu-brand-qualcomm","13":"first","14":"outofstock","15":"taxable","16":"shipping-taxable","17":"purchasable","18":"product-type-variable","19":"has-default-attributes"},"acf":[],"_links":{"self":[{"href":"https:\/\/ayaneo.co\/fr\/wp-json\/wp\/v2\/product\/13830","targetHints":{"allow":["GET"]}}],"collection":[{"href":"https:\/\/ayaneo.co\/fr\/wp-json\/wp\/v2\/product"}],"about":[{"href":"https:\/\/ayaneo.co\/fr\/wp-json\/wp\/v2\/types\/product"}],"wp:featuredmedia":[{"embeddable":true,"href":"https:\/\/ayaneo.co\/fr\/wp-json\/wp\/v2\/media\/14099"}],"wp:attachment":[{"href":"https:\/\/ayaneo.co\/fr\/wp-json\/wp\/v2\/media?parent=13830"}],"wp:term":[{"taxonomy":"product_brand","embeddable":true,"href":"https:\/\/ayaneo.co\/fr\/wp-json\/wp\/v2\/product_brand?post=13830"},{"taxonomy":"product_cat","embeddable":true,"href":"https:\/\/ayaneo.co\/fr\/wp-json\/wp\/v2\/product_cat?post=13830"},{"taxonomy":"product_tag","embeddable":true,"href":"https:\/\/ayaneo.co\/fr\/wp-json\/wp\/v2\/product_tag?post=13830"}],"curies":[{"name":"wp","href":"https:\/\/api.w.org\/{rel}","templated":true}]}}