{"id":14694,"date":"2025-05-08T13:01:34","date_gmt":"2025-05-08T13:01:34","guid":{"rendered":"https:\/\/ayaneo.co\/product\/ayaneo-ag01-station-daccueil-graphique-pour-vaisseau-spatial\/"},"modified":"2026-01-13T19:09:11","modified_gmt":"2026-01-13T19:09:11","slug":"ayaneo-ag01","status":"publish","type":"product","link":"https:\/\/ayaneo.co\/fr\/product\/ayaneo-ag01\/","title":{"rendered":"AYANEO AG01 Station d&rsquo;accueil graphique pour vaisseau spatial"},"content":{"rendered":"\n<figure class=\"wp-block-video\"><video height=\"1080\" style=\"aspect-ratio: 1920 \/ 1080;\" width=\"1920\" controls=\"\" poster=\"https:\/\/ayaneo.co\/wp-content\/uploads\/2025\/05\/maxresdefault-4.jpg\" src=\"https:\/\/ayaneo.co\/wp-content\/uploads\/2025\/05\/AYANEO-AG01-Starship-Graphic-Dock_-Salute-to-The-Era-of-Space-Science-Explore-The-Gaming-World.mp4\"><\/video><\/figure>\n\n<h2 class=\"wp-block-heading\" id=\"h-introducing-the-ayaneo-ag01-starship-graphics-dock-power-precision-and-portability-redefined\">D\u00e9couvrez la station d&rsquo;accueil graphique AG01 Starship de AYANEO: Puissance, pr\u00e9cision et portabilit\u00e9 red\u00e9finies<\/h2>\n\n<p>La <strong>station d&rsquo;accueil graphique AG01 Starship deAYANEO <\/strong> inaugure une nouvelle \u00e8re pour les solutions GPU externes, con\u00e7ues pour les joueurs, les cr\u00e9ateurs et les professionnels qui n&rsquo;exigent rien de moins qu&rsquo;une performance exceptionnelle. Avec un design industriel futuriste, un GPU AMD Radeon RX 7600M XT haut de gamme et une compatibilit\u00e9 robuste avec les syst\u00e8mes Windows et Linux, l&rsquo;AG01 n&rsquo;est pas seulement un accessoire, c&rsquo;est une rampe de lancement pour une puissance de bureau sans compromis en d\u00e9placement.   <\/p>\n\n<figure class=\"wp-block-image size-full\"><a href=\"https:\/\/ayaneo.co\/wp-content\/uploads\/2025\/05\/AYANEO-AG01-GRAPHICS_DOCK-MARKETING-IMAGE-DONE-1-1024x576-1.jpg\"><img fetchpriority=\"high\" decoding=\"async\" width=\"1024\" height=\"576\" src=\"https:\/\/ayaneo.co\/wp-content\/uploads\/2025\/05\/AYANEO-AG01-GRAPHICS_DOCK-MARKETING-IMAGE-DONE-1-1024x576-1.jpg\" alt=\"Image promotionnelle du AYANEO AG01 sur le th&#xE8;me de la science-fiction, montrant l'anneau sup&#xE9;rieur du ventilateur qui brille en orange et la silhouette de l'appareil partiellement &#xE9;clair&#xE9;e, sugg&#xE9;rant un visuel de l'espace.\" class=\"wp-image-37414\" srcset=\"https:\/\/ayaneo.co\/wp-content\/uploads\/2025\/05\/AYANEO-AG01-GRAPHICS_DOCK-MARKETING-IMAGE-DONE-1-1024x576-1.jpg 1024w, https:\/\/ayaneo.co\/wp-content\/uploads\/2025\/05\/AYANEO-AG01-GRAPHICS_DOCK-MARKETING-IMAGE-DONE-1-1024x576-1-300x169.jpg 300w, https:\/\/ayaneo.co\/wp-content\/uploads\/2025\/05\/AYANEO-AG01-GRAPHICS_DOCK-MARKETING-IMAGE-DONE-1-1024x576-1-768x432.jpg 768w, https:\/\/ayaneo.co\/wp-content\/uploads\/2025\/05\/AYANEO-AG01-GRAPHICS_DOCK-MARKETING-IMAGE-DONE-1-1024x576-1-990x557.jpg 990w, https:\/\/ayaneo.co\/wp-content\/uploads\/2025\/05\/AYANEO-AG01-GRAPHICS_DOCK-MARKETING-IMAGE-DONE-1-1024x576-1-441x248.jpg 441w, https:\/\/ayaneo.co\/wp-content\/uploads\/2025\/05\/AYANEO-AG01-GRAPHICS_DOCK-MARKETING-IMAGE-DONE-1-1024x576-1-600x338.jpg 600w, https:\/\/ayaneo.co\/wp-content\/uploads\/2025\/05\/AYANEO-AG01-GRAPHICS_DOCK-MARKETING-IMAGE-DONE-1-1024x576-1-150x84.jpg 150w\" sizes=\"(max-width: 1024px) 100vw, 1024px\" \/><\/a><\/figure>\n\n<p>Son int\u00e9gration de pointe des interfaces OCuLink et USB4 en fait l&rsquo;une des stations d&rsquo;accueil eGPU les plus polyvalentes disponibles aujourd&rsquo;hui. Que vous d\u00e9bloquiez des taux de rafra\u00eechissement plus \u00e9lev\u00e9s sur votre console portable ou que vous stimuliez la productivit\u00e9 sur un ordinateur portable compact, l&#8217;empreinte compacte de l&rsquo;AG01 garantit une puissance graphique de premier ordre sans sacrifier la mobilit\u00e9. Bienvenue dans la nouvelle g\u00e9n\u00e9ration de GPU externes - audacieux, magnifiques et pr\u00eats \u00e0 combattre.  <\/p>\n\n<hr class=\"wp-block-separator has-alpha-channel-opacity\"\/>\n\n<h2 class=\"wp-block-heading\" id=\"h-ayaneo-ag01-starship-grade-external-gpu-dock\">AYANEO AG01 - Station d&rsquo;accueil externe pour GPU de qualit\u00e9 stellaire<\/h2>\n\n<p>La <strong>station d&rsquo;accueil graphique AG01 Starship<\/strong> est un chef-d&rsquo;\u0153uvre d&rsquo;ing\u00e9nierie moderne et de design artistique. Inspir\u00e9 par l&rsquo;esth\u00e9tique des vaisseaux spatiaux futuristes, il combine portabilit\u00e9 et performance dans un ch\u00e2ssis de seulement 18 cm de large et pesant moins de 900g. Sa conception thermique hautement efficace, renforc\u00e9e par un syst\u00e8me de refroidissement de type turbine et des conduits d&rsquo;air, garantit des performances durables sans ralentissement, m\u00eame lors de sessions de jeu ou de rendu intenses.  <\/p>\n\n<figure class=\"wp-block-image size-full\"><a href=\"https:\/\/ayaneo.co\/wp-content\/uploads\/2025\/05\/AYANEO-AG01-GRAPHICS_DOCK-MARKETING-IMAGE-DONE-2-1024x855-1.jpg\"><img decoding=\"async\" width=\"1024\" height=\"855\" src=\"https:\/\/ayaneo.co\/wp-content\/uploads\/2025\/05\/AYANEO-AG01-GRAPHICS_DOCK-MARKETING-IMAGE-DONE-2-1024x855-1.jpg\" alt=\"Les caract&#xE9;ristiques principales du AYANEO AG01 sont pr&#xE9;sent&#xE9;es dans une grille futuriste, y compris la puce RX 7600M XT, l'&#xE9;clairage RGB, la plaque d'identification personnalisable, le syst&#xE8;me de refroidissement et les capacit&#xE9;s d'extension d'E\/S.\" class=\"wp-image-37415\" srcset=\"https:\/\/ayaneo.co\/wp-content\/uploads\/2025\/05\/AYANEO-AG01-GRAPHICS_DOCK-MARKETING-IMAGE-DONE-2-1024x855-1.jpg 1024w, https:\/\/ayaneo.co\/wp-content\/uploads\/2025\/05\/AYANEO-AG01-GRAPHICS_DOCK-MARKETING-IMAGE-DONE-2-1024x855-1-300x250.jpg 300w, https:\/\/ayaneo.co\/wp-content\/uploads\/2025\/05\/AYANEO-AG01-GRAPHICS_DOCK-MARKETING-IMAGE-DONE-2-1024x855-1-768x641.jpg 768w, https:\/\/ayaneo.co\/wp-content\/uploads\/2025\/05\/AYANEO-AG01-GRAPHICS_DOCK-MARKETING-IMAGE-DONE-2-1024x855-1-990x827.jpg 990w, https:\/\/ayaneo.co\/wp-content\/uploads\/2025\/05\/AYANEO-AG01-GRAPHICS_DOCK-MARKETING-IMAGE-DONE-2-1024x855-1-441x368.jpg 441w, https:\/\/ayaneo.co\/wp-content\/uploads\/2025\/05\/AYANEO-AG01-GRAPHICS_DOCK-MARKETING-IMAGE-DONE-2-1024x855-1-600x501.jpg 600w, https:\/\/ayaneo.co\/wp-content\/uploads\/2025\/05\/AYANEO-AG01-GRAPHICS_DOCK-MARKETING-IMAGE-DONE-2-1024x855-1-150x125.jpg 150w\" sizes=\"(max-width: 1024px) 100vw, 1024px\" \/><\/a><\/figure>\n\n<p>\u00c9quip\u00e9 du GPU <strong>AMD Radeon RX 7600M XT<\/strong> bas\u00e9 sur l&rsquo;architecture RDNA3, l&rsquo;AG01 prend en charge les jeux AAA haut de gamme, l&rsquo;\u00e9dition vid\u00e9o et le rendu 3D avec une efficacit\u00e9 exceptionnelle. C&rsquo;est le compagnon id\u00e9al pour les appareils de jeu portables tels que AYANEO 2S, KUN, et m\u00eame les appareils nonAYANEO via OCuLink et USB4, y compris Steam Deck, ROG Ally, et plus encore. <\/p>\n\n<hr class=\"wp-block-separator has-alpha-channel-opacity\"\/>\n\n<h2 class=\"wp-block-heading\" id=\"h-performance-that-launches-beyond-limits\">Des performances qui d\u00e9passent les limites<\/h2>\n\n<p><strong>Puissance graphique :<\/strong> Au c\u0153ur de l&rsquo;AG01 se trouve le GPU <strong>AMD Radeon RX 7600M XT<\/strong>, dot\u00e9 de 32 unit\u00e9s de calcul, de 8 Go de m\u00e9moire GDDR6 et d&rsquo;une horloge maximale de 2300 MHz. Cette centrale offre des jeux fluides en 1080p et m\u00eame en 1440p, excellant dans les applications de haute performance allant des titres AAA aux flux de travail cr\u00e9atifs acc\u00e9l\u00e9r\u00e9s par le GPU. <\/p>\n\n<p><strong>Syst\u00e8me de refroidissement avanc\u00e9 :<\/strong> Contrairement aux eGPU conventionnels, l&rsquo;AG01 est dot\u00e9 d&rsquo;un syst\u00e8me de refroidissement unique avec deux entr\u00e9es d&rsquo;air et un ventilateur \u00e0 haute efficacit\u00e9. Cette conception maximise le flux d&rsquo;air tout en maintenant un faible niveau de bruit, ce qui permet d&rsquo;obtenir des performances soutenues m\u00eame pendant des sessions prolong\u00e9es. <\/p>\n\n<hr class=\"wp-block-separator has-alpha-channel-opacity\"\/>\n\n<h2 class=\"wp-block-heading\" id=\"h-seamless-connectivity\">Une connectivit\u00e9 sans faille<\/h2>\n\n<figure class=\"wp-block-image size-full\"><a href=\"https:\/\/ayaneo.co\/wp-content\/uploads\/2025\/05\/AYANEO-AG01-GRAPHICS_DOCK-MARKETING-IMAGE-DONE-3-1024x576-1.jpg\"><img decoding=\"async\" width=\"1024\" height=\"576\" src=\"https:\/\/ayaneo.co\/wp-content\/uploads\/2025\/05\/AYANEO-AG01-GRAPHICS_DOCK-MARKETING-IMAGE-DONE-3-1024x576-1.jpg\" alt=\"Diagramme pr&#xE9;sentant la disposition des E\/S arri&#xE8;re de la station d'accueil graphique AYANEO AG01, avec les ports DP 2.0, HDMI 2.1, OCuLink, USB4, DC, RJ45 et USB 3.2 Gen 2.\" class=\"wp-image-37416\" srcset=\"https:\/\/ayaneo.co\/wp-content\/uploads\/2025\/05\/AYANEO-AG01-GRAPHICS_DOCK-MARKETING-IMAGE-DONE-3-1024x576-1.jpg 1024w, https:\/\/ayaneo.co\/wp-content\/uploads\/2025\/05\/AYANEO-AG01-GRAPHICS_DOCK-MARKETING-IMAGE-DONE-3-1024x576-1-300x169.jpg 300w, https:\/\/ayaneo.co\/wp-content\/uploads\/2025\/05\/AYANEO-AG01-GRAPHICS_DOCK-MARKETING-IMAGE-DONE-3-1024x576-1-768x432.jpg 768w, https:\/\/ayaneo.co\/wp-content\/uploads\/2025\/05\/AYANEO-AG01-GRAPHICS_DOCK-MARKETING-IMAGE-DONE-3-1024x576-1-990x557.jpg 990w, https:\/\/ayaneo.co\/wp-content\/uploads\/2025\/05\/AYANEO-AG01-GRAPHICS_DOCK-MARKETING-IMAGE-DONE-3-1024x576-1-441x248.jpg 441w, https:\/\/ayaneo.co\/wp-content\/uploads\/2025\/05\/AYANEO-AG01-GRAPHICS_DOCK-MARKETING-IMAGE-DONE-3-1024x576-1-600x338.jpg 600w, https:\/\/ayaneo.co\/wp-content\/uploads\/2025\/05\/AYANEO-AG01-GRAPHICS_DOCK-MARKETING-IMAGE-DONE-3-1024x576-1-150x84.jpg 150w\" sizes=\"(max-width: 1024px) 100vw, 1024px\" \/><\/a><\/figure>\n\n<p><strong>Pr\u00eat pour OCuLink et USB4 :<\/strong> Pour des connexions \u00e0 faible latence et \u00e0 large bande passante, l&rsquo;AG01 prend en charge <strong>OCuLink SFF-8612<\/strong> et <strong>USB4<\/strong>, offrant une large compatibilit\u00e9 avec les PC portables et les ordinateurs de poche. OCuLink offre des performances GPU sup\u00e9rieures en contournant les goulots d&rsquo;\u00e9tranglement des connexions Thunderbolt traditionnelles, ce qui en fait le premier choix pour les joueurs et les cr\u00e9ateurs s\u00e9rieux. <\/p>\n\n<p><strong>Prise en charge polyvalente des appareils :<\/strong> Que vous vous connectiez \u00e0 un ordinateur de poche AYANEO, Steam Deck, ou \u00e0 une machine compacte Windows\/Linux, l&rsquo;AG01 s&rsquo;adapte facilement. Il prend en charge la fonctionnalit\u00e9 plug-and-play sans qu&rsquo;aucune modification du BIOS ne soit n\u00e9cessaire pour la plupart des syst\u00e8mes. <\/p>\n\n<hr class=\"wp-block-separator has-alpha-channel-opacity\"\/>\n\n<h2 class=\"wp-block-heading\" id=\"h-built-to-travel-designed-to-impress\">Con\u00e7u pour voyager, con\u00e7u pour impressionner<\/h2>\n\n<p><strong>Compact et l\u00e9ger :<\/strong> Mesurant seulement 18 cm x 6,3 cm x 3 cm et pesant 869 g, l&rsquo;AG01 est l&rsquo;une des plus petites stations d&rsquo;accueil eGPU haute performance au monde. Son design d&rsquo;\u00e9poque spatiale en fait une pi\u00e8ce de choix sur votre bureau ou dans votre sac de sport. <\/p>\n\n<p><strong>Mat\u00e9riaux de premi\u00e8re qualit\u00e9 :<\/strong> Le ch\u00e2ssis est construit en alliage d&rsquo;aluminium de qualit\u00e9 a\u00e9ronautique, alliant durabilit\u00e9, efficacit\u00e9 thermique et esth\u00e9tique \u00e9l\u00e9gante.<\/p>\n\n<figure class=\"wp-block-image size-full\"><a href=\"https:\/\/ayaneo.co\/wp-content\/uploads\/2025\/05\/AYANEO-AG01-GRAPHICS_DOCK-MARKETING-IMAGE-DONE-8-1024x576-1.jpg\"><img loading=\"lazy\" decoding=\"async\" width=\"1024\" height=\"576\" src=\"https:\/\/ayaneo.co\/wp-content\/uploads\/2025\/05\/AYANEO-AG01-GRAPHICS_DOCK-MARKETING-IMAGE-DONE-8-1024x576-1.jpg\" alt=\"Visuel spectaculaire des deux pi&#xE8;ces m&#xE9;talliques du ch&#xE2;ssis du AYANEO AG01 &#xE0; mi-s&#xE9;paration, mettant en valeur son corps m&#xE9;tallique finement ouvrag&#xE9; sur un fond d'espace &#xE9;toil&#xE9;.\" class=\"wp-image-37417\" srcset=\"https:\/\/ayaneo.co\/wp-content\/uploads\/2025\/05\/AYANEO-AG01-GRAPHICS_DOCK-MARKETING-IMAGE-DONE-8-1024x576-1.jpg 1024w, https:\/\/ayaneo.co\/wp-content\/uploads\/2025\/05\/AYANEO-AG01-GRAPHICS_DOCK-MARKETING-IMAGE-DONE-8-1024x576-1-300x169.jpg 300w, https:\/\/ayaneo.co\/wp-content\/uploads\/2025\/05\/AYANEO-AG01-GRAPHICS_DOCK-MARKETING-IMAGE-DONE-8-1024x576-1-768x432.jpg 768w, https:\/\/ayaneo.co\/wp-content\/uploads\/2025\/05\/AYANEO-AG01-GRAPHICS_DOCK-MARKETING-IMAGE-DONE-8-1024x576-1-990x557.jpg 990w, https:\/\/ayaneo.co\/wp-content\/uploads\/2025\/05\/AYANEO-AG01-GRAPHICS_DOCK-MARKETING-IMAGE-DONE-8-1024x576-1-441x248.jpg 441w, https:\/\/ayaneo.co\/wp-content\/uploads\/2025\/05\/AYANEO-AG01-GRAPHICS_DOCK-MARKETING-IMAGE-DONE-8-1024x576-1-600x338.jpg 600w, https:\/\/ayaneo.co\/wp-content\/uploads\/2025\/05\/AYANEO-AG01-GRAPHICS_DOCK-MARKETING-IMAGE-DONE-8-1024x576-1-150x84.jpg 150w\" sizes=\"(max-width: 1024px) 100vw, 1024px\" \/><\/a><\/figure>\n\n<hr class=\"wp-block-separator has-alpha-channel-opacity\"\/>\n\n<h2 class=\"wp-block-heading\" id=\"h-user-experience\">Exp\u00e9rience des utilisateurs<\/h2>\n\n<p>L&rsquo;AG01 place la barre tr\u00e8s haut en mati\u00e8re de performances conviviales. Sa prise en charge sans pilote de Windows et de Linux, sa compatibilit\u00e9 transparente avec les appareils et son installation plug-and-play en font la solution id\u00e9ale pour les nouveaux venus comme pour les passionn\u00e9s de technologie. Que vous fassiez du streaming, de la conception, des jeux ou du multit\u00e2che sur plusieurs \u00e9crans, l&rsquo;AG01 vous offre une exp\u00e9rience fluide et immersive.  <\/p>\n\n<hr class=\"wp-block-separator has-alpha-channel-opacity\"\/>\n\n<h2 class=\"wp-block-heading\" id=\"h-conclusion\">Conclusion<\/h2>\n\n<p>La <strong>station d&rsquo;accueil graphique AG01 Starship deAYANEO <\/strong> est plus qu&rsquo;un simple GPU externe : c&rsquo;est un saut dans un avenir o\u00f9 la portabilit\u00e9 rencontre les performances d&rsquo;un v\u00e9ritable ordinateur de bureau. Avec son moteur Radeon RX 7600M XT, sa connectivit\u00e9 \u00e0 double interface et son design artistique, l&rsquo;AG01 red\u00e9finit ce qui est possible en mati\u00e8re d&rsquo;informatique portable. <\/p>\n\n<p>Pr\u00e9-commandez votre AG01 d\u00e8s maintenant et faites partie d&rsquo;une nouvelle g\u00e9n\u00e9ration de joueurs et de cr\u00e9ateurs qui adoptent une puissance sans compromis o\u00f9 qu&rsquo;ils aillent.  <strong>Avec AYANEO, les \u00e9toiles ne sont qu&rsquo;un d\u00e9but.<\/strong><\/p>\n","protected":false},"excerpt":{"rendered":"<ul>\n<li>GPU <strong>Radeon\u2122 RX 7600M XT<\/strong> avec architecture RDNA 3<\/li>\n<li><strong>Double interface :<\/strong> OCuLink &amp; USB 4.0 (Type-C, 65W PD)<\/li>\n<li><strong>Compact et l\u00e9ger :<\/strong> Conception portable inspir\u00e9e des vaisseaux spatiaux<\/li>\n<li><strong>Refroidissement optimis\u00e9 :<\/strong> Syst\u00e8me de ventilation \u00e0 turbine \u00e0 haut rendement<\/li>\n<li><strong>Compatible avec :<\/strong> AYANEO 2S, KUN, FLIP DS, ROG Ally, Steam Deck<\/li>\n<\/ul>\n[cg_accordion title=\"INFO PAIEMENT\"]<\/p>\n<p>Nous utilisons les derni\u00e8res technologies en mati\u00e8re de traitement des paiements, ce qui vous permet de r\u00e9gler vos achats via Apple Pay, Google Pay, votre carte de d\u00e9bit\/cr\u00e9dit, PayPal ou des m\u00e9thodes BNPL telles que Klarna, Affirm ou AfterPay pour une exp\u00e9rience rapide et s\u00e9curis\u00e9e.[\/cg_accordion]\n[cg_accordion title=\"GARANTIE\"]<\/p>\n<p>1 an de garantie de <a href=\"https:\/\/droix.net\/\" target=\"_blank\" rel=\"nofollow noopener\">DROIX Global<\/a> pour votre tranquillit\u00e9 d&rsquo;esprit[\/cg_accordion]\n[cg_accordion title=\"ASSURANCE QUALIT\u00c9 ET ESSAIS AVANT EXP\u00c9DITION\"]<\/p>\n<p>Garantir la satisfaction du client au plus haut niveau : Chaque appareil est soumis \u00e0 des tests rigoureux et \u00e0 un contr\u00f4le de qualit\u00e9 en plusieurs points avant d&rsquo;\u00eatre exp\u00e9di\u00e9. Notre \u00e9quipe d\u00e9di\u00e9e v\u00e9rifie la performance, la fonctionnalit\u00e9 et l&rsquo;int\u00e9grit\u00e9 des composants pour garantir que votre appareil AYANEO est en parfait \u00e9tat de fonctionnement \u00e0 l&rsquo;arriv\u00e9e, vous apportant confiance et tranquillit\u00e9 d&rsquo;esprit. [\/cg_accordion]\n[cg_accordion title=\"PRIX, TAXES ET FRAIS DE PORT\"]<\/p>\n<p><strong><u>Note :<\/u><\/strong><\/p>\n<ul>\n<li>Clients des \u00c9tats-Unis : Le prix affich\u00e9 n&rsquo;inclut pas les taxes ni les droits de douane. La responsabilit\u00e9 du d\u00e9douanement et du paiement des taxes et droits de douane incombe au client. <\/li>\n<li>Clients de l&rsquo;UE : Le prix affich\u00e9 inclut la TAXE applicable, qui peut s&rsquo;\u00e9lever jusqu&rsquo;\u00e0 25 % selon votre pays.<\/li>\n<li>Clients du Canada : Le prix affich\u00e9 comprend les taxes applicables, qui peuvent inclure la TPS de 5 % et des taxes de vente provinciales (TVP), la taxe de vente harmonis\u00e9e (TVH) ou la taxe de vente du Qu\u00e9bec (TVQ) suppl\u00e9mentaires, selon votre province.<\/li>\n<\/ul>\n<p><strong>Pour les clients de l&rsquo;UE SEULEMENT :<\/strong> Express DDP (Delivered Duty Paid). Cela signifie que : <\/p>\n<ul>\n<li>Tous les droits de douane et taxes sont inclus dans le prix affich\u00e9 sur la page du produit.<\/li>\n<li>Vous n&rsquo;aurez pas \u00e0 payer de frais suppl\u00e9mentaires \u00e0 la livraison.<\/li>\n<li>Dans les rares cas de probl\u00e8mes douaniers, notre \u00e9quipe s&rsquo;occupera de la proc\u00e9dure de d\u00e9douanement en votre nom afin d&rsquo;assurer une livraison sans probl\u00e8me.<\/li>\n<p>Informations importantes concernant les retours :<\/p>\n<li>Si vous d\u00e9cidez de retourner votre commande ou de demander un remboursement, sachez que les taxes et les droits pay\u00e9s en votre nom dans le cadre du programme DDP ne peuvent pas \u00eatre rembours\u00e9s.<\/li>\n<p>Veuillez vous r\u00e9f\u00e9rer \u00e0 nos <a href=\"https:\/\/ayaneo.co\/fr\/conditions-dutilisation\/\" target=\"_blank\" rel=\"nofollow noopener\">conditions g\u00e9n\u00e9rales<\/a> pour plus d&rsquo;informations.\n<\/ul>\n<p>[\/cg_accordion]\n[cg_accordion title=\"SOUTIEN \u00c0 LA CLIENT\u00c8LE\"]<\/p>\n<p>Vous avez une question ? Il suffit d&rsquo;un petit texte pour que votre probl\u00e8me soit r\u00e9solu ! [\/cg_accordion]\n[cg_accordion title=\"LE PAQUET COMPREND\"]<\/p>\n<ul>\n<li>1x AYANEO AG01 Starship Graphics Dock<\/li>\n<li>1x C\u00e2ble USB Type-C<\/li>\n<li>1x Manuel de l&rsquo;utilisateur<\/li>\n<\/ul>\n<p>[\/cg_accordion]\n","protected":false},"featured_media":14446,"template":"","meta":{"_acf_changed":false},"product_brand":[],"product_cat":[389],"product_tag":[],"class_list":{"0":"post-14694","1":"product","2":"type-product","3":"status-publish","4":"has-post-thumbnail","6":"product_cat-accessoires","7":"product_shipping_class-premium","8":"pa_brand-ayaneo","9":"pa_graphics-gpu-model-radeon-rx-7600m-xt","11":"first","12":"outofstock","13":"sale","14":"taxable","15":"shipping-taxable","16":"purchasable","17":"product-type-variable","18":"has-default-attributes"},"acf":[],"_links":{"self":[{"href":"https:\/\/ayaneo.co\/fr\/wp-json\/wp\/v2\/product\/14694","targetHints":{"allow":["GET"]}}],"collection":[{"href":"https:\/\/ayaneo.co\/fr\/wp-json\/wp\/v2\/product"}],"about":[{"href":"https:\/\/ayaneo.co\/fr\/wp-json\/wp\/v2\/types\/product"}],"wp:featuredmedia":[{"embeddable":true,"href":"https:\/\/ayaneo.co\/fr\/wp-json\/wp\/v2\/media\/14446"}],"wp:attachment":[{"href":"https:\/\/ayaneo.co\/fr\/wp-json\/wp\/v2\/media?parent=14694"}],"wp:term":[{"taxonomy":"product_brand","embeddable":true,"href":"https:\/\/ayaneo.co\/fr\/wp-json\/wp\/v2\/product_brand?post=14694"},{"taxonomy":"product_cat","embeddable":true,"href":"https:\/\/ayaneo.co\/fr\/wp-json\/wp\/v2\/product_cat?post=14694"},{"taxonomy":"product_tag","embeddable":true,"href":"https:\/\/ayaneo.co\/fr\/wp-json\/wp\/v2\/product_tag?post=14694"}],"curies":[{"name":"wp","href":"https:\/\/api.w.org\/{rel}","templated":true}]}}