{"id":2525,"date":"2024-03-21T15:52:03","date_gmt":"2024-03-21T15:52:03","guid":{"rendered":"https:\/\/ayaneo.co\/product\/ayaneo-am02\/"},"modified":"2025-04-11T12:14:59","modified_gmt":"2025-04-11T12:14:59","slug":"ayaneo-am02","status":"publish","type":"product","link":"https:\/\/ayaneo.co\/fr\/product\/ayaneo-am02\/","title":{"rendered":"AYANEO AM02"},"content":{"rendered":"\n<figure class=\"wp-block-image size-full\"><img fetchpriority=\"high\" decoding=\"async\" width=\"1500\" height=\"844\" src=\"https:\/\/ayaneo.co\/wp-content\/uploads\/2024\/03\/AYANEO-AM02-MARKETING-DONE-01.jpg\" alt=\"AYANEO AM02 Marketing\" class=\"wp-image-600\" srcset=\"https:\/\/ayaneo.co\/wp-content\/uploads\/2024\/03\/AYANEO-AM02-MARKETING-DONE-01.jpg 1500w, https:\/\/ayaneo.co\/wp-content\/uploads\/2024\/03\/AYANEO-AM02-MARKETING-DONE-01-150x84.jpg 150w, https:\/\/ayaneo.co\/wp-content\/uploads\/2024\/03\/AYANEO-AM02-MARKETING-DONE-01-600x338.jpg 600w, https:\/\/ayaneo.co\/wp-content\/uploads\/2024\/03\/AYANEO-AM02-MARKETING-DONE-01-300x169.jpg 300w, https:\/\/ayaneo.co\/wp-content\/uploads\/2024\/03\/AYANEO-AM02-MARKETING-DONE-01-1024x576.jpg 1024w, https:\/\/ayaneo.co\/wp-content\/uploads\/2024\/03\/AYANEO-AM02-MARKETING-DONE-01-768x432.jpg 768w, https:\/\/ayaneo.co\/wp-content\/uploads\/2024\/03\/AYANEO-AM02-MARKETING-DONE-01-990x557.jpg 990w, https:\/\/ayaneo.co\/wp-content\/uploads\/2024\/03\/AYANEO-AM02-MARKETING-DONE-01-441x248.jpg 441w\" sizes=\"(max-width: 1500px) 100vw, 1500px\" \/><\/figure>\n\n<figure class=\"wp-block-image size-full\"><img decoding=\"async\" width=\"1500\" height=\"752\" src=\"https:\/\/ayaneo.co\/wp-content\/uploads\/2024\/03\/AYANEO-AM02-MARKETING-DONE-02.jpg\" alt=\"AYANEO AM02 Marketing\" class=\"wp-image-601\" srcset=\"https:\/\/ayaneo.co\/wp-content\/uploads\/2024\/03\/AYANEO-AM02-MARKETING-DONE-02.jpg 1500w, https:\/\/ayaneo.co\/wp-content\/uploads\/2024\/03\/AYANEO-AM02-MARKETING-DONE-02-150x75.jpg 150w, https:\/\/ayaneo.co\/wp-content\/uploads\/2024\/03\/AYANEO-AM02-MARKETING-DONE-02-600x301.jpg 600w, https:\/\/ayaneo.co\/wp-content\/uploads\/2024\/03\/AYANEO-AM02-MARKETING-DONE-02-300x150.jpg 300w, https:\/\/ayaneo.co\/wp-content\/uploads\/2024\/03\/AYANEO-AM02-MARKETING-DONE-02-1024x513.jpg 1024w, https:\/\/ayaneo.co\/wp-content\/uploads\/2024\/03\/AYANEO-AM02-MARKETING-DONE-02-768x385.jpg 768w, https:\/\/ayaneo.co\/wp-content\/uploads\/2024\/03\/AYANEO-AM02-MARKETING-DONE-02-990x496.jpg 990w, https:\/\/ayaneo.co\/wp-content\/uploads\/2024\/03\/AYANEO-AM02-MARKETING-DONE-02-441x221.jpg 441w\" sizes=\"(max-width: 1500px) 100vw, 1500px\" \/><\/figure>\n\n<figure class=\"wp-block-image size-full\"><img decoding=\"async\" width=\"1500\" height=\"1794\" src=\"https:\/\/ayaneo.co\/wp-content\/uploads\/2024\/03\/AYANEO-AM02-MARKETING-DONE-03.jpg\" alt=\"AYANEO AM02 Marketing\" class=\"wp-image-602\" srcset=\"https:\/\/ayaneo.co\/wp-content\/uploads\/2024\/03\/AYANEO-AM02-MARKETING-DONE-03.jpg 1500w, https:\/\/ayaneo.co\/wp-content\/uploads\/2024\/03\/AYANEO-AM02-MARKETING-DONE-03-150x179.jpg 150w, https:\/\/ayaneo.co\/wp-content\/uploads\/2024\/03\/AYANEO-AM02-MARKETING-DONE-03-600x718.jpg 600w, https:\/\/ayaneo.co\/wp-content\/uploads\/2024\/03\/AYANEO-AM02-MARKETING-DONE-03-251x300.jpg 251w, https:\/\/ayaneo.co\/wp-content\/uploads\/2024\/03\/AYANEO-AM02-MARKETING-DONE-03-856x1024.jpg 856w, https:\/\/ayaneo.co\/wp-content\/uploads\/2024\/03\/AYANEO-AM02-MARKETING-DONE-03-768x919.jpg 768w, https:\/\/ayaneo.co\/wp-content\/uploads\/2024\/03\/AYANEO-AM02-MARKETING-DONE-03-1284x1536.jpg 1284w, https:\/\/ayaneo.co\/wp-content\/uploads\/2024\/03\/AYANEO-AM02-MARKETING-DONE-03-990x1184.jpg 990w, https:\/\/ayaneo.co\/wp-content\/uploads\/2024\/03\/AYANEO-AM02-MARKETING-DONE-03-441x527.jpg 441w\" sizes=\"(max-width: 1500px) 100vw, 1500px\" \/><\/figure>\n\n<figure class=\"wp-block-image size-full\"><img loading=\"lazy\" decoding=\"async\" width=\"1500\" height=\"842\" src=\"https:\/\/ayaneo.co\/wp-content\/uploads\/2024\/03\/AYANEO-AM02-MARKETING-DONE-04.jpg\" alt=\"AYANEO AM02 Marketing\" class=\"wp-image-603\" srcset=\"https:\/\/ayaneo.co\/wp-content\/uploads\/2024\/03\/AYANEO-AM02-MARKETING-DONE-04.jpg 1500w, https:\/\/ayaneo.co\/wp-content\/uploads\/2024\/03\/AYANEO-AM02-MARKETING-DONE-04-150x84.jpg 150w, https:\/\/ayaneo.co\/wp-content\/uploads\/2024\/03\/AYANEO-AM02-MARKETING-DONE-04-600x337.jpg 600w, https:\/\/ayaneo.co\/wp-content\/uploads\/2024\/03\/AYANEO-AM02-MARKETING-DONE-04-300x168.jpg 300w, https:\/\/ayaneo.co\/wp-content\/uploads\/2024\/03\/AYANEO-AM02-MARKETING-DONE-04-1024x575.jpg 1024w, https:\/\/ayaneo.co\/wp-content\/uploads\/2024\/03\/AYANEO-AM02-MARKETING-DONE-04-768x431.jpg 768w, https:\/\/ayaneo.co\/wp-content\/uploads\/2024\/03\/AYANEO-AM02-MARKETING-DONE-04-990x556.jpg 990w, https:\/\/ayaneo.co\/wp-content\/uploads\/2024\/03\/AYANEO-AM02-MARKETING-DONE-04-441x248.jpg 441w\" sizes=\"(max-width: 1500px) 100vw, 1500px\" \/><\/figure>\n\n<figure class=\"wp-block-image size-full\"><img loading=\"lazy\" decoding=\"async\" width=\"1500\" height=\"1640\" src=\"https:\/\/ayaneo.co\/wp-content\/uploads\/2024\/03\/AYANEO-AM02-MARKETING-DONE-05.jpg\" alt=\"AYANEO AM02 Marketing\" class=\"wp-image-604\" srcset=\"https:\/\/ayaneo.co\/wp-content\/uploads\/2024\/03\/AYANEO-AM02-MARKETING-DONE-05.jpg 1500w, https:\/\/ayaneo.co\/wp-content\/uploads\/2024\/03\/AYANEO-AM02-MARKETING-DONE-05-150x164.jpg 150w, https:\/\/ayaneo.co\/wp-content\/uploads\/2024\/03\/AYANEO-AM02-MARKETING-DONE-05-600x656.jpg 600w, https:\/\/ayaneo.co\/wp-content\/uploads\/2024\/03\/AYANEO-AM02-MARKETING-DONE-05-274x300.jpg 274w, https:\/\/ayaneo.co\/wp-content\/uploads\/2024\/03\/AYANEO-AM02-MARKETING-DONE-05-937x1024.jpg 937w, https:\/\/ayaneo.co\/wp-content\/uploads\/2024\/03\/AYANEO-AM02-MARKETING-DONE-05-768x840.jpg 768w, https:\/\/ayaneo.co\/wp-content\/uploads\/2024\/03\/AYANEO-AM02-MARKETING-DONE-05-1405x1536.jpg 1405w, https:\/\/ayaneo.co\/wp-content\/uploads\/2024\/03\/AYANEO-AM02-MARKETING-DONE-05-990x1082.jpg 990w, https:\/\/ayaneo.co\/wp-content\/uploads\/2024\/03\/AYANEO-AM02-MARKETING-DONE-05-441x482.jpg 441w\" sizes=\"(max-width: 1500px) 100vw, 1500px\" \/><\/figure>\n\n<figure class=\"wp-block-image size-full\"><img loading=\"lazy\" decoding=\"async\" width=\"1500\" height=\"894\" src=\"https:\/\/ayaneo.co\/wp-content\/uploads\/2024\/03\/AYANEO-AM02-MARKETING-DONE-06.jpg\" alt=\"AYANEO AM02 Marketing\" class=\"wp-image-605\" srcset=\"https:\/\/ayaneo.co\/wp-content\/uploads\/2024\/03\/AYANEO-AM02-MARKETING-DONE-06.jpg 1500w, https:\/\/ayaneo.co\/wp-content\/uploads\/2024\/03\/AYANEO-AM02-MARKETING-DONE-06-150x89.jpg 150w, https:\/\/ayaneo.co\/wp-content\/uploads\/2024\/03\/AYANEO-AM02-MARKETING-DONE-06-600x358.jpg 600w, https:\/\/ayaneo.co\/wp-content\/uploads\/2024\/03\/AYANEO-AM02-MARKETING-DONE-06-300x179.jpg 300w, https:\/\/ayaneo.co\/wp-content\/uploads\/2024\/03\/AYANEO-AM02-MARKETING-DONE-06-1024x610.jpg 1024w, https:\/\/ayaneo.co\/wp-content\/uploads\/2024\/03\/AYANEO-AM02-MARKETING-DONE-06-768x458.jpg 768w, https:\/\/ayaneo.co\/wp-content\/uploads\/2024\/03\/AYANEO-AM02-MARKETING-DONE-06-990x590.jpg 990w, https:\/\/ayaneo.co\/wp-content\/uploads\/2024\/03\/AYANEO-AM02-MARKETING-DONE-06-441x263.jpg 441w\" sizes=\"(max-width: 1500px) 100vw, 1500px\" \/><\/figure>\n\n<figure class=\"wp-block-image size-full\"><img loading=\"lazy\" decoding=\"async\" width=\"1500\" height=\"1761\" src=\"https:\/\/ayaneo.co\/wp-content\/uploads\/2024\/03\/AYANEO-AM02-MARKETING-DONE-07.jpg\" alt=\"AYANEO AM02 Marketing\" class=\"wp-image-606\" srcset=\"https:\/\/ayaneo.co\/wp-content\/uploads\/2024\/03\/AYANEO-AM02-MARKETING-DONE-07.jpg 1500w, https:\/\/ayaneo.co\/wp-content\/uploads\/2024\/03\/AYANEO-AM02-MARKETING-DONE-07-150x176.jpg 150w, https:\/\/ayaneo.co\/wp-content\/uploads\/2024\/03\/AYANEO-AM02-MARKETING-DONE-07-600x704.jpg 600w, https:\/\/ayaneo.co\/wp-content\/uploads\/2024\/03\/AYANEO-AM02-MARKETING-DONE-07-256x300.jpg 256w, https:\/\/ayaneo.co\/wp-content\/uploads\/2024\/03\/AYANEO-AM02-MARKETING-DONE-07-872x1024.jpg 872w, https:\/\/ayaneo.co\/wp-content\/uploads\/2024\/03\/AYANEO-AM02-MARKETING-DONE-07-768x902.jpg 768w, https:\/\/ayaneo.co\/wp-content\/uploads\/2024\/03\/AYANEO-AM02-MARKETING-DONE-07-1308x1536.jpg 1308w, https:\/\/ayaneo.co\/wp-content\/uploads\/2024\/03\/AYANEO-AM02-MARKETING-DONE-07-990x1162.jpg 990w, https:\/\/ayaneo.co\/wp-content\/uploads\/2024\/03\/AYANEO-AM02-MARKETING-DONE-07-441x518.jpg 441w\" sizes=\"(max-width: 1500px) 100vw, 1500px\" \/><\/figure>\n\n<figure class=\"wp-block-image size-full\"><img loading=\"lazy\" decoding=\"async\" width=\"1500\" height=\"750\" src=\"https:\/\/ayaneo.co\/wp-content\/uploads\/2024\/03\/AYANEO-AM02-MARKETING-DONE-08.jpg\" alt=\"AYANEO AM02 Marketing\" class=\"wp-image-607\" srcset=\"https:\/\/ayaneo.co\/wp-content\/uploads\/2024\/03\/AYANEO-AM02-MARKETING-DONE-08.jpg 1500w, https:\/\/ayaneo.co\/wp-content\/uploads\/2024\/03\/AYANEO-AM02-MARKETING-DONE-08-150x75.jpg 150w, https:\/\/ayaneo.co\/wp-content\/uploads\/2024\/03\/AYANEO-AM02-MARKETING-DONE-08-600x300.jpg 600w, https:\/\/ayaneo.co\/wp-content\/uploads\/2024\/03\/AYANEO-AM02-MARKETING-DONE-08-300x150.jpg 300w, https:\/\/ayaneo.co\/wp-content\/uploads\/2024\/03\/AYANEO-AM02-MARKETING-DONE-08-1024x512.jpg 1024w, https:\/\/ayaneo.co\/wp-content\/uploads\/2024\/03\/AYANEO-AM02-MARKETING-DONE-08-768x384.jpg 768w, https:\/\/ayaneo.co\/wp-content\/uploads\/2024\/03\/AYANEO-AM02-MARKETING-DONE-08-990x495.jpg 990w, https:\/\/ayaneo.co\/wp-content\/uploads\/2024\/03\/AYANEO-AM02-MARKETING-DONE-08-441x221.jpg 441w\" sizes=\"(max-width: 1500px) 100vw, 1500px\" \/><\/figure>\n\n<figure class=\"wp-block-image size-full\"><img loading=\"lazy\" decoding=\"async\" width=\"1500\" height=\"2189\" src=\"https:\/\/ayaneo.co\/wp-content\/uploads\/2024\/03\/AYANEO-AM02-MARKETING-DONE-09.jpg\" alt=\"AYANEO AM02 Marketing\" class=\"wp-image-608\" srcset=\"https:\/\/ayaneo.co\/wp-content\/uploads\/2024\/03\/AYANEO-AM02-MARKETING-DONE-09.jpg 1500w, https:\/\/ayaneo.co\/wp-content\/uploads\/2024\/03\/AYANEO-AM02-MARKETING-DONE-09-150x219.jpg 150w, https:\/\/ayaneo.co\/wp-content\/uploads\/2024\/03\/AYANEO-AM02-MARKETING-DONE-09-600x876.jpg 600w, https:\/\/ayaneo.co\/wp-content\/uploads\/2024\/03\/AYANEO-AM02-MARKETING-DONE-09-206x300.jpg 206w, https:\/\/ayaneo.co\/wp-content\/uploads\/2024\/03\/AYANEO-AM02-MARKETING-DONE-09-702x1024.jpg 702w, https:\/\/ayaneo.co\/wp-content\/uploads\/2024\/03\/AYANEO-AM02-MARKETING-DONE-09-768x1121.jpg 768w, https:\/\/ayaneo.co\/wp-content\/uploads\/2024\/03\/AYANEO-AM02-MARKETING-DONE-09-1053x1536.jpg 1053w, https:\/\/ayaneo.co\/wp-content\/uploads\/2024\/03\/AYANEO-AM02-MARKETING-DONE-09-1403x2048.jpg 1403w, https:\/\/ayaneo.co\/wp-content\/uploads\/2024\/03\/AYANEO-AM02-MARKETING-DONE-09-990x1445.jpg 990w, https:\/\/ayaneo.co\/wp-content\/uploads\/2024\/03\/AYANEO-AM02-MARKETING-DONE-09-441x644.jpg 441w\" sizes=\"(max-width: 1500px) 100vw, 1500px\" \/><\/figure>\n\n<figure class=\"wp-block-image size-full\"><img loading=\"lazy\" decoding=\"async\" width=\"1500\" height=\"1684\" src=\"https:\/\/ayaneo.co\/wp-content\/uploads\/2024\/03\/AYANEO-AM02-MARKETING-DONE-10.jpg\" alt=\"AYANEO AM02 Marketing\" class=\"wp-image-609\" srcset=\"https:\/\/ayaneo.co\/wp-content\/uploads\/2024\/03\/AYANEO-AM02-MARKETING-DONE-10.jpg 1500w, https:\/\/ayaneo.co\/wp-content\/uploads\/2024\/03\/AYANEO-AM02-MARKETING-DONE-10-150x168.jpg 150w, https:\/\/ayaneo.co\/wp-content\/uploads\/2024\/03\/AYANEO-AM02-MARKETING-DONE-10-600x674.jpg 600w, https:\/\/ayaneo.co\/wp-content\/uploads\/2024\/03\/AYANEO-AM02-MARKETING-DONE-10-267x300.jpg 267w, https:\/\/ayaneo.co\/wp-content\/uploads\/2024\/03\/AYANEO-AM02-MARKETING-DONE-10-912x1024.jpg 912w, https:\/\/ayaneo.co\/wp-content\/uploads\/2024\/03\/AYANEO-AM02-MARKETING-DONE-10-768x862.jpg 768w, https:\/\/ayaneo.co\/wp-content\/uploads\/2024\/03\/AYANEO-AM02-MARKETING-DONE-10-1368x1536.jpg 1368w, https:\/\/ayaneo.co\/wp-content\/uploads\/2024\/03\/AYANEO-AM02-MARKETING-DONE-10-990x1111.jpg 990w, https:\/\/ayaneo.co\/wp-content\/uploads\/2024\/03\/AYANEO-AM02-MARKETING-DONE-10-441x495.jpg 441w\" sizes=\"(max-width: 1500px) 100vw, 1500px\" \/><\/figure>\n\n<figure class=\"wp-block-image size-full\"><img loading=\"lazy\" decoding=\"async\" width=\"1500\" height=\"2210\" src=\"https:\/\/ayaneo.co\/wp-content\/uploads\/2024\/03\/AYANEO-AM02-MARKETING-DONE-11.jpg\" alt=\"AYANEO AM02 Marketing\" class=\"wp-image-610\" srcset=\"https:\/\/ayaneo.co\/wp-content\/uploads\/2024\/03\/AYANEO-AM02-MARKETING-DONE-11.jpg 1500w, https:\/\/ayaneo.co\/wp-content\/uploads\/2024\/03\/AYANEO-AM02-MARKETING-DONE-11-150x221.jpg 150w, https:\/\/ayaneo.co\/wp-content\/uploads\/2024\/03\/AYANEO-AM02-MARKETING-DONE-11-600x884.jpg 600w, https:\/\/ayaneo.co\/wp-content\/uploads\/2024\/03\/AYANEO-AM02-MARKETING-DONE-11-204x300.jpg 204w, https:\/\/ayaneo.co\/wp-content\/uploads\/2024\/03\/AYANEO-AM02-MARKETING-DONE-11-695x1024.jpg 695w, https:\/\/ayaneo.co\/wp-content\/uploads\/2024\/03\/AYANEO-AM02-MARKETING-DONE-11-768x1132.jpg 768w, https:\/\/ayaneo.co\/wp-content\/uploads\/2024\/03\/AYANEO-AM02-MARKETING-DONE-11-1043x1536.jpg 1043w, https:\/\/ayaneo.co\/wp-content\/uploads\/2024\/03\/AYANEO-AM02-MARKETING-DONE-11-1390x2048.jpg 1390w, https:\/\/ayaneo.co\/wp-content\/uploads\/2024\/03\/AYANEO-AM02-MARKETING-DONE-11-990x1459.jpg 990w, https:\/\/ayaneo.co\/wp-content\/uploads\/2024\/03\/AYANEO-AM02-MARKETING-DONE-11-441x650.jpg 441w\" sizes=\"(max-width: 1500px) 100vw, 1500px\" \/><\/figure>\n\n<figure class=\"wp-block-image size-full\"><img loading=\"lazy\" decoding=\"async\" width=\"1500\" height=\"2202\" src=\"https:\/\/ayaneo.co\/wp-content\/uploads\/2024\/03\/AYANEO-AM02-MARKETING-DONE-12.jpg\" alt=\"AYANEO AM02 Marketing\" class=\"wp-image-611\" srcset=\"https:\/\/ayaneo.co\/wp-content\/uploads\/2024\/03\/AYANEO-AM02-MARKETING-DONE-12.jpg 1500w, https:\/\/ayaneo.co\/wp-content\/uploads\/2024\/03\/AYANEO-AM02-MARKETING-DONE-12-150x220.jpg 150w, https:\/\/ayaneo.co\/wp-content\/uploads\/2024\/03\/AYANEO-AM02-MARKETING-DONE-12-600x881.jpg 600w, https:\/\/ayaneo.co\/wp-content\/uploads\/2024\/03\/AYANEO-AM02-MARKETING-DONE-12-204x300.jpg 204w, https:\/\/ayaneo.co\/wp-content\/uploads\/2024\/03\/AYANEO-AM02-MARKETING-DONE-12-698x1024.jpg 698w, https:\/\/ayaneo.co\/wp-content\/uploads\/2024\/03\/AYANEO-AM02-MARKETING-DONE-12-768x1127.jpg 768w, https:\/\/ayaneo.co\/wp-content\/uploads\/2024\/03\/AYANEO-AM02-MARKETING-DONE-12-1046x1536.jpg 1046w, https:\/\/ayaneo.co\/wp-content\/uploads\/2024\/03\/AYANEO-AM02-MARKETING-DONE-12-1395x2048.jpg 1395w, https:\/\/ayaneo.co\/wp-content\/uploads\/2024\/03\/AYANEO-AM02-MARKETING-DONE-12-990x1453.jpg 990w, https:\/\/ayaneo.co\/wp-content\/uploads\/2024\/03\/AYANEO-AM02-MARKETING-DONE-12-441x647.jpg 441w\" sizes=\"(max-width: 1500px) 100vw, 1500px\" \/><\/figure>\n\n<h3 class=\"wp-block-heading\"><br\/>D\u00e9couvrez le mini PC de jeu AYANEO AM02 : Un saut r\u00e9volutionnaire dans les centrales de jeux portables<\/h3>\n\n<p>Entrez dans la nouvelle \u00e8re de la technologie du jeu avec le mini PC de jeu AYANEO AM02, un appareil r\u00e9volutionnaire qui red\u00e9finit les attentes en mati\u00e8re de syst\u00e8mes de jeu compacts et portables. Plus qu&rsquo;un simple accessoire de jeu, ce mini PC repousse les limites des jeux de petite taille, en int\u00e9grant de mani\u00e8re transparente des composants haute performance dans un design innovant qui tient parfaitement dans vos mains. <\/p>\n\n<p>Dot\u00e9 d&rsquo;un \u00e9cran multifonction int\u00e9gr\u00e9 de 4 pouces contr\u00f4l\u00e9 par le logiciel AYA Space, de composants de premi\u00e8re qualit\u00e9 et d&rsquo;un design ergonomique \u00e9l\u00e9gant, le AYANEO AM02 est le choix ultime pour les passionn\u00e9s de jeux et les professionnels. Que vous soyez \u00e0 la maison ou en d\u00e9placement, ce mini PC vous garantit une exp\u00e9rience de jeu in\u00e9gal\u00e9e, marquant une \u00e9tape importante dans l&rsquo;\u00e9volution des mini PC de jeu. <\/p>\n\n<h3 class=\"wp-block-heading\">Pr\u00e9sentation du produit : Red\u00e9finir la portabilit\u00e9 et la performance<\/h3>\n\n<p>Le mini PC de jeu AYANEO AM02 n&rsquo;est pas un simple ajout au march\u00e9 du mat\u00e9riel de jeu ; il change la fa\u00e7on dont les joueurs per\u00e7oivent l&rsquo;\u00e9quilibre entre portabilit\u00e9 et performance. Gr\u00e2ce \u00e0 la combinaison d&rsquo;une faible consommation d&rsquo;\u00e9nergie et de hautes performances, cet appareil garantit des sessions de jeu prolong\u00e9es sans compromis. Son \u00e9cran multifonction int\u00e9gr\u00e9 de 4 pouces, am\u00e9lior\u00e9 par les donn\u00e9es en temps r\u00e9el du logiciel AYA Space, enrichit l&rsquo;exp\u00e9rience de jeu avec les statistiques vitales du syst\u00e8me et les mises \u00e0 jour de la m\u00e9t\u00e9o locale.  <\/p>\n\n<p>Ergonomiquement con\u00e7u pour s&rsquo;adapter \u00e0 tous les environnements, la taille compacte du AYANEO AM02 n&rsquo;enl\u00e8ve rien \u00e0 ses formidables capacit\u00e9s. Que ce soit dans un bureau \u00e0 domicile serein ou dans l&rsquo;agitation d&rsquo;un salon, ce mini PC de jeu excelle, promettant des performances de pointe sans sacrifier la commodit\u00e9. <\/p>\n\n<h3 class=\"wp-block-heading\">Caract\u00e9ristiques d\u00e9taill\u00e9es : La performance et au-del\u00e0<\/h3>\n\n<p>Performance : Au c\u0153ur du AYANEO AM02 se trouve le processeur AMD Ryzen 7 7840HS, associ\u00e9 au GPU AMD Radeon 780M, garantissant des exp\u00e9riences de jeu fluides et sans d\u00e9calage pour toute une s\u00e9rie de titres et d&rsquo;applications. Que vous vous attaquiez aux derniers titres AAA ou que vous utilisiez des logiciels exigeants en multit\u00e2che, ce mini PC de jeu offre des performances sans compromis. M\u00e9moire et stockage : Avec jusqu&rsquo;\u00e0 64 Go de RAM SO-DIMM DDR5 5600 MHz \u00e0 double canal et un stockage extensible jusqu&rsquo;\u00e0 8 To via un M.2 2280 PCIe 4.0 de 1 To SSD, le AYANEO AM02 garantit des chargements de jeux rapides comme l&rsquo;\u00e9clair et un stockage \u00e9tendu pour une vaste biblioth\u00e8que de jeux, assurant ainsi des jeux et une productivit\u00e9 ininterrompus. Exp\u00e9rience utilisateur : L&rsquo;exp\u00e9rience de l&rsquo;utilisateur : pour un jeu de qualit\u00e9 et au-del\u00e0    <\/p>\n\n<p>Le mini PC de jeu AYANEO AM02 am\u00e9liore l&rsquo;exp\u00e9rience de l&rsquo;utilisateur gr\u00e2ce \u00e0 une plate-forme polyvalente prenant en charge une large gamme de jeux, d&rsquo;applications et d&rsquo;\u00e9mulateurs Windows AAA. Fonctionnant sous Windows 11 Home, il offre une interface intuitive famili\u00e8re aux joueurs et aux professionnels. Les fonctions de connectivit\u00e9 telles que le Wi-Fi 6E, l&rsquo;Ethernet 2,5G et le Bluetooth 5.2 garantissent une connectivit\u00e9 transparente \u00e0 Internet, aux p\u00e9riph\u00e9riques et \u00e0 d&rsquo;autres appareils, ce qui rend l&rsquo;exp\u00e9rience de jeu plus immersive et plus accessible.  <\/p>\n\n<h3 class=\"wp-block-heading\">Conclusion : La porte vers de nouveaux horizons de jeu<\/h3>\n\n<p>Le mini PC de jeu AYANEO AM02 annonce l&rsquo;avenir du jeu, en combinant des performances, un design et des fonctionnalit\u00e9s in\u00e9gal\u00e9s dans un appareil compact et portable. Avec son \u00e9cran multifonction int\u00e9gr\u00e9 innovant et ses sp\u00e9cifications techniques robustes, ce mini PC de jeu est pr\u00eat \u00e0 r\u00e9volutionner le jeu en d\u00e9placement. Il ne s&rsquo;agit pas simplement d&rsquo;un appareil, mais d&rsquo;une passerelle vers de nouveaux horizons de jeu, invitant les utilisateurs \u00e0 embrasser \u00e0 la fois l&rsquo;avenir du jeu et la nostalgie des jeux classiques.  <\/p>\n\n<p>Ne manquez pas l&rsquo;occasion d&rsquo;\u00eatre \u00e0 la pointe de l&rsquo;innovation en mati\u00e8re de jeux. Pr\u00e9-commandez d\u00e8s aujourd&rsquo;hui votre mini PC de jeu AYANEO AM02 et assurez-vous d&rsquo;\u00eatre parmi les premiers \u00e0 d\u00e9couvrir le nec plus ultra en mati\u00e8re de puissance de jeu portable. Avec une disponibilit\u00e9 limit\u00e9e, c&rsquo;est votre chance d&rsquo;entrer dans l&rsquo;avenir du jeu avec un appareil aussi unique que puissant.  <\/p>\n","protected":false},"excerpt":{"rendered":"<ul>\n<li> <strong> Ryzen\u2122 7 7840HS<\/strong> \/ Radeon 780M<\/li>\n<li><strong>jusqu&rsquo;\u00e0 64GB<\/strong> DDR5 @ <strong>5600 MT\/s<\/strong><\/li>\n<li>jusqu<strong>&lsquo;\u00e0 4 To<\/strong> PCIe <strong>4.0<\/strong> M.2 haute vitesse 2280 SSD <\/li>\n<li><strong>\u00c9cran tactile<\/strong> 4&Prime; avec multifonction<\/li>\n<li>Prise en charge du WiFi <strong>6E<\/strong> et du Bluetooth <strong>5.2<\/strong> <\/li>\n<\/ul>\n[cg_accordion title=\"INFO PAIEMENT\"]<\/p>\n<p>Nous utilisons les derni\u00e8res technologies en mati\u00e8re de traitement des paiements, ce qui vous permet de r\u00e9gler vos achats via Apple Pay, Google Pay, votre carte de d\u00e9bit\/cr\u00e9dit, PayPal ou des m\u00e9thodes BNPL telles que Klarna, Affirm ou AfterPay pour une exp\u00e9rience rapide et s\u00e9curis\u00e9e.[\/cg_accordion]\n[cg_accordion title=\"GARANTIE\"]<\/p>\n<p>1 an de garantie de <a href=\"https:\/\/droix.net\/\" target=\"_blank\" rel=\"nofollow noopener\">DROIX Global<\/a> pour votre tranquillit\u00e9 d&rsquo;esprit[\/cg_accordion]\n[cg_accordion title=\"PRIX, TAXES ET FRAIS DE PORT\"]<\/p>\n<p><strong><u>Note :<\/u><\/strong><\/p>\n<ul>\n<li>Clients des \u00c9tats-Unis : Le prix affich\u00e9 n&rsquo;inclut pas les taxes ni les droits de douane. La responsabilit\u00e9 du d\u00e9douanement et du paiement des taxes et droits de douane incombe au client. <\/li>\n<li>Clients de l&rsquo;UE : Le prix affich\u00e9 inclut la TAXE applicable, qui peut s&rsquo;\u00e9lever jusqu&rsquo;\u00e0 25 % selon votre pays.<\/li>\n<li>Clients du Canada : Le prix affich\u00e9 comprend les taxes applicables, qui peuvent inclure la TPS de 5 % et des taxes de vente provinciales (TVP), la taxe de vente harmonis\u00e9e (TVH) ou la taxe de vente du Qu\u00e9bec (TVQ) suppl\u00e9mentaires, selon votre province.<\/li>\n<\/ul>\n<p><strong>Pour les clients de l&rsquo;UE SEULEMENT :<\/strong> Express DDP (Delivered Duty Paid). Cela signifie que : <\/p>\n<ul>\n<li>Tous les droits de douane et taxes sont inclus dans le prix affich\u00e9 sur la page du produit.<\/li>\n<li>Vous n&rsquo;aurez pas \u00e0 payer de frais suppl\u00e9mentaires \u00e0 la livraison.<\/li>\n<li>Dans les rares cas de probl\u00e8mes douaniers, notre \u00e9quipe s&rsquo;occupera de la proc\u00e9dure de d\u00e9douanement en votre nom afin d&rsquo;assurer une livraison sans probl\u00e8me.<\/li>\n<p>Informations importantes concernant les retours :<\/p>\n<li>Si vous d\u00e9cidez de retourner votre commande ou de demander un remboursement, sachez que les taxes et les droits pay\u00e9s en votre nom dans le cadre du programme DDP ne peuvent pas \u00eatre rembours\u00e9s.<\/li>\n<p>Veuillez vous r\u00e9f\u00e9rer \u00e0 nos <a href=\"https:\/\/ayaneo.co\/terms-of-service-2\/\" target=\"_blank\" rel=\"nofollow noopener\">conditions g\u00e9n\u00e9rales<\/a> pour plus d&rsquo;informations.\n<\/ul>\n<p>[\/cg_accordion]\n[cg_accordion title=\"SOUTIEN \u00c0 LA CLIENT\u00c8LE\"]<\/p>\n<p>Vous avez une question ? Il suffit d&rsquo;un petit texte pour que votre probl\u00e8me soit r\u00e9solu !<br \/>\n[\/cg_accordion]\n[cg_accordion title=\"Le paquet comprend\"]<\/p>\n<ul>\n<li>1x AYANEO AM02<\/li>\n<li>1x fiche d&rsquo;alimentation (UE\/US)<\/li>\n<li>1x C\u00e2ble USB Type-C<\/li>\n<li>1x c\u00e2ble HDMI<\/li>\n<li>2x Tournevis<\/li>\n<li>5x Vis (M2*3)<\/li>\n<li>1x Manuel de l&rsquo;utilisateur<\/li>\n<\/ul>\n<p>[\/cg_accordion]\n","protected":false},"featured_media":1554,"template":"","meta":{"_acf_changed":false},"product_brand":[],"product_cat":[367],"product_tag":[],"class_list":{"0":"post-2525","1":"product","2":"type-product","3":"status-publish","4":"has-post-thumbnail","6":"product_cat-mini-pcs-fr","7":"product_shipping_class-premium","8":"pa_brand-ayaneo","9":"pa_graphics-gpu-model-radeon-780m","10":"pa_processor-cpu-brand-amd","12":"first","13":"outofstock","14":"taxable","15":"shipping-taxable","16":"purchasable","17":"product-type-variable"},"acf":[],"_links":{"self":[{"href":"https:\/\/ayaneo.co\/fr\/wp-json\/wp\/v2\/product\/2525","targetHints":{"allow":["GET"]}}],"collection":[{"href":"https:\/\/ayaneo.co\/fr\/wp-json\/wp\/v2\/product"}],"about":[{"href":"https:\/\/ayaneo.co\/fr\/wp-json\/wp\/v2\/types\/product"}],"wp:featuredmedia":[{"embeddable":true,"href":"https:\/\/ayaneo.co\/fr\/wp-json\/wp\/v2\/media\/1554"}],"wp:attachment":[{"href":"https:\/\/ayaneo.co\/fr\/wp-json\/wp\/v2\/media?parent=2525"}],"wp:term":[{"taxonomy":"product_brand","embeddable":true,"href":"https:\/\/ayaneo.co\/fr\/wp-json\/wp\/v2\/product_brand?post=2525"},{"taxonomy":"product_cat","embeddable":true,"href":"https:\/\/ayaneo.co\/fr\/wp-json\/wp\/v2\/product_cat?post=2525"},{"taxonomy":"product_tag","embeddable":true,"href":"https:\/\/ayaneo.co\/fr\/wp-json\/wp\/v2\/product_tag?post=2525"}],"curies":[{"name":"wp","href":"https:\/\/api.w.org\/{rel}","templated":true}]}}