{"id":2550,"date":"2024-03-20T16:50:22","date_gmt":"2024-03-20T16:50:22","guid":{"rendered":"https:\/\/ayaneo.co\/product\/ayaneo-flip-kb-ds\/"},"modified":"2025-04-11T12:14:52","modified_gmt":"2025-04-11T12:14:52","slug":"ayaneo-flip-kb-ds","status":"publish","type":"product","link":"https:\/\/ayaneo.co\/fr\/product\/ayaneo-flip-kb-ds\/","title":{"rendered":"AYANEO FLIP KB \/ DS"},"content":{"rendered":"\n<figure class=\"wp-block-image size-full\"><img fetchpriority=\"high\" decoding=\"async\" width=\"1500\" height=\"846\" src=\"https:\/\/ayaneo.co\/wp-content\/uploads\/2024\/03\/AYANEO-FLIP-KB-MARKETING-DONE-02.jpg\" alt=\"AYANEO FLIP Marketing\" class=\"wp-image-557\" srcset=\"https:\/\/ayaneo.co\/wp-content\/uploads\/2024\/03\/AYANEO-FLIP-KB-MARKETING-DONE-02.jpg 1500w, https:\/\/ayaneo.co\/wp-content\/uploads\/2024\/03\/AYANEO-FLIP-KB-MARKETING-DONE-02-150x85.jpg 150w, https:\/\/ayaneo.co\/wp-content\/uploads\/2024\/03\/AYANEO-FLIP-KB-MARKETING-DONE-02-600x338.jpg 600w, https:\/\/ayaneo.co\/wp-content\/uploads\/2024\/03\/AYANEO-FLIP-KB-MARKETING-DONE-02-300x169.jpg 300w, https:\/\/ayaneo.co\/wp-content\/uploads\/2024\/03\/AYANEO-FLIP-KB-MARKETING-DONE-02-1024x578.jpg 1024w, https:\/\/ayaneo.co\/wp-content\/uploads\/2024\/03\/AYANEO-FLIP-KB-MARKETING-DONE-02-768x433.jpg 768w, https:\/\/ayaneo.co\/wp-content\/uploads\/2024\/03\/AYANEO-FLIP-KB-MARKETING-DONE-02-990x558.jpg 990w, https:\/\/ayaneo.co\/wp-content\/uploads\/2024\/03\/AYANEO-FLIP-KB-MARKETING-DONE-02-441x249.jpg 441w\" sizes=\"(max-width: 1500px) 100vw, 1500px\" \/><\/figure>\n\n<figure class=\"wp-block-image size-full\"><img decoding=\"async\" width=\"1500\" height=\"1346\" src=\"https:\/\/ayaneo.co\/wp-content\/uploads\/2024\/03\/AYANEO-FLIP-DS-MARKETING-DONE-03.png\" alt=\"AYANEO FLIP Marketing\" class=\"wp-image-558\" srcset=\"https:\/\/ayaneo.co\/wp-content\/uploads\/2024\/03\/AYANEO-FLIP-DS-MARKETING-DONE-03.png 1500w, https:\/\/ayaneo.co\/wp-content\/uploads\/2024\/03\/AYANEO-FLIP-DS-MARKETING-DONE-03-150x135.png 150w, https:\/\/ayaneo.co\/wp-content\/uploads\/2024\/03\/AYANEO-FLIP-DS-MARKETING-DONE-03-600x538.png 600w, https:\/\/ayaneo.co\/wp-content\/uploads\/2024\/03\/AYANEO-FLIP-DS-MARKETING-DONE-03-300x269.png 300w, https:\/\/ayaneo.co\/wp-content\/uploads\/2024\/03\/AYANEO-FLIP-DS-MARKETING-DONE-03-1024x919.png 1024w, https:\/\/ayaneo.co\/wp-content\/uploads\/2024\/03\/AYANEO-FLIP-DS-MARKETING-DONE-03-768x689.png 768w, https:\/\/ayaneo.co\/wp-content\/uploads\/2024\/03\/AYANEO-FLIP-DS-MARKETING-DONE-03-990x888.png 990w, https:\/\/ayaneo.co\/wp-content\/uploads\/2024\/03\/AYANEO-FLIP-DS-MARKETING-DONE-03-441x396.png 441w\" sizes=\"(max-width: 1500px) 100vw, 1500px\" \/><\/figure>\n\n<figure class=\"wp-block-image size-full\"><img decoding=\"async\" width=\"1500\" height=\"1004\" src=\"https:\/\/ayaneo.co\/wp-content\/uploads\/2024\/03\/AYANEO-FLIP-DS-MARKETING-DONE-02.png\" alt=\"AYANEO FLIP Marketing\" class=\"wp-image-559\" srcset=\"https:\/\/ayaneo.co\/wp-content\/uploads\/2024\/03\/AYANEO-FLIP-DS-MARKETING-DONE-02.png 1500w, https:\/\/ayaneo.co\/wp-content\/uploads\/2024\/03\/AYANEO-FLIP-DS-MARKETING-DONE-02-150x100.png 150w, https:\/\/ayaneo.co\/wp-content\/uploads\/2024\/03\/AYANEO-FLIP-DS-MARKETING-DONE-02-600x402.png 600w, https:\/\/ayaneo.co\/wp-content\/uploads\/2024\/03\/AYANEO-FLIP-DS-MARKETING-DONE-02-300x201.png 300w, https:\/\/ayaneo.co\/wp-content\/uploads\/2024\/03\/AYANEO-FLIP-DS-MARKETING-DONE-02-1024x685.png 1024w, https:\/\/ayaneo.co\/wp-content\/uploads\/2024\/03\/AYANEO-FLIP-DS-MARKETING-DONE-02-768x514.png 768w, https:\/\/ayaneo.co\/wp-content\/uploads\/2024\/03\/AYANEO-FLIP-DS-MARKETING-DONE-02-990x663.png 990w, https:\/\/ayaneo.co\/wp-content\/uploads\/2024\/03\/AYANEO-FLIP-DS-MARKETING-DONE-02-441x295.png 441w\" sizes=\"(max-width: 1500px) 100vw, 1500px\" \/><\/figure>\n\n<figure class=\"wp-block-image size-full\"><img loading=\"lazy\" decoding=\"async\" width=\"1500\" height=\"992\" src=\"https:\/\/ayaneo.co\/wp-content\/uploads\/2024\/03\/AYANEO-FLIP-KB-MARKETING-DONE-05.jpg\" alt=\"AYANEO FLIP Marketing\" class=\"wp-image-560\" srcset=\"https:\/\/ayaneo.co\/wp-content\/uploads\/2024\/03\/AYANEO-FLIP-KB-MARKETING-DONE-05.jpg 1500w, https:\/\/ayaneo.co\/wp-content\/uploads\/2024\/03\/AYANEO-FLIP-KB-MARKETING-DONE-05-150x99.jpg 150w, https:\/\/ayaneo.co\/wp-content\/uploads\/2024\/03\/AYANEO-FLIP-KB-MARKETING-DONE-05-600x397.jpg 600w, https:\/\/ayaneo.co\/wp-content\/uploads\/2024\/03\/AYANEO-FLIP-KB-MARKETING-DONE-05-300x198.jpg 300w, https:\/\/ayaneo.co\/wp-content\/uploads\/2024\/03\/AYANEO-FLIP-KB-MARKETING-DONE-05-1024x677.jpg 1024w, https:\/\/ayaneo.co\/wp-content\/uploads\/2024\/03\/AYANEO-FLIP-KB-MARKETING-DONE-05-768x508.jpg 768w, https:\/\/ayaneo.co\/wp-content\/uploads\/2024\/03\/AYANEO-FLIP-KB-MARKETING-DONE-05-990x655.jpg 990w, https:\/\/ayaneo.co\/wp-content\/uploads\/2024\/03\/AYANEO-FLIP-KB-MARKETING-DONE-05-441x292.jpg 441w\" sizes=\"(max-width: 1500px) 100vw, 1500px\" \/><\/figure>\n\n<figure class=\"wp-block-image size-full\"><img loading=\"lazy\" decoding=\"async\" width=\"1500\" height=\"1587\" src=\"https:\/\/ayaneo.co\/wp-content\/uploads\/2024\/03\/AYANEO-FLIP-KB-MARKETING-DONE-06.jpg\" alt=\"AYANEO FLIP Marketing\" class=\"wp-image-561\" srcset=\"https:\/\/ayaneo.co\/wp-content\/uploads\/2024\/03\/AYANEO-FLIP-KB-MARKETING-DONE-06.jpg 1500w, https:\/\/ayaneo.co\/wp-content\/uploads\/2024\/03\/AYANEO-FLIP-KB-MARKETING-DONE-06-150x159.jpg 150w, https:\/\/ayaneo.co\/wp-content\/uploads\/2024\/03\/AYANEO-FLIP-KB-MARKETING-DONE-06-600x635.jpg 600w, https:\/\/ayaneo.co\/wp-content\/uploads\/2024\/03\/AYANEO-FLIP-KB-MARKETING-DONE-06-284x300.jpg 284w, https:\/\/ayaneo.co\/wp-content\/uploads\/2024\/03\/AYANEO-FLIP-KB-MARKETING-DONE-06-968x1024.jpg 968w, https:\/\/ayaneo.co\/wp-content\/uploads\/2024\/03\/AYANEO-FLIP-KB-MARKETING-DONE-06-768x813.jpg 768w, https:\/\/ayaneo.co\/wp-content\/uploads\/2024\/03\/AYANEO-FLIP-KB-MARKETING-DONE-06-1452x1536.jpg 1452w, https:\/\/ayaneo.co\/wp-content\/uploads\/2024\/03\/AYANEO-FLIP-KB-MARKETING-DONE-06-990x1047.jpg 990w, https:\/\/ayaneo.co\/wp-content\/uploads\/2024\/03\/AYANEO-FLIP-KB-MARKETING-DONE-06-441x467.jpg 441w\" sizes=\"(max-width: 1500px) 100vw, 1500px\" \/><\/figure>\n\n<figure class=\"wp-block-image size-large\"><img loading=\"lazy\" decoding=\"async\" width=\"1024\" height=\"591\" src=\"https:\/\/ayaneo.co\/wp-content\/uploads\/2024\/03\/AYANEO-FLIP-DS-MARKETING-DONE-06-1024x591.png\" alt=\"AYANEO FLIP Marketing\" class=\"wp-image-562\" srcset=\"https:\/\/ayaneo.co\/wp-content\/uploads\/2024\/03\/AYANEO-FLIP-DS-MARKETING-DONE-06-1024x591.png 1024w, https:\/\/ayaneo.co\/wp-content\/uploads\/2024\/03\/AYANEO-FLIP-DS-MARKETING-DONE-06-150x87.png 150w, https:\/\/ayaneo.co\/wp-content\/uploads\/2024\/03\/AYANEO-FLIP-DS-MARKETING-DONE-06-600x346.png 600w, https:\/\/ayaneo.co\/wp-content\/uploads\/2024\/03\/AYANEO-FLIP-DS-MARKETING-DONE-06-300x173.png 300w, https:\/\/ayaneo.co\/wp-content\/uploads\/2024\/03\/AYANEO-FLIP-DS-MARKETING-DONE-06-768x443.png 768w, https:\/\/ayaneo.co\/wp-content\/uploads\/2024\/03\/AYANEO-FLIP-DS-MARKETING-DONE-06-990x572.png 990w, https:\/\/ayaneo.co\/wp-content\/uploads\/2024\/03\/AYANEO-FLIP-DS-MARKETING-DONE-06-441x255.png 441w, https:\/\/ayaneo.co\/wp-content\/uploads\/2024\/03\/AYANEO-FLIP-DS-MARKETING-DONE-06.png 1500w\" sizes=\"(max-width: 1024px) 100vw, 1024px\" \/><\/figure>\n\n<figure class=\"wp-block-image size-large\"><img loading=\"lazy\" decoding=\"async\" width=\"855\" height=\"1024\" src=\"https:\/\/ayaneo.co\/wp-content\/uploads\/2024\/03\/AYANEO-FLIP-KB-MARKETING-DONE-09-855x1024.jpg\" alt=\"AYANEO FLIP Marketing\" class=\"wp-image-563\" srcset=\"https:\/\/ayaneo.co\/wp-content\/uploads\/2024\/03\/AYANEO-FLIP-KB-MARKETING-DONE-09-855x1024.jpg 855w, https:\/\/ayaneo.co\/wp-content\/uploads\/2024\/03\/AYANEO-FLIP-KB-MARKETING-DONE-09-150x180.jpg 150w, https:\/\/ayaneo.co\/wp-content\/uploads\/2024\/03\/AYANEO-FLIP-KB-MARKETING-DONE-09-600x719.jpg 600w, https:\/\/ayaneo.co\/wp-content\/uploads\/2024\/03\/AYANEO-FLIP-KB-MARKETING-DONE-09-250x300.jpg 250w, https:\/\/ayaneo.co\/wp-content\/uploads\/2024\/03\/AYANEO-FLIP-KB-MARKETING-DONE-09-768x920.jpg 768w, https:\/\/ayaneo.co\/wp-content\/uploads\/2024\/03\/AYANEO-FLIP-KB-MARKETING-DONE-09-1282x1536.jpg 1282w, https:\/\/ayaneo.co\/wp-content\/uploads\/2024\/03\/AYANEO-FLIP-KB-MARKETING-DONE-09-990x1186.jpg 990w, https:\/\/ayaneo.co\/wp-content\/uploads\/2024\/03\/AYANEO-FLIP-KB-MARKETING-DONE-09-441x528.jpg 441w, https:\/\/ayaneo.co\/wp-content\/uploads\/2024\/03\/AYANEO-FLIP-KB-MARKETING-DONE-09.jpg 1500w\" sizes=\"(max-width: 855px) 100vw, 855px\" \/><\/figure>\n\n<figure class=\"wp-block-image size-full\"><img loading=\"lazy\" decoding=\"async\" width=\"1500\" height=\"2091\" src=\"https:\/\/ayaneo.co\/wp-content\/uploads\/2024\/03\/AYANEO-FLIP-KB-MARKETING-DONE-11.jpg\" alt=\"AYANEO FLIP Marketing\" class=\"wp-image-564\" srcset=\"https:\/\/ayaneo.co\/wp-content\/uploads\/2024\/03\/AYANEO-FLIP-KB-MARKETING-DONE-11.jpg 1500w, https:\/\/ayaneo.co\/wp-content\/uploads\/2024\/03\/AYANEO-FLIP-KB-MARKETING-DONE-11-150x209.jpg 150w, https:\/\/ayaneo.co\/wp-content\/uploads\/2024\/03\/AYANEO-FLIP-KB-MARKETING-DONE-11-600x836.jpg 600w, https:\/\/ayaneo.co\/wp-content\/uploads\/2024\/03\/AYANEO-FLIP-KB-MARKETING-DONE-11-215x300.jpg 215w, https:\/\/ayaneo.co\/wp-content\/uploads\/2024\/03\/AYANEO-FLIP-KB-MARKETING-DONE-11-735x1024.jpg 735w, https:\/\/ayaneo.co\/wp-content\/uploads\/2024\/03\/AYANEO-FLIP-KB-MARKETING-DONE-11-768x1071.jpg 768w, https:\/\/ayaneo.co\/wp-content\/uploads\/2024\/03\/AYANEO-FLIP-KB-MARKETING-DONE-11-1102x1536.jpg 1102w, https:\/\/ayaneo.co\/wp-content\/uploads\/2024\/03\/AYANEO-FLIP-KB-MARKETING-DONE-11-1469x2048.jpg 1469w, https:\/\/ayaneo.co\/wp-content\/uploads\/2024\/03\/AYANEO-FLIP-KB-MARKETING-DONE-11-990x1380.jpg 990w, https:\/\/ayaneo.co\/wp-content\/uploads\/2024\/03\/AYANEO-FLIP-KB-MARKETING-DONE-11-441x615.jpg 441w\" sizes=\"(max-width: 1500px) 100vw, 1500px\" \/><\/figure>\n\n<figure class=\"wp-block-image size-full\"><img loading=\"lazy\" decoding=\"async\" width=\"1500\" height=\"2353\" src=\"https:\/\/ayaneo.co\/wp-content\/uploads\/2024\/03\/AYANEO-FLIP-KB-MARKETING-DONE-12.jpg\" alt=\"AYANEO FLIP Marketing\" class=\"wp-image-565\" srcset=\"https:\/\/ayaneo.co\/wp-content\/uploads\/2024\/03\/AYANEO-FLIP-KB-MARKETING-DONE-12.jpg 1500w, https:\/\/ayaneo.co\/wp-content\/uploads\/2024\/03\/AYANEO-FLIP-KB-MARKETING-DONE-12-150x235.jpg 150w, https:\/\/ayaneo.co\/wp-content\/uploads\/2024\/03\/AYANEO-FLIP-KB-MARKETING-DONE-12-600x941.jpg 600w, https:\/\/ayaneo.co\/wp-content\/uploads\/2024\/03\/AYANEO-FLIP-KB-MARKETING-DONE-12-191x300.jpg 191w, https:\/\/ayaneo.co\/wp-content\/uploads\/2024\/03\/AYANEO-FLIP-KB-MARKETING-DONE-12-653x1024.jpg 653w, https:\/\/ayaneo.co\/wp-content\/uploads\/2024\/03\/AYANEO-FLIP-KB-MARKETING-DONE-12-768x1205.jpg 768w, https:\/\/ayaneo.co\/wp-content\/uploads\/2024\/03\/AYANEO-FLIP-KB-MARKETING-DONE-12-979x1536.jpg 979w, https:\/\/ayaneo.co\/wp-content\/uploads\/2024\/03\/AYANEO-FLIP-KB-MARKETING-DONE-12-1306x2048.jpg 1306w, https:\/\/ayaneo.co\/wp-content\/uploads\/2024\/03\/AYANEO-FLIP-KB-MARKETING-DONE-12-990x1553.jpg 990w, https:\/\/ayaneo.co\/wp-content\/uploads\/2024\/03\/AYANEO-FLIP-KB-MARKETING-DONE-12-441x692.jpg 441w\" sizes=\"(max-width: 1500px) 100vw, 1500px\" \/><\/figure>\n\n<figure class=\"wp-block-image size-full\"><img loading=\"lazy\" decoding=\"async\" width=\"1500\" height=\"830\" src=\"https:\/\/ayaneo.co\/wp-content\/uploads\/2024\/03\/AYANEO-FLIP-KB-MARKETING-DONE-15.jpg\" alt=\"AYANEO FLIP Marketing\" class=\"wp-image-566\" srcset=\"https:\/\/ayaneo.co\/wp-content\/uploads\/2024\/03\/AYANEO-FLIP-KB-MARKETING-DONE-15.jpg 1500w, https:\/\/ayaneo.co\/wp-content\/uploads\/2024\/03\/AYANEO-FLIP-KB-MARKETING-DONE-15-150x83.jpg 150w, https:\/\/ayaneo.co\/wp-content\/uploads\/2024\/03\/AYANEO-FLIP-KB-MARKETING-DONE-15-600x332.jpg 600w, https:\/\/ayaneo.co\/wp-content\/uploads\/2024\/03\/AYANEO-FLIP-KB-MARKETING-DONE-15-300x166.jpg 300w, https:\/\/ayaneo.co\/wp-content\/uploads\/2024\/03\/AYANEO-FLIP-KB-MARKETING-DONE-15-1024x567.jpg 1024w, https:\/\/ayaneo.co\/wp-content\/uploads\/2024\/03\/AYANEO-FLIP-KB-MARKETING-DONE-15-768x425.jpg 768w, https:\/\/ayaneo.co\/wp-content\/uploads\/2024\/03\/AYANEO-FLIP-KB-MARKETING-DONE-15-990x548.jpg 990w, https:\/\/ayaneo.co\/wp-content\/uploads\/2024\/03\/AYANEO-FLIP-KB-MARKETING-DONE-15-441x244.jpg 441w\" sizes=\"(max-width: 1500px) 100vw, 1500px\" \/><\/figure>\n\n<figure class=\"wp-block-image size-full\"><img loading=\"lazy\" decoding=\"async\" width=\"1500\" height=\"1364\" src=\"https:\/\/ayaneo.co\/wp-content\/uploads\/2024\/03\/AYANEO-FLIP-KB-MARKETING-DONE-19.jpg\" alt=\"AYANEO FLIP Marketing\" class=\"wp-image-567\" srcset=\"https:\/\/ayaneo.co\/wp-content\/uploads\/2024\/03\/AYANEO-FLIP-KB-MARKETING-DONE-19.jpg 1500w, https:\/\/ayaneo.co\/wp-content\/uploads\/2024\/03\/AYANEO-FLIP-KB-MARKETING-DONE-19-150x136.jpg 150w, https:\/\/ayaneo.co\/wp-content\/uploads\/2024\/03\/AYANEO-FLIP-KB-MARKETING-DONE-19-600x546.jpg 600w, https:\/\/ayaneo.co\/wp-content\/uploads\/2024\/03\/AYANEO-FLIP-KB-MARKETING-DONE-19-300x273.jpg 300w, https:\/\/ayaneo.co\/wp-content\/uploads\/2024\/03\/AYANEO-FLIP-KB-MARKETING-DONE-19-1024x931.jpg 1024w, https:\/\/ayaneo.co\/wp-content\/uploads\/2024\/03\/AYANEO-FLIP-KB-MARKETING-DONE-19-768x698.jpg 768w, https:\/\/ayaneo.co\/wp-content\/uploads\/2024\/03\/AYANEO-FLIP-KB-MARKETING-DONE-19-990x900.jpg 990w, https:\/\/ayaneo.co\/wp-content\/uploads\/2024\/03\/AYANEO-FLIP-KB-MARKETING-DONE-19-441x401.jpg 441w\" sizes=\"(max-width: 1500px) 100vw, 1500px\" \/><\/figure>\n\n<figure class=\"wp-block-image size-full\"><img loading=\"lazy\" decoding=\"async\" width=\"1500\" height=\"1080\" src=\"https:\/\/ayaneo.co\/wp-content\/uploads\/2024\/03\/AYANEO-FLIP-DS-MARKETING-DONE-09.png\" alt=\"AYANEO FLIP Marketing\" class=\"wp-image-568\" srcset=\"https:\/\/ayaneo.co\/wp-content\/uploads\/2024\/03\/AYANEO-FLIP-DS-MARKETING-DONE-09.png 1500w, https:\/\/ayaneo.co\/wp-content\/uploads\/2024\/03\/AYANEO-FLIP-DS-MARKETING-DONE-09-150x108.png 150w, https:\/\/ayaneo.co\/wp-content\/uploads\/2024\/03\/AYANEO-FLIP-DS-MARKETING-DONE-09-600x432.png 600w, https:\/\/ayaneo.co\/wp-content\/uploads\/2024\/03\/AYANEO-FLIP-DS-MARKETING-DONE-09-300x216.png 300w, https:\/\/ayaneo.co\/wp-content\/uploads\/2024\/03\/AYANEO-FLIP-DS-MARKETING-DONE-09-1024x737.png 1024w, https:\/\/ayaneo.co\/wp-content\/uploads\/2024\/03\/AYANEO-FLIP-DS-MARKETING-DONE-09-768x553.png 768w, https:\/\/ayaneo.co\/wp-content\/uploads\/2024\/03\/AYANEO-FLIP-DS-MARKETING-DONE-09-990x713.png 990w, https:\/\/ayaneo.co\/wp-content\/uploads\/2024\/03\/AYANEO-FLIP-DS-MARKETING-DONE-09-441x318.png 441w\" sizes=\"(max-width: 1500px) 100vw, 1500px\" \/><\/figure>\n\n<figure class=\"wp-block-image size-full\"><img loading=\"lazy\" decoding=\"async\" width=\"1500\" height=\"898\" src=\"https:\/\/ayaneo.co\/wp-content\/uploads\/2024\/03\/AYANEO-FLIP-DS-MARKETING-DONE-10.png\" alt=\"AYANEO FLIP Marketing\" class=\"wp-image-569\" srcset=\"https:\/\/ayaneo.co\/wp-content\/uploads\/2024\/03\/AYANEO-FLIP-DS-MARKETING-DONE-10.png 1500w, https:\/\/ayaneo.co\/wp-content\/uploads\/2024\/03\/AYANEO-FLIP-DS-MARKETING-DONE-10-150x90.png 150w, https:\/\/ayaneo.co\/wp-content\/uploads\/2024\/03\/AYANEO-FLIP-DS-MARKETING-DONE-10-600x359.png 600w, https:\/\/ayaneo.co\/wp-content\/uploads\/2024\/03\/AYANEO-FLIP-DS-MARKETING-DONE-10-300x180.png 300w, https:\/\/ayaneo.co\/wp-content\/uploads\/2024\/03\/AYANEO-FLIP-DS-MARKETING-DONE-10-1024x613.png 1024w, https:\/\/ayaneo.co\/wp-content\/uploads\/2024\/03\/AYANEO-FLIP-DS-MARKETING-DONE-10-768x460.png 768w, https:\/\/ayaneo.co\/wp-content\/uploads\/2024\/03\/AYANEO-FLIP-DS-MARKETING-DONE-10-990x593.png 990w, https:\/\/ayaneo.co\/wp-content\/uploads\/2024\/03\/AYANEO-FLIP-DS-MARKETING-DONE-10-441x264.png 441w\" sizes=\"(max-width: 1500px) 100vw, 1500px\" \/><\/figure>\n\n<h3 class=\"wp-block-heading\" id=\"h-introducing-the-ayaneo-flip-revolutionizing-handheld-gaming-pcs\">Pr\u00e9sentation du AYANEO Flip : R\u00e9volutionner les PC de jeu portables<\/h3>\n\n<p>Dans le domaine dynamique des jeux, le AYANEO Flip repr\u00e9sente une avanc\u00e9e r\u00e9volutionnaire, offrant aux joueurs une fusion entre la mobilit\u00e9 et les jeux de haute performance comme jamais auparavant. Ce PC portable \u00e0 clapet innovant se distingue par son mod\u00e8le DS \u00e0 double \u00e9cran et son mod\u00e8le KB \u00e9quip\u00e9 d&rsquo;un clavier, pour r\u00e9pondre aux besoins des joueurs qui privil\u00e9gient \u00e0 la fois la portabilit\u00e9 et la puissance. Red\u00e9finissant les normes du jeu sur ordinateur de poche, le AYANEO Flip offre des fonctionnalit\u00e9s de pointe qui s&rsquo;adressent \u00e0 la fois aux amateurs de jeux classiques et aux joueurs modernes \u00e0 la recherche d&rsquo;exp\u00e9riences de jeu in\u00e9gal\u00e9es en d\u00e9placement.  <\/p>\n\n<h3 class=\"wp-block-heading\">Pr\u00e9sentation du produit : Le nec plus ultra du jeu portable<\/h3>\n\n<p>Le AYANEO Flip redessine le paysage des PC de jeu portables en associant de mani\u00e8re transparente des performances robustes \u00e0 une consommation d&rsquo;\u00e9nergie minimale. Aliment\u00e9 par un processeur AMD Ryzen 7 7840U, cet appareil offre des exp\u00e9riences de jeu de niveau bureau dans un bo\u00eetier compact. Choisissez entre le mod\u00e8le DS, dot\u00e9 d&rsquo;un double \u00e9cran de 3,5&Prime; IPS pour am\u00e9liorer le jeu et la productivit\u00e9, et le mod\u00e8le KB, qui int\u00e8gre un clavier pour une navigation et une communication transparentes.  <\/p>\n\n<p>Ce PC de jeu portable excelle non seulement en termes de performances, mais aussi d&rsquo;ergonomie et de portabilit\u00e9, ce qui le rend parfait pour jouer dans n&rsquo;importe quel environnement. Dot\u00e9 d&rsquo;un \u00e9cran principal dynamique de 7 pouces 1080P IPS, d&rsquo;une m\u00e9moire vive LPDDR5X pouvant atteindre 64 Go et d&rsquo;un espace de stockage PCIe 4.0 SSD pouvant aller jusqu&rsquo;\u00e0 2 To, le AYANEO Flip garantit un jeu fluide et une grande polyvalence tout en conservant un design \u00e9l\u00e9gant et l\u00e9ger. <\/p>\n\n<h3 class=\"wp-block-heading\">Caract\u00e9ristiques d\u00e9taill\u00e9es : Con\u00e7u pour l&rsquo;excellence<\/h3>\n\n<p>Performance : Le AYANEO Flip offre des performances exceptionnelles gr\u00e2ce \u00e0 son processeur AMD Ryzen 7 7840U ou AMD Ryzen 7 8840U et son GPU 780M, avec une puissance de 28W TDP pour des exp\u00e9riences de jeu immersives \u00e0 travers divers titres. Avec un taux de rafra\u00eechissement de l&rsquo;\u00e9cran principal de 120 Hz et une gamme de couleurs sRGB \u00e0 100 %, les images sont \u00e9clatantes et fluides, tandis que le second \u00e9cran en option sur le mod\u00e8le DS am\u00e9liore le multit\u00e2che et les commandes de jeu. <\/p>\n\n<p>M\u00e9moire et stockage : Repoussant les limites du jeu portable, le AYANEO Flip propose des configurations avec jusqu&rsquo;\u00e0 64 Go de RAM pour des temps de chargement rapides et un gameplay fluide. Le g\u00e9n\u00e9reux disque dur de 2 To SSD offre suffisamment d&rsquo;espace pour stocker une vaste biblioth\u00e8que de jeux. <\/p>\n\n<h3 class=\"wp-block-heading\">Exp\u00e9rience utilisateur : Adapt\u00e9e aux besoins des joueurs<\/h3>\n\n<p>En utilisant le AYANEO Flip, vous avez l&rsquo;impression de manier l&rsquo;avenir du jeu. Ex\u00e9cutant Windows OS, il prend en charge un vaste \u00e9ventail de jeux, d&rsquo;applications et d&rsquo;\u00e9mulateurs, ce qui en fait un outil polyvalent pour le divertissement et la productivit\u00e9. Avec des ports USB 4 Type-C, un lecteur de cartes MicroSD UHS-II, le Wi-Fi 6E, le Bluetooth 5.2 et la prise en charge d&rsquo;OcuLink, la connectivit\u00e9 est transparente et robuste, permettant des performances de jeu dignes d&rsquo;un ordinateur de bureau avec la station d&rsquo;accueil GPD G1 2024 eGPU.  <\/p>\n\n<p>Pour les utilisateurs du mod\u00e8le DS, la configuration \u00e0 double \u00e9cran am\u00e9liore \u00e0 la fois les jeux et la productivit\u00e9, tandis que le mod\u00e8le KB est plus efficace gr\u00e2ce \u00e0 son clavier int\u00e9gr\u00e9.<\/p>\n\n<h3 class=\"wp-block-heading\">Conclusion : Une nouvelle \u00e8re pour les jeux portables<\/h3>\n\n<p>Le AYANEO Flip repr\u00e9sente une avanc\u00e9e significative dans le domaine des PC de jeu compacts, combinant des performances in\u00e9gal\u00e9es, un design innovant et des fonctionnalit\u00e9s. Il \u00e9tablit une nouvelle norme pour les jeux portables, o\u00f9 la mobilit\u00e9, les performances et le design convergent pour offrir une exp\u00e9rience de jeu in\u00e9gal\u00e9e. <\/p>\n\n<p>Ne manquez pas l&rsquo;occasion d&rsquo;\u00eatre \u00e0 la pointe de l&rsquo;innovation en mati\u00e8re de jeux portables. Que vous soyez un amateur de jeux classiques ou un joueur moderne \u00e0 la recherche de la console de jeu portable ultime, le Flip AYANEO offre quelque chose d&rsquo;extraordinaire pour tout le monde. Pr\u00e9-commandez d\u00e8s maintenant et assurez votre place dans la r\u00e9volution du jeu avec AYANEO Flip. La disponibilit\u00e9 est limit\u00e9e, alors agissez rapidement pour embrasser l&rsquo;avenir du jeu.   <\/p>\n","protected":false},"excerpt":{"rendered":"<ul>\n<li>AMD Ryzen\u2122 7<strong> 8840U<\/strong> et Radeon 780M<\/li>\n<li><strong>jusqu&rsquo;\u00e0 64GB<\/strong> LPDDR5X @ <strong>6400 MT\/s<\/strong><\/li>\n<li><strong>jusqu&rsquo;\u00e0 2 To<\/strong> PCIe <strong>4.0<\/strong> M.2 2230 \u00e0 haute vitesse SSD <\/li>\n<li>\u00c9cran tactile 7&Prime;<strong> 120Hz<\/strong> IPS 1080P<strong> 400 nits<\/strong> <\/li>\n<li>Prise en charge du WiFi <strong>6E<\/strong> et du Bluetooth <strong>5.2<\/strong> <\/li>\n<\/ul>\n[cg_accordion title=\"INFO PAIEMENT\"]<\/p>\n<p>Nous utilisons les derni\u00e8res technologies en mati\u00e8re de traitement des paiements, ce qui vous permet de r\u00e9gler vos achats via Apple Pay, Google Pay, votre carte de d\u00e9bit\/cr\u00e9dit, PayPal ou des m\u00e9thodes BNPL telles que Klarna, Affirm ou AfterPay pour une exp\u00e9rience rapide et s\u00e9curis\u00e9e.[\/cg_accordion]\n[cg_accordion title=\"GARANTIE\"]<\/p>\n<p>1 an de garantie de <a href=\"https:\/\/droix.net\/\" target=\"_blank\" rel=\"nofollow noopener\">DROIX Global<\/a> pour votre tranquillit\u00e9 d&rsquo;esprit[\/cg_accordion]\n[cg_accordion title=\"PRIX, TAXES ET FRAIS DE PORT\"]<\/p>\n<p><strong><u>Note :<\/u><\/strong><\/p>\n<ul>\n<li>Clients des \u00c9tats-Unis : Le prix affich\u00e9 n&rsquo;inclut pas les taxes ni les droits de douane. La responsabilit\u00e9 du d\u00e9douanement et du paiement des taxes et droits de douane incombe au client. <\/li>\n<li>Clients de l&rsquo;UE : Le prix affich\u00e9 inclut la TAXE applicable, qui peut s&rsquo;\u00e9lever jusqu&rsquo;\u00e0 25 % selon votre pays.<\/li>\n<li>Clients du Canada : Le prix affich\u00e9 comprend les taxes applicables, qui peuvent inclure la TPS de 5 % et des taxes de vente provinciales (TVP), la taxe de vente harmonis\u00e9e (TVH) ou la taxe de vente du Qu\u00e9bec (TVQ) suppl\u00e9mentaires, selon votre province.<\/li>\n<\/ul>\n<p><strong>Pour les clients de l&rsquo;UE SEULEMENT :<\/strong> Express DDP (Delivered Duty Paid). Cela signifie que : <\/p>\n<ul>\n<li>Tous les droits de douane et taxes sont inclus dans le prix affich\u00e9 sur la page du produit.<\/li>\n<li>Vous n&rsquo;aurez pas \u00e0 payer de frais suppl\u00e9mentaires \u00e0 la livraison.<\/li>\n<li>Dans les rares cas de probl\u00e8mes douaniers, notre \u00e9quipe s&rsquo;occupera de la proc\u00e9dure de d\u00e9douanement en votre nom afin d&rsquo;assurer une livraison sans probl\u00e8me.<\/li>\n<p>Informations importantes concernant les retours :<\/p>\n<li>Si vous d\u00e9cidez de retourner votre commande ou de demander un remboursement, sachez que les taxes et les droits pay\u00e9s en votre nom dans le cadre du programme DDP ne peuvent pas \u00eatre rembours\u00e9s.<\/li>\n<p>Veuillez vous r\u00e9f\u00e9rer \u00e0 nos <a href=\"https:\/\/ayaneo.co\/terms-of-service-2\/\" target=\"_blank\" rel=\"nofollow noopener\">conditions g\u00e9n\u00e9rales<\/a> pour plus d&rsquo;informations.\n<\/ul>\n<p>[\/cg_accordion]\n[cg_accordion title=\"SOUTIEN \u00c0 LA CLIENT\u00c8LE\"]<\/p>\n<p>Vous avez une question ? Il suffit d&rsquo;un petit texte pour que votre probl\u00e8me soit r\u00e9solu !<br \/>\n[\/cg_accordion]\n[cg_accordion title=\"Le paquet comprend\"]<\/p>\n<ul>\n<li>1x AYANEO FLIP KB \/ DS<\/li>\n<li>1x fiche d&rsquo;alimentation (UE\/US)<\/li>\n<li>1x C\u00e2ble USB Type-C<\/li>\n<li>1x Manuel de l&rsquo;utilisateur<\/li>\n<\/ul>\n<p>[\/cg_accordion]\n","protected":false},"featured_media":1464,"template":"","meta":{"_acf_changed":false},"product_brand":[],"product_cat":[369],"product_tag":[],"class_list":{"0":"post-2550","1":"product","2":"type-product","3":"status-publish","4":"has-post-thumbnail","6":"product_cat-pc-de-jeux-portables","7":"product_shipping_class-premium","8":"pa_brand-ayaneo","9":"pa_graphics-gpu-model-radeon-780m","10":"pa_operating-system-windows-11-home","11":"pa_processor-cpu-brand-amd","13":"first","14":"outofstock","15":"sale","16":"taxable","17":"shipping-taxable","18":"purchasable","19":"product-type-variable","20":"has-default-attributes"},"acf":[],"_links":{"self":[{"href":"https:\/\/ayaneo.co\/fr\/wp-json\/wp\/v2\/product\/2550","targetHints":{"allow":["GET"]}}],"collection":[{"href":"https:\/\/ayaneo.co\/fr\/wp-json\/wp\/v2\/product"}],"about":[{"href":"https:\/\/ayaneo.co\/fr\/wp-json\/wp\/v2\/types\/product"}],"wp:featuredmedia":[{"embeddable":true,"href":"https:\/\/ayaneo.co\/fr\/wp-json\/wp\/v2\/media\/1464"}],"wp:attachment":[{"href":"https:\/\/ayaneo.co\/fr\/wp-json\/wp\/v2\/media?parent=2550"}],"wp:term":[{"taxonomy":"product_brand","embeddable":true,"href":"https:\/\/ayaneo.co\/fr\/wp-json\/wp\/v2\/product_brand?post=2550"},{"taxonomy":"product_cat","embeddable":true,"href":"https:\/\/ayaneo.co\/fr\/wp-json\/wp\/v2\/product_cat?post=2550"},{"taxonomy":"product_tag","embeddable":true,"href":"https:\/\/ayaneo.co\/fr\/wp-json\/wp\/v2\/product_tag?post=2550"}],"curies":[{"name":"wp","href":"https:\/\/api.w.org\/{rel}","templated":true}]}}