{"id":2589,"date":"2024-08-16T09:46:32","date_gmt":"2024-08-16T09:46:32","guid":{"rendered":"https:\/\/ayaneo.co\/product\/ayaneo-pocket-micro\/"},"modified":"2025-11-22T19:03:19","modified_gmt":"2025-11-22T19:03:19","slug":"ayaneo-pocket-micro","status":"publish","type":"product","link":"https:\/\/ayaneo.co\/fr\/product\/ayaneo-pocket-micro\/","title":{"rendered":"AYANEO Pocket Micro"},"content":{"rendered":"\n<figure class=\"wp-block-video\"><video controls=\"\" poster=\"https:\/\/droix.net\/wp-content\/uploads\/2024\/08\/AYANEO-Pocket-MICRO-announced-1.webp\" src=\"https:\/\/droix.net\/wp-content\/uploads\/2024\/08\/AYANEO-Pocket-MICRO-Gaming-Experience-&#x2014;&#x2014;-Dungreed.mp4\"><\/video><\/figure>\n\n<div class=\"wp-block-columns is-layout-flex wp-container-core-columns-is-layout-28f84493 wp-block-columns-is-layout-flex\">\n<div class=\"wp-block-column is-layout-flow wp-block-column-is-layout-flow\" style=\"flex-basis:33.33%\">\n<figure class=\"wp-block-image size-large\"><a href=\"https:\/\/droix.net\/wp-content\/uploads\/2024\/08\/AYANEO-POCKET-MICRO-MARKETING-DONE-01.jpg\" target=\"_blank\" rel=\"noopener\"><img decoding=\"async\" src=\"https:\/\/droix.net\/wp-content\/uploads\/2024\/08\/AYANEO-POCKET-MICRO-MARKETING-DONE-01-1024x1024.jpg\" alt=\"Vue lat&#xE9;rale du AYANEO Pocket Micro en noir, montrant son profil mince avec les boutons et les orifices d'a&#xE9;ration visibles. L'&#xE9;cran affiche des lignes color&#xE9;es. Le texte de droite indique &quot;AYANEO POCKET MICRO : console portable horizontale r&#xE9;tro de premi&#xE8;re qualit&#xE9;. Un jouet d&#xE9;licat que vous ne voudrez plus l&#xE2;cher.&quot;  \" class=\"wp-image-184281\"\/><\/a><\/figure>\n<\/div>\n\n\n\n<div class=\"wp-block-column is-layout-flow wp-block-column-is-layout-flow\" style=\"flex-basis:66.66%\">\n<h3 class=\"wp-block-heading\" id=\"h-ayaneo-pocket-micro-a-premium-handheld-gaming-experience\"><strong>AYANEO Pocket Micro : Une exp\u00e9rience de jeu portable haut de gamme<\/strong><\/h3>\n\n\n\n<p>Le AYANEO Pocket Micro repr\u00e9sente un m\u00e9lange d&rsquo;esth\u00e9tique r\u00e9tro et de technologie de pointe, offrant une exp\u00e9rience de jeu portable unique. Combinant une forme compacte et des fonctions avanc\u00e9es, cet appareil s&rsquo;adresse \u00e0 la fois aux joueurs nostalgiques et aux amateurs de technologie moderne. Avec son cadre en alliage d&rsquo;aluminium CNC, son \u00e9cran sans bordures IPS et ses composants internes de haute performance, le Pocket Micro offre une exp\u00e9rience de jeu exceptionnelle dans un bo\u00eetier \u00e9l\u00e9gant et durable.  <\/p>\n<\/div>\n<\/div>\n\n<div class=\"wp-block-columns is-layout-flex wp-container-core-columns-is-layout-28f84493 wp-block-columns-is-layout-flex\">\n<div class=\"wp-block-column is-layout-flow wp-block-column-is-layout-flow\">\n<figure class=\"wp-block-image size-large\"><a href=\"https:\/\/droix.net\/wp-content\/uploads\/2024\/08\/AYANEO-POCKET-MICRO-MARKETING-DONE-08.jpg\" target=\"_blank\" rel=\"noopener\"><img decoding=\"async\" src=\"https:\/\/droix.net\/wp-content\/uploads\/2024\/08\/AYANEO-POCKET-MICRO-MARKETING-DONE-08-1024x1024.jpg\" alt=\"Vue lat&#xE9;rale du AYANEO Pocket Micro, montrant son cadre en alliage d'aluminium CNC avec les boutons L1 et L2 et les fentes d'a&#xE9;ration visibles. Le texte souligne la texture haut de gamme et la sensation sup&#xE9;rieure de l'appareil, en mentionnant la texture m&#xE9;tallique unique, le processus d'oxydation anodique et le corps &#xE0; haute r&#xE9;sistance. \" class=\"wp-image-184277\"\/><\/a><\/figure>\n\n\n\n<h3 class=\"wp-block-heading\" id=\"h-design-and-build\"><strong>Conception et construction<\/strong><\/h3>\n\n\n\n<p>Le Pocket Micro est dot\u00e9 d&rsquo;un cadre en alliage d&rsquo;aluminium CNC pour une meilleure durabilit\u00e9 et une sensation de qualit\u00e9 sup\u00e9rieure. Son design \u00e9pur\u00e9, sans bordure et plein \u00e9cran, offre une exp\u00e9rience visuelle immersive. Disponible en noir obsidien, rouge charme et gris vintage, l&rsquo;appareil pr\u00e9sente des panneaux en verre brillant et un cadre en aluminium anodis\u00e9, ce qui lui conf\u00e8re un aspect sophistiqu\u00e9 et haut de gamme.  <\/p>\n<\/div>\n\n\n\n<div class=\"wp-block-column is-layout-flow wp-block-column-is-layout-flow\">\n<figure class=\"wp-block-image size-large\"><a href=\"https:\/\/droix.net\/wp-content\/uploads\/2024\/08\/AYANEO-POCKET-MICRO-MARKETING-DONE-02.jpg\" target=\"_blank\" rel=\"noopener\"><img decoding=\"async\" src=\"https:\/\/droix.net\/wp-content\/uploads\/2024\/08\/AYANEO-POCKET-MICRO-MARKETING-DONE-02-1024x1024.jpg\" alt=\"Gros plan du AYANEO Pocket Micro en noir, montrant le D-pad, les boutons d'action et l'&#xE9;cran avec des lignes color&#xE9;es. Le texte en bas d&#xE9;crit AYANEO REMAKE Concept Innovation, soulignant des caract&#xE9;ristiques telles que l'&#xE9;cran 640P de 3,5 pouces, le cadre en alliage d'aluminium CNC et la qualit&#xE9; de fabrication sup&#xE9;rieure. Un logo &quot;REMAKE&quot; est visible dans le coin sup&#xE9;rieur gauche. \" class=\"wp-image-184278\"\/><\/a><\/figure>\n\n\n\n<h3 class=\"wp-block-heading\" id=\"h-display\"><strong>Affichage<\/strong><\/h3>\n\n\n\n<p>L&rsquo;appareil est \u00e9quip\u00e9 d&rsquo;un \u00e9cran sans bordures de 3,5 pouces ( IPS ), offrant une r\u00e9solution de 960 x 640 et un rapport d&rsquo;aspect 3:2. Avec une densit\u00e9 de pixels de 330 PPI et une couverture sRGB de 100 %, l&rsquo;\u00e9cran offre des images vibrantes et de haute d\u00e9finition. La r\u00e9solution native 4X de la GBA garantit que les jeux classiques conservent leur clart\u00e9 et leurs couleurs sans distorsion.  <\/p>\n<\/div>\n\n\n\n<div class=\"wp-block-column is-layout-flow wp-block-column-is-layout-flow\">\n<figure class=\"wp-block-image size-large\"><a href=\"https:\/\/droix.net\/wp-content\/uploads\/2024\/08\/AYANEO-POCKET-MICRO-MARKETING-DONE-13.jpg\" target=\"_blank\" rel=\"noopener\"><img decoding=\"async\" src=\"https:\/\/droix.net\/wp-content\/uploads\/2024\/08\/AYANEO-POCKET-MICRO-MARKETING-DONE-13-1024x1024.jpg\" alt=\"Un graphique pr&#xE9;sentant le processeur MediaTek Helio G99 du AYANEO Pocket Micro. Des encadr&#xE9;s mettent en &#xE9;vidence son processeur &#xE0; huit c&#x153;urs capable de faire tourner des jeux PS2, son refroidissement actif pour les longues sessions de jeu et l'autonomie de sa batterie (jusqu'&#xE0; 6 heures). Le logo Helio G99 est mis en &#xE9;vidence sur un fond color&#xE9;.  \" class=\"wp-image-184267\"\/><\/a><\/figure>\n\n\n\n<h3 class=\"wp-block-heading\" id=\"h-performance\"><strong>Performance<\/strong><\/h3>\n\n\n\n<p>Dot\u00e9 du processeur MediaTek Helio G99, le Pocket Micro garantit un gameplay fluide pour les jeux PS2. Il est dot\u00e9 d&rsquo;une m\u00e9moire LPDDR4X 4266Mbps et offre deux options de stockage : 6 Go + 128 Go ou 8 Go + 256 Go. Cette configuration offre suffisamment d&rsquo;espace pour une biblioth\u00e8que de jeux diversifi\u00e9e tout en maintenant des performances \u00e9lev\u00e9es.  <\/p>\n<\/div>\n<\/div>\n\n<div class=\"wp-block-columns is-layout-flex wp-container-core-columns-is-layout-28f84493 wp-block-columns-is-layout-flex\">\n<div class=\"wp-block-column is-layout-flow wp-block-column-is-layout-flow\">\n<figure class=\"wp-block-image size-large\"><a href=\"https:\/\/droix.net\/wp-content\/uploads\/2024\/08\/AYANEO-POCKET-MICRO-MARKETING-DONE-15.jpg\" target=\"_blank\" rel=\"noopener\"><img decoding=\"async\" src=\"https:\/\/droix.net\/wp-content\/uploads\/2024\/08\/AYANEO-POCKET-MICRO-MARKETING-DONE-15-1024x1024.jpg\" alt=\"Mains tenant le AYANEO Pocket Micro, montrant l'arri&#xE8;re de l'appareil avec les boutons d'&#xE9;paule et les orifices d'a&#xE9;ration. En dessous, un diagramme de la face avant de l'appareil montre la disposition des boutons et l'&#xE9;cran. Le texte d&#xE9;crit la conception unique des boutons et l'exp&#xE9;rience tactile cr&#xE9;ative, y compris des d&#xE9;tails sur les touches d'&#xE9;paule L1, L2, R1, R2 et les fonctions transversales.  \" class=\"wp-image-184279\"\/><\/a><\/figure>\n\n\n\n<h3 class=\"wp-block-heading\" id=\"h-controls-and-features\"><strong>Contr\u00f4les et caract\u00e9ristiques<\/strong><\/h3>\n\n\n\n<p>L&rsquo;appareil est dot\u00e9 d&rsquo;une disposition de contr\u00f4le innovante pour plus de confort et de r\u00e9activit\u00e9. Il comprend des joysticks Hall, des touches d&rsquo;\u00e9paule L1\/L2\/R1\/R2 de diff\u00e9rentes hauteurs et un bouton de commutation. Les autres commandes comprennent une poign\u00e9e g\u00e9n\u00e9rale, un moteur lin\u00e9aire sur l&rsquo;axe X pour un retour de vibrations et un gyroscope \u00e0 six axes pour un meilleur contr\u00f4le du jeu.  <\/p>\n<\/div>\n\n\n\n<div class=\"wp-block-column is-layout-flow wp-block-column-is-layout-flow\">\n<figure class=\"wp-block-image size-large\"><a href=\"https:\/\/droix.net\/wp-content\/uploads\/2024\/08\/AYANEO-POCKET-MICRO-MARKETING-DONE-16.jpg\" target=\"_blank\" rel=\"noopener\"><img decoding=\"async\" src=\"https:\/\/droix.net\/wp-content\/uploads\/2024\/08\/AYANEO-POCKET-MICRO-MARKETING-DONE-16-1024x1024.jpg\" alt=\"Gros plan des mains tenant le AYANEO Pocket Micro, affichant le jeu &quot;Balatro&quot; &#xE0; l'&#xE9;cran. Au-dessus, des ic&#xF4;nes repr&#xE9;sentent les fonctionnalit&#xE9;s de connectivit&#xE9; : WiFi 5 bi-bande et BT 5.2, interface USB Type-C et emplacement pour carte Micro SD, avec une br&#xE8;ve description des avantages de chaque fonctionnalit&#xE9;. \" class=\"wp-image-184269\"\/><\/a><\/figure>\n\n\n\n<h3 class=\"wp-block-heading\" id=\"h-connectivity-and-software\"><strong>Connectivit\u00e9 et logiciels<\/strong><\/h3>\n\n\n\n<p>Fonctionnant sous Android 13, le Pocket Micro prend en charge le WiFi 5 bi-bande et le Bluetooth 5.2 pour une connectivit\u00e9 sans fil fiable. Il comprend un port USB Type-C avec prise en charge USB 2.0 OTG et un emplacement pour carte Micro SD (SD 3.0) pour un stockage \u00e9tendu. L&rsquo;appareil est g\u00e9r\u00e9 par le Front-end de gestion AYASpace et le lanceur de bureau AYAHome, garantissant une exp\u00e9rience conviviale.  <\/p>\n<\/div>\n\n\n\n<div class=\"wp-block-column is-layout-flow wp-block-column-is-layout-flow\">\n<figure class=\"wp-block-image size-large\"><a href=\"https:\/\/droix.net\/wp-content\/uploads\/2024\/08\/AYANEO-POCKET-MICRO-MARKETING-DONE-14.jpg\" target=\"_blank\" rel=\"noopener\"><img decoding=\"async\" src=\"https:\/\/droix.net\/wp-content\/uploads\/2024\/08\/AYANEO-POCKET-MICRO-MARKETING-DONE-14-1024x1024.jpg\" alt=\"Un &#xE9;l&#xE9;gant appareil de jeu portable noir appel&#xE9; AYANEO Pocket Micro est montr&#xE9; sous un angle, mettant en &#xE9;vidence son profil mince et la disposition des boutons. En dessous, des ic&#xF4;nes repr&#xE9;sentent diverses caract&#xE9;ristiques telles que la vis&#xE9;e par gyroscope, les manettes de haute pr&#xE9;cision et les options de personnalisation des boutons. \" class=\"wp-image-184268\"\/><\/a><\/figure>\n\n\n\n<h3 class=\"wp-block-heading\" id=\"h-innovative-button-design\"><strong>Conception innovante des boutons<\/strong><\/h3>\n\n\n\n<p>Le Pocket Micro pr\u00e9sente une disposition unique des boutons avec des touches crois\u00e9es et des boutons ABXY utilisant la technologie de l&rsquo;adh\u00e9sif conducteur pour une r\u00e9ponse tactile douce. Les touches d&rsquo;\u00e9paule sont con\u00e7ues pour une utilisation \u00e0 haute fr\u00e9quence, avec une permutation personnalisable de la valeur des touches disponible via AYASpace. <\/p>\n<\/div>\n<\/div>\n\n<h3 class=\"wp-block-heading\" id=\"h-battery-and-cooling\"><strong>Batterie et refroidissement<\/strong><\/h3>\n\n<p>Le Pocket Micro est \u00e9quip\u00e9 d&rsquo;une batterie de 2600mAh, offrant jusqu&rsquo;\u00e0 6 heures de jeu en continu. Un syst\u00e8me avanc\u00e9 de dissipation active de la chaleur \u00e0 refroidissement par air permet d&rsquo;\u00e9viter les baisses de performances lors des sessions de jeu prolong\u00e9es, garantissant ainsi des performances constantes. <\/p>\n\n<h3 class=\"wp-block-heading\" id=\"h-additional-features\"><strong>Caract\u00e9ristiques suppl\u00e9mentaires<\/strong><\/h3>\n\n<p>L&rsquo;appareil int\u00e8gre l&rsquo;authentification biom\u00e9trique via une cl\u00e9 d&rsquo;alimentation avec reconnaissance d&#8217;empreintes audio. Il offre \u00e9galement les fonctions SoundTAP Magic Sound Vibration, Xinput Vibration, des modes de performance multi-sc\u00e8nes et un mappage des touches personnalisable pour une exp\u00e9rience de jeu personnalis\u00e9e. <\/p>\n\n<h3 class=\"wp-block-heading\" id=\"h-visual-appeal\"><strong>L&rsquo;attrait visuel<\/strong><\/h3>\n\n<p>Con\u00e7u pour \u00eatre visuellement frappant, le Pocket Micro pr\u00e9sente un profil mince et une esth\u00e9tique d&rsquo;inspiration r\u00e9tro. Son \u00e9cran vibrant et sa texture m\u00e9tallique de haute qualit\u00e9 rehaussent son apparence, ce qui en fait un choix attrayant pour les collectionneurs et les joueurs. <\/p>\n\n<h3 class=\"wp-block-heading\" id=\"h-conclusion\">Conclusion<\/h3>\n\n<p>Le AYANEO Pocket Micro est une console portable m\u00e9ticuleusement con\u00e7ue qui allie le charme r\u00e9tro \u00e0 la fonctionnalit\u00e9 moderne. Son design soign\u00e9 et sa fabrication de haute qualit\u00e9 garantissent une exp\u00e9rience de jeu extraordinaire dans un bo\u00eetier compact et \u00e9l\u00e9gant. Que vous revisitiez des jeux classiques ou que vous en d\u00e9couvriez de nouveaux, la Pocket Micro est un compl\u00e9ment id\u00e9al \u00e0 toute installation de jeu.  <\/p>\n","protected":false},"excerpt":{"rendered":"<ul>\n<li>Processeur : MediaTek <strong>Helio G99<\/strong><\/li>\n<li>\u00c9cran : 3,5&Prime; <strong>sans bordures<\/strong> <strong> IPS<\/strong><\/li>\n<li>RAM : Jusqu&rsquo;\u00e0 <strong>8 Go<\/strong> LPDDR4X @ <strong>4266 MT\/s<\/strong><\/li>\n<li>Stockage : Jusqu&rsquo;\u00e0 <strong>256 Go<\/strong> UFS 2.2<\/li>\n<li>Connectivit\u00e9 : Prise en charge Wi-Fi <strong>5<\/strong> et Bluetooth <strong>5.2<\/strong> <\/li>\n<\/ul>\n<p><img fetchpriority=\"high\" decoding=\"async\" src=\"https:\/\/ayaneo.co\/wp-content\/uploads\/2024\/08\/MICRO-GIFTS-NEW-NOGRIPS.jpg\" alt=\"Un \u00e9tui de protection noir et une petite bo\u00eete rectangulaire (probablement un protecteur d'\u00e9cran) sont pr\u00e9sent\u00e9s \u00e0 c\u00f4t\u00e9 du texte suivant  \" free=\"\" gifts=\"\" protective=\"\" case=\"\" screen=\"\" protector=\"\" automatically=\"\" added=\"\" to=\"\" cart.=\"\" the=\"\" box=\"\" has=\"\" pocket=\"\" micro=\"\" visible=\"\" on=\"\" it.=\"\" width=\"550\" height=\"140\" class=\"alignnone size-full wp-image-24520\" srcset=\"https:\/\/ayaneo.co\/wp-content\/uploads\/2024\/08\/MICRO-GIFTS-NEW-NOGRIPS.jpg 550w, https:\/\/ayaneo.co\/wp-content\/uploads\/2024\/08\/MICRO-GIFTS-NEW-NOGRIPS-300x76.jpg 300w, https:\/\/ayaneo.co\/wp-content\/uploads\/2024\/08\/MICRO-GIFTS-NEW-NOGRIPS-441x112.jpg 441w, https:\/\/ayaneo.co\/wp-content\/uploads\/2024\/08\/MICRO-GIFTS-NEW-NOGRIPS-150x38.jpg 150w\" sizes=\"(max-width: 550px) 100vw, 550px\" \/><\/p>\n[cg_accordion title=\"INFO PAIEMENT\"]<\/p>\n<p>Nous utilisons les derni\u00e8res technologies en mati\u00e8re de traitement des paiements, ce qui vous permet de r\u00e9gler vos achats via Apple Pay, Google Pay, votre carte de d\u00e9bit\/cr\u00e9dit, PayPal ou des m\u00e9thodes BNPL telles que Klarna, Affirm ou AfterPay pour une exp\u00e9rience rapide et s\u00e9curis\u00e9e.[\/cg_accordion]\n[cg_accordion title=\"GARANTIE\"]<\/p>\n<p>1 an de garantie de <a href=\"https:\/\/droix.net\/\" target=\"_blank\" rel=\"nofollow noopener\">DROIX Global<\/a> pour votre tranquillit\u00e9 d&rsquo;esprit[\/cg_accordion]\n[cg_accordion title=\"PRIX, TAXES ET FRAIS DE PORT\"]<\/p>\n<p><strong><u>Note :<\/u><\/strong><\/p>\n<ul>\n<li>Clients des \u00c9tats-Unis : Le prix affich\u00e9 n&rsquo;inclut pas les taxes ni les droits de douane. La responsabilit\u00e9 du d\u00e9douanement et du paiement des taxes et droits de douane incombe au client. <\/li>\n<li>Clients de l&rsquo;UE : Le prix affich\u00e9 inclut la TAXE applicable, qui peut s&rsquo;\u00e9lever jusqu&rsquo;\u00e0 25 % selon votre pays.<\/li>\n<li>Clients du Canada : Le prix affich\u00e9 comprend les taxes applicables, qui peuvent inclure la TPS de 5 % et des taxes de vente provinciales (TVP), la taxe de vente harmonis\u00e9e (TVH) ou la taxe de vente du Qu\u00e9bec (TVQ) suppl\u00e9mentaires, selon votre province.<\/li>\n<\/ul>\n<p><strong>Pour les clients de l&rsquo;UE SEULEMENT :<\/strong> Express DDP (Delivered Duty Paid). Cela signifie que : <\/p>\n<ul>\n<li>Tous les droits de douane et taxes sont inclus dans le prix affich\u00e9 sur la page du produit.<\/li>\n<li>Vous n&rsquo;aurez pas \u00e0 payer de frais suppl\u00e9mentaires \u00e0 la livraison.<\/li>\n<li>Dans les rares cas de probl\u00e8mes douaniers, notre \u00e9quipe s&rsquo;occupera de la proc\u00e9dure de d\u00e9douanement en votre nom afin d&rsquo;assurer une livraison sans probl\u00e8me.<\/li>\n<p>Informations importantes concernant les retours :<\/p>\n<li>Si vous d\u00e9cidez de retourner votre commande ou de demander un remboursement, sachez que les taxes et les droits pay\u00e9s en votre nom dans le cadre du programme DDP ne peuvent pas \u00eatre rembours\u00e9s.<\/li>\n<p>Veuillez vous r\u00e9f\u00e9rer \u00e0 nos <a href=\"https:\/\/ayaneo.co\/fr\/conditions-dutilisation\/\" target=\"_blank\" rel=\"nofollow noopener\">conditions g\u00e9n\u00e9rales<\/a> pour plus d&rsquo;informations.\n<\/ul>\n<p>[\/cg_accordion]\n[cg_accordion title=\"SOUTIEN \u00c0 LA CLIENT\u00c8LE\"]<\/p>\n<p>Vous avez une question ? Il suffit d&rsquo;un petit texte pour que votre probl\u00e8me soit r\u00e9solu !<br \/>\n[\/cg_accordion]\n[cg_accordion title=\"Le paquet comprend\"]<\/p>\n<ul>\n<li>1x AYANEO Pocket Micro<\/li>\n<li>1x C\u00e2ble USB Type-C<\/li>\n<li>1x Manuel de l&rsquo;utilisateur<\/li>\n<\/ul>\n<p>[\/cg_accordion]\n","protected":false},"featured_media":6922,"template":"","meta":{"_acf_changed":false},"product_brand":[],"product_cat":[356],"product_tag":[],"class_list":{"0":"post-2589","1":"product","2":"type-product","3":"status-publish","4":"has-post-thumbnail","6":"product_cat-ordinateur-de-poche-android","7":"product_shipping_class-standard","8":"pa_brand-ayaneo","10":"first","11":"outofstock","12":"taxable","13":"shipping-taxable","14":"purchasable","15":"product-type-variable","16":"has-default-attributes"},"acf":[],"_links":{"self":[{"href":"https:\/\/ayaneo.co\/fr\/wp-json\/wp\/v2\/product\/2589","targetHints":{"allow":["GET"]}}],"collection":[{"href":"https:\/\/ayaneo.co\/fr\/wp-json\/wp\/v2\/product"}],"about":[{"href":"https:\/\/ayaneo.co\/fr\/wp-json\/wp\/v2\/types\/product"}],"wp:featuredmedia":[{"embeddable":true,"href":"https:\/\/ayaneo.co\/fr\/wp-json\/wp\/v2\/media\/6922"}],"wp:attachment":[{"href":"https:\/\/ayaneo.co\/fr\/wp-json\/wp\/v2\/media?parent=2589"}],"wp:term":[{"taxonomy":"product_brand","embeddable":true,"href":"https:\/\/ayaneo.co\/fr\/wp-json\/wp\/v2\/product_brand?post=2589"},{"taxonomy":"product_cat","embeddable":true,"href":"https:\/\/ayaneo.co\/fr\/wp-json\/wp\/v2\/product_cat?post=2589"},{"taxonomy":"product_tag","embeddable":true,"href":"https:\/\/ayaneo.co\/fr\/wp-json\/wp\/v2\/product_tag?post=2589"}],"curies":[{"name":"wp","href":"https:\/\/api.w.org\/{rel}","templated":true}]}}