{"id":2590,"date":"2024-08-15T15:04:41","date_gmt":"2024-08-15T15:04:41","guid":{"rendered":"https:\/\/ayaneo.co\/product\/dmg-de-poche-ayaneo\/"},"modified":"2025-12-11T00:10:49","modified_gmt":"2025-12-11T00:10:49","slug":"ayaneo-pocket-dmg","status":"publish","type":"product","link":"https:\/\/ayaneo.co\/fr\/product\/ayaneo-pocket-dmg\/","title":{"rendered":"AYANEO Pocket DMG"},"content":{"rendered":"\n<figure class=\"wp-block-video\"><video controls=\"\" src=\"https:\/\/droix.net\/wp-content\/uploads\/2024\/08\/AYANEO-Pocket-DMG&#xFF1A;The-Pinnacle-of-Retro-Vertical-Handhelds.mp4\"><\/video><\/figure>\n\n<div class=\"wp-block-columns is-layout-flex wp-container-core-columns-is-layout-28f84493 wp-block-columns-is-layout-flex\">\n<div class=\"wp-block-column is-layout-flow wp-block-column-is-layout-flow\" style=\"flex-basis:33.33%\">\n<figure class=\"wp-block-image size-large\"><a href=\"https:\/\/droix.net\/wp-content\/uploads\/2024\/08\/AYANEO-POCKET-DMG-ARTIC-BLACK-DONE-01.png\" target=\"_blank\" rel=\"noopener\"><img decoding=\"async\" src=\"https:\/\/droix.net\/wp-content\/uploads\/2024\/08\/AYANEO-POCKET-DMG-ARTIC-BLACK-DONE-01-1024x1024.png\" alt=\"Vue avant du AYANEO Pocket DMG en noir arctique, pr&#xE9;sentant son design r&#xE9;tro avec un &#xE9;cran OLED de 3,92 pouces, un D-pad, un joystick analogique et des boutons.\" class=\"wp-image-184226\"\/><\/a><\/figure>\n<\/div>\n\n\n\n<div class=\"wp-block-column is-layout-flow wp-block-column-is-layout-flow\" style=\"flex-basis:66.66%\">\n<h3 class=\"wp-block-heading\" id=\"h-experience-retro-gaming-like-never-before-with-the-ayaneo-pocket-dmg\">Vivez l&rsquo;exp\u00e9rience d&rsquo;un jeu r\u00e9tro comme jamais auparavant avec le AYANEO Pocket DMG<\/h3>\n\n\n\n<p><strong>Le AYANEO Pocket DMG<\/strong> est un appareil de <strong>jeu<\/strong> <strong>portable<\/strong> r\u00e9volutionnaire qui allie magistralement la nostalgie du jeu <strong>r\u00e9tro<\/strong> \u00e0 une technologie moderne avanc\u00e9e. Rendant hommage \u00e0 l&#8217;embl\u00e9matique Game Boy, cette <strong>console portable verticale<\/strong> offre \u00e0 la fois une esth\u00e9tique famili\u00e8re et de puissantes performances, ce qui en fait un choix id\u00e9al pour les amateurs de <strong>jeux r\u00e9tro<\/strong> et de jeux modernes. <\/p>\n<\/div>\n<\/div>\n\n<p><strong>Le AYANEO Pocket DMG<\/strong> est un appareil de <strong>jeu<\/strong> <strong>portable<\/strong> r\u00e9volutionnaire qui allie magistralement la nostalgie du jeu <strong>r\u00e9tro<\/strong> \u00e0 une technologie moderne avanc\u00e9e. Rendant hommage \u00e0 l&#8217;embl\u00e9matique Game Boy, cette <strong>console portable verticale<\/strong> offre \u00e0 la fois une esth\u00e9tique famili\u00e8re et de puissantes performances, ce qui en fait un choix id\u00e9al pour les amateurs de <strong>jeux r\u00e9tro<\/strong> et de jeux modernes. <\/p>\n\n<h3 class=\"wp-block-heading\" id=\"h-design-and-display\">Conception et affichage<\/h3>\n\n<p>Le <strong>AYANEO Pocket DMG<\/strong> se distingue par son design compact et nostalgique, qui rappelle les consoles <strong>portables r\u00e9tro<\/strong> classiques. L&rsquo;<strong>\u00e9cranOLED de<\/strong> 3,92 pouces, offrant une r\u00e9solution nette de 1240&#215;1080 et une densit\u00e9 de pixels de 419 PPI, est l&rsquo;\u00e9l\u00e9ment central de son attrait. Cet <strong>\u00e9cranOLED <\/strong> garantit des couleurs vives et des images nettes, donnant vie aux jeux r\u00e9tro et modernes avec une clart\u00e9 stup\u00e9fiante. L&rsquo;appareil est disponible en deux couleurs distinctes :   <\/p>\n\n<ul class=\"wp-block-list\">\n<li>Noir arctique<\/li>\n\n\n\n<li>Blanc de lune<\/li>\n<\/ul>\n\n<div class=\"wp-block-columns is-layout-flex wp-container-core-columns-is-layout-28f84493 wp-block-columns-is-layout-flex\">\n<div class=\"wp-block-column is-layout-flow wp-block-column-is-layout-flow\">\n<figure class=\"wp-block-image size-large\"><a href=\"https:\/\/droix.net\/wp-content\/uploads\/2024\/08\/AYANEO-POCKET-DMG-MARKETING-DONE-14.jpg\" target=\"_blank\" rel=\"noopener\"><img decoding=\"async\" src=\"https:\/\/droix.net\/wp-content\/uploads\/2024\/08\/AYANEO-POCKET-DMG-MARKETING-DONE-14-1024x1024.jpg\" alt=\"Image promotionnelle pour AYANEO Pocket DMG avec la plateforme de jeu Snapdragon G3x Gen 2. Il met l'accent sur le fait qu'il s'agit du premier ordinateur de poche vertical &#xE9;quip&#xE9; de ce processeur, en pr&#xE9;sentant son architecture octa-core 1+4+3 avec des c&#x153;urs Kryo Prime Ultra &#xE0; 3,36 GHz, un GPU Adreno A32 &#xE0; 816 Hz et une puissance de sortie de 15W. \" class=\"wp-image-184229\"\/><\/a><\/figure>\n\n\n\n<h3 class=\"wp-block-heading\" id=\"h-performance\">Performance<\/h3>\n\n\n\n<p>Au c\u0153ur du <strong>Pocket DMG<\/strong> se trouve le processeur <strong>Snapdragon G3x Gen 2<\/strong>, une puce puissante sp\u00e9cialement con\u00e7ue pour les <strong>jeux<\/strong> <strong>portables.<\/strong> Ce <strong>processeur<\/strong> assure une \u00e9mulation transparente des titres r\u00e9tro et des performances fluides dans les jeux mobiles modernes. Fonctionnant sous Android 13, l&rsquo;appareil donne acc\u00e8s \u00e0 un vaste \u00e9cosyst\u00e8me d&rsquo;applications et d&rsquo;\u00e9mulateurs, ce qui en fait une plateforme polyvalente pour tous vos besoins en mati\u00e8re de <strong>jeux<\/strong>.  <\/p>\n<\/div>\n\n\n\n<div class=\"wp-block-column is-layout-flow wp-block-column-is-layout-flow\">\n<figure class=\"wp-block-image size-large\"><a href=\"https:\/\/droix.net\/wp-content\/uploads\/2024\/08\/AYANEO-POCKET-DMG-MARKETING-DONE-19.jpg\" target=\"_blank\" rel=\"noopener\"><img decoding=\"async\" src=\"https:\/\/droix.net\/wp-content\/uploads\/2024\/08\/AYANEO-POCKET-DMG-MARKETING-DONE-19-1024x1024.jpg\" alt=\"Infographie pr&#xE9;sentant les multiples fonctions du AYANEO Pocket DMG, comparables &#xE0; celles des contr&#xF4;leurs professionnels. Les caract&#xE9;ristiques comprennent un joystick de haute pr&#xE9;cision, une sensibilit&#xE9; r&#xE9;glable, une mise en veille sans consommation d'&#xE9;nergie, une vis&#xE9;e assist&#xE9;e par gyroscope, une fonction de rafale de boutons, un &#xE9;change de valeurs cl&#xE9;s A-B-X-Y et une intensit&#xE9; de vibration du moteur r&#xE9;glable. Ci-dessous, une main tient l'appareil blanc, affichant un &#xE9;cran de jeu color&#xE9;.  \" class=\"wp-image-184232\"\/><\/a><\/figure>\n\n\n\n<h3 class=\"wp-block-heading\" id=\"h-controls-and-inputs\">Contr\u00f4les et entr\u00e9es<\/h3>\n\n\n\n<p>Le <strong>Pocket DMG<\/strong> offre une configuration de contr\u00f4le polyvalente et innovante qui r\u00e9pond \u00e0 un large \u00e9ventail de genres de <strong>jeu<\/strong>. Ses principales caract\u00e9ristiques sont les suivantes : <\/p>\n\n\n\n<ul class=\"wp-block-list\">\n<li>Un D-pad traditionnel pour une saisie directionnelle pr\u00e9cise<\/li>\n\n\n\n<li>Boutons frontaux ABXY pour un <strong>jeu<\/strong> classique<\/li>\n\n\n\n<li>Un <strong>joystick<\/strong> analogique unique dot\u00e9 de la technologie de l&rsquo;effet Hall pour une pr\u00e9cision et une durabilit\u00e9 accrues.<\/li>\n\n\n\n<li>Un <strong>pav\u00e9 tactile<\/strong> innovant qui se double d&rsquo;une deuxi\u00e8me entr\u00e9e analogique<\/li>\n\n\n\n<li>Boutons d&rsquo;\u00e9paule pour des options de contr\u00f4le suppl\u00e9mentaires<\/li>\n<\/ul>\n\n\n\n<p>Cette combinaison de contr\u00f4les garantit que le <strong>Pocket DMG<\/strong> peut tout g\u00e9rer, des jeux de plateforme r\u00e9tro aux jeux d&rsquo;action modernes, avec facilit\u00e9.<\/p>\n<\/div>\n\n\n\n<div class=\"wp-block-column is-layout-flow wp-block-column-is-layout-flow\">\n<figure class=\"wp-block-image size-large\"><a href=\"https:\/\/droix.net\/wp-content\/uploads\/2024\/08\/AYANEO-POCKET-DMG-MARKETING-DONE-16.jpg\" target=\"_blank\" rel=\"noopener\"><img decoding=\"async\" src=\"https:\/\/droix.net\/wp-content\/uploads\/2024\/08\/AYANEO-POCKET-DMG-MARKETING-DONE-16-1024x1024.jpg\" alt=\"Infographie d&#xE9;taillant la &quot;combinaison de puissance transparente&quot; du AYANEO Pocket DMG, mettant en &#xE9;vidence sa m&#xE9;moire haute vitesse (LPDDR5X &#xE0; 8533 Mbps), son stockage rapide (UFS 4.0 avec une vitesse de lecture de plus de 4000 Mo\/s) et sa grande capacit&#xE9; de stockage de jeux et d'applications. Il mentionne des options allant jusqu'&#xE0; 16 Go de RAM et 1 To de stockage. \" class=\"wp-image-184230\"\/><\/a><\/figure>\n\n\n\n<h3 class=\"wp-block-heading\" id=\"h-storage-and-connectivity\">Stockage et connectivit\u00e9<\/h3>\n\n\n\n<p>Le <strong>AYANEO Pocket DMG<\/strong> offre des solutions de stockage flexibles pour r\u00e9pondre aux besoins des diff\u00e9rents amateurs de <strong>jeux<\/strong> <strong>portables :<\/strong> <\/p>\n\n\n\n<ul class=\"wp-block-list\">\n<li>8 Go de RAM + 128 Go de stockage<\/li>\n<\/ul>\n\n\n\n<p>En outre, un emplacement pour carte microSD permet d&rsquo;\u00e9tendre facilement la capacit\u00e9 de stockage. En termes de connectivit\u00e9, l&rsquo;appareil comprend : <\/p>\n\n\n\n<ul class=\"wp-block-list\">\n<li>Wi-Fi et Bluetooth 5.3 pour la communication sans fil<\/li>\n\n\n\n<li>Un port USB-C pour la recharge et la connexion d&rsquo;accessoires<\/li>\n<\/ul>\n<\/div>\n<\/div>\n\n<h3 class=\"wp-block-heading\" id=\"h-battery-and-additional-features\">Batterie et caract\u00e9ristiques suppl\u00e9mentaires<\/h3>\n\n<p>Le <strong>Pocket DMG<\/strong> est aliment\u00e9 par une batterie de 6 000 mAh, prenant en charge la charge rapide PD 25W pour vous permettre de jouer plus longtemps. Parmi les autres caract\u00e9ristiques notables, citons <\/p>\n\n<figure class=\"wp-block-image size-large\"><a href=\"https:\/\/droix.net\/wp-content\/uploads\/2024\/08\/AYANEO-POCKET-DMG-MARKETING-DONE-18.jpg\" target=\"_blank\" rel=\"noopener\"><img decoding=\"async\" src=\"https:\/\/droix.net\/wp-content\/uploads\/2024\/08\/AYANEO-POCKET-DMG-MARKETING-DONE-18-1024x1024.jpg\" alt=\"Image marketing pr&#xE9;sentant la batterie 6000mAh du AYANEO Pocket DMG, mettant l'accent sur la longue dur&#xE9;e de vie de la batterie et la prise en charge de la charge rapide PD. La partie inf&#xE9;rieure pr&#xE9;sente le joystick Hall Medium, en soulignant sa pr&#xE9;cision, sa durabilit&#xE9; (5 millions d'utilisations) et ses fonctions de contr&#xF4;le am&#xE9;lior&#xE9;es. \" class=\"wp-image-184231\"\/><\/a><\/figure>\n\n<ul class=\"wp-block-list\">\n<li>Un gyroscope \u00e0 six axes pour les commandes de mouvement<\/li>\n\n\n\n<li>Un syst\u00e8me de refroidissement actif avec un ventilateur int\u00e9gr\u00e9 pour maintenir des performances optimales<\/li>\n\n\n\n<li>Une mallette de transport compacte pour faciliter le transport<\/li>\n<\/ul>\n\n<h3 class=\"wp-block-heading\" id=\"h-user-experience-and-conclusion\">Exp\u00e9rience de l&rsquo;utilisateur et conclusion<\/h3>\n\n<p>Le <strong>AYANEO Pocket DMG<\/strong> est un choix exceptionnel pour les amateurs de <strong>jeux r\u00e9tro<\/strong> et les collectionneurs qui veulent un appareil qui capture l&rsquo;essence des jeux <strong>r\u00e9tro<\/strong> classiques tout en offrant la puissance et la polyvalence de la technologie moderne. Que vous reviviez des jeux classiques ou que vous en d\u00e9couvriez de nouveaux, cet <strong>ordinateur de poche<\/strong> vous offre une exp\u00e9rience de <strong>jeu<\/strong> immersive et agr\u00e9able. <\/p>\n","protected":false},"excerpt":{"rendered":"<ul>\n<li>Processeur : Qualcomm <strong>Snapdragon G3x Gen 2<\/strong><\/li>\n<li>\u00c9cran : <strong>3,92 pouces OLED<\/strong>, r\u00e9solution 1240&#215;1080<\/li>\n<li>RAM : <strong>8GB<\/strong> LPDDR5X @ <strong>8533 MT\/s<\/strong><\/li>\n<li>Stockage : <strong>128 GO<\/strong> UFS 3.1<\/li>\n<li>Connectivit\u00e9 : Wi-Fi <strong>6<\/strong> et Bluetooth <strong>5.3<\/strong><\/li>\n<\/ul>\n<p><img fetchpriority=\"high\" decoding=\"async\" src=\"https:\/\/ayaneo.co\/wp-content\/uploads\/2024\/08\/DMG-FREEBIES1.jpg\" alt=\"Une image promotionnelle sur fond gris clair indique  \" free=\"\" gifts=\"\" in=\"\" large=\"\" dark=\"\" gray=\"\" letters=\"\" at=\"\" the=\"\" top.=\"\" below=\"\" this=\"\" smaller=\"\" text=\"\" it=\"\" lists=\"\" case=\"\" and=\"\" caps=\"\" followed=\"\" by=\"\" added=\"\" to=\"\" cart=\"\" a=\"\" slightly=\"\" larger=\"\" font.=\"\" right=\"\" there=\"\" are=\"\" two=\"\" product=\"\" square=\"\" white=\"\" rainbow-colored=\"\" package=\"\" containing=\"\" four=\"\" black=\"\" thumbstick=\"\" mesh=\"\" protective=\"\" identical=\"\" one=\"\" previous=\"\" image=\"\" with=\"\" logo=\"\" bottom.=\"\" width=\"550\" height=\"140\" class=\"alignnone size-full wp-image-25170\" images:=\"\" srcset=\"https:\/\/ayaneo.co\/wp-content\/uploads\/2024\/08\/DMG-FREEBIES1.jpg 550w, https:\/\/ayaneo.co\/wp-content\/uploads\/2024\/08\/DMG-FREEBIES1-300x76.jpg 300w, https:\/\/ayaneo.co\/wp-content\/uploads\/2024\/08\/DMG-FREEBIES1-441x112.jpg 441w, https:\/\/ayaneo.co\/wp-content\/uploads\/2024\/08\/DMG-FREEBIES1-150x38.jpg 150w\" sizes=\"(max-width: 550px) 100vw, 550px\" \/><\/p>\n[cg_accordion title=\"INFO PAIEMENT\"] <\/p>\n<p>Nous utilisons les derni\u00e8res technologies en mati\u00e8re de traitement des paiements, ce qui vous permet de r\u00e9gler vos achats via Apple Pay, Google Pay, votre carte de d\u00e9bit\/cr\u00e9dit, PayPal ou des m\u00e9thodes BNPL telles que Klarna, Affirm ou AfterPay pour une exp\u00e9rience rapide et s\u00e9curis\u00e9e.[\/cg_accordion]\n[cg_accordion title=\"GARANTIE\"] <\/p>\n<p>1 an de garantie de <a href=\"https:\/\/droix.net\/\" target=\"_blank\" rel=\"nofollow noopener\">DROIX Global<\/a> pour votre tranquillit\u00e9 d&rsquo;esprit[\/cg_accordion]\n[cg_accordion title=\"PRIX, TAXES ET FRAIS DE PORT\"] <\/p>\n<p><strong><u>Note :<\/u><\/strong><\/p>\n<ul>\n<li>Clients des \u00c9tats-Unis : Le prix affich\u00e9 n&rsquo;inclut pas les taxes ni les droits de douane. La responsabilit\u00e9 du d\u00e9douanement et du paiement des taxes et droits de douane incombe au client. <\/li>\n<li>Clients de l&rsquo;UE : Le prix affich\u00e9 inclut la TAXE applicable, qui peut s&rsquo;\u00e9lever jusqu&rsquo;\u00e0 25 % selon votre pays.<\/li>\n<li>Clients du Canada : Le prix affich\u00e9 comprend les taxes applicables, qui peuvent inclure la TPS de 5 % et des taxes de vente provinciales (TVP), la taxe de vente harmonis\u00e9e (TVH) ou la taxe de vente du Qu\u00e9bec (TVQ) suppl\u00e9mentaires, selon votre province.<\/li>\n<\/ul>\n<p><strong>Pour les clients de l&rsquo;UE SEULEMENT :<\/strong> Express DDP (Delivered Duty Paid). Cela signifie que : <\/p>\n<ul>\n<li>Tous les droits de douane et taxes sont inclus dans le prix affich\u00e9 sur la page du produit.<\/li>\n<li>Vous n&rsquo;aurez pas \u00e0 payer de frais suppl\u00e9mentaires \u00e0 la livraison.<\/li>\n<li>Dans les rares cas de probl\u00e8mes douaniers, notre \u00e9quipe s&rsquo;occupera de la proc\u00e9dure de d\u00e9douanement en votre nom afin d&rsquo;assurer une livraison sans probl\u00e8me.<\/li>\n<p>Informations importantes concernant les retours :<\/p>\n<li>Si vous d\u00e9cidez de retourner votre commande ou de demander un remboursement, sachez que les taxes et les droits pay\u00e9s en votre nom dans le cadre du programme DDP ne peuvent pas \u00eatre rembours\u00e9s.<\/li>\n<p>Veuillez vous r\u00e9f\u00e9rer \u00e0 notre<\/ul>\n<\/li>\n<\/ul>\n<p><a href=\"https:\/\/ayaneo.co\/fr\/conditions-dutilisation\/\" target=\"_blank\" rel=\"nofollow noopener\">Conditions g\u00e9n\u00e9rales d&rsquo;utilisation<\/a><\/p>\n<ul>pour obtenir des informations d\u00e9taill\u00e9es.<\/ul>\n<p>[\/cg_accordion]\n[cg_accordion title=\"SOUTIEN \u00c0 LA CLIENT\u00c8LE\"] <\/p>\n<p>Vous avez une question ? Il suffit d&rsquo;un petit texte pour que votre probl\u00e8me soit r\u00e9solu !   [\/cg_accordion]\n[cg_accordion title=\"Le paquet comprend\"]<\/p>\n<ul>\n<li>1x AYANEO DMG de poche<\/li>\n<li>1x C\u00e2ble USB Type-C<\/li>\n<li>1x Manuel de l&rsquo;utilisateur<\/li>\n<\/ul>\n<p>[\/cg_accordion]\n","protected":false},"featured_media":1709,"template":"","meta":{"_acf_changed":false},"product_brand":[],"product_cat":[356],"product_tag":[],"class_list":{"0":"post-2590","1":"product","2":"type-product","3":"status-publish","4":"has-post-thumbnail","6":"product_cat-ordinateur-de-poche-android","7":"product_shipping_class-premium","8":"pa_brand-ayaneo","10":"first","11":"instock","12":"taxable","13":"shipping-taxable","14":"purchasable","15":"product-type-variable","16":"has-default-attributes"},"acf":[],"_links":{"self":[{"href":"https:\/\/ayaneo.co\/fr\/wp-json\/wp\/v2\/product\/2590","targetHints":{"allow":["GET"]}}],"collection":[{"href":"https:\/\/ayaneo.co\/fr\/wp-json\/wp\/v2\/product"}],"about":[{"href":"https:\/\/ayaneo.co\/fr\/wp-json\/wp\/v2\/types\/product"}],"wp:featuredmedia":[{"embeddable":true,"href":"https:\/\/ayaneo.co\/fr\/wp-json\/wp\/v2\/media\/1709"}],"wp:attachment":[{"href":"https:\/\/ayaneo.co\/fr\/wp-json\/wp\/v2\/media?parent=2590"}],"wp:term":[{"taxonomy":"product_brand","embeddable":true,"href":"https:\/\/ayaneo.co\/fr\/wp-json\/wp\/v2\/product_brand?post=2590"},{"taxonomy":"product_cat","embeddable":true,"href":"https:\/\/ayaneo.co\/fr\/wp-json\/wp\/v2\/product_cat?post=2590"},{"taxonomy":"product_tag","embeddable":true,"href":"https:\/\/ayaneo.co\/fr\/wp-json\/wp\/v2\/product_tag?post=2590"}],"curies":[{"name":"wp","href":"https:\/\/api.w.org\/{rel}","templated":true}]}}