{"id":2599,"date":"2024-09-20T09:49:52","date_gmt":"2024-09-20T09:49:52","guid":{"rendered":"https:\/\/ayaneo.co\/product\/ayaneo-pocket-s-accessoires\/"},"modified":"2026-02-22T10:37:26","modified_gmt":"2026-02-22T10:37:26","slug":"ayaneo-pocket-s-accessoires","status":"publish","type":"product","link":"https:\/\/ayaneo.co\/fr\/product\/ayaneo-pocket-s-accessoires\/","title":{"rendered":"AYANEO Pocket S Accessoires"},"content":{"rendered":"\n<p>Am\u00e9liorez votre exp\u00e9rience de jeu sur AYANEO Pocket S avec cet ensemble d&rsquo;accessoires indispensables, con\u00e7us pour la protection, le confort et l&rsquo;am\u00e9lioration du jeu.<\/p>\n\n<ul class=\"wp-block-list\">\n<li><strong>\u00c9tui protecteur 2-en-1 \u00e0 rabat magn\u00e9tique<\/strong>: Con\u00e7u avec un design ergonomique innovant, cet \u00e9tui allie style et fonctionnalit\u00e9. L&rsquo;\u00e9tui de protection est dot\u00e9 d&rsquo;un couvercle \u00e0 rabat magn\u00e9tique qui s\u00e9curise votre appareil tout en en facilitant l&rsquo;acc\u00e8s. La texture antid\u00e9rapante garantit une prise en main ferme, et la poign\u00e9e de grande taille offre une prise en main confortable pour les longues sessions de jeu. Que vous soyez \u00e0 la maison ou en d\u00e9placement, cet \u00e9tui de protection est le compagnon id\u00e9al pour prot\u00e9ger votre AYANEO Pocket S de l&rsquo;usure quotidienne.   <\/li>\n\n\n\n<li><strong>Protecteur d&rsquo;\u00e9cran<\/strong>: Prot\u00e9gez votre \u00e9cran \u00e0 l&rsquo;aide d&rsquo;un protecteur d&rsquo;\u00e9cran ultra-clair de haute qualit\u00e9. Con\u00e7u pour r\u00e9sister aux rayures, aux bavures et aux traces de doigts, il garantit que votre \u00e9cran reste aussi vivant et r\u00e9actif que jamais. Sa conception facile \u00e0 appliquer garantit une installation sans bulles, ce qui permet de conserver votre \u00e9cran intact tout en pr\u00e9servant la sensibilit\u00e9 tactile pour des jeux fluides et ininterrompus.  <\/li>\n\n\n\n<li><strong>Poign\u00e9es de pouce<\/strong>: Am\u00e9liorez votre contr\u00f4le gr\u00e2ce aux poign\u00e9es de pouce de qualit\u00e9 sup\u00e9rieure. Ces protections en silicone pour les sticks analogiques offrent une adh\u00e9rence et une pr\u00e9cision sup\u00e9rieures, vous aidant \u00e0 garder le contr\u00f4le m\u00eame dans les moments de jeu les plus intenses. Con\u00e7ues pour r\u00e9duire la fatigue et am\u00e9liorer le confort, ces grips de pouce permettent des mouvements plus pr\u00e9cis, vous donnant l&rsquo;avantage comp\u00e9titif dont vous avez besoin.  <\/li>\n<\/ul>\n\n<p>Ce kit d&rsquo;accessoires garantit que votre AYANEO Pocket S reste prot\u00e9g\u00e9 et pr\u00eat \u00e0 l&rsquo;action, tout en am\u00e9liorant l&rsquo;exp\u00e9rience de jeu gr\u00e2ce \u00e0 des am\u00e9liorations ergonomiques.<\/p>\n","protected":false},"excerpt":{"rendered":"[cg_accordion title=\"INFO PAIEMENT\"]<\/p>\n<p>Nous utilisons les derni\u00e8res technologies en mati\u00e8re de traitement des paiements, ce qui vous permet de r\u00e9gler vos achats via Apple Pay, Google Pay, votre carte de d\u00e9bit\/cr\u00e9dit, PayPal ou des m\u00e9thodes BNPL telles que Klarna, Affirm ou AfterPay pour une exp\u00e9rience rapide et s\u00e9curis\u00e9e.[\/cg_accordion]\n[cg_accordion title=\"GARANTIE\"]<\/p>\n<p>1 an de garantie de <a href=\"https:\/\/droix.net\/\" target=\"_blank\" rel=\"nofollow noopener\">DROIX Global<\/a> pour votre tranquillit\u00e9 d&rsquo;esprit[\/cg_accordion]\n[cg_accordion title=\"PRIX, TAXES ET FRAIS DE PORT\"]<\/p>\n<p><strong><u>Note :<\/u><\/strong><\/p>\n<ul>\n<li>Clients des \u00c9tats-Unis : Le prix affich\u00e9 n&rsquo;inclut pas les taxes ni les droits de douane. La responsabilit\u00e9 du d\u00e9douanement et du paiement des taxes et droits de douane incombe au client. <\/li>\n<li>Clients de l&rsquo;UE : Le prix affich\u00e9 inclut la TAXE applicable, qui peut s&rsquo;\u00e9lever jusqu&rsquo;\u00e0 25 % selon votre pays.<\/li>\n<li>Clients du Canada : Le prix affich\u00e9 comprend les taxes applicables, qui peuvent inclure la TPS de 5 % et des taxes de vente provinciales (TVP), la taxe de vente harmonis\u00e9e (TVH) ou la taxe de vente du Qu\u00e9bec (TVQ) suppl\u00e9mentaires, selon votre province.<\/li>\n<\/ul>\n<p><strong>Pour les clients de l&rsquo;UE SEULEMENT :<\/strong> Express DDP (Delivered Duty Paid). Cela signifie que : <\/p>\n<ul>\n<li>Tous les droits de douane et taxes sont inclus dans le prix affich\u00e9 sur la page du produit.<\/li>\n<li>Vous n&rsquo;aurez pas \u00e0 payer de frais suppl\u00e9mentaires \u00e0 la livraison.<\/li>\n<li>Dans les rares cas de probl\u00e8mes douaniers, notre \u00e9quipe s&rsquo;occupera de la proc\u00e9dure de d\u00e9douanement en votre nom afin d&rsquo;assurer une livraison sans probl\u00e8me.<\/li>\n<p>Informations importantes concernant les retours :<\/p>\n<li>Si vous d\u00e9cidez de retourner votre commande ou de demander un remboursement, sachez que les taxes et les droits pay\u00e9s en votre nom dans le cadre du programme DDP ne peuvent pas \u00eatre rembours\u00e9s.<\/li>\n<p>Veuillez vous r\u00e9f\u00e9rer \u00e0 nos <a href=\"https:\/\/ayaneo.co\/terms-of-service-2\/\" target=\"_blank\" rel=\"nofollow noopener\">conditions g\u00e9n\u00e9rales<\/a> pour plus d&rsquo;informations.\n<\/ul>\n<p>[\/cg_accordion]\n[cg_accordion title=\"SOUTIEN \u00c0 LA CLIENT\u00c8LE\"]<\/p>\n<p>Vous avez une question ? Il suffit d&rsquo;un petit texte pour que votre probl\u00e8me soit r\u00e9solu !<br \/>\n[\/cg_accordion]\n","protected":false},"featured_media":2089,"template":"","meta":{"_acf_changed":false},"product_brand":[],"product_cat":[389],"product_tag":[],"class_list":{"0":"post-2599","1":"product","2":"type-product","3":"status-publish","4":"has-post-thumbnail","6":"product_cat-accessoires","7":"product_shipping_class-low-end","8":"pa_accessory-type-etui-de-protection","9":"pa_accessory-type-poignee","10":"pa_accessory-type-protecteur-decran","11":"pa_brand-ayaneo","13":"first","14":"instock","15":"sale","16":"taxable","17":"shipping-taxable","18":"purchasable","19":"product-type-simple"},"acf":[],"_links":{"self":[{"href":"https:\/\/ayaneo.co\/fr\/wp-json\/wp\/v2\/product\/2599","targetHints":{"allow":["GET"]}}],"collection":[{"href":"https:\/\/ayaneo.co\/fr\/wp-json\/wp\/v2\/product"}],"about":[{"href":"https:\/\/ayaneo.co\/fr\/wp-json\/wp\/v2\/types\/product"}],"wp:featuredmedia":[{"embeddable":true,"href":"https:\/\/ayaneo.co\/fr\/wp-json\/wp\/v2\/media\/2089"}],"wp:attachment":[{"href":"https:\/\/ayaneo.co\/fr\/wp-json\/wp\/v2\/media?parent=2599"}],"wp:term":[{"taxonomy":"product_brand","embeddable":true,"href":"https:\/\/ayaneo.co\/fr\/wp-json\/wp\/v2\/product_brand?post=2599"},{"taxonomy":"product_cat","embeddable":true,"href":"https:\/\/ayaneo.co\/fr\/wp-json\/wp\/v2\/product_cat?post=2599"},{"taxonomy":"product_tag","embeddable":true,"href":"https:\/\/ayaneo.co\/fr\/wp-json\/wp\/v2\/product_tag?post=2599"}],"curies":[{"name":"wp","href":"https:\/\/api.w.org\/{rel}","templated":true}]}}