{"id":2656,"date":"2024-02-02T13:09:17","date_gmt":"2024-02-02T13:09:17","guid":{"rendered":"https:\/\/ayaneo.co\/product\/aya-neo-slide\/"},"modified":"2025-04-11T12:19:26","modified_gmt":"2025-04-11T12:19:26","slug":"aya-neo-slide","status":"publish","type":"product","link":"https:\/\/ayaneo.co\/fr\/product\/aya-neo-slide\/","title":{"rendered":"AYA NEO SLIDE"},"content":{"rendered":"\n<h3 class=\"wp-block-heading\" id=\"h-introducing-the-aya-neo-slide-revolutionizing-handheld-gaming\"><strong>Pr\u00e9sentation de l&rsquo;AYA NEO Slide : R\u00e9volutionner les jeux portables<\/strong><\/h3>\n\n<p>D\u00e9couvrez l&rsquo;AYA NEO Slide, un PC de jeu portable qui change la donne et redessine le paysage du jeu portable. Alliant les prouesses d&rsquo;un PC Windows \u00e0 part enti\u00e8re \u00e0 la commodit\u00e9 d&rsquo;un appareil portable, l&rsquo;AYA NEO Slide se distingue par son \u00e9cran coulissant distinctif, r\u00e9v\u00e9lant un clavier QWERTY RGB complet. Ce design innovant, associ\u00e9 \u00e0 des performances de premier plan, en fait un produit incontournable pour les passionn\u00e9s de jeux et les utilisateurs avertis. Au-del\u00e0 du jeu, l&rsquo;AYA NEO Slide s&rsquo;av\u00e8re \u00eatre un outil polyvalent pour le divertissement et la productivit\u00e9.   <\/p>\n\n<h3 class=\"wp-block-heading\"><strong>Pr\u00e9sentation du produit<\/strong><\/h3>\n\n<p>L&rsquo;AYA NEO Slide \u00e9merge comme une force pionni\u00e8re dans le domaine des jeux portables, combinant habilement une technologie de pointe avec un design centr\u00e9 sur l&rsquo;utilisateur pour red\u00e9finir les exp\u00e9riences de jeux mobiles. Ce PC de jeu portable innovant r\u00e9unit la polyvalence, la puissance et la portabilit\u00e9 dans un bo\u00eetier \u00e9l\u00e9gant. <\/p>\n\n<p>Au c\u0153ur de sa conception se trouve le m\u00e9canisme r\u00e9volutionnaire de l&rsquo;\u00e9cran coulissant, qui se transforme en toute transparence pour d\u00e9voiler un clavier QWERTY RVB vivant et complet. Cette int\u00e9gration rend non seulement hommage aux appareils de jeu classiques, mais introduit \u00e9galement un niveau de fonctionnalit\u00e9 sans pr\u00e9c\u00e9dent dans le domaine des jeux portables. <\/p>\n\n<p>Con\u00e7u pour l&rsquo;attrait visuel et le confort ergonomique, l&rsquo;AYA NEO Slide est disponible dans les couleurs \u00e9l\u00e9gantes \u00ab\u00a0Sunrise White\u00a0\u00bb et \u00ab\u00a0Bright Black\u00a0\u00bb. Les contours ergonomiques de l&rsquo;appareil et la conception \u00ab\u00a0flottante\u00a0\u00bb de l&rsquo;\u00e9cran am\u00e9liorent l&rsquo;interaction avec l&rsquo;utilisateur, offrant des angles de vision confortables pour diverses activit\u00e9s, des jeux intenses aux t\u00e2ches de travail productives. <\/p>\n\n<p>L&rsquo;\u00e9cran 1080P IPS de 6 pouces de l&rsquo;AYA NEO Slide est un r\u00e9gal visuel, offrant des images nettes, vibrantes et immersives. Que ce soit pour jouer ou pour profiter de contenus multim\u00e9dias, l&rsquo;exceptionnelle fid\u00e9lit\u00e9 des couleurs et la clart\u00e9 de l&rsquo;\u00e9cran \u00e9tablissent une nouvelle norme dans le domaine des jeux sur ordinateur de poche. <\/p>\n\n<p>Sous son apparence \u00e9l\u00e9gante se cache une formidable puissance de calcul, fournie par le robuste processeur AMD Ryzen\u2122 7 7840U. Associ\u00e9 \u00e0 une m\u00e9moire haute vitesse LPDDR5X et \u00e0 des options de stockage \u00e9tendues, il offre une exp\u00e9rience de jeu exaltante qui rivalise avec les configurations de bureau, le tout dans un design portable. <\/p>\n\n<p>Le syst\u00e8me de refroidissement avanc\u00e9 de l&rsquo;appareil garantit des performances optimales sans compromettre sa conception compacte et conviviale.<\/p>\n\n<p>En termes de connectivit\u00e9, l&rsquo;AYA NEO Slide se distingue avec les derni\u00e8res technologies Wi-Fi 6E et Bluetooth 5.2, aux c\u00f4t\u00e9s de multiples ports USB4 Type-C. Cette suite de connectivit\u00e9 robuste fait de l&rsquo;appareil un hub polyvalent pour une vari\u00e9t\u00e9 de besoins de jeu, professionnels et de divertissement. <\/p>\n\n<p>L&rsquo;AYA NEO Slide n&rsquo;est pas seulement un appareil de jeu, c&rsquo;est un outil polyvalent qui s&rsquo;adapte \u00e0 diff\u00e9rents sc\u00e9narios. Qu&rsquo;il s&rsquo;agisse de jeux, de productivit\u00e9 ou de consommation multim\u00e9dia, ce PC portable est pr\u00eat \u00e0 r\u00e9pondre aux attentes et \u00e0 les d\u00e9passer. <\/p>\n\n<h3 class=\"wp-block-heading\"><strong>Caract\u00e9ristiques d\u00e9taill\u00e9es du toboggan AYA NEO<\/strong><\/h3>\n\n<p>L&rsquo;AYA NEO Slide ne se contente pas d&rsquo;exceller en termes de performances, mais se distingue \u00e9galement par ses caract\u00e9ristiques de conception exceptionnelles. Voici un aper\u00e7u int\u00e9gr\u00e9 de ses \u00e9l\u00e9ments techniques et de son design : <\/p>\n\n<p><strong>Fusion de l&rsquo;affichage et du design :<\/strong> Au c\u0153ur du design de l&rsquo;AYA NEO Slide se trouve son \u00e9cran flottant de 6 pouces 1080P IPS, un m\u00e9lange parfait de technologie avanc\u00e9e et de design esth\u00e9tique. Cet \u00e9cran affiche une r\u00e9solution de 1920&#215;1080, une densit\u00e9 de pixels de 368PPI et une luminosit\u00e9 de 400nits, le tout encapsul\u00e9 dans un bo\u00eetier \u00e9l\u00e9gant et minimaliste disponible en \u00ab\u00a0Sunrise White\u00a0\u00bb et \u00ab\u00a0Bright Black\u00a0\u00bb. La conception ergonomique de l&rsquo;\u00e9cran permet une visualisation sous plusieurs angles, ce qui am\u00e9liore le confort et l&rsquo;adaptabilit\u00e9 de l&rsquo;utilisateur.  <\/p>\n\n<p><strong>Int\u00e9gration ergonomique du clavier :<\/strong> Le joyau cach\u00e9 de l&rsquo;AYA NEO Slide est son clavier QWERTY RGB complet, parfaitement int\u00e9gr\u00e9 au design de l&rsquo;\u00e9cran coulissant. Ce clavier ergonomique offre une frappe confortable et pr\u00e9cise, avec un espacement accru des touches et des effets lumineux RGB vibrants qui contribuent \u00e0 la fois \u00e0 la fonctionnalit\u00e9 et au style. <\/p>\n\n<p><strong>La performance dans un emballage \u00e9l\u00e9gant :<\/strong> La puissance de l&rsquo;AYA NEO Slide est assur\u00e9e par le robuste processeur AMD Ryzen\u2122 7 7840U, enferm\u00e9 dans un corps qui souligne l&rsquo;engagement d&rsquo;AYA NEO en faveur d&rsquo;un design innovant et durable. L&rsquo;appareil prend en charge jusqu&rsquo;\u00e0 64 Go de RAM et 4 To de stockage SSD, ce qui en fait une centrale pour les jeux et le multit\u00e2che, le tout dans un design aussi attrayant visuellement que fonctionnel. <\/p>\n\n<p><strong>Synergie entre le syst\u00e8me de refroidissement et le design :<\/strong> Le syst\u00e8me de refroidissement \u00e0 triple tube de cuivre \u00ab\u00a03+2\u00a0\u00bb de l&rsquo;AYA NEO Slide est une prouesse d&rsquo;ing\u00e9nierie qui s&rsquo;accorde avec le design \u00e9l\u00e9gant de l&rsquo;appareil. Ce syst\u00e8me dissipe efficacement la chaleur, garantissant que l&rsquo;appareil reste froid et fonctionne de mani\u00e8re optimale, sans compromettre son facteur de forme \u00e9l\u00e9gant. <\/p>\n\n<p><strong>Connectivit\u00e9 et design sophistiqu\u00e9 :<\/strong> Le design de l&rsquo;appareil accueille de mani\u00e8re r\u00e9fl\u00e9chie diverses options de connectivit\u00e9, notamment les ports Wifi 6E, Bluetooth 5.2 et USB4 Type-C. L&rsquo;inclusion d&rsquo;un emplacement pour carte TF \u00e0 grande vitesse renforce encore son utilit\u00e9, le tout emball\u00e9 dans un design raffin\u00e9 et convivial. <\/p>\n\n<p><strong>Logiciel et interface utilisateur :<\/strong> Fonctionnant sur Windows 11 64-bit Home Edition et am\u00e9lior\u00e9 par le logiciel propri\u00e9taire AYASpace 2 d&rsquo;AYA NEO, l&rsquo;AYA NEO Slide offre une exp\u00e9rience riche et conviviale. Cette int\u00e9gration logicielle compl\u00e8te le design sophistiqu\u00e9 de l&rsquo;appareil, offrant une interface transparente qui s&rsquo;aligne sur l&rsquo;esth\u00e9tique \u00e9l\u00e9gante et la haute fonctionnalit\u00e9 de l&rsquo;appareil. <\/p>\n\n<p>Son \u00e9cran de 6 pouces est un r\u00e9gal visuel, avec un affichage 1080P \u00e0 haute luminosit\u00e9 et une large gamme de couleurs. Cet \u00e9cran flottant IPS est r\u00e9glable de 0\u00b0 \u00e0 30\u00b0, ce qui garantit un affichage optimal dans n&rsquo;importe quel environnement. <\/p>\n\n<h3 class=\"wp-block-heading\"><strong>Exp\u00e9rience utilisateur avec AYANEO Slide<\/strong><\/h3>\n\n<p>L&rsquo;AYA NEO Slide offre une exp\u00e9rience utilisateur aussi immersive que polyvalente, r\u00e9pondant \u00e0 un large \u00e9ventail de besoins, du jeu \u00e0 la productivit\u00e9. Voici un aper\u00e7u de l&rsquo;utilisation pratique de ce PC de jeu portable innovant : <\/p>\n\n<p><strong>Exp\u00e9rience de jeu :<\/strong> Pour les joueurs, l&rsquo;AYA NEO Slide est un r\u00eave devenu r\u00e9alit\u00e9. La pr\u00e9cision des joysticks Hall sensing et le retour tactile des boutons de d\u00e9clenchement plongent les joueurs dans leurs jeux comme jamais auparavant. L&rsquo;\u00e9cran vibrant avec sa large gamme de couleurs garantit que chaque jeu est visuellement \u00e9poustouflant, ce qui rend les sessions de jeu incroyablement captivantes. Le design ergonomique de l&rsquo;appareil garantit le confort pendant les longs marathons de jeu, ce qui en fait un compagnon id\u00e9al pour les joueurs occasionnels comme pour les joueurs inv\u00e9t\u00e9r\u00e9s.   <\/p>\n\n<p><strong>Divertissement audio et visuel :<\/strong> L&rsquo;AYA NEO Slide n&rsquo;est pas seulement destin\u00e9 aux jeux, c&rsquo;est un appareil multim\u00e9dia complet. Ses doubles haut-parleurs st\u00e9r\u00e9o HyperSound AYANEO offrent une exp\u00e9rience audio immersive, que vous regardiez des films, des vid\u00e9os en streaming ou que vous \u00e9coutiez simplement de la musique. L&rsquo;\u00e9cran de haute qualit\u00e9 garantit un contenu visuel toujours net et \u00e9clatant, ce qui en fait un appareil id\u00e9al pour le divertissement en d\u00e9placement.  <\/p>\n\n<p><strong>Autonomie de la batterie :<\/strong> La batterie haute capacit\u00e9 de 46,2 Wh de l&rsquo;AYA NEO Slide permet aux utilisateurs de profiter de sessions de jeu et de productivit\u00e9 prolong\u00e9es sans avoir \u00e0 se soucier constamment de la recharge. Cette autonomie est cruciale pour un appareil con\u00e7u pour la mobilit\u00e9 et la polyvalence. <\/p>\n\n<p><strong>Conception portable :<\/strong> Malgr\u00e9 ses nombreuses fonctionnalit\u00e9s, l&rsquo;AYA NEO Slide conserve un design compact et portable. Avec un poids d&rsquo;environ 650g et des dimensions de 226x98x25mm, il est con\u00e7u pour une utilisation nomade, permettant aux utilisateurs de profiter d&rsquo;un jeu de haute qualit\u00e9 et de la productivit\u00e9 o\u00f9 qu&rsquo;ils se trouvent. <\/p>\n\n<h3 class=\"wp-block-heading\"><strong>Caract\u00e9ristiques suppl\u00e9mentaires<\/strong><\/h3>\n\n<p>L&rsquo;AYA NEO Slide ne se contente pas d&rsquo;exceller dans ses fonctionnalit\u00e9s de base, il est \u00e9galement dot\u00e9 de caract\u00e9ristiques suppl\u00e9mentaires qui en am\u00e9liorent l&rsquo;utilit\u00e9 et l&rsquo;attrait :<\/p>\n\n<p><strong>S\u00e9curit\u00e9 biom\u00e9trique :<\/strong> La s\u00e9curit\u00e9 est une caract\u00e9ristique primordiale des appareils modernes, et l&rsquo;AYA NEO Slide y r\u00e9pond gr\u00e2ce \u00e0 la reconnaissance d&#8217;empreintes digitales int\u00e9gr\u00e9e au bouton d&rsquo;alimentation. Cette fonction permet non seulement un acc\u00e8s rapide, mais ajoute \u00e9galement une couche de s\u00e9curit\u00e9, garantissant la protection de votre appareil et de vos donn\u00e9es. <\/p>\n\n<p><strong>Param\u00e8tres complets pour l&rsquo;ordinateur de poche et les performances :<\/strong> Le logiciel AYASpace 2 de l&rsquo;appareil offre une suite compl\u00e8te d&rsquo;outils pour les joueurs. Des fonctions telles que les modes de sc\u00e9nario de performance, la commutation en un clic pour diff\u00e9rents niveaux de performance, et un outil de superposition de jeu comme FPS Thunder, offrent aux utilisateurs un contr\u00f4le \u00e9tendu sur leur environnement de jeu. Ces outils sont essentiels pour optimiser les performances et am\u00e9liorer l&rsquo;exp\u00e9rience de jeu.  <\/p>\n\n<p><strong>Transfert de donn\u00e9es et stockage \u00e0 grande vitesse :<\/strong> L&rsquo;interface M.2 2280 PCIe 4.0 de l&rsquo;AYA NEO Slide pour les disques durs SSD garantit un transfert de donn\u00e9es rapide comme l&rsquo;\u00e9clair, ce qui est indispensable pour les jeux modernes et les t\u00e2ches de productivit\u00e9. La prise en charge d&rsquo;un disque dur unilat\u00e9ral de 4 To SSD offre un espace de stockage important, permettant aux utilisateurs de stocker une vaste biblioth\u00e8que de jeux et de m\u00e9dias.  <\/p>\n\n<h3 class=\"wp-block-heading\"><strong>Conclusion<\/strong><\/h3>\n\n<p>En r\u00e9sum\u00e9, l&rsquo;AYA NEO Slide repr\u00e9sente une avanc\u00e9e significative dans la technologie des jeux portables. Cet appareil n&rsquo;est pas seulement une console de jeu ; c&rsquo;est un PC portable complet qui r\u00e9pond \u00e0 un large \u00e9ventail de besoins. Son \u00e9cran coulissant innovant, qui r\u00e9v\u00e8le un clavier QWERTY RVB complet, \u00e9tablit une nouvelle norme dans le monde des appareils portables. Associ\u00e9 au processeur de pointe AMD Ryzen\u2122 7 7840U, \u00e0 de nombreuses options de stockage et \u00e0 un syst\u00e8me de refroidissement avanc\u00e9, l&rsquo;AYA NEO Slide offre des performances exceptionnelles qui rivalisent avec les PC de bureau.   <\/p>\n\n<p>L&rsquo;attention m\u00e9ticuleuse port\u00e9e \u00e0 l&rsquo;ergonomie et au design, ainsi que l&rsquo;\u00e9cran flottant haute r\u00e9solution, garantissent que, que vous jouiez, travailliez ou profitiez des m\u00e9dias, l&rsquo;exp\u00e9rience est toujours confortable et visuellement \u00e9poustouflante.<\/p>\n\n<p>De plus, les fonctionnalit\u00e9s suppl\u00e9mentaires telles que la s\u00e9curit\u00e9 biom\u00e9trique, les capacit\u00e9s de transfert de donn\u00e9es \u00e0 grande vitesse et les param\u00e8tres de jeu professionnels renforcent la position de l&rsquo;AYA NEO Slide en tant qu&rsquo;appareil de premier plan dans sa cat\u00e9gorie. Son m\u00e9lange de puissance, de polyvalence et de portabilit\u00e9 en fait un choix id\u00e9al pour les joueurs, les professionnels et les passionn\u00e9s de technologie qui exigent le meilleur des deux mondes : performance et mobilit\u00e9. <\/p>\n\n<p>L&rsquo;AYA NEO Slide est plus qu&rsquo;un simple PC de jeu portable ; c&rsquo;est un testament de ce que la technologie moderne peut accomplir, offrant une exp\u00e9rience transparente et immersive qui va au-del\u00e0 du jeu.<\/p>\n\n<h3 class=\"wp-block-heading\"><strong>Revue des diapositives AYA NEO : D\u00e9couvrez des informations approfondies<\/strong><\/h3>\n\n<p>Pour une analyse approfondie de l&rsquo;AYA NEO Slide, consultez l&rsquo;avis d\u00e9taill\u00e9 sur <a href=\"https:\/\/droix.net\/blogs\/aya-neo-slide-review\/\" target=\"_blank\" rel=\"noreferrer noopener\">le blog de DroiX<\/a>. Cet article offre des informations pr\u00e9cieuses sur les performances, le design et l&rsquo;exp\u00e9rience utilisateur, vous aidant \u00e0 comprendre toutes les capacit\u00e9s de ce PC de jeu portable innovant. <\/p>\n","protected":false},"excerpt":{"rendered":"<ul>\n<li>AMD<strong> Ryzen\u2122 7 7840U<\/strong> et Radeon 780M<\/li>\n<li><strong>jusqu&rsquo;\u00e0 64 Go de<\/strong> RAM LPDDR5X \u00e0 <strong>7500 MT\/s<\/strong><\/li>\n<li>jusqu<strong>&lsquo;\u00e0 4 To<\/strong> PCIe 4.0 M.2 2280 NVMe ultra-rapide SSD <\/li>\n<li>\u00c9cran tactile <strong>6&Prime; IPS 1080P<\/strong><strong> 400nits<\/strong> &amp; <strong>120% SRGB<\/strong> <\/li>\n<li>Prise en charge du <strong>WiFi 6E<\/strong> et du <strong>Bluetooth 5.2<\/strong> <\/li>\n<\/ul>\n[cg_accordion title=\"INFO PAIEMENT\"]<\/p>\n<p>Nous utilisons les derni\u00e8res technologies en mati\u00e8re de traitement des paiements, ce qui vous permet de r\u00e9gler vos achats via Apple Pay, Google Pay, votre carte de d\u00e9bit\/cr\u00e9dit, PayPal ou des m\u00e9thodes BNPL telles que Klarna, Affirm ou AfterPay pour une exp\u00e9rience rapide et s\u00e9curis\u00e9e.[\/cg_accordion]\n[cg_accordion title=\"GARANTIE\"]<\/p>\n<p>1 an de garantie de <a href=\"https:\/\/droix.net\/\" target=\"_blank\" rel=\"nofollow noopener\">DROIX Global<\/a> pour votre tranquillit\u00e9 d&rsquo;esprit[\/cg_accordion]\n[cg_accordion title=\"PRIX, TAXES ET FRAIS DE PORT\"]<\/p>\n<p><strong><u>Note :<\/u><\/strong><\/p>\n<ul>\n<li>Clients des \u00c9tats-Unis : Le prix affich\u00e9 n&rsquo;inclut pas les taxes ni les droits de douane. La responsabilit\u00e9 du d\u00e9douanement et du paiement des taxes et droits de douane incombe au client. <\/li>\n<li>Clients de l&rsquo;UE : Le prix affich\u00e9 inclut la TAXE applicable, qui peut s&rsquo;\u00e9lever jusqu&rsquo;\u00e0 25 % selon votre pays.<\/li>\n<li>Clients du Canada : Le prix affich\u00e9 comprend les taxes applicables, qui peuvent inclure la TPS de 5 % et des taxes de vente provinciales (TVP), la taxe de vente harmonis\u00e9e (TVH) ou la taxe de vente du Qu\u00e9bec (TVQ) suppl\u00e9mentaires, selon votre province.<\/li>\n<\/ul>\n<p><strong>Pour les clients de l&rsquo;UE SEULEMENT :<\/strong> Express DDP (Delivered Duty Paid). Cela signifie que : <\/p>\n<ul>\n<li>Tous les droits de douane et taxes sont inclus dans le prix affich\u00e9 sur la page du produit.<\/li>\n<li>Vous n&rsquo;aurez pas \u00e0 payer de frais suppl\u00e9mentaires \u00e0 la livraison.<\/li>\n<li>Dans les rares cas de probl\u00e8mes douaniers, notre \u00e9quipe s&rsquo;occupera de la proc\u00e9dure de d\u00e9douanement en votre nom afin d&rsquo;assurer une livraison sans probl\u00e8me.<\/li>\n<p>Informations importantes concernant les retours :<\/p>\n<li>Si vous d\u00e9cidez de retourner votre commande ou de demander un remboursement, sachez que les taxes et les droits pay\u00e9s en votre nom dans le cadre du programme DDP ne peuvent pas \u00eatre rembours\u00e9s.<\/li>\n<p>Veuillez vous r\u00e9f\u00e9rer \u00e0 nos <a href=\"https:\/\/ayaneo.co\/terms-of-service-2\/\" target=\"_blank\" rel=\"nofollow noopener\">conditions g\u00e9n\u00e9rales<\/a> pour plus d&rsquo;informations.\n<\/ul>\n<p>[\/cg_accordion]\n[cg_accordion title=\"SOUTIEN \u00c0 LA CLIENT\u00c8LE\"]<\/p>\n<p>Vous avez une question ? Il suffit d&rsquo;un petit texte pour que votre probl\u00e8me soit r\u00e9solu !<br \/>\n[\/cg_accordion]\n[cg_accordion title=\"Le paquet comprend\"]<\/p>\n<ul>\n<li>1x AYA NEO SLIDE<\/li>\n<li>1x C\u00e2ble USB Type-C<\/li>\n<li>1x fiche d&rsquo;alimentation (UE\/US)<\/li>\n<li>2x Adaptateur USB Type-C vers Type-A<\/li>\n<li>1x Manuel de l&rsquo;utilisateur<\/li>\n<\/ul>\n<p>[\/cg_accordion]\n","protected":false},"featured_media":1384,"template":"","meta":{"_acf_changed":false},"product_brand":[],"product_cat":[369],"product_tag":[],"class_list":{"0":"post-2656","1":"product","2":"type-product","3":"status-publish","4":"has-post-thumbnail","6":"product_cat-pc-de-jeux-portables","7":"product_shipping_class-premium","8":"pa_brand-ayaneo","9":"pa_graphics-gpu-model-radeon-780m","10":"pa_operating-system-windows-11-home","11":"pa_processor-cpu-brand-amd","13":"first","14":"outofstock","15":"taxable","16":"shipping-taxable","17":"purchasable","18":"product-type-variable","19":"has-default-attributes"},"acf":[],"_links":{"self":[{"href":"https:\/\/ayaneo.co\/fr\/wp-json\/wp\/v2\/product\/2656","targetHints":{"allow":["GET"]}}],"collection":[{"href":"https:\/\/ayaneo.co\/fr\/wp-json\/wp\/v2\/product"}],"about":[{"href":"https:\/\/ayaneo.co\/fr\/wp-json\/wp\/v2\/types\/product"}],"wp:featuredmedia":[{"embeddable":true,"href":"https:\/\/ayaneo.co\/fr\/wp-json\/wp\/v2\/media\/1384"}],"wp:attachment":[{"href":"https:\/\/ayaneo.co\/fr\/wp-json\/wp\/v2\/media?parent=2656"}],"wp:term":[{"taxonomy":"product_brand","embeddable":true,"href":"https:\/\/ayaneo.co\/fr\/wp-json\/wp\/v2\/product_brand?post=2656"},{"taxonomy":"product_cat","embeddable":true,"href":"https:\/\/ayaneo.co\/fr\/wp-json\/wp\/v2\/product_cat?post=2656"},{"taxonomy":"product_tag","embeddable":true,"href":"https:\/\/ayaneo.co\/fr\/wp-json\/wp\/v2\/product_tag?post=2656"}],"curies":[{"name":"wp","href":"https:\/\/api.w.org\/{rel}","templated":true}]}}