{"id":2739,"date":"2023-03-11T10:02:36","date_gmt":"2023-03-11T10:02:36","guid":{"rendered":"https:\/\/ayaneo.co\/product\/ayaneo-2-pc-gaming-handheld\/"},"modified":"2025-04-11T12:25:20","modified_gmt":"2025-04-11T12:25:20","slug":"ayaneo-2-pc-gaming-handheld","status":"publish","type":"product","link":"https:\/\/ayaneo.co\/fr\/product\/ayaneo-2-pc-gaming-handheld\/","title":{"rendered":"AYANEO 2 PC Gaming Handheld"},"content":{"rendered":"\n<p>Vous \u00eates \u00e0 la recherche d&rsquo;un ordinateur de poche puissant et portable pour les jeux sur PC ? Ne cherchez pas plus loin que le AYANEO 2 ! Avec sa technologie AMD Ryzen 7 ultra-rapide, cet ordinateur de poche donne une toute nouvelle dimension au jeu sur PC.  <\/p>\n\n<p>Le AYANEO 2 est \u00e9quip\u00e9 du tout dernier processeur AMD Ryzen 7 6800U avec 8 c\u0153urs et 16 threads fonctionnant jusqu&rsquo;\u00e0 4,7 GHz et une consommation maximale recommand\u00e9e de 28 W TDP. Il est \u00e9galement \u00e9quip\u00e9 du GPU AMD Radeon 680M haute performance avec 12 c\u0153urs fonctionnant \u00e0 2200Mhz. Avec jusqu&rsquo;\u00e0 32 Go de RAM LPDDR5-6400 MT\/S et jusqu&rsquo;\u00e0 2 To de PCIe 4.0 m.2 2280 SSD, le AYANEO 2 offre d&rsquo;excellentes performances de jeu, m\u00eame avec les jeux les plus r\u00e9cents !   <\/p>\n\n<p>L&rsquo;\u00e9cran tactile de 7 pouces du AYANEO 2 est tout simplement \u00e9poustouflant, avec des couleurs claires et \u00e9clatantes qui vous plongent dans le jeu. De plus, avec son design \u00e9pur\u00e9, dont la face avant est recouverte d&rsquo;une seule feuille de verre, cet ordinateur de poche pour PC gaming a un aspect et un toucher haut de gamme. <\/p>\n\n<p>Mais ce n&rsquo;est pas qu&rsquo;une question d&rsquo;apparence - le AYANEO 2 est \u00e9galement dot\u00e9 de commandes modernes avec des capteurs \u00e0 effet Hall sur les doubles sticks analogiques et les boutons de d\u00e9clenchement. Les deux sticks analogiques sont m\u00eame dot\u00e9s d&rsquo;un \u00e9clairage RGB discret qui peut \u00eatre personnalis\u00e9 dans le logiciel AYA SPACE inclus. <\/p>\n\n<p>La connectivit\u00e9 est \u00e9galement de premier ordre sur le AYANEO 2, avec le WiFi 6 pour un transfert de donn\u00e9es sans fil rapide et fiable et le Bluetooth 5.2 pour la connexion aux p\u00e9riph\u00e9riques sans fil les plus r\u00e9cents, tels que les \u00e9couteurs. Et avec une batterie de 50,25 Wh, vous pouvez profiter de plusieurs heures de jeu sur ce PC portable. <\/p>\n\n<p>Mais ce qui distingue vraiment le AYANEO 2, ce sont ses performances de jeu. Il peut faire tourner les derniers jeux Windows AAA \u00e0 des r\u00e9solutions confortables allant jusqu&rsquo;\u00e0 1200P et, selon le jeu, jusqu&rsquo;aux param\u00e8tres graphiques les plus \u00e9lev\u00e9s. Et ce n&rsquo;est pas seulement pour les jeux modernes - le AYANEO 2 est \u00e9galement excellent pour les jeux r\u00e9tro, capable de faire fonctionner les consoles de la sixi\u00e8me g\u00e9n\u00e9ration \u00e0 une adresse TDP plus basse pour \u00e9conomiser la batterie. De plus, il peut faire fonctionner les syst\u00e8mes et les jeux compatibles de la septi\u00e8me et de la huiti\u00e8me g\u00e9n\u00e9ration \u00e0 pleine vitesse !   <\/p>\n\n<p>Si vous \u00eates \u00e0 la recherche d&rsquo;un PC gaming portable puissant et \u00e9l\u00e9gant, le AYANEO 2 vaut vraiment la peine d&rsquo;\u00eatre consid\u00e9r\u00e9.<\/p>\n","protected":false},"excerpt":{"rendered":"<ul>\n<li>AMD<strong> Ryzen 7 6800U<\/strong> \/ Radeon 680M<\/li>\n<li><strong>jusqu&rsquo;\u00e0 32GB<\/strong> LPDDR5 @ <strong>6400 MT\/s<\/strong><\/li>\n<li>jusqu&rsquo;<strong>\u00e0 2 To<\/strong> PCIe 4.0 m.2 haute vitesse 2280 SSD <\/li>\n<li>\u00c9cran tactile <strong>7<\/strong> \u00a0\u00bb <strong> LCD<\/strong> <\/li>\n<li>Prise en charge du <strong>WiFi 6<\/strong> et du <strong>Bluetooth 5.2<\/strong> <\/li>\n<\/ul>\n[cg_accordion title=\"INFO PAIEMENT\"]<\/p>\n<p>Nous utilisons les derni\u00e8res technologies en mati\u00e8re de traitement des paiements, ce qui vous permet de r\u00e9gler vos achats via Apple Pay, Google Pay, votre carte de d\u00e9bit\/cr\u00e9dit, PayPal ou des m\u00e9thodes BNPL telles que Klarna, Affirm ou AfterPay pour une exp\u00e9rience rapide et s\u00e9curis\u00e9e.[\/cg_accordion]\n[cg_accordion title=\"GARANTIE\"]<\/p>\n<p>1 an de garantie de <a href=\"https:\/\/droix.net\/\" target=\"_blank\" rel=\"nofollow noopener\">DROIX Global<\/a> pour votre tranquillit\u00e9 d&rsquo;esprit[\/cg_accordion]\n[cg_accordion title=\"PRIX, TAXES ET FRAIS DE PORT\"]<\/p>\n<p><strong><u>Note :<\/u><\/strong><\/p>\n<ul>\n<li>Clients des \u00c9tats-Unis : Le prix affich\u00e9 n&rsquo;inclut pas les taxes ni les droits de douane. La responsabilit\u00e9 du d\u00e9douanement et du paiement des taxes et droits de douane incombe au client. <\/li>\n<li>Clients de l&rsquo;UE : Le prix affich\u00e9 inclut la TAXE applicable, qui peut s&rsquo;\u00e9lever jusqu&rsquo;\u00e0 25 % selon votre pays.<\/li>\n<li>Clients du Canada : Le prix affich\u00e9 comprend les taxes applicables, qui peuvent inclure la TPS de 5 % et des taxes de vente provinciales (TVP), la taxe de vente harmonis\u00e9e (TVH) ou la taxe de vente du Qu\u00e9bec (TVQ) suppl\u00e9mentaires, selon votre province.<\/li>\n<\/ul>\n<p><strong>Pour les clients de l&rsquo;UE SEULEMENT :<\/strong> Express DDP (Delivered Duty Paid). Cela signifie que : <\/p>\n<ul>\n<li>Tous les droits de douane et taxes sont inclus dans le prix affich\u00e9 sur la page du produit.<\/li>\n<li>Vous n&rsquo;aurez pas \u00e0 payer de frais suppl\u00e9mentaires \u00e0 la livraison.<\/li>\n<li>Dans les rares cas de probl\u00e8mes douaniers, notre \u00e9quipe s&rsquo;occupera de la proc\u00e9dure de d\u00e9douanement en votre nom afin d&rsquo;assurer une livraison sans probl\u00e8me.<\/li>\n<p>Informations importantes concernant les retours :<\/p>\n<li>Si vous d\u00e9cidez de retourner votre commande ou de demander un remboursement, sachez que les taxes et les droits pay\u00e9s en votre nom dans le cadre du programme DDP ne peuvent pas \u00eatre rembours\u00e9s.<\/li>\n<p>Veuillez vous r\u00e9f\u00e9rer \u00e0 nos <a href=\"https:\/\/ayaneo.co\/terms-of-service-2\/\" target=\"_blank\" rel=\"nofollow noopener\">conditions g\u00e9n\u00e9rales<\/a> pour plus d&rsquo;informations.\n<\/ul>\n<p>[\/cg_accordion]\n[cg_accordion title=\"SOUTIEN \u00c0 LA CLIENT\u00c8LE\"]<\/p>\n<p>Vous avez une question ? Il suffit d&rsquo;un petit texte pour que votre probl\u00e8me soit r\u00e9solu !<br \/>\n[\/cg_accordion]\n","protected":false},"featured_media":939,"template":"","meta":{"_acf_changed":false},"product_brand":[],"product_cat":[369],"product_tag":[400],"class_list":{"0":"post-2739","1":"product","2":"type-product","3":"status-publish","4":"has-post-thumbnail","6":"product_cat-pc-de-jeux-portables","7":"product_tag-pc-gaming-handheld-fr","8":"product_shipping_class-premium","9":"pa_brand-ayaneo","10":"pa_graphics-gpu-model-radeon-680m","11":"pa_operating-system-windows-11","12":"pa_processor-cpu-brand-amd","14":"first","15":"outofstock","16":"taxable","17":"shipping-taxable","18":"purchasable","19":"product-type-variable"},"acf":[],"_links":{"self":[{"href":"https:\/\/ayaneo.co\/fr\/wp-json\/wp\/v2\/product\/2739","targetHints":{"allow":["GET"]}}],"collection":[{"href":"https:\/\/ayaneo.co\/fr\/wp-json\/wp\/v2\/product"}],"about":[{"href":"https:\/\/ayaneo.co\/fr\/wp-json\/wp\/v2\/types\/product"}],"wp:featuredmedia":[{"embeddable":true,"href":"https:\/\/ayaneo.co\/fr\/wp-json\/wp\/v2\/media\/939"}],"wp:attachment":[{"href":"https:\/\/ayaneo.co\/fr\/wp-json\/wp\/v2\/media?parent=2739"}],"wp:term":[{"taxonomy":"product_brand","embeddable":true,"href":"https:\/\/ayaneo.co\/fr\/wp-json\/wp\/v2\/product_brand?post=2739"},{"taxonomy":"product_cat","embeddable":true,"href":"https:\/\/ayaneo.co\/fr\/wp-json\/wp\/v2\/product_cat?post=2739"},{"taxonomy":"product_tag","embeddable":true,"href":"https:\/\/ayaneo.co\/fr\/wp-json\/wp\/v2\/product_tag?post=2739"}],"curies":[{"name":"wp","href":"https:\/\/api.w.org\/{rel}","templated":true}]}}