{"id":2753,"date":"2023-03-11T15:05:16","date_gmt":"2023-03-11T15:05:16","guid":{"rendered":"https:\/\/ayaneo.co\/product\/ayaneo-pro-pc-gaming-handheld\/"},"modified":"2025-04-11T12:25:33","modified_gmt":"2025-04-11T12:25:33","slug":"ayaneo-pro-pc-gaming-handheld","status":"publish","type":"product","link":"https:\/\/ayaneo.co\/fr\/product\/ayaneo-pro-pc-gaming-handheld\/","title":{"rendered":"AYANEO PC Gaming Handheld Pro"},"content":{"rendered":"\n<figure class=\"wp-block-image\"><img decoding=\"async\" src=\"https:\/\/droix.net\/wp-content\/uploads\/elementor\/thumbs\/aya-neo-features-pk9lkumxlstccbb5vzfe137167irzcikhw6vrsl4l4.jpg\" alt=\"aya-neo-features.jpg\" title=\"aya-neo-features.jpg\"\/><\/figure>\n\n<p>Si vous souhaitez encore plus de puissance, l&rsquo;AYA NEO PRO est fait pour vous. D\u00e9veloppant l&rsquo;AYA NEO de 2021 et dot\u00e9 d&rsquo;un processeur AMD Ryzen 7, l&rsquo;AYA NEO PRO est un v\u00e9ritable ordinateur de poche portable pour les jeux Windows. <\/p>\n\n<figure class=\"wp-block-image\"><img decoding=\"async\" src=\"https:\/\/droix.net\/wp-content\/uploads\/elementor\/thumbs\/hero-pk9lkwint94k0m61dmx072ej9g5nuzgr31m11t2idk.jpg\" alt=\"h&#xE9;ros.jpg\" title=\"h&#xE9;ros.jpg\"\/><\/figure>\n\n<p>Avec la gamme PRO, un superbe mod\u00e8le \u00ab\u00a0Retro Power\u00a0\u00bb est d\u00e9sormais disponible pour tous les amateurs de jeux r\u00e9tro.<\/p>\n\n<figure class=\"wp-block-image\"><img decoding=\"async\" src=\"https:\/\/droix.net\/wp-content\/uploads\/2022\/02\/story-1-1024x710.png\" alt=\"\" title=\"AYA NEO 2021 PRO 1\"\/><\/figure>\n\n<p>La technologie a peut-\u00eatre \u00e9volu\u00e9, mais lorsque vous prenez en main l&rsquo;AYA NEO PRO, vous vous rendez compte \u00e0 quel point elle a \u00e9volu\u00e9. Et pour le meilleur. <\/p>\n\n<p>La conception du mod\u00e8le \u00ab\u00a0Retro Power\u00a0\u00bb a fait l&rsquo;objet d&rsquo;une attention particuli\u00e8re afin de ressembler aux consoles pr\u00e9c\u00e9dentes et d&rsquo;offrir une authentique sensation de r\u00e9tro. Mais ce n&rsquo;est pas tout : une fois que vous l&rsquo;aurez prise en main et que vous aurez jou\u00e9, vous vous rendrez compte qu&rsquo;il ne s&rsquo;agit pas d&rsquo;une vieille console. <\/p>\n\n<figure class=\"wp-block-image\"><img decoding=\"async\" src=\"https:\/\/droix.net\/wp-content\/uploads\/2022\/02\/story-2-1024x710.png\" alt=\"\" title=\"AYA NEO 2021 PRO 2\"\/><\/figure>\n\n<p>Le design n&rsquo;est pas la seule am\u00e9lioration de l&rsquo;AYA NEO PRO - Le processeur est maintenant un AMD Ryzen 7 - 4800U. Cela garantit que vos jeux se d\u00e9roulent sans probl\u00e8me tout en \u00e9tant \u00e9conome en \u00e9nergie. <\/p>\n\n<figure class=\"wp-block-image\"><img decoding=\"async\" src=\"https:\/\/droix.net\/wp-content\/uploads\/elementor\/thumbs\/aya-neo-2021-processor-pk9lvtf44d1wn4k9rvvzjcka0jpiectapv3h7kdiv8.png\" alt=\"aya-neo-2021-processeur.png\" title=\"aya-neo-2021-processeur.png\"\/><\/figure>\n\n<h2 class=\"wp-block-heading\">AMD, oui !<\/h2>\n\n<p>Le processeur AMD Ryzen 7 est construit sur l&rsquo;architecture FinFET 7nm de TSMC afin d&rsquo;offrir d&rsquo;excellentes performances tout en \u00e9tant \u00e9conome en \u00e9nergie. Le Ryzen 7 4800U est dot\u00e9 de 8 c\u0153urs, qui peuvent atteindre 4,2 GHz en cas de forte charge. <\/p>\n\n<figure class=\"wp-block-image\"><img decoding=\"async\" src=\"https:\/\/droix.net\/wp-content\/uploads\/2022\/02\/aya-neo-pro-processor-image.jpg\" alt=\"aya-neo-pro-processor-image.jpg\"\/><\/figure>\n\n<h2 class=\"wp-block-heading\">Ah, c&rsquo;est trop cool !<\/h2>\n\n<p>L&rsquo;AYA NEO Pro est livr\u00e9 avec un ventilateur qui veille \u00e0 ce que votre puissant processeur AMD Ryzen 7 ne soit pas trop expos\u00e9 \u00e0 la chaleur.<\/p>\n\n<figure class=\"wp-block-image\"><img decoding=\"async\" src=\"https:\/\/droix.net\/wp-content\/uploads\/elementor\/thumbs\/aya-neo-pro-heat-pk9lxuqk5am4y4f7ylrlit2l03fkgm4wa92orlb32g.png\" alt=\"aya-neo-pro-heat.png\" title=\"aya-neo-pro-heat.png\"\/><\/figure>\n\n<h2 class=\"wp-block-heading\">M\u00e9moire vive rapide et espace de stockage important<\/h2>\n\n<p>Dot\u00e9 de 16 Go de m\u00e9moire rapide LPDDR4x et jusqu&rsquo;\u00e0 2 To*2 de stockage d&rsquo;\u00e9tat solide NVMe. Vous serez ainsi certain de disposer de beaucoup d&rsquo;espace pour tous vos jeux et jeux r\u00e9tro pr\u00e9f\u00e9r\u00e9s, et de pouvoir ouvrir plus d&rsquo;un onglet Chrome \u00e0 la fois. <\/p>\n\n<figure class=\"wp-block-image\"><img decoding=\"async\" src=\"https:\/\/droix.net\/wp-content\/uploads\/elementor\/thumbs\/aya-neo-pro-ram-ssd-pk9llfbds5lnfqh4j8d6jxz68oouoosnwqjkbvqg9m.jpg\" alt=\"aya-neo-pro-ram-ssd.jpg\" title=\"aya-neo-pro-ram-ssd.jpg\"\/><\/figure>\n\n<h2 class=\"wp-block-heading\">Jeux<\/h2>\n\n<p>Jouez \u00e0 vos jeux pr\u00e9f\u00e9r\u00e9s en d\u00e9placement avec l&rsquo;AYA NEO PRO *1<\/p>\n\n<figure class=\"wp-block-image\"><img decoding=\"async\" src=\"https:\/\/droix.net\/wp-content\/uploads\/2022\/02\/aya-neo-pro-games.jpg\" alt=\"aya-neo-pro-games.jpg\"\/><\/figure>\n\n<p>1* - Les jeux pr\u00e9sent\u00e9s fonctionneront, cependant - L&rsquo;utilisateur doit ajuster les param\u00e8tres pour obtenir les performances souhait\u00e9es.<\/p>\n\n<p>2* - La version 2TB d&rsquo;AYA NEO PRO n&rsquo;est pas disponible actuellement.<\/p>\n","protected":false},"excerpt":{"rendered":"<ul>\n<li>AMD\u00ae<b> Ryzen\u2122 7 4800U<\/b> avec <b>AMD Radeon\u2122 Graphics<\/b><\/li>\n<li><strong>16Go<\/strong> LPDDR4x \u00e0 <strong>double canal<\/strong> @ 4266Mhz<\/li>\n<li><strong>1 To<\/strong> PCI-E <strong>NVMe<\/strong> haute vitesse <strong> SSD<\/strong><\/li>\n<li>\u00c9cran tactile <strong>7&Prime; H-IPS<\/strong> <\/li>\n<li>Prise en charge du <strong>WiFi 6E<\/strong> et du <strong>Bluetooth 5.1<\/strong> <\/li>\n<\/ul>\n[cg_accordion title=\"INFO PAIEMENT\"]<\/p>\n<p>Nous utilisons les derni\u00e8res technologies en mati\u00e8re de traitement des paiements, ce qui vous permet de r\u00e9gler vos achats via Apple Pay, Google Pay, votre carte de d\u00e9bit\/cr\u00e9dit, PayPal ou des m\u00e9thodes BNPL telles que Klarna, Affirm ou AfterPay pour une exp\u00e9rience rapide et s\u00e9curis\u00e9e.[\/cg_accordion]\n[cg_accordion title=\"GARANTIE\"]<\/p>\n<p>1 an de garantie de <a href=\"https:\/\/droix.net\/\" target=\"_blank\" rel=\"nofollow noopener\">DROIX Global<\/a> pour votre tranquillit\u00e9 d&rsquo;esprit[\/cg_accordion]\n[cg_accordion title=\"PRIX, TAXES ET FRAIS DE PORT\"]<\/p>\n<p><strong><u>Note :<\/u><\/strong><\/p>\n<ul>\n<li>Clients des \u00c9tats-Unis : Le prix affich\u00e9 n&rsquo;inclut pas les taxes ni les droits de douane. La responsabilit\u00e9 du d\u00e9douanement et du paiement des taxes et droits de douane incombe au client. <\/li>\n<li>Clients de l&rsquo;UE : Le prix affich\u00e9 inclut la TAXE applicable, qui peut s&rsquo;\u00e9lever jusqu&rsquo;\u00e0 25 % selon votre pays.<\/li>\n<li>Clients du Canada : Le prix affich\u00e9 comprend les taxes applicables, qui peuvent inclure la TPS de 5 % et des taxes de vente provinciales (TVP), la taxe de vente harmonis\u00e9e (TVH) ou la taxe de vente du Qu\u00e9bec (TVQ) suppl\u00e9mentaires, selon votre province.<\/li>\n<\/ul>\n<p><strong>Pour les clients de l&rsquo;UE SEULEMENT :<\/strong> Express DDP (Delivered Duty Paid). Cela signifie que : <\/p>\n<ul>\n<li>Tous les droits de douane et taxes sont inclus dans le prix affich\u00e9 sur la page du produit.<\/li>\n<li>Vous n&rsquo;aurez pas \u00e0 payer de frais suppl\u00e9mentaires \u00e0 la livraison.<\/li>\n<li>Dans les rares cas de probl\u00e8mes douaniers, notre \u00e9quipe s&rsquo;occupera de la proc\u00e9dure de d\u00e9douanement en votre nom afin d&rsquo;assurer une livraison sans probl\u00e8me.<\/li>\n<p>Informations importantes concernant les retours :<\/p>\n<li>Si vous d\u00e9cidez de retourner votre commande ou de demander un remboursement, sachez que les taxes et les droits pay\u00e9s en votre nom dans le cadre du programme DDP ne peuvent pas \u00eatre rembours\u00e9s.<\/li>\n<p>Veuillez vous r\u00e9f\u00e9rer \u00e0 nos <a href=\"https:\/\/ayaneo.co\/terms-of-service-2\/\" target=\"_blank\" rel=\"nofollow noopener\">conditions g\u00e9n\u00e9rales<\/a> pour plus d&rsquo;informations.\n<\/ul>\n<p>[\/cg_accordion]\n[cg_accordion title=\"SOUTIEN \u00c0 LA CLIENT\u00c8LE\"]<\/p>\n<p>Vous avez une question ? Il suffit d&rsquo;un petit texte pour que votre probl\u00e8me soit r\u00e9solu !<br \/>\n[\/cg_accordion]\n","protected":false},"featured_media":1014,"template":"","meta":{"_acf_changed":false},"product_brand":[],"product_cat":[369],"product_tag":[],"class_list":{"0":"post-2753","1":"product","2":"type-product","3":"status-publish","4":"has-post-thumbnail","6":"product_cat-pc-de-jeux-portables","7":"product_shipping_class-premium","8":"pa_brand-ayaneo","9":"pa_graphics-gpu-model-radeon-graphics","10":"pa_operating-system-windows-10","11":"pa_processor-cpu-brand-amd","13":"first","14":"outofstock","15":"taxable","16":"shipping-taxable","17":"purchasable","18":"product-type-variable","19":"has-default-attributes"},"acf":[],"_links":{"self":[{"href":"https:\/\/ayaneo.co\/fr\/wp-json\/wp\/v2\/product\/2753","targetHints":{"allow":["GET"]}}],"collection":[{"href":"https:\/\/ayaneo.co\/fr\/wp-json\/wp\/v2\/product"}],"about":[{"href":"https:\/\/ayaneo.co\/fr\/wp-json\/wp\/v2\/types\/product"}],"wp:featuredmedia":[{"embeddable":true,"href":"https:\/\/ayaneo.co\/fr\/wp-json\/wp\/v2\/media\/1014"}],"wp:attachment":[{"href":"https:\/\/ayaneo.co\/fr\/wp-json\/wp\/v2\/media?parent=2753"}],"wp:term":[{"taxonomy":"product_brand","embeddable":true,"href":"https:\/\/ayaneo.co\/fr\/wp-json\/wp\/v2\/product_brand?post=2753"},{"taxonomy":"product_cat","embeddable":true,"href":"https:\/\/ayaneo.co\/fr\/wp-json\/wp\/v2\/product_cat?post=2753"},{"taxonomy":"product_tag","embeddable":true,"href":"https:\/\/ayaneo.co\/fr\/wp-json\/wp\/v2\/product_tag?post=2753"}],"curies":[{"name":"wp","href":"https:\/\/api.w.org\/{rel}","templated":true}]}}