{"id":2754,"date":"2023-03-11T15:19:07","date_gmt":"2023-03-11T15:19:07","guid":{"rendered":"https:\/\/ayaneo.co\/product\/pc-de-jeu-portable-ayaneo\/"},"modified":"2025-04-11T12:25:39","modified_gmt":"2025-04-11T12:25:39","slug":"pc-de-jeu-portable-ayaneo","status":"publish","type":"product","link":"https:\/\/ayaneo.co\/fr\/product\/pc-de-jeu-portable-ayaneo\/","title":{"rendered":"AYANEO PC de jeu portable"},"content":{"rendered":"\n<div style=\"background-color: black; color: white;\"><p style=\"text-align: center;\"><img decoding=\"async\" class=\"\" style=\"margin-left: 3%;\" src=\"https:\/\/static.wixstatic.com\/media\/aac863_6656635baa574ee3bb8d41cedbc857a8~mv2.gif\" data-src=\"https:\/\/static.wixstatic.com\/media\/aac863_6656635baa574ee3bb8d41cedbc857a8~mv2.gif\"\/> <img decoding=\"async\" class=\"\" src=\"https:\/\/c1.iggcdn.com\/indiegogo-media-prod-cld\/image\/upload\/c_limit,w_695\/v1615019935\/njqfwmc4qkhhqzgiq1ni.png\" data-src=\"https:\/\/c1.iggcdn.com\/indiegogo-media-prod-cld\/image\/upload\/c_limit,w_695\/v1615019935\/njqfwmc4qkhhqzgiq1ni.png\"\/><\/p><div style=\"text-align: center;\"><\/div><p style=\"text-align: center;\">Le AYANEO est un PC de jeu portable r\u00e9volutionnaire qui int\u00e8gre l&rsquo;APU AMD Ryzen de 7 nm, offrant des performances de jeu sans pr\u00e9c\u00e9dent dans un format compact. Non seulement il offre des capacit\u00e9s de jeu de niveau AAA, mais il se double \u00e9galement d&rsquo;un PC Windows tr\u00e8s adaptable et flexible, gr\u00e2ce \u00e0 ses caract\u00e9ristiques impressionnantes d\u00e9crites ci-dessous. <\/p><p style=\"text-align: center;\"><img decoding=\"async\" class=\"\" src=\"https:\/\/c1.iggcdn.com\/indiegogo-media-prod-cld\/image\/upload\/c_limit,w_695\/v1615019962\/rn6jcqjs1po8f5gmtyqf.png\" data-src=\"https:\/\/c1.iggcdn.com\/indiegogo-media-prod-cld\/image\/upload\/c_limit,w_695\/v1615019962\/rn6jcqjs1po8f5gmtyqf.png\"\/>  Aliment\u00e9 par le processeur Ryzen 5 4500U, dot\u00e9 d&rsquo;un design \u00e0 six c\u0153urs et d&rsquo;une fr\u00e9quence turbo maximale de 4,0 GHz, le AYANEO est un v\u00e9ritable concentr\u00e9 de puissance qui g\u00e8re sans effort les jeux les plus exigeants. Avec 50 % de c\u0153urs en plus par rapport aux g\u00e9n\u00e9rations pr\u00e9c\u00e9dentes et \u00e0 la concurrence, le design hexa-core offre des performances multit\u00e2ches exceptionnelles. <\/p><p style=\"text-align: center;\"><img decoding=\"async\" class=\"\" src=\"https:\/\/c1.iggcdn.com\/indiegogo-media-prod-cld\/image\/upload\/c_limit,w_695\/v1615019979\/r9mmjkop1uvc6rhi6e0s.png\" data-src=\"https:\/\/c1.iggcdn.com\/indiegogo-media-prod-cld\/image\/upload\/c_limit,w_695\/v1615019979\/r9mmjkop1uvc6rhi6e0s.png\"\/><\/p><p style=\"text-align: center;\">L&rsquo;ordinateur portable Ryzen est \u00e9quip\u00e9 de puissantes cartes graphiques AMD Radeon qui font des jeux AAA un jeu d&rsquo;enfant. L&rsquo;am\u00e9lioration des d\u00e9tails de l&rsquo;image et la fluidit\u00e9 du jeu offrent une exp\u00e9rience de jeu immersive et sup\u00e9rieure. En outre, les pilotes Radeon Graphics offrent une excellente compatibilit\u00e9 avec les jeux les plus r\u00e9cents, ce qui permet de faire tourner des titres exigeants comme Cyberpunk 2077 \u00e0 plus de 30 FPS avec des param\u00e8tres plus bas. De plus, les pilotes Radeon Graphics offrent des fonctionnalit\u00e9s fantastiques telles que Radeon Boost, Radeon Image Sharpening et Radeon Anti-Lag. Notamment, Radeon Image Sharpening permet \u00e0 lui seul d&rsquo;augmenter les FPS de 5 \u00e0 10 dans les titres AAA avec un sacrifice minimal de la qualit\u00e9 de l&rsquo;image.    <img decoding=\"async\" class=\"\" src=\"https:\/\/c1.iggcdn.com\/indiegogo-media-prod-cld\/image\/upload\/c_limit,w_695\/v1614936310\/sx0rqht7zj0sxihvxhub.png\" data-src=\"https:\/\/c1.iggcdn.com\/indiegogo-media-prod-cld\/image\/upload\/c_limit,w_695\/v1614936310\/sx0rqht7zj0sxihvxhub.png\"\/>  Le AYANEO est \u00e9quip\u00e9 de 16 Go de RAM LPDDR4x 4266 et peut prendre en charge jusqu&rsquo;\u00e0 1 To de NVME SSD. Cela garantit non seulement une exp\u00e9rience de jeu transparente et fluide, mais r\u00e9duit \u00e9galement de mani\u00e8re significative les temps de chargement. Alors que d&rsquo;autres doivent attendre que les jeux se chargent, vous pouvez vous plonger directement dans l&rsquo;action.  <\/p><p style=\"text-align: center;\"><img decoding=\"async\" class=\"\" src=\"https:\/\/c1.iggcdn.com\/indiegogo-media-prod-cld\/image\/upload\/c_limit,w_695\/v1614936351\/fiymw14evbgdyzf9sqgs.png\" data-src=\"https:\/\/c1.iggcdn.com\/indiegogo-media-prod-cld\/image\/upload\/c_limit,w_695\/v1614936351\/fiymw14evbgdyzf9sqgs.png\"\/><\/p><p style=\"text-align: center;\">La manette de jeu du site AYANEO pr\u00e9sente de nombreuses caract\u00e9ristiques ergonomiques qui am\u00e9liorent le gameplay, notamment des joysticks cliquables avec des zones mortes optimis\u00e9es pour un fonctionnement plus fluide. Le positionnement des joysticks et du D-pad a \u00e9t\u00e9 optimis\u00e9 pour minimiser la courbe d&rsquo;apprentissage des utilisateurs. En outre, le ch\u00e2ssis de l&rsquo;appareil a \u00e9t\u00e9 con\u00e7u avec des c\u00f4t\u00e9s plus larges, assurant une prise en main plus ferme et de meilleures performances de jeu.  <\/p><p style=\"text-align: center;\"><img decoding=\"async\" class=\"\" src=\"https:\/\/static.wixstatic.com\/media\/aac863_43ed0b20a12b4752aef923e0e2adfe9e~mv2.gif\" data-src=\"https:\/\/static.wixstatic.com\/media\/aac863_43ed0b20a12b4752aef923e0e2adfe9e~mv2.gif\"\/><\/p><p style=\"text-align: center;\">Les boutons d&rsquo;\u00e9paule du AYANEO sont \u00e9quip\u00e9s de micro-interrupteurs APLPS, offrant une course plus courte et un retour d&rsquo;information plus clair. En outre, les joysticks de l&rsquo;AYA NEO sont dot\u00e9s de boutons d\u00e9di\u00e9s au gestionnaire des t\u00e2ches de Windows et au clavier \u00e0 l&rsquo;\u00e9cran, ce qui permet une exp\u00e9rience transparente de Windows. Ces boutons ont \u00e9t\u00e9 con\u00e7us pour \u00eatre align\u00e9s avec la surface du joystick, r\u00e9duisant ainsi les activations involontaires.  <\/p><p style=\"text-align: center;\"><img decoding=\"async\" class=\"\" src=\"https:\/\/c1.iggcdn.com\/indiegogo-media-prod-cld\/image\/upload\/c_limit,w_695\/v1615001195\/nzloks9padhf7p2zhwav.png\" data-src=\"https:\/\/c1.iggcdn.com\/indiegogo-media-prod-cld\/image\/upload\/c_limit,w_695\/v1615001195\/nzloks9padhf7p2zhwav.png\"\/><\/p><p style=\"text-align: center;\">La batterie lithium int\u00e9gr\u00e9e dans le AYANEO est compos\u00e9e de 3 cellules, chacune d&rsquo;une capacit\u00e9 de 4100mAh, fournie par BYD Auto et conforme \u00e0 toutes les normes industrielles internationales. Avec sa capacit\u00e9 de 47 Wattheures et sa faible consommation d&rsquo;\u00e9nergie, le AYANEO b\u00e9n\u00e9ficie d&rsquo;une excellente autonomie, pouvant durer jusqu&rsquo;\u00e0 5-6 heures avec les r\u00e9glages les plus bas du site TDP et jusqu&rsquo;\u00e0 140 minutes avec les jeux AAA les plus exigeants. De plus, le AYANEO prend en charge la charge rapide, une charge compl\u00e8te ne prenant que 90 minutes.  <\/p><p style=\"text-align: center;\"><img decoding=\"async\" class=\"\" src=\"https:\/\/c1.iggcdn.com\/indiegogo-media-prod-cld\/image\/upload\/c_limit,w_695\/v1615020381\/lhrkmd6a0fwvkzcqdrhr.png\" data-src=\"https:\/\/c1.iggcdn.com\/indiegogo-media-prod-cld\/image\/upload\/c_limit,w_695\/v1615020381\/lhrkmd6a0fwvkzcqdrhr.png\"\/>  Le AYANEO est dot\u00e9 d&rsquo;un \u00e9cran multitouch de 7 pouces avec un panneau 800p 215 PPI H-IPS, couvrant 76% de l&rsquo;espace colorim\u00e9trique NTSC et offrant une luminosit\u00e9 de pointe de 500 nit. De plus, l&rsquo;\u00e9cran ne scintille pas, ce qui garantit de superbes images de jeu \u00e0 chaque clich\u00e9. <\/p><p style=\"text-align: center;\"><img decoding=\"async\" class=\"\" src=\"https:\/\/c1.iggcdn.com\/indiegogo-media-prod-cld\/image\/upload\/c_limit,w_695\/v1615020027\/knbtdy0fr89jdpecpbfa.png\" data-src=\"https:\/\/c1.iggcdn.com\/indiegogo-media-prod-cld\/image\/upload\/c_limit,w_695\/v1615020027\/knbtdy0fr89jdpecpbfa.png\"\/><\/p><p style=\"text-align: center;\">Le site AYANEO est \u00e9quip\u00e9 d&rsquo;un gyroscope\/acc\u00e9l\u00e9rom\u00e8tre \u00e0 6 axes int\u00e9gr\u00e9 qui fournit une aide \u00e0 la vis\u00e9e de haute pr\u00e9cision et d&rsquo;autres fonctions int\u00e9ressantes. De plus, l&rsquo;appareil est \u00e9quip\u00e9 de moteurs de vibration int\u00e9gr\u00e9s qui fournissent un retour d&rsquo;information en cas de collision, de vibration, de combat et d&rsquo;autres sc\u00e8nes, ce qui permet une exp\u00e9rience de jeu plus immersive. <\/p><p style=\"text-align: center;\"><img decoding=\"async\" class=\"\" src=\"https:\/\/c1.iggcdn.com\/indiegogo-media-prod-cld\/image\/upload\/c_limit,w_695\/v1615020046\/ghondj0xjfgyldiartzt.png\" data-src=\"https:\/\/c1.iggcdn.com\/indiegogo-media-prod-cld\/image\/upload\/c_limit,w_695\/v1615020046\/ghondj0xjfgyldiartzt.png\"\/><\/p><p style=\"text-align: center;\">La puissance brute du AYANEOlui permet de faire tourner des titres AAA comme Cyberpunk 2077, Watch Dogs : Legion, Death Stranding, Assassin&rsquo;s Creed Valhalla, Destiny 2, Horizon Zero Dawn, et bien d&rsquo;autres encore, avec de bons taux de rafra\u00eechissement. En outre, l&rsquo;appareil vous permet d&rsquo;ex\u00e9cuter la version PC des jeux, qui peut \u00eatre beaucoup moins ch\u00e8re que la version console. <\/p><p style=\"text-align: center;\"><img decoding=\"async\" class=\"\" src=\"https:\/\/c1.iggcdn.com\/indiegogo-media-prod-cld\/image\/upload\/c_limit,w_695\/v1614936733\/obwoov4gy7o7n23zq8wl.png\" data-src=\"https:\/\/c1.iggcdn.com\/indiegogo-media-prod-cld\/image\/upload\/c_limit,w_695\/v1614936733\/obwoov4gy7o7n23zq8wl.png\"\/><\/p><p style=\"text-align: center;\"><img decoding=\"async\" class=\"\" src=\"https:\/\/c1.iggcdn.com\/indiegogo-media-prod-cld\/image\/upload\/c_limit,w_695\/v1615020358\/d8cym34zq3rhnbia3b9i.png\" data-src=\"https:\/\/c1.iggcdn.com\/indiegogo-media-prod-cld\/image\/upload\/c_limit,w_695\/v1615020358\/d8cym34zq3rhnbia3b9i.png\"\/><\/p><p style=\"text-align: center;\">Gr\u00e2ce \u00e0 sa puissance brute et \u00e0 son excellente connectivit\u00e9, le site AYANEO est capable de faire tourner des titres AAA en solo et des jeux multijoueurs en ligne de mani\u00e8re transparente<\/p><p style=\"text-align: center;\"><img decoding=\"async\" class=\"\" src=\"https:\/\/c1.iggcdn.com\/indiegogo-media-prod-cld\/image\/upload\/c_limit,w_695\/v1614936771\/nz1hzj2hgoyghq1adk1h.png\" data-src=\"https:\/\/c1.iggcdn.com\/indiegogo-media-prod-cld\/image\/upload\/c_limit,w_695\/v1614936771\/nz1hzj2hgoyghq1adk1h.png\"\/>  Le site AYANEO est \u00e9quip\u00e9 du module sans fil Intel AX200, qui prend en charge le Wi-Fi 6 et le Bluetooth 5.0. Le Wi-Fi 6 offre des vitesses jusqu&rsquo;\u00e0 2,7 fois plus rapides et une latence r\u00e9duite de 25 % par rapport \u00e0 la g\u00e9n\u00e9ration pr\u00e9c\u00e9dente. Qu&rsquo;il s&rsquo;agisse de jeux, de vid\u00e9os en ligne, de streaming en direct ou d&rsquo;acc\u00e8s \u00e0 distance, le Wi-Fi 6 de l&rsquo;ordinateur AYANEOle g\u00e8re parfaitement.  <\/p><p style=\"text-align: center;\"><img decoding=\"async\" class=\"\" src=\"https:\/\/c1.iggcdn.com\/indiegogo-media-prod-cld\/image\/upload\/c_limit,w_695\/v1614936793\/znofdbppssvahjptax4d.png\" data-src=\"https:\/\/c1.iggcdn.com\/indiegogo-media-prod-cld\/image\/upload\/c_limit,w_695\/v1614936793\/znofdbppssvahjptax4d.png\"\/>  AYANEO dispose de 3 ports USB 3.2 Gen 2 Type-C 10Gbps, dont 2 avec sortie vid\u00e9o et capacit\u00e9s de charge, ainsi qu&rsquo;une prise casque de 3,5 mm. En outre, la station d&rsquo;accueil portable offre davantage d&rsquo;options de connectivit\u00e9, notamment 2 ports USB 3.2 Gen 1 de type A, 1 port HDMI, 1 emplacement pour carte SD, 1 emplacement pour carte TF et 1 port RJ45. Cette station d&rsquo;accueil ultra-portable peut se ranger dans l&rsquo;\u00e9tui de transport avec l&rsquo;appareil et sert \u00e9galement de station de charge. Avec la possibilit\u00e9 de connecter jusqu&rsquo;\u00e0 2 moniteurs externes et un clavier\/souris externe, AYANEO offre une exp\u00e9rience similaire \u00e0 celle d&rsquo;un ordinateur de bureau, tant pour le divertissement que pour la productivit\u00e9.   <\/p><p style=\"text-align: center;\"><img decoding=\"async\" class=\"\" src=\"https:\/\/c1.iggcdn.com\/indiegogo-media-prod-cld\/image\/upload\/c_limit,w_695\/v1614936808\/rfczhcxftjpotxtukccj.png\" data-src=\"https:\/\/c1.iggcdn.com\/indiegogo-media-prod-cld\/image\/upload\/c_limit,w_695\/v1614936808\/rfczhcxftjpotxtukccj.png\"\/><\/p><\/div>\n","protected":false},"excerpt":{"rendered":"[cg_accordion title=\"At a Glance\" open=\"open\"]<\/p>\n<ul>\n<li>AMD\u00ae<b> Ryzen\u2122 5 4500U<\/b> avec <b>AMD Radeon\u2122 Graphics<\/b><\/li>\n<li><strong>16Go<\/strong> LPDDR4x \u00e0 <strong>double canal<\/strong> @ 4266Mhz<\/li>\n<li><strong>1 To<\/strong> PCI-E <strong>NVMe<\/strong> haute vitesse <strong> SSD<\/strong><\/li>\n<li>\u00c9cran tactile <strong>7&Prime; H-IPS<\/strong> <\/li>\n<li>Prise en charge du <strong>WiFi 6E<\/strong> et du <strong>Bluetooth 5.1<\/strong> <\/li>\n<\/ul>\n<p>[\/cg_accordion]\n[cg_accordion title=\"INFO PAIEMENT\"]<\/p>\n<p>Nous utilisons les derni\u00e8res technologies en mati\u00e8re de traitement des paiements, ce qui vous permet de r\u00e9gler vos achats via Apple Pay, Google Pay, votre carte de d\u00e9bit\/cr\u00e9dit, PayPal ou des m\u00e9thodes BNPL telles que Klarna, Affirm ou AfterPay pour une exp\u00e9rience rapide et s\u00e9curis\u00e9e.[\/cg_accordion]\n[cg_accordion title=\"GARANTIE\"]<\/p>\n<p>1 an de garantie de <a href=\"https:\/\/droix.net\/\" target=\"_blank\" rel=\"nofollow noopener\">DROIX Global<\/a> pour votre tranquillit\u00e9 d&rsquo;esprit[\/cg_accordion]\n[cg_accordion title=\"PRIX, TAXES ET FRAIS DE PORT\"]<\/p>\n<p><strong><u>Note :<\/u><\/strong><\/p>\n<ul>\n<li>Clients des \u00c9tats-Unis : Le prix affich\u00e9 n&rsquo;inclut pas les taxes ni les droits de douane. La responsabilit\u00e9 du d\u00e9douanement et du paiement des taxes et droits de douane incombe au client. <\/li>\n<li>Clients de l&rsquo;UE : Le prix affich\u00e9 inclut la TAXE applicable, qui peut s&rsquo;\u00e9lever jusqu&rsquo;\u00e0 25 % selon votre pays.<\/li>\n<li>Clients du Canada : Le prix affich\u00e9 comprend les taxes applicables, qui peuvent inclure la TPS de 5 % et des taxes de vente provinciales (TVP), la taxe de vente harmonis\u00e9e (TVH) ou la taxe de vente du Qu\u00e9bec (TVQ) suppl\u00e9mentaires, selon votre province.<\/li>\n<\/ul>\n<p><strong>Pour les clients de l&rsquo;UE SEULEMENT :<\/strong> Express DDP (Delivered Duty Paid). Cela signifie que : <\/p>\n<ul>\n<li>Tous les droits de douane et taxes sont inclus dans le prix affich\u00e9 sur la page du produit.<\/li>\n<li>Vous n&rsquo;aurez pas \u00e0 payer de frais suppl\u00e9mentaires \u00e0 la livraison.<\/li>\n<li>Dans les rares cas de probl\u00e8mes douaniers, notre \u00e9quipe s&rsquo;occupera de la proc\u00e9dure de d\u00e9douanement en votre nom afin d&rsquo;assurer une livraison sans probl\u00e8me.<\/li>\n<p>Informations importantes concernant les retours :<\/p>\n<li>Si vous d\u00e9cidez de retourner votre commande ou de demander un remboursement, sachez que les taxes et les droits pay\u00e9s en votre nom dans le cadre du programme DDP ne peuvent pas \u00eatre rembours\u00e9s.<\/li>\n<p>Veuillez vous r\u00e9f\u00e9rer \u00e0 nos <a href=\"https:\/\/ayaneo.co\/terms-of-service-2\/\" target=\"_blank\" rel=\"nofollow noopener\">conditions g\u00e9n\u00e9rales<\/a> pour plus d&rsquo;informations.\n<\/ul>\n<p>[\/cg_accordion]\n[cg_accordion title=\"SOUTIEN \u00c0 LA CLIENT\u00c8LE\"]<\/p>\n<p>Vous avez une question ? Il suffit d&rsquo;un petit texte pour que votre probl\u00e8me soit r\u00e9solu !<br \/>\n[\/cg_accordion]\n","protected":false},"featured_media":1024,"template":"","meta":{"_acf_changed":false},"product_brand":[],"product_cat":[369],"product_tag":[400],"class_list":{"0":"post-2754","1":"product","2":"type-product","3":"status-publish","4":"has-post-thumbnail","6":"product_cat-pc-de-jeux-portables","7":"product_tag-pc-gaming-handheld-fr","8":"product_shipping_class-premium","9":"pa_brand-ayaneo","10":"pa_graphics-gpu-model-radeon-graphics","11":"pa_operating-system-windows-10","12":"pa_processor-cpu-brand-amd","14":"first","15":"outofstock","16":"taxable","17":"shipping-taxable","18":"purchasable","19":"product-type-simple"},"acf":[],"_links":{"self":[{"href":"https:\/\/ayaneo.co\/fr\/wp-json\/wp\/v2\/product\/2754","targetHints":{"allow":["GET"]}}],"collection":[{"href":"https:\/\/ayaneo.co\/fr\/wp-json\/wp\/v2\/product"}],"about":[{"href":"https:\/\/ayaneo.co\/fr\/wp-json\/wp\/v2\/types\/product"}],"wp:featuredmedia":[{"embeddable":true,"href":"https:\/\/ayaneo.co\/fr\/wp-json\/wp\/v2\/media\/1024"}],"wp:attachment":[{"href":"https:\/\/ayaneo.co\/fr\/wp-json\/wp\/v2\/media?parent=2754"}],"wp:term":[{"taxonomy":"product_brand","embeddable":true,"href":"https:\/\/ayaneo.co\/fr\/wp-json\/wp\/v2\/product_brand?post=2754"},{"taxonomy":"product_cat","embeddable":true,"href":"https:\/\/ayaneo.co\/fr\/wp-json\/wp\/v2\/product_cat?post=2754"},{"taxonomy":"product_tag","embeddable":true,"href":"https:\/\/ayaneo.co\/fr\/wp-json\/wp\/v2\/product_tag?post=2754"}],"curies":[{"name":"wp","href":"https:\/\/api.w.org\/{rel}","templated":true}]}}