{"id":2795,"date":"2023-03-11T17:22:19","date_gmt":"2023-03-11T17:22:19","guid":{"rendered":"https:\/\/ayaneo.co\/product\/ayaneo-geek-pc-gaming-handheld\/"},"modified":"2025-04-11T12:25:46","modified_gmt":"2025-04-11T12:25:46","slug":"ayaneo-geek-pc-gaming-handheld","status":"publish","type":"product","link":"https:\/\/ayaneo.co\/fr\/product\/ayaneo-geek-pc-gaming-handheld\/","title":{"rendered":"AYANEO Geek PC Gaming Handheld"},"content":{"rendered":"\n<p>Voici le PC de jeu portable AYANEO Geek, un appareil puissant et \u00e9conomique qui offre des performances exceptionnelles. \u00c9quip\u00e9 du processeur AMD Ryzen 7 6800U, avec huit c\u0153urs et seize threads, le AYANEO Geek fonctionne jusqu&rsquo;\u00e0 4,7 GHz pour un fonctionnement rapide et efficace. Le GPU est l&rsquo;AMD Radeon 680M, qui fonctionne jusqu&rsquo;\u00e0 2,2 GHz et offre d&rsquo;incroyables performances de jeu AAA, comme le d\u00e9montre la console portable AYANEO 2.  <\/p>\n\n<p>Le AYANEO Geek offre plusieurs options de personnalisation, notamment jusqu&rsquo;\u00e0 32 Go de RAM LPDDR5 \u00e0 6400 MT\/s et jusqu&rsquo;\u00e0 2 To de disque dur PCIE 3.0 m.2 2280 double face SSD. Il y a \u00e9galement un emplacement pour carte micro SD afin d&rsquo;\u00e9tendre la capacit\u00e9 de stockage. <\/p>\n\n<p>Profitez de visuels \u00e9poustouflants sur l&rsquo;\u00e9cran tactile de 7 pouces du AYANEO Geek, d&rsquo;une r\u00e9solution de 1920\u00d71200, entour\u00e9 d&rsquo;un cadre fin. L&rsquo;\u00e9cran pr\u00e9sente des couleurs vives et \u00e9clatantes. Les commandes de jeu sont \u00e9quip\u00e9es de capteurs de hall, ce qui permet une saisie pr\u00e9cise et fiable. Ces capteurs utilisent des aimants au lieu des pi\u00e8ces mobiles traditionnelles, qui ont tendance \u00e0 s&rsquo;user plus rapidement.   <\/p>\n\n<p>Connectez-vous \u00e0 des p\u00e9riph\u00e9riques sans fil gr\u00e2ce aux fonctionnalit\u00e9s rapides WiFi 6 et Bluetooth 5.2 du AYANEO Geek. L&rsquo;appareil comporte \u00e9galement trois ports USB Type-C, dont deux sont compatibles USB 4 et Thunderbolt, ce qui vous permet de vous connecter \u00e0 des p\u00e9riph\u00e9riques \u00e0 haut d\u00e9bit, y compris l&rsquo;eGPU pour des performances encore plus rapides. <\/p>\n\n<p>D\u00e9couvrez les derniers jeux Windows AAA avec des taux d&rsquo;images jouables et des graphiques de qualit\u00e9, ou faites tourner des \u00e9mulateurs de consoles de septi\u00e8me g\u00e9n\u00e9ration, comme la PlayStation 3, avec des taux d&rsquo;images incroyables. Le AYANEO Geek est portable et l\u00e9ger : il mesure 26,5 x 10,5 x 3,7 cm (10,13 x 1,4 pouces) et ne p\u00e8se que 680 g. Il est parfait pour une utilisation sur votre trajet quotidien, en voyage ou \u00e0 la maison, o\u00f9 vous pouvez le connecter \u00e0 une station d&rsquo;accueil et l&rsquo;utiliser comme un PC de bureau sur un t\u00e9l\u00e9viseur ou un moniteur.  <\/p>\n","protected":false},"excerpt":{"rendered":"<ul>\n<li>AMD<strong> Ryzen 7 6800U<\/strong> \/ Radeon 680M<\/li>\n<li><strong>jusqu&rsquo;\u00e0 32GB<\/strong> LPDDR5 @ <strong>6400 MT\/s<\/strong><\/li>\n<li>jusqu&rsquo;<strong>\u00e0 2 To<\/strong> PCIe 4.0 m.2 haute vitesse 2280 SSD <\/li>\n<li>\u00c9cran tactile <strong>7<\/strong> \u00a0\u00bb <strong> LCD<\/strong> <\/li>\n<li>Prise en charge du <strong>WiFi 6<\/strong> et du <strong>Bluetooth 5.2<\/strong> <\/li>\n<\/ul>\n[cg_accordion title=\"INFO PAIEMENT\"]<\/p>\n<p>Nous utilisons les derni\u00e8res technologies en mati\u00e8re de traitement des paiements, ce qui vous permet de r\u00e9gler vos achats via Apple Pay, Google Pay, votre carte de d\u00e9bit\/cr\u00e9dit, PayPal ou des m\u00e9thodes BNPL telles que Klarna, Affirm ou AfterPay pour une exp\u00e9rience rapide et s\u00e9curis\u00e9e.[\/cg_accordion]\n[cg_accordion title=\"GARANTIE\"]<\/p>\n<p>1 an de garantie de <a href=\"https:\/\/droix.net\/\" target=\"_blank\" rel=\"nofollow noopener\">DROIX Global<\/a> pour votre tranquillit\u00e9 d&rsquo;esprit[\/cg_accordion]\n[cg_accordion title=\"PRIX, TAXES ET FRAIS DE PORT\"]<\/p>\n<p><strong><u>Note :<\/u><\/strong><\/p>\n<ul>\n<li>Clients des \u00c9tats-Unis : Le prix affich\u00e9 n&rsquo;inclut pas les taxes ni les droits de douane. La responsabilit\u00e9 du d\u00e9douanement et du paiement des taxes et droits de douane incombe au client. <\/li>\n<li>Clients de l&rsquo;UE : Le prix affich\u00e9 inclut la TAXE applicable, qui peut s&rsquo;\u00e9lever jusqu&rsquo;\u00e0 25 % selon votre pays.<\/li>\n<li>Clients du Canada : Le prix affich\u00e9 comprend les taxes applicables, qui peuvent inclure la TPS de 5 % et des taxes de vente provinciales (TVP), la taxe de vente harmonis\u00e9e (TVH) ou la taxe de vente du Qu\u00e9bec (TVQ) suppl\u00e9mentaires, selon votre province.<\/li>\n<\/ul>\n<p><strong>Pour les clients de l&rsquo;UE SEULEMENT :<\/strong> Express DDP (Delivered Duty Paid). Cela signifie que : <\/p>\n<ul>\n<li>Tous les droits de douane et taxes sont inclus dans le prix affich\u00e9 sur la page du produit.<\/li>\n<li>Vous n&rsquo;aurez pas \u00e0 payer de frais suppl\u00e9mentaires \u00e0 la livraison.<\/li>\n<li>Dans les rares cas de probl\u00e8mes douaniers, notre \u00e9quipe s&rsquo;occupera de la proc\u00e9dure de d\u00e9douanement en votre nom afin d&rsquo;assurer une livraison sans probl\u00e8me.<\/li>\n<p>Informations importantes concernant les retours :<\/p>\n<li>Si vous d\u00e9cidez de retourner votre commande ou de demander un remboursement, sachez que les taxes et les droits pay\u00e9s en votre nom dans le cadre du programme DDP ne peuvent pas \u00eatre rembours\u00e9s.<\/li>\n<p>Veuillez vous r\u00e9f\u00e9rer \u00e0 nos <a href=\"https:\/\/ayaneo.co\/terms-of-service-2\/\" target=\"_blank\" rel=\"nofollow noopener\">conditions g\u00e9n\u00e9rales<\/a> pour plus d&rsquo;informations.\n<\/ul>\n<p>[\/cg_accordion]\n[cg_accordion title=\"SOUTIEN \u00c0 LA CLIENT\u00c8LE\"]<\/p>\n<p>Vous avez une question ? Il suffit d&rsquo;un petit texte pour que votre probl\u00e8me soit r\u00e9solu !<br \/>\n[\/cg_accordion]\n","protected":false},"featured_media":1054,"template":"","meta":{"_acf_changed":false},"product_brand":[],"product_cat":[369],"product_tag":[],"class_list":{"0":"post-2795","1":"product","2":"type-product","3":"status-publish","4":"has-post-thumbnail","6":"product_cat-pc-de-jeux-portables","7":"product_shipping_class-premium","8":"pa_brand-ayaneo","9":"pa_graphics-gpu-model-radeon-680m","10":"pa_operating-system-windows-11","11":"pa_processor-cpu-brand-amd","13":"first","14":"outofstock","15":"taxable","16":"shipping-taxable","17":"purchasable","18":"product-type-variable","19":"has-default-attributes"},"acf":[],"_links":{"self":[{"href":"https:\/\/ayaneo.co\/fr\/wp-json\/wp\/v2\/product\/2795","targetHints":{"allow":["GET"]}}],"collection":[{"href":"https:\/\/ayaneo.co\/fr\/wp-json\/wp\/v2\/product"}],"about":[{"href":"https:\/\/ayaneo.co\/fr\/wp-json\/wp\/v2\/types\/product"}],"wp:featuredmedia":[{"embeddable":true,"href":"https:\/\/ayaneo.co\/fr\/wp-json\/wp\/v2\/media\/1054"}],"wp:attachment":[{"href":"https:\/\/ayaneo.co\/fr\/wp-json\/wp\/v2\/media?parent=2795"}],"wp:term":[{"taxonomy":"product_brand","embeddable":true,"href":"https:\/\/ayaneo.co\/fr\/wp-json\/wp\/v2\/product_brand?post=2795"},{"taxonomy":"product_cat","embeddable":true,"href":"https:\/\/ayaneo.co\/fr\/wp-json\/wp\/v2\/product_cat?post=2795"},{"taxonomy":"product_tag","embeddable":true,"href":"https:\/\/ayaneo.co\/fr\/wp-json\/wp\/v2\/product_tag?post=2795"}],"curies":[{"name":"wp","href":"https:\/\/api.w.org\/{rel}","templated":true}]}}