{"id":28465,"date":"2025-07-15T11:52:07","date_gmt":"2025-07-15T11:52:07","guid":{"rendered":"https:\/\/ayaneo.co\/?post_type=product&#038;p=28465"},"modified":"2025-12-09T00:24:16","modified_gmt":"2025-12-09T00:24:16","slug":"ayaneo-pocket-micro-dmg-thumb-stick-grip-caps-plus-de-confort-et-de-controle-copy","status":"publish","type":"product","link":"https:\/\/ayaneo.co\/fr\/product\/ayaneo-pocket-micro-dmg-thumb-stick-grip-caps-plus-de-confort-et-de-controle-copy\/","title":{"rendered":"AYANEO Pocket S, AIR &amp; SLIDE Thumb Stick Grip Caps - Am\u00e9lioration du confort et du contr\u00f4le !"},"content":{"rendered":"\n<p><strong>Am\u00e9liorez votre exp\u00e9rience de jeu avec les embouts de stick pour le pouce AYANEO Pocket S, AIR &amp; SLIDE !<\/strong>  Con\u00e7us pour la pr\u00e9cision, le confort et la durabilit\u00e9, ces capuchons de poign\u00e9e offrent un meilleur contr\u00f4le et une meilleure prise en main, garantissant un jeu plus fluide pour vos appareils AYANEO Pocket S, AIR et SLIDE.<\/p>\n\n<h2 class=\"wp-block-heading\"><strong>Caract\u00e9ristiques principales :<\/strong><\/h2>\n\n<p><strong>Am\u00e9lioration de la prise en main et du contr\u00f4le<\/strong> - Dites adieu aux pouces glissants ! Profitez d&rsquo;une pr\u00e9cision accrue pour chaque mouvement sur votre AYANEO Pocket S, AIR ou SLIDE. <\/p>\n\n<p><strong>Conception confortable et ergonomique<\/strong> - Le mat\u00e9riau doux au toucher r\u00e9duit la tension pendant les longues sessions de jeu.  <\/p>\n\n<p><strong>Mat\u00e9riau de premi\u00e8re qualit\u00e9<\/strong> - Le silicone durable et de haute qualit\u00e9 garantit des performances durables.  <\/p>\n\n<p><strong>Facile \u00e0 installer et \u00e0 fixer<\/strong> - Con\u00e7u sp\u00e9cialement pour AYANEO Pocket S, AIR &amp; SLIDE, garantissant un ajustement serr\u00e9 et antid\u00e9rapant.  <\/p>\n\n<p><strong>\u00c9l\u00e9gant et fonctionnel<\/strong> - Ajoute une esth\u00e9tique \u00e9l\u00e9gante tout en prot\u00e9geant vos pouces de l&rsquo;usure.  <\/p>\n\n<p>Faites passer votre exp\u00e9rience de jeu AYANEO au niveau sup\u00e9rieur gr\u00e2ce \u00e0 ces capuchons de poign\u00e9e indispensables !  <\/p>\n\n<p><\/p>\n","protected":false},"excerpt":{"rendered":"<ul>\n<li>AYANEO Pocket S, AIR &amp; SLIDE Thumb Stick Grip Caps <strong>officielles<\/strong> <\/li>\n<li><strong>Am\u00e9lioration de la prise en main et du contr\u00f4le<\/strong> - Am\u00e9liore la pr\u00e9cision et la maniabilit\u00e9.<\/li>\n<li><strong>Doux et confortable<\/strong> - R\u00e9duit la fatigue pour les jeux prolong\u00e9s.<\/li>\n<li><strong>Mat\u00e9riau en silicone<\/strong> durable - Longue dur\u00e9e de vie et r\u00e9sistance \u00e0 l&rsquo;usure.<\/li>\n<li><strong>Perfect Fit<\/strong> - Con\u00e7u exclusivement pour AYANEO Pocket S, AIR &amp; SLIDE.<\/li>\n<\/ul>\n[cg_accordion title=\"INFO PAIEMENT\"]<\/p>\n<p>Nous utilisons les derni\u00e8res technologies en mati\u00e8re de traitement des paiements, ce qui vous permet de r\u00e9gler vos achats via Apple Pay, Google Pay, votre carte de d\u00e9bit\/cr\u00e9dit, PayPal ou des m\u00e9thodes BNPL telles que Klarna, Affirm ou AfterPay pour une exp\u00e9rience rapide et s\u00e9curis\u00e9e.[\/cg_accordion]\n[cg_accordion title=\"GARANTIE\"]<\/p>\n<p>1 an de garantie de <a href=\"https:\/\/droix.net\/\" target=\"_blank\" rel=\"nofollow noopener\">DROIX Global<\/a> pour votre tranquillit\u00e9 d&rsquo;esprit[\/cg_accordion]\n[cg_accordion title=\"ASSURANCE QUALIT\u00c9 ET ESSAIS AVANT EXP\u00c9DITION\"]<\/p>\n<p>Garantir la satisfaction du client au plus haut niveau : Chaque appareil est soumis \u00e0 des tests rigoureux et \u00e0 un contr\u00f4le de qualit\u00e9 en plusieurs points avant d&rsquo;\u00eatre exp\u00e9di\u00e9. Notre \u00e9quipe d\u00e9di\u00e9e v\u00e9rifie la performance, la fonctionnalit\u00e9 et l&rsquo;int\u00e9grit\u00e9 des composants pour garantir que votre appareil AYANEO est en parfait \u00e9tat de fonctionnement \u00e0 l&rsquo;arriv\u00e9e, vous apportant confiance et tranquillit\u00e9 d&rsquo;esprit. [\/cg_accordion]\n[cg_accordion title=\"PRIX, TAXES ET FRAIS DE PORT\"]<\/p>\n<p><strong><u>Note :<\/u><\/strong><\/p>\n<ul>\n<li>Clients des \u00c9tats-Unis : Le prix affich\u00e9 n&rsquo;inclut pas les taxes ni les droits de douane. La responsabilit\u00e9 du d\u00e9douanement et du paiement des taxes et droits de douane incombe au client. <\/li>\n<li>Clients de l&rsquo;UE : Le prix affich\u00e9 inclut la TAXE applicable, qui peut s&rsquo;\u00e9lever jusqu&rsquo;\u00e0 25 % selon votre pays.<\/li>\n<li>Clients du Canada : Le prix affich\u00e9 comprend les taxes applicables, qui peuvent inclure la TPS de 5 % et des taxes de vente provinciales (TVP), la taxe de vente harmonis\u00e9e (TVH) ou la taxe de vente du Qu\u00e9bec (TVQ) suppl\u00e9mentaires, selon votre province.<\/li>\n<\/ul>\n<p><strong>Pour les clients de l&rsquo;UE SEULEMENT :<\/strong> Express DDP (Delivered Duty Paid). Cela signifie que : <\/p>\n<ul>\n<li>Tous les droits de douane et taxes sont inclus dans le prix affich\u00e9 sur la page du produit.<\/li>\n<li>Vous n&rsquo;aurez pas \u00e0 payer de frais suppl\u00e9mentaires \u00e0 la livraison.<\/li>\n<li>Dans les rares cas de probl\u00e8mes douaniers, notre \u00e9quipe s&rsquo;occupera de la proc\u00e9dure de d\u00e9douanement en votre nom afin d&rsquo;assurer une livraison sans probl\u00e8me.<\/li>\n<p>Informations importantes concernant les retours :<\/p>\n<li>Si vous d\u00e9cidez de retourner votre commande ou de demander un remboursement, sachez que les taxes et les droits pay\u00e9s en votre nom dans le cadre du programme DDP ne peuvent pas \u00eatre rembours\u00e9s.<\/li>\n<p>Veuillez vous r\u00e9f\u00e9rer \u00e0 nos <a href=\"https:\/\/ayaneo.co\/fr\/conditions-dutilisation\/\" target=\"_blank\" rel=\"nofollow noopener\">conditions g\u00e9n\u00e9rales<\/a> pour plus d&rsquo;informations.\n<\/ul>\n<p>[\/cg_accordion]\n[cg_accordion title=\"SOUTIEN \u00c0 LA CLIENT\u00c8LE\"]<\/p>\n<p>Vous avez une question ? Il suffit d&rsquo;un petit texte pour que votre probl\u00e8me soit r\u00e9solu ! [\/cg_accordion]\n[cg_accordion title=\"LE PAQUET COMPREND\"]<\/p>\n<ul>\n<li>1x AYANEO Pocket S, AIR &amp; SLIDE Thumb Stick Grip Caps<\/li>\n<\/ul>\n<p>[\/cg_accordion]\n","protected":false},"featured_media":28496,"template":"","meta":{"_acf_changed":false},"product_brand":[],"product_cat":[389],"product_tag":[],"class_list":{"0":"post-28465","1":"product","2":"type-product","3":"status-publish","4":"has-post-thumbnail","6":"product_cat-accessoires","7":"product_shipping_class-low-end","9":"first","10":"instock","11":"sale","12":"taxable","13":"shipping-taxable","14":"purchasable","15":"product-type-simple"},"acf":[],"_links":{"self":[{"href":"https:\/\/ayaneo.co\/fr\/wp-json\/wp\/v2\/product\/28465","targetHints":{"allow":["GET"]}}],"collection":[{"href":"https:\/\/ayaneo.co\/fr\/wp-json\/wp\/v2\/product"}],"about":[{"href":"https:\/\/ayaneo.co\/fr\/wp-json\/wp\/v2\/types\/product"}],"wp:featuredmedia":[{"embeddable":true,"href":"https:\/\/ayaneo.co\/fr\/wp-json\/wp\/v2\/media\/28496"}],"wp:attachment":[{"href":"https:\/\/ayaneo.co\/fr\/wp-json\/wp\/v2\/media?parent=28465"}],"wp:term":[{"taxonomy":"product_brand","embeddable":true,"href":"https:\/\/ayaneo.co\/fr\/wp-json\/wp\/v2\/product_brand?post=28465"},{"taxonomy":"product_cat","embeddable":true,"href":"https:\/\/ayaneo.co\/fr\/wp-json\/wp\/v2\/product_cat?post=28465"},{"taxonomy":"product_tag","embeddable":true,"href":"https:\/\/ayaneo.co\/fr\/wp-json\/wp\/v2\/product_tag?post=28465"}],"curies":[{"name":"wp","href":"https:\/\/api.w.org\/{rel}","templated":true}]}}