{"id":30049,"date":"2025-08-06T10:57:49","date_gmt":"2025-08-06T10:57:49","guid":{"rendered":"https:\/\/ayaneo.co\/?post_type=product&#038;p=30049"},"modified":"2026-01-06T00:25:57","modified_gmt":"2026-01-06T00:25:57","slug":"ayaneo-3-pocket-evo-thumb-stick-grip-caps-precision-et-confort-pour-chaque-mouvement-copy","status":"publish","type":"product","link":"https:\/\/ayaneo.co\/fr\/product\/ayaneo-3-pocket-evo-thumb-stick-grip-caps-precision-et-confort-pour-chaque-mouvement-copy\/","title":{"rendered":"AYANEO Pocket ACE Grips"},"content":{"rendered":"\n<h2 class=\"wp-block-heading\">Aper\u00e7u du produit :<\/h2>\n\n<p>Les <strong>grips AYANEO Pocket ACE<\/strong> sont con\u00e7us pour offrir un confort et un contr\u00f4le accrus lors de vos sessions de jeu. Ces poign\u00e9es ergonomiques se fixent parfaitement \u00e0 votre <strong>AYANEO Pocket ACE<\/strong>, offrant une prise s\u00fbre et confortable, r\u00e9duisant la fatigue et assurant un contr\u00f4le pr\u00e9cis pendant les sessions de jeu prolong\u00e9es. <\/p>\n\n<ol class=\"wp-block-list\">\n<li><strong>Conception ergonomique<\/strong> pour un confort maximal pendant le jeu.<\/li>\n\n\n\n<li><strong>Parfaitement adapt\u00e9 \u00e0<\/strong> l&rsquo;<strong>AYANEO Pocket ACE<\/strong>.<\/li>\n\n\n\n<li>Mat\u00e9riau durable pour une <strong>utilisation \u00e0 long terme<\/strong>.<\/li>\n\n\n\n<li>Facile \u00e0 attacher et \u00e0 enlever pour une <strong>installation rapide<\/strong>.<\/li>\n\n\n\n<li>Poign\u00e9e am\u00e9lior\u00e9e pour un <strong>meilleur contr\u00f4le et une plus grande pr\u00e9cision.<\/strong><\/li>\n<\/ol>\n\n<hr class=\"wp-block-separator has-alpha-channel-opacity\"\/>\n\n<h2 class=\"wp-block-heading\">Pourquoi choisir l&rsquo;<strong>AYANEO Pocket ACE<\/strong>?<\/h2>\n\n<p>Que vous vous battiez dans des matchs multijoueurs intenses ou que vous profitiez de longues campagnes solo, les <strong>AYANEO Pocket ACE<\/strong> vous offrent une exp\u00e9rience de jeu plus immersive et plus confortable. Leur conception ergonomique et leur maintien s\u00fbr vous permettent de jouer pendant des heures sans inconfort ni glissement. <\/p>\n\n<hr class=\"wp-block-separator has-alpha-channel-opacity\"\/>\n\n<h2 class=\"wp-block-heading\">Sp\u00e9cifications :<\/h2>\n\n<ul class=\"wp-block-list\">\n<li><strong>Mat\u00e9riau :<\/strong> Plastique durable avec surface textur\u00e9e ergonomique<\/li>\n\n\n\n<li><strong>Compatibilit\u00e9 :<\/strong> <strong>AYANEO Pocket ACE<\/strong><\/li>\n\n\n\n<li><strong>Caract\u00e9ristiques :<\/strong> L\u00e9ger, durable et facile \u00e0 fixer<\/li>\n<\/ul>\n\n<p>Am\u00e9liorez votre <strong>AYANEO Pocket ACE<\/strong> avec ces poign\u00e9es pour une exp\u00e9rience de jeu confortable et pr\u00e9cise - parce que chaque mouvement compte !<\/p>\n\n<p><\/p>\n","protected":false},"excerpt":{"rendered":"<ul>\n<li><strong>Conception ergonomique<\/strong> pour un confort maximal pendant le jeu.<\/li>\n<li><strong>Parfaitement adapt\u00e9 \u00e0<\/strong> l&rsquo;AYANEO Pocket ACE.<\/li>\n<li>Mat\u00e9riau durable pour une <strong>utilisation \u00e0 long terme<\/strong>.<\/li>\n<li>Facile \u00e0 attacher et \u00e0 enlever pour une <strong>installation rapide<\/strong>.<\/li>\n<li>Poign\u00e9e am\u00e9lior\u00e9e pour un <strong>meilleur contr\u00f4le et une plus grande pr\u00e9cision.<\/strong><\/li>\n<\/ul>\n[cg_accordion title=\"INFO PAIEMENT\"]<\/p>\n<p>Nous utilisons les derni\u00e8res technologies en mati\u00e8re de traitement des paiements, ce qui vous permet de r\u00e9gler vos achats via Apple Pay, Google Pay, votre carte de d\u00e9bit\/cr\u00e9dit, PayPal ou des m\u00e9thodes BNPL telles que Klarna, Affirm ou AfterPay pour une exp\u00e9rience rapide et s\u00e9curis\u00e9e.[\/cg_accordion]\n[cg_accordion title=\"GARANTIE\"]<\/p>\n<p>1 an de garantie de <a href=\"https:\/\/droix.net\/\" target=\"_blank\" rel=\"nofollow noopener\">DROIX Global<\/a> pour votre tranquillit\u00e9 d&rsquo;esprit[\/cg_accordion]\n[cg_accordion title=\"ASSURANCE QUALIT\u00c9 ET ESSAIS AVANT EXP\u00c9DITION\"]<\/p>\n<p>Garantir la satisfaction du client au plus haut niveau : Chaque appareil est soumis \u00e0 des tests rigoureux et \u00e0 un contr\u00f4le de qualit\u00e9 en plusieurs points avant d&rsquo;\u00eatre exp\u00e9di\u00e9. Notre \u00e9quipe d\u00e9di\u00e9e v\u00e9rifie la performance, la fonctionnalit\u00e9 et l&rsquo;int\u00e9grit\u00e9 des composants pour garantir que votre appareil AYANEO est en parfait \u00e9tat de fonctionnement \u00e0 l&rsquo;arriv\u00e9e, vous apportant confiance et tranquillit\u00e9 d&rsquo;esprit. [\/cg_accordion]\n[cg_accordion title=\"PRIX, TAXES ET FRAIS DE PORT\"]<\/p>\n<p><strong><u>Note :<\/u><\/strong><\/p>\n<ul>\n<li>Clients des \u00c9tats-Unis : Le prix affich\u00e9 n&rsquo;inclut pas les taxes ni les droits de douane. La responsabilit\u00e9 du d\u00e9douanement et du paiement des taxes et droits de douane incombe au client. <\/li>\n<li>Clients de l&rsquo;UE : Le prix affich\u00e9 inclut la TAXE applicable, qui peut s&rsquo;\u00e9lever jusqu&rsquo;\u00e0 25 % selon votre pays.<\/li>\n<li>Clients du Canada : Le prix affich\u00e9 comprend les taxes applicables, qui peuvent inclure la TPS de 5 % et des taxes de vente provinciales (TVP), la taxe de vente harmonis\u00e9e (TVH) ou la taxe de vente du Qu\u00e9bec (TVQ) suppl\u00e9mentaires, selon votre province.<\/li>\n<\/ul>\n<p><strong>Pour les clients de l&rsquo;UE SEULEMENT :<\/strong> Express DDP (Delivered Duty Paid). Cela signifie que : <\/p>\n<ul>\n<li>Tous les droits de douane et taxes sont inclus dans le prix affich\u00e9 sur la page du produit.<\/li>\n<li>Vous n&rsquo;aurez pas \u00e0 payer de frais suppl\u00e9mentaires \u00e0 la livraison.<\/li>\n<li>Dans les rares cas de probl\u00e8mes douaniers, notre \u00e9quipe s&rsquo;occupera de la proc\u00e9dure de d\u00e9douanement en votre nom afin d&rsquo;assurer une livraison sans probl\u00e8me.<\/li>\n<p>Informations importantes concernant les retours :<\/p>\n<li>Si vous d\u00e9cidez de retourner votre commande ou de demander un remboursement, sachez que les taxes et les droits pay\u00e9s en votre nom dans le cadre du programme DDP ne peuvent pas \u00eatre rembours\u00e9s.<\/li>\n<p>Veuillez vous r\u00e9f\u00e9rer \u00e0 nos <a href=\"https:\/\/ayaneo.co\/fr\/conditions-dutilisation\/\" target=\"_blank\" rel=\"nofollow noopener\">conditions g\u00e9n\u00e9rales<\/a> pour plus d&rsquo;informations.\n<\/ul>\n<p>[\/cg_accordion]\n[cg_accordion title=\"SOUTIEN \u00c0 LA CLIENT\u00c8LE\"]<\/p>\n<p>Vous avez une question ? Il suffit d&rsquo;un petit texte pour que votre probl\u00e8me soit r\u00e9solu ! [\/cg_accordion]\n[cg_accordion title=\"LE PAQUET COMPREND\"]<\/p>\n<ul>\n<li>1x AYANEO Pocket ACE Grips<\/li>\n<\/ul>\n<p>[\/cg_accordion]\n","protected":false},"featured_media":30080,"template":"","meta":{"_acf_changed":false},"product_brand":[],"product_cat":[389],"product_tag":[],"class_list":{"0":"post-30049","1":"product","2":"type-product","3":"status-publish","4":"has-post-thumbnail","6":"product_cat-accessoires","7":"product_shipping_class-low-end","9":"first","10":"outofstock","11":"sale","12":"taxable","13":"shipping-taxable","14":"purchasable","15":"product-type-simple"},"acf":[],"_links":{"self":[{"href":"https:\/\/ayaneo.co\/fr\/wp-json\/wp\/v2\/product\/30049","targetHints":{"allow":["GET"]}}],"collection":[{"href":"https:\/\/ayaneo.co\/fr\/wp-json\/wp\/v2\/product"}],"about":[{"href":"https:\/\/ayaneo.co\/fr\/wp-json\/wp\/v2\/types\/product"}],"wp:featuredmedia":[{"embeddable":true,"href":"https:\/\/ayaneo.co\/fr\/wp-json\/wp\/v2\/media\/30080"}],"wp:attachment":[{"href":"https:\/\/ayaneo.co\/fr\/wp-json\/wp\/v2\/media?parent=30049"}],"wp:term":[{"taxonomy":"product_brand","embeddable":true,"href":"https:\/\/ayaneo.co\/fr\/wp-json\/wp\/v2\/product_brand?post=30049"},{"taxonomy":"product_cat","embeddable":true,"href":"https:\/\/ayaneo.co\/fr\/wp-json\/wp\/v2\/product_cat?post=30049"},{"taxonomy":"product_tag","embeddable":true,"href":"https:\/\/ayaneo.co\/fr\/wp-json\/wp\/v2\/product_tag?post=30049"}],"curies":[{"name":"wp","href":"https:\/\/api.w.org\/{rel}","templated":true}]}}