{"id":3478,"date":"2024-10-28T15:23:02","date_gmt":"2024-10-28T15:23:02","guid":{"rendered":"https:\/\/ayaneo.co\/?post_type=product&#038;p=3478"},"modified":"2025-04-11T12:11:38","modified_gmt":"2025-04-11T12:11:38","slug":"ayaneo-2-pc-gaming-handheld-copy","status":"publish","type":"product","link":"https:\/\/ayaneo.co\/fr\/product\/ayaneo-2-pc-gaming-handheld-copy\/","title":{"rendered":"AYA NEO 2S"},"content":{"rendered":"\n<p><strong>L&rsquo;AYA NEO 2S : Le PC de jeu portable ultime<\/strong> <\/p>\n\n<p>Voici l&rsquo;AYA NEO 2S, la quintessence des PC de jeu portables. Con\u00e7u pour offrir des performances exceptionnelles dans un format compact, ce PC de jeu mobile est pr\u00eat \u00e0 r\u00e9volutionner votre fa\u00e7on de jouer en d\u00e9placement. Avec son puissant processeur AMD Ryzen, ses graphiques de haute qualit\u00e9, son \u00e9cran immersif et ses fonctionnalit\u00e9s avanc\u00e9es, l&rsquo;AYA NEO 2S est l&rsquo;ordinateur de jeu portable ultime qui d\u00e9passera vos attentes.    <\/p>\n\n<p><strong>\u00c9l\u00e9gant et styl\u00e9 : Choisissez votre style<\/strong> <\/p>\n\n<p>L&rsquo;AYA NEO 2S est disponible dans une gamme de couleurs de bo\u00eetier attrayantes pour s&rsquo;adapter \u00e0 votre style personnel. Que vous pr\u00e9f\u00e9riez l&rsquo;\u00e9l\u00e9gance classique du noir \u00e9toil\u00e9, la beaut\u00e9 immacul\u00e9e du blanc ciel, le charme r\u00e9tro de la puissance r\u00e9tro, ou l&rsquo;espi\u00e8glerie vibrante de B.Duck Pink &amp; Blue ou B.Duck Joyful Black, il y a une option de couleur pour tout le monde. Non seulement il offre des performances puissantes, mais il est \u00e9galement \u00e9l\u00e9gant et raffin\u00e9, ce qui en fait un v\u00e9ritable objet d&rsquo;appel o\u00f9 que vous l&#8217;emmeniez.    <\/p>\n\n<p><strong>Lib\u00e9rez votre potentiel de jeu avec AMD Ryzen Power<\/strong> <\/p>\n\n<p>\u00c9quip\u00e9 d&rsquo;un processeur <a href=\"https:\/\/www.amd.com\/en\/products\/apu\/amd-ryzen-7-7840u\" target=\"_blank\" rel=\"noreferrer noopener\">AMD Ryzen 7 7840U<\/a>, l&rsquo;AYA NEO 2S offre une puissance de traitement extraordinaire pour les jeux et le multit\u00e2che. Avec 8 c\u0153urs et 16 threads, ce processeur atteint une vitesse d&rsquo;horloge de base de 3,3 GHz et une vitesse d&rsquo;horloge maximale de 5,1 GHz. Il offre une r\u00e9activit\u00e9 et une efficacit\u00e9 incroyables, garantissant un gameplay fluide et des temps de chargement rapides comme l&rsquo;\u00e9clair. Que vous soyez \u00e0 la conqu\u00eate d&rsquo;ennemis ou en train de cr\u00e9er du contenu, l&rsquo;AYA NEO 2S r\u00e9pond \u00e0 vos exigences sans effort.     <\/p>\n\n<p><strong>Des graphismes immersifs pour des jeux inoubliables<\/strong> <\/p>\n\n<p>Dot\u00e9 de la carte graphique <a href=\"https:\/\/www.nvidia.com\/en-gb\/geforce\/gaming-laptops\/geforce-gtx-780m\/\" target=\"_blank\" rel=\"noreferrer noopener\">AMD Radeon 780M<\/a>, l&rsquo;AYA NEO 2S \u00e9l\u00e8ve votre exp\u00e9rience de jeu \u00e0 de nouveaux sommets. Avec 12 c\u0153urs et une fr\u00e9quence graphique de 2700 MHz, il offre des visuels \u00e9poustouflants et des fr\u00e9quences d&rsquo;images fluides. Des environnements d\u00e9taill\u00e9s aux animations de personnages r\u00e9alistes, chaque aspect de vos jeux pr\u00e9f\u00e9r\u00e9s prend vie sur l&rsquo;ordinateur de jeu portable. Pr\u00e9parez-vous \u00e0 \u00eatre captiv\u00e9 par les graphismes \u00e0 couper le souffle et \u00e0 vous immerger dans un monde de jeux comme vous ne l&rsquo;avez jamais vu.     <\/p>\n\n<p><strong>Multit\u00e2che en toute transparence gr\u00e2ce \u00e0 la RAM haute vitesse<\/strong> <\/p>\n\n<p>Le PC de jeu mobile AYA NEO 2S dispose d&rsquo;un choix d&rsquo;options de RAM \u00e0 haute vitesse, y compris 16 Go, 32 Go ou 64 Go de m\u00e9moire <a href=\"https:\/\/en.wikipedia.org\/wiki\/LPDDR\" target=\"_blank\" rel=\"noreferrer noopener\">LPDDR5X<\/a> cadenc\u00e9e \u00e0 7500 MT\/s. Cette RAM innovante assure un multit\u00e2che transparent et vous permet d&rsquo;ex\u00e9cuter plusieurs applications simultan\u00e9ment sans aucun d\u00e9calage ni ralentissement. Que vous jouiez, que vous regardiez des vid\u00e9os en streaming ou que vous fassiez de l&rsquo;\u00e9dition, l&rsquo;AYA NEO 2S dispose de la capacit\u00e9 de m\u00e9moire n\u00e9cessaire pour tout g\u00e9rer avec facilit\u00e9.    <\/p>\n\n<p><strong>Stockage massif pour votre biblioth\u00e8que de jeux<\/strong> <\/p>\n\n<p>Avec l&rsquo;AYA NEO 2S, l&rsquo;espace de stockage n&rsquo;est plus un probl\u00e8me. Choisissez parmi une g\u00e9n\u00e9reuse s\u00e9lection d&rsquo;options de stockage allant de 512 Go \u00e0 un \u00e9norme 4 To m.2 2280 <a href=\"https:\/\/en.wikipedia.org\/wiki\/Solid-state_drive\" target=\"_blank\" rel=\"noreferrer noopener\">SSD<\/a>. Cela signifie que vous pouvez stocker tous vos jeux, vid\u00e9os et fichiers pr\u00e9f\u00e9r\u00e9s sans craindre de manquer d&rsquo;espace. Dites adieu \u00e0 la suppression de jeux pour faire de la place \u00e0 de nouveaux et gardez toute votre biblioth\u00e8que de jeux \u00e0 port\u00e9e de main.     <\/p>\n\n<p><strong>Un affichage immersif pour des images \u00e9poustouflantes<\/strong> <\/p>\n\n<p>L&rsquo;AYA NEO 2S est dot\u00e9 d&rsquo;un \u00e9cran brillant de 7 pouces IPS avec un design sans lunette qui maximise votre exp\u00e9rience visuelle. Avec une r\u00e9solution de 1920&#215;1200 et une densit\u00e9 de pixels de 323 PPI, chaque d\u00e9tail est net et vivant. L&rsquo;\u00e9cran affiche une luminosit\u00e9 de 500 nits, ce qui vous permet de profiter de vos jeux m\u00eame dans des environnements tr\u00e8s \u00e9clair\u00e9s. Avec une pr\u00e9cision des couleurs de 130% <a href=\"https:\/\/en.wikipedia.org\/wiki\/SRGB\" target=\"_blank\" rel=\"noreferrer noopener\">sRGB<\/a> et un rapport de contraste de 1200:1, l&rsquo;AYA NEO 2S pr\u00e9sente des couleurs d&rsquo;une vibrance et d&rsquo;une profondeur exceptionnelles. Vivez vos jeux pr\u00e9f\u00e9r\u00e9s comme jamais auparavant sur cet \u00e9cran \u00e9poustouflant.      <\/p>\n\n<p><strong>Un contr\u00f4le de pr\u00e9cision pour un gameplay in\u00e9gal\u00e9<\/strong> <\/p>\n\n<p>L&rsquo;AYA NEO 2S est con\u00e7u pour offrir un contr\u00f4le de pr\u00e9cision et une exp\u00e9rience de jeu immersive. Il est dot\u00e9 d&rsquo;un contr\u00f4leur principal avec des <a href=\"https:\/\/thegamingsetup.com\/guides\/hall-effect-joysticks\" target=\"_blank\" rel=\"noreferrer noopener\">sticks \u00e0 capteurs \u00e0 effet Hall<\/a>, garantissant une entr\u00e9e fluide et pr\u00e9cise pour chaque mouvement. Les d\u00e9clencheurs lin\u00e9aires \u00e0 effet Hall offrent un retour d&rsquo;information ultra-r\u00e9actif, vous permettant d&rsquo;ex\u00e9cuter des actions pr\u00e9cises avec facilit\u00e9. Avec l&rsquo;AYA NEO 2S, vous avez le contr\u00f4le ultime dans la paume de votre main.     <\/p>\n\n<p><strong>Lib\u00e9rez votre potentiel de jeu gr\u00e2ce au double gyroscope \u00e0 six axes<\/strong> <\/p>\n\n<p>L&rsquo;AYA NEO 2S fait passer le jeu au niveau sup\u00e9rieur gr\u00e2ce \u00e0 son double gyroscope \u00e0 six axes. Cette fonction innovante permet une meilleure d\u00e9tection des mouvements, ce qui vous permet d&rsquo;interagir avec les jeux de mani\u00e8re plus intuitive et immersive. Que vous incliniez, tourniez ou tourniez, l&rsquo;AYA NEO 2S traduit avec pr\u00e9cision vos mouvements dans le jeu, offrant ainsi une exp\u00e9rience de jeu vraiment captivante.    <\/p>\n\n<p><strong>Ressentez le jeu gr\u00e2ce \u00e0 la vibration du moteur lin\u00e9aire HD<\/strong> <\/p>\n\n<p>L&rsquo;AYA NEO 2S est \u00e9quip\u00e9 d&rsquo;un syst\u00e8me de vibration \u00e0 moteur lin\u00e9aire HD qui ajoute une nouvelle dimension \u00e0 votre jeu. Ressentez l&rsquo;impact de chaque explosion, le grondement du moteur et la tension de la bataille gr\u00e2ce au syst\u00e8me de vibration qui donne vie \u00e0 vos jeux. Plongez dans un monde o\u00f9 vous pouvez ressentir chaque instant, pour que votre exp\u00e9rience de jeu atteigne un tout nouveau niveau de r\u00e9alisme.    <\/p>\n\n<p><strong>Dissipation efficace de la chaleur pour des performances optimales<\/strong> <\/p>\n\n<p>L&rsquo;AYA NEO 2S int\u00e8gre une technologie avanc\u00e9e de dissipation de la chaleur pour garantir des performances optimales m\u00eame lors de sessions de jeu prolong\u00e9es. Avec un design 3+1 trois tubes de cuivre, une grande feuille de cuivre et un patch de graph\u00e8ne, ce PC de jeu portable dissipe efficacement la chaleur, en maintenant des temp\u00e9ratures basses et des performances \u00e9lev\u00e9es. Dites adieu \u00e0 la surchauffe et profitez de sessions de jeu ininterrompues avec l&rsquo;AYA NEO 2S.    <\/p>\n\n<p><strong>Options de connectivit\u00e9 pour des jeux polyvalents<\/strong> <\/p>\n\n<p>L&rsquo;AYA NEO 2S offre une gamme d&rsquo;options de connectivit\u00e9 pour am\u00e9liorer votre exp\u00e9rience de jeu. Avec deux ports USB 4 Type-C avec connectivit\u00e9 eGPU, un port USB 3.2 Type-C et une prise casque de 3,5 mm, vous pouvez connecter vos p\u00e9riph\u00e9riques pr\u00e9f\u00e9r\u00e9s pour une configuration de jeu personnalis\u00e9e. L&#8217;emplacement pour carte Micro SD \u00e0 vitesse extr\u00eame prend en charge jusqu&rsquo;\u00e0 300 Mo\/s, ce qui vous permet d&rsquo;\u00e9tendre vos options de stockage sans effort. Avec l&rsquo;AYA NEO 2S, vous avez la possibilit\u00e9 de jouer \u00e0 votre fa\u00e7on.     <\/p>\n\n<p><strong>Connectivit\u00e9 transparente avec Wi-Fi 6E et Bluetooth 5.2<\/strong> <\/p>\n\n<p>L&rsquo;AYA NEO 2S est dot\u00e9 des technologies Wi-Fi 6E et Bluetooth 5.2, garantissant une connectivit\u00e9 transparente et des vitesses de transfert de donn\u00e9es rapides. Connectez-vous \u00e0 Internet \u00e0 la vitesse de l&rsquo;\u00e9clair, profitez de jeux en ligne fluides et associez vos appareils Bluetooth pr\u00e9f\u00e9r\u00e9s sans effort. Que vous jouiez, regardiez en streaming ou naviguiez, l&rsquo;AYA NEO 2S vous permet de rester connect\u00e9 et pr\u00eat \u00e0 l&rsquo;action.    <\/p>\n\n<p><strong>Reconnaissance s\u00e9curis\u00e9e et pratique des empreintes digitales<\/strong> <\/p>\n\n<p>D\u00e9verrouillez votre AYA NEO 2S rapidement et en toute s\u00e9curit\u00e9 gr\u00e2ce \u00e0 la reconnaissance d&#8217;empreintes digitales int\u00e9gr\u00e9e au bouton d&rsquo;alimentation. Plus besoin de mots de passe ou de codes PIN : placez simplement votre doigt sur le bouton d&rsquo;alimentation, et vous \u00eates pr\u00eat \u00e0 partir. Cette fonction pratique vous permet d&rsquo;avoir l&rsquo;esprit tranquille, sachant que votre PC de jeu portable est prot\u00e9g\u00e9 contre les acc\u00e8s non autoris\u00e9s.    <\/p>\n\n<p><strong>Batterie longue dur\u00e9e pour des sessions de jeu prolong\u00e9es<\/strong> <\/p>\n\n<p>L&rsquo;ordinateur de jeu portable AYA NEO 2S est \u00e9quip\u00e9 d&rsquo;une batterie rechargeable haute capacit\u00e9 de 13050mAh 50.25Wh, vous permettant de profiter de sessions de jeu prolong\u00e9es sans vous soucier de manquer d&rsquo;\u00e9nergie. Que vous jouiez en d\u00e9placement ou \u00e0 la maison, l&rsquo;AYA NEO 2S r\u00e9pond \u00e0 vos exigences de jeu, vous assurant de ne jamais manquer un moment d&rsquo;action.   <\/p>\n\n<p><strong>Faites l&rsquo;exp\u00e9rience de la puissance de Windows 11<\/strong> <\/p>\n\n<p>L&rsquo;AYA NEO 2S est livr\u00e9 pr\u00e9install\u00e9 avec Windows 11 Home Edition, le dernier syst\u00e8me d&rsquo;exploitation de Microsoft. B\u00e9n\u00e9ficiez d&rsquo;une interface utilisateur transparente et intuitive, de performances de jeu am\u00e9lior\u00e9es et d&rsquo;un acc\u00e8s \u00e0 une vaste biblioth\u00e8que de jeux et d&rsquo;applications. <a href=\"https:\/\/en.wikipedia.org\/wiki\/Windows_11\" target=\"_blank\" rel=\"noreferrer noopener\">Windows 11<\/a> L&rsquo;AYA NEO 2S est la plateforme id\u00e9ale pour lib\u00e9rer tout le potentiel de votre exp\u00e9rience de jeu.   <\/p>\n\n<p><strong>Compact et l\u00e9ger pour jouer en d\u00e9placement<\/strong> <\/p>\n\n<p>Mesurant seulement 10,3 x 4,1 x 0,8 pouces (26,4 x 10,5 x 2,1 cm) et pesant seulement 667 g, l&rsquo;ordinateur de jeu portable AYA NEO 2S est con\u00e7u pour cela. Glissez-le dans votre sac ou votre poche, et vous \u00eates pr\u00eat \u00e0 emmener vos aventures de jeu n&rsquo;importe o\u00f9. Que vous soyez en voyage, en d\u00e9placement ou simplement chez vous, l&rsquo;ordinateur de jeu compact AYA NEO 2S vous permet de vous adonner au jeu \u00e0 tout moment et partout o\u00f9 l&rsquo;inspiration vous vient.    <\/p>\n\n<p><strong>Pourquoi vous devriez acheter l&rsquo;AYA NEO 2S<\/strong> <\/p>\n\n<p>D\u00e9couvrez le futur du jeu avec l&rsquo;AYA NEO 2S. Ce PC de jeu portable combine des performances puissantes, des visuels \u00e9poustouflants, un contr\u00f4le pr\u00e9cis et des fonctionnalit\u00e9s avanc\u00e9es dans un bo\u00eetier compact et \u00e9l\u00e9gant. Que vous soyez un joueur occasionnel, un passionn\u00e9 ou un cr\u00e9ateur de contenu, l&rsquo;AYA NEO 2S est votre porte d&rsquo;entr\u00e9e vers des possibilit\u00e9s infinies. Embrassez la libert\u00e9 du jeu portable et lib\u00e9rez votre potentiel de jeu avec l&rsquo;AYA NEO 2S.     <\/p>\n\n<p><strong>Les avantages de l&rsquo;AYA NEO 2S :<\/strong> <\/p>\n\n<ul class=\"wp-block-list\">\n<li>Des performances puissantes : Le processeur AMD Ryzen 7 7840U et la carte graphique AMD Radeon 780M offrent des performances exceptionnelles, pour des jeux et des t\u00e2ches multiples en toute fluidit\u00e9.  <\/li>\n\n\n\n<li>Compacte et portable : Avec sa petite taille et son design l\u00e9ger, l&rsquo;AYA NEO 2S est tr\u00e8s portable, ce qui vous permet d&#8217;emmener vos jeux en d\u00e9placement.  <\/li>\n<\/ul>\n\n<ul class=\"wp-block-list\">\n<li>\u00c9cran immersif : L&rsquo;\u00e9cran 7&Prime; IPS, avec sa haute r\u00e9solution et ses couleurs vives, offre une exp\u00e9rience de jeu immersive, donnant vie \u00e0 vos jeux.  <\/li>\n\n\n\n<li>Des commandes pr\u00e9cises : La manette principale, dot\u00e9e de capteurs \u00e0 effet Hall et de g\u00e2chettes lin\u00e9aires \u00e0 effet Hall, offre un contr\u00f4le pr\u00e9cis pour une meilleure jouabilit\u00e9.  <\/li>\n\n\n\n<li>Fonctionnalit\u00e9s avanc\u00e9es : L&rsquo;AYA NEO 2S int\u00e8gre des fonctionnalit\u00e9s telles qu&rsquo;un double gyroscope \u00e0 six axes, des vibrations lin\u00e9aires HD et la reconnaissance des empreintes digitales, am\u00e9liorant ainsi l&rsquo;exp\u00e9rience de jeu globale.  <\/li>\n<\/ul>\n\n<p><\/p>\n\n<p><\/p>\n","protected":false},"excerpt":{"rendered":"<ul>\n<li>AMD<strong> Ryzen\u2122 7 7840U<\/strong> \/ Radeon 780M<\/li>\n<li><strong>jusqu&rsquo;\u00e0 64GB<\/strong> LPDDR5X @ <strong>7500 MT\/s<\/strong><\/li>\n<li><strong>jusqu&rsquo;\u00e0 4 To<\/strong> PCIe 4.0 M.2 haute vitesse 2280 SSD <\/li>\n<li>\u00c9cran tactile <strong>7<\/strong> \u00a0\u00bb <strong> LCD<\/strong> <\/li>\n<li>Prise en charge du <strong>WiFi 6E<\/strong> et du <strong>Bluetooth 5.2<\/strong> <\/li>\n<\/ul>\n[cg_accordion title=\"INFO PAIEMENT\"]<\/p>\n<p>Nous utilisons les derni\u00e8res technologies en mati\u00e8re de traitement des paiements, ce qui vous permet de r\u00e9gler vos achats via Apple Pay, Google Pay, votre carte de d\u00e9bit\/cr\u00e9dit, PayPal ou des m\u00e9thodes BNPL telles que Klarna, Affirm ou AfterPay pour une exp\u00e9rience rapide et s\u00e9curis\u00e9e.[\/cg_accordion]\n[cg_accordion title=\"GARANTIE\"]<\/p>\n<p>1 an de garantie de <a href=\"https:\/\/droix.net\/\" target=\"_blank\" rel=\"nofollow noopener\">DROIX Global<\/a> pour votre tranquillit\u00e9 d&rsquo;esprit[\/cg_accordion]\n[cg_accordion title=\"PRIX, TAXES ET FRAIS DE PORT\"]<\/p>\n<p><strong><u>Note :<\/u><\/strong><\/p>\n<ul>\n<li>Clients des \u00c9tats-Unis : Le prix affich\u00e9 n&rsquo;inclut pas les taxes ni les droits de douane. La responsabilit\u00e9 du d\u00e9douanement et du paiement des taxes et droits de douane incombe au client. <\/li>\n<li>Clients de l&rsquo;UE : Le prix affich\u00e9 inclut la TAXE applicable, qui peut s&rsquo;\u00e9lever jusqu&rsquo;\u00e0 25 % selon votre pays.<\/li>\n<li>Clients du Canada : Le prix affich\u00e9 comprend les taxes applicables, qui peuvent inclure la TPS de 5 % et des taxes de vente provinciales (TVP), la taxe de vente harmonis\u00e9e (TVH) ou la taxe de vente du Qu\u00e9bec (TVQ) suppl\u00e9mentaires, selon votre province.<\/li>\n<\/ul>\n<p><strong>Pour les clients de l&rsquo;UE SEULEMENT :<\/strong> Express DDP (Delivered Duty Paid). Cela signifie que : <\/p>\n<ul>\n<li>Tous les droits de douane et taxes sont inclus dans le prix affich\u00e9 sur la page du produit.<\/li>\n<li>Vous n&rsquo;aurez pas \u00e0 payer de frais suppl\u00e9mentaires \u00e0 la livraison.<\/li>\n<li>Dans les rares cas de probl\u00e8mes douaniers, notre \u00e9quipe s&rsquo;occupera de la proc\u00e9dure de d\u00e9douanement en votre nom afin d&rsquo;assurer une livraison sans probl\u00e8me.<\/li>\n<p>Informations importantes concernant les retours :<\/p>\n<li>Si vous d\u00e9cidez de retourner votre commande ou de demander un remboursement, sachez que les taxes et les droits pay\u00e9s en votre nom dans le cadre du programme DDP ne peuvent pas \u00eatre rembours\u00e9s.<\/li>\n<p>Veuillez vous r\u00e9f\u00e9rer \u00e0 nos <a href=\"https:\/\/ayaneo.co\/terms-of-service-2\/\" target=\"_blank\" rel=\"nofollow noopener\">conditions g\u00e9n\u00e9rales<\/a> pour plus d&rsquo;informations.\n<\/ul>\n<p>[\/cg_accordion]\n[cg_accordion title=\"SOUTIEN \u00c0 LA CLIENT\u00c8LE\"]<\/p>\n<p>Vous avez une question ? Il suffit d&rsquo;un petit texte pour que votre probl\u00e8me soit r\u00e9solu !<br \/>\n[\/cg_accordion]\n[cg_accordion title=\"Le paquet comprend\"]<\/p>\n<ul>\n<li>1x AYANEO 2S<\/li>\n<li>1x C\u00e2ble USB Type-C<\/li>\n<li>2x Adaptateur USB C vers A<\/li>\n<li>1x Chargeur 100W Type A<\/li>\n<li>1x C\u00e2ble USB Type-C<\/li>\n<li>1x adaptateur de type G1x adaptateur de type E<\/li>\n<li>1x adaptateur de type I<\/li>\n<li>1x Manuel de l&rsquo;utilisateur<\/li>\n<li>1x Outil d&rsquo;ouverture et autocollants pour l&rsquo;ouverture de l&rsquo;appareil<\/li>\n<li>1x Couvercles lat\u00e9raux de remplacement<\/li>\n<\/ul>\n<p>[\/cg_accordion]\n","protected":false},"featured_media":3517,"template":"","meta":{"_acf_changed":false},"product_brand":[],"product_cat":[369],"product_tag":[400],"class_list":{"0":"post-3478","1":"product","2":"type-product","3":"status-publish","4":"has-post-thumbnail","6":"product_cat-pc-de-jeux-portables","7":"product_tag-pc-gaming-handheld-fr","8":"product_shipping_class-premium","9":"pa_brand-ayaneo","10":"pa_graphics-gpu-model-radeon-780m","11":"pa_operating-system-windows-11","12":"pa_processor-cpu-brand-amd","14":"first","15":"outofstock","16":"sale","17":"taxable","18":"shipping-taxable","19":"purchasable","20":"product-type-variable","21":"has-default-attributes"},"acf":[],"_links":{"self":[{"href":"https:\/\/ayaneo.co\/fr\/wp-json\/wp\/v2\/product\/3478","targetHints":{"allow":["GET"]}}],"collection":[{"href":"https:\/\/ayaneo.co\/fr\/wp-json\/wp\/v2\/product"}],"about":[{"href":"https:\/\/ayaneo.co\/fr\/wp-json\/wp\/v2\/types\/product"}],"wp:featuredmedia":[{"embeddable":true,"href":"https:\/\/ayaneo.co\/fr\/wp-json\/wp\/v2\/media\/3517"}],"wp:attachment":[{"href":"https:\/\/ayaneo.co\/fr\/wp-json\/wp\/v2\/media?parent=3478"}],"wp:term":[{"taxonomy":"product_brand","embeddable":true,"href":"https:\/\/ayaneo.co\/fr\/wp-json\/wp\/v2\/product_brand?post=3478"},{"taxonomy":"product_cat","embeddable":true,"href":"https:\/\/ayaneo.co\/fr\/wp-json\/wp\/v2\/product_cat?post=3478"},{"taxonomy":"product_tag","embeddable":true,"href":"https:\/\/ayaneo.co\/fr\/wp-json\/wp\/v2\/product_tag?post=3478"}],"curies":[{"name":"wp","href":"https:\/\/api.w.org\/{rel}","templated":true}]}}