{"id":44754,"date":"2026-02-03T13:07:54","date_gmt":"2026-02-03T13:07:54","guid":{"rendered":"https:\/\/ayaneo.co\/product\/biwin-mini-ssd\/"},"modified":"2026-02-12T09:56:15","modified_gmt":"2026-02-12T09:56:15","slug":"biwin-mini-ssd","status":"publish","type":"product","link":"https:\/\/ayaneo.co\/fr\/product\/biwin-mini-ssd\/","title":{"rendered":"BIWIN Mini SSD"},"content":{"rendered":"\n<h2 class=\"wp-block-heading\">BIWIN Mini SSD : Une nouvelle \u00e8re de performances de stockage<\/h2>\n\n<p>Dans le monde hautement comp\u00e9titif du stockage portable, le <strong>BIWIN Mini SSD<\/strong> \u00e9merge comme une v\u00e9ritable centrale, offrant des performances d&rsquo;\u00e9lite et une durabilit\u00e9 robuste pour satisfaire tous les utilisateurs exigeants. Ce dispositif est une d\u00e9claration de vitesse sans compromis, repr\u00e9sentant un bond en avant dans la technologie de stockage ultra-compacte. Le BIWIN Mini SSD est une merveille de design et de puissance, offrant une exp\u00e9rience de donn\u00e9es de niveau phare, une portabilit\u00e9 in\u00e9gal\u00e9e et une suite de fonctionnalit\u00e9s innovantes qui le placent au sommet du march\u00e9. Con\u00e7u pour les professionnels et les passionn\u00e9s qui exigent une vitesse d&rsquo;\u00e9lite et une solution haut de gamme riche en fonctionnalit\u00e9s, ce disque repousse les limites de la gestion des donn\u00e9es en d\u00e9placement.   <\/p>\n\n<p>Le BIWIN Mini SSD s&rsquo;impose comme un titan de l&rsquo;innovation dans le domaine des p\u00e9riph\u00e9riques de stockage compacts haut de gamme. Aliment\u00e9 par les technologies de pointe <strong>PCIe Gen4x2<\/strong> et <strong>NVMe 1.4<\/strong>, le Mini SSD offre des performances \u00e9poustouflantes avec des vitesses de lecture s\u00e9quentielle allant jusqu&rsquo;\u00e0 <strong>3 700 Mo\/s<\/strong> et des vitesses d&rsquo;\u00e9criture allant jusqu&rsquo;\u00e0 <strong>3 400 Mo\/s.<\/strong> Cette vitesse \u00e9crase le plafond de performance des cartes microSD traditionnelles, positionnant le Mini SSD comme une solution de remplacement sup\u00e9rieure et ultra-rapide. Cette puissance est log\u00e9e dans un bo\u00eetier ultra-compact - mesurant seulement <strong>15,0 mm \u00d7 17,0 mm \u00d7 1,4 mm - rendu<\/strong>possible par un conditionnement <a href=\"https:\/\/en.wikipedia.org\/wiki\/Land_grid_array\" target=\"_blank\" rel=\"noopener nofollow\" title=\"\">LGA (Land Grid Array)<\/a> avanc\u00e9.   <\/p>\n\n<p>Disponible dans des options de grande capacit\u00e9, notamment <strong>512 Go, 1 To et 2 To<\/strong>, le Mini SSD offre un espace de stockage exceptionnel pour les charges de travail exigeantes telles que la collaboration dans le cloud et le traitement des donn\u00e9es en temps r\u00e9el.<\/p>\n\n<h2 class=\"wp-block-heading\"><strong>Note sur les performances des ordinateurs de poche<\/strong><\/h2>\n\n<p>Il est important pour les utilisateurs de p\u00e9riph\u00e9riques h\u00f4tes sp\u00e9cifiques de noter que si le Mini SSD offre des vitesses th\u00e9oriques maximales de 3 700 Mo\/s, ses performances r\u00e9elles seront limit\u00e9es par les sp\u00e9cifications de l&#8217;emplacement du p\u00e9riph\u00e9rique h\u00f4te. Par exemple, lorsqu&rsquo;il est install\u00e9 dans un ordinateur de poche de jeu compatible, la vitesse du disque est g\u00e9n\u00e9ralement limit\u00e9e parce que l&rsquo;appareil utilise une configuration <strong>mini PCIe 4&#215;1<\/strong> (au lieu de la sp\u00e9cification 4&#215;2 compl\u00e8te). D&rsquo;apr\u00e8s les tests CrystalDiskMark, les utilisateurs peuvent s&rsquo;attendre \u00e0 des vitesses de lecture et d&rsquo;\u00e9criture moyennes d&rsquo;environ <strong>1 700 Mo\/s.<\/strong> Cela garantit des performances fiables et \u00e0 grande vitesse qui d\u00e9passent de loin les alternatives microSD, m\u00eame si cela ne refl\u00e8te pas le potentiel th\u00e9orique maximal absolu du disque.   <\/p>\n\n<p>Con\u00e7u pour une fiabilit\u00e9 sans compromis, l&rsquo;appareil est dot\u00e9 d&rsquo;une structure robuste et d&rsquo;un <strong>indice de<\/strong> protection <strong>IP68<\/strong> contre la poussi\u00e8re et l&rsquo;eau, ce qui lui permet de r\u00e9sister aux conditions les plus difficiles. La fiabilit\u00e9 des donn\u00e9es est assur\u00e9e par un micrologiciel avanc\u00e9, comprenant la mise en cache SLC dynamique et le nivellement de l&rsquo;usure, tandis que sa durabilit\u00e9 est renforc\u00e9e par un emballage LGA qui lui permet de survivre \u00e0 des chutes allant jusqu&rsquo;\u00e0 <strong>3 m\u00e8tres.<\/strong> Gr\u00e2ce \u00e0 sa conception modulaire polyvalente, il s&rsquo;agit d&rsquo;un compagnon durable et pr\u00eat pour l&rsquo;avenir pour les applications dans les appareils mobiles, les ordinateurs de poche de jeu (tels que le GPD Win 5 et OneXPlayer Super X), et l&rsquo;informatique de pointe.  <\/p>\n","protected":false},"excerpt":{"rendered":"\n<ul>\n<li>Interface : <strong>PCIe Gen4x2<\/strong> avec le protocole **NVMe 1.4**.<\/li>\n<li>Facteur de forme : <strong>Bo\u00eetier LGA ultra-compact<\/strong> (15,0 mm \u00d7 17,0 mm \u00d7 1,4 mm)<\/li>\n<li>Performance : Jusqu&rsquo;\u00e0 **3 700 Mo\/s en lecture** \/ Jusqu&rsquo;\u00e0 **3 400 Mo\/s en \u00e9criture**<\/li>\n<li>Capacit\u00e9 : 512GB, 1TB ou 2TB 3D TLC NAND<\/li>\n<li>Durabilit\u00e9 : R\u00e9sistance \u00e0 la poussi\u00e8re et \u00e0 l&rsquo;eau <strong>IP68<\/strong> \/ **Chute de 3 m\u00e8tres** Survie<\/li>\n<li>Technologie : Cache dynamique **SLC** et **Wear Leveling**.<\/li>\n<\/ul>\n[cg_accordion title=\"INFO PAIEMENT\"]<\/p>\n<p>Nous utilisons les derni\u00e8res technologies en mati\u00e8re de traitement des paiements, ce qui vous permet de r\u00e9gler vos achats via Apple Pay, Google Pay, votre carte de d\u00e9bit\/cr\u00e9dit, PayPal ou des m\u00e9thodes BNPL telles que Klarna, Affirm ou AfterPay pour une exp\u00e9rience rapide et s\u00e9curis\u00e9e.[\/cg_accordion]\n[cg_accordion title=\"GARANTIE\"]<\/p>\n<p>1 an de garantie de <a href=\"https:\/\/droix.net\/\" target=\"_blank\" rel=\"nofollow noopener\">DROIX Global<\/a> pour votre tranquillit\u00e9 d&rsquo;esprit[\/cg_accordion]\n[cg_accordion title=\"ASSURANCE QUALIT\u00c9 ET ESSAIS AVANT EXP\u00c9DITION\"]<\/p>\n<p>Garantir la satisfaction du client au plus haut niveau : Chaque appareil est soumis \u00e0 des tests rigoureux et \u00e0 un contr\u00f4le de qualit\u00e9 en plusieurs points avant d&rsquo;\u00eatre exp\u00e9di\u00e9. Notre \u00e9quipe d\u00e9di\u00e9e v\u00e9rifie la performance, la fonctionnalit\u00e9 et l&rsquo;int\u00e9grit\u00e9 des composants pour garantir que votre appareil AYANEO est en parfait \u00e9tat de fonctionnement \u00e0 l&rsquo;arriv\u00e9e, vous apportant confiance et tranquillit\u00e9 d&rsquo;esprit. [\/cg_accordion]\n[cg_accordion title=\"PRIX, TAXES ET FRAIS DE PORT\"]<\/p>\n<p><strong><u>Note :<\/u><\/strong><\/p>\n<ul>\n<li>Clients des \u00c9tats-Unis : Le prix affich\u00e9 n&rsquo;inclut pas les taxes ni les droits de douane. La responsabilit\u00e9 du d\u00e9douanement et du paiement des taxes et droits de douane incombe au client. <\/li>\n<li>Clients de l&rsquo;UE : Le prix affich\u00e9 inclut la TAXE applicable, qui peut s&rsquo;\u00e9lever jusqu&rsquo;\u00e0 25 % selon votre pays.<\/li>\n<li>Clients du Canada : Le prix affich\u00e9 comprend les taxes applicables, qui peuvent inclure la TPS de 5 % et des taxes de vente provinciales (TVP), la taxe de vente harmonis\u00e9e (TVH) ou la taxe de vente du Qu\u00e9bec (TVQ) suppl\u00e9mentaires, selon votre province.<\/li>\n<\/ul>\n<p>Pour nos clients am\u00e9ricains : Les commandes sont exp\u00e9di\u00e9es DAP (Delivered At Place). Bien que les clients soient responsables du paiement de tous les tarifs applicables, nous nous appuyons sur notre vaste exp\u00e9rience en mati\u00e8re d&rsquo;exp\u00e9dition depuis le Royaume-Uni pour vous assurer que vous payez le moins de frais possible. D&rsquo;apr\u00e8s nos dossiers, ces frais ne d\u00e9passent g\u00e9n\u00e9ralement pas 10 % de la valeur de l&rsquo;article.  <\/p>\n<p><strong>Pour les clients de l&rsquo;UE SEULEMENT :<\/strong> Express DDP (Delivered Duty Paid). Cela signifie que : <\/p>\n<ul>\n<li>Tous les droits de douane et taxes sont inclus dans le prix affich\u00e9 sur la page du produit.<\/li>\n<li>Vous n&rsquo;aurez pas \u00e0 payer de frais suppl\u00e9mentaires \u00e0 la livraison.<\/li>\n<li>Dans les rares cas de probl\u00e8mes douaniers, notre \u00e9quipe s&rsquo;occupera de la proc\u00e9dure de d\u00e9douanement en votre nom afin d&rsquo;assurer une livraison sans probl\u00e8me.<\/li>\n<p>Informations importantes concernant les retours :<\/p>\n<li>Si vous d\u00e9cidez de retourner votre commande ou de demander un remboursement, sachez que les taxes et les droits pay\u00e9s en votre nom dans le cadre du programme DDP ne peuvent pas \u00eatre rembours\u00e9s.<\/li>\n<p>Veuillez vous r\u00e9f\u00e9rer \u00e0 nos <a href=\"https:\/\/ayaneo.co\/fr\/conditions-dutilisation\/\" target=\"_blank\" rel=\"nofollow noopener\">conditions g\u00e9n\u00e9rales<\/a> pour plus d&rsquo;informations.\n<\/ul>\n<p>[\/cg_accordion]\n[cg_accordion title=\"SOUTIEN \u00c0 LA CLIENT\u00c8LE\"]<\/p>\n<p>Vous avez une question ? Il suffit d&rsquo;un petit texte pour que votre probl\u00e8me soit r\u00e9solu ! [\/cg_accordion]\n[cg_accordion title=\"LE PAQUET COMPREND\"]<\/p>\n<ul>\n<li>1x BIWIN Mini SSD<\/li>\n<\/ul>\n<p>[\/cg_accordion]\n","protected":false},"featured_media":44135,"template":"","meta":{"_acf_changed":false},"product_brand":[],"product_cat":[389],"product_tag":[],"class_list":{"0":"post-44754","1":"product","2":"type-product","3":"status-publish","4":"has-post-thumbnail","6":"product_cat-accessoires","7":"product_shipping_class-low-end","8":"pa_brand-biwin","10":"first","11":"instock","12":"taxable","13":"shipping-taxable","14":"purchasable","15":"product-type-variable","16":"has-default-attributes"},"acf":[],"_links":{"self":[{"href":"https:\/\/ayaneo.co\/fr\/wp-json\/wp\/v2\/product\/44754","targetHints":{"allow":["GET"]}}],"collection":[{"href":"https:\/\/ayaneo.co\/fr\/wp-json\/wp\/v2\/product"}],"about":[{"href":"https:\/\/ayaneo.co\/fr\/wp-json\/wp\/v2\/types\/product"}],"wp:featuredmedia":[{"embeddable":true,"href":"https:\/\/ayaneo.co\/fr\/wp-json\/wp\/v2\/media\/44135"}],"wp:attachment":[{"href":"https:\/\/ayaneo.co\/fr\/wp-json\/wp\/v2\/media?parent=44754"}],"wp:term":[{"taxonomy":"product_brand","embeddable":true,"href":"https:\/\/ayaneo.co\/fr\/wp-json\/wp\/v2\/product_brand?post=44754"},{"taxonomy":"product_cat","embeddable":true,"href":"https:\/\/ayaneo.co\/fr\/wp-json\/wp\/v2\/product_cat?post=44754"},{"taxonomy":"product_tag","embeddable":true,"href":"https:\/\/ayaneo.co\/fr\/wp-json\/wp\/v2\/product_tag?post=44754"}],"curies":[{"name":"wp","href":"https:\/\/api.w.org\/{rel}","templated":true}]}}