{"id":44783,"date":"2026-02-03T11:59:54","date_gmt":"2026-02-03T11:59:54","guid":{"rendered":"https:\/\/ayaneo.co\/product\/biwin-rd510-mini-ssd-reader\/"},"modified":"2026-03-27T12:17:05","modified_gmt":"2026-03-27T12:17:05","slug":"biwin-rd510-mini-ssd-reader","status":"publish","type":"product","link":"https:\/\/ayaneo.co\/fr\/product\/biwin-rd510-mini-ssd-reader\/","title":{"rendered":"Biwin RD510 Mini SSD Reader"},"content":{"rendered":"\n<h2 class=\"wp-block-heading\">Biwin Mini SSD Reader : La solution de stockage USB 4.0 ultime pour les professionnels<\/h2>\n\n<p>Le <strong>Mini SSD Reader RD510 de Biwin<\/strong> repr\u00e9sente une perc\u00e9e dans la technologie du stockage portable. Ce lecteur haute performance est le premier de son genre, sp\u00e9cialement con\u00e7u pour le facteur de forme ultra-compact \u00ab\u00a0Mini SSD\u00a0\u00bb. Ces disques minuscules, qui ne mesurent que 15,0 mm \u00d7 17,0 mm \u00d7 1,4 mm, ont besoin d&rsquo;un bo\u00eetier pr\u00e9cis pour fonctionner de mani\u00e8re optimale<sup>.2<\/sup> Cette solution <strong>SSD de Biwin<\/strong> \u00e9tant con\u00e7ue pour des dimensions aussi r\u00e9duites, elle offre un niveau de portabilit\u00e9 jamais atteint sur le march\u00e9 du mat\u00e9riel professionnel.  <\/p>\n\n<h2 class=\"wp-block-heading\">Des vitesses fulgurantes avec le mini lecteur de SSD Biwin RD510<\/h2>\n\n<p>C&rsquo;est au niveau des performances que ce <strong>mini lecteur SSD Biwinn<\/strong> brille vraiment. Il utilise le protocole avanc\u00e9 USB 4.0 pour offrir des vitesses de transfert de donn\u00e9es stup\u00e9fiantes allant jusqu&rsquo;\u00e0 40 Gbps<sup>.3<\/sup> Par cons\u00e9quent, le <strong>mini lecteur SSD Biwin RD510<\/strong> atteint des vitesses de lecture s\u00e9quentielle de 3300 Mo\/s et des vitesses d&rsquo;\u00e9criture de 3000 Mo\/s<sup>.4<\/sup> Ces chiffres repr\u00e9sentent une ad\u00e9quation parfaite pour les utilisateurs qui manipulent fr\u00e9quemment des fichiers vid\u00e9o 8K ou des r\u00e9f\u00e9rentiels logiciels massifs. <\/p>\n\n<p>De plus, l&rsquo;architecture du <strong>pilote biwin SSD<\/strong> est optimis\u00e9e pour les syst\u00e8mes d&rsquo;exploitation modernes afin de garantir la simplicit\u00e9 du plug-and-play. Vous constaterez que les sauvegardes de donn\u00e9es \u00e0 grande \u00e9chelle sont effectu\u00e9es en quelques secondes au lieu de quelques minutes. Gr\u00e2ce \u00e0 l&rsquo;efficacit\u00e9 de l&rsquo;interface, la latence est r\u00e9duite au minimum lors d&rsquo;applications professionnelles intensives.  <\/p>\n\n<h2 class=\"wp-block-heading\">Refroidissement actif pour une performance soutenue du SSD Biwin<\/h2>\n\n<p>Le maintien de vitesses \u00e9lev\u00e9es entra\u00eene souvent des d\u00e9fis thermiques. C&rsquo;est pourquoi le <strong>mini lecteur de SSD Biwin RD510<\/strong> est \u00e9quip\u00e9 d&rsquo;un ventilateur de refroidissement int\u00e9gr\u00e9 pour une gestion active de la chaleur. Cette solution thermique \u00e9vite les baisses de performance li\u00e9es \u00e0 la surchauffe. Par cons\u00e9quent, votre <strong>biwin ssd<\/strong> conservera sa vitesse maximale m\u00eame lors de migrations de donn\u00e9es d&rsquo;une heure.   <\/p>\n\n<p>La construction robuste du <strong>mini lecteur SSD Biwin RD510<\/strong> lui permet de survivre aux d\u00e9placements quotidiens. Alors que l&rsquo;ext\u00e9rieur est \u00e9l\u00e9gant et professionnel, les composants internes sont prot\u00e9g\u00e9s contre les chocs physiques. La priorit\u00e9 est donn\u00e9e \u00e0 un fonctionnement stable et ininterrompu, ce qui contribue \u00e0 prolonger la dur\u00e9e de vie de vos supports de stockage.  <\/p>\n\n<h2 class=\"wp-block-heading\">Connectivit\u00e9 multiplateforme pour le mini lecteur SSD Biwinn<\/h2>\n\n<p>La polyvalence est l&rsquo;un des principaux atouts de ce <strong>lecteur mini ssd biwinn<\/strong>. Il est livr\u00e9 avec un c\u00e2ble USB 4.0 Type-C vers Type-C de haute qualit\u00e9 pour lib\u00e9rer tout le potentiel de votre mat\u00e9riel<sup>.5<\/sup> Cela garantit que le <strong>lecteur Biwin RD510 Mini SSD<\/strong> est compatible avec un vaste \u00e9ventail d&rsquo;\u00e9cosyst\u00e8mes modernes. <\/p>\n\n<figure class=\"wp-block-table\"><table class=\"has-fixed-layout\"><thead><tr><td><strong>Cat\u00e9gorie de syst\u00e8me<\/strong><\/td><td><strong>Plates-formes prises en charge<\/strong><\/td><\/tr><\/thead><tbody><tr><td><strong>Ordinateurs<\/strong><\/td><td>Windows 10\/11, macOS 11.0+.<\/td><\/tr><tr><td><strong>Mobile<\/strong><\/td><td>iOS 17.0+, Android 11.0+.<\/td><\/tr><tr><td><strong>Jeux<\/strong><\/td><td>PlayStation 5 (Syst\u00e8me 08+)<\/td><\/tr><tr><td><strong>Syst\u00e8mes d&rsquo;exploitation<\/strong><\/td><td>HyperOS 1.0+, HarmonyOS 3.0+.<\/td><\/tr><\/tbody><\/table><\/figure>\n\n<p><\/p>\n","protected":false},"excerpt":{"rendered":"<ul>\n<li><strong>Biwin RD510<\/strong> USB 4.0 Mini SSD Reader<\/li>\n<li><strong>Interface USB 4.0<\/strong> - Transfert de donn\u00e9es \u00e0 grande vitesse jusqu&rsquo;\u00e0 40 Gbps<\/li>\n<li><strong>3300 Mo\/s en lecture et 3000 Mo\/s en \u00e9criture<\/strong> - Optimis\u00e9 pour les vid\u00e9os 8K et les fichiers volumineux<\/li>\n<li><strong>Syst\u00e8me de refroidissement actif<\/strong> - Ventilateur int\u00e9gr\u00e9 pour des performances maximales durables<\/li>\n<li><strong>Conception ultra-portable<\/strong> - Sp\u00e9cialement con\u00e7ue pour le facteur de forme Mini SSD<\/li>\n<\/ul>\n[cg_accordion title=\"INFO PAIEMENT\"]<\/p>\n<p>Nous utilisons les derni\u00e8res technologies en mati\u00e8re de traitement des paiements, ce qui vous permet de r\u00e9gler vos achats via Apple Pay, Google Pay, votre carte de d\u00e9bit\/cr\u00e9dit, PayPal ou des m\u00e9thodes BNPL telles que Klarna, Affirm ou AfterPay pour une exp\u00e9rience rapide et s\u00e9curis\u00e9e.[\/cg_accordion]\n[cg_accordion title=\"GARANTIE\"]<\/p>\n<p>1 an de garantie de <a href=\"https:\/\/droix.net\/\" target=\"_blank\" rel=\"nofollow noopener\">DROIX Global<\/a> pour votre tranquillit\u00e9 d&rsquo;esprit[\/cg_accordion]\n[cg_accordion title=\"ASSURANCE QUALIT\u00c9 ET ESSAIS AVANT EXP\u00c9DITION\"]<\/p>\n<p>Garantir la satisfaction du client au plus haut niveau : Chaque appareil est soumis \u00e0 des tests rigoureux et \u00e0 un contr\u00f4le de qualit\u00e9 en plusieurs points avant d&rsquo;\u00eatre exp\u00e9di\u00e9. Notre \u00e9quipe d\u00e9di\u00e9e v\u00e9rifie la performance, la fonctionnalit\u00e9 et l&rsquo;int\u00e9grit\u00e9 des composants pour garantir que votre appareil AYANEO est en parfait \u00e9tat de fonctionnement \u00e0 l&rsquo;arriv\u00e9e, vous apportant confiance et tranquillit\u00e9 d&rsquo;esprit. [\/cg_accordion]\n[cg_accordion title=\"PRIX, TAXES ET FRAIS DE PORT\"]<\/p>\n<p><strong><u>Note :<\/u><\/strong><\/p>\n<ul>\n<li>Clients des \u00c9tats-Unis : Le prix affich\u00e9 n&rsquo;inclut pas les taxes ni les droits de douane. La responsabilit\u00e9 du d\u00e9douanement et du paiement des taxes et droits de douane incombe au client. <\/li>\n<li>Clients de l&rsquo;UE : Le prix affich\u00e9 inclut la TAXE applicable, qui peut s&rsquo;\u00e9lever jusqu&rsquo;\u00e0 25 % selon votre pays.<\/li>\n<li>Clients du Canada : Le prix affich\u00e9 comprend les taxes applicables, qui peuvent inclure la TPS de 5 % et des taxes de vente provinciales (TVP), la taxe de vente harmonis\u00e9e (TVH) ou la taxe de vente du Qu\u00e9bec (TVQ) suppl\u00e9mentaires, selon votre province.<\/li>\n<\/ul>\n<p>Pour nos clients am\u00e9ricains : Les commandes sont exp\u00e9di\u00e9es DAP (Delivered At Place). Bien que les clients soient responsables du paiement de tous les tarifs applicables, nous nous appuyons sur notre vaste exp\u00e9rience en mati\u00e8re d&rsquo;exp\u00e9dition depuis le Royaume-Uni pour vous assurer que vous payez le moins de frais possible. D&rsquo;apr\u00e8s nos dossiers, ces frais ne d\u00e9passent g\u00e9n\u00e9ralement pas 10 % de la valeur de l&rsquo;article.  <\/p>\n<p><strong>Pour les clients de l&rsquo;UE SEULEMENT :<\/strong> Express DDP (Delivered Duty Paid). Cela signifie que : <\/p>\n<ul>\n<li>Tous les droits de douane et taxes sont inclus dans le prix affich\u00e9 sur la page du produit.<\/li>\n<li>Vous n&rsquo;aurez pas \u00e0 payer de frais suppl\u00e9mentaires \u00e0 la livraison.<\/li>\n<li>Dans les rares cas de probl\u00e8mes douaniers, notre \u00e9quipe s&rsquo;occupera de la proc\u00e9dure de d\u00e9douanement en votre nom afin d&rsquo;assurer une livraison sans probl\u00e8me.<\/li>\n<p>Informations importantes concernant les retours :<\/p>\n<li>Si vous d\u00e9cidez de retourner votre commande ou de demander un remboursement, sachez que les taxes et les droits pay\u00e9s en votre nom dans le cadre du programme DDP ne peuvent pas \u00eatre rembours\u00e9s.<\/li>\n<p>Veuillez vous r\u00e9f\u00e9rer \u00e0 nos <a href=\"https:\/\/ayaneo.co\/fr\/conditions-dutilisation\/\" target=\"_blank\" rel=\"nofollow noopener\">conditions g\u00e9n\u00e9rales<\/a> pour plus d&rsquo;informations.\n<\/ul>\n<p>[\/cg_accordion]\n[cg_accordion title=\"SOUTIEN \u00c0 LA CLIENT\u00c8LE\"]<\/p>\n<p>Vous avez une question ? Il suffit d&rsquo;un petit texte pour que votre probl\u00e8me soit r\u00e9solu ! [\/cg_accordion]\n[cg_accordion title=\"LE PAQUET COMPREND\"]<\/p>\n<ul>\n<li>1x Biwin RD510 Mini SSD Reader<\/li>\n<\/ul>\n<p>[\/cg_accordion]\n","protected":false},"featured_media":43950,"template":"","meta":{"_acf_changed":false},"product_brand":[],"product_cat":[389],"product_tag":[],"class_list":{"0":"post-44783","1":"product","2":"type-product","3":"status-publish","4":"has-post-thumbnail","6":"product_cat-accessoires","7":"product_shipping_class-low-end","8":"pa_brand-biwin","9":"pa_operating-system-macos","10":"pa_operating-system-windows-10","11":"pa_operating-system-windows-11","13":"first","14":"outofstock","15":"sale","16":"taxable","17":"shipping-taxable","18":"purchasable","19":"product-type-simple"},"acf":[],"_links":{"self":[{"href":"https:\/\/ayaneo.co\/fr\/wp-json\/wp\/v2\/product\/44783","targetHints":{"allow":["GET"]}}],"collection":[{"href":"https:\/\/ayaneo.co\/fr\/wp-json\/wp\/v2\/product"}],"about":[{"href":"https:\/\/ayaneo.co\/fr\/wp-json\/wp\/v2\/types\/product"}],"wp:featuredmedia":[{"embeddable":true,"href":"https:\/\/ayaneo.co\/fr\/wp-json\/wp\/v2\/media\/43950"}],"wp:attachment":[{"href":"https:\/\/ayaneo.co\/fr\/wp-json\/wp\/v2\/media?parent=44783"}],"wp:term":[{"taxonomy":"product_brand","embeddable":true,"href":"https:\/\/ayaneo.co\/fr\/wp-json\/wp\/v2\/product_brand?post=44783"},{"taxonomy":"product_cat","embeddable":true,"href":"https:\/\/ayaneo.co\/fr\/wp-json\/wp\/v2\/product_cat?post=44783"},{"taxonomy":"product_tag","embeddable":true,"href":"https:\/\/ayaneo.co\/fr\/wp-json\/wp\/v2\/product_tag?post=44783"}],"curies":[{"name":"wp","href":"https:\/\/api.w.org\/{rel}","templated":true}]}}