{"id":7398,"date":"2025-01-20T12:04:53","date_gmt":"2025-01-20T12:04:53","guid":{"rendered":"https:\/\/ayaneo.co\/?post_type=product&#038;p=7398"},"modified":"2025-04-11T12:12:00","modified_gmt":"2025-04-11T12:12:00","slug":"aya-neo-slide-copy","status":"publish","type":"product","link":"https:\/\/ayaneo.co\/fr\/product\/aya-neo-slide-copy\/","title":{"rendered":"AYANEO SUIVANT"},"content":{"rendered":"\n<figure class=\"wp-block-image\"><img decoding=\"async\" src=\"https:\/\/droix.net\/wp-content\/uploads\/2022\/01\/product-overview-1024x584.png\" alt=\"\" title=\"AYA NEO NEXT 1\"\/><\/figure>\n\n<h2 class=\"wp-block-heading\">Console AMD Ryzen Zen 3<\/h2>\n\n<p>Jusqu&rsquo;\u00e0 4,5 GHz de puissance brute<\/p>\n\n<p>En termes de puissance de traitement, le PC Gaming Handheld AYANEO Next n&rsquo;est pas en reste sur le canap\u00e9.<\/p>\n\n<p>La \u00ab\u00a0puissance\u00a0\u00bb est fournie par un processeur AMD Ryzen 7 5825U, bas\u00e9 sur la derni\u00e8re architecture ZEN 3. Cela permet une exp\u00e9rience de jeu fluide tout en maintenant la consommation de la batterie \u00e0 un niveau minimum. L&rsquo;APU Ryzen 7 du AYANEO Next est bas\u00e9 sur la lithographie FinFET 7 nm de TSMC.  <\/p>\n\n<p>Le processeur Ryzen 7 5825U est un processeur octa-core avec 16 fils d&rsquo;ex\u00e9cution. Il peut tourner au ralenti \u00e0 2,0 GHz et monter jusqu&rsquo;\u00e0 4,5 GHz en cas de forte charge. Associ\u00e9 au logiciel AYA Space, vous pouvez configurer le TDP de l&rsquo;ordinateur de poche AYANEO Next jusqu&rsquo;\u00e0 32W pour encore plus de performances.  <\/p>\n\n<p>Vos jeux seront consid\u00e9rablement plus rapides que sur les consoles de jeux PC de derni\u00e8re g\u00e9n\u00e9ration.  <\/p>\n\n<p>Pour soutenir la puissance de traitement, vous trouverez \u00e9galement 16 Go de RAM LPDDR4x \u00e0 double canal \u00e0 bord, ce qui permettra de r\u00e9pondre aux exigences croissantes du syst\u00e8me. En ce qui concerne les exigences du syst\u00e8me, il existe deux options de stockage : 1 To et 2 To. Vous aurez ainsi suffisamment d&rsquo;espace pour stocker les derniers jeux PC. (Je vous regarde, Call of Duty) j  <\/p>\n\n<figure class=\"wp-block-image\"><img decoding=\"async\" src=\"https:\/\/droix.net\/wp-content\/uploads\/elementor\/thumbs\/processor-q8z5das1ql6n9ve6zhwvyxoict8wyvevo2ttgvwkqo.png\" alt=\"processeur\" title=\"processeur\"\/><\/figure>\n\n<h2 class=\"wp-block-heading\">AYANEO Prochain GPU AMD<\/h2>\n\n<p>Jouez aux derniers jeux AAA<\/p>\n\n<p>Les cartes graphiques AMD du AYANEO Next sont parfaites pour les jeux en d\u00e9placement. Il est bien connu dans la communaut\u00e9 des joueurs qu&rsquo;AMD fait des efforts suppl\u00e9mentaires pour l&rsquo;int\u00e9gration et la compatibilit\u00e9 avec les derniers jeux sur le march\u00e9. <\/p>\n\n<p>Le chipset graphique de la AYANEO Next est 17% plus rapide dans les benchmarks par rapport \u00e0 l&rsquo;ancienne g\u00e9n\u00e9ration d&rsquo;AMD Graphics. Associ\u00e9 au logiciel AYA Space qui vous permet de contr\u00f4ler le site TDP de votre console et \u00e0 l&rsquo;excellente solution de refroidissement, le AYANEO Next est une b\u00eate de jeu. <\/p>\n\n<h2 class=\"wp-block-heading\">Audacieux et lumineux<\/h2>\n\n<p>\u00c9cran 7\u2033 H-IPS <\/p>\n\n<p>Lorsque vous jouez, la vitesse et le FPS ne sont pas tout (ok, c&rsquo;est environ 90% de l&rsquo;exp\u00e9rience), mais le moyen par lequel vous absorbez l&rsquo;exp\u00e9rience est tr\u00e8s important.<\/p>\n\n<p>C&rsquo;est la raison pour laquelle le AYANEO Next est \u00e9quip\u00e9 d&rsquo;un magnifique \u00e9cran tactile 1280*800 H-IPS.<\/p>\n\n<figure class=\"wp-block-image\"><img decoding=\"async\" src=\"https:\/\/droix.net\/wp-content\/uploads\/2022\/01\/AYANEO-NEXT-BRIGHT-WHITE-MARKETING-PICTURE-2-scaled.jpg\" alt=\"AYANEOPROCHAINE-IMAGE-BLANCHE-BRILLANTE-DE-MARKETING-2\" title=\"AYA NEO NEXT 2\"\/><\/figure>\n\n<figure class=\"wp-block-image\"><img decoding=\"async\" src=\"https:\/\/droix.net\/wp-content\/uploads\/2022\/01\/AYANEO-NEXT-JET-BLACK-MARKETING-PICTURE-2-scaled.jpg\" alt=\"AYANEO-NEXT-JET-BLACK-MARKETING-PICTURE-2\" title=\"AYA NEO NEXT 3\"\/><\/figure>\n\n<figure class=\"wp-block-image\"><img decoding=\"async\" src=\"https:\/\/droix.net\/wp-content\/uploads\/2022\/01\/AYANEO-NEXT-MIDNIGHT-BLUE-MARKETING-PICTURE-4-scaled.jpg\" alt=\"AYANEO-PROCHAINE-NUIT-BLEUE-MARKETING-IMAGE-4\" title=\"AYA NEO NEXT 4\"\/><\/figure>\n\n<figure class=\"wp-block-image\"><img decoding=\"async\" src=\"https:\/\/droix.net\/wp-content\/uploads\/2022\/01\/AYANEO-NEXT-PASTEL-BLUE-MARKETING-PICTURE-7-scaled.jpg\" alt=\"AYANEO-SUIVANT-PASTEL-BLEU-MARKETING-IMAGE-7\" title=\"AYA NEO NEXT 5\"\/><\/figure>\n\n<h2 class=\"wp-block-heading\">Jeux de A \u00e0 Z<\/h2>\n\n<p>Le AYANEO Next PC Gaming Handheld r\u00e9pond \u00e0 toutes les attentes - il est \u00e9quip\u00e9 du meilleur mat\u00e9riel pour rendre vos sessions de jeu les plus confortables.<\/p>\n\n<figure class=\"wp-block-image\"><img decoding=\"async\" src=\"https:\/\/droix.net\/wp-content\/uploads\/2022\/01\/high-quality-build.png\" alt=\"\" title=\"AYA NEO NEXT 6\"\/><\/figure>\n\n<figure class=\"wp-block-image\"><img decoding=\"async\" src=\"https:\/\/droix.net\/wp-content\/uploads\/2022\/01\/shoulder-buttons.png\" alt=\"\" title=\"AYA NEO NEXT 7\"\/><\/figure>\n\n<figure class=\"wp-block-image\"><img decoding=\"async\" src=\"https:\/\/droix.net\/wp-content\/uploads\/2022\/01\/fingerprint.png\" alt=\"\" title=\"AYA NEO NEXT 8\"\/><\/figure>\n","protected":false},"excerpt":{"rendered":"<ul>\n<li>AMD\u00ae <strong>Ryzen\u2122 7 5825U<\/strong> avec carte graphique AMD Radeon\u2122 Vega 8<\/li>\n<li><strong>16Go<\/strong> LPDDR4x \u00e0 double canal @ 4266Mhz<\/li>\n<li><strong>2TB\/2TB<\/strong> PCI-E NVMe haute vitesse SSD<\/li>\n<li>\u00c9cran tactile <strong>7\u2033<\/strong> H-IPS <\/li>\n<li>Prise en charge du <strong>WiFi 6<\/strong> IEEE et du <strong>Bluetooth 5.2<\/strong> <\/li>\n<\/ul>\n[cg_accordion title=\"INFO PAIEMENT\"]<\/p>\n<p>Nous utilisons les derni\u00e8res technologies en mati\u00e8re de traitement des paiements, ce qui vous permet de r\u00e9gler vos achats via Apple Pay, Google Pay, votre carte de d\u00e9bit\/cr\u00e9dit, PayPal ou des m\u00e9thodes BNPL telles que Klarna, Affirm ou AfterPay pour une exp\u00e9rience rapide et s\u00e9curis\u00e9e.[\/cg_accordion]\n[cg_accordion title=\"GARANTIE\"]<\/p>\n<p>1 an de garantie de <a href=\"https:\/\/droix.net\/\" target=\"_blank\" rel=\"nofollow noopener\">DROIX Global<\/a> pour votre tranquillit\u00e9 d&rsquo;esprit[\/cg_accordion]\n[cg_accordion title=\"PRIX, TAXES ET FRAIS DE PORT\"]<\/p>\n<p><strong><u>Note :<\/u><\/strong><\/p>\n<ul>\n<li>Clients des \u00c9tats-Unis : Le prix affich\u00e9 n&rsquo;inclut pas les taxes ni les droits de douane. La responsabilit\u00e9 du d\u00e9douanement et du paiement des taxes et droits de douane incombe au client. <\/li>\n<li>Clients de l&rsquo;UE : Le prix affich\u00e9 inclut la TAXE applicable, qui peut s&rsquo;\u00e9lever jusqu&rsquo;\u00e0 25 % selon votre pays.<\/li>\n<li>Clients du Canada : Le prix affich\u00e9 comprend les taxes applicables, qui peuvent inclure la TPS de 5 % et des taxes de vente provinciales (TVP), la taxe de vente harmonis\u00e9e (TVH) ou la taxe de vente du Qu\u00e9bec (TVQ) suppl\u00e9mentaires, selon votre province.<\/li>\n<\/ul>\n<p><strong>Pour les clients de l&rsquo;UE SEULEMENT :<\/strong> Express DDP (Delivered Duty Paid). Cela signifie que : <\/p>\n<ul>\n<li>Tous les droits de douane et taxes sont inclus dans le prix affich\u00e9 sur la page du produit.<\/li>\n<li>Vous n&rsquo;aurez pas \u00e0 payer de frais suppl\u00e9mentaires \u00e0 la livraison.<\/li>\n<li>Dans les rares cas de probl\u00e8mes douaniers, notre \u00e9quipe s&rsquo;occupera de la proc\u00e9dure de d\u00e9douanement en votre nom afin d&rsquo;assurer une livraison sans probl\u00e8me.<\/li>\n<p>Informations importantes concernant les retours :<\/p>\n<li>Si vous d\u00e9cidez de retourner votre commande ou de demander un remboursement, sachez que les taxes et les droits pay\u00e9s en votre nom dans le cadre du programme DDP ne peuvent pas \u00eatre rembours\u00e9s.<\/li>\n<p>Veuillez vous r\u00e9f\u00e9rer \u00e0 nos <a href=\"https:\/\/ayaneo.co\/terms-of-service-2\/\" target=\"_blank\" rel=\"nofollow noopener\">conditions g\u00e9n\u00e9rales<\/a> pour plus d&rsquo;informations.\n<\/ul>\n<p>[\/cg_accordion]\n[cg_accordion title=\"SOUTIEN \u00c0 LA CLIENT\u00c8LE\"]<\/p>\n<p>Vous avez une question ? Il suffit d&rsquo;un petit texte pour que votre probl\u00e8me soit r\u00e9solu !<br \/>\n[\/cg_accordion]\n[cg_accordion title=\"Le paquet comprend\"]<\/p>\n<ul>\n<li>1x AYANEO NEXT<\/li>\n<li>1x C\u00e2ble USB Type-C<\/li>\n<li>1x Manuel de l&rsquo;utilisateur<\/li>\n<\/ul>\n<p>[\/cg_accordion]\n","protected":false},"featured_media":7495,"template":"","meta":{"_acf_changed":false},"product_brand":[],"product_cat":[369],"product_tag":[],"class_list":{"0":"post-7398","1":"product","2":"type-product","3":"status-publish","4":"has-post-thumbnail","6":"product_cat-pc-de-jeux-portables","7":"product_shipping_class-premium","8":"pa_brand-ayaneo","9":"pa_graphics-gpu-model-radeon-graphics","10":"pa_operating-system-windows-11-home","11":"pa_processor-cpu-brand-amd","13":"first","14":"outofstock","15":"sale","16":"taxable","17":"shipping-taxable","18":"purchasable","19":"product-type-variable","20":"has-default-attributes"},"acf":[],"_links":{"self":[{"href":"https:\/\/ayaneo.co\/fr\/wp-json\/wp\/v2\/product\/7398","targetHints":{"allow":["GET"]}}],"collection":[{"href":"https:\/\/ayaneo.co\/fr\/wp-json\/wp\/v2\/product"}],"about":[{"href":"https:\/\/ayaneo.co\/fr\/wp-json\/wp\/v2\/types\/product"}],"wp:featuredmedia":[{"embeddable":true,"href":"https:\/\/ayaneo.co\/fr\/wp-json\/wp\/v2\/media\/7495"}],"wp:attachment":[{"href":"https:\/\/ayaneo.co\/fr\/wp-json\/wp\/v2\/media?parent=7398"}],"wp:term":[{"taxonomy":"product_brand","embeddable":true,"href":"https:\/\/ayaneo.co\/fr\/wp-json\/wp\/v2\/product_brand?post=7398"},{"taxonomy":"product_cat","embeddable":true,"href":"https:\/\/ayaneo.co\/fr\/wp-json\/wp\/v2\/product_cat?post=7398"},{"taxonomy":"product_tag","embeddable":true,"href":"https:\/\/ayaneo.co\/fr\/wp-json\/wp\/v2\/product_tag?post=7398"}],"curies":[{"name":"wp","href":"https:\/\/api.w.org\/{rel}","templated":true}]}}