{"id":8883,"date":"2025-02-10T12:11:02","date_gmt":"2025-02-10T12:11:02","guid":{"rendered":"https:\/\/ayaneo.co\/?post_type=product&#038;p=8883"},"modified":"2025-12-27T09:19:35","modified_gmt":"2025-12-27T09:19:35","slug":"ayaneo-3","status":"publish","type":"product","link":"https:\/\/ayaneo.co\/fr\/product\/ayaneo-3\/","title":{"rendered":"AYANEO 3"},"content":{"rendered":"\n<figure class=\"wp-block-video\"><video height=\"360\" style=\"aspect-ratio: 640 \/ 360;\" width=\"640\" controls=\"\" poster=\"https:\/\/ayaneo.co\/wp-content\/uploads\/2025\/02\/maxresdefault-1.jpg\" src=\"https:\/\/ayaneo.co\/wp-content\/uploads\/2025\/02\/videoplayback-1.mp4\"><\/video><\/figure>\n\n<div class=\"wp-block-columns is-layout-flex wp-container-core-columns-is-layout-28f84493 wp-block-columns-is-layout-flex\">\n<div class=\"wp-block-column is-layout-flow wp-block-column-is-layout-flow\">\n<p>Nous vous pr\u00e9sentons le AYANEO 3, la premi\u00e8re console de jeu portable modulaire au monde qui red\u00e9finit le jeu portable gr\u00e2ce \u00e0 une personnalisation et \u00e0 des performances in\u00e9gal\u00e9es. Con\u00e7ue pour les joueurs \u00e0 la recherche d&rsquo;une exp\u00e9rience personnalis\u00e9e, la AYANEO 3 offre des caract\u00e9ristiques innovantes et des sp\u00e9cifications de premier ordre pour satisfaire \u00e0 la fois les amateurs de jeux occasionnels et les joueurs inv\u00e9t\u00e9r\u00e9s. <\/p>\n\n\n\n<h2 class=\"wp-block-heading\"><strong>Conception modulaire innovante<\/strong><\/h2>\n\n\n\n<p>L&rsquo;AYANEO 3 inaugure un syst\u00e8me de contr\u00f4leur modulaire r\u00e9volutionnaire, permettant aux utilisateurs de combiner et de personnaliser librement les modules de contr\u00f4leur en fonction de leurs pr\u00e9f\u00e9rences de jeu. Gr\u00e2ce aux boutons ABXY d\u00e9tachables et interchangeables, les joueurs peuvent configurer jusqu&rsquo;\u00e0 56 combinaisons de disposition uniques, garantissant un confort et un contr\u00f4le optimaux pour tous les types de jeux. Les modules comprennent des configurations de joystick standard, des modules de pav\u00e9 tactile pour un gameplay FPS am\u00e9lior\u00e9 et des modules de combat \u00e0 six boutons pour un contr\u00f4le pr\u00e9cis.    <\/p>\n<\/div>\n<\/div>\n\n<div class=\"wp-block-columns is-layout-flex wp-container-core-columns-is-layout-28f84493 wp-block-columns-is-layout-flex\">\n<div class=\"wp-block-column is-layout-flow wp-block-column-is-layout-flow\" style=\"flex-basis:33.33%\">\n<figure class=\"wp-block-image size-full\"><a href=\"https:\/\/ayaneo.co\/wp-content\/uploads\/2025\/02\/4-1-1024x1024-1.jpg\"><img fetchpriority=\"high\" decoding=\"async\" width=\"1024\" height=\"1024\" src=\"https:\/\/ayaneo.co\/wp-content\/uploads\/2025\/02\/4-1-1024x1024-1.jpg\" alt=\"&#xC9;cran OLED :&#10;L'&#xE9;cran OLED b&#xE9;n&#xE9;ficie d'un taux de rafra&#xEE;chissement rapide de 144 Hz, garantissant des mouvements exceptionnellement fluides dans les jeux et r&#xE9;duisant le flou. Avec une luminosit&#xE9; de 800 nits, il offre des images incroyablement vives et claires, m&#xEA;me dans les environnements lumineux. Sa gamme de couleurs DCI-P3 de 110 % offre un vaste spectre de couleurs riches et pr&#xE9;cises pour une exp&#xE9;rience v&#xE9;ritablement immersive. Cet &#xE9;cran haut de gamme est id&#xE9;al pour ceux qui recherchent une fid&#xE9;lit&#xE9; visuelle et une r&#xE9;activit&#xE9; de premier ordre.   &#10;&#10;&#xC9;cran LCD :&#10;L'&#xE9;cran LCD est dot&#xE9; d'un taux de rafra&#xEE;chissement de 120 Hz pour une excellente fluidit&#xE9; de jeu et une r&#xE9;duction des images fant&#xF4;mes. Il offre une luminosit&#xE9; de 500 nits et une couverture sRGB de 100 %, garantissant des images claires et des couleurs pr&#xE9;cises pour la plupart des contenus. Il int&#xE8;gre la fonction VRR avec AMD FreeSync Premium, qui synchronise dynamiquement l'affichage avec la fr&#xE9;quence d'images. Cela &#xE9;limine le d&#xE9;chirement de l'&#xE9;cran et les b&#xE9;gaiements, pour une exp&#xE9;rience de jeu toujours fluide et attrayante.   \" class=\"wp-image-37427\" srcset=\"https:\/\/ayaneo.co\/wp-content\/uploads\/2025\/02\/4-1-1024x1024-1.jpg 1024w, https:\/\/ayaneo.co\/wp-content\/uploads\/2025\/02\/4-1-1024x1024-1-300x300.jpg 300w, https:\/\/ayaneo.co\/wp-content\/uploads\/2025\/02\/4-1-1024x1024-1-150x150.jpg 150w, https:\/\/ayaneo.co\/wp-content\/uploads\/2025\/02\/4-1-1024x1024-1-768x768.jpg 768w, https:\/\/ayaneo.co\/wp-content\/uploads\/2025\/02\/4-1-1024x1024-1-65x65.jpg 65w, https:\/\/ayaneo.co\/wp-content\/uploads\/2025\/02\/4-1-1024x1024-1-990x990.jpg 990w, https:\/\/ayaneo.co\/wp-content\/uploads\/2025\/02\/4-1-1024x1024-1-441x441.jpg 441w, https:\/\/ayaneo.co\/wp-content\/uploads\/2025\/02\/4-1-1024x1024-1-100x100.jpg 100w, https:\/\/ayaneo.co\/wp-content\/uploads\/2025\/02\/4-1-1024x1024-1-600x600.jpg 600w\" sizes=\"(max-width: 1024px) 100vw, 1024px\" \/><\/a><\/figure>\n<\/div>\n\n\n\n<div class=\"wp-block-column is-layout-flow wp-block-column-is-layout-flow\" style=\"flex-basis:66.66%\">\n<h2 class=\"wp-block-heading\"><strong>Des visuels \u00e9poustouflants<\/strong><\/h2>\n\n\n\n<ul class=\"wp-block-list\">\n<li><strong>\u00c9cran OLED<\/strong><br\/><strong><br\/><\/strong>L&rsquo;\u00e9cran OLED de l&rsquo;AYANEO 3 est un \u00e9cran tactile de 7 pouces avec une r\u00e9solution de 1080P et un format 16:9. Il est dot\u00e9 d&rsquo;un taux de rafra\u00eechissement personnalisable, permettant aux utilisateurs de choisir entre 144 Hz, 120 Hz, 90 Hz et 60 Hz. Cet \u00e9cran offre une luminosit\u00e9 globale maximale de 800 nits et prend en charge la qualit\u00e9 des couleurs r\u00e9elles HDR pour des ombres et des lumi\u00e8res r\u00e9alistes. Il couvre 110 % de la gamme de couleurs DCI-P3 et a un volume de gamme de couleurs sRGB de 150 %, ce qui permet d&rsquo;obtenir des images vibrantes et nettes.   <\/li>\n\n\n\n<li><strong>\u00c9cran LCD<\/strong><br\/><strong><br\/><\/strong>L&rsquo;option d&rsquo;affichage LCD est \u00e9galement un \u00e9cran tactile de 7 pouces avec une r\u00e9solution de 1080P et un format 16:9. Il offre des taux de rafra\u00eechissement de 120 Hz et 60 Hz. Avec une luminosit\u00e9 globale maximale de 500 nits, il offre une couverture sRGB de 100 %. Le LCD pr\u00e9sente un temps de r\u00e9ponse rapide de 7 ms et prend en charge la fonction VRR (Variable Refresh Rate) avec AMD FreeSync Premium, garantissant une exp\u00e9rience de jeu claire, vibrante et sans d\u00e9chirure. Il s&rsquo;agit \u00e9galement d&rsquo;un \u00e9cran paysage natif.    <\/li>\n<\/ul>\n\n\n\n<p><br\/>Les \u00e9crans LCD et OLED offrent une exp\u00e9rience visuelle immersive, permettant aux joueurs de profiter de graphismes \u00e9poustouflants avec une clart\u00e9 exceptionnelle.<\/p>\n<\/div>\n<\/div>\n\n<h2 class=\"wp-block-heading has-text-align-center\"><strong>Des performances de haut niveau<\/strong><\/h2>\n\n<p class=\"has-text-align-center\">Sous le capot, le AYANEO 3 offre deux puissantes options de processeur :<\/p>\n\n<div class=\"wp-block-columns is-layout-flex wp-container-core-columns-is-layout-28f84493 wp-block-columns-is-layout-flex\">\n<div class=\"wp-block-column is-layout-flow wp-block-column-is-layout-flow\">\n<figure class=\"wp-block-image size-full\"><a href=\"https:\/\/ayaneo.co\/wp-content\/uploads\/2025\/02\/3-370-1-1024x1024-1.jpg\"><img decoding=\"async\" width=\"1024\" height=\"1024\" src=\"https:\/\/ayaneo.co\/wp-content\/uploads\/2025\/02\/3-370-1-1024x1024-1.jpg\" alt=\"Un graphique d&#xE9;taillant le &quot;c&#x153;ur puissant, les capacit&#xE9;s polyvalentes&quot; d'un appareil &#xE9;quip&#xE9; du processeur &quot;AMD Ryzen AI 9 HX 370&quot;. L'image pr&#xE9;sente divers composants et sp&#xE9;cifications : &quot;CPU Zen5 New Zen 5&quot;, &quot;12 c&#x153;urs 24 threads&quot;, &quot;fr&#xE9;quence maximale de 5,1 GHz&quot;, &quot;AMD Radeon 890M&quot; (GPU avec &quot;RDNA 3.5 16CU 2,9 GHz&quot;), et &quot;AMD XDNA 2 NPU 50TOPS&quot;. Il met en avant &quot;12MB L2 + 24MB L3 high-speed cache&quot; et note que les architectures CPU, GPU et NPU ont &#xE9;t&#xE9; mises &#xE0; jour pour augmenter les performances et l'efficacit&#xE9;, ce qui le rend adapt&#xE9; aux jeux et aux t&#xE2;ches d'intelligence artificielle. Un petit texte en bas de page le compare &#xE0; la g&#xE9;n&#xE9;ration pr&#xE9;c&#xE9;dente de processeurs d'IA AMD, mentionnant les am&#xE9;liorations apport&#xE9;es &#xE0; la puissance de calcul NPU, au traitement du c&#x153;ur du CPU, &#xE0; l'efficacit&#xE9; &#xE9;nerg&#xE9;tique du NPU, &#xE0; la vitesse de r&#xE9;ponse de l'IA des grands mod&#xE8;les de langage et &#xE0; la m&#xE9;moire cache L3.   \" class=\"wp-image-37428\" srcset=\"https:\/\/ayaneo.co\/wp-content\/uploads\/2025\/02\/3-370-1-1024x1024-1.jpg 1024w, https:\/\/ayaneo.co\/wp-content\/uploads\/2025\/02\/3-370-1-1024x1024-1-300x300.jpg 300w, https:\/\/ayaneo.co\/wp-content\/uploads\/2025\/02\/3-370-1-1024x1024-1-150x150.jpg 150w, https:\/\/ayaneo.co\/wp-content\/uploads\/2025\/02\/3-370-1-1024x1024-1-768x768.jpg 768w, https:\/\/ayaneo.co\/wp-content\/uploads\/2025\/02\/3-370-1-1024x1024-1-65x65.jpg 65w, https:\/\/ayaneo.co\/wp-content\/uploads\/2025\/02\/3-370-1-1024x1024-1-990x990.jpg 990w, https:\/\/ayaneo.co\/wp-content\/uploads\/2025\/02\/3-370-1-1024x1024-1-441x441.jpg 441w, https:\/\/ayaneo.co\/wp-content\/uploads\/2025\/02\/3-370-1-1024x1024-1-100x100.jpg 100w, https:\/\/ayaneo.co\/wp-content\/uploads\/2025\/02\/3-370-1-1024x1024-1-600x600.jpg 600w\" sizes=\"(max-width: 1024px) 100vw, 1024px\" \/><\/a><\/figure>\n\n\n\n<p><strong>AMD Ryzen\u2122 AI 9 HX 370<\/strong>: Dot\u00e9 de 12 c\u0153urs et 24 threads, ce processeur offre des performances de premier plan pour les titres AAA exigeants et le multit\u00e2che.<\/p>\n<\/div>\n\n\n\n<div class=\"wp-block-column is-layout-flow wp-block-column-is-layout-flow\">\n<figure class=\"wp-block-image size-full\"><a href=\"https:\/\/ayaneo.co\/wp-content\/uploads\/2025\/02\/3-8840u-1-1024x1024-1.jpg\"><img decoding=\"async\" width=\"1024\" height=\"1024\" src=\"https:\/\/ayaneo.co\/wp-content\/uploads\/2025\/02\/3-8840u-1-1024x1024-1.jpg\" alt=\"Une infographie au th&#xE8;me sombre mettant en avant les sp&#xE9;cifications du processeur &quot;AMD Ryzen&#x2122; 7 8840U&quot;. La section sup&#xE9;rieure pr&#xE9;sente des d&#xE9;tails sur le processeur, le GPU et le NPU : &quot; CPU Zen4 &quot;, processus &quot; 4nm &quot;, &quot; fr&#xE9;quence maximale de 5,1 GHz &quot;, graphisme &quot; AMD Radeon&#x2122; 780M &quot; avec &quot; RDNA 3 12CU 2,7 GHz &quot; et &quot; AMD Ryzen&#x2122; AI NPU 16TOPS &quot;. Un bloc central affiche la puce &quot;AMD Ryzen&#x2122; 7 8840U&quot;, notant &quot;38TOPS de performance globale.&quot; La section inf&#xE9;rieure d&#xE9;taille la m&#xE9;moire et le stockage : &quot;M&#xE9;moire LPDDR5X 7500MT\/s&quot; (jusqu'&#xE0; 64 Go disponibles pour les t&#xE2;ches lourdes) et &quot;SSD M.2 2280 PCIe 4.0&quot; (ultra-rapide, grand public et extensible).    \" class=\"wp-image-37429\" srcset=\"https:\/\/ayaneo.co\/wp-content\/uploads\/2025\/02\/3-8840u-1-1024x1024-1.jpg 1024w, https:\/\/ayaneo.co\/wp-content\/uploads\/2025\/02\/3-8840u-1-1024x1024-1-300x300.jpg 300w, https:\/\/ayaneo.co\/wp-content\/uploads\/2025\/02\/3-8840u-1-1024x1024-1-150x150.jpg 150w, https:\/\/ayaneo.co\/wp-content\/uploads\/2025\/02\/3-8840u-1-1024x1024-1-768x768.jpg 768w, https:\/\/ayaneo.co\/wp-content\/uploads\/2025\/02\/3-8840u-1-1024x1024-1-65x65.jpg 65w, https:\/\/ayaneo.co\/wp-content\/uploads\/2025\/02\/3-8840u-1-1024x1024-1-990x990.jpg 990w, https:\/\/ayaneo.co\/wp-content\/uploads\/2025\/02\/3-8840u-1-1024x1024-1-441x441.jpg 441w, https:\/\/ayaneo.co\/wp-content\/uploads\/2025\/02\/3-8840u-1-1024x1024-1-100x100.jpg 100w, https:\/\/ayaneo.co\/wp-content\/uploads\/2025\/02\/3-8840u-1-1024x1024-1-600x600.jpg 600w\" sizes=\"(max-width: 1024px) 100vw, 1024px\" \/><\/a><\/figure>\n\n\n\n<p><strong>AMD Ryzen\u2122 7 8840U<\/strong>: Un processeur \u00e9quilibr\u00e9 offrant des performances fiables pour les sessions de jeu \u00e0 forte demande et occasionnelles.<\/p>\n<\/div>\n<\/div>\n\n<p>Associ\u00e9 \u00e0 une m\u00e9moire vive LPDDR5X de 64 Go et \u00e0 un espace de stockage PCIe 4.0 SSD de 4 To, le AYANEO 3 garantit des temps de chargement rapides et un espace suffisant pour votre biblioth\u00e8que de jeux.<\/p>\n\n<h3 class=\"wp-block-heading\"><strong>Contr\u00f4les am\u00e9lior\u00e9s<\/strong><\/h3>\n\n<p>B\u00e9n\u00e9ficiez d&rsquo;un contr\u00f4le sup\u00e9rieur gr\u00e2ce aux fonctions avanc\u00e9es du AYANEO 3 :<\/p>\n\n<div class=\"wp-block-columns is-layout-flex wp-container-core-columns-is-layout-28f84493 wp-block-columns-is-layout-flex\">\n<div class=\"wp-block-column is-layout-flow wp-block-column-is-layout-flow\">\n<figure class=\"wp-block-image size-full\"><a href=\"https:\/\/ayaneo.co\/wp-content\/uploads\/2025\/02\/Dual-Stage-Hall-Effect-Triggers-1024x1024-1.jpg\"><img loading=\"lazy\" decoding=\"async\" width=\"1024\" height=\"1024\" src=\"https:\/\/ayaneo.co\/wp-content\/uploads\/2025\/02\/Dual-Stage-Hall-Effect-Triggers-1024x1024-1.jpg\" alt=\"Gros plan d'une main tenant une manette de jeu ou un appareil portable de couleur sombre, mettant en &#xE9;vidence le bouton de la g&#xE2;chette d'&#xE9;paule. L'image est baign&#xE9;e d'une lumi&#xE8;re bleue et un texte blanc en haut indique &quot;Agile Hall Triggers&quot;. \" class=\"wp-image-37430\" srcset=\"https:\/\/ayaneo.co\/wp-content\/uploads\/2025\/02\/Dual-Stage-Hall-Effect-Triggers-1024x1024-1.jpg 1024w, https:\/\/ayaneo.co\/wp-content\/uploads\/2025\/02\/Dual-Stage-Hall-Effect-Triggers-1024x1024-1-300x300.jpg 300w, https:\/\/ayaneo.co\/wp-content\/uploads\/2025\/02\/Dual-Stage-Hall-Effect-Triggers-1024x1024-1-150x150.jpg 150w, https:\/\/ayaneo.co\/wp-content\/uploads\/2025\/02\/Dual-Stage-Hall-Effect-Triggers-1024x1024-1-768x768.jpg 768w, https:\/\/ayaneo.co\/wp-content\/uploads\/2025\/02\/Dual-Stage-Hall-Effect-Triggers-1024x1024-1-65x65.jpg 65w, https:\/\/ayaneo.co\/wp-content\/uploads\/2025\/02\/Dual-Stage-Hall-Effect-Triggers-1024x1024-1-990x990.jpg 990w, https:\/\/ayaneo.co\/wp-content\/uploads\/2025\/02\/Dual-Stage-Hall-Effect-Triggers-1024x1024-1-441x441.jpg 441w, https:\/\/ayaneo.co\/wp-content\/uploads\/2025\/02\/Dual-Stage-Hall-Effect-Triggers-1024x1024-1-100x100.jpg 100w, https:\/\/ayaneo.co\/wp-content\/uploads\/2025\/02\/Dual-Stage-Hall-Effect-Triggers-1024x1024-1-600x600.jpg 600w\" sizes=\"(max-width: 1024px) 100vw, 1024px\" \/><\/a><\/figure>\n\n\n\n<h3 class=\"wp-block-heading\"><strong>D\u00e9clencheurs \u00e0 effet Hall \u00e0 double \u00e9tage<\/strong> <\/h3>\n\n\n\n<p>Passez d&rsquo;une course longue de 7,5 mm pour un contr\u00f4le pr\u00e9cis \u00e0 une course courte de 3 mm pour des saisies rapides, afin de r\u00e9pondre aux diff\u00e9rents sc\u00e9narios de jeu.<\/p>\n<\/div>\n\n\n\n<div class=\"wp-block-column is-layout-flow wp-block-column-is-layout-flow\">\n<figure class=\"wp-block-image size-full\"><a href=\"https:\/\/ayaneo.co\/wp-content\/uploads\/2025\/02\/Magnetic-Suspension-Motor.jpg\"><img loading=\"lazy\" decoding=\"async\" width=\"1500\" height=\"1500\" src=\"https:\/\/ayaneo.co\/wp-content\/uploads\/2025\/02\/Magnetic-Suspension-Motor.jpg\" alt=\"Vue interne d'un appareil pr&#xE9;sentant un &quot;moteur &#xE0; suspension magn&#xE9;tique&quot;. Le moteur est un composant cylindrique avec une lueur bleue brillante en son centre, situ&#xE9; dans un circuit imprim&#xE9; complexe ou une structure interne rendue dans des tons sombres. \" class=\"wp-image-37431\" srcset=\"https:\/\/ayaneo.co\/wp-content\/uploads\/2025\/02\/Magnetic-Suspension-Motor.jpg 1500w, https:\/\/ayaneo.co\/wp-content\/uploads\/2025\/02\/Magnetic-Suspension-Motor-300x300.jpg 300w, https:\/\/ayaneo.co\/wp-content\/uploads\/2025\/02\/Magnetic-Suspension-Motor-1024x1024.jpg 1024w, https:\/\/ayaneo.co\/wp-content\/uploads\/2025\/02\/Magnetic-Suspension-Motor-150x150.jpg 150w, https:\/\/ayaneo.co\/wp-content\/uploads\/2025\/02\/Magnetic-Suspension-Motor-768x768.jpg 768w, https:\/\/ayaneo.co\/wp-content\/uploads\/2025\/02\/Magnetic-Suspension-Motor-65x65.jpg 65w, https:\/\/ayaneo.co\/wp-content\/uploads\/2025\/02\/Magnetic-Suspension-Motor-990x990.jpg 990w, https:\/\/ayaneo.co\/wp-content\/uploads\/2025\/02\/Magnetic-Suspension-Motor-441x441.jpg 441w, https:\/\/ayaneo.co\/wp-content\/uploads\/2025\/02\/Magnetic-Suspension-Motor-100x100.jpg 100w, https:\/\/ayaneo.co\/wp-content\/uploads\/2025\/02\/Magnetic-Suspension-Motor-600x600.jpg 600w\" sizes=\"(max-width: 1500px) 100vw, 1500px\" \/><\/a><\/figure>\n\n\n\n<h3 class=\"wp-block-heading\"><strong>Moteur \u00e0 suspension magn\u00e9tique<\/strong> <\/h3>\n\n\n\n<p>D\u00e9velopp\u00e9e en collaboration avec GuliKit Technology, cette fonction prend en charge les modes de vibration des moteurs lin\u00e9aires et rotatifs, offrant ainsi un retour haptique r\u00e9aliste et immersif.<\/p>\n<\/div>\n\n\n\n<div class=\"wp-block-column is-layout-flow wp-block-column-is-layout-flow\">\n<figure class=\"wp-block-image size-full\"><a href=\"https:\/\/ayaneo.co\/wp-content\/uploads\/2025\/02\/Keyboard-and-Mouse-Mode-1024x1024-1.jpg\"><img loading=\"lazy\" decoding=\"async\" width=\"1024\" height=\"1024\" src=\"https:\/\/ayaneo.co\/wp-content\/uploads\/2025\/02\/Keyboard-and-Mouse-Mode-1024x1024-1.jpg\" alt=\"Mains tenant un appareil de jeu portable noir dont l'&#xE9;cran affiche une interface utilisateur pour les r&#xE9;glages ou la configuration. Un texte blanc en haut de l'image indique &quot;Hardware-Level Keyboard-Mouse Mode&quot;, indiquant une fonctionnalit&#xE9; de l'appareil. \" class=\"wp-image-37432\" srcset=\"https:\/\/ayaneo.co\/wp-content\/uploads\/2025\/02\/Keyboard-and-Mouse-Mode-1024x1024-1.jpg 1024w, https:\/\/ayaneo.co\/wp-content\/uploads\/2025\/02\/Keyboard-and-Mouse-Mode-1024x1024-1-300x300.jpg 300w, https:\/\/ayaneo.co\/wp-content\/uploads\/2025\/02\/Keyboard-and-Mouse-Mode-1024x1024-1-150x150.jpg 150w, https:\/\/ayaneo.co\/wp-content\/uploads\/2025\/02\/Keyboard-and-Mouse-Mode-1024x1024-1-768x768.jpg 768w, https:\/\/ayaneo.co\/wp-content\/uploads\/2025\/02\/Keyboard-and-Mouse-Mode-1024x1024-1-65x65.jpg 65w, https:\/\/ayaneo.co\/wp-content\/uploads\/2025\/02\/Keyboard-and-Mouse-Mode-1024x1024-1-990x990.jpg 990w, https:\/\/ayaneo.co\/wp-content\/uploads\/2025\/02\/Keyboard-and-Mouse-Mode-1024x1024-1-441x441.jpg 441w, https:\/\/ayaneo.co\/wp-content\/uploads\/2025\/02\/Keyboard-and-Mouse-Mode-1024x1024-1-100x100.jpg 100w, https:\/\/ayaneo.co\/wp-content\/uploads\/2025\/02\/Keyboard-and-Mouse-Mode-1024x1024-1-600x600.jpg 600w\" sizes=\"(max-width: 1024px) 100vw, 1024px\" \/><\/a><\/figure>\n\n\n\n<h3 class=\"wp-block-heading\"><strong>Mode clavier et souris<\/strong><\/h3>\n\n\n\n<p>Basculez en toute transparence entre les entr\u00e9es du contr\u00f4leur et celles du clavier\/souris, pour une polyvalence accrue dans les jeux et les applications de productivit\u00e9.<\/p>\n<\/div>\n<\/div>\n\n<h3 class=\"wp-block-heading\"><strong>Audio immersive<\/strong><\/h3>\n\n<p>Le AYANEO 3 offre une exp\u00e9rience audio exaltante gr\u00e2ce \u00e0 ses doubles haut-parleurs sym\u00e9triques HyperSound 2.0, offrant un son clair et puissant qui renforce l&rsquo;immersion dans le jeu.<\/p>\n\n<h3 class=\"wp-block-heading\"><strong>Exp\u00e9rience des utilisateurs<\/strong><\/h3>\n\n<p>Fonctionnant sur Windows 11, le AYANEO 3 prend en charge diverses applications, des titres AAA exigeants aux outils de productivit\u00e9 essentiels, ce qui en fait un compagnon polyvalent pour le travail et les loisirs. L&rsquo;appareil pr\u00e9sente un design ergonomique avec des commandes personnalisables, garantissant le confort pendant les sessions de jeu prolong\u00e9es. Des options de connectivit\u00e9 robustes, y compris deux ports USB4 et une interface OCuLink pour les connexions \u00e0 haut d\u00e9bit, facilitent l&rsquo;int\u00e9gration transparente dans n&rsquo;importe quel environnement.  <\/p>\n\n<h3 class=\"wp-block-heading\"><strong>Conclusion<\/strong><\/h3>\n\n<p>Le AYANEO 3 \u00e9tablit une nouvelle norme en mati\u00e8re de jeux portables en associant une conception modulaire innovante \u00e0 un mat\u00e9riel de haute performance. Ses commandes personnalisables, ses visuels \u00e9poustouflants et ses puissantes capacit\u00e9s de traitement en font le choix ultime pour les joueurs \u00e0 la recherche d&rsquo;une exp\u00e9rience de jeu personnalis\u00e9e et immersive. Embrassez l&rsquo;avenir des jeux sur ordinateur de poche avec le AYANEO 3.  <\/p>\n","protected":false},"excerpt":{"rendered":"<ul>\n<li>AMD <strong>Ryzen\u2122 AI 9 HX 370<\/strong> \/ <strong>Ryzen\u2122 7 8840U<\/strong><\/li>\n<li>AMD Radeon <strong>890M<\/strong> \/ <strong>780M<\/strong> \/ 2900 \/ 2700 Mhz<\/li>\n<li>jusqu&rsquo;\u00e0<strong> 64GB LPDDR5X @ 7500 MT\/s<\/strong><\/li>\n<li>jusqu&rsquo;\u00e0<strong> 4 To<\/strong> PCI-E 4.0 NVMe <strong>haute vitesse<\/strong> SSD<\/li>\n<li>Prise en charge du WiFi <strong>6E<\/strong> et du Bluetooth <strong>5.3<\/strong> <\/li>\n<\/ul>\n<p><img loading=\"lazy\" decoding=\"async\" class=\"alignnone size-full wp-image-12494\" src=\"https:\/\/ayaneo.co\/wp-content\/uploads\/2025\/02\/AYANEO-3-FREE-GIFTS.jpg\" alt=\"Banni\u00e8re promotionnelle pour AYANEO 3 cadeaux gratuits, comprenant des images d'un \u00e9tui de protection noir et beige, d'un protecteur d'\u00e9cran et de capuchons de baguettes pour le pouce. Le texte souligne \"Cadeaux gratuits\" comprenant un \u00e9tui de protection, un protecteur d'\u00e9cran et des baguettes de pouce, qui sont automatiquement ajout\u00e9s au panier. La couleur de l'\u00e9tui d\u00e9pend de l'appareil s\u00e9lectionn\u00e9.\" width=\"550\" height=\"140\" srcset=\"https:\/\/ayaneo.co\/wp-content\/uploads\/2025\/02\/AYANEO-3-FREE-GIFTS.jpg 550w, https:\/\/ayaneo.co\/wp-content\/uploads\/2025\/02\/AYANEO-3-FREE-GIFTS-300x76.jpg 300w, https:\/\/ayaneo.co\/wp-content\/uploads\/2025\/02\/AYANEO-3-FREE-GIFTS-441x112.jpg 441w, https:\/\/ayaneo.co\/wp-content\/uploads\/2025\/02\/AYANEO-3-FREE-GIFTS-150x38.jpg 150w\" sizes=\"(max-width: 550px) 100vw, 550px\" \/>  [cg_accordion title=\"INFO PAIEMENT\"] Nous utilisons les derni\u00e8res technologies en mati\u00e8re de traitement des paiements, ce qui vous permet de r\u00e9gler vos achats via Apple Pay, Google Pay, votre carte de d\u00e9bit\/cr\u00e9dit, PayPal ou des m\u00e9thodes BNPL telles que Klarna, Affirm ou AfterPay pour une exp\u00e9rience rapide et s\u00e9curis\u00e9e.[\/cg_accordion] [cg_accordion title=\"GARANTIE\"] Garantie de 1 an de <a href=\"https:\/\/droix.net\/\" target=\"_blank\" rel=\"nofollow noopener\">DROIX Global<\/a> pour votre tranquillit\u00e9 d&rsquo;esprit.[\/cg_accordion] [cg_accordion title=\"ASSURANCE QUALIT\u00c9 ET ESSAIS AVANT EXP\u00c9DITION\"]  Garantir la satisfaction du client au plus haut niveau : Chaque appareil est soumis \u00e0 des tests rigoureux et \u00e0 un contr\u00f4le de qualit\u00e9 en plusieurs points avant d&rsquo;\u00eatre exp\u00e9di\u00e9. Notre \u00e9quipe d\u00e9di\u00e9e v\u00e9rifie la performance, la fonctionnalit\u00e9 et l&rsquo;int\u00e9grit\u00e9 des composants pour garantir que votre appareil AYANEO est en parfait \u00e9tat de fonctionnement \u00e0 l&rsquo;arriv\u00e9e, vous apportant confiance et tranquillit\u00e9 d&rsquo;esprit. [\/cg_accordion] [cg_accordion title=\"PRICING, TAXES AND SHIPPING\"] <strong><u>Note :<\/u><\/strong><\/p>\n<ul>\n<li>Clients des \u00c9tats-Unis : Le prix affich\u00e9 n&rsquo;inclut pas les taxes ni les droits de douane. La responsabilit\u00e9 du d\u00e9douanement et du paiement des taxes et droits de douane incombe au client. <\/li>\n<li>Clients de l&rsquo;UE : Le prix affich\u00e9 inclut la TAXE applicable, qui peut s&rsquo;\u00e9lever jusqu&rsquo;\u00e0 25 % selon votre pays.<\/li>\n<li>Clients du Canada : Le prix affich\u00e9 comprend les taxes applicables, qui peuvent inclure la TPS de 5 % et des taxes de vente provinciales (TVP), la taxe de vente harmonis\u00e9e (TVH) ou la taxe de vente du Qu\u00e9bec (TVQ) suppl\u00e9mentaires, selon votre province.<\/li>\n<\/ul>\n<p><strong>Pour les clients de l&rsquo;UE SEULEMENT :<\/strong> Express DDP (Delivered Duty Paid). Cela signifie que : <\/p>\n<ul>\n<li style=\"list-style-type: none;\">\n<ul>\n<li>Tous les droits de douane et taxes sont inclus dans le prix affich\u00e9 sur la page du produit.<\/li>\n<li>Vous n&rsquo;aurez pas \u00e0 payer de frais suppl\u00e9mentaires \u00e0 la livraison.<\/li>\n<li>Dans les rares cas de probl\u00e8mes douaniers, notre \u00e9quipe s&rsquo;occupera de la proc\u00e9dure de d\u00e9douanement en votre nom afin d&rsquo;assurer une livraison sans probl\u00e8me.<\/li>\n<p>Informations importantes concernant les retours :<\/p>\n<li>Si vous d\u00e9cidez de retourner votre commande ou de demander un remboursement, sachez que les taxes et les droits pay\u00e9s en votre nom dans le cadre du programme DDP ne peuvent pas \u00eatre rembours\u00e9s.<\/li>\n<p>Veuillez vous r\u00e9f\u00e9rer \u00e0 notre<\/ul>\n<\/li>\n<\/ul>\n<p><a href=\"https:\/\/ayaneo.co\/terms-of-service-2\/\" target=\"_blank\" rel=\"nofollow noopener\">Conditions g\u00e9n\u00e9rales d&rsquo;utilisation<\/a><\/p>\n<ul>pour obtenir des informations d\u00e9taill\u00e9es.<\/ul>\n<p>[\/cg_accordion] [cg_accordion title=\"SOUTIEN \u00c0 LA CLIENT\u00c8LE\"]  Vous avez une question ? Il suffit d&rsquo;un petit texte pour que votre probl\u00e8me soit r\u00e9solu ! [\/cg_accordion] [cg_accordion title=\"PACKAGE INCLUDES\"]<\/p>\n<ul>\n<li>1x AYANEO 3<\/li>\n<li>1x fiche d&rsquo;alimentation (UE\/US)<\/li>\n<li>1x C\u00e2ble USB Type-C<\/li>\n<li>1x Manuel de l&rsquo;utilisateur<\/li>\n<\/ul>\n<p>[\/cg_accordion]<\/p>\n","protected":false},"featured_media":37581,"template":"","meta":{"_acf_changed":false},"product_brand":[],"product_cat":[369],"product_tag":[400],"class_list":{"0":"post-8883","1":"product","2":"type-product","3":"status-publish","4":"has-post-thumbnail","6":"product_cat-pc-de-jeux-portables","7":"product_tag-pc-gaming-handheld-fr","8":"product_shipping_class-premium","9":"pa_brand-ayaneo","10":"pa_graphics-gpu-model-ryzen-7-8840u-radeon-780m","11":"pa_graphics-gpu-model-ryzen-ai-9-hx-370-radeon-890m","12":"pa_operating-system-windows-11","13":"pa_processor-cpu-brand-amd","15":"first","16":"instock","17":"taxable","18":"shipping-taxable","19":"purchasable","20":"product-type-variable","21":"has-default-attributes"},"acf":[],"_links":{"self":[{"href":"https:\/\/ayaneo.co\/fr\/wp-json\/wp\/v2\/product\/8883","targetHints":{"allow":["GET"]}}],"collection":[{"href":"https:\/\/ayaneo.co\/fr\/wp-json\/wp\/v2\/product"}],"about":[{"href":"https:\/\/ayaneo.co\/fr\/wp-json\/wp\/v2\/types\/product"}],"wp:featuredmedia":[{"embeddable":true,"href":"https:\/\/ayaneo.co\/fr\/wp-json\/wp\/v2\/media\/37581"}],"wp:attachment":[{"href":"https:\/\/ayaneo.co\/fr\/wp-json\/wp\/v2\/media?parent=8883"}],"wp:term":[{"taxonomy":"product_brand","embeddable":true,"href":"https:\/\/ayaneo.co\/fr\/wp-json\/wp\/v2\/product_brand?post=8883"},{"taxonomy":"product_cat","embeddable":true,"href":"https:\/\/ayaneo.co\/fr\/wp-json\/wp\/v2\/product_cat?post=8883"},{"taxonomy":"product_tag","embeddable":true,"href":"https:\/\/ayaneo.co\/fr\/wp-json\/wp\/v2\/product_tag?post=8883"}],"curies":[{"name":"wp","href":"https:\/\/api.w.org\/{rel}","templated":true}]}}