{"id":17581,"date":"2025-02-26T09:29:59","date_gmt":"2025-02-26T09:29:59","guid":{"rendered":"https:\/\/ayaneo.co\/kupite-ayaneo-3-pocket-dmg-micro-i-jos-mnogo-rucnih-igracih-racunala\/"},"modified":"2025-08-01T10:26:51","modified_gmt":"2025-08-01T10:26:51","slug":"kupite-ayaneo-3-pocket-dmg-micro-i-jos-mnogo-rucnih-igracih-racunala","status":"publish","type":"page","link":"https:\/\/ayaneo.co\/hr\/kupite-ayaneo-3-pocket-dmg-micro-i-jos-mnogo-rucnih-igracih-racunala\/","title":{"rendered":"Kupite AYANEO 3, Pocket DMG, Micro i jo\u0161 mnogo ru\u010dnih igra\u0107ih ra\u010dunala"},"content":{"rendered":"","protected":false},"excerpt":{"rendered":"","protected":false},"author":66,"featured_media":0,"parent":0,"menu_order":0,"comment_status":"closed","ping_status":"closed","template":"","meta":{"_acf_changed":false,"footnotes":""},"class_list":["post-17581","page","type-page","status-publish","hentry"],"acf":[],"_links":{"self":[{"href":"https:\/\/ayaneo.co\/hr\/wp-json\/wp\/v2\/pages\/17581","targetHints":{"allow":["GET"]}}],"collection":[{"href":"https:\/\/ayaneo.co\/hr\/wp-json\/wp\/v2\/pages"}],"about":[{"href":"https:\/\/ayaneo.co\/hr\/wp-json\/wp\/v2\/types\/page"}],"author":[{"embeddable":true,"href":"https:\/\/ayaneo.co\/hr\/wp-json\/wp\/v2\/users\/66"}],"replies":[{"embeddable":true,"href":"https:\/\/ayaneo.co\/hr\/wp-json\/wp\/v2\/comments?post=17581"}],"version-history":[{"count":0,"href":"https:\/\/ayaneo.co\/hr\/wp-json\/wp\/v2\/pages\/17581\/revisions"}],"wp:attachment":[{"href":"https:\/\/ayaneo.co\/hr\/wp-json\/wp\/v2\/media?parent=17581"}],"curies":[{"name":"wp","href":"https:\/\/api.w.org\/{rel}","templated":true}]}}