{"id":17707,"date":"2023-03-11T09:26:01","date_gmt":"2023-03-11T09:26:01","guid":{"rendered":"https:\/\/ayaneo.co\/pravila-o-privatnosti\/"},"modified":"2025-05-30T16:15:26","modified_gmt":"2025-05-30T16:15:26","slug":"pravila-o-privatnosti","status":"publish","type":"page","link":"https:\/\/ayaneo.co\/hr\/pravila-o-privatnosti\/","title":{"rendered":"Pravila o privatnosti"},"content":{"rendered":"\n<p>Sljede\u0107a Pravila o privatnosti trebaju se uzimati u skladu s (upareno s), \u201ekao jedno\u201d s <a href=\"https:\/\/ayaneo.co.uk\/terms-of-service\/\" target=\"_blank\" rel=\"noreferrer noopener\">Uvjetima i odredbama<\/a> , <a href=\"https:\/\/ayaneo.co.uk\/refund_returns\/\" target=\"_blank\" rel=\"noreferrer noopener\">Pravilima o povratu i refundaciji<\/a> te <a href=\"https:\/\/ayaneo.co.uk\/cookies-policy\/\" target=\"_blank\" rel=\"noreferrer noopener\">Pravilima o kola\u010di\u0107ima<\/a><\/p>\n\n<ol class=\"wp-block-list\">\n<li>Ovi uvjeti prodaje primjenjuju se na svu robu koju isporu\u010duje DroiX US Corp (Dobavlja\u010d).\n<ol class=\"wp-block-list\">\n<li>U navedenom ugovoru, reference su na: Mi (DroiX US Corp) smo Dobavlja\u010d, a vi (Kupac)<\/li>\n<\/ol>\n<\/li>\n<\/ol>\n\n<h2 class=\"wp-block-heading\" id=\"h-navigation\">Navigacija<\/h2>\n\n<ul class=\"wp-block-list\">\n<li>PRIKUPLJANJE PODATAKA<\/li>\n\n\n\n<li>OBRADA PODATAKA<\/li>\n\n\n\n<li>ZA\u0160TITA PODATAKA<\/li>\n\n\n\n<li>POLITIKA PRIVATNOSTI<\/li>\n<\/ul>\n\n<h2 class=\"wp-block-heading\" id=\"h-data-collection\">PRIKUPLJANJE PODATAKA<\/h2>\n\n<ol class=\"wp-block-list\">\n<li>Dobavlja\u010d prikuplja va\u0161e osobne podatke kada kupujete njegove proizvode.<\/li>\n\n\n\n<li>Dobavlja\u010d prikuplja osobne podatke od vas i svih ure\u0111aja (uklju\u010duju\u0107i mobilne ure\u0111aje) koje koristite kada: registrirate ra\u010dun kod nas, dajete podatke Dobavlja\u010du putem web obrasca, a\u017eurirate ili dodajete podatke na svoj ra\u010dun, sudjelujete u forumu za podr\u0161ku ili kada na drugi na\u010din komunicirate s Dobavlja\u010dem.\n<ol class=\"wp-block-list\">\n<li>Neki od ovih osobnih podataka, poput na\u010dina va\u0161e identifikacije, potrebni su za prihva\u0107anje Uvjeta pru\u017eanja usluge Dobavlja\u010da. Pru\u017eanje svih ostalih osobnih podataka je dobrovoljno, ali mo\u017ee biti potrebno za kori\u0161tenje na\u0161ih Usluga, poput sudjelovanja u nagradnim igrama, izvla\u010denjima ili podataka potrebnih za sklapanje transakcije. <\/li>\n<\/ol>\n<\/li>\n\n\n\n<li>Osobni podaci koje dajete Dobavlja\u010du prilikom kupnje ili registracije ra\u010duna kod Dobavlja\u010da:\n<ol class=\"wp-block-list\">\n<li>Identifikacijske informacije poput va\u0161eg imena, adrese, telefonskog broja ili adrese e-po\u0161te kada se registrirate za ra\u010dun kod nas.<\/li>\n\n\n\n<li>Podaci o narud\u017ebi koji su povezani s va\u0161im ra\u010dunom kao rezultat transakcije u kojoj sudjelujete.<\/li>\n\n\n\n<li>Ostali sadr\u017eaj koji generirate ili koji je povezan s va\u0161im ra\u010dunom (kao \u0161to je dodavanje artikala u ko\u0161aricu).<\/li>\n\n\n\n<li>Financijske informacije (kao \u0161to su brojevi kreditnih kartica ili bankovnih ra\u010duna) u vezi s transakcijom.<\/li>\n\n\n\n<li>Po\u0161tarina, naplata i ostale informacije kori\u0161tene za kupnju ili slanje artikla te relevantne informacije o po\u0161tarini (kao \u0161to su brojevi za pra\u0107enje i a\u017euriranja pra\u0107enja).<\/li>\n\n\n\n<li>Tako\u0111er mo\u017eete Dobavlja\u010du pru\u017eiti druge informacije putem web obrasca, a\u017euriranjem ili dodavanjem informacija na svoj ra\u010dun, sudjelovanjem u raspravama na forumu, zahtjevima za podr\u0161ku ili kada na drugi na\u010din komunicirate s Dobavlja\u010dem u vezi s robom i uslugama Dobavlja\u010da.<\/li>\n\n\n\n<li>Dodatne informacije koje je Dobavlja\u010d du\u017ean ili ovla\u0161ten prikupljati i obra\u0111ivati \u200b\u200bprema va\u017ee\u0107im nacionalnim zakonima radi va\u0161e autentifikacije ili identifikacije ili radi provjere informacija koje je Dobavlja\u010d prikupio.<\/li>\n<\/ol>\n<\/li>\n\n\n\n<li>Osobni podaci koje Dobavlja\u010d automatski prikuplja kada ih koristite za kupnju ili registraciju ra\u010duna kod Dobavlja\u010da:\n<ol class=\"wp-block-list\">\n<li>Dobavlja\u010d prikuplja podatke o va\u0161oj interakciji s web-stranicom, va\u0161im postavkama ogla\u0161avanja i va\u0161oj komunikaciji s Dobavlja\u010dem. To su podaci koje Dobavlja\u010d prima s ure\u0111aja (uklju\u010duju\u0107i mobilne ure\u0111aje) koje koristite kada pristupate dijelovima web-stranice Dobavlja\u010da. Ti podaci mogu uklju\u010divati \u200b\u200bsljede\u0107e: ID ure\u0111aja ili jedinstveni identifikator, vrstu ure\u0111aja, ID za ogla\u0161avanje i jedinstveni token ure\u0111aja.  <\/li>\n\n\n\n<li>Podaci o lokaciji, uklju\u010duju\u0107i podatke o lokaciji s va\u0161eg mobilnog ure\u0111aja. Imajte na umu da ve\u0107ina mobilnih ure\u0111aja omogu\u0107uje kontrolu ili onemogu\u0107avanje kori\u0161tenja lokacijskih usluga bilo koje aplikacije na va\u0161em mobilnom ure\u0111aju u izborniku postavki ure\u0111aja. <\/li>\n\n\n\n<li>Podaci o ra\u010dunalu i vezi, kao \u0161to su statistika pregleda stranica, promet na i s web-mjesta, URL preporuke, podaci o oglasima, va\u0161a IP adresa, povijest pregledavanja i podaci va\u0161eg web dnevnika.<\/li>\n<\/ol>\n<\/li>\n\n\n\n<li>Osobne podatke koje Dobavlja\u010d prikuplja pomo\u0107u kola\u010di\u0107a i sli\u010dnih tehnologija\n<ol class=\"wp-block-list\">\n<li>Dobavlja\u010d koristi kola\u010di\u0107e, web-pratilice, jedinstvene identifikatore i sli\u010dne tehnologije za prikupljanje informacija o stranicama koje pregledavate, poveznicama na koje kliknete i drugim radnjama koje poduzimate prilikom pregledavanja web-stranice Dobavlja\u010da, unutar ogla\u0161avanja ili sadr\u017eaja e-po\u0161te Dobavlja\u010da. Za vi\u0161e informacija o kori\u0161tenju ovih tehnologija i na\u010dinu njihove kontrole pogledajte na\u0161u Politiku kola\u010di\u0107a. <\/li>\n<\/ol>\n<\/li>\n\n\n\n<li>Osobni podaci prikupljeni iz drugih izvora\n<ol class=\"wp-block-list\">\n<li>Dobavlja\u010d nadopunjuje osobne podatke koje izravno prikuplja informacijama prikupljenima od tre\u0107ih strana i dodaje ih podacima o va\u0161em ra\u010dunu. Na primjer, Dobavlja\u010d prikuplja i koristi demografske i druge podatke koji su javno dostupni u primjenjivoj jurisdikciji, dodatne kontaktne podatke, podatke o provjeri kreditne sposobnosti i podatke iz kreditnih ureda, kako je dopu\u0161teno primjenjivim nacionalnim zakonima. <\/li>\n\n\n\n<li>Dru\u0161tveni mediji \u2013 Dobavlja\u010d vam omogu\u0107uje dijeljenje informacija s web-stranicama dru\u0161tvenih medija ili kori\u0161tenje web-stranica dru\u0161tvenih medija za izradu ra\u010duna ili povezivanje ra\u010duna s odgovaraju\u0107om web-stranicom dru\u0161tvenih medija. Te web-stranice dru\u0161tvenih medija mogu Dobavlja\u010du dati automatski pristup odre\u0111enim osobnim podacima koje su o vama zadr\u017eali (npr. sadr\u017eaj koji ste pregledali, sadr\u017eaj koji vam se svi\u0111a i informacije o oglasima koji su vam prikazani ili na koje ste kliknuli itd.). Ako Dobavlja\u010du omogu\u0107ite pristup bilo kojoj stranici s video sadr\u017eajem, tada se sla\u017eete da Dobavlja\u010d mo\u017ee dijeliti va\u0161e gledanje videozapisa s web-stranicama dru\u0161tvenih medija tre\u0107ih strana ili prikupljati informacije o va\u0161em gledanju videozapisa s tih web-stranica najmanje dvije godine ili dok ne povu\u010dete autorizaciju ili vezu s web-stranicom dru\u0161tvene mre\u017ee. Vi kontrolirate osobne podatke kojima Dobavlja\u010d ima pristup putem postavki privatnosti na odgovaraju\u0107oj web-stranici dru\u0161tvene mre\u017ee i dopu\u0161tenja koja dajete Dobavlja\u010du kada Dobavlja\u010du odobrite pristup osobnim podacima koje odgovaraju\u0107a web-stranica dru\u0161tvene mre\u017ee zadr\u017eava o vama. Povezivanjem ra\u010duna kojim upravlja web-mjesto dru\u0161tvene mre\u017ee s va\u0161im ra\u010dunom i ovla\u0161\u0107uvanjem Dobavlja\u010da za pristup tim informacijama, pristajete da Dobavlja\u010d mo\u017ee prikupljati, koristiti i zadr\u017eavati informacije koje pru\u017eaju te web-mjesta dru\u0161tvenih mre\u017ea u skladu s ovom obavijesti o privatnosti. Dobavlja\u010d tako\u0111er mo\u017ee koristiti dodatke ili druge tehnologije s raznih web-mjesta dru\u0161tvenih mre\u017ea. Ako kliknete na poveznicu koja se nalazi putem dodatka dru\u0161tvene mre\u017ee, dobrovoljno uspostavljate vezu s tim odgovaraju\u0107im web-mjestom dru\u0161tvene mre\u017ee.      <\/li>\n\n\n\n<li>Ako Dobavlja\u010du dajete osobne podatke o nekome drugome, to morate u\u010diniti samo uz odobrenje te osobe. Trebali biste ih obavijestiti o tome kako Dobavlja\u010d prikuplja, koristi, otkriva i \u010duva njihove osobne podatke u skladu s Uvjetima i odredbama Dobavlja\u010da. <\/li>\n<\/ol>\n<\/li>\n\n\n\n<li>Informacije koje \u0107e pomo\u0107i Dobavlja\u010du da vam pru\u017ei uslugu Dobavlja\u010da.\n<ol class=\"wp-block-list\">\n<li>Dobavlja\u010d blisko sura\u0111uje s tre\u0107im stranama kako bi vam pomogao u pru\u017eanju usluga. Ove tre\u0107e strane su poslovni partneri u tehni\u010dkim, platnim i dostavnim uslugama, ogla\u0161iva\u010dkim mre\u017eama, pru\u017eateljima analiti\u010dkih usluga, pru\u017eateljima informacija o pretra\u017eivanju, agencijama za kreditne reference, agencijama za sprje\u010davanje prijevara i programerima. Informacije koje Dobavlja\u010d mo\u017ee prikupljati o vama od takvih strana mogu uklju\u010divati \u200b\u200binformacije o pretra\u017eivanju kreditne sposobnosti, informacije koje poma\u017eu Dobavlja\u010du da provjeri va\u0161 identitet ili informacije koje se odnose na va\u0161e platne transakcije.  <\/li>\n\n\n\n<li>Ako dopustite Dobavlja\u010du, Dobavlja\u010d \u0107e prikupljati popise prijatelja s Facebooka i sli\u010dne informacije od drugih tre\u0107ih strana kao \u0161to su Twitter i Google, a Dobavlja\u010d mo\u017ee periodi\u010dno ponovno prikupljati te informacije kako bi ostao u tijeku s a\u017euriranim informacijama.<\/li>\n<\/ol>\n<\/li>\n<\/ol>\n\n<h2 class=\"wp-block-heading\" id=\"h-data-processing\">OBRADA PODATAKA<\/h2>\n\n<ol class=\"wp-block-list\">\n<li>Dobavlja\u010d \u0107e koristiti va\u0161e osobne podatke samo kada je to zakonom dopu\u0161teno. Naj\u010de\u0161\u0107e, Dobavlja\u010d mo\u017ee koristiti va\u0161e osobne podatke (kao \u0161to su va\u0161i poslani podaci, podaci o lokaciji ili podaci o transakciji) kako bi formirao mi\u0161ljenje o tome \u0161to Dobavlja\u010d smatra da biste mogli \u017eeljeti ili trebati ili \u0161to bi vas moglo zanimati. <\/li>\n\n\n\n<li>Dobavlja\u010d \u0107e koristiti va\u0161e osobne podatke samo u svrhe za koje ih je prikupio, osim ako razumno ne smatra da ih treba koristiti iz drugog razloga i da je taj razlog kompatibilan s izvornom svrhom.<\/li>\n\n\n\n<li>Ako date svoju izri\u010ditu suglasnost, Dobavlja\u010d mo\u017ee koristiti va\u0161e podatke o identitetu, kontaktu, tehni\u010dkim podacima, podacima o kori\u0161tenju i\/ili podacima profila kako bi formirao mi\u0161ljenje o tome \u0161to Dobavlja\u010d smatra da biste mogli \u017eeljeti ili trebati ili \u0161to bi vas moglo zanimati. Svoju suglasnost mo\u017eete povu\u0107i u bilo kojem trenutku. U nekim ograni\u010denim okolnostima, Dobavlja\u010d vas mo\u017ee kontaktirati u vezi sa sli\u010dnim proizvodima ako ste kupili proizvode od Dobavlja\u010da, a niste se isklju\u010dili iz primanja tih informacija.  <\/li>\n\n\n\n<li>Odjava \/ Odjava pretplate \u2013 U bilo kojem trenutku mo\u017eete zatra\u017eiti od Dobavlja\u010da da vam prestane slati marketin\u0161ke poruke slijede\u0107i poveznice za odjavu u bilo kojoj marketin\u0161koj poruci koja vam je poslana ili kontaktiranjem Dobavlja\u010da u bilo kojem trenutku. U slu\u010daju da se odjavite od primanja ovih marketin\u0161kih poruka, i dalje mo\u017eete primati poruke u druge svrhe (kao \u0161to je pru\u017eanje relevantne narud\u017ebe ili informacija vezanih uz proizvod). <\/li>\n\n\n\n<li>Dobavlja\u010d mo\u017ee otkriti podatke koje prikuplja od vas odre\u0111enim tre\u0107im stranama koje koriste osobne podatke prilikom pru\u017eanja svojih usluga Dobavlja\u010du, a podatke koriste sigurno i povjerljivo te pod strogim ugovornim kontrolama u skladu sa zakonima o za\u0161titi podataka.<\/li>\n\n\n\n<li>Svoju privolu mo\u017eete povu\u0107i u bilo kojem trenutku nakon \u0161to date izri\u010ditu privolu kontaktiranjem Dobavlja\u010da<\/li>\n<\/ol>\n\n<h2 class=\"wp-block-heading\" id=\"h-data-protection\">ZA\u0160TITA PODATAKA<\/h2>\n\n<ol class=\"wp-block-list\">\n<li>Dobavlja\u010d \u0107e poduzeti sve razumne mjere opreza kako bi detalji va\u0161e narud\u017ebe i pla\u0107anja bili sigurni, ali osim ako Dobavlja\u010d nije nemaran, ne\u0107e biti odgovoran za neovla\u0161teni pristup informacijama koje ste vi dostavili.<\/li>\n\n\n\n<li>Dobavlja\u010d ograni\u010dava pristup va\u0161im osobnim podacima na one zaposlenike, agente, izvo\u0111a\u010de radova i druge tre\u0107e strane kojima je to potrebno iz poslovne potrebe. Oni \u0107e obra\u0111ivati \u200b\u200bva\u0161e osobne podatke samo prema uputama Dobavlja\u010da i podlije\u017eu obvezi povjerljivosti. <\/li>\n\n\n\n<li>Dobavlja\u010d je uspostavio postupke za rje\u0161avanje svake sumnje na povredu osobnih podataka te \u0107e vas i svako nadle\u017eno regulatorno tijelo obavijestiti o povredi kada je Dobavlja\u010d zakonski obvezan to u\u010diniti.<\/li>\n<\/ol>\n\n<h2 class=\"wp-block-heading\" id=\"h-privacy-policy\">POLITIKA PRIVATNOSTI<\/h2>\n\n<ol class=\"wp-block-list\">\n<li>Dobavlja\u010d ne pohranjuje podatke o kreditnim karticama niti dijeli podatke o kupcima s bilo kojim nelegitimnim tre\u0107im stranama.<\/li>\n\n\n\n<li>Dobavlja\u010d \u0107e \u010duvati va\u0161e osobne podatke samo onoliko dugo koliko je potrebno za ispunjenje svrha za koje ih je prikupio, uklju\u010duju\u0107i i u svrhu ispunjavanja bilo kakvih zakonskih, ra\u010dunovodstvenih ili izvje\u0161tajnih zahtjeva.<\/li>\n\n\n\n<li>Dobavlja\u010d \u0107e op\u0107enito \u010duvati podatke na\u0161ih kupaca 6 (\u0161est) godina nakon isteka ugovora, kako bi vam mogao pomo\u0107i ako imate bilo kakvih pitanja ili povratnih informacija u vezi s proizvodima Dobavlja\u010da ili radi za\u0161tite ili obrane na\u0161ih zakonskih prava ili u porezne svrhe.<\/li>\n\n\n\n<li>U slu\u010dajevima kada je Dobavlja\u010d obradio va\u0161e osobne podatke kako bi vam pru\u017eio marketin\u0161ke komunikacije uz va\u0161u privolu, Dobavlja\u010d vas mo\u017ee kontaktirati najmanje svakih dvanaest (12) mjeseci kako bi se uvjerio da \u017eelite nastaviti primati takve komunikacije. Ako Dobavlja\u010du ka\u017eete da vi\u0161e ne \u017eelite primati takve komunikacije, va\u0161i \u0107e osobni podaci biti uklonjeni s marketin\u0161kih popisa Dobavlja\u010da (ali \u0107e biti dodani na popis \u201ene kontaktirati\u201d). <\/li>\n\n\n\n<li>U slu\u010dajevima kada je Dobavlja\u010d obradio va\u0161e podatke iz bilo kojeg drugog razloga (npr. kada ste kontaktirali Dobavlja\u010da s pitanjem u vezi s proizvodima ili uslugama), Dobavlja\u010d \u0107e \u010duvati va\u0161e podatke dvanaest (12) mjeseci.<\/li>\n\n\n\n<li>U nekim okolnostima Dobavlja\u010d mo\u017ee anonimizirati va\u0161e osobne podatke (tako da se vi\u0161e ne mogu povezati s vama) u istra\u017eiva\u010dke ili statisti\u010dke svrhe, u kojem slu\u010daju Dobavlja\u010d mo\u017ee koristiti te podatke neograni\u010deno bez daljnje obavijesti.<\/li>\n\n\n\n<li>U odre\u0111enim okolnostima imate prava prema zakonima o za\u0161titi podataka u vezi s va\u0161im osobnim podacima. Ta su prava detaljno opisana u nastavku: \n<ol class=\"wp-block-list\">\n<li>Zatra\u017eite pristup svojim osobnim podacima (obi\u010dno poznato kao \u201ezahtjev za pristup subjekta podataka\u201d). To vam omogu\u0107uje da primite kopiju osobnih podataka koje Dobavlja\u010d posjeduje o vama i da provjerite obra\u0111uje li ih Dobavlja\u010d zakonito. <\/li>\n\n\n\n<li>Zatra\u017eite ispravak osobnih podataka koje Dobavlja\u010d posjeduje o vama. To vam omogu\u0107uje ispravak svih nepotpunih ili neto\u010dnih podataka koje Dobavlja\u010d posjeduje o vama, iako \u0107e Dobavlja\u010d mo\u017eda morati provjeriti to\u010dnost novih podataka koje mu dajete. <\/li>\n\n\n\n<li>Zahtjev za brisanje va\u0161ih osobnih podataka. To vam omogu\u0107uje da od Dobavlja\u010da zatra\u017eite brisanje ili uklanjanje osobnih podataka ako ne postoji valjan razlog da ih Dobavlja\u010d nastavi obra\u0111ivati. Tako\u0111er imate pravo zatra\u017eiti od Dobavlja\u010da da izbri\u0161e ili ukloni va\u0161e osobne podatke ako ste uspje\u0161no iskoristili svoje pravo na prigovor na obradu, ako je Dobavlja\u010d mo\u017eda nezakonito obradio va\u0161e podatke ili ako je Dobavlja\u010d du\u017ean izbrisati va\u0161e osobne podatke kako bi se pridr\u017eavao lokalnog zakona. Me\u0111utim, imajte na umu da Dobavlja\u010d mo\u017eda ne\u0107e uvijek mo\u0107i udovoljiti va\u0161em zahtjevu za brisanje iz odre\u0111enih pravnih razloga o kojima \u0107ete biti obavije\u0161teni, ako je primjenjivo, u trenutku va\u0161eg zahtjeva.   <\/li>\n\n\n\n<li>Prigovorite na obradu va\u0161ih osobnih podataka ako se Dobavlja\u010d oslanja na legitimni interes (ili interese tre\u0107e strane) i postoji ne\u0161to u va\u0161oj konkretnoj situaciji \u0161to vas navodi da se prigovorite na obradu na toj osnovi jer smatrate da utje\u010de na va\u0161a temeljna prava i slobode. Tako\u0111er imate pravo prigovoriti ako Dobavlja\u010d obra\u0111uje va\u0161e osobne podatke u svrhu izravnog marketinga. U nekim slu\u010dajevima Dobavlja\u010d mo\u017ee dokazati da ima uvjerljive legitimne razloge za obradu va\u0161ih podataka koji nadja\u010davaju va\u0161a prava i slobode.  <\/li>\n\n\n\n<li>Zahtjev za ograni\u010denje obrade va\u0161ih osobnih podataka. To vam omogu\u0107uje da od Dobavlja\u010da zatra\u017eite obustavu obrade va\u0161ih osobnih podataka u sljede\u0107im scenarijima: ako \u017eelite da Dobavlja\u010d utvrdi to\u010dnost podataka; ako je kori\u0161tenje podataka od strane Dobavlja\u010da nezakonito, ali ne \u017eelite da ih Dobavlja\u010d izbri\u0161e; ako vam je potrebno da Dobavlja\u010d \u010duva podatke \u010dak i ako mu vi\u0161e nisu potrebni jer su vam potrebni za pokretanje, ostvarivanje ili obranu pravnih zahtjeva; ili ste se usprotivili kori\u0161tenju va\u0161ih podataka od strane Dobavlja\u010da, ali Dobavlja\u010d treba provjeriti ima li Dobavlja\u010d prevladavaju\u0107e legitimne razloge za njihovo kori\u0161tenje. <\/li>\n\n\n\n<li>Zatra\u017eite prijenos va\u0161ih osobnih podataka (kao ispitanika) vama ili tre\u0107oj strani. Povucite privolu u bilo kojem trenutku kada se Dobavlja\u010d oslanja na privolu za obradu va\u0161ih osobnih podataka. Me\u0111utim, to ne\u0107e utjecati na zakonitost bilo koje obrade provedene prije nego \u0161to povu\u010dete svoju privolu. Ako povu\u010dete svoju privolu, Dobavlja\u010d vam mo\u017eda ne\u0107e mo\u0107i pru\u017eiti odre\u0111ene proizvode ili usluge. Dobavlja\u010d \u0107e vas o tome obavijestiti u trenutku kada povu\u010dete svoju privolu. Ako \u017eelite ostvariti bilo koje od gore navedenih prava, obratite se izravno Dobavlja\u010du putem njihovih kontaktnih podataka.     <\/li>\n\n\n\n<li>Obi\u010dno se ne napla\u0107uje naknada i ne\u0107ete morati platiti naknadu za pristup svojim osobnim podacima (ili za ostvarivanje bilo kojeg drugog prava). Me\u0111utim, Dobavlja\u010d mo\u017ee naplatiti razumnu naknadu ako je va\u0161 zahtjev o\u010dito neutemeljen, ponovljen ili pretjeran. Alternativno, Dobavlja\u010d mo\u017ee odbiti udovoljiti va\u0161em zahtjevu u tim okolnostima.  <\/li>\n<\/ol>\n<\/li>\n\n\n\n<li>Dobavlja\u010d \u0107e mo\u017eda morati od vas zatra\u017eiti odre\u0111ene informacije kako bi potvrdio va\u0161 identitet i osigurao va\u0161e pravo na pristup va\u0161im osobnim podacima (ili ostvarivanje bilo kojeg od va\u0161ih drugih prava). Ovo je sigurnosna mjera kojom se osigurava da se osobni podaci ne otkrivaju nijednoj osobi koja nema pravo na njihovo primanje. Dobavlja\u010d vas tako\u0111er mo\u017ee kontaktirati kako bi vas zatra\u017eio dodatne informacije u vezi s va\u0161im zahtjevom radi ubrzanja odgovora Dobavlja\u010da.  <\/li>\n\n\n\n<li>Imate pravo u bilo kojem trenutku podnijeti pritu\u017ebu ICO-u, nadzornom tijelu Ujedinjenog Kraljevstva za pitanja za\u0161tite podataka (na www.ico.org.uk). Dobavlja\u010d bi, me\u0111utim, cijenio priliku da se pozabavi va\u0161im nedoumicama prije nego \u0161to se obratite ICO-u, stoga nas prvo kontaktirajte. <\/li>\n<\/ol>\n\n<p>Pravila o privatnosti zadnji put a\u017eurirana: 11. o\u017eujka 2023. \u2013 21:25.<\/p>\n","protected":false},"excerpt":{"rendered":"<p>Sljede\u0107a Pravila o privatnosti trebaju se uzimati u skladu s (upareno s), \u201ekao jedno\u201d s Uvjetima i odredbama , Pravilima o povratu i refundaciji te Pravilima o kola\u010di\u0107ima Navigacija PRIKUPLJANJE PODATAKA OBRADA PODATAKA ZA\u0160TITA PODATAKA POLITIKA PRIVATNOSTI Pravila o privatnosti zadnji put a\u017eurirana: 11. o\u017eujka 2023. \u2013 21:25.<\/p>\n","protected":false},"author":1,"featured_media":0,"parent":0,"menu_order":0,"comment_status":"closed","ping_status":"closed","template":"","meta":{"_acf_changed":false,"footnotes":""},"class_list":["post-17707","page","type-page","status-publish","hentry"],"acf":[],"_links":{"self":[{"href":"https:\/\/ayaneo.co\/hr\/wp-json\/wp\/v2\/pages\/17707","targetHints":{"allow":["GET"]}}],"collection":[{"href":"https:\/\/ayaneo.co\/hr\/wp-json\/wp\/v2\/pages"}],"about":[{"href":"https:\/\/ayaneo.co\/hr\/wp-json\/wp\/v2\/types\/page"}],"author":[{"embeddable":true,"href":"https:\/\/ayaneo.co\/hr\/wp-json\/wp\/v2\/users\/1"}],"replies":[{"embeddable":true,"href":"https:\/\/ayaneo.co\/hr\/wp-json\/wp\/v2\/comments?post=17707"}],"version-history":[{"count":0,"href":"https:\/\/ayaneo.co\/hr\/wp-json\/wp\/v2\/pages\/17707\/revisions"}],"wp:attachment":[{"href":"https:\/\/ayaneo.co\/hr\/wp-json\/wp\/v2\/media?parent=17707"}],"curies":[{"name":"wp","href":"https:\/\/api.w.org\/{rel}","templated":true}]}}