{"id":15526,"date":"2025-01-23T10:39:56","date_gmt":"2025-01-23T10:39:56","guid":{"rendered":"https:\/\/ayaneo.co\/product\/ayaneo-dzepna-mikro-zastita-za-ekran\/"},"modified":"2025-12-04T11:30:40","modified_gmt":"2025-12-04T11:30:40","slug":"ayaneo-dzepna-mikro-zastita-za-ekran","status":"publish","type":"product","link":"https:\/\/ayaneo.co\/hr\/product\/ayaneo-dzepna-mikro-zastita-za-ekran\/","title":{"rendered":"AYANEO d\u017eepna mikro za\u0161tita za ekran"},"content":{"rendered":"\n<h2 class=\"wp-block-heading\">Pregled proizvoda:<\/h2>\n\n<p><strong>AYANEO Pocket Micro za\u0161titna folija za ekran<\/strong> dizajnirana je za za\u0161titu ekrana va\u0161e konzole uz o\u010duvanje kristalno jasne kvalitete prikaza. Otporna je na ogrebotine i mrlje, osigurava neprekinutu sliku tijekom igranja, a istovremeno \u0161titi va\u0161 ekran od svakodnevnog habanja. <\/p>\n\n<ol class=\"wp-block-list\">\n<li><strong>Prilago\u0111eno<\/strong> za AYANEO Pocket Micro.<\/li>\n\n\n\n<li>Izdr\u017eljiva i <strong>otporna povr\u0161ina na ogrebotine<\/strong> .<\/li>\n\n\n\n<li>Ultra-prozirni materijal za <strong>\u017eivopisne vizualne efekte u igrama<\/strong> .<\/li>\n\n\n\n<li>Premaz otporan na mrlje za <strong>\u010dist i jasan prikaz<\/strong> .<\/li>\n\n\n\n<li>Jednostavna instalacija bez mjehuri\u0107a za <strong>bezbri\u017enu primjenu<\/strong> .<\/li>\n<\/ol>\n\n<h2 class=\"wp-block-heading\">Za\u0161to odabrati AYANEO Pocket Micro za\u0161titnu foliju za ekran?<\/h2>\n\n<p>Za\u0161titite zaslon svoje igra\u0107e konzole za\u0161titnom folijom koja pru\u017ea jasno\u0107u i izdr\u017eljivost. AYANEO Pocket Micro za\u0161titna folija za zaslon savr\u0161ena je za igra\u010de koji \u017eele u\u017eivati \u200b\u200bu \u017eivopisnim vizualnim prikazima, a istovremeno za\u0161tititi svoju konzolu od ogrebotina, mrlja i otisaka prstiju. <\/p>\n\n<hr class=\"wp-block-separator has-alpha-channel-opacity\"\/>\n\n<h4 class=\"wp-block-heading\">Tehni\u010dki podaci:<\/h4>\n\n<ul class=\"wp-block-list\">\n<li><strong>Materijal:<\/strong> Kaljeno staklo ili premium folija<\/li>\n\n\n\n<li><strong>Kompatibilnost:<\/strong> AYANEO d\u017eepna mikro konzola<\/li>\n\n\n\n<li><strong>Karakteristike:<\/strong> Otporno na ogrebotine, otporno na razmazivanje, nano\u0161enje bez mjehuri\u0107a<\/li>\n<\/ul>\n\n<p>Pobolj\u0161ajte svoje igra\u0107e iskustvo uz AYANEO Pocket Micro za\u0161titnu foliju za ekran \u2013 jer va\u0161a konzola zaslu\u017euje najbolje!<\/p>\n","protected":false},"excerpt":{"rendered":"<ul>\n<li><strong>Prilago\u0111eno<\/strong> za AYANEO Pocket Micro.<\/li>\n<li>Izdr\u017eljiva i <strong>otporna povr\u0161ina na ogrebotine<\/strong> .<\/li>\n<li>Ultra-prozirni materijal za <strong>\u017eivopisne vizualne efekte u igrama<\/strong> .<\/li>\n<li>Premaz otporan na mrlje za <strong>\u010dist i jasan prikaz<\/strong> .<\/li>\n<li>Jednostavna instalacija bez mjehuri\u0107a za <strong>bezbri\u017enu primjenu<\/strong> .<\/li>\n<\/ul>\n[cg_accordion title=\"INFORMACIJE O PLA\u0106ANJU\"]<\/p>\n<p>Koristimo najnoviju tehnologiju u obradi pla\u0107anja koja vam omogu\u0107uje pla\u0107anje putem Apple Paya, Google Paya, va\u0161e debitne\/kreditne kartice, PayPala ili BNPL metoda kao \u0161to su Klarna, Affirm ili AfterPay za brzo i sigurno iskustvo.[\/cg_accordion]\n[cg_accordion title=\"JAMSTVO\"]<\/p>\n<p>1 godina jamstva od <a href=\"https:\/\/droix.net\/\" target=\"_blank\" rel=\"nofollow noopener\">DROIX Globala<\/a> za va\u0161 mir[\/cg_accordion]\n[cg_accordion title=\"OSIGURANJE KVALITETE I ISPITIVANJE PRIJE OTPREME\"]<\/p>\n<p>Osiguravanje zadovoljstva kupaca na najvi\u0161oj razini: Svaki ure\u0111aj prolazi rigorozno testiranje i vi\u0161estruku provjeru kvalitete prije slanja. Na\u0161 predani tim provjerava performanse, funkcionalnost i integritet komponenti kako bi jam\u010dio da je va\u0161 AYANEO ure\u0111aj u savr\u0161enom radnom stanju po dolasku, pru\u017eaju\u0107i vam povjerenje i mir. [\/cg_accordion]\n[cg_accordion title=\"CIJENE, POREZI I DOSTAVA\"]<\/p>\n<p><strong><u>Bilje\u0161ka:<\/u><\/strong><\/p>\n<ul>\n<li>Kupci iz Sjedinjenih Ameri\u010dkih Dr\u017eava: Prikazana cijena NE uklju\u010duje POREZ ni carine. Odgovornost za carinjenje i pla\u0107anje svih povezanih poreza\/carina je na kupcu. <\/li>\n<li>Kupci iz EU: Prikazana cijena uklju\u010duje primjenjivi POREZ, koji mo\u017ee iznositi do 25%, ovisno o va\u0161oj zemlji.<\/li>\n<li>Kupci u Kanadi: Prikazana cijena uklju\u010duje primjenjive poreze, koji mogu uklju\u010divati \u200b\u200b5% GST-a i dodatne pokrajinske poreze na promet (PST), harmonizirani porez na promet (HST) ili porez na promet u Quebecu (QST), ovisno o va\u0161oj pokrajini.<\/li>\n<\/ul>\n<p><strong>SAMO za kupce iz EU:<\/strong> Ekspresna dostava s pla\u0107enim carinjenjem (DDP). To zna\u010di: <\/p>\n<ul>\n<li>Sve carine i porezi uklju\u010deni su u cijenu prikazanu na stranici proizvoda.<\/li>\n<li>Prilikom dostave ne\u0107ete morati platiti nikakve dodatne tro\u0161kove.<\/li>\n<li>U rijetkim slu\u010dajevima problema povezanih s carinom, na\u0161 tim \u0107e u va\u0161e ime obaviti carinjenje kako bi se osigurala nesmetana dostava.<\/li>\n<p>Va\u017ene informacije o povratu robe:<\/p>\n<li>Ako odlu\u010dite vratiti narud\u017ebu ili zatra\u017eiti povrat novca, imajte na umu da porezi i carine pla\u0107eni u va\u0161e ime prema DDP uvjetima ne mogu biti vra\u0107eni.<\/li>\n<p>Za detaljnije informacije pogledajte na\u0161e <a href=\"https:\/\/ayaneo.co\/hr\/uvjeti-pruzanja-usluge\/\" target=\"_blank\" rel=\"nofollow noopener\">Uvjete i odredbe<\/a> .\n<\/ul>\n<p>[\/cg_accordion]\n[cg_accordion title=\"PODR\u0160KA KORISNICIMA\"]<\/p>\n<p>Imate pitanje? Samo nas trebate poslati poruku i rije\u0161it \u0107emo va\u0161 problem! [\/cg_accordion]\n[cg_accordion title=\"PAKET UKLJU\u010cUJE\"]<\/p>\n<ul>\n<li>1x AYANEO d\u017eepna mikro za\u0161titna folija za ekran<\/li>\n<\/ul>\n<p>[\/cg_accordion]\n","protected":false},"featured_media":15530,"template":"","meta":{"_acf_changed":false},"product_brand":[],"product_cat":[1151],"product_tag":[],"class_list":{"0":"post-15526","1":"product","2":"type-product","3":"status-publish","4":"has-post-thumbnail","6":"product_cat-nekategorizirano","7":"product_shipping_class-low-end","8":"pa_accessory-type-screen-protector-hr","9":"pa_brand-ayaneo","11":"first","12":"outofstock","13":"sale","14":"taxable","15":"shipping-taxable","16":"purchasable","17":"product-type-variable","18":"has-default-attributes"},"acf":[],"_links":{"self":[{"href":"https:\/\/ayaneo.co\/hr\/wp-json\/wp\/v2\/product\/15526","targetHints":{"allow":["GET"]}}],"collection":[{"href":"https:\/\/ayaneo.co\/hr\/wp-json\/wp\/v2\/product"}],"about":[{"href":"https:\/\/ayaneo.co\/hr\/wp-json\/wp\/v2\/types\/product"}],"wp:featuredmedia":[{"embeddable":true,"href":"https:\/\/ayaneo.co\/hr\/wp-json\/wp\/v2\/media\/15530"}],"wp:attachment":[{"href":"https:\/\/ayaneo.co\/hr\/wp-json\/wp\/v2\/media?parent=15526"}],"wp:term":[{"taxonomy":"product_brand","embeddable":true,"href":"https:\/\/ayaneo.co\/hr\/wp-json\/wp\/v2\/product_brand?post=15526"},{"taxonomy":"product_cat","embeddable":true,"href":"https:\/\/ayaneo.co\/hr\/wp-json\/wp\/v2\/product_cat?post=15526"},{"taxonomy":"product_tag","embeddable":true,"href":"https:\/\/ayaneo.co\/hr\/wp-json\/wp\/v2\/product_tag?post=15526"}],"curies":[{"name":"wp","href":"https:\/\/api.w.org\/{rel}","templated":true}]}}