{"id":15536,"date":"2025-01-23T11:24:20","date_gmt":"2025-01-23T11:24:20","guid":{"rendered":"https:\/\/ayaneo.co\/product\/ayaneo-dzepna-evo-torbica\/"},"modified":"2025-12-04T11:26:21","modified_gmt":"2025-12-04T11:26:21","slug":"ayaneo-dzepna-evo-torbica","status":"publish","type":"product","link":"https:\/\/ayaneo.co\/hr\/product\/ayaneo-dzepna-evo-torbica\/","title":{"rendered":"AYANEO d\u017eepna EVO torbica"},"content":{"rendered":"\n<h2 class=\"wp-block-heading\" id=\"h-product-overview\">Pregled proizvoda:<\/h2>\n\n<p><strong>Futrola AYANEO Pocket EVO<\/strong> izra\u0111ena je kako bi pru\u017eila vrhunsku za\u0161titu va\u0161oj konzoli AYANEO Pocket EVO. Njezin izdr\u017eljivi dizajn s tvrdom ljuskom osigurava da va\u0161 ure\u0111aj ostane siguran od ogrebotina, udaraca i pra\u0161ine, a istovremeno zadr\u017eava elegantan i prenosiv izgled. Ova je futrola idealna za igra\u010de koji cijene sigurnost i stil.  <\/p>\n\n<hr class=\"wp-block-separator has-alpha-channel-opacity\"\/>\n\n<h2 class=\"wp-block-heading\" id=\"h-key-features\">Klju\u010dne zna\u010dajke:<\/h2>\n\n<p><strong>Robusni dizajn s tvrdom ljuskom<\/strong> za maksimalnu za\u0161titu.<\/p>\n\n<p><strong>Prilago\u0111eno<\/strong> za konzolu AYANEO Pocket EVO.<\/p>\n\n<p>Mekana unutarnja podstava za <strong>sprje\u010davanje ogrebotina<\/strong> .<\/p>\n\n<p>Lagan i prenosiv za <strong>jednostavno putovanje<\/strong> .<\/p>\n\n<p>Elegantna i moderna vanj\u0161tina za <strong>elegantnu prenosivost<\/strong> .<\/p>\n\n<hr class=\"wp-block-separator has-alpha-channel-opacity\"\/>\n\n<h2 class=\"wp-block-heading\" id=\"h-why-choose-the-ayaneo-pocket-micro-case\">Za\u0161to odabrati AYANEO Pocket EVO futrolu?<\/h2>\n\n<p>AYANEO Pocket EVO torbica nudi savr\u0161enu kombinaciju stila i izdr\u017eljivosti. Njeno prilago\u0111eno pristajanje i tvrda konstrukcija pru\u017eaju neusporedivu za\u0161titu, dok lagani dizajn osigurava prakti\u010dnost za igra\u010de u pokretu. S ovom torbicom, va\u0161a konzola ostaje sigurna i spremna za akciju bilo kada i bilo gdje.  <\/p>\n\n<hr class=\"wp-block-separator has-alpha-channel-opacity\"\/>\n\n<h3 class=\"wp-block-heading\" id=\"h-specifications\">Tehni\u010dki podaci:<\/h3>\n\n<ul class=\"wp-block-list\">\n<li><strong>Materijal:<\/strong> Tvrda vanjska strana s mekom unutarnjom podstavom<\/li>\n\n\n\n<li><strong>Kompatibilnost:<\/strong> AYANEO Pocket EVO konzola<\/li>\n\n\n\n<li><strong>Karakteristike:<\/strong> Izdr\u017eljiv, otporan na ogrebotine, lagan i pogodan za putovanja<\/li>\n<\/ul>\n\n<p>Za\u0161titite svoju AYANEO Pocket EVO uz vrhunsku za\u0161titu ove vrhunske tvrde futrole \u2013 jer va\u0161a konzola zaslu\u017euje najbolje!<\/p>\n\n<p><\/p>\n","protected":false},"excerpt":{"rendered":"<ul>\n<li><strong>Robusni dizajn s tvrdom ljuskom<\/strong> za maksimalnu za\u0161titu.<\/li>\n<li><strong>Prilago\u0111eno<\/strong> za konzolu AYANEO Pocket EVO.<\/li>\n<li>Mekana unutarnja podstava za <strong>sprje\u010davanje ogrebotina<\/strong> .<\/li>\n<li>Lagan i prenosiv za <strong>jednostavno putovanje<\/strong> .<\/li>\n<li>Elegantna i moderna vanj\u0161tina za <strong>elegantnu prenosivost<\/strong> .<\/li>\n<\/ul>\n[cg_accordion title=\"INFORMACIJE O PLA\u0106ANJU\"]<\/p>\n<p>Koristimo najnoviju tehnologiju u obradi pla\u0107anja koja vam omogu\u0107uje pla\u0107anje putem Apple Paya, Google Paya, va\u0161e debitne\/kreditne kartice, PayPala ili BNPL metoda kao \u0161to su Klarna, Affirm ili AfterPay za brzo i sigurno iskustvo.[\/cg_accordion]\n[cg_accordion title=\"JAMSTVO\"]<\/p>\n<p>1 godina jamstva od <a href=\"https:\/\/droix.net\/\" target=\"_blank\" rel=\"nofollow noopener\">DROIX Globala<\/a> za va\u0161 mir[\/cg_accordion]\n[cg_accordion title=\"OSIGURANJE KVALITETE I ISPITIVANJE PRIJE OTPREME\"]<\/p>\n<p>Osiguravanje zadovoljstva kupaca na najvi\u0161oj razini: Svaki ure\u0111aj prolazi rigorozno testiranje i vi\u0161estruku provjeru kvalitete prije slanja. Na\u0161 predani tim provjerava performanse, funkcionalnost i integritet komponenti kako bi jam\u010dio da je va\u0161 AYANEO ure\u0111aj u savr\u0161enom radnom stanju po dolasku, pru\u017eaju\u0107i vam povjerenje i mir. [\/cg_accordion]\n[cg_accordion title=\"CIJENE, POREZI I DOSTAVA\"]<\/p>\n<p><strong><u>Bilje\u0161ka:<\/u><\/strong><\/p>\n<ul>\n<li>Kupci iz Sjedinjenih Ameri\u010dkih Dr\u017eava: Prikazana cijena NE uklju\u010duje POREZ ni carine. Odgovornost za carinjenje i pla\u0107anje svih povezanih poreza\/carina je na kupcu. <\/li>\n<li>Kupci iz EU: Prikazana cijena uklju\u010duje primjenjivi POREZ, koji mo\u017ee iznositi do 25%, ovisno o va\u0161oj zemlji.<\/li>\n<li>Kupci u Kanadi: Prikazana cijena uklju\u010duje primjenjive poreze, koji mogu uklju\u010divati \u200b\u200b5% GST-a i dodatne pokrajinske poreze na promet (PST), harmonizirani porez na promet (HST) ili porez na promet u Quebecu (QST), ovisno o va\u0161oj pokrajini.<\/li>\n<\/ul>\n<p><strong>SAMO za kupce iz EU:<\/strong> Ekspresna dostava s pla\u0107enim carinjenjem (DDP). To zna\u010di: <\/p>\n<ul>\n<li>Sve carine i porezi uklju\u010deni su u cijenu prikazanu na stranici proizvoda.<\/li>\n<li>Prilikom dostave ne\u0107ete morati platiti nikakve dodatne tro\u0161kove.<\/li>\n<li>U rijetkim slu\u010dajevima problema povezanih s carinom, na\u0161 tim \u0107e u va\u0161e ime obaviti carinjenje kako bi se osigurala nesmetana dostava.<\/li>\n<p>Va\u017ene informacije o povratu robe:<\/p>\n<li>Ako odlu\u010dite vratiti narud\u017ebu ili zatra\u017eiti povrat novca, imajte na umu da porezi i carine pla\u0107eni u va\u0161e ime prema DDP uvjetima ne mogu biti vra\u0107eni.<\/li>\n<p>Za detaljnije informacije pogledajte na\u0161e <a href=\"https:\/\/ayaneo.co\/hr\/uvjeti-pruzanja-usluge\/\" target=\"_blank\" rel=\"nofollow noopener\">Uvjete i odredbe<\/a> .\n<\/ul>\n<p>[\/cg_accordion]\n[cg_accordion title=\"PODR\u0160KA KORISNICIMA\"]<\/p>\n<p>Imate pitanje? Samo nas trebate poslati poruku i rije\u0161it \u0107emo va\u0161 problem! [\/cg_accordion]\n[cg_accordion title=\"PAKET UKLJU\u010cUJE\"]<\/p>\n<ul>\n<li>1x AYANEO d\u017eepna EVO torbica<\/li>\n<\/ul>\n<p>[\/cg_accordion]\n","protected":false},"featured_media":15539,"template":"","meta":{"_acf_changed":false},"product_brand":[],"product_cat":[1141],"product_tag":[],"class_list":{"0":"post-15536","1":"product","2":"type-product","3":"status-publish","4":"has-post-thumbnail","6":"product_cat-pribor","7":"product_shipping_class-low-end","8":"pa_accessory-type-protective-case-hr","9":"pa_brand-ayaneo","11":"first","12":"instock","13":"sale","14":"taxable","15":"shipping-taxable","16":"purchasable","17":"product-type-variable","18":"has-default-attributes"},"acf":[],"_links":{"self":[{"href":"https:\/\/ayaneo.co\/hr\/wp-json\/wp\/v2\/product\/15536","targetHints":{"allow":["GET"]}}],"collection":[{"href":"https:\/\/ayaneo.co\/hr\/wp-json\/wp\/v2\/product"}],"about":[{"href":"https:\/\/ayaneo.co\/hr\/wp-json\/wp\/v2\/types\/product"}],"wp:featuredmedia":[{"embeddable":true,"href":"https:\/\/ayaneo.co\/hr\/wp-json\/wp\/v2\/media\/15539"}],"wp:attachment":[{"href":"https:\/\/ayaneo.co\/hr\/wp-json\/wp\/v2\/media?parent=15536"}],"wp:term":[{"taxonomy":"product_brand","embeddable":true,"href":"https:\/\/ayaneo.co\/hr\/wp-json\/wp\/v2\/product_brand?post=15536"},{"taxonomy":"product_cat","embeddable":true,"href":"https:\/\/ayaneo.co\/hr\/wp-json\/wp\/v2\/product_cat?post=15536"},{"taxonomy":"product_tag","embeddable":true,"href":"https:\/\/ayaneo.co\/hr\/wp-json\/wp\/v2\/product_tag?post=15536"}],"curies":[{"name":"wp","href":"https:\/\/api.w.org\/{rel}","templated":true}]}}