{"id":15601,"date":"2025-01-28T11:05:14","date_gmt":"2025-01-28T11:05:14","guid":{"rendered":"https:\/\/ayaneo.co\/product\/prijenosni-4k-monitor-droix-pm14\/"},"modified":"2025-06-06T10:40:49","modified_gmt":"2025-06-06T10:40:49","slug":"prijenosni-4k-monitor-droix-pm14","status":"publish","type":"product","link":"https:\/\/ayaneo.co\/hr\/product\/prijenosni-4k-monitor-droix-pm14\/","title":{"rendered":"Prijenosni 4K monitor DroiX PM14"},"content":{"rendered":"\n<div class=\"wp-block-columns is-layout-flex wp-container-core-columns-is-layout-28f84493 wp-block-columns-is-layout-flex\">\n<div class=\"wp-block-column is-layout-flow wp-block-column-is-layout-flow\" style=\"flex-basis:33.33%\">\n<figure class=\"wp-block-image size-large\"><a href=\"https:\/\/droix.net\/wp-content\/uploads\/2024\/05\/DROIX-PM14-LISTING-V2-DONE-01-NON-TOUCH.png\" target=\"_blank\" rel=\"noopener\"><img decoding=\"async\" src=\"https:\/\/droix.net\/wp-content\/uploads\/2024\/05\/DROIX-PM14-LISTING-V2-DONE-01-NON-TOUCH-1024x1024.png\" alt=\"Slika DroiX prijenosnog monitora, 14 in&#x10D;a, 4K, ultra tanki\" class=\"wp-image-179745\"\/><\/a><\/figure>\n<\/div>\n\n\n\n<div class=\"wp-block-column is-layout-flow wp-block-column-is-layout-flow\" style=\"flex-basis:66.66%\">\n<h3 class=\"wp-block-heading\"><strong>DroiX PM14 \u2013 14,0-in\u010dni 4K ultra tanki prijenosni monitor<\/strong><\/h3>\n\n\n\n<p>Otkrijte najsuvremeniji napredak u tehnologiji prikaza s DroiX PM14, 14-in\u010dnim ultra tankim prijenosnim monitorom dostupnim u varijantama s dodirnim i bez dodirnog zaslona. Ovaj inovativni ure\u0111aj postavlja novi standard u mobilnom ra\u010dunalstvu kombiniraju\u0107i robusne performanse s iznimnom prenosivo\u0161\u0107u i modernim dizajnom. Bez obzira jeste li profesionalac ili ljubitelj zabave, prijenosni monitor DroiX PM14 4K izra\u0111en je kako bi se besprijekorno integrirao u va\u0161 dinami\u010dan na\u010din \u017eivota, pru\u017eaju\u0107i bitnu svestranost bilo da ste kod ku\u0107e, u uredu ili u pokretu.  <\/p>\n<\/div>\n<\/div>\n\n<h3 class=\"wp-block-heading\"><strong>Pregled proizvoda<\/strong><\/h3>\n\n<figure class=\"wp-block-image aligncenter size-large\"><a href=\"https:\/\/droix.net\/wp-content\/uploads\/2024\/04\/1080P-FHD.jpg\" target=\"_blank\" rel=\"noopener\"><img decoding=\"async\" src=\"https:\/\/droix.net\/wp-content\/uploads\/2024\/04\/1080P-FHD-1024x420.jpg\" alt=\"Slika DroiX prijenosnog monitora, 14 in&#x10D;a, 4K, ultra tankog, s o&#x161;trom UHD rezolucijom od 3840x2160 sa &#x17E;ivopisnim bojama i nevjerojatnim detaljima, 100%-tnim rasponom boja DCI-P3 i podr&#x161;kom za HDR400\" class=\"wp-image-178360\"\/><\/a><\/figure>\n\n<p>Prijenosni monitor DroiX PM14 predstavlja moderno in\u017eenjerstvo u svom najboljem izdanju, hvale\u0107i se \u017eivopisnom UHD rezolucijom od 3840&#215;2160 koja o\u017eivljava sadr\u017eaj \u017eivim bojama i iznimnim detaljima. Sa 100%-tnim rasponom boja DCI-P3 i podr\u0161kom za HDR400, pru\u017ea zapanjuju\u0107e vizualne prikaze karakterizirane dubokim crnim i svijetlim bijelim tonovima. Njegov tanak profil i lagani dizajn osiguravaju vrhunsku prenosivost bez kompromisa u pogledu kvalitete ili performansi.  <\/p>\n\n<figure class=\"wp-block-image aligncenter size-large\"><a href=\"https:\/\/droix.net\/wp-content\/uploads\/2024\/04\/Color.jpg\" target=\"_blank\" rel=\"noopener\"><img decoding=\"async\" src=\"https:\/\/droix.net\/wp-content\/uploads\/2024\/04\/Color-1024x406.jpg\" alt=\"Slika DroiX prijenosnog monitora, 14 in&#x10D;a, 4K, ultra tankog, s DCI-P3 100%-tnim rasponom boja i HDR400 podr&#x161;kom za zapanjuju&#x107;e vizualne prikaze s dubokim crnim i svijetlim bijelim tonovima. Tanak profil i lagani dizajn za vrhunsku prenosivost bez &#x17E;rtvovanja kvalitete ili performansi. \" class=\"wp-image-178361\"\/><\/a><\/figure>\n\n<p>Dizajniran s ergonomskom izvrsno\u0161\u0107u, DroiX PM14 mo\u017ee se pohvaliti korisni\u010dki prilago\u0111enim kota\u010di\u0107em i svestranim mogu\u0107nostima povezivanja poput Mini HDMI-a i vi\u0161e USB-C priklju\u010daka. To ga \u010dini prilagodljivim svim va\u0161im ure\u0111ajima, bez obzira igrate li igre na PlayStationu, ure\u0111ujete videozapise na Macu ili prezentirate s prijenosnog ra\u010dunala. PM14 se besprijekorno integrira u bilo koju postavku, nude\u0107i nisku potro\u0161nju energije i visokou\u010dinkovite performanse tako da mo\u017eete raditi dulje bez brige o pra\u017enjenju baterija svojih ure\u0111aja.  <\/p>\n\n<figure class=\"wp-block-image aligncenter size-large\"><a href=\"https:\/\/droix.net\/wp-content\/uploads\/2024\/04\/Modes.jpg\" target=\"_blank\" rel=\"noopener\"><img decoding=\"async\" src=\"https:\/\/droix.net\/wp-content\/uploads\/2024\/04\/Modes-1024x419.jpg\" alt=\"Slika DroiX prijenosnog monitora, 14 in&#x10D;a, 4K, ultra tanki, kompatibilan s prijenosnim ra&#x10D;unalima, Macovima, pametnim telefonima, tabletima, ra&#x10D;unalima, PS3\/4\/5, Xboxom i Switcom\" class=\"wp-image-178357\"\/><\/a><\/figure>\n\n<h3 class=\"wp-block-heading\"><strong>Detaljne zna\u010dajke<\/strong><\/h3>\n\n<ul class=\"wp-block-list\">\n<li>Performanse: Prijenosni monitor DroiX PM14 4K isti\u010de se pru\u017eanjem responzivnog i impresivnog iskustva gledanja s brzinom osvje\u017eavanja od 60 Hz i brzinom odziva od 2,5 ms, osiguravaju\u0107i glatko kretanje i o\u0161tre slike \u010dak i tijekom brzih scena. Nudi svjetlinu od 500 cd\/m\u00b2 i omjer kontrasta od 1500:1, osiguravaju\u0107i izvrsnu vidljivost u razli\u010ditim uvjetima osvjetljenja. <\/li>\n\n\n\n<li>Povezivost: DroiX PM14 nudi svestrane mogu\u0107nosti povezivanja, s dva USB-C priklju\u010dka za napajanje i prijenos video podataka, dodatnim USB-C priklju\u010dkom za periferne ure\u0111aje poput tipkovnica i mi\u0161eva, Mini HDMI priklju\u010dkom za konvencionalne video veze i audio priklju\u010dkom za privatno slu\u0161anje.<\/li>\n<\/ul>\n\n<figure class=\"wp-block-image aligncenter size-large\"><a href=\"https:\/\/droix.net\/wp-content\/uploads\/2024\/04\/interface.jpg\" target=\"_blank\" rel=\"noopener\"><img decoding=\"async\" src=\"https:\/\/droix.net\/wp-content\/uploads\/2024\/04\/interface-1024x1024.jpg\" alt=\"Slika prijenosnog monitora DroiX PM14, koji podr&#x17E;ava &#x161;irok raspon HDMI i Type-C ure&#x111;aja, pobolj&#x161;avaju&#x107;i kompatibilnost u digitalnim ekosustavima. Idealan za igra&#x10D;e, kreativne profesionalce na Macu i poslovne ljude kojima je potreban dodatni zaslon. Jednostavan za kori&#x161;tenje u Windowsima s plug-and-play postavkama za jednostavno kori&#x161;tenje.  \" class=\"wp-image-178362\"\/><\/a><\/figure>\n\n<h3 class=\"wp-block-heading\"><strong>Korisni\u010dko iskustvo<\/strong><\/h3>\n\n<p>DroiX PM14 podr\u017eava \u0161irok raspon HDMI i Type-C ure\u0111aja, osiguravaju\u0107i kompatibilnost u razli\u010ditim digitalnim ekosustavima. Bez obzira jeste li igra\u010d koji tra\u017ei prijenosni monitor, kreativni profesionalac koji koristi Mac ili poslovni direktor kojem je potreban dodatni zaslon za prezentacije, PM14 se bez napora prilago\u0111ava va\u0161im potrebama. Isti\u010de se u Windows okru\u017eenjima zahvaljuju\u0107i jednostavnom plug-and-play postavljanju, omogu\u0107uju\u0107i vam besprijekoran prijelaz na posao ili igru \u200b\u200bbez ikakvih problema.  <\/p>\n\n<figure class=\"wp-block-image aligncenter size-large\"><a href=\"https:\/\/droix.net\/wp-content\/uploads\/2024\/04\/portable1.jpg\" target=\"_blank\" rel=\"noopener\"><img decoding=\"async\" src=\"https:\/\/droix.net\/wp-content\/uploads\/2024\/04\/portable1-1024x483.jpg\" alt=\"Slika DroiX prijenosnog monitora, 14 in&#x10D;a, 4K, ultra tanki, lagani i prijenosni\" class=\"wp-image-178358\"\/><\/a><\/figure>\n\n<h3 class=\"wp-block-heading\"><strong>Zaklju\u010dak<\/strong><\/h3>\n\n<p>Prijenosni monitor DroiX PM14 predstavlja vrhunsko rje\u0161enje koje spaja vrhunsku funkcionalnost, izniman dizajn i slobodu prenosivosti. On nadilazi samo monitor; on je vrata za pobolj\u0161anje va\u0161e produktivnosti i zabave gdje god se nalazili. <\/p>\n\n<p>Otkrijte budu\u0107nost prijenosnih monitora za prijenosna ra\u010dunala s DroiX PM14. Ne propustite priliku \u2013 rezervirajte svoj odmah kako biste osigurali svoj ure\u0111aj i bili me\u0111u prvima koji \u0107e pobolj\u0161ati svoje iskustvo gledanja u pokretu! <\/p>\n","protected":false},"excerpt":{"rendered":"<ul>\n<li>4K 14&#8243; <strong>HDR400<\/strong> zaslon<\/li>\n<li>100% pokrivenost <strong>DCI-P3<\/strong><\/li>\n<li>Svjetlina od 500 <strong>nita<\/strong><\/li>\n<li><strong>Ugra\u0111eni stalak<\/strong><\/li>\n<li> <strong>Ugra\u0111eni<\/strong> zvu\u010dnici<\/li>\n<\/ul>\n[cg_accordion title=\"INFORMACIJE O PLA\u0106ANJU\"]<\/p>\n<p>Koristimo najnoviju tehnologiju u obradi pla\u0107anja koja vam omogu\u0107uje pla\u0107anje putem Apple Paya, Google Paya, va\u0161e debitne\/kreditne kartice, PayPala ili BNPL metoda kao \u0161to su Klarna, Affirm ili AfterPay za brzo i sigurno iskustvo.[\/cg_accordion]\n[cg_accordion title=\"JAMSTVO\"]<\/p>\n<p>1 godina jamstva od <a href=\"https:\/\/droix.net\/\" target=\"_blank\" rel=\"nofollow noopener\">DROIX Globala<\/a> za va\u0161 mir[\/cg_accordion]\n[cg_accordion title=\"CIJENE, POREZI I DOSTAVA\"]<\/p>\n<p><strong><u>Bilje\u0161ka:<\/u><\/strong><\/p>\n<ul>\n<li>Kupci iz Sjedinjenih Ameri\u010dkih Dr\u017eava: Prikazana cijena NE uklju\u010duje POREZ ni carine. Odgovornost za carinjenje i pla\u0107anje svih povezanih poreza\/carina je na kupcu. <\/li>\n<li>Kupci iz EU: Prikazana cijena uklju\u010duje primjenjivi POREZ, koji mo\u017ee iznositi do 25%, ovisno o va\u0161oj zemlji.<\/li>\n<li>Kupci u Kanadi: Prikazana cijena uklju\u010duje primjenjive poreze, koji mogu uklju\u010divati \u200b\u200b5% GST-a i dodatne pokrajinske poreze na promet (PST), harmonizirani porez na promet (HST) ili porez na promet u Quebecu (QST), ovisno o va\u0161oj pokrajini.<\/li>\n<\/ul>\n<p><strong>SAMO za kupce iz EU:<\/strong> Ekspresna dostava s pla\u0107enim carinjenjem (DDP). To zna\u010di: <\/p>\n<ul>\n<li>Sve carine i porezi uklju\u010deni su u cijenu prikazanu na stranici proizvoda.<\/li>\n<li>Prilikom dostave ne\u0107ete morati platiti nikakve dodatne tro\u0161kove.<\/li>\n<li>U rijetkim slu\u010dajevima problema povezanih s carinom, na\u0161 tim \u0107e u va\u0161e ime obaviti carinjenje kako bi se osigurala nesmetana dostava.<\/li>\n<p>Va\u017ene informacije o povratu robe:<\/p>\n<li>Ako odlu\u010dite vratiti narud\u017ebu ili zatra\u017eiti povrat novca, imajte na umu da porezi i carine pla\u0107eni u va\u0161e ime prema DDP uvjetima ne mogu biti vra\u0107eni.<\/li>\n<p>Za detaljnije informacije pogledajte na\u0161e <a href=\"https:\/\/ayaneo.co\/hr\/uvjeti-pruzanja-usluge\/\" target=\"_blank\" rel=\"nofollow noopener\">Uvjete i odredbe<\/a> .\n<\/ul>\n<p>[\/cg_accordion]\n[cg_accordion title=\"PODR\u0160KA KORISNICIMA\"]<\/p>\n<p>Imate pitanje? Samo nas trebate poslati poruku i rije\u0161it \u0107emo va\u0161 problem!<br \/>\n[\/cg_accordion]\n","protected":false},"featured_media":15602,"template":"","meta":{"_acf_changed":false},"product_brand":[],"product_cat":[1156],"product_tag":[],"class_list":{"0":"post-15601","1":"product","2":"type-product","3":"status-publish","4":"has-post-thumbnail","6":"product_cat-prijenosni-monitori","7":"product_shipping_class-standard","8":"pa_brand-droix","10":"first","11":"outofstock","12":"sale","13":"taxable","14":"shipping-taxable","15":"purchasable","16":"product-type-variable","17":"has-default-attributes"},"acf":[],"_links":{"self":[{"href":"https:\/\/ayaneo.co\/hr\/wp-json\/wp\/v2\/product\/15601","targetHints":{"allow":["GET"]}}],"collection":[{"href":"https:\/\/ayaneo.co\/hr\/wp-json\/wp\/v2\/product"}],"about":[{"href":"https:\/\/ayaneo.co\/hr\/wp-json\/wp\/v2\/types\/product"}],"wp:featuredmedia":[{"embeddable":true,"href":"https:\/\/ayaneo.co\/hr\/wp-json\/wp\/v2\/media\/15602"}],"wp:attachment":[{"href":"https:\/\/ayaneo.co\/hr\/wp-json\/wp\/v2\/media?parent=15601"}],"wp:term":[{"taxonomy":"product_brand","embeddable":true,"href":"https:\/\/ayaneo.co\/hr\/wp-json\/wp\/v2\/product_brand?post=15601"},{"taxonomy":"product_cat","embeddable":true,"href":"https:\/\/ayaneo.co\/hr\/wp-json\/wp\/v2\/product_cat?post=15601"},{"taxonomy":"product_tag","embeddable":true,"href":"https:\/\/ayaneo.co\/hr\/wp-json\/wp\/v2\/product_tag?post=15601"}],"curies":[{"name":"wp","href":"https:\/\/api.w.org\/{rel}","templated":true}]}}