{"id":15726,"date":"2025-01-29T11:19:41","date_gmt":"2025-01-29T11:19:41","guid":{"rendered":"https:\/\/ayaneo.co\/product\/droix-nh8-usb-hub-s-nvme\/"},"modified":"2025-06-16T15:10:24","modified_gmt":"2025-06-16T15:10:24","slug":"droix-nh8-usb-hub-s-nvme","status":"publish","type":"product","link":"https:\/\/ayaneo.co\/hr\/product\/droix-nh8-usb-hub-s-nvme\/","title":{"rendered":"DroiX NH8 USB Hub s NVMe"},"content":{"rendered":"\n<h2 class=\"wp-block-heading\"><strong>DroiX NH8 Hub s NVMe utorom \u2013 Vrhunsko vi\u0161enamjensko \u010dvori\u0161te za povezivanje!<\/strong><\/h2>\n\n<h4 class=\"wp-block-heading\"><strong>Munjevito brzi gigabitni Ethernet<\/strong><\/h4>\n\n<p>U\u017eivajte u besprijekornoj, brzoj povezivosti s <strong>DroiX NH8 Hubom<\/strong> ! Njegov <strong>10\/100\/1000M gigabitni Ethernet priklju\u010dak<\/strong> osigurava <strong>stabilnu internetsku vezu bez ka\u0161njenja<\/strong> \u2013 savr\u0161enu za igranje, streaming i zadatke velike propusnosti. Recite zbogom prekidima Wi-Fi-ja i iskusite <strong>dosljedne performanse brzine \u017ei\u010dane veze<\/strong> . <\/p>\n\n<h4 class=\"wp-block-heading\"><strong>Zapanjuju\u0107i 4K video izlaz<\/strong><\/h4>\n\n<p>Pobolj\u0161ajte svoje vizualno iskustvo uz <strong>podr\u0161ku za HDMI 2.0<\/strong> , koja pru\u017ea <strong>rezoluciju do 4096&#215;2160 pri 60Hz<\/strong> . Bez obzira <strong>gledate li filmove, prezentirate ili igrate igre u visokoj razlu\u010divosti<\/strong> , u\u017eivajte u ultra o\u0161troj slici, \u017eivim bojama i <strong>glatkom kretanju<\/strong> . <\/p>\n\n<h4 class=\"wp-block-heading\"><strong>Pro\u0161irite svoju pohranu s lako\u0107om<\/strong><\/h4>\n\n<p>Ponestaje vam prostora? <strong>DroiX NH8 Hub<\/strong> ima <strong>integrirani PCIe NVMe utor<\/strong> , koji nudi munjevito brzo pro\u0161irenje pohrane. Idealan za <strong>brzi prijenos podataka, velike datoteke i visokou\u010dinkovite aplikacije<\/strong> , ova zna\u010dajka odr\u017eava va\u0161 sustav u\u010dinkovitim.  <\/p>\n\n<h4 class=\"wp-block-heading\"><strong>Prijenosi podataka s visokim udjelom snage<\/strong><\/h4>\n\n<p>Prenesite velike datoteke u trenu pomo\u0107u <strong>USB priklju\u010dka tipa A 3.0<\/strong> . Bez obzira izra\u0111ujete li sigurnosnu kopiju podataka, sinkronizirate li ure\u0111aje ili <strong>napajate periferne ure\u0111aje<\/strong> , iskusite <strong>velike brzine prijenosa podataka<\/strong> koje pojednostavljuju va\u0161 tijek rada. <\/p>\n\n<h4 class=\"wp-block-heading\"><strong>Univerzalna kompatibilnost s USB-om tipa C<\/strong><\/h4>\n\n<p>Opremljen <strong>svestranim USB Type-C priklju\u010dkom<\/strong> , <strong>NH8 Hub<\/strong> osigurava <strong>\u0161iroku kompatibilnost s ure\u0111ajima<\/strong> . U\u017eivajte <strong>u brzom prijenosu podataka, u\u010dinkovitom napajanju i jednostavnom povezivanju<\/strong> prijenosnih <strong>ra\u010dunala, mini ra\u010dunala, igra\u0107ih ure\u0111aja i jo\u0161 mnogo toga<\/strong> \u2013 sve s jednim kabelom. <\/p>\n\n<h4 class=\"wp-block-heading\"><strong>Jednostavan pristup medijima<\/strong><\/h4>\n\n<p>S <strong>ugra\u0111enim \u010dita\u010dem SD i Micro SD kartica<\/strong> , <strong>DroiX NH8 Hub<\/strong> olak\u0161ava <strong>pristup, prijenos i sigurnosno kopiranje datoteka<\/strong> . Bilo da se radi o fotografijama, videozapisima ili va\u017enim dokumentima, brzo pristupite svojim medijima bez dodatnih adaptera. <\/p>\n\n<h4 class=\"wp-block-heading\"><strong>Neusporediva svestranost i performanse<\/strong><\/h4>\n\n<p>Dizajniran za <strong>ra\u010dunala, prijenosna ra\u010dunala, mini ra\u010dunala i ru\u010dne igra\u0107e ure\u0111aje<\/strong> , <strong>DroiX NH8 Hub<\/strong> je vi\u0161e od obi\u010dnog dodatka \u2013 to je <strong>klju\u010dno rje\u0161enje za povezivanje<\/strong> . <strong>Kompaktan, sna\u017ean i pouzdan<\/strong> , to je <strong>ultimativni alat<\/strong> za rad, zabavu i sve izme\u0111u.<\/p>\n\n<h3 class=\"wp-block-heading\"><strong>Nadogradite svoju povezivost s DroiX NH8 Hubom!<\/strong><\/h3>\n\n<p>Do\u017eivite <strong>performanse i prakti\u010dnost sljede\u0107e razine<\/strong> s hubom koji je izgra\u0111en za <strong>brzinu, u\u010dinkovitost i svestranost<\/strong> . <strong>Pojednostavite svoje postavljanje i unaprijedite svoj tijek rada ve\u0107 danas!<\/strong><\/p>\n\n<p>Za detaljne upute za postavljanje pogledajte na\u0161 <strong>vodi\u010d za po\u010detak rada s DroiX NH8 USB Hubom<\/strong> .<\/p>\n\n<p><\/p>\n","protected":false},"excerpt":{"rendered":"<ul>\n<li>DroiX <strong>NH8<\/strong> USB Hub s NVMe<\/li>\n<li><strong>10\/100\/1000M<\/strong> gigabitni Ethernet<\/li>\n<li><strong>Ugra\u0111eni PCIe NVMe utor<\/strong> za pro\u0161irenje memorije<\/li>\n<li><strong>4K izlaz za prikaz<\/strong> putem HDMI-ja<\/li>\n<li><strong>Utor za MicroSD \/ SD karticu<\/strong> \u2013 do 5 Gbps<\/li>\n<\/ul>\n[cg_accordion title=\"INFORMACIJE O PLA\u0106ANJU\"]<\/p>\n<p>Koristimo najnoviju tehnologiju u obradi pla\u0107anja koja vam omogu\u0107uje pla\u0107anje putem Apple Paya, Google Paya, va\u0161e debitne\/kreditne kartice, PayPala ili BNPL metoda kao \u0161to su Klarna, Affirm ili AfterPay za brzo i sigurno iskustvo.[\/cg_accordion]\n[cg_accordion title=\"JAMSTVO\"]<\/p>\n<p>1 godina jamstva od <a href=\"https:\/\/droix.net\/\" target=\"_blank\" rel=\"nofollow noopener\">DROIX Globala<\/a> za va\u0161 mir[\/cg_accordion]\n[cg_accordion title=\"CIJENE, POREZI I DOSTAVA\"]<\/p>\n<p><strong><u>Bilje\u0161ka:<\/u><\/strong><\/p>\n<ul>\n<li>Kupci iz Sjedinjenih Ameri\u010dkih Dr\u017eava: Prikazana cijena NE uklju\u010duje POREZ ni carine. Odgovornost za carinjenje i pla\u0107anje svih povezanih poreza\/carina je na kupcu. <\/li>\n<li>Kupci iz EU: Prikazana cijena uklju\u010duje primjenjivi POREZ, koji mo\u017ee iznositi do 25%, ovisno o va\u0161oj zemlji.<\/li>\n<li>Kupci u Kanadi: Prikazana cijena uklju\u010duje primjenjive poreze, koji mogu uklju\u010divati \u200b\u200b5% GST-a i dodatne pokrajinske poreze na promet (PST), harmonizirani porez na promet (HST) ili porez na promet u Quebecu (QST), ovisno o va\u0161oj pokrajini.<\/li>\n<\/ul>\n<p><strong>SAMO za kupce iz EU:<\/strong> Ekspresna dostava s pla\u0107enim carinjenjem (DDP). To zna\u010di: <\/p>\n<ul>\n<li>Sve carine i porezi uklju\u010deni su u cijenu prikazanu na stranici proizvoda.<\/li>\n<li>Prilikom dostave ne\u0107ete morati platiti nikakve dodatne tro\u0161kove.<\/li>\n<li>U rijetkim slu\u010dajevima problema povezanih s carinom, na\u0161 tim \u0107e u va\u0161e ime obaviti carinjenje kako bi se osigurala nesmetana dostava.<\/li>\n<p>Va\u017ene informacije o povratu robe:<\/p>\n<li>Ako odlu\u010dite vratiti narud\u017ebu ili zatra\u017eiti povrat novca, imajte na umu da porezi i carine pla\u0107eni u va\u0161e ime prema DDP uvjetima ne mogu biti vra\u0107eni.<\/li>\n<p>Za detaljnije informacije pogledajte na\u0161e <a href=\"https:\/\/ayaneo.co\/hr\/uvjeti-pruzanja-usluge\/\" target=\"_blank\" rel=\"nofollow noopener\">Uvjete i odredbe<\/a> .\n<\/ul>\n<p>[\/cg_accordion]\n[cg_accordion title=\"PODR\u0160KA KORISNICIMA\"]<\/p>\n<p>Imate pitanje? Samo nas trebate poslati poruku i rije\u0161it \u0107emo va\u0161 problem!<br \/>\n[\/cg_accordion]\n","protected":false},"featured_media":15727,"template":"","meta":{"_acf_changed":false},"product_brand":[],"product_cat":[1141],"product_tag":[],"class_list":{"0":"post-15726","1":"product","2":"type-product","3":"status-publish","4":"has-post-thumbnail","6":"product_cat-pribor","7":"product_shipping_class-low-end","8":"pa_brand-droix","10":"first","11":"outofstock","12":"sale","13":"taxable","14":"shipping-taxable","15":"purchasable","16":"product-type-variable","17":"has-default-attributes"},"acf":[],"_links":{"self":[{"href":"https:\/\/ayaneo.co\/hr\/wp-json\/wp\/v2\/product\/15726","targetHints":{"allow":["GET"]}}],"collection":[{"href":"https:\/\/ayaneo.co\/hr\/wp-json\/wp\/v2\/product"}],"about":[{"href":"https:\/\/ayaneo.co\/hr\/wp-json\/wp\/v2\/types\/product"}],"wp:featuredmedia":[{"embeddable":true,"href":"https:\/\/ayaneo.co\/hr\/wp-json\/wp\/v2\/media\/15727"}],"wp:attachment":[{"href":"https:\/\/ayaneo.co\/hr\/wp-json\/wp\/v2\/media?parent=15726"}],"wp:term":[{"taxonomy":"product_brand","embeddable":true,"href":"https:\/\/ayaneo.co\/hr\/wp-json\/wp\/v2\/product_brand?post=15726"},{"taxonomy":"product_cat","embeddable":true,"href":"https:\/\/ayaneo.co\/hr\/wp-json\/wp\/v2\/product_cat?post=15726"},{"taxonomy":"product_tag","embeddable":true,"href":"https:\/\/ayaneo.co\/hr\/wp-json\/wp\/v2\/product_tag?post=15726"}],"curies":[{"name":"wp","href":"https:\/\/api.w.org\/{rel}","templated":true}]}}