{"id":15756,"date":"2025-01-29T11:23:32","date_gmt":"2025-01-29T11:23:32","guid":{"rendered":"https:\/\/ayaneo.co\/product\/sd1-prikljucna-stanica\/"},"modified":"2025-05-30T15:32:42","modified_gmt":"2025-05-30T15:32:42","slug":"sd1-prikljucna-stanica","status":"publish","type":"product","link":"https:\/\/ayaneo.co\/hr\/product\/sd1-prikljucna-stanica\/","title":{"rendered":"SD1 priklju\u010dna stanica"},"content":{"rendered":"\n<h2 class=\"wp-block-heading\"><strong>SD1 priklju\u010dna stanica: Otklju\u010dajte pravu snagu igranja s prijenosnim ra\u010dunalom!<\/strong><\/h2>\n\n<h4 class=\"wp-block-heading\"><strong>Va\u0161 put do besprijekornog igranja<\/strong><\/h4>\n\n<p>Transformirajte svoje ru\u010dno igra\u0107e iskustvo uz <strong>SD1 priklju\u010dnu stanicu<\/strong> \u2013 ultimativni suputnik za ru\u010dna igra\u0107a ra\u010dunala. Dizajnirana imaju\u0107i na umu igra\u010de, SD1 pobolj\u0161ava performanse, povezivost i prakti\u010dnost, osiguravaju\u0107i da svaka igra\u0107a sesija bude besprijekorna. Od <strong>Steam Deck<\/strong> do <strong>AYA NEO Geek 1S<\/strong> , ova priklju\u010dna stanica pru\u017ea neusporedivu svestranost. Samo je priklju\u010dite, spojite putem USB Type-C i pustite da SD1 podigne va\u0161e igranje na nove visine.   <\/p>\n\n<h4 class=\"wp-block-heading\"><strong>Munjevito brze internetske performanse<\/strong><\/h4>\n\n<p>Ostanite ispred u svakoj bitci s SD1-ovim <strong>RJ45 gigabitnim Ethernet priklju\u010dkom<\/strong> , koji pru\u017ea nevjerojatne brzine do <strong>1000 Mbps<\/strong> . Recite zbogom ka\u0161njenju i pozdravite glatko igranje u stvarnom vremenu. Bez obzira istra\u017eujete li prostrane svjetove ili se natje\u010dete u napetim multiplayer me\u010devima, SD1 jam\u010di <strong>stabilnu vezu bez prekida<\/strong> kada je to najva\u017enije.  <\/p>\n\n<h4 class=\"wp-block-heading\"><strong>Imerzivni 4K vizuali<\/strong><\/h4>\n\n<p>Zaronite u zapanjuju\u0107e detalje i \u017eive boje uz <strong>HDMI 2.0 izlaz<\/strong> SD1. Podr\u017eavaju\u0107i <strong>rezoluciju do 4096&#215;2160 pri 60Hz<\/strong> , ova priklju\u010dna stanica pretvara va\u0161e igre u vizualna iskustva koja oduzimaju dah. Svaki kadar je o\u0161tar, gladak i prepun \u017eivota, \u010dine\u0107i va\u0161e omiljene naslove jo\u0161 zanimljivijima.  <\/p>\n\n<h4 class=\"wp-block-heading\"><strong>Snaga koja vas odr\u017eava u igri<\/strong><\/h4>\n\n<p>Nema vi\u0161e prekida usred igre! S <strong>punjenjem od 100 W (PD)<\/strong> , SD1 osigurava da va\u0161 ure\u0111aj ostane napunjen \u010dak i tijekom maratonskih sesija igranja. Igrajte s povjerenjem znaju\u0107i da je va\u0161e prijenosno ra\u010dunalo za igranje kontinuirano napunjeno i spremno za rad.  <\/p>\n\n<h4 class=\"wp-block-heading\"><strong>Pro\u0161irite svoju konfiguraciju s vi\u0161e priklju\u010daka<\/strong><\/h4>\n\n<p>Pove\u017eite se kao profesionalac! SD1 dolazi opremljen s <strong>tri USB Type-A 3.0 priklju\u010dka<\/strong> , \u0161to vam omogu\u0107uje spajanje perifernih ure\u0111aja poput kontrolera, slu\u0161alica ili vanjske memorije. U\u017eivajte u <strong>munjevito brzom prijenosu podataka<\/strong> i jednostavnom multitaskingu bez nepotrebnih dodatnih adaptera.  <\/p>\n\n<h4 class=\"wp-block-heading\"><strong>Povezivanje vi\u0161e razine<\/strong><\/h4>\n\n<p>Iskusite stabilne, brze veze s <strong>USB Type-C su\u010deljem<\/strong> SD1, dizajniranim za univerzalnu kompatibilnost i u\u010dinkovitost. Bez obzira prenosite li podatke ili napajate svoj ure\u0111aj, SD1 nudi sveobuhvatno rje\u0161enje za najnovije ru\u010dne igra\u0107e ure\u0111aje. <\/p>\n\n<h4 class=\"wp-block-heading\"><strong>Vrhunski dizajn napravljen za dugotrajnost<\/strong><\/h4>\n\n<p>Izra\u0111ena od <strong>izdr\u017eljivog sivog aluminija<\/strong> , SD1 priklju\u010dna stanica je jednako elegantna koliko i \u010dvrsta. Njen elegantan dizajn se besprijekorno uklapa u bilo koju konfiguraciju, dok <strong>crne silikonske plo\u010dice<\/strong> pru\u017eaju dodatnu za\u0161titu, sprje\u010davaju\u0107i ogrebotine i osiguravaju\u0107i da va\u0161 ure\u0111aj ostane sigurno na mjestu. <\/p>\n\n<h4 class=\"wp-block-heading\"><strong>Svestrana kompatibilnost<\/strong><\/h4>\n\n<p>Priklju\u010dna stanica SD1 izra\u0111ena je za podr\u0161ku \u0161irokom rasponu ru\u010dnih igra\u0107ih ra\u010dunala, \u0161to je \u010dini ultimativnim dodatkom za svakog igra\u010da. Bez obzira igrate li na <strong>Steam Deck<\/strong> , <strong>GPD WIN 4 2023<\/strong> ili <strong>ONEXPLAYER 2<\/strong> , SD1 osigurava besprijekornu integraciju i pobolj\u0161ane performanse. Rigorozno je testirana s vrhunskim ure\u0111ajima, uklju\u010duju\u0107i <strong>ROG Ally<\/strong> , <strong>AYA NEO 2S<\/strong> i druge.  <\/p>\n\n<hr class=\"wp-block-separator has-alpha-channel-opacity\"\/>\n\n<h3 class=\"wp-block-heading\"><strong>Za\u0161to odabrati SD1 priklju\u010dnu stanicu?<\/strong><\/h3>\n\n<ul class=\"wp-block-list\">\n<li><strong>Neprekidni internet<\/strong> : U\u017eivajte u ultrabrzim i stabilnim vezama.<\/li>\n\n\n\n<li><strong>Zapanjuju\u0107i 4K izlaz<\/strong> : Uronite u \u017eivopisne, glatke vizualne prikaze.<\/li>\n\n\n\n<li><strong>U\u010dinkovito punjenje<\/strong> : Igrajte satima uz pouzdanu isporuku energije.<\/li>\n\n\n\n<li><strong>Pobolj\u0161ane mogu\u0107nosti priklju\u010daka<\/strong> : Jednostavno spojite vi\u0161e perifernih ure\u0111aja.<\/li>\n\n\n\n<li><strong>Univerzalna kompatibilnost<\/strong> : Radi sa svim va\u0161im omiljenim ru\u010dnim igra\u0107im ra\u010dunalima.<\/li>\n<\/ul>\n\n<hr class=\"wp-block-separator has-alpha-channel-opacity\"\/>\n\n<h3 class=\"wp-block-heading\"><strong>Podignite svoje igranje na vi\u0161u razinu<\/strong><\/h3>\n\n<p>S <strong>SD1 priklju\u010dnom stanicom<\/strong> , svaka igra postaje nezaboravno iskustvo. Bez obzira natje\u010dete li se, istra\u017eujete ili streamate, ova priklju\u010dna stanica pru\u017ea vam alate za postizanje najboljih rezultata.   <strong>Nadogradite svoju konfiguraciju ve\u0107 danas i prigrlite novo doba igranja s prijenosnim ure\u0111ajima.<\/strong><\/p>\n","protected":false},"excerpt":{"rendered":"<ul>\n<li><strong>SD1<\/strong> priklju\u010dna stanica<\/li>\n<li>Gigabitni Ethernet<\/li>\n<li>100W PD USB-C<\/li>\n<li>HDMI izlaz<\/li>\n<li><strong>Kompatibilno s<\/strong> AYANEO ru\u010dnim ure\u0111ajima i mnogim drugima<\/li>\n<\/ul>\n[cg_accordion title=\"INFORMACIJE O PLA\u0106ANJU\"]<\/p>\n<p>Koristimo najnoviju tehnologiju u obradi pla\u0107anja koja vam omogu\u0107uje pla\u0107anje putem Apple Paya, Google Paya, va\u0161e debitne\/kreditne kartice, PayPala ili BNPL metoda kao \u0161to su Klarna, Affirm ili AfterPay za brzo i sigurno iskustvo.[\/cg_accordion]\n[cg_accordion title=\"JAMSTVO\"]<\/p>\n<p>1 godina jamstva od <a href=\"https:\/\/droix.net\/\" target=\"_blank\" rel=\"nofollow noopener\">DROIX Globala<\/a> za va\u0161 mir[\/cg_accordion]\n[cg_accordion title=\"CIJENE, POREZI I DOSTAVA\"]<\/p>\n<p><strong><u>Bilje\u0161ka:<\/u><\/strong><\/p>\n<ul>\n<li>Kupci iz Sjedinjenih Ameri\u010dkih Dr\u017eava: Prikazana cijena NE uklju\u010duje POREZ ni carine. Odgovornost za carinjenje i pla\u0107anje svih povezanih poreza\/carina je na kupcu. <\/li>\n<li>Kupci iz EU: Prikazana cijena uklju\u010duje primjenjivi POREZ, koji mo\u017ee iznositi do 25%, ovisno o va\u0161oj zemlji.<\/li>\n<li>Kupci u Kanadi: Prikazana cijena uklju\u010duje primjenjive poreze, koji mogu uklju\u010divati \u200b\u200b5% GST-a i dodatne pokrajinske poreze na promet (PST), harmonizirani porez na promet (HST) ili porez na promet u Quebecu (QST), ovisno o va\u0161oj pokrajini.<\/li>\n<\/ul>\n<p><strong>SAMO za kupce iz EU:<\/strong> Ekspresna dostava s pla\u0107enim carinjenjem (DDP). To zna\u010di: <\/p>\n<ul>\n<li>Sve carine i porezi uklju\u010deni su u cijenu prikazanu na stranici proizvoda.<\/li>\n<li>Prilikom dostave ne\u0107ete morati platiti nikakve dodatne tro\u0161kove.<\/li>\n<li>U rijetkim slu\u010dajevima problema povezanih s carinom, na\u0161 tim \u0107e u va\u0161e ime obaviti carinjenje kako bi se osigurala nesmetana dostava.<\/li>\n<p>Va\u017ene informacije o povratu robe:<\/p>\n<li>Ako odlu\u010dite vratiti narud\u017ebu ili zatra\u017eiti povrat novca, imajte na umu da porezi i carine pla\u0107eni u va\u0161e ime prema DDP uvjetima ne mogu biti vra\u0107eni.<\/li>\n<p>Za detaljnije informacije pogledajte na\u0161e <a href=\"https:\/\/ayaneo.co\/terms-of-service-2\/\" target=\"_blank\" rel=\"nofollow noopener\">Uvjete i odredbe<\/a> .\n<\/ul>\n<p>[\/cg_accordion]\n[cg_accordion title=\"PODR\u0160KA KORISNICIMA\"]<\/p>\n<p>Imate pitanje? Samo nas trebate poslati poruku i rije\u0161it \u0107emo va\u0161 problem!<br \/>\n[\/cg_accordion]\n","protected":false},"featured_media":15758,"template":"","meta":{"_acf_changed":false},"product_brand":[],"product_cat":[1141],"product_tag":[],"class_list":{"0":"post-15756","1":"product","2":"type-product","3":"status-publish","4":"has-post-thumbnail","6":"product_cat-pribor","7":"product_shipping_class-low-end","8":"pa_accessory-type-docking-station-hr","9":"pa_brand-droix","11":"first","12":"outofstock","13":"sale","14":"taxable","15":"shipping-taxable","16":"purchasable","17":"product-type-simple"},"acf":[],"_links":{"self":[{"href":"https:\/\/ayaneo.co\/hr\/wp-json\/wp\/v2\/product\/15756","targetHints":{"allow":["GET"]}}],"collection":[{"href":"https:\/\/ayaneo.co\/hr\/wp-json\/wp\/v2\/product"}],"about":[{"href":"https:\/\/ayaneo.co\/hr\/wp-json\/wp\/v2\/types\/product"}],"wp:featuredmedia":[{"embeddable":true,"href":"https:\/\/ayaneo.co\/hr\/wp-json\/wp\/v2\/media\/15758"}],"wp:attachment":[{"href":"https:\/\/ayaneo.co\/hr\/wp-json\/wp\/v2\/media?parent=15756"}],"wp:term":[{"taxonomy":"product_brand","embeddable":true,"href":"https:\/\/ayaneo.co\/hr\/wp-json\/wp\/v2\/product_brand?post=15756"},{"taxonomy":"product_cat","embeddable":true,"href":"https:\/\/ayaneo.co\/hr\/wp-json\/wp\/v2\/product_cat?post=15756"},{"taxonomy":"product_tag","embeddable":true,"href":"https:\/\/ayaneo.co\/hr\/wp-json\/wp\/v2\/product_tag?post=15756"}],"curies":[{"name":"wp","href":"https:\/\/api.w.org\/{rel}","templated":true}]}}