{"id":15777,"date":"2025-01-29T11:53:38","date_gmt":"2025-01-29T11:53:38","guid":{"rendered":"https:\/\/ayaneo.co\/product\/usb-4-0-kabel-tipa-c\/"},"modified":"2025-05-30T15:54:49","modified_gmt":"2025-05-30T15:54:49","slug":"usb-4-0-kabel-tipa-c","status":"publish","type":"product","link":"https:\/\/ayaneo.co\/hr\/product\/usb-4-0-kabel-tipa-c\/","title":{"rendered":"USB 4.0 kabel tipa C"},"content":{"rendered":"\n<h3 class=\"wp-block-heading\"><strong>Do\u017eivite neusporedivu povezivost s USB 4.0 Type-C kabelom<\/strong><\/h3>\n\n<h4 class=\"wp-block-heading\"><strong>Revolucioniranje brzine, snage i preciznosti<\/strong><\/h4>\n\n<h4 class=\"wp-block-heading\"><strong>Prijenos podataka od 40 Gbps<\/strong><\/h4>\n\n<p>Otklju\u010dajte neusporedive performanse s na\u0161im <strong>USB 4.0 Type-C kabelom<\/strong> , sposobnim za <strong>munjevito brze brzine prijenosa podataka od 40 Gbps<\/strong> . Recite zbogom ka\u0161njenju i pozdravite brzo i besprijekorno dijeljenje datoteka \u2013 savr\u0161eno za velika optere\u0107enja, 4K videozapise i brze sigurnosne kopije. <\/p>\n\n<h4 class=\"wp-block-heading\"><strong>Kompatibilnost s Thunderbolt 3 i 4<\/strong><\/h4>\n\n<p>Osigurajte budu\u0107nost svoje konfiguracije uz <strong>kompatibilnost s Thunderbolt 3 i 4<\/strong> , osiguravaju\u0107i besprijekornu integraciju s najsuvremenijim ure\u0111ajima. Bez obzira spajate li prijenosna ra\u010dunala, monitore ili rje\u0161enja za pohranu, na\u0161 kabel vas dr\u017ei ispred svih. <\/p>\n\n<h4 class=\"wp-block-heading\"><strong>Snaga izvan granica: 240 W PD<\/strong><\/h4>\n\n<p>Br\u017ee punjenje, dulje rad. S impresivnom <strong>snagom od 240 W<\/strong> , ovaj kabel jam\u010di brzo punjenje \u010dak i za najzahtjevnije ure\u0111aje. Od prijenosnih ra\u010dunala do igra\u0107ih konzola, iskusite neprekidne performanse i produljeno vrijeme rada.  <\/p>\n\n<h4 class=\"wp-block-heading\"><strong>8K vizualni sjaj<\/strong><\/h4>\n\n<p>Uronite u zapanjuju\u0107u jasno\u0107u uz podr\u0161ku za <strong>8K rezoluciju na 60Hz<\/strong> . Bez obzira igrate li igre, ure\u0111ujete sadr\u017eaj visoke rezolucije ili gledate ultra-HD zabavu, svaki kadar pr\u0161ti realisti\u010dnim detaljima i \u017eivim bojama. <\/p>\n\n<h4 class=\"wp-block-heading\"><strong>Inovativno pra\u0107enje snage u stvarnom vremenu<\/strong><\/h4>\n\n<p>Odr\u017eite kontrolu uz na\u0161 <strong>ugra\u0111eni zaslon za potro\u0161nju energije<\/strong> . Ova prakti\u010dna zna\u010dajka pru\u017ea <strong>podatke o potro\u0161nji energije u stvarnom vremenu<\/strong> , omogu\u0107uju\u0107i vam pra\u0107enje potro\u0161nje energije va\u0161eg ure\u0111aja za pametnije i u\u010dinkovitije iskustvo punjenja. <\/p>\n\n<h4 class=\"wp-block-heading\"><strong>Dizajnirano za va\u0161u postavku<\/strong><\/h4>\n\n<p>Odaberite savr\u0161enu duljinu za svoje potrebe uz na\u0161e fleksibilne opcije duljine:<\/p>\n\n<ul class=\"wp-block-list\">\n<li><strong>Ravni kabel<\/strong> : Dostupan u <strong>duljinama od 0,8 m<\/strong> i <strong>1,5 m<\/strong> .<\/li>\n\n\n\n<li><strong>L-oblikovani kabel<\/strong> : Idealan za uske prostore, dostupan i u <strong>duljinama od 0,8 m<\/strong> i <strong>1,5 m<\/strong> .<\/li>\n<\/ul>\n\n<p>Trebate li slobodu kretanja ili rje\u0161enje za u\u0161tedu prostora, na\u0161 USB 4.0 Type-C kabel prilago\u0111ava se svakom okru\u017eenju.<\/p>\n\n<h4 class=\"wp-block-heading\"><strong>Vrhunska izrada, beskompromisne performanse<\/strong><\/h4>\n\n<p>Izra\u0111en preciznim in\u017eenjeringom, ovaj kabel kombinira <strong>izdr\u017eljivost, fleksibilnost i vrhunsku tehnologiju<\/strong> . To je ultimativni izbor za tehnolo\u0161ke entuzijaste, profesionalce i igra\u010de koji zahtijevaju najbolju povezivost. <\/p>\n\n<h3 class=\"wp-block-heading\"><strong>Pobolj\u0161ajte svoju povezanost ve\u0107 danas<\/strong><\/h3>\n\n<p>S <strong>USB 4.0 Type-C kabelom<\/strong> ne samo da spajate ure\u0111aje \u2013 otklju\u010davate svijet mogu\u0107nosti. <strong>Nadogradite na budu\u0107nost brzine, snage i jasno\u0107e ve\u0107 danas!<\/strong><\/p>\n","protected":false},"excerpt":{"rendered":"<ul>\n<li>Brzina prijenosa podataka <strong>od 40 Gbps<\/strong><\/li>\n<li>Thunderbolt <strong>3<\/strong> i <strong>4<\/strong><\/li>\n<li>Isporuka snage do <strong>240 W<\/strong><\/li>\n<li>Podr\u017eava video izlaz do <strong>8K @ 60Hz<\/strong><\/li>\n<li>Ugra\u0111eni <strong>zaslon snage<\/strong><\/li>\n<\/ul>\n[cg_accordion title=\"INFORMACIJE O PLA\u0106ANJU\"]<\/p>\n<p>Koristimo najnoviju tehnologiju u obradi pla\u0107anja koja vam omogu\u0107uje pla\u0107anje putem Apple Paya, Google Paya, va\u0161e debitne\/kreditne kartice, PayPala ili BNPL metoda kao \u0161to su Klarna, Affirm ili AfterPay za brzo i sigurno iskustvo.[\/cg_accordion]\n[cg_accordion title=\"JAMSTVO\"]<\/p>\n<p>1 godina jamstva od <a href=\"https:\/\/droix.net\/\" target=\"_blank\" rel=\"nofollow noopener\">DROIX Globala<\/a> za va\u0161 mir[\/cg_accordion]\n[cg_accordion title=\"CIJENE, POREZI I DOSTAVA\"]<\/p>\n<p><strong><u>Bilje\u0161ka:<\/u><\/strong><\/p>\n<ul>\n<li>Kupci iz Sjedinjenih Ameri\u010dkih Dr\u017eava: Prikazana cijena NE uklju\u010duje POREZ ni carine. Odgovornost za carinjenje i pla\u0107anje svih povezanih poreza\/carina je na kupcu. <\/li>\n<li>Kupci iz EU: Prikazana cijena uklju\u010duje primjenjivi POREZ, koji mo\u017ee iznositi do 25%, ovisno o va\u0161oj zemlji.<\/li>\n<li>Kupci u Kanadi: Prikazana cijena uklju\u010duje primjenjive poreze, koji mogu uklju\u010divati \u200b\u200b5% GST-a i dodatne pokrajinske poreze na promet (PST), harmonizirani porez na promet (HST) ili porez na promet u Quebecu (QST), ovisno o va\u0161oj pokrajini.<\/li>\n<\/ul>\n<p><strong>SAMO za kupce iz EU:<\/strong> Ekspresna dostava s pla\u0107enim carinjenjem (DDP). To zna\u010di: <\/p>\n<ul>\n<li>Sve carine i porezi uklju\u010deni su u cijenu prikazanu na stranici proizvoda.<\/li>\n<li>Prilikom dostave ne\u0107ete morati platiti nikakve dodatne tro\u0161kove.<\/li>\n<li>U rijetkim slu\u010dajevima problema povezanih s carinom, na\u0161 tim \u0107e u va\u0161e ime obaviti carinjenje kako bi se osigurala nesmetana dostava.<\/li>\n<p>Va\u017ene informacije o povratu robe:<\/p>\n<li>Ako odlu\u010dite vratiti narud\u017ebu ili zatra\u017eiti povrat novca, imajte na umu da porezi i carine pla\u0107eni u va\u0161e ime prema DDP uvjetima ne mogu biti vra\u0107eni.<\/li>\n<p>Za detaljnije informacije pogledajte na\u0161e <a href=\"https:\/\/ayaneo.co\/terms-of-service-2\/\" target=\"_blank\" rel=\"nofollow noopener\">Uvjete i odredbe<\/a> .\n<\/ul>\n<p>[\/cg_accordion]\n[cg_accordion title=\"PODR\u0160KA KORISNICIMA\"]<\/p>\n<p>Imate pitanje? Samo nas trebate poslati poruku i rije\u0161it \u0107emo va\u0161 problem!<br \/>\n[\/cg_accordion]\n","protected":false},"featured_media":15783,"template":"","meta":{"_acf_changed":false},"product_brand":[],"product_cat":[1141],"product_tag":[],"class_list":{"0":"post-15777","1":"product","2":"type-product","3":"status-publish","4":"has-post-thumbnail","6":"product_cat-pribor","7":"product_shipping_class-low-end","8":"pa_accessory-type-cable-hr","9":"pa_brand-droix","11":"first","12":"outofstock","13":"sale","14":"taxable","15":"shipping-taxable","16":"purchasable","17":"product-type-variable"},"acf":[],"_links":{"self":[{"href":"https:\/\/ayaneo.co\/hr\/wp-json\/wp\/v2\/product\/15777","targetHints":{"allow":["GET"]}}],"collection":[{"href":"https:\/\/ayaneo.co\/hr\/wp-json\/wp\/v2\/product"}],"about":[{"href":"https:\/\/ayaneo.co\/hr\/wp-json\/wp\/v2\/types\/product"}],"wp:featuredmedia":[{"embeddable":true,"href":"https:\/\/ayaneo.co\/hr\/wp-json\/wp\/v2\/media\/15783"}],"wp:attachment":[{"href":"https:\/\/ayaneo.co\/hr\/wp-json\/wp\/v2\/media?parent=15777"}],"wp:term":[{"taxonomy":"product_brand","embeddable":true,"href":"https:\/\/ayaneo.co\/hr\/wp-json\/wp\/v2\/product_brand?post=15777"},{"taxonomy":"product_cat","embeddable":true,"href":"https:\/\/ayaneo.co\/hr\/wp-json\/wp\/v2\/product_cat?post=15777"},{"taxonomy":"product_tag","embeddable":true,"href":"https:\/\/ayaneo.co\/hr\/wp-json\/wp\/v2\/product_tag?post=15777"}],"curies":[{"name":"wp","href":"https:\/\/api.w.org\/{rel}","templated":true}]}}