{"id":15853,"date":"2025-02-10T12:11:02","date_gmt":"2025-02-10T12:11:02","guid":{"rendered":"https:\/\/ayaneo.co\/product\/ayaneo-3\/"},"modified":"2025-12-02T18:22:13","modified_gmt":"2025-12-02T18:22:13","slug":"ayaneo-3","status":"publish","type":"product","link":"https:\/\/ayaneo.co\/hr\/product\/ayaneo-3\/","title":{"rendered":"AYANEO 3"},"content":{"rendered":"\n<figure class=\"wp-block-video\"><video height=\"360\" style=\"aspect-ratio: 640 \/ 360;\" width=\"640\" controls=\"\" poster=\"https:\/\/ayaneo.co\/wp-content\/uploads\/2025\/02\/maxresdefault-1.jpg\" src=\"https:\/\/ayaneo.co\/wp-content\/uploads\/2025\/02\/videoplayback-1.mp4\"><\/video><\/figure>\n\n<div class=\"wp-block-columns is-layout-flex wp-container-core-columns-is-layout-28f84493 wp-block-columns-is-layout-flex\">\n<div class=\"wp-block-column is-layout-flow wp-block-column-is-layout-flow\">\n<p>Predstavljamo AYANEO 3, prvu modularnu ru\u010dnu igra\u0107u konzolu na svijetu koja redefinira prijenosno igranje s neusporedivom prilagodbom i performansama. Dizajnirana za igra\u010de koji tra\u017ee personalizirano iskustvo, AYANEO 3 nudi inovativne zna\u010dajke i vrhunske specifikacije kako bi zadovoljila i povremene i strastvene entuzijaste igranja. <\/p>\n\n\n\n<h2 class=\"wp-block-heading\"><strong>Inovativni modularni dizajn<\/strong><\/h2>\n\n\n\n<p>AYANEO 3 je pionir revolucionarnog modularnog sustava kontrolera, koji korisnicima omogu\u0107uje slobodno kombiniranje i prilago\u0111avanje modula kontrolera kako bi odgovarali njihovim igra\u010dkim preferencijama. S odvojivim i zamjenjivim ABXY tipkama, igra\u010di mogu konfigurirati do 56 jedinstvenih kombinacija rasporeda, osiguravaju\u0107i optimalnu udobnost i kontrolu za bilo koji \u017eanr igre. Moduli uklju\u010duju standardne postavke joysticka, module dodirne plo\u010dice za pobolj\u0161anu FPS igru i module za borbu sa \u0161est tipki za precizno&#8230;    <\/p>\n<\/div>\n<\/div>\n\n<div class=\"wp-block-columns is-layout-flex wp-container-core-columns-is-layout-28f84493 wp-block-columns-is-layout-flex\">\n<div class=\"wp-block-column is-layout-flow wp-block-column-is-layout-flow\" style=\"flex-basis:33.33%\">\n<figure class=\"wp-block-image size-full\"><a href=\"https:\/\/ayaneo.co\/wp-content\/uploads\/2025\/02\/4-1-1024x1024-1.jpg\"><img fetchpriority=\"high\" decoding=\"async\" width=\"1024\" height=\"1024\" src=\"https:\/\/ayaneo.co\/wp-content\/uploads\/2025\/02\/4-1-1024x1024-1.jpg\" alt=\"OLED zaslon:&#10; OLED zaslon mo&#x17E;e se pohvaliti brzom brzinom osvje&#x17E;avanja od 144 Hz, &#x161;to osigurava iznimno glatko i fluidno kretanje u igrama, smanjuju&#x107;i zamu&#x107;enje. Sa svjetlinom od 800 nita, pru&#x17E;a nevjerojatno &#x17E;ivopisne i jasne vizualne prikaze, &#x10D;ak i u svijetlim okru&#x17E;enjima. Njegova pokrivenost boja od 110% DCI-P3 pru&#x17E;a &#x161;irok spektar bogatih, to&#x10D;nih boja za uistinu impresivno iskustvo. Ovaj vrhunski zaslon idealan je za one koji tra&#x17E;e vrhunsku vizualnu vjernost i responzivnost.   &#10;&#10;LCD zaslon:&#10; LCD zaslon ima glatku brzinu osvje&#x17E;avanja od 120 Hz za izvrsnu fluidnost igranja i smanjeni ghosting. Nudi svjetlinu od 500 nita i 100% sRGB pokrivenost, osiguravaju&#x107;i jasne i to&#x10D;ne slike boja za ve&#x107;inu sadr&#x17E;aja. Klju&#x10D;no je da uklju&#x10D;uje VRR s AMD FreeSync Premiumom, dinami&#x10D;ki sinkroniziraju&#x107;i zaslon s brzinom kadrova. To eliminira trganje i trzanje slike, pru&#x17E;aju&#x107;i dosljedno glatko i zanimljivo iskustvo igranja.   \" class=\"wp-image-37427\" srcset=\"https:\/\/ayaneo.co\/wp-content\/uploads\/2025\/02\/4-1-1024x1024-1.jpg 1024w, https:\/\/ayaneo.co\/wp-content\/uploads\/2025\/02\/4-1-1024x1024-1-300x300.jpg 300w, https:\/\/ayaneo.co\/wp-content\/uploads\/2025\/02\/4-1-1024x1024-1-150x150.jpg 150w, https:\/\/ayaneo.co\/wp-content\/uploads\/2025\/02\/4-1-1024x1024-1-768x768.jpg 768w, https:\/\/ayaneo.co\/wp-content\/uploads\/2025\/02\/4-1-1024x1024-1-65x65.jpg 65w, https:\/\/ayaneo.co\/wp-content\/uploads\/2025\/02\/4-1-1024x1024-1-990x990.jpg 990w, https:\/\/ayaneo.co\/wp-content\/uploads\/2025\/02\/4-1-1024x1024-1-441x441.jpg 441w, https:\/\/ayaneo.co\/wp-content\/uploads\/2025\/02\/4-1-1024x1024-1-100x100.jpg 100w, https:\/\/ayaneo.co\/wp-content\/uploads\/2025\/02\/4-1-1024x1024-1-600x600.jpg 600w\" sizes=\"(max-width: 1024px) 100vw, 1024px\" \/><\/a><\/figure>\n<\/div>\n\n\n\n<div class=\"wp-block-column is-layout-flow wp-block-column-is-layout-flow\" style=\"flex-basis:66.66%\">\n<h2 class=\"wp-block-heading\"><strong>Zapanjuju\u0107i vizualni elementi<\/strong><\/h2>\n\n\n\n<ul class=\"wp-block-list\">\n<li><strong>OLED zaslon<\/strong><br\/><strong><br\/><\/strong>OLED zaslon na AYANEO 3 je 7-in\u010dni zaslon osjetljiv na dodir s rezolucijom od 1080P i omjerom stranica 16:9. Ima prilagodljivu brzinu osvje\u017eavanja, \u0161to korisnicima omogu\u0107uje odabir izme\u0111u 144Hz, 120Hz, 90Hz i 60Hz. Ovaj zaslon nudi maksimalnu globalnu svjetlinu od 800 nita i podr\u017eava HDR true color kvalitetu za realisti\u010dno svjetlo i sjenu. Pokriva 110% DCI-P3 raspona boja i ima 150% sRGB raspona boja, pru\u017eaju\u0107i \u017eivopisne i o\u0161tre slike.   <\/li>\n\n\n\n<li><strong>LCD zaslon<\/strong><br\/><strong><br\/><\/strong>LCD zaslon je tako\u0111er 7-in\u010dni zaslon osjetljiv na dodir s rezolucijom od 1080P i omjerom stranica 16:9. Nudi brzine osvje\u017eavanja od 120Hz i 60Hz. S maksimalnom globalnom svjetlinom od 500 nita, pru\u017ea 100% sRGB pokrivenost. LCD ima brzo vrijeme odziva od 7ms i podr\u017eava VRR (varijabilnu brzinu osvje\u017eavanja) s AMD FreeSync Premium, osiguravaju\u0107i jasno, \u017eivopisno i iskustvo igranja bez trganja slike. Tako\u0111er je izvorni pejza\u017eni zaslon.    <\/li>\n<\/ul>\n\n\n\n<p><br\/>I LCD i OLED zasloni pru\u017eaju impresivno vizualno iskustvo, omogu\u0107uju\u0107i igra\u010dima da u\u017eivaju u zapanjuju\u0107oj grafici s iznimnom jasno\u0107om.<\/p>\n<\/div>\n<\/div>\n\n<h2 class=\"wp-block-heading has-text-align-center\"><strong>Visoka snaga<\/strong><\/h2>\n\n<p class=\"has-text-align-center\">Ispod haube, AYANEO 3 nudi dvije mo\u0107ne procesorske opcije:<\/p>\n\n<div class=\"wp-block-columns is-layout-flex wp-container-core-columns-is-layout-28f84493 wp-block-columns-is-layout-flex\">\n<div class=\"wp-block-column is-layout-flow wp-block-column-is-layout-flow\">\n<figure class=\"wp-block-image size-full\"><a href=\"https:\/\/ayaneo.co\/wp-content\/uploads\/2025\/02\/3-370-1-1024x1024-1.jpg\"><img decoding=\"async\" width=\"1024\" height=\"1024\" src=\"https:\/\/ayaneo.co\/wp-content\/uploads\/2025\/02\/3-370-1-1024x1024-1.jpg\" alt=\"Grafika koja detaljno prikazuje &quot;Mo&#x107;nu jezgru, svestrane mogu&#x107;nosti&quot; ure&#x111;aja pokretanog procesorom &quot;AMD Ryzen AI 9 HX 370&quot;. Slika prikazuje razli&#x10D;ite komponente i specifikacije: &quot;Zen5 Novi Zen 5 CPU&quot;, &quot;12 jezgri 24 niti&quot;, &quot;Maksimalna frekvencija jedne jezgre 5,1 GHz&quot;, &quot;AMD Radeon 890M&quot; (GPU s &quot;RDNA 3.5 16CU 2.9 GHz&quot;) i &quot;AMD XDNA 2 NPU 50TOPS&quot;. Isti&#x10D;e &quot;12 MB L2 + 24 MB L3 brze predmemorije&quot; i napominje da su arhitekture CPU-a, GPU-a i NPU-a nadogra&#x111;ene radi pove&#x107;anih performansi i u&#x10D;inkovitosti, &#x161;to ga &#x10D;ini prikladnim za igranje i AI zadatke. Mali tekst na dnu uspore&#x111;uje ga s prethodnom generacijom AMD AI procesora, spominju&#x107;i pobolj&#x161;anja u ra&#x10D;unalnoj snazi NPU-a, obradi CPU jezgre, energetskoj u&#x10D;inkovitosti NPU-a, brzini odziva AI modela velikih jezika i L3 predmemoriji.   \" class=\"wp-image-37428\" srcset=\"https:\/\/ayaneo.co\/wp-content\/uploads\/2025\/02\/3-370-1-1024x1024-1.jpg 1024w, https:\/\/ayaneo.co\/wp-content\/uploads\/2025\/02\/3-370-1-1024x1024-1-300x300.jpg 300w, https:\/\/ayaneo.co\/wp-content\/uploads\/2025\/02\/3-370-1-1024x1024-1-150x150.jpg 150w, https:\/\/ayaneo.co\/wp-content\/uploads\/2025\/02\/3-370-1-1024x1024-1-768x768.jpg 768w, https:\/\/ayaneo.co\/wp-content\/uploads\/2025\/02\/3-370-1-1024x1024-1-65x65.jpg 65w, https:\/\/ayaneo.co\/wp-content\/uploads\/2025\/02\/3-370-1-1024x1024-1-990x990.jpg 990w, https:\/\/ayaneo.co\/wp-content\/uploads\/2025\/02\/3-370-1-1024x1024-1-441x441.jpg 441w, https:\/\/ayaneo.co\/wp-content\/uploads\/2025\/02\/3-370-1-1024x1024-1-100x100.jpg 100w, https:\/\/ayaneo.co\/wp-content\/uploads\/2025\/02\/3-370-1-1024x1024-1-600x600.jpg 600w\" sizes=\"(max-width: 1024px) 100vw, 1024px\" \/><\/a><\/figure>\n\n\n\n<p><strong>AMD Ryzen\u2122 AI 9 HX 370<\/strong> : Opremljen s 12 jezgri i 24 niti, ovaj procesor pru\u017ea vrhunske performanse za zahtjevne AAA naslove i multitasking.<\/p>\n<\/div>\n\n\n\n<div class=\"wp-block-column is-layout-flow wp-block-column-is-layout-flow\">\n<figure class=\"wp-block-image size-full\"><a href=\"https:\/\/ayaneo.co\/wp-content\/uploads\/2025\/02\/3-8840u-1-1024x1024-1.jpg\"><img decoding=\"async\" width=\"1024\" height=\"1024\" src=\"https:\/\/ayaneo.co\/wp-content\/uploads\/2025\/02\/3-8840u-1-1024x1024-1.jpg\" alt=\"Infografika s tamnom tematikom koja isti&#x10D;e specifikacije procesora &quot;AMD Ryzen&#x2122; 7 8840U&quot;. Gornji dio prikazuje detalje o CPU-u, GPU-u i NPU-u: &quot;Zen4 CPU&quot;, &quot;4nm&quot; proces, &quot;maksimalna frekvencija od 5,1 GHz&quot;, &quot;AMD Radeon&#x2122; 780M&quot; grafika s &quot;RDNA 3 12CU 2,7 GHz&quot; i &quot;AMD Ryzen&#x2122; AI NPU 16TOPS&quot;. Sredi&#x161;nji blok prikazuje &#x10D;ip &quot;AMD Ryzen&#x2122; 7 8840U&quot;, uz napomenu &quot;38TOPS ukupne performanse&quot;. Donji dio detaljno prikazuje memoriju i pohranu: &quot;LPDDR5X 7500MT\/s memorija&quot; (dostupno do 64 GB za zahtjevne zadatke) i &quot;M.2 2280 PCIe 4.0 SSD&quot; (ultrabrzi, mainstream i pro&#x161;irivi).    \" class=\"wp-image-37429\" srcset=\"https:\/\/ayaneo.co\/wp-content\/uploads\/2025\/02\/3-8840u-1-1024x1024-1.jpg 1024w, https:\/\/ayaneo.co\/wp-content\/uploads\/2025\/02\/3-8840u-1-1024x1024-1-300x300.jpg 300w, https:\/\/ayaneo.co\/wp-content\/uploads\/2025\/02\/3-8840u-1-1024x1024-1-150x150.jpg 150w, https:\/\/ayaneo.co\/wp-content\/uploads\/2025\/02\/3-8840u-1-1024x1024-1-768x768.jpg 768w, https:\/\/ayaneo.co\/wp-content\/uploads\/2025\/02\/3-8840u-1-1024x1024-1-65x65.jpg 65w, https:\/\/ayaneo.co\/wp-content\/uploads\/2025\/02\/3-8840u-1-1024x1024-1-990x990.jpg 990w, https:\/\/ayaneo.co\/wp-content\/uploads\/2025\/02\/3-8840u-1-1024x1024-1-441x441.jpg 441w, https:\/\/ayaneo.co\/wp-content\/uploads\/2025\/02\/3-8840u-1-1024x1024-1-100x100.jpg 100w, https:\/\/ayaneo.co\/wp-content\/uploads\/2025\/02\/3-8840u-1-1024x1024-1-600x600.jpg 600w\" sizes=\"(max-width: 1024px) 100vw, 1024px\" \/><\/a><\/figure>\n\n\n\n<p><strong>AMD Ryzen\u2122 7 8840U<\/strong> : Uravnote\u017een procesor koji nudi pouzdane performanse i za zahtjevne i za le\u017eerne igra\u0107e sesije.<\/p>\n<\/div>\n<\/div>\n\n<p>Uparen s do 64 GB LPDDR5X RAM-a i do 4 TB PCIe 4.0 SSD memorije, AYANEO 3 osigurava brzo vrijeme u\u010ditavanja i dovoljno prostora za va\u0161u gaming biblioteku.<\/p>\n\n<h3 class=\"wp-block-heading\"><strong>Pobolj\u0161ane kontrole<\/strong><\/h3>\n\n<p>Iskusite vrhunsku kontrolu s naprednim zna\u010dajkama AYANEO 3:<\/p>\n\n<div class=\"wp-block-columns is-layout-flex wp-container-core-columns-is-layout-28f84493 wp-block-columns-is-layout-flex\">\n<div class=\"wp-block-column is-layout-flow wp-block-column-is-layout-flow\">\n<figure class=\"wp-block-image size-full\"><a href=\"https:\/\/ayaneo.co\/wp-content\/uploads\/2025\/02\/Dual-Stage-Hall-Effect-Triggers-1024x1024-1.jpg\"><img loading=\"lazy\" decoding=\"async\" width=\"1024\" height=\"1024\" src=\"https:\/\/ayaneo.co\/wp-content\/uploads\/2025\/02\/Dual-Stage-Hall-Effect-Triggers-1024x1024-1.jpg\" alt=\"Krupni plan ruke koja dr&#x17E;i tamni igra&#x107;i kontroler ili ru&#x10D;ni ure&#x111;aj, s posebnim naglaskom na gumb za okidanje na ramenu. Slika je obasjana plavim svjetlom, a bijeli tekst na vrhu glasi &quot;Agile Hall Triggers&quot;. \" class=\"wp-image-37430\" srcset=\"https:\/\/ayaneo.co\/wp-content\/uploads\/2025\/02\/Dual-Stage-Hall-Effect-Triggers-1024x1024-1.jpg 1024w, https:\/\/ayaneo.co\/wp-content\/uploads\/2025\/02\/Dual-Stage-Hall-Effect-Triggers-1024x1024-1-300x300.jpg 300w, https:\/\/ayaneo.co\/wp-content\/uploads\/2025\/02\/Dual-Stage-Hall-Effect-Triggers-1024x1024-1-150x150.jpg 150w, https:\/\/ayaneo.co\/wp-content\/uploads\/2025\/02\/Dual-Stage-Hall-Effect-Triggers-1024x1024-1-768x768.jpg 768w, https:\/\/ayaneo.co\/wp-content\/uploads\/2025\/02\/Dual-Stage-Hall-Effect-Triggers-1024x1024-1-65x65.jpg 65w, https:\/\/ayaneo.co\/wp-content\/uploads\/2025\/02\/Dual-Stage-Hall-Effect-Triggers-1024x1024-1-990x990.jpg 990w, https:\/\/ayaneo.co\/wp-content\/uploads\/2025\/02\/Dual-Stage-Hall-Effect-Triggers-1024x1024-1-441x441.jpg 441w, https:\/\/ayaneo.co\/wp-content\/uploads\/2025\/02\/Dual-Stage-Hall-Effect-Triggers-1024x1024-1-100x100.jpg 100w, https:\/\/ayaneo.co\/wp-content\/uploads\/2025\/02\/Dual-Stage-Hall-Effect-Triggers-1024x1024-1-600x600.jpg 600w\" sizes=\"(max-width: 1024px) 100vw, 1024px\" \/><\/a><\/figure>\n\n\n\n<h3 class=\"wp-block-heading\"><strong>Dvostepeni okida\u010di s Hall efektom<\/strong> <\/h3>\n\n\n\n<p>Prebacujte se izme\u0111u hoda od 7,5 mm za preciznu kontrolu i kratkog hoda od 3 mm za brze unose, prilago\u0111avaju\u0107i se razli\u010ditim scenarijima igranja.<\/p>\n<\/div>\n\n\n\n<div class=\"wp-block-column is-layout-flow wp-block-column-is-layout-flow\">\n<figure class=\"wp-block-image size-full\"><a href=\"https:\/\/ayaneo.co\/wp-content\/uploads\/2025\/02\/Magnetic-Suspension-Motor.jpg\"><img loading=\"lazy\" decoding=\"async\" width=\"1500\" height=\"1500\" src=\"https:\/\/ayaneo.co\/wp-content\/uploads\/2025\/02\/Magnetic-Suspension-Motor.jpg\" alt=\"Unutarnji pogled na ure&#x111;aj, koji prikazuje &quot;motor s magnetskim ovjesom&quot;. Motor je cilindri&#x10D;na komponenta sa jarko plavim sjajem u sredi&#x161;tu, smje&#x161;tena unutar slo&#x17E;ene tiskane plo&#x10D;e ili unutarnje strukture prikazane u tamnim tonovima. \" class=\"wp-image-37431\" srcset=\"https:\/\/ayaneo.co\/wp-content\/uploads\/2025\/02\/Magnetic-Suspension-Motor.jpg 1500w, https:\/\/ayaneo.co\/wp-content\/uploads\/2025\/02\/Magnetic-Suspension-Motor-300x300.jpg 300w, https:\/\/ayaneo.co\/wp-content\/uploads\/2025\/02\/Magnetic-Suspension-Motor-1024x1024.jpg 1024w, https:\/\/ayaneo.co\/wp-content\/uploads\/2025\/02\/Magnetic-Suspension-Motor-150x150.jpg 150w, https:\/\/ayaneo.co\/wp-content\/uploads\/2025\/02\/Magnetic-Suspension-Motor-768x768.jpg 768w, https:\/\/ayaneo.co\/wp-content\/uploads\/2025\/02\/Magnetic-Suspension-Motor-65x65.jpg 65w, https:\/\/ayaneo.co\/wp-content\/uploads\/2025\/02\/Magnetic-Suspension-Motor-990x990.jpg 990w, https:\/\/ayaneo.co\/wp-content\/uploads\/2025\/02\/Magnetic-Suspension-Motor-441x441.jpg 441w, https:\/\/ayaneo.co\/wp-content\/uploads\/2025\/02\/Magnetic-Suspension-Motor-100x100.jpg 100w, https:\/\/ayaneo.co\/wp-content\/uploads\/2025\/02\/Magnetic-Suspension-Motor-600x600.jpg 600w\" sizes=\"(max-width: 1500px) 100vw, 1500px\" \/><\/a><\/figure>\n\n\n\n<h3 class=\"wp-block-heading\"><strong>Motor s magnetskim ovjesom<\/strong> <\/h3>\n\n\n\n<p>Razvijena u suradnji s GuliKit Technology, ova zna\u010dajka podr\u017eava i linearne i rotorske vibracije motora, pru\u017eaju\u0107i realisti\u010dne i impresivne hapti\u010dke povratne informacije.<\/p>\n<\/div>\n\n\n\n<div class=\"wp-block-column is-layout-flow wp-block-column-is-layout-flow\">\n<figure class=\"wp-block-image size-full\"><a href=\"https:\/\/ayaneo.co\/wp-content\/uploads\/2025\/02\/Keyboard-and-Mouse-Mode-1024x1024-1.jpg\"><img loading=\"lazy\" decoding=\"async\" width=\"1024\" height=\"1024\" src=\"https:\/\/ayaneo.co\/wp-content\/uploads\/2025\/02\/Keyboard-and-Mouse-Mode-1024x1024-1.jpg\" alt=\"Ruke dr&#x17E;e crni ru&#x10D;ni igra&#x107;i ure&#x111;aj sa zaslonom koji prikazuje korisni&#x10D;ko su&#x10D;elje za postavke ili konfiguraciju. Bijeli tekst na vrhu slike glasi &quot;Na&#x10D;in rada tipkovnice i mi&#x161;a na razini hardvera&quot;, &#x161;to ukazuje na zna&#x10D;ajku ure&#x111;aja. \" class=\"wp-image-37432\" srcset=\"https:\/\/ayaneo.co\/wp-content\/uploads\/2025\/02\/Keyboard-and-Mouse-Mode-1024x1024-1.jpg 1024w, https:\/\/ayaneo.co\/wp-content\/uploads\/2025\/02\/Keyboard-and-Mouse-Mode-1024x1024-1-300x300.jpg 300w, https:\/\/ayaneo.co\/wp-content\/uploads\/2025\/02\/Keyboard-and-Mouse-Mode-1024x1024-1-150x150.jpg 150w, https:\/\/ayaneo.co\/wp-content\/uploads\/2025\/02\/Keyboard-and-Mouse-Mode-1024x1024-1-768x768.jpg 768w, https:\/\/ayaneo.co\/wp-content\/uploads\/2025\/02\/Keyboard-and-Mouse-Mode-1024x1024-1-65x65.jpg 65w, https:\/\/ayaneo.co\/wp-content\/uploads\/2025\/02\/Keyboard-and-Mouse-Mode-1024x1024-1-990x990.jpg 990w, https:\/\/ayaneo.co\/wp-content\/uploads\/2025\/02\/Keyboard-and-Mouse-Mode-1024x1024-1-441x441.jpg 441w, https:\/\/ayaneo.co\/wp-content\/uploads\/2025\/02\/Keyboard-and-Mouse-Mode-1024x1024-1-100x100.jpg 100w, https:\/\/ayaneo.co\/wp-content\/uploads\/2025\/02\/Keyboard-and-Mouse-Mode-1024x1024-1-600x600.jpg 600w\" sizes=\"(max-width: 1024px) 100vw, 1024px\" \/><\/a><\/figure>\n\n\n\n<h3 class=\"wp-block-heading\"><strong>Na\u010din rada tipkovnice i mi\u0161a<\/strong><\/h3>\n\n\n\n<p>Besprijekorno prebacivanje izme\u0111u ulaza s kontrolera i tipkovnice\/mi\u0161a, pove\u0107avaju\u0107i svestranost u raznim igrama i aplikacijama za produktivnost.<\/p>\n<\/div>\n<\/div>\n\n<h3 class=\"wp-block-heading\"><strong>Imerzivni zvuk<\/strong><\/h3>\n\n<p>AYANEO 3 pru\u017ea uzbudljivo audio iskustvo sa svojim simetri\u010dnim dvostrukim zvu\u010dnicima HyperSound 2.0, pru\u017eaju\u0107i jasan i sna\u017ean zvuk koji pobolj\u0161ava uranjanje u igru.<\/p>\n\n<h3 class=\"wp-block-heading\"><strong>Korisni\u010dko iskustvo<\/strong><\/h3>\n\n<p>S operativnim sustavom Windows 11 , AYANEO 3 podr\u017eava razne aplikacije, od zahtjevnih AAA naslova do osnovnih alata za produktivnost, \u0161to ga \u010dini svestranim suputnikom za posao i igru. Ure\u0111aj ima ergonomski dizajn s prilagodljivim kontrolama, \u0161to osigurava udobnost tijekom duljih igra\u0107ih sesija. Robusne mogu\u0107nosti povezivanja, uklju\u010duju\u0107i dvostruke USB4 priklju\u010dke i OCuLink su\u010delje za brze veze, olak\u0161avaju besprijekornu integraciju u bilo koje okru\u017eenje.  <\/p>\n\n<h3 class=\"wp-block-heading\"><strong>Zaklju\u010dak<\/strong><\/h3>\n\n<p>AYANEO 3 postavlja novi standard u ru\u010dnim igrama kombiniraju\u0107i inovativni modularni dizajn s visokou\u010dinkovitim hardverom. Njegove prilagodljive kontrole, zapanjuju\u0107i vizualni elementi i sna\u017ene mogu\u0107nosti obrade \u010dine ga ultimativnim izborom za igra\u010de koji tra\u017ee personalizirano i impresivno iskustvo igranja. Prigrlite budu\u0107nost ru\u010dnih igara s AYANEO 3.  <\/p>\n","protected":false},"excerpt":{"rendered":"<ul>\n<li>AMD <strong>Ryzen\u2122 AI 9 HX 370<\/strong> \/ <strong>Ryzen\u2122 7 8840U<\/strong><\/li>\n<li>AMD Radeon <strong>890M<\/strong> \/ <strong>780M<\/strong> \/ 2900 \/ 2700 MHz<\/li>\n<li>do <strong>64 GB LPDDR5X pri 7500 MT\/s<\/strong><\/li>\n<li>do <strong>4TB<\/strong> PCI-E 4.0 NVMe SSD <strong>velike brzine<\/strong><\/li>\n<li>Podr\u0161ka za WiFi <strong>6E<\/strong> i Bluetooth <strong>5.3<\/strong><\/li>\n<\/ul>\n<p><img loading=\"lazy\" decoding=\"async\" class=\"alignnone size-full wp-image-12494\" src=\"https:\/\/ayaneo.co\/wp-content\/uploads\/2025\/02\/AYANEO-3-FREE-GIFTS.jpg\" alt=\"Promotivni banner za AYANEO 3 besplatna poklona, \u200b\u200bsa slikama crne i be\u017e za\u0161titne futrole, za\u0161titne folije za ekran i poklopaca za palice za palac. Tekst isti\u010de \u201eBesplatni pokloni\u201d, uklju\u010duju\u0107i za\u0161titnu futrolu, za\u0161titnu foliju za ekran i palice za palac, koji se automatski dodaju u ko\u0161aricu. Boja futrole ovisi o odabranom ure\u0111aju.\" width=\"550\" height=\"140\" srcset=\"https:\/\/ayaneo.co\/wp-content\/uploads\/2025\/02\/AYANEO-3-FREE-GIFTS.jpg 550w, https:\/\/ayaneo.co\/wp-content\/uploads\/2025\/02\/AYANEO-3-FREE-GIFTS-300x76.jpg 300w, https:\/\/ayaneo.co\/wp-content\/uploads\/2025\/02\/AYANEO-3-FREE-GIFTS-441x112.jpg 441w, https:\/\/ayaneo.co\/wp-content\/uploads\/2025\/02\/AYANEO-3-FREE-GIFTS-150x38.jpg 150w\" sizes=\"(max-width: 550px) 100vw, 550px\" \/>  [cg_accordion title=\"INFORMACIJE O PLA\u0106ANJU\"]Koristimo najnoviju tehnologiju u obradi pla\u0107anja koja vam omogu\u0107uje pla\u0107anje putem Apple Paya, Google Paya, va\u0161e debitne\/kreditne kartice, PayPala ili BNPL metoda kao \u0161to su Klarna, Affirm ili AfterPay za brzo i sigurno iskustvo.[\/cg_accordion] [cg_accordion title=\"JAMSTVO\"]1 godina jamstva od <a href=\"https:\/\/droix.net\/\" target=\"_blank\" rel=\"nofollow noopener\">DROIX Globala<\/a> za va\u0161 mir.[\/cg_accordion] [cg_accordion title=\"OSIGURANJE KVALITETE I ISPITIVANJE PRIJE OTPREME\"]  Osiguravanje zadovoljstva kupaca na najvi\u0161oj razini: Svaki ure\u0111aj prolazi rigorozno testiranje i vi\u0161estruku provjeru kvalitete prije slanja. Na\u0161 predani tim provjerava performanse, funkcionalnost i integritet komponenti kako bi jam\u010dio da je va\u0161 AYANEO ure\u0111aj u savr\u0161enom radnom stanju po dolasku, pru\u017eaju\u0107i vam povjerenje i mir. [\/cg_accordion] [cg_accordion title=\"PRICING, TAXES AND SHIPPING\"] <strong><u>Bilje\u0161ka:<\/u><\/strong><\/p>\n<ul>\n<li>Kupci iz Sjedinjenih Ameri\u010dkih Dr\u017eava: Prikazana cijena NE uklju\u010duje POREZ ni carine. Odgovornost za carinjenje i pla\u0107anje svih povezanih poreza\/carina je na kupcu. <\/li>\n<li>Kupci iz EU: Prikazana cijena uklju\u010duje primjenjivi POREZ, koji mo\u017ee iznositi do 25%, ovisno o va\u0161oj zemlji.<\/li>\n<li>Kupci u Kanadi: Prikazana cijena uklju\u010duje primjenjive poreze, koji mogu uklju\u010divati \u200b\u200b5% GST-a i dodatne pokrajinske poreze na promet (PST), harmonizirani porez na promet (HST) ili porez na promet u Quebecu (QST), ovisno o va\u0161oj pokrajini.<\/li>\n<\/ul>\n<p><strong>SAMO za kupce iz EU:<\/strong> Ekspresna dostava s pla\u0107enim carinjenjem (DDP). To zna\u010di: <\/p>\n<ul>\n<li style=\"list-style-type: none;\">\n<ul>\n<li>Sve carine i porezi uklju\u010deni su u cijenu prikazanu na stranici proizvoda.<\/li>\n<li>Prilikom dostave ne\u0107ete morati platiti nikakve dodatne tro\u0161kove.<\/li>\n<li>U rijetkim slu\u010dajevima problema povezanih s carinom, na\u0161 tim \u0107e u va\u0161e ime obaviti carinjenje kako bi se osigurala nesmetana dostava.<\/li>\n<p>Va\u017ene informacije o povratu robe:<\/p>\n<li>Ako odlu\u010dite vratiti narud\u017ebu ili zatra\u017eiti povrat novca, imajte na umu da porezi i carine pla\u0107eni u va\u0161e ime prema DDP uvjetima ne mogu biti vra\u0107eni.<\/li>\n<p>Molimo pogledajte na\u0161e<\/ul>\n<\/li>\n<\/ul>\n<p><a href=\"https:\/\/ayaneo.co\/hr\/uvjeti-pruzanja-usluge\/\" target=\"_blank\" rel=\"nofollow noopener\">Uvjeti i odredbe<\/a><\/p>\n<ul>za detaljne informacije.<\/ul>\n<p>[\/cg_accordion] [cg_accordion title=\"PODR\u0160KA KORISNICIMA\"]  Imate pitanje? Samo nas trebate poslati poruku i rije\u0161it \u0107emo va\u0161 problem! [\/cg_accordion] [cg_accordion title=\"PACKAGE INCLUDES\"]<\/p>\n<ul>\n<li>1x AYANEO 3<\/li>\n<li>1x Utika\u010d za napajanje (EU\/SAD)<\/li>\n<li>1x USB Type-C kabel<\/li>\n<li>1x Korisni\u010dki priru\u010dnik<\/li>\n<\/ul>\n<p>[\/cg_accordion]<\/p>\n","protected":false},"featured_media":37573,"template":"","meta":{"_acf_changed":false},"product_brand":[],"product_cat":[1166],"product_tag":[1168],"class_list":{"0":"post-15853","1":"product","2":"type-product","3":"status-publish","4":"has-post-thumbnail","6":"product_cat-rucna-igraca-racunala","7":"product_tag-rucni-uredaj-za-pc-igre","8":"pa_brand-ayaneo","9":"pa_graphics-gpu-model-ryzen-7-8840u-radeon-780m","10":"pa_graphics-gpu-model-ryzen-ai-9-hx-370-radeon-890m","11":"pa_operating-system-windows-11","12":"pa_processor-cpu-brand-amd","14":"first","15":"instock","16":"taxable","17":"shipping-taxable","18":"purchasable","19":"product-type-variable","20":"has-default-attributes"},"acf":[],"_links":{"self":[{"href":"https:\/\/ayaneo.co\/hr\/wp-json\/wp\/v2\/product\/15853","targetHints":{"allow":["GET"]}}],"collection":[{"href":"https:\/\/ayaneo.co\/hr\/wp-json\/wp\/v2\/product"}],"about":[{"href":"https:\/\/ayaneo.co\/hr\/wp-json\/wp\/v2\/types\/product"}],"wp:featuredmedia":[{"embeddable":true,"href":"https:\/\/ayaneo.co\/hr\/wp-json\/wp\/v2\/media\/37573"}],"wp:attachment":[{"href":"https:\/\/ayaneo.co\/hr\/wp-json\/wp\/v2\/media?parent=15853"}],"wp:term":[{"taxonomy":"product_brand","embeddable":true,"href":"https:\/\/ayaneo.co\/hr\/wp-json\/wp\/v2\/product_brand?post=15853"},{"taxonomy":"product_cat","embeddable":true,"href":"https:\/\/ayaneo.co\/hr\/wp-json\/wp\/v2\/product_cat?post=15853"},{"taxonomy":"product_tag","embeddable":true,"href":"https:\/\/ayaneo.co\/hr\/wp-json\/wp\/v2\/product_tag?post=15853"}],"curies":[{"name":"wp","href":"https:\/\/api.w.org\/{rel}","templated":true}]}}