{"id":16021,"date":"2025-02-27T10:35:12","date_gmt":"2025-02-27T10:35:12","guid":{"rendered":"https:\/\/ayaneo.co\/product\/ayaneo-magicni-moduli\/"},"modified":"2025-12-11T00:10:41","modified_gmt":"2025-12-11T00:10:41","slug":"ayaneo-magicni-moduli","status":"publish","type":"product","link":"https:\/\/ayaneo.co\/hr\/product\/ayaneo-magicni-moduli\/","title":{"rendered":"AYANEO Magi\u010dni moduli"},"content":{"rendered":"\n<h2 class=\"wp-block-heading\">AYANEO Magi\u010dni moduli \u2013 Budu\u0107nost modularnih ru\u010dnih ra\u010dunala<\/h2>\n\n<p><strong>AYANEO Magic Modules<\/strong> redefiniraju igranje u ruci uvo\u0111enjem <strong>uistinu modularnog ekosustava<\/strong> , omogu\u0107uju\u0107i korisnicima da <strong>pobolj\u0161aju i prilagode svoje AYANEO 3 iskustvo<\/strong> s izmjenjivim, magnetski pri\u010dvr\u0161\u0107enim dodacima. Dizajnirani za fleksibilnost, ovi moduli <strong>pro\u0161iruju funkcionalnost bez ugro\u017eavanja prenosivosti<\/strong> , \u0161to ih \u010dini revolucionarnim za tehnolo\u0161ke entuzijaste i igra\u010de. <\/p>\n\n<h2 class=\"wp-block-heading\"><strong>Be\u0161avna magnetska modularnost<\/strong><\/h2>\n\n<p>Zahvaljuju\u0107i <strong>inovativnom magnetskom su\u010delju AYANEO -a<\/strong> , zamjena modula je jednostavna, pru\u017eaju\u0107i <strong>iskustvo \u201eplug-and-play\u201d<\/strong> prilago\u0111eno va\u0161im potrebama. Magic moduli prve generacije nude niz funkcionalnosti, od <strong>pobolj\u0161anih opcija unosa<\/strong> do <strong>pro\u0161irene povezivosti<\/strong> . <\/p>\n\n<h2 class=\"wp-block-heading\"><strong>Izgra\u0111eno za budu\u0107nost<\/strong><\/h2>\n\n<p>AYANEO je pionir <strong>prvog istinski modularnog ru\u010dnog igra\u0107eg ure\u0111aja<\/strong> , osiguravaju\u0107i <strong>dugoro\u010dnu svestranost<\/strong> s promjenjivim ekosustavom Magic Modules. Bez obzira jeste li <strong>strastveni igra\u010d<\/strong> , <strong>kreativni profesionalac<\/strong> ili <strong>tehnolo\u0161ki entuzijast<\/strong> , ovi dodaci omogu\u0107uju vam <strong>prilagodbu ure\u0111aja razli\u010ditim scenarijima bez ugro\u017eavanja performansi<\/strong> . <\/p>\n\n<h3 class=\"wp-block-heading\"><strong>Preuzmite kontrolu nad svojim ru\u010dnim igra\u0107im iskustvom uz AYANEO Magic Modules!<\/strong><\/h3>\n\n<p><\/p>\n","protected":false},"excerpt":{"rendered":"<ul>\n<li><strong>Modularni dizajn<\/strong> \u2013 Zamjena dodatne opreme bez napora.<\/li>\n<li><strong>Magnetsko pri\u010dvr\u0161\u0107ivanje<\/strong> \u2013 Jednostavna zamjena \u201eplug-and-play\u201d.<\/li>\n<li><strong>Pobolj\u0161ane zna\u010dajke<\/strong> \u2013 Nadogradite ulaze i povezivost.<\/li>\n<li><strong>Osigurati budu\u0107nost<\/strong> \u2013 Pro\u0161irivo s novim modulima.<\/li>\n<li><strong>Prijenosno i svestrano<\/strong> \u2013 Prilago\u0111avanje bez prevelikog optere\u0107enja.<\/li>\n<\/ul>\n[cg_accordion title=\"INFORMACIJE O PLA\u0106ANJU\"]<\/p>\n<p>Koristimo najnoviju tehnologiju u obradi pla\u0107anja koja vam omogu\u0107uje pla\u0107anje putem Apple Paya, Google Paya, va\u0161e debitne\/kreditne kartice, PayPala ili BNPL metoda kao \u0161to su Klarna, Affirm ili AfterPay za brzo i sigurno iskustvo.[\/cg_accordion]\n[cg_accordion title=\"JAMSTVO\"]<\/p>\n<p>1 godina jamstva od <a href=\"https:\/\/droix.net\/\" target=\"_blank\" rel=\"nofollow noopener\">DROIX Globala<\/a> za va\u0161 mir[\/cg_accordion]\n[cg_accordion title=\"OSIGURANJE KVALITETE I ISPITIVANJE PRIJE OTPREME\"]<\/p>\n<p>Osiguravanje zadovoljstva kupaca na najvi\u0161oj razini: Svaki ure\u0111aj prolazi rigorozno testiranje i vi\u0161estruku provjeru kvalitete prije slanja. Na\u0161 predani tim provjerava performanse, funkcionalnost i integritet komponenti kako bi jam\u010dio da je va\u0161 AYANEO ure\u0111aj u savr\u0161enom radnom stanju po dolasku, pru\u017eaju\u0107i vam povjerenje i mir. [\/cg_accordion]\n[cg_accordion title=\"CIJENE, POREZI I DOSTAVA\"]<\/p>\n<p><strong><u>Bilje\u0161ka:<\/u><\/strong><\/p>\n<ul>\n<li>Kupci iz Sjedinjenih Ameri\u010dkih Dr\u017eava: Prikazana cijena NE uklju\u010duje POREZ ni carine. Odgovornost za carinjenje i pla\u0107anje svih povezanih poreza\/carina je na kupcu. <\/li>\n<li>Kupci iz EU: Prikazana cijena uklju\u010duje primjenjivi POREZ, koji mo\u017ee iznositi do 25%, ovisno o va\u0161oj zemlji.<\/li>\n<li>Kupci u Kanadi: Prikazana cijena uklju\u010duje primjenjive poreze, koji mogu uklju\u010divati \u200b\u200b5% GST-a i dodatne pokrajinske poreze na promet (PST), harmonizirani porez na promet (HST) ili porez na promet u Quebecu (QST), ovisno o va\u0161oj pokrajini.<\/li>\n<\/ul>\n<p><strong>SAMO za kupce iz EU:<\/strong> Ekspresna dostava s pla\u0107enim carinjenjem (DDP). To zna\u010di: <\/p>\n<ul>\n<li>Sve carine i porezi uklju\u010deni su u cijenu prikazanu na stranici proizvoda.<\/li>\n<li>Prilikom dostave ne\u0107ete morati platiti nikakve dodatne tro\u0161kove.<\/li>\n<li>U rijetkim slu\u010dajevima problema povezanih s carinom, na\u0161 tim \u0107e u va\u0161e ime obaviti carinjenje kako bi se osigurala nesmetana dostava.<\/li>\n<p>Va\u017ene informacije o povratu robe:<\/p>\n<li>Ako odlu\u010dite vratiti narud\u017ebu ili zatra\u017eiti povrat novca, imajte na umu da porezi i carine pla\u0107eni u va\u0161e ime prema DDP uvjetima ne mogu biti vra\u0107eni.<\/li>\n<p>Za detaljnije informacije pogledajte na\u0161e <a href=\"https:\/\/ayaneo.co\/hr\/uvjeti-pruzanja-usluge\/\" target=\"_blank\" rel=\"nofollow noopener\">Uvjete i odredbe<\/a> .\n<\/ul>\n<p>[\/cg_accordion]\n[cg_accordion title=\"PODR\u0160KA KORISNICIMA\"]<\/p>\n<p>Imate pitanje? Samo nas trebate poslati poruku i rije\u0161it \u0107emo va\u0161 problem! [\/cg_accordion]\n[cg_accordion title=\"PAKET UKLJU\u010cUJE\"]\n","protected":false},"featured_media":16044,"template":"","meta":{"_acf_changed":false},"product_brand":[],"product_cat":[1141],"product_tag":[],"class_list":{"0":"post-16021","1":"product","2":"type-product","3":"status-publish","4":"has-post-thumbnail","6":"product_cat-pribor","7":"product_shipping_class-low-end","8":"pa_brand-ayaneo","9":"pa_compatible-with-ayaneo-3-hr","11":"first","12":"instock","13":"sale","14":"taxable","15":"shipping-taxable","16":"purchasable","17":"product-type-variable","18":"has-default-attributes"},"acf":[],"_links":{"self":[{"href":"https:\/\/ayaneo.co\/hr\/wp-json\/wp\/v2\/product\/16021","targetHints":{"allow":["GET"]}}],"collection":[{"href":"https:\/\/ayaneo.co\/hr\/wp-json\/wp\/v2\/product"}],"about":[{"href":"https:\/\/ayaneo.co\/hr\/wp-json\/wp\/v2\/types\/product"}],"wp:featuredmedia":[{"embeddable":true,"href":"https:\/\/ayaneo.co\/hr\/wp-json\/wp\/v2\/media\/16044"}],"wp:attachment":[{"href":"https:\/\/ayaneo.co\/hr\/wp-json\/wp\/v2\/media?parent=16021"}],"wp:term":[{"taxonomy":"product_brand","embeddable":true,"href":"https:\/\/ayaneo.co\/hr\/wp-json\/wp\/v2\/product_brand?post=16021"},{"taxonomy":"product_cat","embeddable":true,"href":"https:\/\/ayaneo.co\/hr\/wp-json\/wp\/v2\/product_cat?post=16021"},{"taxonomy":"product_tag","embeddable":true,"href":"https:\/\/ayaneo.co\/hr\/wp-json\/wp\/v2\/product_tag?post=16021"}],"curies":[{"name":"wp","href":"https:\/\/api.w.org\/{rel}","templated":true}]}}