{"id":16078,"date":"2025-03-17T09:44:54","date_gmt":"2025-03-17T09:44:54","guid":{"rendered":"https:\/\/ayaneo.co\/product\/ayaneo-visestanska-stanica-grafitno-crna\/"},"modified":"2026-01-06T00:28:25","modified_gmt":"2026-01-06T00:28:25","slug":"ayaneo-visestanska-stanica-grafitno-crna","status":"publish","type":"product","link":"https:\/\/ayaneo.co\/hr\/product\/ayaneo-visestanska-stanica-grafitno-crna\/","title":{"rendered":"AYANEO VI\u0160ESTANSKA STANICA \u2013 Grafitno crna"},"content":{"rendered":"\n<p><span data-contrast=\"none\"><strong>AYANEO vi\u0161enamjenska priklju\u010dna stanica<\/strong> otklju\u010dava puni potencijal va\u0161eg AYA NEO ure\u0111aja pomo\u0107u jednostavnog sustava priklju\u010dne stanice s vi\u0161e priklju\u010daka za pro\u0161irenje.  <\/span><\/p>\n\n<p><span data-contrast=\"none\">AYANEO vi\u0161enamjenska <strong>priklju\u010dna stanica dostupna je u<\/strong> grafitno crnoj boji. <strong>Podr\u017eava sve AYANEO modele<\/strong> s patentiranim baznim utika\u010dem koji se mo\u017ee pomicati kako bi se prilagodio malo druga\u010dijim lokacijama USB Type-C priklju\u010dka na svakom modelu.   <\/span><\/p>\n\n<p><span data-contrast=\"none\">S dimenzijama od oko <strong>5,9 x 2,7 x 1,45 in\u010da (15,1 x 7,0 x 3,7 cm) i te\u017einom od oko 200 g,<\/strong> AYANEO vi\u0161enamjenska priklju\u010dna stanica zauzima minimalno prostora na radnoj povr\u0161ini, a pritom ostaje sigurna na njoj i podr\u017eava osam priklju\u010daka za pro\u0161irenje.<\/span><span data-ccp-props=\"{\"> <\/span><\/p>\n\n<p><span data-contrast=\"none\">Na stra\u017enjoj strani AYANEO Multi Docking Station, s lijeva na desno, nalazi se<\/span> <a href=\"https:\/\/en.wikipedia.org\/wiki\/USB-C\" target=\"_blank\" rel=\"noopener\"><span data-contrast=\"none\">USB Type-C<\/span><\/a> priklju\u010dak.<span data-contrast=\"none\">  priklju\u010dak koji se mo\u017ee koristiti za periferne ure\u0111aje poput vanjskog tvrdog diska. Postoje dva   <\/span><a href=\"https:\/\/www.viewsonic.com\/library\/tech\/usb-c-usb-b-and-usb-a-whats-the-difference\/\" target=\"_blank\" rel=\"noopener\"><span data-contrast=\"none\">USB-A<\/span><\/a><span data-contrast=\"none\">  priklju\u010dci koji se mogu koristiti za mi\u0161 i tipkovnicu na primjer. Drugi USB Type-C priklju\u010dak koristi se za napajanje priklju\u010dne stanice i mo\u017ee puniti i povezane AYANEO modele. <\/span><span data-ccp-props=\"{\"> <\/span><\/p>\n\n<p><span data-contrast=\"none\">HDMI<\/span><a href=\"https:\/\/en.wikipedia.org\/wiki\/HDMI\" target=\"_blank\" rel=\"noopener\"><span data-contrast=\"none\">\u200b<\/span><\/a><span data-contrast=\"none\">  2.0b priklju\u010dak mo\u017ee se koristiti za video izlaz s va\u0161eg AYANEO ure\u0111aja na TV ili monitor. <strong>Podr\u017eava do 4K pri 60Hz<\/strong> . Gigabitni&#8230;   <\/span><a href=\"https:\/\/en.wikipedia.org\/wiki\/Ethernet\" target=\"_blank\" rel=\"noopener\"><span data-contrast=\"none\">Ethernet<\/span><\/a> <span data-contrast=\"none\">priklju\u010dak osigurava siguran i brz prijenos podataka do i od AYANEO vi\u0161enamjenske priklju\u010dne stanice.<\/span><span data-ccp-props=\"{\"> <\/span><\/p>\n\n<p><span data-contrast=\"none\">Na desnoj strani AYANEO multi priklju\u010dne stanice nalaze se utori za Micro SD karticu i SD karticu.<\/span><span data-ccp-props=\"{\"> <\/span><\/p>\n\n<p><span data-contrast=\"none\">AYANEO vi\u0161enamjenska priklju\u010dna stanica kompatibilna je sa <strong>svim AYANEO modelima, uklju\u010duju\u0107i<\/strong><\/span> <strong><a href=\"https:\/\/droix.co.uk\/product\/ayaneo-2\/\" target=\"_blank\" rel=\"noopener\">AYANEO 2<\/a> , AYANEO Geek, <a href=\"https:\/\/droix.co.uk\/product\/ayaneo-air\/\" target=\"_blank\" rel=\"noopener\">AYANEO Air PRO<\/a> , <a href=\"https:\/\/droix.co.uk\/product\/ayaneo-next\/\" target=\"_blank\" rel=\"noopener\">AYANEO NEXT<\/a> , <a href=\"https:\/\/droix.co.uk\/product\/ayaneo-next-pro\/\" target=\"_blank\" rel=\"noopener\">AYANEO Next PRO<\/a> , <a href=\"https:\/\/droix.co.uk\/product\/ayaneo-next\/\" target=\"_blank\" rel=\"noopener\">AYANEO 2021<\/a> i <a href=\"https:\/\/droix.co.uk\/product\/ayaneo-next-pro\/\" target=\"_blank\" rel=\"noopener\">AYANEO 2021 Pro<\/a> .<\/strong> <\/p>\n\n<p><span data-contrast=\"none\"><strong>AYANEO vi\u0161enamjenska priklju\u010dna stanica savr\u0161en je dodatak va\u0161em AYANEO-u<\/strong> , pretvaraju\u0107i ga iz ru\u010dnog igra\u0107eg ra\u010dunala u sna\u017eno rje\u0161enje nalik stolnom ra\u010dunalu sa svom potrebnom povezivo\u0161\u0107u.<\/span><span data-ccp-props=\"{\"> <\/span><\/p>\n\n<p>Na\u0161u <a href=\"https:\/\/droix.co.uk\/blogs\/ayaneo-docking-station-review\/\" target=\"_blank\" rel=\"noopener\">recenziju AYANEO multi priklju\u010dne stanice mo\u017eete pro\u010ditati ovdje<\/a> .<\/p>\n\n<figure class=\"wp-block-image aligncenter\"><img decoding=\"async\" src=\"https:\/\/droix.net\/wp-content\/uploads\/2022\/12\/8fb77202211071909143194ready.jpg\" alt=\"\" class=\"wp-image-88164\"\/><\/figure>\n\n<figure class=\"wp-block-image aligncenter\"><img decoding=\"async\" src=\"https:\/\/droix.net\/wp-content\/uploads\/2022\/12\/ea565202211071908508498ready.jpg\" alt=\"\" class=\"wp-image-88174\"\/><\/figure>\n\n<p><\/p>\n","protected":false},"excerpt":{"rendered":"<ul>\n<li><b>Slu\u017ebeni AYANEO proizvod<\/b><\/li>\n<li><strong>Kompatibilno<\/strong> sa <strong>svim AYANEO ru\u010dnim ure\u0111ajima<\/strong><\/li>\n<li><b>Ekskluzivni patentirani osnovni utika\u010d<\/b><\/li>\n<li><strong>Do 8<\/strong> portova za pro\u0161irenje<\/li>\n<li>Utor za MicroSD karticu<\/li>\n<\/ul>\n[cg_accordion title=\"INFORMACIJE O PLA\u0106ANJU\"]<\/p>\n<p>Koristimo najnoviju tehnologiju u obradi pla\u0107anja koja vam omogu\u0107uje pla\u0107anje putem Apple Paya, Google Paya, va\u0161e debitne\/kreditne kartice, PayPala ili BNPL metoda kao \u0161to su Klarna, Affirm ili AfterPay za brzo i sigurno iskustvo.[\/cg_accordion]\n[cg_accordion title=\"JAMSTVO\"]<\/p>\n<p>1 godina jamstva od <a href=\"https:\/\/droix.net\/\" target=\"_blank\" rel=\"nofollow noopener\">DROIX Globala<\/a> za va\u0161 mir[\/cg_accordion]\n[cg_accordion title=\"OSIGURANJE KVALITETE I ISPITIVANJE PRIJE OTPREME\"]<\/p>\n<p>Osiguravanje zadovoljstva kupaca na najvi\u0161oj razini: Svaki ure\u0111aj prolazi rigorozno testiranje i vi\u0161estruku provjeru kvalitete prije slanja. Na\u0161 predani tim provjerava performanse, funkcionalnost i integritet komponenti kako bi jam\u010dio da je va\u0161 AYANEO ure\u0111aj u savr\u0161enom radnom stanju po dolasku, pru\u017eaju\u0107i vam povjerenje i mir. [\/cg_accordion]\n[cg_accordion title=\"CIJENE, POREZI I DOSTAVA\"]<\/p>\n<p><strong><u>Bilje\u0161ka:<\/u><\/strong><\/p>\n<ul>\n<li>Kupci iz Sjedinjenih Ameri\u010dkih Dr\u017eava: Prikazana cijena NE uklju\u010duje POREZ ni carine. Odgovornost za carinjenje i pla\u0107anje svih povezanih poreza\/carina je na kupcu. <\/li>\n<li>Kupci iz EU: Prikazana cijena uklju\u010duje primjenjivi POREZ, koji mo\u017ee iznositi do 25%, ovisno o va\u0161oj zemlji.<\/li>\n<li>Kupci u Kanadi: Prikazana cijena uklju\u010duje primjenjive poreze, koji mogu uklju\u010divati \u200b\u200b5% GST-a i dodatne pokrajinske poreze na promet (PST), harmonizirani porez na promet (HST) ili porez na promet u Quebecu (QST), ovisno o va\u0161oj pokrajini.<\/li>\n<\/ul>\n<p><strong>SAMO za kupce iz EU:<\/strong> Ekspresna dostava s pla\u0107enim carinjenjem (DDP). To zna\u010di: <\/p>\n<ul>\n<li>Sve carine i porezi uklju\u010deni su u cijenu prikazanu na stranici proizvoda.<\/li>\n<li>Prilikom dostave ne\u0107ete morati platiti nikakve dodatne tro\u0161kove.<\/li>\n<li>U rijetkim slu\u010dajevima problema povezanih s carinom, na\u0161 tim \u0107e u va\u0161e ime obaviti carinjenje kako bi se osigurala nesmetana dostava.<\/li>\n<p>Va\u017ene informacije o povratu robe:<\/p>\n<li>Ako odlu\u010dite vratiti narud\u017ebu ili zatra\u017eiti povrat novca, imajte na umu da porezi i carine pla\u0107eni u va\u0161e ime prema DDP uvjetima ne mogu biti vra\u0107eni.<\/li>\n<p>Za detaljnije informacije pogledajte na\u0161e <a href=\"https:\/\/ayaneo.co\/hr\/uvjeti-pruzanja-usluge\/\" target=\"_blank\" rel=\"nofollow noopener\">Uvjete i odredbe<\/a> .\n<\/ul>\n<p>[\/cg_accordion]\n[cg_accordion title=\"PODR\u0160KA KORISNICIMA\"]<\/p>\n<p>Imate pitanje? Samo nas trebate poslati poruku i rije\u0161it \u0107emo va\u0161 problem! [\/cg_accordion]\n[cg_accordion title=\"PAKET UKLJU\u010cUJE\"]<\/p>\n<ul>\n<li>1x AYANEO priklju\u010dna stanica<\/li>\n<\/ul>\n<p>[\/cg_accordion]\n","protected":false},"featured_media":16081,"template":"","meta":{"_acf_changed":false},"product_brand":[],"product_cat":[1141],"product_tag":[],"class_list":{"0":"post-16078","1":"product","2":"type-product","3":"status-publish","4":"has-post-thumbnail","6":"product_cat-pribor","7":"product_shipping_class-low-end","8":"pa_accessory-type-docking-station-hr","9":"pa_brand-ayaneo","10":"pa_compatible-with-ayaneo-2-hr","11":"pa_compatible-with-ayaneo-2021-hr","12":"pa_compatible-with-ayaneo-3-hr","13":"pa_compatible-with-ayaneo-air-hr","14":"pa_compatible-with-ayaneo-geek-hr","16":"first","17":"instock","18":"taxable","19":"shipping-taxable","20":"purchasable","21":"product-type-simple"},"acf":[],"_links":{"self":[{"href":"https:\/\/ayaneo.co\/hr\/wp-json\/wp\/v2\/product\/16078","targetHints":{"allow":["GET"]}}],"collection":[{"href":"https:\/\/ayaneo.co\/hr\/wp-json\/wp\/v2\/product"}],"about":[{"href":"https:\/\/ayaneo.co\/hr\/wp-json\/wp\/v2\/types\/product"}],"wp:featuredmedia":[{"embeddable":true,"href":"https:\/\/ayaneo.co\/hr\/wp-json\/wp\/v2\/media\/16081"}],"wp:attachment":[{"href":"https:\/\/ayaneo.co\/hr\/wp-json\/wp\/v2\/media?parent=16078"}],"wp:term":[{"taxonomy":"product_brand","embeddable":true,"href":"https:\/\/ayaneo.co\/hr\/wp-json\/wp\/v2\/product_brand?post=16078"},{"taxonomy":"product_cat","embeddable":true,"href":"https:\/\/ayaneo.co\/hr\/wp-json\/wp\/v2\/product_cat?post=16078"},{"taxonomy":"product_tag","embeddable":true,"href":"https:\/\/ayaneo.co\/hr\/wp-json\/wp\/v2\/product_tag?post=16078"}],"curies":[{"name":"wp","href":"https:\/\/api.w.org\/{rel}","templated":true}]}}