{"id":16154,"date":"2025-03-24T16:59:03","date_gmt":"2025-03-24T16:59:03","guid":{"rendered":"https:\/\/ayaneo.co\/product\/ayaneo-3-zastitna-folija-za-ekran-kristalno-cista-zastita-za-vas-ekran\/"},"modified":"2025-12-09T00:34:03","modified_gmt":"2025-12-09T00:34:03","slug":"ayaneo-3-zastitna-folija-za-ekran-kristalno-cista-zastita-za-vas-ekran","status":"publish","type":"product","link":"https:\/\/ayaneo.co\/hr\/product\/ayaneo-3-zastitna-folija-za-ekran-kristalno-cista-zastita-za-vas-ekran\/","title":{"rendered":"AYANEO 3 za\u0161titna folija za ekran \u2013 Kristalno \u010dista za\u0161tita za va\u0161 ekran!"},"content":{"rendered":"\n<p>Odr\u017eavajte zaslon svog <strong>AYANEO 3<\/strong> besprijekornim uz ovu <strong>visokokvalitetnu za\u0161titu za zaslon<\/strong> ! Dizajnirana za <strong>maksimalnu jasno\u0107u, otpornost na ogrebotine i jednostavnu primjenu<\/strong> , ova za\u0161tita osigurava da va\u0161e iskustvo igranja ostane glatko i neprekinuto.<\/p>\n\n<h2 class=\"wp-block-heading\"><strong>Klju\u010dne zna\u010dajke:<\/strong><\/h2>\n\n<p><strong>Ultra-jasan HD zaslon<\/strong> \u2013 Odr\u017eava <strong>vjernu to\u010dnost boja<\/strong> i o\u0161tre slike za impresivno iskustvo.<\/p>\n\n<p><strong>Otporno na ogrebotine i udarce<\/strong> \u2013 \u0160titi va\u0161 zaslon od ogrebotina, padova i svakodnevnog no\u0161enja.  <\/p>\n\n<p><strong>Precizno pristajanje i jednostavna ugradnja<\/strong> \u2013 Dizajnirano posebno za <strong>AYANEO 3<\/strong> , osiguravaju\u0107i besprijekornu primjenu bez mjehuri\u0107a.<\/p>\n\n<p><strong>Otporno na otiske prstiju i mrlje<\/strong> \u2013 Oleofobni premaz odbija otiske prstiju i mrlje za uredan izgled.<\/p>\n\n<p><strong>Prianjanje bez mjehuri\u0107a<\/strong> \u2013 Jednostavno nano\u0161enje bez mjehuri\u0107a zraka, osiguravaju\u0107i <strong>glatku zavr\u0161nu obradu<\/strong> svaki put.<\/p>\n\n<p>Za\u0161titite svoj <strong>AYANEO 3<\/strong> ovom <strong>vrhunskom za\u0161titnom folijom za ekran<\/strong> i <strong>igrajte s povjerenjem!<\/strong><\/p>\n\n<p><\/p>\n","protected":false},"excerpt":{"rendered":"<ul>\n<li><strong>Slu\u017ebena<\/strong> za\u0161titna folija za ekran AYANEO 3<\/li>\n<li><strong>Ultra-Clear HD<\/strong> \u2013 Odr\u017eava kvalitetu zaslona i to\u010dnost boja.<\/li>\n<li><strong>Otporno na ogrebotine i udarce<\/strong> \u2013 \u0160titi od o\u0161te\u0107enja.<\/li>\n<li><strong>Otporno na mrlje i otiske prstiju<\/strong> \u2013 Odr\u017eava zaslon \u010distim.<\/li>\n<li><strong>Savr\u0161eno pristajanje<\/strong> \u2013 Dizajnirano isklju\u010divo za AYANEO 3.<\/li>\n<\/ul>\n[cg_accordion title=\"INFORMACIJE O PLA\u0106ANJU\"]<\/p>\n<p>Koristimo najnoviju tehnologiju u obradi pla\u0107anja koja vam omogu\u0107uje pla\u0107anje putem Apple Paya, Google Paya, va\u0161e debitne\/kreditne kartice, PayPala ili BNPL metoda kao \u0161to su Klarna, Affirm ili AfterPay za brzo i sigurno iskustvo.[\/cg_accordion]\n[cg_accordion title=\"JAMSTVO\"]<\/p>\n<p>1 godina jamstva od <a href=\"https:\/\/droix.net\/\" target=\"_blank\" rel=\"nofollow noopener\">DROIX Globala<\/a> za va\u0161 mir[\/cg_accordion]\n[cg_accordion title=\"OSIGURANJE KVALITETE I ISPITIVANJE PRIJE OTPREME\"]<\/p>\n<p>Osiguravanje zadovoljstva kupaca na najvi\u0161oj razini: Svaki ure\u0111aj prolazi rigorozno testiranje i vi\u0161estruku provjeru kvalitete prije slanja. Na\u0161 predani tim provjerava performanse, funkcionalnost i integritet komponenti kako bi jam\u010dio da je va\u0161 AYANEO ure\u0111aj u savr\u0161enom radnom stanju po dolasku, pru\u017eaju\u0107i vam povjerenje i mir. [\/cg_accordion]\n[cg_accordion title=\"CIJENE, POREZI I DOSTAVA\"]<\/p>\n<p><strong><u>Bilje\u0161ka:<\/u><\/strong><\/p>\n<ul>\n<li>Kupci iz Sjedinjenih Ameri\u010dkih Dr\u017eava: Prikazana cijena NE uklju\u010duje POREZ ni carine. Odgovornost za carinjenje i pla\u0107anje svih povezanih poreza\/carina je na kupcu. <\/li>\n<li>Kupci iz EU: Prikazana cijena uklju\u010duje primjenjivi POREZ, koji mo\u017ee iznositi do 25%, ovisno o va\u0161oj zemlji.<\/li>\n<li>Kupci u Kanadi: Prikazana cijena uklju\u010duje primjenjive poreze, koji mogu uklju\u010divati \u200b\u200b5% GST-a i dodatne pokrajinske poreze na promet (PST), harmonizirani porez na promet (HST) ili porez na promet u Quebecu (QST), ovisno o va\u0161oj pokrajini.<\/li>\n<\/ul>\n<p><strong>SAMO za kupce iz EU:<\/strong> Ekspresna dostava s pla\u0107enim carinjenjem (DDP). To zna\u010di: <\/p>\n<ul>\n<li>Sve carine i porezi uklju\u010deni su u cijenu prikazanu na stranici proizvoda.<\/li>\n<li>Prilikom dostave ne\u0107ete morati platiti nikakve dodatne tro\u0161kove.<\/li>\n<li>U rijetkim slu\u010dajevima problema povezanih s carinom, na\u0161 tim \u0107e u va\u0161e ime obaviti carinjenje kako bi se osigurala nesmetana dostava.<\/li>\n<p>Va\u017ene informacije o povratu robe:<\/p>\n<li>Ako odlu\u010dite vratiti narud\u017ebu ili zatra\u017eiti povrat novca, imajte na umu da porezi i carine pla\u0107eni u va\u0161e ime prema DDP uvjetima ne mogu biti vra\u0107eni.<\/li>\n<p>Za detaljnije informacije pogledajte na\u0161e <a href=\"https:\/\/ayaneo.co\/hr\/uvjeti-pruzanja-usluge\/\" target=\"_blank\" rel=\"nofollow noopener\">Uvjete i odredbe<\/a> .\n<\/ul>\n<p>[\/cg_accordion]\n[cg_accordion title=\"PODR\u0160KA KORISNICIMA\"]<\/p>\n<p>Imate pitanje? Samo nas trebate poslati poruku i rije\u0161it \u0107emo va\u0161 problem! [\/cg_accordion]\n[cg_accordion title=\"PAKET UKLJU\u010cUJE\"]<\/p>\n<ul>\n<li>1x AYANEO 3 za\u0161titna folija za ekran<\/li>\n<\/ul>\n<p>[\/cg_accordion]\n","protected":false},"featured_media":45850,"template":"","meta":{"_acf_changed":false},"product_brand":[],"product_cat":[1141],"product_tag":[],"class_list":{"0":"post-16154","1":"product","2":"type-product","3":"status-publish","4":"has-post-thumbnail","6":"product_cat-pribor","7":"product_shipping_class-low-end","8":"pa_accessory-type-screen-protector-hr","9":"pa_brand-ayaneo","11":"first","12":"instock","13":"sale","14":"taxable","15":"shipping-taxable","16":"purchasable","17":"product-type-simple"},"acf":[],"_links":{"self":[{"href":"https:\/\/ayaneo.co\/hr\/wp-json\/wp\/v2\/product\/16154","targetHints":{"allow":["GET"]}}],"collection":[{"href":"https:\/\/ayaneo.co\/hr\/wp-json\/wp\/v2\/product"}],"about":[{"href":"https:\/\/ayaneo.co\/hr\/wp-json\/wp\/v2\/types\/product"}],"wp:featuredmedia":[{"embeddable":true,"href":"https:\/\/ayaneo.co\/hr\/wp-json\/wp\/v2\/media\/45850"}],"wp:attachment":[{"href":"https:\/\/ayaneo.co\/hr\/wp-json\/wp\/v2\/media?parent=16154"}],"wp:term":[{"taxonomy":"product_brand","embeddable":true,"href":"https:\/\/ayaneo.co\/hr\/wp-json\/wp\/v2\/product_brand?post=16154"},{"taxonomy":"product_cat","embeddable":true,"href":"https:\/\/ayaneo.co\/hr\/wp-json\/wp\/v2\/product_cat?post=16154"},{"taxonomy":"product_tag","embeddable":true,"href":"https:\/\/ayaneo.co\/hr\/wp-json\/wp\/v2\/product_tag?post=16154"}],"curies":[{"name":"wp","href":"https:\/\/api.w.org\/{rel}","templated":true}]}}