{"id":16164,"date":"2025-03-27T09:55:33","date_gmt":"2025-03-27T09:55:33","guid":{"rendered":"https:\/\/ayaneo.co\/product\/ayaneo-air-pro\/"},"modified":"2025-05-30T15:55:50","modified_gmt":"2025-05-30T15:55:50","slug":"ayaneo-air-pro","status":"publish","type":"product","link":"https:\/\/ayaneo.co\/hr\/product\/ayaneo-air-pro\/","title":{"rendered":"AYANEO AIR PRO"},"content":{"rendered":"\n<h2 class=\"wp-block-heading\">AYANEO Air<\/h2>\n\n<figure class=\"wp-block-image\"><img decoding=\"async\" src=\"https:\/\/droix.net\/wp-content\/uploads\/2022\/10\/TEXT.png\" alt=\"\" title=\"AYA NEO AIR PRO 1\"\/><\/figure>\n\n<figure class=\"wp-block-image\"><img decoding=\"async\" src=\"https:\/\/droix.net\/wp-content\/uploads\/2022\/10\/cpu-perf.png\" alt=\"\" title=\"AYA NEO AIR PRO 2\"\/><\/figure>\n\n<h2 class=\"wp-block-heading\">Sna\u017ean procesor<\/h2>\n\n<figure class=\"wp-block-image\"><img decoding=\"async\" src=\"https:\/\/droix.net\/wp-content\/uploads\/2022\/10\/oled.png\" alt=\"\" title=\"AYA NEO AIR PRO 3\"\/><\/figure>\n\n<h2 class=\"wp-block-heading\">O\u0161tar OLED zaslon<\/h2>\n\n<figure class=\"wp-block-image\"><img decoding=\"async\" src=\"https:\/\/droix.net\/wp-content\/uploads\/2022\/10\/controller.png\" alt=\"\" title=\"AYA NEO AIR PRO 4\"\/><\/figure>\n\n<h2 class=\"wp-block-heading\">Kontroleri za igre<\/h2>\n\n<figure class=\"wp-block-image\"><img decoding=\"async\" src=\"https:\/\/droix.net\/wp-content\/uploads\/2022\/10\/hall-joystick.png\" alt=\"\" title=\"AYA NEO AIR PRO 5\"\/><\/figure>\n\n<h2 class=\"wp-block-heading\">HALL Joysticks<\/h2>\n\n<figure class=\"wp-block-image\"><img decoding=\"async\" src=\"https:\/\/droix.net\/wp-content\/uploads\/2022\/10\/light.png\" alt=\"\" title=\"AYA NEO AIR PRO 6\"\/><\/figure>\n\n<h2 class=\"wp-block-heading\">Lagana<\/h2>\n\n<figure class=\"wp-block-image\"><img decoding=\"async\" src=\"https:\/\/droix.net\/wp-content\/uploads\/2022\/10\/lightweight.png\" alt=\"\" title=\"AYA NEO AIR PRO 7\"\/><\/figure>\n\n<h2 class=\"wp-block-heading\">Prijenosni<\/h2>\n\n<figure class=\"wp-block-image\"><img decoding=\"async\" src=\"https:\/\/droix.net\/wp-content\/uploads\/2022\/10\/ayaspace.png\" alt=\"\" title=\"AYA NEO AIR PRO 8\"\/><\/figure>\n\n<h2 class=\"wp-block-heading\">AYASpace<\/h2>\n\n<figure class=\"wp-block-image\"><img decoding=\"async\" src=\"https:\/\/droix.net\/wp-content\/uploads\/2022\/10\/storage-expansion.png\" alt=\"\" title=\"AYA NEO AIR PRO 9\"\/><\/figure>\n\n<h2 class=\"wp-block-heading\">Pro\u0161iriva pohrana<\/h2>\n\n<h2 class=\"wp-block-heading\">AYANEO Air<\/h2>\n\n<h2 class=\"wp-block-heading\">18mm<\/h2>\n\n<h2 class=\"wp-block-heading\">AYANEO Air Pro<\/h2>\n\n<h2 class=\"wp-block-heading\">21,6 mm<\/h2>\n\n<figure class=\"wp-block-image\"><img decoding=\"async\" src=\"https:\/\/droix.net\/wp-content\/uploads\/2022\/10\/1.png\" alt=\"\" title=\"AYA NEO AIR PRO 10\"\/><\/figure>\n\n<figure class=\"wp-block-image\"><img decoding=\"async\" src=\"https:\/\/droix.net\/wp-content\/uploads\/2022\/10\/2.png\" alt=\"\" title=\"AYA NEO AIR PRO 11\"\/><\/figure>\n\n<figure class=\"wp-block-image\"><img decoding=\"async\" src=\"https:\/\/droix.net\/wp-content\/uploads\/2022\/10\/6.png\" alt=\"\" title=\"AYA NEO AIR PRO 12\"\/><\/figure>\n\n<figure class=\"wp-block-image\"><img decoding=\"async\" src=\"https:\/\/droix.net\/wp-content\/uploads\/2022\/10\/3.png\" alt=\"\" title=\"AYA NEO AIR PRO 13\"\/><\/figure>\n\n<figure class=\"wp-block-image\"><img decoding=\"async\" src=\"https:\/\/droix.net\/wp-content\/uploads\/2022\/10\/8.png\" alt=\"\" title=\"AYA NEO AIR PRO 14\"\/><\/figure>\n\n<figure class=\"wp-block-image\"><img decoding=\"async\" src=\"https:\/\/droix.net\/wp-content\/uploads\/2022\/10\/4.png\" alt=\"\" title=\"AYA NEO AIR PRO 15\"\/><\/figure>\n\n<figure class=\"wp-block-image\"><img decoding=\"async\" src=\"https:\/\/droix.net\/wp-content\/uploads\/2022\/10\/5.png\" alt=\"\" title=\"AYA NEO AIR PRO 16\"\/><\/figure>\n\n<figure class=\"wp-block-image\"><img decoding=\"async\" src=\"https:\/\/droix.net\/wp-content\/uploads\/elementor\/thumbs\/7-q8z5dcnq498hbirw1mfy0omf1l06qm1syszlslccn4.png\" alt=\"7.png\" title=\"7.png\"\/><\/figure>\n\n<figure class=\"wp-block-image\"><img decoding=\"async\" src=\"https:\/\/droix.net\/wp-content\/uploads\/elementor\/thumbs\/9-q8z5dcnq498hbirw1mfy0omf1l06qm1syszlslccn4.png\" alt=\"9.png\" title=\"9.png\"\/><\/figure>\n\n<h2 class=\"wp-block-heading\">Do\u017eivite igre putem o\u0161trog OLED zaslona<\/h2>\n\n<h2 class=\"wp-block-heading\">S 5,5-in\u010dnim AMOLED zaslonom visokog raspona boja.<\/h2>\n\n<h2 class=\"wp-block-heading\">\u0160iroki raspon boja, NTSC 109%, \u010dini prikaz realisti\u010dnijim.<br\/> S omjerom kontrasta do 100000:1, boje su bogatije i \u017eivlje.<br\/> Do\u017eivite \u010diste crne boje i slike visokog kontrasta u svojim omiljenim igrama. AYANEO Air ima najvi\u0161i PPI me\u0111u Windows Gaming ru\u010dnim ure\u0111ajima, s 404 piksela po in\u010du. <\/h2>\n\n<figure class=\"wp-block-image\"><img decoding=\"async\" src=\"https:\/\/droix.net\/wp-content\/uploads\/2022\/10\/oled-info-1024x309.png\" alt=\"\" title=\"AYA NEO AIR PRO 17\"\/><\/figure>\n\n<h2 class=\"wp-block-heading\">Ultra tanko i lagano<\/h2>\n\n<h2 class=\"wp-block-heading\">AYANEO Air je razvijen imaju\u0107i na umu prenosivost, a kako bismo to postigli, morali smo kombinirati i komprimirati otprilike 3500 komponenti u ovaj Windows Gaming Handheld.<br\/> U ovom ultra prijenosnom igra\u0107em ru\u010dnom ure\u0111aju imate hardver koji se smatra vrijednim i za prijenosno ra\u010dunalo.<br\/> I da upotpunimo ovaj prekrasni paket, krajnjem korisniku su vidljiva samo 2 vijka.<\/h2>\n\n<h2 class=\"wp-block-heading\">Novi pogled na prijenosne ru\u010dne ure\u0111aje<\/h2>\n\n<h2 class=\"wp-block-heading\">Te\u017eina od samo 398 g*<\/h2>\n\n<figure class=\"wp-block-image\"><img decoding=\"async\" src=\"https:\/\/droix.net\/wp-content\/uploads\/2022\/10\/ayaneo_air-vs-switch.png\" alt=\"\" title=\"AYA NEO AIR PRO 18\"\/><\/figure>\n\n<h2 class=\"wp-block-heading\">AYANEO Air Lite* \u2013 398 g<br\/> AYANEO Zra\u010dni standard \u2013 398 g<br\/> AYANEO Air Pro \u2013 440 g<\/h2>\n\n<h2 class=\"wp-block-heading\">Znatno manji od Steam Deck<br\/> I \u010dak manji od Switcha<\/h2>\n\n<figure class=\"wp-block-image\"><img decoding=\"async\" src=\"https:\/\/droix.net\/wp-content\/uploads\/2022\/10\/ayaneo-sd-switch.png\" alt=\"\" title=\"AYA NEO AIR PRO 19\"\/><\/figure>\n\n<h2 class=\"wp-block-heading\">398 g AYANEO zraka<\/h2>\n\n<h2 class=\"wp-block-heading\">223,9 \u00d7 89,4 \u00d7 18 mm<\/h2>\n\n<h2 class=\"wp-block-heading\">Nintendo Switch od 420 g<\/h2>\n\n<h2 class=\"wp-block-heading\">242 x 102 x 13,9 mm<\/h2>\n\n<h2 class=\"wp-block-heading\">Steam Deck od 669 g<\/h2>\n\n<h2 class=\"wp-block-heading\">298x117x20mm<\/h2>\n\n<h2 class=\"wp-block-heading\">AAA igre u pokretu?<\/h2>\n\n<h2 class=\"wp-block-heading\">AYANEO Air dolazi sa snagom RED-a, s AMD Ryzen 5 5560U ili 5825U procesorom (dostupno samo u AYANEO Air Pro verziji).<br\/>Ovi APU-ovi nisu samo izvrsni za igranje, ve\u0107 nude i ni\u017eu potro\u0161nju energije \u2013 \u0161to vam omogu\u0107uje dulje igranje omiljenih igara.<\/h2>\n\n<figure class=\"wp-block-image\"><img decoding=\"async\" src=\"https:\/\/droix.net\/wp-content\/uploads\/2022\/10\/cpu-1-1-300x300.png\" alt=\"\" title=\"AYA NEO AIR PRO 20\"\/><\/figure>\n\n<h2 class=\"wp-block-heading\">Zahvaljuju\u0107i 7nn procesu tvrtke TSMC, AYANEO Air tro\u0161i snagu uz odr\u017eavanje visokih performansi u va\u0161im omiljenim igrama.<\/h2>\n\n<figure class=\"wp-block-image\"><img decoding=\"async\" src=\"https:\/\/droix.net\/wp-content\/uploads\/2022\/10\/cpu-2-1-300x300.png\" alt=\"\" title=\"AYA NEO AIR PRO 21\"\/><\/figure>\n\n<h2 class=\"wp-block-heading\">Dostupan samo na AYANEO Air Pro, AMD Ryzen 7 5825U APU radi 100Mhz vi\u0161e od 5800U i savr\u0161en je za igranje u pokretu.<\/h2>\n\n<h2 class=\"wp-block-heading\">Saznajte vi\u0161e o svojim omiljenim igrama<\/h2>\n\n<figure class=\"wp-block-image\"><img decoding=\"async\" src=\"https:\/\/droix.net\/wp-content\/uploads\/2022\/08\/games-1.png\" alt=\"igre-1\" title=\"AYA NEO AIR PRO 22\"\/><\/figure>\n\n<figure class=\"wp-block-image\"><img decoding=\"async\" src=\"https:\/\/droix.net\/wp-content\/uploads\/2022\/08\/games-2.png\" alt=\"igre-2\" title=\"AYA NEO AIR PRO 23\"\/><\/figure>\n\n<figure class=\"wp-block-image\"><img decoding=\"async\" src=\"https:\/\/droix.net\/wp-content\/uploads\/elementor\/thumbs\/ayaneo-master-q8z5dcnq497mmmrgjif980vegtbvts312kqur5jx8g.png\" alt=\"ayaneo-master.png\" title=\"ayaneo-master.png\"\/><\/figure>\n\n<h2 class=\"wp-block-heading\">Budite Majstor na bojnom polju, s GuliKitom.<\/h2>\n\n<h2 class=\"wp-block-heading\">AYANEO , u partnerstvu s GuliKitom, posve\u0107en je pru\u017eanju najboljeg iskustva u igranju. Ovaj ru\u010dni PC gaming ure\u0111aj prvi je model opremljen visokokvalitetnim GuliKit joysticcima. <\/h2>\n\n<figure class=\"wp-block-image\"><img decoding=\"async\" src=\"https:\/\/droix.net\/wp-content\/uploads\/elementor\/thumbs\/gulikit-logo-q8z5dcnq497ijbaloaorilpee1n1klosjvnack8xkw.png\" alt=\"gulikit-logo.png\" title=\"gulikit-logo.png\"\/><\/figure>\n\n<figure class=\"wp-block-image\"><img decoding=\"async\" src=\"https:\/\/droix.net\/wp-content\/uploads\/2022\/10\/ayaneo-joystick-device.png\" alt=\"\" title=\"AYA NEO AIR PRO 24\"\/><\/figure>\n\n<h2 class=\"wp-block-heading\">Bez upravlja\u010dkih palica s mrtvom zonom<\/h2>\n\n<h2 class=\"wp-block-heading\">Unutarnji i vanjski krugovi su 100% bez \u201emrtve zone\u201d<br\/> Ovo je savr\u0161eno za FPS igre.<\/h2>\n\n<h2 class=\"wp-block-heading\">Pode\u0161avanje osjetljivosti okida\u010da<\/h2>\n\n<h2 class=\"wp-block-heading\">Pomo\u0107u AYA Space-a mo\u017eete jednostavno kontrolirati hod okida\u010da. To \u0107e vam omogu\u0107iti da pritisnete okida\u010de 50% za puni u\u010dinak. <\/h2>\n\n<h2 class=\"wp-block-heading\">Stanje pripravnosti s nultom potro\u0161njom energije<\/h2>\n\n<h2 class=\"wp-block-heading\">Mo\u017eete isklju\u010diti kontrolere unutar AYA Spacea, \u0161to \u0107e u\u0161tedjeti energiju.<\/h2>\n\n<h2 class=\"wp-block-heading\">Zamjena klju\u010deva AB XY<\/h2>\n\n<h2 class=\"wp-block-heading\">Navikli ste na japanski raspored? Nema problema! S AYA Spaceom mo\u017eete promijeniti raspored.  <\/h2>\n\n<figure class=\"wp-block-image\"><img decoding=\"async\" src=\"https:\/\/droix.net\/wp-content\/uploads\/2022\/10\/11.png\" alt=\"\" title=\"AYA NEO AIR PRO 25\"\/><\/figure>\n\n<h2 class=\"wp-block-heading\">Bez zano\u0161enja<\/h2>\n\n<h2 class=\"wp-block-heading\">AYANEO Air d\u017eojstici koriste elektromagnetske klackalice kako bi se osiguralo da nema pomicanja d\u017eojstika.<\/h2>\n\n<figure class=\"wp-block-image\"><img decoding=\"async\" src=\"https:\/\/droix.net\/wp-content\/uploads\/2022\/10\/22.png\" alt=\"\" title=\"AYA NEO AIR PRO 26\"\/><\/figure>\n\n<h2 class=\"wp-block-heading\">Nema mrtve zone<\/h2>\n\n<h2 class=\"wp-block-heading\">D\u017eojstici AYANEO Aira nemaju mrtvu zonu u sredi\u0161njem i vanjskim prstenovima.<\/h2>\n\n<figure class=\"wp-block-image\"><img decoding=\"async\" src=\"https:\/\/droix.net\/wp-content\/uploads\/2022\/10\/33.png\" alt=\"\" title=\"AYA NEO AIR PRO 27\"\/><\/figure>\n\n<h2 class=\"wp-block-heading\">Visoka preciznost<\/h2>\n\n<h2 class=\"wp-block-heading\">Omogu\u0107uje vam snimanje te\u0161ko dostupnih kadrova u FPS-u i glatko upravljanje vozilom u automobilskim igrama<\/h2>\n\n<figure class=\"wp-block-image\"><img decoding=\"async\" src=\"https:\/\/droix.net\/wp-content\/uploads\/2022\/10\/44.png\" alt=\"\" title=\"AYA NEO AIR PRO 28\"\/><\/figure>\n\n<h2 class=\"wp-block-heading\">Dugi vijek trajanja<\/h2>\n\n<h2 class=\"wp-block-heading\">Hall d\u017eojstici imaju vijek trajanja od 5 milijuna kori\u0161tenja. To \u0107e osigurati da va\u0161 AYANEO Air funkcionira ispravno. <\/h2>\n\n<h2 class=\"wp-block-heading\">EKSKLUZIVNO za AYANEO ure\u0111aje<\/h2>\n\n<h2 class=\"wp-block-heading\">AYA prostor<\/h2>\n\n<h2 class=\"wp-block-heading\">AYA Space vam omogu\u0107uje upravljanje i pokretanje va\u0161ih omiljenih igara u roku od nekoliko sekundi.<br\/> Pomo\u0107u AYA Spacea mo\u017eete postaviti profile performansi za svaku igru \u200b\u200bi kontrolirati glavne funkcije svog ure\u0111aja.<br\/> AYANEO Air dolazi s namjenskom tipkom AYA Space, koja mo\u017ee lako prikazati prekrivni izbornik, omogu\u0107uju\u0107i vam pode\u0161avanje svjetline, glasno\u0107e i TDP \u2013 sve jednim dodirom gumba.<\/h2>\n\n<figure class=\"wp-block-image\"><img decoding=\"async\" src=\"https:\/\/droix.net\/wp-content\/uploads\/2022\/10\/ayaspace-ui-768x625.png\" alt=\"\" title=\"AYA NEO AIR PRO 29\"\/><\/figure>\n\n<h2 class=\"wp-block-heading\">Brza pohrana, bilo interna ili eksterna<\/h2>\n\n<h2 class=\"wp-block-heading\">Interni SSD<\/h2>\n\n<h2 class=\"wp-block-heading\">Ugra\u0111eni brzi NVMe SSD s kapacitetom do 2 TB<\/h2>\n\n<figure class=\"wp-block-image\"><img decoding=\"async\" src=\"https:\/\/droix.net\/wp-content\/uploads\/2022\/10\/storage-1.png\" alt=\"\" title=\"AYA NEO AIR PRO 30\"\/><\/figure>\n\n<h2 class=\"wp-block-heading\">Utor za TF\/Micro SD karticu<\/h2>\n\n<h2 class=\"wp-block-heading\">Omogu\u0107uje vam jednostavnu nadogradnju interne memorije.<\/h2>\n\n<figure class=\"wp-block-image\"><img decoding=\"async\" src=\"https:\/\/droix.net\/wp-content\/uploads\/2022\/10\/storage-2.png\" alt=\"\" title=\"AYA NEO AIR PRO 31\"\/><\/figure>\n\n<figure class=\"wp-block-image\"><img decoding=\"async\" src=\"https:\/\/droix.net\/wp-content\/uploads\/2022\/10\/multi-use.jpg\" alt=\"\" title=\"AYA NEO AIR PRO 32\"\/><\/figure>\n","protected":false},"excerpt":{"rendered":"<ul>\n<li>AMD <strong>Ryzen 5 5560U<\/strong> \/ AMD <strong>Ryzen 7 5825U<\/strong><\/li>\n<li><strong>16GB<\/strong> LPDDR4x @ 4266Mhz<\/li>\n<li><strong>do 1TB<\/strong> PCI-E <strong>M.2<\/strong> 2280 SSD velike brzine<\/li>\n<li><strong>5,5-in\u010dni OLED<\/strong> zaslon osjetljiv na dodir<\/li>\n<li>Podr\u0161ka za <strong>WiFi 6<\/strong> i <strong>Bluetooth 5.2<\/strong><\/li>\n<\/ul>\n[cg_accordion title=\"Jamstvo\"]<\/p>\n<p>AYANEO AIR PRO ima jednogodi\u0161nje jamstvo tvrtke <a href=\"https:\/\/droix.net\/\">DROIX Global.<\/a> [\/cg_accordion]\n[cg_accordion title=\"Cijene, porezi i dostava\"]<\/p>\n<p><strong><u>Bilje\u0161ka:<\/u><\/strong><\/p>\n<ul>\n<li>Kupci u Sjedinjenim Ameri\u010dkim Dr\u017eavama: Prikazana cijena uklju\u010duje primjenjivi porez prema va\u0161oj dr\u017eavi.<\/li>\n<li>Kupci iz EU: Prikazana cijena uklju\u010duje primjenjivi POREZ, koji mo\u017ee iznositi do 25%, ovisno o va\u0161oj zemlji.<\/li>\n<li>Kupci u Kanadi: Prikazana cijena uklju\u010duje primjenjive poreze, koji mogu uklju\u010divati \u200b\u200b5% GST-a i dodatne pokrajinske poreze na promet (PST), harmonizirani porez na promet (HST) ili porez na promet u Quebecu (QST), ovisno o va\u0161oj pokrajini.<\/li>\n<\/ul>\n<p>[\/cg_accordion]\n[cg_accordion title=\"Dostava i povrat robe\"]<\/p>\n<p>U organizaciji <a href=\"https:\/\/droix.net\/\" target=\"_blank\" rel=\"nofollow noopener\">DROIX-a<\/a> , slu\u017ebenog AYANEO distributera, \u0161aljemo putem DHL Express DDP-a (Delivered Duty Paid \u2013 Dostava s pla\u0107enim carinjenjem). To zna\u010di: <\/p>\n<p>Ekspresna DDP (Dostavljeno s pla\u0107enom carinom). To zna\u010di: <\/p>\n<ul>\n<li>Sve carine i porezi uklju\u010deni su u cijenu prikazanu na stranici proizvoda.<\/li>\n<li>Prilikom dostave ne\u0107ete morati platiti nikakve dodatne tro\u0161kove.<\/li>\n<li>U rijetkim slu\u010dajevima problema povezanih s carinom, na\u0161 tim \u0107e u va\u0161e ime obaviti carinjenje kako bi se osigurala nesmetana dostava.<\/li>\n<p>Va\u017ene informacije o povratu robe:<\/p>\n<li>Ako odlu\u010dite vratiti narud\u017ebu ili zatra\u017eiti povrat novca, imajte na umu da porezi i carine pla\u0107eni u va\u0161e ime prema DDP uvjetima ne mogu biti vra\u0107eni.<\/li>\n<p>Za detaljnije informacije pogledajte na\u0161e <a href=\"https:\/\/ayaneo.co\/terms-of-service-2\/\" target=\"_blank\" rel=\"nofollow noopener\">Uvjete i odredbe<\/a> .\n<\/ul>\n<p>[\/cg_accordion]\n[cg_accordion title=\"Korisni\u010dka podr\u0161ka\"]<\/p>\n<p>Imate pitanje? Samo nas trebate poslati poruku i rije\u0161it \u0107emo va\u0161 problem! [\/cg_accordion]\n[cg_accordion title=\"Paket uklju\u010duje\"]<\/p>\n<ul>\n<li>1x AYANEO AIR PRO ru\u010dni gaming ure\u0111aj<\/li>\n<li>1x USB Type-C kabel<\/li>\n<li>1x adapter za napajanje<\/li>\n<li>1x Korisni\u010dki priru\u010dnik<\/li>\n<\/ul>\n<p>[\/cg_accordion]\n","protected":false},"featured_media":16165,"template":"","meta":{"_acf_changed":false},"product_brand":[],"product_cat":[1166],"product_tag":[],"class_list":{"0":"post-16164","1":"product","2":"type-product","3":"status-publish","4":"has-post-thumbnail","6":"product_cat-rucna-igraca-racunala","7":"product_shipping_class-premium","8":"pa_brand-ayaneo","9":"pa_graphics-gpu-model-radeon-graphics","10":"pa_operating-system-windows-11-home","11":"pa_processor-cpu-brand-amd","13":"first","14":"outofstock","15":"taxable","16":"shipping-taxable","17":"purchasable","18":"product-type-variable","19":"has-default-attributes"},"acf":[],"_links":{"self":[{"href":"https:\/\/ayaneo.co\/hr\/wp-json\/wp\/v2\/product\/16164","targetHints":{"allow":["GET"]}}],"collection":[{"href":"https:\/\/ayaneo.co\/hr\/wp-json\/wp\/v2\/product"}],"about":[{"href":"https:\/\/ayaneo.co\/hr\/wp-json\/wp\/v2\/types\/product"}],"wp:featuredmedia":[{"embeddable":true,"href":"https:\/\/ayaneo.co\/hr\/wp-json\/wp\/v2\/media\/16165"}],"wp:attachment":[{"href":"https:\/\/ayaneo.co\/hr\/wp-json\/wp\/v2\/media?parent=16164"}],"wp:term":[{"taxonomy":"product_brand","embeddable":true,"href":"https:\/\/ayaneo.co\/hr\/wp-json\/wp\/v2\/product_brand?post=16164"},{"taxonomy":"product_cat","embeddable":true,"href":"https:\/\/ayaneo.co\/hr\/wp-json\/wp\/v2\/product_cat?post=16164"},{"taxonomy":"product_tag","embeddable":true,"href":"https:\/\/ayaneo.co\/hr\/wp-json\/wp\/v2\/product_tag?post=16164"}],"curies":[{"name":"wp","href":"https:\/\/api.w.org\/{rel}","templated":true}]}}