{"id":16203,"date":"2025-05-02T12:08:14","date_gmt":"2025-05-02T12:08:14","guid":{"rendered":"https:\/\/ayaneo.co\/product\/ayaneo-dzepni-ace\/"},"modified":"2025-12-11T00:13:45","modified_gmt":"2025-12-11T00:13:45","slug":"ayaneo-dzepni-ace","status":"publish","type":"product","link":"https:\/\/ayaneo.co\/hr\/product\/ayaneo-dzepni-ace\/","title":{"rendered":"AYANEO D\u017eepni ACE"},"content":{"rendered":"\n<figure class=\"wp-block-video\"><video height=\"720\" style=\"aspect-ratio: 1280 \/ 720;\" width=\"1280\" controls=\"\" poster=\"https:\/\/ayaneo.co\/wp-content\/uploads\/2025\/05\/maxresdefault-5.jpg\" src=\"https:\/\/ayaneo.co\/wp-content\/uploads\/2025\/05\/ace.mp4\"><\/video><\/figure>\n\n<div class=\"wp-block-columns is-layout-flex wp-container-core-columns-is-layout-28f84493 wp-block-columns-is-layout-flex\">\n<div class=\"wp-block-column is-layout-flow wp-block-column-is-layout-flow\" style=\"flex-basis:33.33%\">\n<figure class=\"wp-block-image size-full\"><a href=\"https:\/\/ayaneo.co\/wp-content\/uploads\/2025\/05\/AYANEO-POCKET-ACE-MARKETING-DONE-01-1024x837-1.jpg\"><img fetchpriority=\"high\" decoding=\"async\" width=\"1024\" height=\"837\" src=\"https:\/\/ayaneo.co\/wp-content\/uploads\/2025\/05\/AYANEO-POCKET-ACE-MARKETING-DONE-01-1024x837-1.jpg\" alt=\"Ru&#x10D;na igra&#x107;a konzola, AYANEO Pocket ACE, izlo&#x17E;ena je na stolu sa &#x161;arenim gradijentnim logotipom na zaslonu. Ure&#x111;aj ima D-pad, analogne palice i akcijske tipke, a sve je osvijetljeno u toplom ambijentalnom okru&#x17E;enju s mutnom naran&#x10D;astom pozadinom. \" class=\"wp-image-37460\" srcset=\"https:\/\/ayaneo.co\/wp-content\/uploads\/2025\/05\/AYANEO-POCKET-ACE-MARKETING-DONE-01-1024x837-1.jpg 1024w, https:\/\/ayaneo.co\/wp-content\/uploads\/2025\/05\/AYANEO-POCKET-ACE-MARKETING-DONE-01-1024x837-1-300x245.jpg 300w, https:\/\/ayaneo.co\/wp-content\/uploads\/2025\/05\/AYANEO-POCKET-ACE-MARKETING-DONE-01-1024x837-1-768x628.jpg 768w, https:\/\/ayaneo.co\/wp-content\/uploads\/2025\/05\/AYANEO-POCKET-ACE-MARKETING-DONE-01-1024x837-1-990x809.jpg 990w, https:\/\/ayaneo.co\/wp-content\/uploads\/2025\/05\/AYANEO-POCKET-ACE-MARKETING-DONE-01-1024x837-1-441x360.jpg 441w, https:\/\/ayaneo.co\/wp-content\/uploads\/2025\/05\/AYANEO-POCKET-ACE-MARKETING-DONE-01-1024x837-1-600x490.jpg 600w, https:\/\/ayaneo.co\/wp-content\/uploads\/2025\/05\/AYANEO-POCKET-ACE-MARKETING-DONE-01-1024x837-1-150x123.jpg 150w\" sizes=\"(max-width: 1024px) 100vw, 1024px\" \/><\/a><\/figure>\n<\/div>\n\n\n\n<div class=\"wp-block-column is-layout-flow wp-block-column-is-layout-flow\" style=\"flex-basis:66.66%\">\n<h3 class=\"wp-block-heading\">Do\u017eivite retro igranje kao nikad prije s AYANEO Pocket ACE-om<\/h3>\n\n\n\n<p>AYANEO Pocket ACE je revolucionarni ru\u010dni ure\u0111aj za igranje koji besprijekorno spaja \u0161arm retro igara s najsuvremenijom modernom tehnologijom. Inspiriran klasi\u010dnim horizontalnim ru\u010dnim konzolama, ovaj ure\u0111aj nudi nostalgi\u010dnu estetiku uparenu s mo\u0107nim performansama, \u0161to ga \u010dini izvrsnim izborom i za ljubitelje retro igara i za moderne igra\u010de. <\/p>\n<\/div>\n<\/div>\n\n<hr class=\"wp-block-separator has-alpha-channel-opacity\"\/>\n\n<div class=\"wp-block-columns is-layout-flex wp-container-core-columns-is-layout-28f84493 wp-block-columns-is-layout-flex\">\n<div class=\"wp-block-column is-layout-flow wp-block-column-is-layout-flow\">\n<figure class=\"wp-block-image size-full\"><a href=\"https:\/\/ayaneo.co\/wp-content\/uploads\/2025\/05\/snapdragon_g3x_gen2_rounded-1024x837-1.png\"><img decoding=\"async\" width=\"1024\" height=\"837\" src=\"https:\/\/ayaneo.co\/wp-content\/uploads\/2025\/05\/snapdragon_g3x_gen2_rounded-1024x837-1.png\" alt=\"Zna&#x10D;ka procesora Snapdragon G3x Gen 2 u zaobljenom zlatnom kvadratu s crvenim plamenom s desne strane i podebljanim crvenim tekstom 'Snapdragon G3x Gen 2' s lijeve strane.\" class=\"wp-image-37462\" srcset=\"https:\/\/ayaneo.co\/wp-content\/uploads\/2025\/05\/snapdragon_g3x_gen2_rounded-1024x837-1.png 1024w, https:\/\/ayaneo.co\/wp-content\/uploads\/2025\/05\/snapdragon_g3x_gen2_rounded-1024x837-1-300x245.png 300w, https:\/\/ayaneo.co\/wp-content\/uploads\/2025\/05\/snapdragon_g3x_gen2_rounded-1024x837-1-768x628.png 768w, https:\/\/ayaneo.co\/wp-content\/uploads\/2025\/05\/snapdragon_g3x_gen2_rounded-1024x837-1-990x809.png 990w, https:\/\/ayaneo.co\/wp-content\/uploads\/2025\/05\/snapdragon_g3x_gen2_rounded-1024x837-1-441x360.png 441w, https:\/\/ayaneo.co\/wp-content\/uploads\/2025\/05\/snapdragon_g3x_gen2_rounded-1024x837-1-600x490.png 600w, https:\/\/ayaneo.co\/wp-content\/uploads\/2025\/05\/snapdragon_g3x_gen2_rounded-1024x837-1-150x123.png 150w\" sizes=\"(max-width: 1024px) 100vw, 1024px\" \/><\/a><\/figure>\n\n\n\n<h3 class=\"wp-block-heading\">Performanse<\/h3>\n\n\n\n<p>U sr\u017ei Pocket ACE-a le\u017ei Snapdragon G3x Gen 2 igra\u0107a platforma, koja pru\u017ea do 15 W kontinuiranih performansi. Ovaj sna\u017eni procesor osigurava glatku emulaciju retro naslova i u\u010dinkovito rukovanje modernim Android igrama. Ure\u0111aj nudi vi\u0161e na\u010dina rada \u2013 Saving (\u0160tednja), Balance (Ravnote\u017ea), Game (Igra) i Max (Maksimalno) \u2013 omogu\u0107uju\u0107i korisnicima optimizaciju performansi na temelju svojih igra\u0107ih potreba.  <\/p>\n<\/div>\n\n\n\n<div class=\"wp-block-column is-layout-flow wp-block-column-is-layout-flow\">\n<figure class=\"wp-block-image size-full\"><a href=\"https:\/\/ayaneo.co\/wp-content\/uploads\/2025\/05\/AYANEO-POCKET-ACE-MARKETING-DONE-02-1024x837-1.jpg\"><img decoding=\"async\" width=\"1024\" height=\"837\" src=\"https:\/\/ayaneo.co\/wp-content\/uploads\/2025\/05\/AYANEO-POCKET-ACE-MARKETING-DONE-02-1024x837-1.jpg\" alt=\"Dvije AYANEO Pocket ACE ru&#x10D;ne igra&#x107;e konzole jedna pored druge - jedna bijela s crvenim gumbima ozna&#x10D;enim s 'Retro Power' i jedna crna s tamnim kontrolama. Obje prikazuju &#x161;arenu prugastu grafiku na zaslonu, u razli&#x10D;itim shemama boja. Osvjetljene su toplim i hladnim tonovima kako bi se istaknuo dizajn hardvera i gumbi na ramenu.  \" class=\"wp-image-37463\" srcset=\"https:\/\/ayaneo.co\/wp-content\/uploads\/2025\/05\/AYANEO-POCKET-ACE-MARKETING-DONE-02-1024x837-1.jpg 1024w, https:\/\/ayaneo.co\/wp-content\/uploads\/2025\/05\/AYANEO-POCKET-ACE-MARKETING-DONE-02-1024x837-1-300x245.jpg 300w, https:\/\/ayaneo.co\/wp-content\/uploads\/2025\/05\/AYANEO-POCKET-ACE-MARKETING-DONE-02-1024x837-1-768x628.jpg 768w, https:\/\/ayaneo.co\/wp-content\/uploads\/2025\/05\/AYANEO-POCKET-ACE-MARKETING-DONE-02-1024x837-1-990x809.jpg 990w, https:\/\/ayaneo.co\/wp-content\/uploads\/2025\/05\/AYANEO-POCKET-ACE-MARKETING-DONE-02-1024x837-1-441x360.jpg 441w, https:\/\/ayaneo.co\/wp-content\/uploads\/2025\/05\/AYANEO-POCKET-ACE-MARKETING-DONE-02-1024x837-1-600x490.jpg 600w, https:\/\/ayaneo.co\/wp-content\/uploads\/2025\/05\/AYANEO-POCKET-ACE-MARKETING-DONE-02-1024x837-1-150x123.jpg 150w\" sizes=\"(max-width: 1024px) 100vw, 1024px\" \/><\/a><\/figure>\n\n\n\n<h3 class=\"wp-block-heading\">Kontrole i ulazi<\/h3>\n\n\n\n<p>Pocket ACE opremljen je svestranim rasporedom kontrola dizajniranim za razli\u010dite \u017eanrove igara. Klju\u010dne zna\u010dajke uklju\u010duju:\u200b <\/p>\n\n\n\n<ul class=\"wp-block-list\">\n<li>Dvostruki analogni joysticki srednje veli\u010dine s Hall efektom za precizan unos<\/li>\n\n\n\n<li>Linearni Hall-efektni okida\u010di za responzivnu kontrolu<\/li>\n\n\n\n<li>D-pad u retro stilu postavljen na vrhu za klasi\u010dan osje\u0107aj igranja<\/li>\n\n\n\n<li>ABXY tipke na prednjoj strani s prilagodljivim rasporedima<\/li>\n\n\n\n<li>Dodatne tipke, uklju\u010duju\u0107i pre\u010dace Home, Turbo i emulatora<\/li>\n<\/ul>\n<\/div>\n\n\n\n<div class=\"wp-block-column is-layout-flow wp-block-column-is-layout-flow\">\n<figure class=\"wp-block-image size-full\"><a href=\"https:\/\/ayaneo.co\/wp-content\/uploads\/2025\/05\/seamless_power_combination_rounded-1024x837-1.png\"><img loading=\"lazy\" decoding=\"async\" width=\"1024\" height=\"837\" src=\"https:\/\/ayaneo.co\/wp-content\/uploads\/2025\/05\/seamless_power_combination_rounded-1024x837-1.png\" alt=\"Infografika koja promovira zna&#x10D;ajke performansi ru&#x10D;ne igra&#x107;e konzole. Istaknute zna&#x10D;ajke uklju&#x10D;uju LPDDR5X memoriju od 8533 Mbps, UFS 4.0 pohranu s brzinom &#x10D;itanja od preko 4000 MB\/s i podr&#x161;ku za veliki kapacitet pohrane za brojne igre. Tri panela ilustriraju memoriju, pohranu i biblioteku igara s pikseliranom grafikom i sli&#x10D;icama naslovnica igara.  \" class=\"wp-image-37464\" srcset=\"https:\/\/ayaneo.co\/wp-content\/uploads\/2025\/05\/seamless_power_combination_rounded-1024x837-1.png 1024w, https:\/\/ayaneo.co\/wp-content\/uploads\/2025\/05\/seamless_power_combination_rounded-1024x837-1-300x245.png 300w, https:\/\/ayaneo.co\/wp-content\/uploads\/2025\/05\/seamless_power_combination_rounded-1024x837-1-768x628.png 768w, https:\/\/ayaneo.co\/wp-content\/uploads\/2025\/05\/seamless_power_combination_rounded-1024x837-1-990x809.png 990w, https:\/\/ayaneo.co\/wp-content\/uploads\/2025\/05\/seamless_power_combination_rounded-1024x837-1-441x360.png 441w, https:\/\/ayaneo.co\/wp-content\/uploads\/2025\/05\/seamless_power_combination_rounded-1024x837-1-600x490.png 600w, https:\/\/ayaneo.co\/wp-content\/uploads\/2025\/05\/seamless_power_combination_rounded-1024x837-1-150x123.png 150w\" sizes=\"(max-width: 1024px) 100vw, 1024px\" \/><\/a><\/figure>\n\n\n\n<h3 class=\"wp-block-heading\">Pohrana i povezivost<\/h3>\n\n\n\n<p>AYANEO Pocket ACE nudi fleksibilne mogu\u0107nosti pohrane kako bi zadovoljio razli\u010dite potrebe korisnika:<\/p>\n\n\n\n<ul class=\"wp-block-list\">\n<li>8 GB RAM-a + 128 GB prostora za pohranu<\/li>\n\n\n\n<li>12 GB RAM-a + 256 GB prostora za pohranu<\/li>\n\n\n\n<li>16 GB RAM-a + 512 GB prostora za pohranu<\/li>\n\n\n\n<li>16 GB RAM-a + 1 TB prostora za pohranu<\/li>\n<\/ul>\n\n\n\n<p>Dostupan je i utor za microSD karticu za jednostavno pro\u0161irenje kapaciteta pohrane. \u0160to se ti\u010de povezivosti, ure\u0111aj uklju\u010duje brzi Wi-Fi, Bluetooth 5.3 i USB 3.2 Gen 2 Type-C priklju\u010dak koji podr\u017eava prijenos podataka od 10 Gbps i DP 1.4 video izlaz. <\/p>\n<\/div>\n<\/div>\n\n<hr class=\"wp-block-separator has-alpha-channel-opacity\"\/>\n\n<div class=\"wp-block-columns is-layout-flex wp-container-core-columns-is-layout-28f84493 wp-block-columns-is-layout-flex\">\n<div class=\"wp-block-column is-layout-flow wp-block-column-is-layout-flow\">\n<figure class=\"wp-block-image size-full\"><a href=\"https:\/\/ayaneo.co\/wp-content\/uploads\/2025\/05\/ips_screen_rounded-1-1024x837-1.png\"><img loading=\"lazy\" decoding=\"async\" width=\"1024\" height=\"837\" src=\"https:\/\/ayaneo.co\/wp-content\/uploads\/2025\/05\/ips_screen_rounded-1-1024x837-1.png\" alt=\"Promocijska grafika za bijelu ru&#x10D;nu igra&#x107;u konzolu (AYNNO Pocket ACE). Slika prikazuje dvije konzole koje lebde na svijetloj pozadini s plavo-&#x17E;utim gradijentom. Zaslon konzole prikazuje &#x161;areni retro dizajn duginih pruga s tekstom &quot;AYNNO Pocket ACE&quot;. Bijeli tekst na vrhu glasi: &quot;4,5&quot; IPS originalni zaslon u boji, s izvrsnim slikama koje o&#x17E;ivljavaju.&quot;   \" class=\"wp-image-37465\" style=\"object-fit:cover\" srcset=\"https:\/\/ayaneo.co\/wp-content\/uploads\/2025\/05\/ips_screen_rounded-1-1024x837-1.png 1024w, https:\/\/ayaneo.co\/wp-content\/uploads\/2025\/05\/ips_screen_rounded-1-1024x837-1-300x245.png 300w, https:\/\/ayaneo.co\/wp-content\/uploads\/2025\/05\/ips_screen_rounded-1-1024x837-1-768x628.png 768w, https:\/\/ayaneo.co\/wp-content\/uploads\/2025\/05\/ips_screen_rounded-1-1024x837-1-990x809.png 990w, https:\/\/ayaneo.co\/wp-content\/uploads\/2025\/05\/ips_screen_rounded-1-1024x837-1-441x360.png 441w, https:\/\/ayaneo.co\/wp-content\/uploads\/2025\/05\/ips_screen_rounded-1-1024x837-1-600x490.png 600w, https:\/\/ayaneo.co\/wp-content\/uploads\/2025\/05\/ips_screen_rounded-1-1024x837-1-150x123.png 150w\" sizes=\"(max-width: 1024px) 100vw, 1024px\" \/><\/a><\/figure>\n\n\n\n<h3 class=\"wp-block-heading\">Dizajn i prikaz<\/h3>\n\n\n\n<p>AYANEO Pocket ACE ima elegantan i kompaktan dizajn, koji podsje\u0107a na tradicionalne horizontalne ru\u010dne konzole. Njegov 4,5-in\u010dni IPS zaslon ima rezoluciju od 1620 \u00d7 1080 piksela s omjerom stranica 3:2, pru\u017eaju\u0107i \u017eive boje i o\u0161tre vizualne prikaze koji o\u017eivljavaju i retro i moderne igre. Ure\u0111aj je dostupan u tri razli\u010dite opcije boja:  <\/p>\n\n\n\n<ul class=\"wp-block-list\">\n<li>Ples sjena Crni<\/li>\n\n\n\n<li>Svijetla o\u0161trica bijela<\/li>\n\n\n\n<li>Retro Power (limitirano izdanje)<\/li>\n<\/ul>\n\n\n\n<p>\u010cetverostruko zakrivljeni rubovi i napredni UV premaz pru\u017eaju udoban hvat i vrhunski osje\u0107aj, osiguravaju\u0107i da produ\u017eene sesije igranja ostanu ugodne.<\/p>\n<\/div>\n\n\n\n<div class=\"wp-block-column is-layout-flow wp-block-column-is-layout-flow\">\n<figure class=\"wp-block-image size-full\"><a href=\"https:\/\/ayaneo.co\/wp-content\/uploads\/2025\/05\/battery_6000mah_rounded-1024x837-1.png\"><img loading=\"lazy\" decoding=\"async\" width=\"1024\" height=\"837\" src=\"https:\/\/ayaneo.co\/wp-content\/uploads\/2025\/05\/battery_6000mah_rounded-1024x837-1.png\" alt=\"Promocijska grafika koja isti&#x10D;e kapacitet baterije. Na tamnoj, crno-zelenoj gradijentnoj pozadini prikazana je velika, stilizirana ikona baterije s plavo-zelenom gradijentnom ispunom. Broj &quot;6000 mAh&quot; istaknuto je prikazan ispod ikone. Bijeli tekst na vrhu glasi: &quot;Velika baterija od 6000 mAh, za dugotrajnu igru &#x200B;&#x200B;bilo kada i bilo gdje.&quot;   \" class=\"wp-image-37466\" srcset=\"https:\/\/ayaneo.co\/wp-content\/uploads\/2025\/05\/battery_6000mah_rounded-1024x837-1.png 1024w, https:\/\/ayaneo.co\/wp-content\/uploads\/2025\/05\/battery_6000mah_rounded-1024x837-1-300x245.png 300w, https:\/\/ayaneo.co\/wp-content\/uploads\/2025\/05\/battery_6000mah_rounded-1024x837-1-768x628.png 768w, https:\/\/ayaneo.co\/wp-content\/uploads\/2025\/05\/battery_6000mah_rounded-1024x837-1-990x809.png 990w, https:\/\/ayaneo.co\/wp-content\/uploads\/2025\/05\/battery_6000mah_rounded-1024x837-1-441x360.png 441w, https:\/\/ayaneo.co\/wp-content\/uploads\/2025\/05\/battery_6000mah_rounded-1024x837-1-600x490.png 600w, https:\/\/ayaneo.co\/wp-content\/uploads\/2025\/05\/battery_6000mah_rounded-1024x837-1-150x123.png 150w\" sizes=\"(max-width: 1024px) 100vw, 1024px\" \/><\/a><\/figure>\n\n\n\n<h3 class=\"wp-block-heading\">Baterija i dodatne zna\u010dajke<\/h3>\n\n\n\n<p>Pocket ACE napaja baterija od 6000 mAh, koja podr\u017eava brzo punjenje od 40 W PD kako biste mogli dulje igrati. Ostale zna\u010dajne zna\u010dajke uklju\u010duju: <\/p>\n\n\n\n<ul class=\"wp-block-list\">\n<li>0916B Linearni motor s prenaponom za impresivnu hapti\u010dku povratnu informaciju<\/li>\n\n\n\n<li>\u0160estoosni \u017eiroskop za upravljanje pokretom<\/li>\n\n\n\n<li>Napredni sustav hla\u0111enja s ultra tankim ventilatorom, rebrima za odvo\u0111enje topline i bakrenom plo\u010dom<\/li>\n\n\n\n<li>Prepoznavanje otiska prsta integrirano u gumb za uklju\u010divanje\/isklju\u010divanje<\/li>\n<\/ul>\n\n\n\n<p>Ove zna\u010dajke osiguravaju optimalne performanse i pobolj\u0161ano iskustvo igranja<\/p>\n<\/div>\n<\/div>\n\n<hr class=\"wp-block-separator has-alpha-channel-opacity\"\/>\n\n<h3 class=\"wp-block-heading\">Korisni\u010dko iskustvo i zaklju\u010dak<\/h3>\n\n<p>AYANEO Pocket ACE isti\u010de se kao vrhunski ru\u010dni ure\u0111aj za igranje koji obuhva\u0107a bit klasi\u010dnih retro igara, a istovremeno pru\u017ea snagu i svestranost moderne tehnologije. Njegov kompaktan dizajn, sna\u017ene performanse i prilagodljive kontrole \u010dine ga iznimnim izborom za igra\u010de koji tra\u017ee prenosivo i impresivno iskustvo igranja. <\/p>\n\n<p>Pogledajte na\u0161u recenziju <a href=\"https:\/\/droix.net\/blogs\/ayaneo-pocket-ace-review\/\" target=\"_blank\" rel=\"noreferrer noopener nofollow\">ovdje<\/a> .<\/p>\n\n<p><\/p>\n","protected":false},"excerpt":{"rendered":"<ul>\n<li>Procesor: Qualcomm <strong>G3x Gen 2<\/strong><\/li>\n<li>Zaslon: 4,5&#8243; <strong>IPS zaslon osjetljiv na dodir bez okvira<\/strong><\/li>\n<li>RAM: Do <strong>16 GB<\/strong> LPDDR5X @ <strong>8533 MT\/s<\/strong><\/li>\n<li>Pohrana: Do <strong>1TB<\/strong> UFS 4.0<\/li>\n<li>Povezivost: Wi-Fi <strong>7<\/strong> i Bluetooth <strong>5.3<\/strong><\/li>\n<\/ul>\n<p><img loading=\"lazy\" decoding=\"async\" src=\"https:\/\/ayaneo.co\/wp-content\/uploads\/2025\/05\/acegifts2.jpg\" alt=\"Promotivni banner za  \" free=\"\" gifts=\"\" that=\"\" are=\"\" added=\"\" to=\"\" cart=\"\" for=\"\" a=\"\" handheld=\"\" gaming=\"\" console.=\"\" the=\"\" text=\"\" is=\"\" in=\"\" large=\"\" dark=\"\" grey=\"\" font=\"\" on=\"\" light=\"\" background.=\"\" image=\"\" displays=\"\" grid=\"\" of=\"\" product=\"\" accessories=\"\" with=\"\" case=\"\" protector=\"\" and=\"\" caps=\"\" width=\"1000\" height=\"140\" class=\"alignnone size-full wp-image-30151\" labels:=\"\" srcset=\"https:\/\/ayaneo.co\/wp-content\/uploads\/2025\/05\/acegifts2.jpg 1000w, https:\/\/ayaneo.co\/wp-content\/uploads\/2025\/05\/acegifts2-300x42.jpg 300w, https:\/\/ayaneo.co\/wp-content\/uploads\/2025\/05\/acegifts2-768x108.jpg 768w, https:\/\/ayaneo.co\/wp-content\/uploads\/2025\/05\/acegifts2-990x139.jpg 990w, https:\/\/ayaneo.co\/wp-content\/uploads\/2025\/05\/acegifts2-441x62.jpg 441w, https:\/\/ayaneo.co\/wp-content\/uploads\/2025\/05\/acegifts2-600x84.jpg 600w, https:\/\/ayaneo.co\/wp-content\/uploads\/2025\/05\/acegifts2-150x21.jpg 150w\" sizes=\"(max-width: 1000px) 100vw, 1000px\" \/><\/p>\n[cg_accordion title=\"INFORMACIJE O PLA\u0106ANJU\"]<\/p>\n<p>Koristimo najnoviju tehnologiju u obradi pla\u0107anja koja vam omogu\u0107uje pla\u0107anje putem Apple Paya, Google Paya, va\u0161e debitne\/kreditne kartice, PayPala ili BNPL metoda kao \u0161to su Klarna, Affirm ili AfterPay za brzo i sigurno iskustvo.[\/cg_accordion]\n[cg_accordion title=\"JAMSTVO\"]<\/p>\n<p>1 godina jamstva od <a href=\"https:\/\/droix.net\/\" target=\"_blank\" rel=\"nofollow noopener\">DROIX Globala<\/a> za va\u0161 mir[\/cg_accordion]\n[cg_accordion title=\"OSIGURANJE KVALITETE I ISPITIVANJE PRIJE OTPREME\"]<\/p>\n<p>Osiguravanje zadovoljstva kupaca na najvi\u0161oj razini: Svaki ure\u0111aj prolazi rigorozno testiranje i vi\u0161estruku provjeru kvalitete prije slanja. Na\u0161 predani tim provjerava performanse, funkcionalnost i integritet komponenti kako bi jam\u010dio da je va\u0161 AYANEO ure\u0111aj u savr\u0161enom radnom stanju po dolasku, pru\u017eaju\u0107i vam povjerenje i mir. [\/cg_accordion]\n[cg_accordion title=\"CIJENE, POREZI I DOSTAVA\"]<\/p>\n<p><strong><u>Bilje\u0161ka:<\/u><\/strong><\/p>\n<ul>\n<li>Kupci iz Sjedinjenih Ameri\u010dkih Dr\u017eava: Prikazana cijena NE uklju\u010duje POREZ ni carine. Odgovornost za carinjenje i pla\u0107anje svih povezanih poreza\/carina je na kupcu. <\/li>\n<li>Kupci iz EU: Prikazana cijena uklju\u010duje primjenjivi POREZ, koji mo\u017ee iznositi do 25%, ovisno o va\u0161oj zemlji.<\/li>\n<li>Kupci u Kanadi: Prikazana cijena uklju\u010duje primjenjive poreze, koji mogu uklju\u010divati \u200b\u200b5% GST-a i dodatne pokrajinske poreze na promet (PST), harmonizirani porez na promet (HST) ili porez na promet u Quebecu (QST), ovisno o va\u0161oj pokrajini.<\/li>\n<\/ul>\n<p><strong>SAMO za kupce iz EU:<\/strong> Ekspresna dostava s pla\u0107enim carinjenjem (DDP). To zna\u010di: <\/p>\n<ul>\n<li>Sve carine i porezi uklju\u010deni su u cijenu prikazanu na stranici proizvoda.<\/li>\n<li>Prilikom dostave ne\u0107ete morati platiti nikakve dodatne tro\u0161kove.<\/li>\n<li>U rijetkim slu\u010dajevima problema povezanih s carinom, na\u0161 tim \u0107e u va\u0161e ime obaviti carinjenje kako bi se osigurala nesmetana dostava.<\/li>\n<p>Va\u017ene informacije o povratu robe:<\/p>\n<li>Ako odlu\u010dite vratiti narud\u017ebu ili zatra\u017eiti povrat novca, imajte na umu da porezi i carine pla\u0107eni u va\u0161e ime prema DDP uvjetima ne mogu biti vra\u0107eni.<\/li>\n<p>Za detaljnije informacije pogledajte na\u0161e <a href=\"https:\/\/ayaneo.co\/terms-of-service-2\/\" target=\"_blank\" rel=\"nofollow noopener\">Uvjete i odredbe<\/a> .\n<\/ul>\n<p>[\/cg_accordion]\n[cg_accordion title=\"PODR\u0160KA KORISNICIMA\"]<\/p>\n<p>Imate pitanje? Samo nas trebate poslati poruku i rije\u0161it \u0107emo va\u0161 problem! [\/cg_accordion]\n[cg_accordion title=\"PAKET UKLJU\u010cUJE\"]<\/p>\n<ul>\n<li>1x AYANEO d\u017eepni ACE<\/li>\n<li>1x USB Type-C kabel<\/li>\n<li>1x Korisni\u010dki priru\u010dnik<\/li>\n<\/ul>\n<p>[\/cg_accordion]\n","protected":false},"featured_media":16210,"template":"","meta":{"_acf_changed":false},"product_brand":[],"product_cat":[1181],"product_tag":[],"class_list":{"0":"post-16203","1":"product","2":"type-product","3":"status-publish","4":"has-post-thumbnail","6":"product_cat-rucni-uredaj-za-igranje-android","7":"product_shipping_class-premium","8":"pa_brand-ayaneo","9":"pa_graphics-gpu-model-adreno-a32","10":"pa_operating-system-android-13","11":"pa_processor-cpu-brand-qualcomm","13":"first","14":"outofstock","15":"taxable","16":"shipping-taxable","17":"purchasable","18":"product-type-variable","19":"has-default-attributes"},"acf":[],"_links":{"self":[{"href":"https:\/\/ayaneo.co\/hr\/wp-json\/wp\/v2\/product\/16203","targetHints":{"allow":["GET"]}}],"collection":[{"href":"https:\/\/ayaneo.co\/hr\/wp-json\/wp\/v2\/product"}],"about":[{"href":"https:\/\/ayaneo.co\/hr\/wp-json\/wp\/v2\/types\/product"}],"wp:featuredmedia":[{"embeddable":true,"href":"https:\/\/ayaneo.co\/hr\/wp-json\/wp\/v2\/media\/16210"}],"wp:attachment":[{"href":"https:\/\/ayaneo.co\/hr\/wp-json\/wp\/v2\/media?parent=16203"}],"wp:term":[{"taxonomy":"product_brand","embeddable":true,"href":"https:\/\/ayaneo.co\/hr\/wp-json\/wp\/v2\/product_brand?post=16203"},{"taxonomy":"product_cat","embeddable":true,"href":"https:\/\/ayaneo.co\/hr\/wp-json\/wp\/v2\/product_cat?post=16203"},{"taxonomy":"product_tag","embeddable":true,"href":"https:\/\/ayaneo.co\/hr\/wp-json\/wp\/v2\/product_tag?post=16203"}],"curies":[{"name":"wp","href":"https:\/\/api.w.org\/{rel}","templated":true}]}}