{"id":16285,"date":"2025-05-08T13:01:34","date_gmt":"2025-05-08T13:01:34","guid":{"rendered":"https:\/\/ayaneo.co\/product\/ayaneo-ag01-zvjezdana-graficka-prikljucna-stanica\/"},"modified":"2026-01-06T00:31:34","modified_gmt":"2026-01-06T00:31:34","slug":"ayaneo-ag01","status":"publish","type":"product","link":"https:\/\/ayaneo.co\/hr\/product\/ayaneo-ag01\/","title":{"rendered":"AYANEO AG01 Zvjezdana grafi\u010dka priklju\u010dna stanica"},"content":{"rendered":"\n<figure class=\"wp-block-video\"><video height=\"1080\" style=\"aspect-ratio: 1920 \/ 1080;\" width=\"1920\" controls=\"\" poster=\"https:\/\/ayaneo.co\/wp-content\/uploads\/2025\/05\/maxresdefault-4.jpg\" src=\"https:\/\/ayaneo.co\/wp-content\/uploads\/2025\/05\/AYANEO-AG01-Starship-Graphic-Dock_-Salute-to-The-Era-of-Space-Science-Explore-The-Gaming-World.mp4\"><\/video><\/figure>\n\n<h2 class=\"wp-block-heading\" id=\"h-introducing-the-ayaneo-ag01-starship-graphics-dock-power-precision-and-portability-redefined\">Predstavljamo AYANEO AG01 Starship grafi\u010dku priklju\u010dnu stanicu: Redefinirana snaga, preciznost i prenosivost<\/h2>\n\n<p><strong>AYANEO AG01 Starship Graphics Dock<\/strong> uvodi novu eru za vanjska GPU rje\u0161enja, prilago\u0111ena igra\u010dima, kreatorima i profesionalcima koji zahtijevaju vrhunske performanse. S futuristi\u010dkim industrijskim dizajnom, vrhunskom AMD Radeon RX 7600M XT grafi\u010dkom karticom i robusnom kompatibilno\u0161\u0107u na Windows i Linux sustavima, AG01 nije samo dodatak \u2013 to je odsko\u010dna daska za beskompromisnu snagu stolnog ra\u010dunala u pokretu.   <\/p>\n\n<figure class=\"wp-block-image size-full\"><a href=\"https:\/\/ayaneo.co\/wp-content\/uploads\/2025\/05\/AYANEO-AG01-GRAPHICS_DOCK-MARKETING-IMAGE-DONE-1-1024x576-1.jpg\"><img fetchpriority=\"high\" decoding=\"async\" width=\"1024\" height=\"576\" src=\"https:\/\/ayaneo.co\/wp-content\/uploads\/2025\/05\/AYANEO-AG01-GRAPHICS_DOCK-MARKETING-IMAGE-DONE-1-1024x576-1.jpg\" alt=\"Tamna promotivna slika AYANEO AG01 s temom znanstvene fantastike, koja prikazuje gornji prsten ventilatora kako svijetli naran&#x10D;asto, a silueta ure&#x111;aja djelomi&#x10D;no osvijetljena, &#x161;to sugerira vizualni dojam vezanosti uz svemir.\" class=\"wp-image-37414\" srcset=\"https:\/\/ayaneo.co\/wp-content\/uploads\/2025\/05\/AYANEO-AG01-GRAPHICS_DOCK-MARKETING-IMAGE-DONE-1-1024x576-1.jpg 1024w, https:\/\/ayaneo.co\/wp-content\/uploads\/2025\/05\/AYANEO-AG01-GRAPHICS_DOCK-MARKETING-IMAGE-DONE-1-1024x576-1-300x169.jpg 300w, https:\/\/ayaneo.co\/wp-content\/uploads\/2025\/05\/AYANEO-AG01-GRAPHICS_DOCK-MARKETING-IMAGE-DONE-1-1024x576-1-768x432.jpg 768w, https:\/\/ayaneo.co\/wp-content\/uploads\/2025\/05\/AYANEO-AG01-GRAPHICS_DOCK-MARKETING-IMAGE-DONE-1-1024x576-1-990x557.jpg 990w, https:\/\/ayaneo.co\/wp-content\/uploads\/2025\/05\/AYANEO-AG01-GRAPHICS_DOCK-MARKETING-IMAGE-DONE-1-1024x576-1-441x248.jpg 441w, https:\/\/ayaneo.co\/wp-content\/uploads\/2025\/05\/AYANEO-AG01-GRAPHICS_DOCK-MARKETING-IMAGE-DONE-1-1024x576-1-600x338.jpg 600w, https:\/\/ayaneo.co\/wp-content\/uploads\/2025\/05\/AYANEO-AG01-GRAPHICS_DOCK-MARKETING-IMAGE-DONE-1-1024x576-1-150x84.jpg 150w\" sizes=\"(max-width: 1024px) 100vw, 1024px\" \/><\/a><\/figure>\n\n<p>Njegova vrhunska integracija OCuLink i USB4 su\u010delja \u010dini ga jednim od najsvestranijih eGPU dockova dostupnih danas. Bez obzira na to otklju\u010davate li ve\u0107e brzine sli\u010dica u sekundi na svojoj ru\u010dnoj konzoli ili pove\u0107avate produktivnost na kompaktnom prijenosnom ra\u010dunalu, kompaktni dizajn AG01 osigurava vrhunsku grafi\u010dku snagu bez \u017ertvovanja mobilnosti. Dobrodo\u0161li u sljede\u0107u generaciju vanjskih GPU-ova \u2013 odva\u017ene, lijepe i spremne za borbu.  <\/p>\n\n<hr class=\"wp-block-separator has-alpha-channel-opacity\"\/>\n\n<h2 class=\"wp-block-heading\" id=\"h-ayaneo-ag01-starship-grade-external-gpu-dock\">AYANEO AG01 \u2013 Vanjska GPU priklju\u010dna stanica zvjezdane klase<\/h2>\n\n<p><strong>AG01 Starship Graphics Dock<\/strong> je remek-djelo modernog in\u017eenjerstva i umjetni\u010dkog dizajna. Inspiriran futuristi\u010dkom estetikom svemirskih letjelica, kombinira prenosivost i performanse u ku\u0107i\u0161tu \u0161irine samo 18 cm i te\u017eine manje od 900 g. Njegov visoko u\u010dinkovit termalni dizajn, oja\u010dan sustavom hla\u0111enja u stilu turbine i zra\u010dnim kanalima, osigurava dugotrajne performanse bez usporavanja, \u010dak i tijekom intenzivnog igranja ili renderiranja.  <\/p>\n\n<figure class=\"wp-block-image size-full\"><a href=\"https:\/\/ayaneo.co\/wp-content\/uploads\/2025\/05\/AYANEO-AG01-GRAPHICS_DOCK-MARKETING-IMAGE-DONE-2-1024x855-1.jpg\"><img decoding=\"async\" width=\"1024\" height=\"855\" src=\"https:\/\/ayaneo.co\/wp-content\/uploads\/2025\/05\/AYANEO-AG01-GRAPHICS_DOCK-MARKETING-IMAGE-DONE-2-1024x855-1.jpg\" alt=\"Najva&#x17E;nije zna&#x10D;ajke AYANEO AG01 prikazane u futuristi&#x10D;kom rasporedu mre&#x17E;e, uklju&#x10D;uju&#x107;i RX 7600M XT &#x10D;ip, RGB osvjetljenje, prilagodljivu natpisnu plo&#x10D;icu, sustav hla&#x111;enja i mogu&#x107;nosti pro&#x161;irenja I\/O.\" class=\"wp-image-37415\" srcset=\"https:\/\/ayaneo.co\/wp-content\/uploads\/2025\/05\/AYANEO-AG01-GRAPHICS_DOCK-MARKETING-IMAGE-DONE-2-1024x855-1.jpg 1024w, https:\/\/ayaneo.co\/wp-content\/uploads\/2025\/05\/AYANEO-AG01-GRAPHICS_DOCK-MARKETING-IMAGE-DONE-2-1024x855-1-300x250.jpg 300w, https:\/\/ayaneo.co\/wp-content\/uploads\/2025\/05\/AYANEO-AG01-GRAPHICS_DOCK-MARKETING-IMAGE-DONE-2-1024x855-1-768x641.jpg 768w, https:\/\/ayaneo.co\/wp-content\/uploads\/2025\/05\/AYANEO-AG01-GRAPHICS_DOCK-MARKETING-IMAGE-DONE-2-1024x855-1-990x827.jpg 990w, https:\/\/ayaneo.co\/wp-content\/uploads\/2025\/05\/AYANEO-AG01-GRAPHICS_DOCK-MARKETING-IMAGE-DONE-2-1024x855-1-441x368.jpg 441w, https:\/\/ayaneo.co\/wp-content\/uploads\/2025\/05\/AYANEO-AG01-GRAPHICS_DOCK-MARKETING-IMAGE-DONE-2-1024x855-1-600x501.jpg 600w, https:\/\/ayaneo.co\/wp-content\/uploads\/2025\/05\/AYANEO-AG01-GRAPHICS_DOCK-MARKETING-IMAGE-DONE-2-1024x855-1-150x125.jpg 150w\" sizes=\"(max-width: 1024px) 100vw, 1024px\" \/><\/a><\/figure>\n\n<p>Opremljen <strong>AMD Radeon RX 7600M XT<\/strong> GPU-om temeljenim na RDNA3 arhitekturi, AG01 podr\u017eava vrhunsko AAA igranje, ure\u0111ivanje videa i 3D renderiranje s iznimnom u\u010dinkovito\u0161\u0107u. Idealan je pratitelj za prijenosne igra\u0107e ure\u0111aje poput AYANEO 2S, KUN, pa \u010dak i ure\u0111aje koji nisu AYANEO putem OCuLinka i USB4, uklju\u010duju\u0107i Steam Deck , ROG Ally i druge. <\/p>\n\n<hr class=\"wp-block-separator has-alpha-channel-opacity\"\/>\n\n<h2 class=\"wp-block-heading\" id=\"h-performance-that-launches-beyond-limits\">Performanse koje pomi\u010du granice<\/h2>\n\n<p><strong>Grafi\u010dka snaga:<\/strong> U srcu AG01 je <strong>AMD Radeon RX 7600M XT<\/strong> GPU s 32 ra\u010dunalne jedinice, 8 GB GDDR6 memorije i maksimalnim boost taktom od 2300 MHz. Ovaj sna\u017ean procesor pru\u017ea fluidno igranje u 1080p, pa \u010dak i 1440p rezoluciji, izvrsno se pokazuju\u0107i u visokou\u010dinkovitim aplikacijama, od AAA naslova do kreativnih radnih procesa ubrzanih GPU-om. <\/p>\n\n<p><strong>Napredni sustav hla\u0111enja:<\/strong> Za razliku od konvencionalnih eGPU-ova, AG01 ima jedinstveno konstruiran sustav hla\u0111enja s dvostrukim usisima za zrak i visokou\u010dinkovitim ventilatorom. Ovaj dizajn maksimizira protok zraka uz odr\u017eavanje niske buke, omogu\u0107uju\u0107i odr\u017eive performanse \u010dak i tijekom duljih sesija. <\/p>\n\n<hr class=\"wp-block-separator has-alpha-channel-opacity\"\/>\n\n<h2 class=\"wp-block-heading\" id=\"h-seamless-connectivity\">Besprijekorna povezivost<\/h2>\n\n<figure class=\"wp-block-image size-full\"><a href=\"https:\/\/ayaneo.co\/wp-content\/uploads\/2025\/05\/AYANEO-AG01-GRAPHICS_DOCK-MARKETING-IMAGE-DONE-3-1024x576-1.jpg\"><img decoding=\"async\" width=\"1024\" height=\"576\" src=\"https:\/\/ayaneo.co\/wp-content\/uploads\/2025\/05\/AYANEO-AG01-GRAPHICS_DOCK-MARKETING-IMAGE-DONE-3-1024x576-1.jpg\" alt=\"Dijagram koji prikazuje raspored stra&#x17E;njih ulazno\/izlaznih priklju&#x10D;aka AYANEO AG01 grafi&#x10D;ke priklju&#x10D;ne stanice, s ozna&#x10D;avanjem priklju&#x10D;aka, uklju&#x10D;uju&#x107;i DP 2.0, HDMI 2.1, OCuLink, USB4, DC, RJ45 i USB 3.2 Gen 2.\" class=\"wp-image-37416\" srcset=\"https:\/\/ayaneo.co\/wp-content\/uploads\/2025\/05\/AYANEO-AG01-GRAPHICS_DOCK-MARKETING-IMAGE-DONE-3-1024x576-1.jpg 1024w, https:\/\/ayaneo.co\/wp-content\/uploads\/2025\/05\/AYANEO-AG01-GRAPHICS_DOCK-MARKETING-IMAGE-DONE-3-1024x576-1-300x169.jpg 300w, https:\/\/ayaneo.co\/wp-content\/uploads\/2025\/05\/AYANEO-AG01-GRAPHICS_DOCK-MARKETING-IMAGE-DONE-3-1024x576-1-768x432.jpg 768w, https:\/\/ayaneo.co\/wp-content\/uploads\/2025\/05\/AYANEO-AG01-GRAPHICS_DOCK-MARKETING-IMAGE-DONE-3-1024x576-1-990x557.jpg 990w, https:\/\/ayaneo.co\/wp-content\/uploads\/2025\/05\/AYANEO-AG01-GRAPHICS_DOCK-MARKETING-IMAGE-DONE-3-1024x576-1-441x248.jpg 441w, https:\/\/ayaneo.co\/wp-content\/uploads\/2025\/05\/AYANEO-AG01-GRAPHICS_DOCK-MARKETING-IMAGE-DONE-3-1024x576-1-600x338.jpg 600w, https:\/\/ayaneo.co\/wp-content\/uploads\/2025\/05\/AYANEO-AG01-GRAPHICS_DOCK-MARKETING-IMAGE-DONE-3-1024x576-1-150x84.jpg 150w\" sizes=\"(max-width: 1024px) 100vw, 1024px\" \/><\/a><\/figure>\n\n<p><strong>Spreman za OCuLink i USB4:<\/strong> Za veze s niskom latencijom i velikom propusno\u0161\u0107u, AG01 podr\u017eava <strong>OCuLink SFF-8612<\/strong> i <strong>USB4<\/strong> , nude\u0107i \u0161iroku kompatibilnost s ru\u010dnim ra\u010dunalima i prijenosnim ra\u010dunalima. OCuLink pru\u017ea vrhunske performanse grafi\u010dke kartice zaobilaze\u0107i uska grla tradicionalnih Thunderbolt veza, \u0161to ga \u010dini najboljim izborom za ozbiljne igra\u010de i kreativce. <\/p>\n\n<p><strong>Podr\u0161ka za svestrane ure\u0111aje:<\/strong> Bez obzira spajate li se na AYANEO ru\u010dni ure\u0111aj, Steam Deck ili kompaktno Windows\/ Linux ra\u010dunalo, AG01 se lako prilago\u0111ava. Podr\u017eava plug-and-play funkcionalnost bez potrebe za pode\u0161avanjem BIOS-a za ve\u0107inu sustava. <\/p>\n\n<hr class=\"wp-block-separator has-alpha-channel-opacity\"\/>\n\n<h2 class=\"wp-block-heading\" id=\"h-built-to-travel-designed-to-impress\">Napravljen za putovanja, dizajniran da impresionira<\/h2>\n\n<p><strong>Kompaktan i lagan:<\/strong> S dimenzijama od samo 18 cm x 6,3 cm x 3 cm i te\u017einom od 869 g, AG01 je jedan od najmanjih visokou\u010dinkovitih eGPU dockova na svijetu. Njegov dizajn u svemirskom dobu ujedno je i upe\u010datljiv komad na va\u0161em stolu ili u va\u0161oj tehnolo\u0161koj torbi. <\/p>\n\n<p><strong>Vrhunski materijali:<\/strong> \u0160asija je izra\u0111ena od aluminijske legure zrakoplovne kvalitete, kombiniraju\u0107i izdr\u017eljivost s toplinskom u\u010dinkovito\u0161\u0107u i elegantnom estetikom.<\/p>\n\n<figure class=\"wp-block-image size-full\"><a href=\"https:\/\/ayaneo.co\/wp-content\/uploads\/2025\/05\/AYANEO-AG01-GRAPHICS_DOCK-MARKETING-IMAGE-DONE-8-1024x576-1.jpg\"><img loading=\"lazy\" decoding=\"async\" width=\"1024\" height=\"576\" src=\"https:\/\/ayaneo.co\/wp-content\/uploads\/2025\/05\/AYANEO-AG01-GRAPHICS_DOCK-MARKETING-IMAGE-DONE-8-1024x576-1.jpg\" alt=\"Dramati&#x10D;an prikaz dvostrukih metalnih dijelova AYANEO AG01 u sredini, nagla&#x161;avaju&#x107;i njegovo fino izra&#x111;eno metalno tijelo na pozadini zvjezdanog svemira.\" class=\"wp-image-37417\" srcset=\"https:\/\/ayaneo.co\/wp-content\/uploads\/2025\/05\/AYANEO-AG01-GRAPHICS_DOCK-MARKETING-IMAGE-DONE-8-1024x576-1.jpg 1024w, https:\/\/ayaneo.co\/wp-content\/uploads\/2025\/05\/AYANEO-AG01-GRAPHICS_DOCK-MARKETING-IMAGE-DONE-8-1024x576-1-300x169.jpg 300w, https:\/\/ayaneo.co\/wp-content\/uploads\/2025\/05\/AYANEO-AG01-GRAPHICS_DOCK-MARKETING-IMAGE-DONE-8-1024x576-1-768x432.jpg 768w, https:\/\/ayaneo.co\/wp-content\/uploads\/2025\/05\/AYANEO-AG01-GRAPHICS_DOCK-MARKETING-IMAGE-DONE-8-1024x576-1-990x557.jpg 990w, https:\/\/ayaneo.co\/wp-content\/uploads\/2025\/05\/AYANEO-AG01-GRAPHICS_DOCK-MARKETING-IMAGE-DONE-8-1024x576-1-441x248.jpg 441w, https:\/\/ayaneo.co\/wp-content\/uploads\/2025\/05\/AYANEO-AG01-GRAPHICS_DOCK-MARKETING-IMAGE-DONE-8-1024x576-1-600x338.jpg 600w, https:\/\/ayaneo.co\/wp-content\/uploads\/2025\/05\/AYANEO-AG01-GRAPHICS_DOCK-MARKETING-IMAGE-DONE-8-1024x576-1-150x84.jpg 150w\" sizes=\"(max-width: 1024px) 100vw, 1024px\" \/><\/a><\/figure>\n\n<hr class=\"wp-block-separator has-alpha-channel-opacity\"\/>\n\n<h2 class=\"wp-block-heading\" id=\"h-user-experience\">Korisni\u010dko iskustvo<\/h2>\n\n<p>AG01 postavlja nove standarde u performansama prilago\u0111enim korisniku. Njegova podr\u0161ka za Windows i Linux bez upravlja\u010dkih programa, besprijekorna kompatibilnost s ure\u0111ajima i plug-and-play postavka \u010dine ga idealnim i za po\u010detnike i za tehnolo\u0161ki napredne entuzijaste. Bez obzira strujite li, dizajnirate, igrate li igre ili obavljate vi\u0161e zadataka istovremeno na razli\u010ditim zaslonima, AG01 pru\u017ea glatko i impresivno iskustvo.  <\/p>\n\n<hr class=\"wp-block-separator has-alpha-channel-opacity\"\/>\n\n<h2 class=\"wp-block-heading\" id=\"h-conclusion\">Zaklju\u010dak<\/h2>\n\n<p><strong>AYANEO AG01 Starship Graphics Dock<\/strong> je vi\u0161e od samo vanjske grafi\u010dke kartice \u2013 to je skok u budu\u0107nost u kojoj se prenosivost susre\u0107e s pravim performansama na razini stolnog ra\u010dunala. S Radeon RX 7600M XT procesorom, dvostrukim su\u010deljem za povezivanje i umjetni\u010dkim dizajnom, AG01 redefinira \u0161to je mogu\u0107e u prijenosnom ra\u010dunalstvu. <\/p>\n\n<p>Naru\u010dite svoj AG01 unaprijed i postanite dio nove generacije igra\u010da i kreatora koji prihva\u0107aju beskompromisnu snagu gdje god da idu.  <strong>S AYANEO , zvijezde su samo po\u010detak.<\/strong><\/p>\n","protected":false},"excerpt":{"rendered":"<ul>\n<li><strong>Radeon\u2122 RX 7600M XT<\/strong> grafi\u010dka kartica s RDNA 3 arhitekturom<\/li>\n<li><strong>Dvostruko su\u010delje:<\/strong> OCuLink i USB 4.0 (Type-C, 65W PD)<\/li>\n<li><strong>Kompaktan i lagan:<\/strong> Prijenosni dizajn inspiriran zvjezdanim brodovima<\/li>\n<li><strong>Optimizirano hla\u0111enje:<\/strong> Visokou\u010dinkovit sustav turbinskih ventilatora<\/li>\n<li><strong>Kompatibilno s:<\/strong> AYANEO 2S, KUN, FLIP DS, ROG Ally , Steam Deck<\/li>\n<\/ul>\n[cg_accordion title=\"INFORMACIJE O PLA\u0106ANJU\"]<\/p>\n<p>Koristimo najnoviju tehnologiju u obradi pla\u0107anja koja vam omogu\u0107uje pla\u0107anje putem Apple Paya, Google Paya, va\u0161e debitne\/kreditne kartice, PayPala ili BNPL metoda kao \u0161to su Klarna, Affirm ili AfterPay za brzo i sigurno iskustvo.[\/cg_accordion]\n[cg_accordion title=\"JAMSTVO\"]<\/p>\n<p>1 godina jamstva od <a href=\"https:\/\/droix.net\/\" target=\"_blank\" rel=\"nofollow noopener\">DROIX Globala<\/a> za va\u0161 mir[\/cg_accordion]\n[cg_accordion title=\"OSIGURANJE KVALITETE I ISPITIVANJE PRIJE OTPREME\"]<\/p>\n<p>Osiguravanje zadovoljstva kupaca na najvi\u0161oj razini: Svaki ure\u0111aj prolazi rigorozno testiranje i vi\u0161estruku provjeru kvalitete prije slanja. Na\u0161 predani tim provjerava performanse, funkcionalnost i integritet komponenti kako bi jam\u010dio da je va\u0161 AYANEO ure\u0111aj u savr\u0161enom radnom stanju po dolasku, pru\u017eaju\u0107i vam povjerenje i mir. [\/cg_accordion]\n[cg_accordion title=\"CIJENE, POREZI I DOSTAVA\"]<\/p>\n<p><strong><u>Bilje\u0161ka:<\/u><\/strong><\/p>\n<ul>\n<li>Kupci iz Sjedinjenih Ameri\u010dkih Dr\u017eava: Prikazana cijena NE uklju\u010duje POREZ ni carine. Odgovornost za carinjenje i pla\u0107anje svih povezanih poreza\/carina je na kupcu. <\/li>\n<li>Kupci iz EU: Prikazana cijena uklju\u010duje primjenjivi POREZ, koji mo\u017ee iznositi do 25%, ovisno o va\u0161oj zemlji.<\/li>\n<li>Kupci u Kanadi: Prikazana cijena uklju\u010duje primjenjive poreze, koji mogu uklju\u010divati \u200b\u200b5% GST-a i dodatne pokrajinske poreze na promet (PST), harmonizirani porez na promet (HST) ili porez na promet u Quebecu (QST), ovisno o va\u0161oj pokrajini.<\/li>\n<\/ul>\n<p><strong>SAMO za kupce iz EU:<\/strong> Ekspresna dostava s pla\u0107enim carinjenjem (DDP). To zna\u010di: <\/p>\n<ul>\n<li>Sve carine i porezi uklju\u010deni su u cijenu prikazanu na stranici proizvoda.<\/li>\n<li>Prilikom dostave ne\u0107ete morati platiti nikakve dodatne tro\u0161kove.<\/li>\n<li>U rijetkim slu\u010dajevima problema povezanih s carinom, na\u0161 tim \u0107e u va\u0161e ime obaviti carinjenje kako bi se osigurala nesmetana dostava.<\/li>\n<p>Va\u017ene informacije o povratu robe:<\/p>\n<li>Ako odlu\u010dite vratiti narud\u017ebu ili zatra\u017eiti povrat novca, imajte na umu da porezi i carine pla\u0107eni u va\u0161e ime prema DDP uvjetima ne mogu biti vra\u0107eni.<\/li>\n<p>Za detaljnije informacije pogledajte na\u0161e <a href=\"https:\/\/ayaneo.co\/terms-of-service-2\/\" target=\"_blank\" rel=\"nofollow noopener\">Uvjete i odredbe<\/a> .\n<\/ul>\n<p>[\/cg_accordion]\n[cg_accordion title=\"PODR\u0160KA KORISNICIMA\"]<\/p>\n<p>Imate pitanje? Samo nas trebate poslati poruku i rije\u0161it \u0107emo va\u0161 problem! [\/cg_accordion]\n[cg_accordion title=\"PAKET UKLJU\u010cUJE\"]<\/p>\n<ul>\n<li>1x AYANEO AG01 Zvjezdana grafi\u010dka priklju\u010dna stanica<\/li>\n<li>1x USB Type-C kabel<\/li>\n<li>1x Korisni\u010dki priru\u010dnik<\/li>\n<\/ul>\n<p>[\/cg_accordion]\n","protected":false},"featured_media":16287,"template":"","meta":{"_acf_changed":false},"product_brand":[],"product_cat":[1141],"product_tag":[],"class_list":{"0":"post-16285","1":"product","2":"type-product","3":"status-publish","4":"has-post-thumbnail","6":"product_cat-pribor","7":"product_shipping_class-premium","8":"pa_brand-ayaneo","9":"pa_graphics-gpu-model-radeon-rx-7600m-xt","11":"first","12":"outofstock","13":"sale","14":"taxable","15":"shipping-taxable","16":"purchasable","17":"product-type-variable","18":"has-default-attributes"},"acf":[],"_links":{"self":[{"href":"https:\/\/ayaneo.co\/hr\/wp-json\/wp\/v2\/product\/16285","targetHints":{"allow":["GET"]}}],"collection":[{"href":"https:\/\/ayaneo.co\/hr\/wp-json\/wp\/v2\/product"}],"about":[{"href":"https:\/\/ayaneo.co\/hr\/wp-json\/wp\/v2\/types\/product"}],"wp:featuredmedia":[{"embeddable":true,"href":"https:\/\/ayaneo.co\/hr\/wp-json\/wp\/v2\/media\/16287"}],"wp:attachment":[{"href":"https:\/\/ayaneo.co\/hr\/wp-json\/wp\/v2\/media?parent=16285"}],"wp:term":[{"taxonomy":"product_brand","embeddable":true,"href":"https:\/\/ayaneo.co\/hr\/wp-json\/wp\/v2\/product_brand?post=16285"},{"taxonomy":"product_cat","embeddable":true,"href":"https:\/\/ayaneo.co\/hr\/wp-json\/wp\/v2\/product_cat?post=16285"},{"taxonomy":"product_tag","embeddable":true,"href":"https:\/\/ayaneo.co\/hr\/wp-json\/wp\/v2\/product_tag?post=16285"}],"curies":[{"name":"wp","href":"https:\/\/api.w.org\/{rel}","templated":true}]}}