{"id":18144,"date":"2024-08-15T15:04:41","date_gmt":"2024-08-15T15:04:41","guid":{"rendered":"https:\/\/ayaneo.co\/product\/ayaneo-dzepni-dmg\/"},"modified":"2025-12-11T00:11:26","modified_gmt":"2025-12-11T00:11:26","slug":"ayaneo-pocket-dmg","status":"publish","type":"product","link":"https:\/\/ayaneo.co\/hr\/product\/ayaneo-pocket-dmg\/","title":{"rendered":"AYANEO Pocket DMG"},"content":{"rendered":"\n<figure class=\"wp-block-video\"><video controls=\"\" src=\"https:\/\/droix.net\/wp-content\/uploads\/2024\/08\/AYANEO-Pocket-DMG&#xFF1A;The-Pinnacle-of-Retro-Vertical-Handhelds.mp4\"><\/video><\/figure>\n\n<div class=\"wp-block-columns is-layout-flex wp-container-core-columns-is-layout-28f84493 wp-block-columns-is-layout-flex\">\n<div class=\"wp-block-column is-layout-flow wp-block-column-is-layout-flow\" style=\"flex-basis:33.33%\">\n<figure class=\"wp-block-image size-large\"><a href=\"https:\/\/droix.net\/wp-content\/uploads\/2024\/08\/AYANEO-POCKET-DMG-ARTIC-BLACK-DONE-01.png\" target=\"_blank\" rel=\"noopener\"><img decoding=\"async\" src=\"https:\/\/droix.net\/wp-content\/uploads\/2024\/08\/AYANEO-POCKET-DMG-ARTIC-BLACK-DONE-01-1024x1024.png\" alt=\"Prednji pogled na AYANEO Pocket DMG u arkti&#x10D;ko crnoj boji, koji prikazuje retro dizajn s 3,92-in&#x10D;nim OLED zaslonom, D-padom, analognom palicom za upravljanje i tipkama.\" class=\"wp-image-184226\"\/><\/a><\/figure>\n<\/div>\n\n\n\n<div class=\"wp-block-column is-layout-flow wp-block-column-is-layout-flow\" style=\"flex-basis:66.66%\">\n<h3 class=\"wp-block-heading\" id=\"h-experience-retro-gaming-like-never-before-with-the-ayaneo-pocket-dmg\">Do\u017eivite retro igranje kao nikad prije s AYANEO Pocket DMG-om<\/h3>\n\n\n\n<p><strong>AYANEO Pocket DMG<\/strong> je revolucionarni <strong>ru\u010dni<\/strong> ure\u0111aj <strong>za igranje<\/strong> koji majstorski kombinira nostalgiju <strong>retro<\/strong> igara s naprednom modernom tehnologijom. Odaju\u0107i po\u010dast kultnom Game Boyu, ovaj <strong>vertikalni ru\u010dni ure\u0111aj<\/strong> pru\u017ea i poznatu estetiku i sna\u017ene performanse, \u0161to ga \u010dini idealnim izborom za ljubitelje <strong>retro<\/strong> i modernih igara. <\/p>\n<\/div>\n<\/div>\n\n<p><strong>AYANEO Pocket DMG<\/strong> je revolucionarni <strong>ru\u010dni<\/strong> ure\u0111aj <strong>za igranje<\/strong> koji majstorski kombinira nostalgiju <strong>retro<\/strong> igara s naprednom modernom tehnologijom. Odaju\u0107i po\u010dast kultnom Game Boyu, ovaj <strong>vertikalni ru\u010dni ure\u0111aj<\/strong> pru\u017ea i poznatu estetiku i sna\u017ene performanse, \u0161to ga \u010dini idealnim izborom za ljubitelje <strong>retro<\/strong> i modernih igara. <\/p>\n\n<h3 class=\"wp-block-heading\" id=\"h-design-and-display\">Dizajn i prikaz<\/h3>\n\n<p><strong>AYANEO Pocket DMG<\/strong> isti\u010de se svojim kompaktnim i nostalgi\u010dnim dizajnom, koji podsje\u0107a na klasi\u010dne <strong>retro ru\u010dne<\/strong> konzole. Sredi\u0161nji dio njegove privla\u010dnosti je 3,92-in\u010dni <strong>OLED zaslon<\/strong> , koji nudi o\u0161tru rezoluciju od 1240&#215;1080 i gusto\u0107u piksela od 419 PPI. Ovaj <strong>OLED zaslon<\/strong> osigurava \u017eive boje i o\u0161tre vizualne prikaze, o\u017eivljavaju\u0107i i retro i moderne igre sa zapanjuju\u0107om jasno\u0107om. Ure\u0111aj je dostupan u dvije razli\u010dite boje:   <\/p>\n\n<ul class=\"wp-block-list\">\n<li>Arkti\u010dka crna<\/li>\n\n\n\n<li>Mjese\u010devo bijelo<\/li>\n<\/ul>\n\n<div class=\"wp-block-columns is-layout-flex wp-container-core-columns-is-layout-28f84493 wp-block-columns-is-layout-flex\">\n<div class=\"wp-block-column is-layout-flow wp-block-column-is-layout-flow\">\n<figure class=\"wp-block-image size-large\"><a href=\"https:\/\/droix.net\/wp-content\/uploads\/2024\/08\/AYANEO-POCKET-DMG-MARKETING-DONE-14.jpg\" target=\"_blank\" rel=\"noopener\"><img decoding=\"async\" src=\"https:\/\/droix.net\/wp-content\/uploads\/2024\/08\/AYANEO-POCKET-DMG-MARKETING-DONE-14-1024x1024.jpg\" alt=\"Promocijska slika za AYANEO Pocket DMG s Snapdragon G3x Gen 2 gaming platformom. Nagla&#x161;ava da je to prvo vertikalno ru&#x10D;no ra&#x10D;unalo s ovim procesorom, prikazuju&#x107;i njegovu 1+4+3 Octa-Core arhitekturu s Kryo Prime Ultra jezgrama na 3,36 GHz, Adreno A32 GPU-om na 816 Hz i potro&#x161;njom od 15 W. \" class=\"wp-image-184229\"\/><\/a><\/figure>\n\n\n\n<h3 class=\"wp-block-heading\" id=\"h-performance\">Performanse<\/h3>\n\n\n\n<p>U srcu <strong>Pocket DMG<\/strong> -a je <strong>Snapdragon G3x Gen 2<\/strong> procesor, sna\u017ean \u010dip posebno prilago\u0111en za <strong>igranje igara<\/strong> <strong>s prijenosnih ra\u010dunala<\/strong> . Ovaj <strong>procesor<\/strong> osigurava besprijekornu emulaciju retro naslova i glatke performanse u modernim mobilnim igrama. Ure\u0111aj, koji radi na Android 13, pru\u017ea pristup ogromnom ekosustavu aplikacija i emulatora, \u0161to ga \u010dini svestranom platformom za sve va\u0161e potrebe <strong>igranja<\/strong> .  <\/p>\n<\/div>\n\n\n\n<div class=\"wp-block-column is-layout-flow wp-block-column-is-layout-flow\">\n<figure class=\"wp-block-image size-large\"><a href=\"https:\/\/droix.net\/wp-content\/uploads\/2024\/08\/AYANEO-POCKET-DMG-MARKETING-DONE-19.jpg\" target=\"_blank\" rel=\"noopener\"><img decoding=\"async\" src=\"https:\/\/droix.net\/wp-content\/uploads\/2024\/08\/AYANEO-POCKET-DMG-MARKETING-DONE-19-1024x1024.jpg\" alt=\"Infografika koja prikazuje vi&#x161;e funkcija AYANEO Pocket DMG-a usporedivih s profesionalnim kontrolerima. Zna&#x10D;ajke uklju&#x10D;uju visokopreciznu palicu za igru, podesivu osjetljivost, stanje pripravnosti s nultom potro&#x161;njom energije, ciljanje uz pomo&#x107; &#x17E;iroskopa, funkciju rafalnog pritiska tipki, ABXY zamjenu klju&#x10D;-vrijednost i podesivi intenzitet vibracije motora. Ispod, ruka dr&#x17E;i bijeli ure&#x111;aj, prikazuju&#x107;i &#x161;areni zaslon igre.  \" class=\"wp-image-184232\"\/><\/a><\/figure>\n\n\n\n<h3 class=\"wp-block-heading\" id=\"h-controls-and-inputs\">Kontrole i ulazi<\/h3>\n\n\n\n<p><strong>Pocket DMG<\/strong> nudi svestran i inovativan raspored kontrola koji odgovara \u0161irokom rasponu \u017eanrova <strong>igranja<\/strong> . Klju\u010dne zna\u010dajke uklju\u010duju: <\/p>\n\n\n\n<ul class=\"wp-block-list\">\n<li>Tradicionalni D-pad za precizan smjerni unos<\/li>\n\n\n\n<li>ABXY tipke na prednjoj strani za klasi\u010dno <strong>igranje<\/strong><\/li>\n\n\n\n<li>Jedan analogni <strong>joystick<\/strong> pobolj\u0161an Hallovom tehnologijom za to\u010dnost i izdr\u017eljivost<\/li>\n\n\n\n<li>Inovativna <strong>dodirna ploha<\/strong> koja slu\u017ei i kao drugi analogni ulaz<\/li>\n\n\n\n<li>Ramenski gumbi za dodatne mogu\u0107nosti upravljanja<\/li>\n<\/ul>\n\n\n\n<p>Ova kombinacija kontrola osigurava da <strong>Pocket DMG<\/strong> s lako\u0107om mo\u017ee podnijeti sve, od retro platformskih igara do modernih akcijskih igara.<\/p>\n<\/div>\n\n\n\n<div class=\"wp-block-column is-layout-flow wp-block-column-is-layout-flow\">\n<figure class=\"wp-block-image size-large\"><a href=\"https:\/\/droix.net\/wp-content\/uploads\/2024\/08\/AYANEO-POCKET-DMG-MARKETING-DONE-16.jpg\" target=\"_blank\" rel=\"noopener\"><img decoding=\"async\" src=\"https:\/\/droix.net\/wp-content\/uploads\/2024\/08\/AYANEO-POCKET-DMG-MARKETING-DONE-16-1024x1024.jpg\" alt=\"Infografika koja detaljno prikazuje &#x201E;besprijekornu kombinaciju snage&#x201D; AYANEO Pocket DMG-a, isti&#x10D;u&#x107;i njegovu brzu memoriju (LPDDR5X na 8533 Mbps), brzu pohranu (UFS 4.0 s brzinom &#x10D;itanja od 4000+ MB\/s) i veliki kapacitet za pohranu igara i aplikacija. Spominje se do 16 GB RAM-a i 1 TB opcija za pohranu. \" class=\"wp-image-184230\"\/><\/a><\/figure>\n\n\n\n<h3 class=\"wp-block-heading\" id=\"h-storage-and-connectivity\">Pohrana i povezivost<\/h3>\n\n\n\n<p><strong>AYANEO Pocket DMG<\/strong> pru\u017ea fleksibilna rje\u0161enja za pohranu kako bi zadovoljio potrebe razli\u010ditih entuzijasta <strong>za igranje<\/strong> <strong>s prijenosnim ure\u0111ajima<\/strong> :<\/p>\n\n\n\n<ul class=\"wp-block-list\">\n<li>8 GB RAM-a + 128 GB prostora za pohranu<\/li>\n<\/ul>\n\n\n\n<p>Osim toga, utor za microSD karticu omogu\u0107uje jednostavno pro\u0161irenje kapaciteta pohrane. \u0160to se ti\u010de povezivosti, ure\u0111aj uklju\u010duje: <\/p>\n\n\n\n<ul class=\"wp-block-list\">\n<li>Wi-Fi i Bluetooth 5.3 za be\u017ei\u010dnu komunikaciju<\/li>\n\n\n\n<li>USB-C priklju\u010dak za punjenje i spajanje dodatne opreme<\/li>\n<\/ul>\n<\/div>\n<\/div>\n\n<h3 class=\"wp-block-heading\" id=\"h-battery-and-additional-features\">Baterija i dodatne zna\u010dajke<\/h3>\n\n<p><strong>Pocket DMG<\/strong> napaja baterija od 6000 mAh , koja podr\u017eava brzo punjenje od 25 W PD kako biste mogli dulje igrati. Ostale zna\u010dajne zna\u010dajke uklju\u010duju: <\/p>\n\n<figure class=\"wp-block-image size-large\"><a href=\"https:\/\/droix.net\/wp-content\/uploads\/2024\/08\/AYANEO-POCKET-DMG-MARKETING-DONE-18.jpg\" target=\"_blank\" rel=\"noopener\"><img decoding=\"async\" src=\"https:\/\/droix.net\/wp-content\/uploads\/2024\/08\/AYANEO-POCKET-DMG-MARKETING-DONE-18-1024x1024.jpg\" alt=\"Marketin&#x161;ka slika koja prikazuje bateriju od 6000 mAh AYANEO Pocket DMG-a, nagla&#x161;avaju&#x107;i dugo trajanje baterije i podr&#x161;ku za brzo PD punjenje. Donji dio predstavlja Hallovu srednju upravlja&#x10D;ku palicu, isti&#x10D;u&#x107;i njezinu preciznost, izdr&#x17E;ljivost (5 milijuna kori&#x161;tenja) i pobolj&#x161;ane zna&#x10D;ajke upravljanja. \" class=\"wp-image-184231\"\/><\/a><\/figure>\n\n<ul class=\"wp-block-list\">\n<li>\u0160estoosni \u017eiroskop za upravljanje pokretom<\/li>\n\n\n\n<li>Aktivni sustav hla\u0111enja s ugra\u0111enim ventilatorom za odr\u017eavanje optimalnih performansi<\/li>\n\n\n\n<li>Kompaktna torba za no\u0161enje za jednostavno preno\u0161enje<\/li>\n<\/ul>\n\n<h3 class=\"wp-block-heading\" id=\"h-user-experience-and-conclusion\">Korisni\u010dko iskustvo i zaklju\u010dak<\/h3>\n\n<p><strong>AYANEO Pocket DMG<\/strong> je izniman izbor za ljubitelje <strong>retro igara<\/strong> i kolekcionare koji \u017eele ure\u0111aj koji obuhva\u0107a bit klasi\u010dnih <strong>retro ru\u010dnih<\/strong> igara, a istovremeno nudi snagu i svestranost moderne tehnologije. Bez obzira o\u017eivljavate li klasi\u010dne igre ili istra\u017eujete nove, ovaj <strong>ru\u010dni ure\u0111aj<\/strong> pru\u017ea impresivno i ugodno iskustvo <strong>igranja<\/strong> . <\/p>\n","protected":false},"excerpt":{"rendered":"<ul>\n<li>Procesor: Qualcomm <strong>Snapdragon G3x Gen 2<\/strong><\/li>\n<li>Zaslon: <strong>3,92-in\u010dni OLED<\/strong> , rezolucija 1240&#215;1080<\/li>\n<li>RAM: <strong>8GB<\/strong> LPDDR5X @ <strong>8533 MT\/s<\/strong><\/li>\n<li>Pohrana: <strong>128 GB<\/strong> UFS 3.1<\/li>\n<li>Povezivost: Wi-Fi <strong>6<\/strong> i Bluetooth <strong>5.3<\/strong><\/li>\n<\/ul>\n<p><img fetchpriority=\"high\" decoding=\"async\" src=\"https:\/\/ayaneo.co\/wp-content\/uploads\/2024\/08\/DMG-FREEBIES1.jpg\" alt=\"Promotivna slika sa svijetlo sivom pozadinom navodi  \" free=\"\" gifts=\"\" in=\"\" large=\"\" dark=\"\" gray=\"\" letters=\"\" at=\"\" the=\"\" top.=\"\" below=\"\" this=\"\" smaller=\"\" text=\"\" it=\"\" lists=\"\" case=\"\" and=\"\" caps=\"\" followed=\"\" by=\"\" added=\"\" to=\"\" cart=\"\" a=\"\" slightly=\"\" larger=\"\" font.=\"\" right=\"\" there=\"\" are=\"\" two=\"\" product=\"\" square=\"\" white=\"\" rainbow-colored=\"\" package=\"\" containing=\"\" four=\"\" black=\"\" thumbstick=\"\" mesh=\"\" protective=\"\" identical=\"\" one=\"\" previous=\"\" image=\"\" with=\"\" logo=\"\" bottom.=\"\" width=\"550\" height=\"140\" class=\"alignnone size-full wp-image-25170\" images:=\"\" srcset=\"https:\/\/ayaneo.co\/wp-content\/uploads\/2024\/08\/DMG-FREEBIES1.jpg 550w, https:\/\/ayaneo.co\/wp-content\/uploads\/2024\/08\/DMG-FREEBIES1-300x76.jpg 300w, https:\/\/ayaneo.co\/wp-content\/uploads\/2024\/08\/DMG-FREEBIES1-441x112.jpg 441w, https:\/\/ayaneo.co\/wp-content\/uploads\/2024\/08\/DMG-FREEBIES1-150x38.jpg 150w\" sizes=\"(max-width: 550px) 100vw, 550px\" \/><\/p>\n[cg_accordion title=\"INFORMACIJE O PLA\u0106ANJU\"] <\/p>\n<p>Koristimo najnoviju tehnologiju u obradi pla\u0107anja koja vam omogu\u0107uje pla\u0107anje putem Apple Paya, Google Paya, va\u0161e debitne\/kreditne kartice, PayPala ili BNPL metoda kao \u0161to su Klarna, Affirm ili AfterPay za brzo i sigurno iskustvo.[\/cg_accordion]\n[cg_accordion title=\"JAMSTVO\"] <\/p>\n<p>1 godina jamstva tvrtke <a href=\"https:\/\/droix.net\/\" target=\"_blank\" rel=\"nofollow noopener\">DROIX Global<\/a> za va\u0161 mir[\/cg_accordion]\n[cg_accordion title=\"CIJENE, POREZI I DOSTAVA\"] <\/p>\n<p><strong><u>Bilje\u0161ka:<\/u><\/strong><\/p>\n<ul>\n<li>Kupci iz Sjedinjenih Ameri\u010dkih Dr\u017eava: Prikazana cijena NE uklju\u010duje POREZ ni carine. Odgovornost za carinjenje i pla\u0107anje svih povezanih poreza\/carina je na kupcu. <\/li>\n<li>Kupci iz EU: Prikazana cijena uklju\u010duje primjenjivi POREZ, koji mo\u017ee iznositi do 25%, ovisno o va\u0161oj zemlji.<\/li>\n<li>Kupci u Kanadi: Prikazana cijena uklju\u010duje primjenjive poreze, koji mogu uklju\u010divati \u200b\u200b5% GST-a i dodatne pokrajinske poreze na promet (PST), harmonizirani porez na promet (HST) ili porez na promet u Quebecu (QST), ovisno o va\u0161oj pokrajini.<\/li>\n<\/ul>\n<p><strong>SAMO za kupce iz EU:<\/strong> Ekspresna dostava s pla\u0107enim carinjenjem (DDP). To zna\u010di: <\/p>\n<ul>\n<li>Sve carine i porezi uklju\u010deni su u cijenu prikazanu na stranici proizvoda.<\/li>\n<li>Prilikom dostave ne\u0107ete morati platiti nikakve dodatne tro\u0161kove.<\/li>\n<li>U rijetkim slu\u010dajevima problema povezanih s carinom, na\u0161 tim \u0107e u va\u0161e ime obaviti carinjenje kako bi se osigurala nesmetana dostava.<\/li>\n<p>Va\u017ene informacije o povratu robe:<\/p>\n<li>Ako odlu\u010dite vratiti narud\u017ebu ili zatra\u017eiti povrat novca, imajte na umu da porezi i carine pla\u0107eni u va\u0161e ime prema DDP uvjetima ne mogu biti vra\u0107eni.<\/li>\n<p>Molimo pogledajte na\u0161e<\/ul>\n<\/li>\n<\/ul>\n<p><a href=\"https:\/\/ayaneo.co\/hr\/uvjeti-pruzanja-usluge\/\" target=\"_blank\" rel=\"nofollow noopener\">Uvjeti i odredbe<\/a><\/p>\n<ul>za detaljne informacije.<\/ul>\n<p>[\/cg_accordion]\n[cg_accordion title=\"PODR\u0160KA KORISNICIMA\"] <\/p>\n<p>Imate pitanje? Samo nas trebate poslati poruku i rije\u0161it \u0107emo va\u0161 problem!   [\/cg_accordion]\n[cg_accordion title=\"Paket uklju\u010duje\"]<\/p>\n<ul>\n<li>1x AYANEO d\u017eepni DMG<\/li>\n<li>1x USB Type-C kabel<\/li>\n<li>1x Korisni\u010dki priru\u010dnik<\/li>\n<\/ul>\n<p>[\/cg_accordion]\n","protected":false},"featured_media":18145,"template":"","meta":{"_acf_changed":false},"product_brand":[],"product_cat":[1181],"product_tag":[],"class_list":{"0":"post-18144","1":"product","2":"type-product","3":"status-publish","4":"has-post-thumbnail","6":"product_cat-rucni-uredaj-za-igranje-android","7":"product_shipping_class-standard","8":"pa_brand-ayaneo","10":"first","11":"instock","12":"taxable","13":"shipping-taxable","14":"purchasable","15":"product-type-variable","16":"has-default-attributes"},"acf":[],"_links":{"self":[{"href":"https:\/\/ayaneo.co\/hr\/wp-json\/wp\/v2\/product\/18144","targetHints":{"allow":["GET"]}}],"collection":[{"href":"https:\/\/ayaneo.co\/hr\/wp-json\/wp\/v2\/product"}],"about":[{"href":"https:\/\/ayaneo.co\/hr\/wp-json\/wp\/v2\/types\/product"}],"wp:featuredmedia":[{"embeddable":true,"href":"https:\/\/ayaneo.co\/hr\/wp-json\/wp\/v2\/media\/18145"}],"wp:attachment":[{"href":"https:\/\/ayaneo.co\/hr\/wp-json\/wp\/v2\/media?parent=18144"}],"wp:term":[{"taxonomy":"product_brand","embeddable":true,"href":"https:\/\/ayaneo.co\/hr\/wp-json\/wp\/v2\/product_brand?post=18144"},{"taxonomy":"product_cat","embeddable":true,"href":"https:\/\/ayaneo.co\/hr\/wp-json\/wp\/v2\/product_cat?post=18144"},{"taxonomy":"product_tag","embeddable":true,"href":"https:\/\/ayaneo.co\/hr\/wp-json\/wp\/v2\/product_tag?post=18144"}],"curies":[{"name":"wp","href":"https:\/\/api.w.org\/{rel}","templated":true}]}}