{"id":18285,"date":"2023-03-11T18:05:35","date_gmt":"2023-03-11T18:05:35","guid":{"rendered":"https:\/\/ayaneo.co\/product\/ayaneo-visestanicka-stanica\/"},"modified":"2025-05-31T09:33:22","modified_gmt":"2025-05-31T09:33:22","slug":"ayaneo-visestanicka-stanica","status":"publish","type":"product","link":"https:\/\/ayaneo.co\/hr\/product\/ayaneo-visestanicka-stanica\/","title":{"rendered":"AYANEO VI\u0160ESTANI\u010cKA STANICA"},"content":{"rendered":"\n<p>Otklju\u010dajte puni potencijal svog AYANEO uz Multi Docking Station! S osam priklju\u010daka za pro\u0161irenje, spojite vi\u0161e perifernih ure\u0111aja kako biste pobolj\u0161ali svoje iskustvo igranja. Dostupan u bademovo sivoj i grafitno crnoj boji. Kompatibilan je sa svim AYANEO modelima, zauzima minimalno prostora na radnoj povr\u0161ini, a istovremeno pru\u017ea sigurnu povezivost. U\u017eivajte u brzom prijenosu podataka, HDMI 2.0b video izlazu do 4K pri 60Hz i utorima za Micro SD i SD kartice. Pretvorite svoje igra\u0107e ru\u010dno ra\u010dunalo u mo\u0107no rje\u0161enje nalik stolnom ra\u010dunalu uz AYANEO Multi Docking Station!     <\/p>\n","protected":false},"excerpt":{"rendered":"<ul>\n<li><b>Slu\u017ebeni AYANEO proizvod<\/b><\/li>\n<li><strong>Kompatibilno<\/strong> sa <strong>svim AYANEO ru\u010dnim ure\u0111ajima<\/strong><\/li>\n<li><b>Ekskluzivni patentirani osnovni utika\u010d<\/b><\/li>\n<li><strong>Do 8<\/strong> portova za pro\u0161irenje<\/li>\n<li>Utor za MicroSD karticu<\/li>\n<\/ul>\n[cg_accordion title=\"INFORMACIJE O PLA\u0106ANJU\"]<\/p>\n<p>Koristimo najnoviju tehnologiju u obradi pla\u0107anja koja vam omogu\u0107uje pla\u0107anje putem Apple Paya, Google Paya, va\u0161e debitne\/kreditne kartice, PayPala ili BNPL metoda kao \u0161to su Klarna, Affirm ili AfterPay za brzo i sigurno iskustvo.[\/cg_accordion]\n[cg_accordion title=\"JAMSTVO\"]<\/p>\n<p>1 godina jamstva od <a href=\"https:\/\/droix.net\/\" target=\"_blank\" rel=\"nofollow noopener\">DROIX Globala<\/a> za va\u0161 mir[\/cg_accordion]\n[cg_accordion title=\"CIJENE, POREZI I DOSTAVA\"]<\/p>\n<p><strong><u>Bilje\u0161ka:<\/u><\/strong><\/p>\n<ul>\n<li>Kupci iz Sjedinjenih Ameri\u010dkih Dr\u017eava: Prikazana cijena NE uklju\u010duje POREZ ni carine. Odgovornost za carinjenje i pla\u0107anje svih povezanih poreza\/carina je na kupcu. <\/li>\n<li>Kupci iz EU: Prikazana cijena uklju\u010duje primjenjivi POREZ, koji mo\u017ee iznositi do 25%, ovisno o va\u0161oj zemlji.<\/li>\n<li>Kupci u Kanadi: Prikazana cijena uklju\u010duje primjenjive poreze, koji mogu uklju\u010divati \u200b\u200b5% GST-a i dodatne pokrajinske poreze na promet (PST), harmonizirani porez na promet (HST) ili porez na promet u Quebecu (QST), ovisno o va\u0161oj pokrajini.<\/li>\n<\/ul>\n<p><strong>SAMO za kupce iz EU:<\/strong> Ekspresna dostava s pla\u0107enim carinjenjem (DDP). To zna\u010di: <\/p>\n<ul>\n<li>Sve carine i porezi uklju\u010deni su u cijenu prikazanu na stranici proizvoda.<\/li>\n<li>Prilikom dostave ne\u0107ete morati platiti nikakve dodatne tro\u0161kove.<\/li>\n<li>U rijetkim slu\u010dajevima problema povezanih s carinom, na\u0161 tim \u0107e u va\u0161e ime obaviti carinjenje kako bi se osigurala nesmetana dostava.<\/li>\n<p>Va\u017ene informacije o povratu robe:<\/p>\n<li>Ako odlu\u010dite vratiti narud\u017ebu ili zatra\u017eiti povrat novca, imajte na umu da porezi i carine pla\u0107eni u va\u0161e ime prema DDP uvjetima ne mogu biti vra\u0107eni.<\/li>\n<p>Za detaljnije informacije pogledajte na\u0161e <a href=\"https:\/\/ayaneo.co\/terms-of-service-2\/\" target=\"_blank\" rel=\"nofollow noopener\">Uvjete i odredbe<\/a> .\n<\/ul>\n<p>[\/cg_accordion]\n[cg_accordion title=\"PODR\u0160KA KORISNICIMA\"]<\/p>\n<p>Imate pitanje? Samo nas trebate poslati poruku i rije\u0161it \u0107emo va\u0161 problem!<br \/>\n[\/cg_accordion]\n","protected":false},"featured_media":18343,"template":"","meta":{"_acf_changed":false},"product_brand":[],"product_cat":[1141],"product_tag":[],"class_list":{"0":"post-18285","1":"product","2":"type-product","3":"status-publish","4":"has-post-thumbnail","6":"product_cat-pribor","7":"product_shipping_class-low-end","8":"pa_accessory-type-docking-station-hr","9":"pa_brand-ayaneo","10":"pa_compatible-with-ayaneo-2-hr","11":"pa_compatible-with-ayaneo-2021-hr","12":"pa_compatible-with-ayaneo-air-hr","13":"pa_compatible-with-ayaneo-geek-hr","15":"first","16":"instock","17":"sale","18":"taxable","19":"shipping-taxable","20":"purchasable","21":"product-type-variable"},"acf":[],"_links":{"self":[{"href":"https:\/\/ayaneo.co\/hr\/wp-json\/wp\/v2\/product\/18285","targetHints":{"allow":["GET"]}}],"collection":[{"href":"https:\/\/ayaneo.co\/hr\/wp-json\/wp\/v2\/product"}],"about":[{"href":"https:\/\/ayaneo.co\/hr\/wp-json\/wp\/v2\/types\/product"}],"wp:featuredmedia":[{"embeddable":true,"href":"https:\/\/ayaneo.co\/hr\/wp-json\/wp\/v2\/media\/18343"}],"wp:attachment":[{"href":"https:\/\/ayaneo.co\/hr\/wp-json\/wp\/v2\/media?parent=18285"}],"wp:term":[{"taxonomy":"product_brand","embeddable":true,"href":"https:\/\/ayaneo.co\/hr\/wp-json\/wp\/v2\/product_brand?post=18285"},{"taxonomy":"product_cat","embeddable":true,"href":"https:\/\/ayaneo.co\/hr\/wp-json\/wp\/v2\/product_cat?post=18285"},{"taxonomy":"product_tag","embeddable":true,"href":"https:\/\/ayaneo.co\/hr\/wp-json\/wp\/v2\/product_tag?post=18285"}],"curies":[{"name":"wp","href":"https:\/\/api.w.org\/{rel}","templated":true}]}}