{"id":19189,"date":"2024-08-16T09:46:32","date_gmt":"2024-08-16T09:46:32","guid":{"rendered":"https:\/\/ayaneo.co\/product\/ayaneo-dzepni-mikro\/"},"modified":"2025-09-25T08:46:13","modified_gmt":"2025-09-25T08:46:13","slug":"ayaneo-dzepni-mikro","status":"publish","type":"product","link":"https:\/\/ayaneo.co\/hr\/product\/ayaneo-dzepni-mikro\/","title":{"rendered":"AYANEO Pocket Micro"},"content":{"rendered":"\n<figure class=\"wp-block-video\"><video controls=\"\" poster=\"https:\/\/droix.net\/wp-content\/uploads\/2024\/08\/AYANEO-Pocket-MICRO-announced-1.webp\" src=\"https:\/\/droix.net\/wp-content\/uploads\/2024\/08\/AYANEO-Pocket-MICRO-Gaming-Experience-&#x2014;&#x2014;-Dungreed.mp4\"><\/video><\/figure>\n\n<div class=\"wp-block-columns is-layout-flex wp-container-core-columns-is-layout-28f84493 wp-block-columns-is-layout-flex\">\n<div class=\"wp-block-column is-layout-flow wp-block-column-is-layout-flow\" style=\"flex-basis:33.33%\">\n<figure class=\"wp-block-image size-large\"><a href=\"https:\/\/droix.net\/wp-content\/uploads\/2024\/08\/AYANEO-POCKET-MICRO-MARKETING-DONE-01.jpg\" target=\"_blank\" rel=\"noopener\"><img decoding=\"async\" src=\"https:\/\/droix.net\/wp-content\/uploads\/2024\/08\/AYANEO-POCKET-MICRO-MARKETING-DONE-01-1024x1024.jpg\" alt=\"Bo&#x10D;ni pogled na AYANEO Pocket Micro u crnoj boji, koji pokazuje njegov tanki profil s vidljivim gumbima i otvorima za ventilaciju. Zaslon prikazuje &#x161;arene linije. Tekst s desne strane glasi &#x201E;AYANEO POCKET MICRO: Vrhunska horizontalna retro ru&#x10D;na konzola. Nje&#x17E;na igra&#x10D;ka koju ne&#x107;ete htjeti ispustiti iz ruku.&#x201D;  \" class=\"wp-image-184281\"\/><\/a><\/figure>\n<\/div>\n\n\n\n<div class=\"wp-block-column is-layout-flow wp-block-column-is-layout-flow\" style=\"flex-basis:66.66%\">\n<h3 class=\"wp-block-heading\" id=\"h-ayaneo-pocket-micro-a-premium-handheld-gaming-experience\"><strong>AYANEO Pocket Micro: Vrhunsko ru\u010dno iskustvo igranja<\/strong><\/h3>\n\n\n\n<p>AYANEO Pocket Micro predstavlja spoj retro estetike i vrhunske tehnologije, nude\u0107i jedinstveno iskustvo igranja u ruci. Kombiniraju\u0107i kompaktan oblik s naprednim zna\u010dajkama, ovaj ure\u0111aj zadovoljava i nostalgi\u010dne igra\u010de i moderne entuzijaste tehnologije. S okvirom od CNC aluminijske legure, IPS zaslonom bez okvira i visokou\u010dinkovitim unutarnjim dijelovima, Pocket Micro pru\u017ea iznimno iskustvo igranja u elegantnom i izdr\u017eljivom pakiranju.  <\/p>\n<\/div>\n<\/div>\n\n<div class=\"wp-block-columns is-layout-flex wp-container-core-columns-is-layout-28f84493 wp-block-columns-is-layout-flex\">\n<div class=\"wp-block-column is-layout-flow wp-block-column-is-layout-flow\">\n<figure class=\"wp-block-image size-large\"><a href=\"https:\/\/droix.net\/wp-content\/uploads\/2024\/08\/AYANEO-POCKET-MICRO-MARKETING-DONE-08.jpg\" target=\"_blank\" rel=\"noopener\"><img decoding=\"async\" src=\"https:\/\/droix.net\/wp-content\/uploads\/2024\/08\/AYANEO-POCKET-MICRO-MARKETING-DONE-08-1024x1024.jpg\" alt=\"Bo&#x10D;ni pogled na AYANEO Pocket Micro, koji prikazuje njegov CNC okvir od aluminijske legure s vidljivim tipkama L1 i L2 i ventilacijskim otvorima. Tekst isti&#x10D;e vrhunsku teksturu i vrhunski osje&#x107;aj ure&#x111;aja, spominju&#x107;i jedinstvenu metalnu teksturu, proces anodne oksidacije i ku&#x107;i&#x161;te visoke &#x10D;vrsto&#x107;e. \" class=\"wp-image-184277\"\/><\/a><\/figure>\n\n\n\n<h3 class=\"wp-block-heading\" id=\"h-design-and-build\"><strong>Dizajn i izgradnja<\/strong><\/h3>\n\n\n\n<p>Pocket Micro ima CNC okvir od aluminijske legure za pobolj\u0161anu izdr\u017eljivost i vrhunski osje\u0107aj. Njegov elegantan dizajn cijelog zaslona bez okvira pru\u017ea impresivno iskustvo gledanja. Dostupan u bojama Obsidian Black, Charm Red i Vintage Grey, ure\u0111aj ima blistave staklene plo\u010de i okvir od anodiziranog aluminija, \u0161to doprinosi njegovom sofisticiranom, vrhunskom izgledu.  <\/p>\n<\/div>\n\n\n\n<div class=\"wp-block-column is-layout-flow wp-block-column-is-layout-flow\">\n<figure class=\"wp-block-image size-large\"><a href=\"https:\/\/droix.net\/wp-content\/uploads\/2024\/08\/AYANEO-POCKET-MICRO-MARKETING-DONE-02.jpg\" target=\"_blank\" rel=\"noopener\"><img decoding=\"async\" src=\"https:\/\/droix.net\/wp-content\/uploads\/2024\/08\/AYANEO-POCKET-MICRO-MARKETING-DONE-02-1024x1024.jpg\" alt=\"Krupni plan AYANEO Pocket Micro u crnoj boji, koji prikazuje D-pad, akcijske tipke i zaslon sa &#x161;arenim linijama. Tekst pri dnu opisuje AYANEO REMAKE konceptnu inovaciju, isti&#x10D;u&#x107;i zna&#x10D;ajke poput 3,5-in&#x10D;nog 640P zaslona, &#x200B;&#x200B;okvira od CNC aluminijske legure i vrhunske izrade. Logotip &#x201E;REMAKE&#x201D; vidljiv je u gornjem lijevom kutu. \" class=\"wp-image-184278\"\/><\/a><\/figure>\n\n\n\n<h3 class=\"wp-block-heading\" id=\"h-display\"><strong>Prikaz<\/strong><\/h3>\n\n\n\n<p>Ure\u0111aj je opremljen 3,5-in\u010dnim IPS zaslonom bez okvira, koji nudi rezoluciju od 960 x 640 i omjer slike 3:2. S gusto\u0107om piksela od 330 PPI i 100% sRGB pokriveno\u0161\u0107u, zaslon pru\u017ea \u017eivopisne slike visoke razlu\u010divosti. 4X nativna GBA rezolucija osigurava da klasi\u010dne igre zadr\u017ee jasno\u0107u i boje bez izobli\u010denja.  <\/p>\n<\/div>\n\n\n\n<div class=\"wp-block-column is-layout-flow wp-block-column-is-layout-flow\">\n<figure class=\"wp-block-image size-large\"><a href=\"https:\/\/droix.net\/wp-content\/uploads\/2024\/08\/AYANEO-POCKET-MICRO-MARKETING-DONE-13.jpg\" target=\"_blank\" rel=\"noopener\"><img decoding=\"async\" src=\"https:\/\/droix.net\/wp-content\/uploads\/2024\/08\/AYANEO-POCKET-MICRO-MARKETING-DONE-13-1024x1024.jpg\" alt=\"Grafika koja prikazuje MediaTek Helio G99 procesor u AYANEO Pocket Micro. Tekstualni okviri isti&#x10D;u njegov osmojezgreni procesor sposoban za pokretanje PS2 igara, aktivno hla&#x111;enje za duge sesije igranja i do 6 sati trajanja baterije. Logotip Helio G99 istaknuto je prikazan na &#x161;arenoj pozadini.  \" class=\"wp-image-184267\"\/><\/a><\/figure>\n\n\n\n<h3 class=\"wp-block-heading\" id=\"h-performance\"><strong>Performanse<\/strong><\/h3>\n\n\n\n<p>Pokretan MediaTek Helio G99 procesorom, Pocket Micro osigurava glatko igranje igara do PS2. Ima LPDDR4X 4266Mbps memoriju i nudi dvije opcije pohrane: 6GB + 128GB ili 8GB + 256GB. Ova konfiguracija nudi dovoljno prostora za raznoliku biblioteku igara uz odr\u017eavanje visokih performansi.  <\/p>\n<\/div>\n<\/div>\n\n<div class=\"wp-block-columns is-layout-flex wp-container-core-columns-is-layout-28f84493 wp-block-columns-is-layout-flex\">\n<div class=\"wp-block-column is-layout-flow wp-block-column-is-layout-flow\">\n<figure class=\"wp-block-image size-large\"><a href=\"https:\/\/droix.net\/wp-content\/uploads\/2024\/08\/AYANEO-POCKET-MICRO-MARKETING-DONE-15.jpg\" target=\"_blank\" rel=\"noopener\"><img decoding=\"async\" src=\"https:\/\/droix.net\/wp-content\/uploads\/2024\/08\/AYANEO-POCKET-MICRO-MARKETING-DONE-15-1024x1024.jpg\" alt=\"Ruke koje dr&#x17E;e AYANEO Pocket Micro, prikazuju&#x107;i stra&#x17E;nju stranu ure&#x111;aja s tipkama na ramenu i otvorima za ventilaciju. Ispod je dijagram prednje strane ure&#x111;aja koji prikazuje raspored tipki i zaslon. Tekst opisuje jedinstveni dizajn tipki i kreativno taktilno iskustvo, uklju&#x10D;uju&#x107;i detalje o tipkama na ramenu L1, L2, R1, R2 i zna&#x10D;ajkama kri&#x17E;nih tipki.  \" class=\"wp-image-184279\"\/><\/a><\/figure>\n\n\n\n<h3 class=\"wp-block-heading\" id=\"h-controls-and-features\"><strong>Kontrole i zna\u010dajke<\/strong><\/h3>\n\n\n\n<p>Ure\u0111aj ima inovativan raspored kontrola za udobnost i responzivnost. Uklju\u010duje Hall joysticke, tipke na ramenu L1\/L2\/R1\/R2 s razli\u010ditim visinama i tipku za prebacivanje. Dodatne kontrole uklju\u010duju glavnu ru\u010dku za sve strane, linearni motor na X osi za vibracijsku povratnu informaciju i \u0161estoosni \u017eiroskop za pobolj\u0161anu kontrolu igre.  <\/p>\n<\/div>\n\n\n\n<div class=\"wp-block-column is-layout-flow wp-block-column-is-layout-flow\">\n<figure class=\"wp-block-image size-large\"><a href=\"https:\/\/droix.net\/wp-content\/uploads\/2024\/08\/AYANEO-POCKET-MICRO-MARKETING-DONE-16.jpg\" target=\"_blank\" rel=\"noopener\"><img decoding=\"async\" src=\"https:\/\/droix.net\/wp-content\/uploads\/2024\/08\/AYANEO-POCKET-MICRO-MARKETING-DONE-16-1024x1024.jpg\" alt=\"Krupni plan ruku koje dr&#x17E;e AYANEO Pocket Micro, na zaslonu se prikazuje igra &#x201E;Balatro&#x201D;. Gore, ikone predstavljaju zna&#x10D;ajke povezivanja: dvopojasni WiFi 5 i BT 5.2, USB Type-C su&#x10D;elje i utor za Micro SD karticu, s kratkim opisima prednosti svake zna&#x10D;ajke. \" class=\"wp-image-184269\"\/><\/a><\/figure>\n\n\n\n<h3 class=\"wp-block-heading\" id=\"h-connectivity-and-software\"><strong>Povezivost i softver<\/strong><\/h3>\n\n\n\n<p>Pocket Micro, s Android 13, podr\u017eava dvopojasni WiFi 5 i Bluetooth 5.2 za pouzdanu be\u017ei\u010dnu povezivost. Uklju\u010duje USB Type-C priklju\u010dak s podr\u0161kom za USB 2.0 OTG i utor za Micro SD karticu (SD 3.0) za pro\u0161irenu pohranu. Ure\u0111ajem se upravlja putem AYASpace Management Front-enda i AYAHome Desktop Launchera, \u0161to osigurava jednostavno korisni\u010dko iskustvo.  <\/p>\n<\/div>\n\n\n\n<div class=\"wp-block-column is-layout-flow wp-block-column-is-layout-flow\">\n<figure class=\"wp-block-image size-large\"><a href=\"https:\/\/droix.net\/wp-content\/uploads\/2024\/08\/AYANEO-POCKET-MICRO-MARKETING-DONE-14.jpg\" target=\"_blank\" rel=\"noopener\"><img decoding=\"async\" src=\"https:\/\/droix.net\/wp-content\/uploads\/2024\/08\/AYANEO-POCKET-MICRO-MARKETING-DONE-14-1024x1024.jpg\" alt=\"Elegantni crni ru&#x10D;ni ure&#x111;aj za igranje pod nazivom AYANEO Pocket Micro prikazan pod kutom, isti&#x10D;u&#x107;i njegov tanki profil i raspored tipki. Ispod su ikone koje predstavljaju razne zna&#x10D;ajke poput ciljanja &#x17E;iroskopom, visokopreciznih joysticka i opcija prilagodbe tipki. \" class=\"wp-image-184268\"\/><\/a><\/figure>\n\n\n\n<h3 class=\"wp-block-heading\" id=\"h-innovative-button-design\"><strong>Inovativni dizajn gumba<\/strong><\/h3>\n\n\n\n<p>Pocket Micro ima jedinstveni raspored tipki s kri\u017enim tipkama i ABXY tipkama koje koriste tehnologiju vodljivog ljepila za glatki taktilni odziv. Tipke na ramenu dizajnirane su za visokofrekventnu upotrebu, s prilagodljivom zamjenom tipki i vrijednosti dostupnom putem AYASpace-a. <\/p>\n<\/div>\n<\/div>\n\n<h3 class=\"wp-block-heading\" id=\"h-battery-and-cooling\"><strong>Baterija i hla\u0111enje<\/strong><\/h3>\n\n<p>Pocket Micro uklju\u010duje bateriju od 2600 mAh, koja omogu\u0107uje do 6 sati neprekidnog igranja. Napredni sustav aktivnog odvo\u0111enja topline hla\u0111en zrakom poma\u017ee u sprje\u010davanju pada performansi tijekom duljih sesija igranja, osiguravaju\u0107i konzistentne performanse. <\/p>\n\n<h3 class=\"wp-block-heading\" id=\"h-additional-features\"><strong>Dodatne zna\u010dajke<\/strong><\/h3>\n\n<p>Ure\u0111aj integrira biometrijsku autentifikaciju putem tipke za uklju\u010divanje\/isklju\u010divanje s prepoznavanjem otiska prsta. Tako\u0111er nudi SoundTAP Magic Sound Vibration, Xinput Vibration, na\u010dine rada u vi\u0161e scena i prilagodljivo mapiranje tipki za personalizirano iskustvo igranja. <\/p>\n\n<h3 class=\"wp-block-heading\" id=\"h-visual-appeal\"><strong>Vizualna privla\u010dnost<\/strong><\/h3>\n\n<p>Dizajniran da bude vizualno upe\u010datljiv, Pocket Micro se mo\u017ee pohvaliti tankim profilom i retro inspiriranom estetikom. Njegov \u017eivopisni zaslon i visokokvalitetna metalna tekstura pobolj\u0161avaju njegov izgled, \u0161to ga \u010dini atraktivnim izborom i za kolekcionare i za igra\u010de. <\/p>\n\n<h3 class=\"wp-block-heading\" id=\"h-conclusion\">Zaklju\u010dak<\/h3>\n\n<p>AYANEO Pocket Micro je pomno izra\u0111ena ru\u010dna konzola koja kombinira retro \u0161arm s modernom funkcionalno\u0161\u0107u. Njen promi\u0161ljeni dizajn i visokokvalitetna izrada osiguravaju izvanredno iskustvo igranja u kompaktnom, elegantnom pakiranju. Bez obzira vra\u0107ate li se klasi\u010dnim igrama ili istra\u017eujete nove, Pocket Micro nudi prekrasan dodatak svakoj igra\u0107oj postavci.  <\/p>\n","protected":false},"excerpt":{"rendered":"<ul>\n<li>Procesor: MediaTek <strong>Helio G99<\/strong><\/li>\n<li>Zaslon: 3,5&#8243; <strong>IPS bez okvira<\/strong><\/li>\n<li>RAM: Do <strong>8 GB<\/strong> LPDDR4X @ <strong>4266 MT\/s<\/strong><\/li>\n<li>Pohrana: Do <strong>256 GB<\/strong> UFS 2.2<\/li>\n<li>Povezivost: Podr\u0161ka za Wi-Fi <strong>5<\/strong> i Bluetooth <strong>5.2<\/strong><\/li>\n<\/ul>\n<p><img fetchpriority=\"high\" decoding=\"async\" src=\"https:\/\/ayaneo.co\/wp-content\/uploads\/2024\/08\/MICRO-GIFTS-NEW-NOGRIPS.jpg\" alt=\"Crna za\u0161titna futrola i mala, pravokutna kutija (vjerojatno za\u0161titna folija za ekran) prikazane su pored teksta koji glasi  \" free=\"\" gifts=\"\" protective=\"\" case=\"\" screen=\"\" protector=\"\" automatically=\"\" added=\"\" to=\"\" cart.=\"\" the=\"\" box=\"\" has=\"\" pocket=\"\" micro=\"\" visible=\"\" on=\"\" it.=\"\" width=\"550\" height=\"140\" class=\"alignnone size-full wp-image-24520\" srcset=\"https:\/\/ayaneo.co\/wp-content\/uploads\/2024\/08\/MICRO-GIFTS-NEW-NOGRIPS.jpg 550w, https:\/\/ayaneo.co\/wp-content\/uploads\/2024\/08\/MICRO-GIFTS-NEW-NOGRIPS-300x76.jpg 300w, https:\/\/ayaneo.co\/wp-content\/uploads\/2024\/08\/MICRO-GIFTS-NEW-NOGRIPS-441x112.jpg 441w, https:\/\/ayaneo.co\/wp-content\/uploads\/2024\/08\/MICRO-GIFTS-NEW-NOGRIPS-150x38.jpg 150w\" sizes=\"(max-width: 550px) 100vw, 550px\" \/><\/p>\n[cg_accordion title=\"INFORMACIJE O PLA\u0106ANJU\"]<\/p>\n<p>Koristimo najnoviju tehnologiju u obradi pla\u0107anja koja vam omogu\u0107uje pla\u0107anje putem Apple Paya, Google Paya, va\u0161e debitne\/kreditne kartice, PayPala ili BNPL metoda kao \u0161to su Klarna, Affirm ili AfterPay za brzo i sigurno iskustvo.[\/cg_accordion]\n[cg_accordion title=\"JAMSTVO\"]<\/p>\n<p>1 godina jamstva od <a href=\"https:\/\/droix.net\/\" target=\"_blank\" rel=\"nofollow noopener\">DROIX Globala<\/a> za va\u0161 mir[\/cg_accordion]\n[cg_accordion title=\"CIJENE, POREZI I DOSTAVA\"]<\/p>\n<p><strong><u>Bilje\u0161ka:<\/u><\/strong><\/p>\n<ul>\n<li>Kupci iz Sjedinjenih Ameri\u010dkih Dr\u017eava: Prikazana cijena NE uklju\u010duje POREZ ni carine. Odgovornost za carinjenje i pla\u0107anje svih povezanih poreza\/carina je na kupcu. <\/li>\n<li>Kupci iz EU: Prikazana cijena uklju\u010duje primjenjivi POREZ, koji mo\u017ee iznositi do 25%, ovisno o va\u0161oj zemlji.<\/li>\n<li>Kupci u Kanadi: Prikazana cijena uklju\u010duje primjenjive poreze, koji mogu uklju\u010divati \u200b\u200b5% GST-a i dodatne pokrajinske poreze na promet (PST), harmonizirani porez na promet (HST) ili porez na promet u Quebecu (QST), ovisno o va\u0161oj pokrajini.<\/li>\n<\/ul>\n<p><strong>SAMO za kupce iz EU:<\/strong> Ekspresna dostava s pla\u0107enim carinjenjem (DDP). To zna\u010di: <\/p>\n<ul>\n<li>Sve carine i porezi uklju\u010deni su u cijenu prikazanu na stranici proizvoda.<\/li>\n<li>Prilikom dostave ne\u0107ete morati platiti nikakve dodatne tro\u0161kove.<\/li>\n<li>U rijetkim slu\u010dajevima problema povezanih s carinom, na\u0161 tim \u0107e u va\u0161e ime obaviti carinjenje kako bi se osigurala nesmetana dostava.<\/li>\n<p>Va\u017ene informacije o povratu robe:<\/p>\n<li>Ako odlu\u010dite vratiti narud\u017ebu ili zatra\u017eiti povrat novca, imajte na umu da porezi i carine pla\u0107eni u va\u0161e ime prema DDP uvjetima ne mogu biti vra\u0107eni.<\/li>\n<p>Za detaljnije informacije pogledajte na\u0161e <a href=\"https:\/\/ayaneo.co\/hr\/uvjeti-pruzanja-usluge\/\" target=\"_blank\" rel=\"nofollow noopener\">Uvjete i odredbe<\/a> .\n<\/ul>\n<p>[\/cg_accordion]\n[cg_accordion title=\"PODR\u0160KA KORISNICIMA\"]<\/p>\n<p>Imate pitanje? Samo nas trebate poslati poruku i rije\u0161it \u0107emo va\u0161 problem!<br \/>\n[\/cg_accordion]\n[cg_accordion title=\"Paket uklju\u010duje\"]<\/p>\n<ul>\n<li>1x AYANEO d\u017eepni mikro<\/li>\n<li>1x USB Type-C kabel<\/li>\n<li>1x Korisni\u010dki priru\u010dnik<\/li>\n<\/ul>\n<p>[\/cg_accordion]\n","protected":false},"featured_media":19191,"template":"","meta":{"_acf_changed":false},"product_brand":[],"product_cat":[1181],"product_tag":[],"class_list":{"0":"post-19189","1":"product","2":"type-product","3":"status-publish","4":"has-post-thumbnail","6":"product_cat-rucni-uredaj-za-igranje-android","7":"product_shipping_class-standard","8":"pa_brand-ayaneo","9":"pa_graphics-gpu-model-g57","10":"pa_operating-system-android-13","11":"pa_processor-cpu-brand-mediatek","13":"first","14":"outofstock","15":"taxable","16":"shipping-taxable","17":"purchasable","18":"product-type-variable","19":"has-default-attributes"},"acf":[],"_links":{"self":[{"href":"https:\/\/ayaneo.co\/hr\/wp-json\/wp\/v2\/product\/19189","targetHints":{"allow":["GET"]}}],"collection":[{"href":"https:\/\/ayaneo.co\/hr\/wp-json\/wp\/v2\/product"}],"about":[{"href":"https:\/\/ayaneo.co\/hr\/wp-json\/wp\/v2\/types\/product"}],"wp:featuredmedia":[{"embeddable":true,"href":"https:\/\/ayaneo.co\/hr\/wp-json\/wp\/v2\/media\/19191"}],"wp:attachment":[{"href":"https:\/\/ayaneo.co\/hr\/wp-json\/wp\/v2\/media?parent=19189"}],"wp:term":[{"taxonomy":"product_brand","embeddable":true,"href":"https:\/\/ayaneo.co\/hr\/wp-json\/wp\/v2\/product_brand?post=19189"},{"taxonomy":"product_cat","embeddable":true,"href":"https:\/\/ayaneo.co\/hr\/wp-json\/wp\/v2\/product_cat?post=19189"},{"taxonomy":"product_tag","embeddable":true,"href":"https:\/\/ayaneo.co\/hr\/wp-json\/wp\/v2\/product_tag?post=19189"}],"curies":[{"name":"wp","href":"https:\/\/api.w.org\/{rel}","templated":true}]}}