{"id":19196,"date":"2024-09-20T09:49:52","date_gmt":"2024-09-20T09:49:52","guid":{"rendered":"https:\/\/ayaneo.co\/product\/ayaneo-pocket-s-pribor\/"},"modified":"2025-12-09T00:25:56","modified_gmt":"2025-12-09T00:25:56","slug":"ayaneo-pocket-s-pribor","status":"publish","type":"product","link":"https:\/\/ayaneo.co\/hr\/product\/ayaneo-pocket-s-pribor\/","title":{"rendered":"AYANEO Pocket S pribor"},"content":{"rendered":"\n<p>Pobolj\u0161ajte svoje AYANEO Pocket S iskustvo igranja uz ovaj neophodan paket dodatne opreme, dizajniran za za\u0161titu, udobnost i pobolj\u0161anu igru.<\/p>\n\n<ul class=\"wp-block-list\">\n<li><strong>2-u-1 magnetska preklopna za\u0161titna futrola<\/strong> : Izra\u0111ena s inovativnim ergonomskim dizajnom, ova futrola kombinira stil i funkcionalnost. Za\u0161titna futrola ima magnetsku preklopnu masku koja osigurava va\u0161 ure\u0111aj i omogu\u0107uje jednostavan pristup. Protuklizna tekstura osigurava \u010dvrst hvat, a velika ru\u010dka nudi udobno dr\u017eanje za duge igra\u0107e sesije. Bilo da ste kod ku\u0107e ili u pokretu, ova za\u0161titna futrola savr\u0161en je pratilac za za\u0161titu va\u0161eg AYANEO Pocket S od svakodnevnog habanja.   <\/li>\n\n\n\n<li><strong>Za\u0161titna folija za zaslon<\/strong> : Za\u0161titite svoj zaslon visokokvalitetnom, ultra prozirnom za\u0161titnom folijom za zaslon. Dizajnirana da bude otporna na ogrebotine, mrlje i otiske prstiju, osigurava da va\u0161 zaslon ostane \u017eivahan i responzivan kao i uvijek. Njen dizajn koji se lako nanosi jam\u010di instalaciju bez mjehuri\u0107a, odr\u017eavaju\u0107i va\u0161 zaslon besprijekornim, a istovremeno zadr\u017eava osjetljivost na dodir za glatko i neprekidno igranje.  <\/li>\n\n\n\n<li><strong>Dr\u017ea\u010di za pal\u010deve<\/strong> : Pobolj\u0161ajte kontrolu vrhunskim hvati\u0161tima za pal\u010deve. Ove silikonske navlake za analogne palice nude vrhunski hvat i preciznost, poma\u017eu\u0107i vam da odr\u017eite kontrolu \u010dak i u najintenzivnijim trenucima igranja. Dizajnirane za smanjenje umora i pobolj\u0161anje udobnosti, ove hvataljke za pal\u010deve omogu\u0107uju preciznije pokrete, daju\u0107i vam potrebnu konkurentsku prednost.  <\/li>\n<\/ul>\n\n<p>Ovaj komplet dodatne opreme osigurava da va\u0161 AYANEO Pocket S ostane za\u0161ti\u0107en i spreman za akciju, a istovremeno pobolj\u0161ava iskustvo igranja ergonomskim pobolj\u0161anjima.<\/p>\n","protected":false},"excerpt":{"rendered":"[cg_accordion title=\"INFORMACIJE O PLA\u0106ANJU\"]<\/p>\n<p>Koristimo najnoviju tehnologiju u obradi pla\u0107anja koja vam omogu\u0107uje pla\u0107anje putem Apple Paya, Google Paya, va\u0161e debitne\/kreditne kartice, PayPala ili BNPL metoda kao \u0161to su Klarna, Affirm ili AfterPay za brzo i sigurno iskustvo.[\/cg_accordion]\n[cg_accordion title=\"JAMSTVO\"]<\/p>\n<p>1 godina jamstva od <a href=\"https:\/\/droix.net\/\" target=\"_blank\" rel=\"nofollow noopener\">DROIX Globala<\/a> za va\u0161 mir[\/cg_accordion]\n[cg_accordion title=\"CIJENE, POREZI I DOSTAVA\"]<\/p>\n<p><strong><u>Bilje\u0161ka:<\/u><\/strong><\/p>\n<ul>\n<li>Kupci iz Sjedinjenih Ameri\u010dkih Dr\u017eava: Prikazana cijena NE uklju\u010duje POREZ ni carine. Odgovornost za carinjenje i pla\u0107anje svih povezanih poreza\/carina je na kupcu. <\/li>\n<li>Kupci iz EU: Prikazana cijena uklju\u010duje primjenjivi POREZ, koji mo\u017ee iznositi do 25%, ovisno o va\u0161oj zemlji.<\/li>\n<li>Kupci u Kanadi: Prikazana cijena uklju\u010duje primjenjive poreze, koji mogu uklju\u010divati \u200b\u200b5% GST-a i dodatne pokrajinske poreze na promet (PST), harmonizirani porez na promet (HST) ili porez na promet u Quebecu (QST), ovisno o va\u0161oj pokrajini.<\/li>\n<\/ul>\n<p><strong>SAMO za kupce iz EU:<\/strong> Ekspresna dostava s pla\u0107enim carinjenjem (DDP). To zna\u010di: <\/p>\n<ul>\n<li>Sve carine i porezi uklju\u010deni su u cijenu prikazanu na stranici proizvoda.<\/li>\n<li>Prilikom dostave ne\u0107ete morati platiti nikakve dodatne tro\u0161kove.<\/li>\n<li>U rijetkim slu\u010dajevima problema povezanih s carinom, na\u0161 tim \u0107e u va\u0161e ime obaviti carinjenje kako bi se osigurala nesmetana dostava.<\/li>\n<p>Va\u017ene informacije o povratu robe:<\/p>\n<li>Ako odlu\u010dite vratiti narud\u017ebu ili zatra\u017eiti povrat novca, imajte na umu da porezi i carine pla\u0107eni u va\u0161e ime prema DDP uvjetima ne mogu biti vra\u0107eni.<\/li>\n<p>Za detaljnije informacije pogledajte na\u0161e <a href=\"https:\/\/ayaneo.co\/terms-of-service-2\/\" target=\"_blank\" rel=\"nofollow noopener\">Uvjete i odredbe<\/a> .\n<\/ul>\n<p>[\/cg_accordion]\n[cg_accordion title=\"PODR\u0160KA KORISNICIMA\"]<\/p>\n<p>Imate pitanje? Samo nas trebate poslati poruku i rije\u0161it \u0107emo va\u0161 problem!<br \/>\n[\/cg_accordion]\n","protected":false},"featured_media":19219,"template":"","meta":{"_acf_changed":false},"product_brand":[],"product_cat":[1141],"product_tag":[],"class_list":{"0":"post-19196","1":"product","2":"type-product","3":"status-publish","4":"has-post-thumbnail","6":"product_cat-pribor","7":"product_shipping_class-low-end","8":"pa_accessory-type-grip-hr","9":"pa_accessory-type-protective-case-hr","10":"pa_accessory-type-screen-protector-hr","11":"pa_brand-ayaneo","13":"first","14":"instock","15":"sale","16":"taxable","17":"shipping-taxable","18":"purchasable","19":"product-type-simple"},"acf":[],"_links":{"self":[{"href":"https:\/\/ayaneo.co\/hr\/wp-json\/wp\/v2\/product\/19196","targetHints":{"allow":["GET"]}}],"collection":[{"href":"https:\/\/ayaneo.co\/hr\/wp-json\/wp\/v2\/product"}],"about":[{"href":"https:\/\/ayaneo.co\/hr\/wp-json\/wp\/v2\/types\/product"}],"wp:featuredmedia":[{"embeddable":true,"href":"https:\/\/ayaneo.co\/hr\/wp-json\/wp\/v2\/media\/19219"}],"wp:attachment":[{"href":"https:\/\/ayaneo.co\/hr\/wp-json\/wp\/v2\/media?parent=19196"}],"wp:term":[{"taxonomy":"product_brand","embeddable":true,"href":"https:\/\/ayaneo.co\/hr\/wp-json\/wp\/v2\/product_brand?post=19196"},{"taxonomy":"product_cat","embeddable":true,"href":"https:\/\/ayaneo.co\/hr\/wp-json\/wp\/v2\/product_cat?post=19196"},{"taxonomy":"product_tag","embeddable":true,"href":"https:\/\/ayaneo.co\/hr\/wp-json\/wp\/v2\/product_tag?post=19196"}],"curies":[{"name":"wp","href":"https:\/\/api.w.org\/{rel}","templated":true}]}}