{"id":28475,"date":"2025-07-15T11:52:07","date_gmt":"2025-07-15T11:52:07","guid":{"rendered":"https:\/\/ayaneo.co\/?post_type=product&#038;p=28475"},"modified":"2025-12-09T00:24:17","modified_gmt":"2025-12-09T00:24:17","slug":"ayaneo-pocket-micro-i-dmg-kapice-za-palceve-poboljsana-udobnost-i-kontrola-copy","status":"publish","type":"product","link":"https:\/\/ayaneo.co\/hr\/product\/ayaneo-pocket-micro-i-dmg-kapice-za-palceve-poboljsana-udobnost-i-kontrola-copy\/","title":{"rendered":"AYANEO Pocket S, AIR &amp; SLIDE kapice za hvatanje palice za palac \u2013 pobolj\u0161ana udobnost i kontrola!"},"content":{"rendered":"\n<p><strong>Pobolj\u0161ajte svoje igra\u0107e iskustvo uz AYANEO Pocket S, AIR &amp; SLIDE navlake za pal\u010deve!<\/strong>  Dizajnirane za preciznost, udobnost i izdr\u017eljivost, ove kapice za hvatanje pru\u017eaju pobolj\u0161anu kontrolu i bolji hvat, osiguravaju\u0107i glatkije igranje za va\u0161e AYANEO Pocket S, AIR i SLIDE ure\u0111aje.<\/p>\n\n<h2 class=\"wp-block-heading\"><strong>Klju\u010dne zna\u010dajke:<\/strong><\/h2>\n\n<p><strong>Pobolj\u0161ani hvat i kontrola<\/strong> \u2013 Recite zbogom skliskim pal\u010devima! U\u017eivajte u pobolj\u0161anoj preciznosti za svaki pokret na va\u0161em AYANEO Pocket S, AIR ili SLIDE. <\/p>\n\n<p><strong>Udoban i ergonomski dizajn<\/strong> \u2013 Materijal mekan na dodir smanjuje naprezanje tijekom dugih igra\u0107ih sesija.  <\/p>\n\n<p><strong>Materijal vrhunske kvalitete<\/strong> \u2013 Izdr\u017eljiv, visokokvalitetni silikon osigurava dugotrajne performanse.  <\/p>\n\n<p><strong>Jednostavna instalacija i sigurno pristajanje<\/strong> \u2013 Dizajnirano posebno za AYANEO Pocket S, AIR &amp; SLIDE, osiguravaju\u0107i \u010dvrsto i neklizaju\u0107e pristajanje.  <\/p>\n\n<p><strong>Elegantno i funkcionalno<\/strong> \u2013 Dodaje elegantan estetski izgled, a istovremeno \u0161titi va\u0161e palice za palac od habanja.  <\/p>\n\n<p>Podignite svoje AYANEO iskustvo igranja na vi\u0161u razinu s ovim neizostavnim grip kapicama!  <\/p>\n\n<p><\/p>\n","protected":false},"excerpt":{"rendered":"<ul>\n<li><strong>Slu\u017ebene<\/strong> kapice za hvataljke za palac AYANEO Pocket S, AIR i SLIDE<\/li>\n<li><strong>Pobolj\u0161ano prianjanje i kontrola<\/strong> \u2013 Pobolj\u0161ava preciznost i upravljanje.<\/li>\n<li><strong>Mekano i udobno<\/strong> \u2013 Smanjuje umor kod duljeg igranja.<\/li>\n<li><strong>Izdr\u017eljiv silikonski materijal<\/strong> \u2013 Dugotrajno i otporno na habanje.<\/li>\n<li><strong>Savr\u0161eno pristajanje<\/strong> \u2013 Dizajnirano isklju\u010divo za AYANEO Pocket S, AIR i SLIDE.<\/li>\n<\/ul>\n[cg_accordion title=\"INFORMACIJE O PLA\u0106ANJU\"]<\/p>\n<p>Koristimo najnoviju tehnologiju u obradi pla\u0107anja koja vam omogu\u0107uje pla\u0107anje putem Apple Paya, Google Paya, va\u0161e debitne\/kreditne kartice, PayPala ili BNPL metoda kao \u0161to su Klarna, Affirm ili AfterPay za brzo i sigurno iskustvo.[\/cg_accordion]\n[cg_accordion title=\"JAMSTVO\"]<\/p>\n<p>1 godina jamstva od <a href=\"https:\/\/droix.net\/\" target=\"_blank\" rel=\"nofollow noopener\">DROIX Globala<\/a> za va\u0161 mir[\/cg_accordion]\n[cg_accordion title=\"OSIGURANJE KVALITETE I ISPITIVANJE PRIJE OTPREME\"]<\/p>\n<p>Osiguravanje zadovoljstva kupaca na najvi\u0161oj razini: Svaki ure\u0111aj prolazi rigorozno testiranje i vi\u0161estruku provjeru kvalitete prije slanja. Na\u0161 predani tim provjerava performanse, funkcionalnost i integritet komponenti kako bi jam\u010dio da je va\u0161 AYANEO ure\u0111aj u savr\u0161enom radnom stanju po dolasku, pru\u017eaju\u0107i vam povjerenje i mir. [\/cg_accordion]\n[cg_accordion title=\"CIJENE, POREZI I DOSTAVA\"]<\/p>\n<p><strong><u>Bilje\u0161ka:<\/u><\/strong><\/p>\n<ul>\n<li>Kupci iz Sjedinjenih Ameri\u010dkih Dr\u017eava: Prikazana cijena NE uklju\u010duje POREZ ni carine. Odgovornost za carinjenje i pla\u0107anje svih povezanih poreza\/carina je na kupcu. <\/li>\n<li>Kupci iz EU: Prikazana cijena uklju\u010duje primjenjivi POREZ, koji mo\u017ee iznositi do 25%, ovisno o va\u0161oj zemlji.<\/li>\n<li>Kupci u Kanadi: Prikazana cijena uklju\u010duje primjenjive poreze, koji mogu uklju\u010divati \u200b\u200b5% GST-a i dodatne pokrajinske poreze na promet (PST), harmonizirani porez na promet (HST) ili porez na promet u Quebecu (QST), ovisno o va\u0161oj pokrajini.<\/li>\n<\/ul>\n<p><strong>SAMO za kupce iz EU:<\/strong> Ekspresna dostava s pla\u0107enim carinjenjem (DDP). To zna\u010di: <\/p>\n<ul>\n<li>Sve carine i porezi uklju\u010deni su u cijenu prikazanu na stranici proizvoda.<\/li>\n<li>Prilikom dostave ne\u0107ete morati platiti nikakve dodatne tro\u0161kove.<\/li>\n<li>U rijetkim slu\u010dajevima problema povezanih s carinom, na\u0161 tim \u0107e u va\u0161e ime obaviti carinjenje kako bi se osigurala nesmetana dostava.<\/li>\n<p>Va\u017ene informacije o povratu robe:<\/p>\n<li>Ako odlu\u010dite vratiti narud\u017ebu ili zatra\u017eiti povrat novca, imajte na umu da porezi i carine pla\u0107eni u va\u0161e ime prema DDP uvjetima ne mogu biti vra\u0107eni.<\/li>\n<p>Za detaljnije informacije pogledajte na\u0161e <a href=\"https:\/\/ayaneo.co\/hr\/uvjeti-pruzanja-usluge\/\" target=\"_blank\" rel=\"nofollow noopener\">Uvjete i odredbe<\/a> .\n<\/ul>\n<p>[\/cg_accordion]\n[cg_accordion title=\"PODR\u0160KA KORISNICIMA\"]<\/p>\n<p>Imate pitanje? Samo nas trebate poslati poruku i rije\u0161it \u0107emo va\u0161 problem! [\/cg_accordion]\n[cg_accordion title=\"PAKET UKLJU\u010cUJE\"]<\/p>\n<ul>\n<li>1x AYANEO Pocket S, AIR &amp; SLIDE kapice za hvataljke za palac<\/li>\n<\/ul>\n<p>[\/cg_accordion]\n","protected":false},"featured_media":28488,"template":"","meta":{"_acf_changed":false},"product_brand":[],"product_cat":[1141],"product_tag":[],"class_list":{"0":"post-28475","1":"product","2":"type-product","3":"status-publish","4":"has-post-thumbnail","6":"product_cat-pribor","7":"product_shipping_class-low-end","9":"first","10":"instock","11":"sale","12":"taxable","13":"shipping-taxable","14":"purchasable","15":"product-type-simple"},"acf":[],"_links":{"self":[{"href":"https:\/\/ayaneo.co\/hr\/wp-json\/wp\/v2\/product\/28475","targetHints":{"allow":["GET"]}}],"collection":[{"href":"https:\/\/ayaneo.co\/hr\/wp-json\/wp\/v2\/product"}],"about":[{"href":"https:\/\/ayaneo.co\/hr\/wp-json\/wp\/v2\/types\/product"}],"wp:featuredmedia":[{"embeddable":true,"href":"https:\/\/ayaneo.co\/hr\/wp-json\/wp\/v2\/media\/28488"}],"wp:attachment":[{"href":"https:\/\/ayaneo.co\/hr\/wp-json\/wp\/v2\/media?parent=28475"}],"wp:term":[{"taxonomy":"product_brand","embeddable":true,"href":"https:\/\/ayaneo.co\/hr\/wp-json\/wp\/v2\/product_brand?post=28475"},{"taxonomy":"product_cat","embeddable":true,"href":"https:\/\/ayaneo.co\/hr\/wp-json\/wp\/v2\/product_cat?post=28475"},{"taxonomy":"product_tag","embeddable":true,"href":"https:\/\/ayaneo.co\/hr\/wp-json\/wp\/v2\/product_tag?post=28475"}],"curies":[{"name":"wp","href":"https:\/\/api.w.org\/{rel}","templated":true}]}}