{"id":29317,"date":"2025-01-20T12:04:53","date_gmt":"2025-01-20T12:04:53","guid":{"rendered":"https:\/\/ayaneo.co\/product\/ayaneo-sljedeci\/"},"modified":"2025-08-01T10:28:52","modified_gmt":"2025-08-01T10:28:52","slug":"ayaneo-sljedeci","status":"publish","type":"product","link":"https:\/\/ayaneo.co\/hr\/product\/ayaneo-sljedeci\/","title":{"rendered":"AYANEO SLJEDE\u0106I"},"content":{"rendered":"\n<figure class=\"wp-block-image\"><img decoding=\"async\" src=\"https:\/\/droix.net\/wp-content\/uploads\/2022\/01\/product-overview-1024x584.png\" alt=\"\" title=\"AYA NEXT 1\" \/><\/figure>\n\n<h2 class=\"wp-block-heading\">AMD Ryzen Zen 3 konzola<\/h2>\n\n<p>Do 4,5 GHz sirove snage<\/p>\n\n<p>Kad je rije\u010d o procesorskoj snazi, AYANEO Next PC Gaming Handheld nije za izle\u017eavanje na kau\u010du.<\/p>\n\n<p>\u201eKonjske snage\u201c osigurava AMD Ryzen 7 5825U procesor, temeljen na najnovijoj ZEN 3 arhitekturi. To pru\u017ea glatko iskustvo igranja uz minimalnu potro\u0161nju baterije. Ryzen 7 APU koji se nalazi u AYANEO Nextu temelji se na TSMC-ovoj 7nm FinFET litografiji.  <\/p>\n\n<p>5825U Ryzen 7 procesor je osmojezgreni procesor sa 16 niti izvr\u0161avanja. Mo\u017ee raditi u mirovanju na 2,0 GHz i poja\u010dati se do 4,5 GHz pri velikom optere\u0107enju. Uparen sa softverom AYA Space, mo\u017eete konfigurirati TDP AYANEO Next Handhelda do 32 W za jo\u0161 ve\u0107e performanse.  <\/p>\n\n<p>Va\u0161e \u0107e igre biti znatno br\u017ee u usporedbi s najnovijom generacijom PC igra\u0107ih konzola.  <\/p>\n\n<p>Kako bi se pobolj\u0161ala procesorska snaga, tu je i 16 GB dvokanalne LPDDR4x RAM memorije, \u0161to \u0107e zadovoljiti stalno rastu\u0107e zahtjeve sustava. \u0160to se ti\u010de zahtjeva sustava, dostupne su dvije opcije pohrane: 1 TB i 2 TB \u2013 to \u0107e osigurati da imate dovoljno prostora za najnovije PC igre. (Gleda na tebe, Call of Duty) j  <\/p>\n\n<figure class=\"wp-block-image\"><img decoding=\"async\" src=\"https:\/\/droix.net\/wp-content\/uploads\/elementor\/thumbs\/processor-q8z5das1ql6n9ve6zhwvyxoict8wyvevo2ttgvwkqo.png\" alt=\"procesor\" title=\"procesor\" \/><\/figure>\n\n<h2 class=\"wp-block-heading\">AYANEO Sljede\u0107a AMD grafi\u010dka kartica<\/h2>\n\n<p>Igrajte najnovije AAA igre<\/p>\n\n<p>AMD grafika koja se nalazi u AYANEO Next-u savr\u0161ena je za igranje u pokretu. U gaming zajednici dobro je poznato da AMD ula\u017ee dodatne napore u svoju integraciju i kompatibilnost s najnovijim igrama na tr\u017ei\u0161tu. <\/p>\n\n<p>Grafi\u010dki \u010dipset koji se nalazi u AYANEO Nextu je 17% br\u017ei u testovima u usporedbi sa starom generacijom AMD grafike. Uparen sa softverom AYA Space koji vam omogu\u0107uje kontrolu TDP-a va\u0161e konzole i izvrsnim rje\u0161enjem za hla\u0111enje, AYANEO Next je prava zvijer za igranje. <\/p>\n\n<h2 class=\"wp-block-heading\">Smjelo i svijetlo<\/h2>\n\n<p>7-in\u010dni H-IPS zaslon<\/p>\n\n<p>Kada igrate, brzina i FPS nisu sve (ok, to je oko 90% iskustva) ali medij kroz koji upijate iskustvo je vrlo va\u017ean.<\/p>\n\n<p>Zato AYANEO Next dolazi s prekrasnim 1280*800 H-IPS zaslonom osjetljivim na dodir.<\/p>\n\n<figure class=\"wp-block-image\"><img decoding=\"async\" src=\"https:\/\/droix.net\/wp-content\/uploads\/2022\/01\/AYANEO-NEXT-BRIGHT-WHITE-MARKETING-PICTURE-2-scaled.jpg\" alt=\"AYANEO-SLJEDE&#x106;A-SVIJETLO-BIJELA-MARKETING-SLIKA-2\" title=\"AYA NEXT 2\" \/><\/figure>\n\n<figure class=\"wp-block-image\"><img decoding=\"async\" src=\"https:\/\/droix.net\/wp-content\/uploads\/2022\/01\/AYANEO-NEXT-JET-BLACK-MARKETING-PICTURE-2-scaled.jpg\" alt=\"AYANEO-NEXT-JET-CRNI-MARKETING-SLIKA-2\" title=\"AYA NEXT 3\" \/><\/figure>\n\n<figure class=\"wp-block-image\"><img decoding=\"async\" src=\"https:\/\/droix.net\/wp-content\/uploads\/2022\/01\/AYANEO-NEXT-MIDNIGHT-BLUE-MARKETING-PICTURE-4-scaled.jpg\" alt=\"AYANEO-SLJEDE&#x106;A-POLNO&#x106;NO-PLAVA-MARKETING-SLIKA-4\" title=\"AYA NEXT 4\" \/><\/figure>\n\n<figure class=\"wp-block-image\"><img decoding=\"async\" src=\"https:\/\/droix.net\/wp-content\/uploads\/2022\/01\/AYANEO-NEXT-PASTEL-BLUE-MARKETING-PICTURE-7-scaled.jpg\" alt=\"AYANEO-SLJEDE&#x106;A-PASTELNO-PLAVA-MARKETING-SLIKA-7\" title=\"AYA NEXT 5\" \/><\/figure>\n\n<h2 class=\"wp-block-heading\">Gaming AZ<\/h2>\n\n<p>AYANEO Next PC Gaming Handheld ispunjava sve uvjete \u2013 dolazi s najboljim hardverom kako bi va\u0161e igra\u0107e sesije bile najudobnije.<\/p>\n\n<figure class=\"wp-block-image\"><img decoding=\"async\" src=\"https:\/\/droix.net\/wp-content\/uploads\/2022\/01\/high-quality-build.png\" alt=\"\" title=\"AYA NEXT 6\" \/><\/figure>\n\n<figure class=\"wp-block-image\"><img decoding=\"async\" src=\"https:\/\/droix.net\/wp-content\/uploads\/2022\/01\/shoulder-buttons.png\" alt=\"\" title=\"AYA NEXT 7\" \/><\/figure>\n\n<figure class=\"wp-block-image\"><img decoding=\"async\" src=\"https:\/\/droix.net\/wp-content\/uploads\/2022\/01\/fingerprint.png\" alt=\"\" title=\"AYA NEXT 8\" \/><\/figure>\n","protected":false},"excerpt":{"rendered":"<ul>\n<li>AMD\u00ae <strong>Ryzen\u2122 7 5825U<\/strong> s AMD Radeon\u2122 Vega 8 grafi\u010dkom karticom<\/li>\n<li><strong>16GB<\/strong> dvokanalna LPDDR4x memorija na 4266 MHz<\/li>\n<li><strong>2TB<\/strong> \/ <strong>2TB<\/strong> PCI-E NVMe SSD velike brzine<\/li>\n<li><strong>7-in\u010dni<\/strong> H-IPS zaslon osjetljiv na dodir<\/li>\n<li>Podr\u0161ka <strong>za WiFi 6<\/strong> IEEE i <strong>Bluetooth 5.2<\/strong><\/li>\n<\/ul>\n[cg_accordion title=\"INFORMACIJE O PLA\u0106ANJU\"]<\/p>\n<p>Koristimo najnoviju tehnologiju u obradi pla\u0107anja koja vam omogu\u0107uje pla\u0107anje putem Apple Paya, Google Paya, va\u0161e debitne\/kreditne kartice, PayPala ili BNPL metoda kao \u0161to su Klarna, Affirm ili AfterPay za brzo i sigurno iskustvo.[\/cg_accordion]\n[cg_accordion title=\"JAMSTVO\"]<\/p>\n<p>1 godina jamstva od <a href=\"https:\/\/droix.net\/\" target=\"_blank\" rel=\"nofollow noopener\">DROIX Globala<\/a> za va\u0161 mir[\/cg_accordion]\n[cg_accordion title=\"CIJENE, POREZI I DOSTAVA\"]<\/p>\n<p><strong><u>Bilje\u0161ka:<\/u><\/strong><\/p>\n<ul>\n<li>Kupci iz Sjedinjenih Ameri\u010dkih Dr\u017eava: Prikazana cijena NE uklju\u010duje POREZ ni carine. Odgovornost za carinjenje i pla\u0107anje svih povezanih poreza\/carina je na kupcu. <\/li>\n<li>Kupci iz EU: Prikazana cijena uklju\u010duje primjenjivi POREZ, koji mo\u017ee iznositi do 25%, ovisno o va\u0161oj zemlji.<\/li>\n<li>Kupci u Kanadi: Prikazana cijena uklju\u010duje primjenjive poreze, koji mogu uklju\u010divati \u200b\u200b5% GST-a i dodatne pokrajinske poreze na promet (PST), harmonizirani porez na promet (HST) ili porez na promet u Quebecu (QST), ovisno o va\u0161oj pokrajini.<\/li>\n<\/ul>\n<p><strong>SAMO za kupce iz EU:<\/strong> Ekspresna dostava s pla\u0107enim carinjenjem (DDP). To zna\u010di: <\/p>\n<ul>\n<li>Sve carine i porezi uklju\u010deni su u cijenu prikazanu na stranici proizvoda.<\/li>\n<li>Prilikom dostave ne\u0107ete morati platiti nikakve dodatne tro\u0161kove.<\/li>\n<li>U rijetkim slu\u010dajevima problema povezanih s carinom, na\u0161 tim \u0107e u va\u0161e ime obaviti carinjenje kako bi se osigurala nesmetana dostava.<\/li>\n<p>Va\u017ene informacije o povratu robe:<\/p>\n<li>Ako odlu\u010dite vratiti narud\u017ebu ili zatra\u017eiti povrat novca, imajte na umu da porezi i carine pla\u0107eni u va\u0161e ime prema DDP uvjetima ne mogu biti vra\u0107eni.<\/li>\n<p>Za detaljnije informacije pogledajte na\u0161e <a href=\"https:\/\/ayaneo.co\/terms-of-service-2\/\" target=\"_blank\" rel=\"nofollow noopener\">Uvjete i odredbe<\/a> .\n<\/ul>\n<p>[\/cg_accordion]\n[cg_accordion title=\"PODR\u0160KA KORISNICIMA\"]<\/p>\n<p>Imate pitanje? Samo nas trebate poslati poruku i rije\u0161it \u0107emo va\u0161 problem!<br \/>\n[\/cg_accordion]\n[cg_accordion title=\"Paket uklju\u010duje\"]<\/p>\n<ul>\n<li>1x AYANEO SLJEDE\u0106I<\/li>\n<li>1x USB Type-C kabel<\/li>\n<li>1x Korisni\u010dki priru\u010dnik<\/li>\n<\/ul>\n<p>[\/cg_accordion]\n","protected":false},"featured_media":29318,"template":"","meta":{"_acf_changed":false},"product_brand":[],"product_cat":[1166],"product_tag":[],"class_list":{"0":"post-29317","1":"product","2":"type-product","3":"status-publish","4":"has-post-thumbnail","6":"product_cat-rucna-igraca-racunala","7":"product_shipping_class-premium","8":"pa_brand-ayaneo","9":"pa_graphics-gpu-model-radeon-graphics","10":"pa_operating-system-windows-11-home","11":"pa_processor-cpu-brand-amd","13":"first","14":"outofstock","15":"sale","16":"taxable","17":"shipping-taxable","18":"purchasable","19":"product-type-variable","20":"has-default-attributes"},"acf":[],"_links":{"self":[{"href":"https:\/\/ayaneo.co\/hr\/wp-json\/wp\/v2\/product\/29317","targetHints":{"allow":["GET"]}}],"collection":[{"href":"https:\/\/ayaneo.co\/hr\/wp-json\/wp\/v2\/product"}],"about":[{"href":"https:\/\/ayaneo.co\/hr\/wp-json\/wp\/v2\/types\/product"}],"wp:featuredmedia":[{"embeddable":true,"href":"https:\/\/ayaneo.co\/hr\/wp-json\/wp\/v2\/media\/29318"}],"wp:attachment":[{"href":"https:\/\/ayaneo.co\/hr\/wp-json\/wp\/v2\/media?parent=29317"}],"wp:term":[{"taxonomy":"product_brand","embeddable":true,"href":"https:\/\/ayaneo.co\/hr\/wp-json\/wp\/v2\/product_brand?post=29317"},{"taxonomy":"product_cat","embeddable":true,"href":"https:\/\/ayaneo.co\/hr\/wp-json\/wp\/v2\/product_cat?post=29317"},{"taxonomy":"product_tag","embeddable":true,"href":"https:\/\/ayaneo.co\/hr\/wp-json\/wp\/v2\/product_tag?post=29317"}],"curies":[{"name":"wp","href":"https:\/\/api.w.org\/{rel}","templated":true}]}}