{"id":30006,"date":"2025-08-06T10:02:20","date_gmt":"2025-08-06T10:02:20","guid":{"rendered":"https:\/\/ayaneo.co\/?post_type=product&#038;p=30006"},"modified":"2025-12-09T00:28:01","modified_gmt":"2025-12-09T00:28:01","slug":"ayaneo-dzepna-dmg-torbica-copy","status":"publish","type":"product","link":"https:\/\/ayaneo.co\/hr\/product\/ayaneo-dzepna-dmg-torbica-copy\/","title":{"rendered":"AYANEO d\u017eepna ACE torbica"},"content":{"rendered":"\n<h2 class=\"wp-block-heading\" id=\"h-product-overview\">Pregled proizvoda:<\/h2>\n\n<p><strong>AYANEO Pocket ACE torbica<\/strong> savr\u0161en je dodatak za igra\u010de koji cijene stil i za\u0161titu. Dizajnirana da \u010dvrsto pristaje konzoli AYANEO Pocket ACE, ova torbica kombinira vrhunske materijale s kompaktnim oblikom, osiguravaju\u0107i da va\u0161 igra\u0107i ure\u0111aj ostane siguran gdje god se nalazili. <\/p>\n\n<hr class=\"wp-block-separator has-alpha-channel-opacity\"\/>\n\n<h2 class=\"wp-block-heading\" id=\"h-key-features\">Klju\u010dne zna\u010dajke:<\/h2>\n\n<p><strong>Kompaktni dizajn<\/strong> prilago\u0111en za AYANEO Pocket ACE.<\/p>\n\n<p>Izdr\u017eljivi materijali za <strong>pobolj\u0161anu za\u0161titu<\/strong> .<\/p>\n\n<p>Lagan i prenosiv za <strong>prakti\u010dnost u pokretu<\/strong> .<\/p>\n\n<p>Mekana unutarnja podstava za <strong>sprje\u010davanje ogrebotina<\/strong> .<\/p>\n\n<p>Elegantna i moderna vanj\u0161tina za <strong>modernu estetiku<\/strong> .<\/p>\n\n<hr class=\"wp-block-separator has-alpha-channel-opacity\"\/>\n\n<h2 class=\"wp-block-heading\" id=\"h-why-choose-the-ayaneo-pocket-micro-case\">Za\u0161to odabrati AYANEO Pocket ACE futrolu?<\/h2>\n\n<p>Za\u0161titite svoju investiciju s AYANEO Pocket ACE futrolom, dizajniranom da za\u0161titi va\u0161u konzolu od ogrebotina, pra\u0161ine i manjih udaraca. Njen lagani i kompaktni dizajn \u010dini je idealnim suputnikom na putovanjima, bilo da idete na igranje s prijateljima ili nosite konzolu na put. <\/p>\n\n<hr class=\"wp-block-separator has-alpha-channel-opacity\"\/>\n\n<h3 class=\"wp-block-heading\" id=\"h-specifications\">Tehni\u010dki podaci:<\/h3>\n\n<ul class=\"wp-block-list\">\n<li><strong>Materijal:<\/strong> Izdr\u017eljiva tkanina ili sinteti\u010dka ko\u017ea<\/li>\n\n\n\n<li><strong>Kompatibilnost:<\/strong> AYANEO Pocket ACE konzola<\/li>\n\n\n\n<li><strong>Karakteristike:<\/strong> Otporan na ogrebotine, lagan i prenosiv<\/li>\n<\/ul>\n\n<p>Podignite svoje igra\u0107e iskustvo na vi\u0161u razinu s AYANEO Pocket ACE torbicom \u2013 savr\u0161enom kombinacijom za\u0161tite i prenosivosti!<\/p>\n\n<p><\/p>\n","protected":false},"excerpt":{"rendered":"<ul>\n<li><strong>Kompaktni dizajn<\/strong> prilago\u0111en za AYANEO Pocket ACE.<\/li>\n<li>Izdr\u017eljivi materijali za <strong>pobolj\u0161anu za\u0161titu<\/strong> .<\/li>\n<li>Lagan i prenosiv za <strong>prakti\u010dnost u pokretu<\/strong> .<\/li>\n<li>Mekana unutarnja podstava za <strong>sprje\u010davanje ogrebotina<\/strong> .<\/li>\n<li>Elegantna i moderna vanj\u0161tina za <strong>modernu estetiku<\/strong> .<\/li>\n<\/ul>\n[cg_accordion title=\"INFORMACIJE O PLA\u0106ANJU\"]<\/p>\n<p>Koristimo najnoviju tehnologiju u obradi pla\u0107anja koja vam omogu\u0107uje pla\u0107anje putem Apple Paya, Google Paya, va\u0161e debitne\/kreditne kartice, PayPala ili BNPL metoda kao \u0161to su Klarna, Affirm ili AfterPay za brzo i sigurno iskustvo.[\/cg_accordion]\n[cg_accordion title=\"JAMSTVO\"]<\/p>\n<p>1 godina jamstva od <a href=\"https:\/\/droix.net\/\" target=\"_blank\" rel=\"nofollow noopener\">DROIX Globala<\/a> za va\u0161 mir[\/cg_accordion]\n[cg_accordion title=\"OSIGURANJE KVALITETE I ISPITIVANJE PRIJE OTPREME\"]<\/p>\n<p>Osiguravanje zadovoljstva kupaca na najvi\u0161oj razini: Svaki ure\u0111aj prolazi rigorozno testiranje i vi\u0161estruku provjeru kvalitete prije slanja. Na\u0161 predani tim provjerava performanse, funkcionalnost i integritet komponenti kako bi jam\u010dio da je va\u0161 AYANEO ure\u0111aj u savr\u0161enom radnom stanju po dolasku, pru\u017eaju\u0107i vam povjerenje i mir. [\/cg_accordion]\n[cg_accordion title=\"CIJENE, POREZI I DOSTAVA\"]<\/p>\n<p><strong><u>Bilje\u0161ka:<\/u><\/strong><\/p>\n<ul>\n<li>Kupci iz Sjedinjenih Ameri\u010dkih Dr\u017eava: Prikazana cijena NE uklju\u010duje POREZ ni carine. Odgovornost za carinjenje i pla\u0107anje svih povezanih poreza\/carina je na kupcu. <\/li>\n<li>Kupci iz EU: Prikazana cijena uklju\u010duje primjenjivi POREZ, koji mo\u017ee iznositi do 25%, ovisno o va\u0161oj zemlji.<\/li>\n<li>Kupci u Kanadi: Prikazana cijena uklju\u010duje primjenjive poreze, koji mogu uklju\u010divati \u200b\u200b5% GST-a i dodatne pokrajinske poreze na promet (PST), harmonizirani porez na promet (HST) ili porez na promet u Quebecu (QST), ovisno o va\u0161oj pokrajini.<\/li>\n<\/ul>\n<p><strong>SAMO za kupce iz EU:<\/strong> Ekspresna dostava s pla\u0107enim carinjenjem (DDP). To zna\u010di: <\/p>\n<ul>\n<li>Sve carine i porezi uklju\u010deni su u cijenu prikazanu na stranici proizvoda.<\/li>\n<li>Prilikom dostave ne\u0107ete morati platiti nikakve dodatne tro\u0161kove.<\/li>\n<li>U rijetkim slu\u010dajevima problema povezanih s carinom, na\u0161 tim \u0107e u va\u0161e ime obaviti carinjenje kako bi se osigurala nesmetana dostava.<\/li>\n<p>Va\u017ene informacije o povratu robe:<\/p>\n<li>Ako odlu\u010dite vratiti narud\u017ebu ili zatra\u017eiti povrat novca, imajte na umu da porezi i carine pla\u0107eni u va\u0161e ime prema DDP uvjetima ne mogu biti vra\u0107eni.<\/li>\n<p>Za detaljnije informacije pogledajte na\u0161e <a href=\"https:\/\/ayaneo.co\/hr\/uvjeti-pruzanja-usluge\/\" target=\"_blank\" rel=\"nofollow noopener\">Uvjete i odredbe<\/a> .\n<\/ul>\n<p>[\/cg_accordion]\n[cg_accordion title=\"PODR\u0160KA KORISNICIMA\"]<\/p>\n<p>Imate pitanje? Samo nas trebate poslati poruku i rije\u0161it \u0107emo va\u0161 problem! [\/cg_accordion]\n[cg_accordion title=\"PAKET UKLJU\u010cUJE\"]<\/p>\n<ul>\n<li>1x AYANEO d\u017eepna ACE torbica<\/li>\n<\/ul>\n<p>[\/cg_accordion]\n","protected":false},"featured_media":30019,"template":"","meta":{"_acf_changed":false},"product_brand":[],"product_cat":[1141],"product_tag":[],"class_list":{"0":"post-30006","1":"product","2":"type-product","3":"status-publish","4":"has-post-thumbnail","6":"product_cat-pribor","7":"product_shipping_class-low-end","8":"pa_accessory-type-protective-case-hr","9":"pa_brand-ayaneo","11":"first","12":"outofstock","13":"sale","14":"taxable","15":"shipping-taxable","16":"purchasable","17":"product-type-simple"},"acf":[],"_links":{"self":[{"href":"https:\/\/ayaneo.co\/hr\/wp-json\/wp\/v2\/product\/30006","targetHints":{"allow":["GET"]}}],"collection":[{"href":"https:\/\/ayaneo.co\/hr\/wp-json\/wp\/v2\/product"}],"about":[{"href":"https:\/\/ayaneo.co\/hr\/wp-json\/wp\/v2\/types\/product"}],"wp:featuredmedia":[{"embeddable":true,"href":"https:\/\/ayaneo.co\/hr\/wp-json\/wp\/v2\/media\/30019"}],"wp:attachment":[{"href":"https:\/\/ayaneo.co\/hr\/wp-json\/wp\/v2\/media?parent=30006"}],"wp:term":[{"taxonomy":"product_brand","embeddable":true,"href":"https:\/\/ayaneo.co\/hr\/wp-json\/wp\/v2\/product_brand?post=30006"},{"taxonomy":"product_cat","embeddable":true,"href":"https:\/\/ayaneo.co\/hr\/wp-json\/wp\/v2\/product_cat?post=30006"},{"taxonomy":"product_tag","embeddable":true,"href":"https:\/\/ayaneo.co\/hr\/wp-json\/wp\/v2\/product_tag?post=30006"}],"curies":[{"name":"wp","href":"https:\/\/api.w.org\/{rel}","templated":true}]}}