{"id":30059,"date":"2025-08-06T10:57:49","date_gmt":"2025-08-06T10:57:49","guid":{"rendered":"https:\/\/ayaneo.co\/?post_type=product&#038;p=30059"},"modified":"2026-01-06T00:26:04","modified_gmt":"2026-01-06T00:26:04","slug":"ayaneo-3-pocket-evo-navlake-za-palceve-preciznost-i-udobnost-za-svaki-pokret-copy","status":"publish","type":"product","link":"https:\/\/ayaneo.co\/hr\/product\/ayaneo-3-pocket-evo-navlake-za-palceve-preciznost-i-udobnost-za-svaki-pokret-copy\/","title":{"rendered":"AYANEO Pocket ACE ru\u010dke"},"content":{"rendered":"\n<h2 class=\"wp-block-heading\">Pregled proizvoda:<\/h2>\n\n<p><strong>AYANEO Pocket ACE ru\u010dke<\/strong> dizajnirane su kako bi pru\u017eile pobolj\u0161anu udobnost i kontrolu tijekom va\u0161ih igra\u0107ih sesija. Ove ergonomske ru\u010dke se besprijekorno pri\u010dvr\u0161\u0107uju na va\u0161 <strong>AYANEO Pocket ACE<\/strong> , nude\u0107i sigurno i udobno dr\u017eanje, smanjuju\u0107i umor i osiguravaju\u0107i preciznu kontrolu tijekom duljeg igranja. <\/p>\n\n<ol class=\"wp-block-list\">\n<li><strong>Ergonomski dizajn<\/strong> za maksimalnu udobnost tijekom igranja.<\/li>\n\n\n\n<li><strong>Savr\u0161eno pristaje<\/strong> <strong>AYANEO Pocket ACE-u<\/strong> .<\/li>\n\n\n\n<li>Izdr\u017eljiv materijal za <strong>dugotrajnu upotrebu<\/strong> .<\/li>\n\n\n\n<li>Jednostavno pri\u010dvr\u0161\u0107ivanje i skidanje za <strong>brzo postavljanje<\/strong> .<\/li>\n\n\n\n<li>Pobolj\u0161ani hvat za <strong>bolju kontrolu i preciznost<\/strong> .<\/li>\n<\/ol>\n\n<hr class=\"wp-block-separator has-alpha-channel-opacity\"\/>\n\n<h2 class=\"wp-block-heading\">Za\u0161to odabrati <strong>AYANEO Pocket ACE<\/strong> ?<\/h2>\n\n<p>Bez obzira borite li se u intenzivnim multiplayer me\u010devima ili u\u017eivate u dugim single player kampanjama, <strong>AYANEO Pocket ACE<\/strong> nudi impresivnije i ugodnije iskustvo igranja. Njihov ergonomski dizajn i sigurno prianjanje osiguravaju vam da mo\u017eete igrati satima bez nelagode ili klizanja. <\/p>\n\n<hr class=\"wp-block-separator has-alpha-channel-opacity\"\/>\n\n<h2 class=\"wp-block-heading\">Tehni\u010dki podaci:<\/h2>\n\n<ul class=\"wp-block-list\">\n<li><strong>Materijal:<\/strong> Izdr\u017eljiva plastika s ergonomski teksturiranom povr\u0161inom<\/li>\n\n\n\n<li><strong>Kompatibilnost:<\/strong> <strong>AYANEO Pocket ACE<\/strong><\/li>\n\n\n\n<li><strong>Karakteristike:<\/strong> Lagan, izdr\u017eljiv i jednostavan za pri\u010dvr\u0161\u0107ivanje<\/li>\n<\/ul>\n\n<p>Nadogradite svoj <strong>AYANEO Pocket ACE<\/strong> ovim hvati\u0161tima za udobno i precizno igra\u0107e iskustvo \u2013 jer svaki potez je va\u017ean!<\/p>\n\n<p><\/p>\n","protected":false},"excerpt":{"rendered":"<ul>\n<li><strong>Ergonomski dizajn<\/strong> za maksimalnu udobnost tijekom igranja.<\/li>\n<li><strong>Savr\u0161eno pristaje<\/strong> AYANEO Pocket ACE-u.<\/li>\n<li>Izdr\u017eljiv materijal za <strong>dugotrajnu upotrebu<\/strong> .<\/li>\n<li>Jednostavno pri\u010dvr\u0161\u0107ivanje i skidanje za <strong>brzo postavljanje<\/strong> .<\/li>\n<li>Pobolj\u0161ani hvat za <strong>bolju kontrolu i preciznost<\/strong> .<\/li>\n<\/ul>\n[cg_accordion title=\"INFORMACIJE O PLA\u0106ANJU\"]<\/p>\n<p>Koristimo najnoviju tehnologiju u obradi pla\u0107anja koja vam omogu\u0107uje pla\u0107anje putem Apple Paya, Google Paya, va\u0161e debitne\/kreditne kartice, PayPala ili BNPL metoda kao \u0161to su Klarna, Affirm ili AfterPay za brzo i sigurno iskustvo.[\/cg_accordion]\n[cg_accordion title=\"JAMSTVO\"]<\/p>\n<p>1 godina jamstva od <a href=\"https:\/\/droix.net\/\" target=\"_blank\" rel=\"nofollow noopener\">DROIX Globala<\/a> za va\u0161 mir[\/cg_accordion]\n[cg_accordion title=\"OSIGURANJE KVALITETE I ISPITIVANJE PRIJE OTPREME\"]<\/p>\n<p>Osiguravanje zadovoljstva kupaca na najvi\u0161oj razini: Svaki ure\u0111aj prolazi rigorozno testiranje i vi\u0161estruku provjeru kvalitete prije slanja. Na\u0161 predani tim provjerava performanse, funkcionalnost i integritet komponenti kako bi jam\u010dio da je va\u0161 AYANEO ure\u0111aj u savr\u0161enom radnom stanju po dolasku, pru\u017eaju\u0107i vam povjerenje i mir. [\/cg_accordion]\n[cg_accordion title=\"CIJENE, POREZI I DOSTAVA\"]<\/p>\n<p><strong><u>Bilje\u0161ka:<\/u><\/strong><\/p>\n<ul>\n<li>Kupci iz Sjedinjenih Ameri\u010dkih Dr\u017eava: Prikazana cijena NE uklju\u010duje POREZ ni carine. Odgovornost za carinjenje i pla\u0107anje svih povezanih poreza\/carina je na kupcu. <\/li>\n<li>Kupci iz EU: Prikazana cijena uklju\u010duje primjenjivi POREZ, koji mo\u017ee iznositi do 25%, ovisno o va\u0161oj zemlji.<\/li>\n<li>Kupci u Kanadi: Prikazana cijena uklju\u010duje primjenjive poreze, koji mogu uklju\u010divati \u200b\u200b5% GST-a i dodatne pokrajinske poreze na promet (PST), harmonizirani porez na promet (HST) ili porez na promet u Quebecu (QST), ovisno o va\u0161oj pokrajini.<\/li>\n<\/ul>\n<p><strong>SAMO za kupce iz EU:<\/strong> Ekspresna dostava s pla\u0107enim carinjenjem (DDP). To zna\u010di: <\/p>\n<ul>\n<li>Sve carine i porezi uklju\u010deni su u cijenu prikazanu na stranici proizvoda.<\/li>\n<li>Prilikom dostave ne\u0107ete morati platiti nikakve dodatne tro\u0161kove.<\/li>\n<li>U rijetkim slu\u010dajevima problema povezanih s carinom, na\u0161 tim \u0107e u va\u0161e ime obaviti carinjenje kako bi se osigurala nesmetana dostava.<\/li>\n<p>Va\u017ene informacije o povratu robe:<\/p>\n<li>Ako odlu\u010dite vratiti narud\u017ebu ili zatra\u017eiti povrat novca, imajte na umu da porezi i carine pla\u0107eni u va\u0161e ime prema DDP uvjetima ne mogu biti vra\u0107eni.<\/li>\n<p>Za detaljnije informacije pogledajte na\u0161e <a href=\"https:\/\/ayaneo.co\/hr\/uvjeti-pruzanja-usluge\/\" target=\"_blank\" rel=\"nofollow noopener\">Uvjete i odredbe<\/a> .\n<\/ul>\n<p>[\/cg_accordion]\n[cg_accordion title=\"PODR\u0160KA KORISNICIMA\"]<\/p>\n<p>Imate pitanje? Samo nas trebate poslati poruku i rije\u0161it \u0107emo va\u0161 problem! [\/cg_accordion]\n[cg_accordion title=\"PAKET UKLJU\u010cUJE\"]<\/p>\n<ul>\n<li>1x AYANEO d\u017eepne ACE ru\u010dke<\/li>\n<\/ul>\n<p>[\/cg_accordion]\n","protected":false},"featured_media":30072,"template":"","meta":{"_acf_changed":false},"product_brand":[],"product_cat":[1141],"product_tag":[],"class_list":{"0":"post-30059","1":"product","2":"type-product","3":"status-publish","4":"has-post-thumbnail","6":"product_cat-pribor","7":"product_shipping_class-low-end","9":"first","10":"outofstock","11":"sale","12":"taxable","13":"shipping-taxable","14":"purchasable","15":"product-type-simple"},"acf":[],"_links":{"self":[{"href":"https:\/\/ayaneo.co\/hr\/wp-json\/wp\/v2\/product\/30059","targetHints":{"allow":["GET"]}}],"collection":[{"href":"https:\/\/ayaneo.co\/hr\/wp-json\/wp\/v2\/product"}],"about":[{"href":"https:\/\/ayaneo.co\/hr\/wp-json\/wp\/v2\/types\/product"}],"wp:featuredmedia":[{"embeddable":true,"href":"https:\/\/ayaneo.co\/hr\/wp-json\/wp\/v2\/media\/30072"}],"wp:attachment":[{"href":"https:\/\/ayaneo.co\/hr\/wp-json\/wp\/v2\/media?parent=30059"}],"wp:term":[{"taxonomy":"product_brand","embeddable":true,"href":"https:\/\/ayaneo.co\/hr\/wp-json\/wp\/v2\/product_brand?post=30059"},{"taxonomy":"product_cat","embeddable":true,"href":"https:\/\/ayaneo.co\/hr\/wp-json\/wp\/v2\/product_cat?post=30059"},{"taxonomy":"product_tag","embeddable":true,"href":"https:\/\/ayaneo.co\/hr\/wp-json\/wp\/v2\/product_tag?post=30059"}],"curies":[{"name":"wp","href":"https:\/\/api.w.org\/{rel}","templated":true}]}}