{"id":44897,"date":"2026-02-03T13:07:54","date_gmt":"2026-02-03T13:07:54","guid":{"rendered":"https:\/\/ayaneo.co\/product\/biwin-mini-ssd\/"},"modified":"2026-02-12T09:58:27","modified_gmt":"2026-02-12T09:58:27","slug":"biwin-mini-ssd","status":"publish","type":"product","link":"https:\/\/ayaneo.co\/hr\/product\/biwin-mini-ssd\/","title":{"rendered":"BIWIN Mini SSD"},"content":{"rendered":"\n<h2 class=\"wp-block-heading\">BIWIN Mini SSD: Novo doba performansi pohrane<\/h2>\n\n<p>U vrlo konkurentnom svijetu prijenosne pohrane, <strong>BIWIN Mini SSD<\/strong> se pojavljuje kao pravi sna\u017eni ure\u0111aj, nude\u0107i vrhunske performanse i robusnu izdr\u017eljivost kako bi zadovoljio svakog zahtjevnog korisnika. Ovaj ure\u0111aj je izjava beskompromisne brzine, predstavljaju\u0107i skok naprijed u ultrakompaktnoj tehnologiji pohrane. BIWIN Mini SSD je \u010dudo dizajna i snage, nude\u0107i vrhunsko iskustvo s podacima, neusporedivu prenosivost i niz inovativnih zna\u010dajki koje ga postavljaju na vrh tr\u017ei\u0161ta. Izra\u0111en za profesionalce i entuzijaste koji zahtijevaju vrhunsku brzinu i vrhunsko rje\u0161enje bogato zna\u010dajkama, ovaj pogon ru\u0161i granice rukovanja podacima u pokretu.   <\/p>\n\n<p>BIWIN Mini SSD predstavlja titana inovacija u podru\u010dju vrhunskih, kompaktnih ure\u0111aja za pohranu. Pokretan vrhunskom <strong>PCIe Gen4x2<\/strong> i <strong>NVMe 1.4<\/strong> tehnologijom, Mini SSD pru\u017ea zapanjuju\u0107e performanse sa sekvencijalnim brzinama \u010ditanja do <strong>3700 MB\/s<\/strong> i brzinama pisanja do <strong>3400 MB\/s<\/strong> . Ova brzina ru\u0161i gornju granicu performansi tradicionalnih microSD kartica, pozicioniraju\u0107i Mini SSD kao vrhunsku, brzu zamjenu. Ova snaga smje\u0161tena je u ultra-kompaktnom ku\u0107i\u0161tu \u2013 dimenzija samo <strong>15,0 mm \u00d7 17,0 mm \u00d7 1,4 mm<\/strong> \u2013 \u0161to je omogu\u0107eno naprednim <a href=\"https:\/\/en.wikipedia.org\/wiki\/Land_grid_array\" target=\"_blank\" rel=\"noopener nofollow\" title=\"\">LGA (Land Grid Array)<\/a> pakiranjem.   <\/p>\n\n<p>Dostupan u opcijama velikog kapaciteta, uklju\u010duju\u0107i <strong>512 GB, 1 TB i 2 TB<\/strong> , Mini SSD pru\u017ea izniman prostor za pohranu za zahtjevna optere\u0107enja poput suradnje u oblaku i obrade podataka u stvarnom vremenu.<\/p>\n\n<h2 class=\"wp-block-heading\"><strong>Napomena o performansama u ruci<\/strong><\/h2>\n\n<p>Va\u017eno je da korisnici odre\u0111enih glavnih ure\u0111aja imaju na umu da, iako Mini SSD nudi vr\u0161ne teorijske brzine od 3700 MB\/s, njegove stvarne performanse bit \u0107e ograni\u010dene specifikacijama utora glavnog ure\u0111aja. Na primjer, kada se instalira u kompatibilne ru\u010dne igra\u0107e ure\u0111aje, brzina pogona je obi\u010dno ograni\u010dena jer ure\u0111aj koristi <strong>mini PCIe 4&#215;1<\/strong> konfiguraciju (umjesto pune 4&#215;2 specifikacije). Na temelju testiranja CrystalDiskMark, korisnici mogu o\u010dekivati \u200b\u200bprosje\u010dne brzine \u010ditanja i pisanja od oko <strong>1700 MB\/s<\/strong> . To i dalje osigurava pouzdane performanse velike brzine koje daleko nadma\u0161uju microSD alternative, iako mo\u017eda ne odra\u017eava apsolutni maksimalni teorijski potencijal pogona.   <\/p>\n\n<p>Dizajniran za beskompromisnu pouzdanost, ure\u0111aj ima robusnu strukturu s <strong>IP68 ocjenom<\/strong> za sveobuhvatnu za\u0161titu od pra\u0161ine i vode, \u0161to ga \u010dini stvorenim da izdr\u017ei najte\u017ee uvjete. Imerzivnu pouzdanost podataka osigurava napredni firmver, uklju\u010duju\u0107i dinami\u010dko SLC predmemoriju i niveliranje habanja, dok je njegova izdr\u017eljivost poja\u010dana LGA pakiranjem koje mu omogu\u0107uje da pre\u017eivi padove s visine do <strong>3 metra<\/strong> . Sa svojim svestranim modularnim dizajnom utora, ovo je izdr\u017eljiv i spreman za budu\u0107nost suputnik za primjene u mobilnim ure\u0111ajima, ru\u010dnim igra\u0107im konzolama (kao \u0161to su GPD Win 5 i OneXPlayer Super X) i rubnom ra\u010dunalstvu.  <\/p>\n","protected":false},"excerpt":{"rendered":"\n<ul>\n<li>Su\u010delje: <strong>PCIe Gen4x2<\/strong> s protokolom **NVMe 1.4**<\/li>\n<li>Oblik: <strong>Ultrakompaktni LGA paket<\/strong> (15,0 mm \u00d7 17,0 mm \u00d7 1,4 mm)<\/li>\n<li>Performanse: Do **3700 MB\/s \u010ditanje** \/ Do **3400 MB\/s pisanje**<\/li>\n<li>Kapacitet: 512 GB, 1 TB ili 2 TB 3D TLC NAND<\/li>\n<li>Izdr\u017eljivost: <strong>IP68<\/strong> Otpornost na pra\u0161inu i vodu \/ **Pad s visine od 3 metra** Pre\u017eivljavanje<\/li>\n<li>Tehnologija: Dinami\u010dko **SLC ke\u0161iranje** i **izravnavanje tro\u0161enja**<\/li>\n<\/ul>\n[cg_accordion title=\"INFORMACIJE O PLA\u0106ANJU\"]<\/p>\n<p>Koristimo najnoviju tehnologiju u obradi pla\u0107anja koja vam omogu\u0107uje pla\u0107anje putem Apple Paya, Google Paya, va\u0161e debitne\/kreditne kartice, PayPala ili BNPL metoda kao \u0161to su Klarna, Affirm ili AfterPay za brzo i sigurno iskustvo.[\/cg_accordion]\n[cg_accordion title=\"JAMSTVO\"]<\/p>\n<p>1 godina jamstva od <a href=\"https:\/\/droix.net\/\" target=\"_blank\" rel=\"nofollow noopener\">DROIX Globala<\/a> za va\u0161 mir[\/cg_accordion]\n[cg_accordion title=\"OSIGURANJE KVALITETE I ISPITIVANJE PRIJE OTPREME\"]<\/p>\n<p>Osiguravanje zadovoljstva kupaca na najvi\u0161oj razini: Svaki ure\u0111aj prolazi rigorozno testiranje i vi\u0161estruku provjeru kvalitete prije slanja. Na\u0161 predani tim provjerava performanse, funkcionalnost i integritet komponenti kako bi jam\u010dio da je va\u0161 AYANEO ure\u0111aj u savr\u0161enom radnom stanju po dolasku, pru\u017eaju\u0107i vam povjerenje i mir. [\/cg_accordion]\n[cg_accordion title=\"CIJENE, POREZI I DOSTAVA\"]<\/p>\n<p><strong><u>Bilje\u0161ka:<\/u><\/strong><\/p>\n<ul>\n<li>Kupci iz Sjedinjenih Ameri\u010dkih Dr\u017eava: Prikazana cijena NE uklju\u010duje POREZ ni carine. Odgovornost za carinjenje i pla\u0107anje svih povezanih poreza\/carina je na kupcu. <\/li>\n<li>Kupci iz EU: Prikazana cijena uklju\u010duje primjenjivi POREZ, koji mo\u017ee iznositi do 25%, ovisno o va\u0161oj zemlji.<\/li>\n<li>Kupci u Kanadi: Prikazana cijena uklju\u010duje primjenjive poreze, koji mogu uklju\u010divati \u200b\u200b5% GST-a i dodatne pokrajinske poreze na promet (PST), harmonizirani porez na promet (HST) ili porez na promet u Quebecu (QST), ovisno o va\u0161oj pokrajini.<\/li>\n<\/ul>\n<p>Za na\u0161e kupce iz SAD-a: Narud\u017ebe se \u0161alju DAP-om (Dostava na mjesto). Iako su kupci odgovorni za pla\u0107anje svih primjenjivih carina, oslanjamo se na na\u0161e veliko iskustvo u dostavi iz Ujedinjenog Kraljevstva kako bismo osigurali da platite najni\u017eu mogu\u0107u naknadu. Na temelju na\u0161e evidencije, te naknade obi\u010dno ne prelaze 10% vrijednosti artikla.  <\/p>\n<p><strong>SAMO za kupce iz EU:<\/strong> Ekspresna dostava s pla\u0107enim carinjenjem (DDP). To zna\u010di: <\/p>\n<ul>\n<li>Sve carine i porezi uklju\u010deni su u cijenu prikazanu na stranici proizvoda.<\/li>\n<li>Prilikom dostave ne\u0107ete morati platiti nikakve dodatne tro\u0161kove.<\/li>\n<li>U rijetkim slu\u010dajevima problema povezanih s carinom, na\u0161 tim \u0107e u va\u0161e ime obaviti carinjenje kako bi se osigurala nesmetana dostava.<\/li>\n<p>Va\u017ene informacije o povratu robe:<\/p>\n<li>Ako odlu\u010dite vratiti narud\u017ebu ili zatra\u017eiti povrat novca, imajte na umu da porezi i carine pla\u0107eni u va\u0161e ime prema DDP uvjetima ne mogu biti vra\u0107eni.<\/li>\n<p>Za detaljnije informacije pogledajte na\u0161e <a href=\"https:\/\/ayaneo.co\/hr\/uvjeti-pruzanja-usluge\/\" target=\"_blank\" rel=\"nofollow noopener\">Uvjete i odredbe<\/a> .\n<\/ul>\n<p>[\/cg_accordion]\n[cg_accordion title=\"PODR\u0160KA KORISNICIMA\"]<\/p>\n<p>Imate pitanje? Samo nas trebate poslati poruku i rije\u0161it \u0107emo va\u0161 problem! [\/cg_accordion]\n[cg_accordion title=\"PAKET UKLJU\u010cUJE\"]<\/p>\n<ul>\n<li>1x BIWIN Mini SSD<\/li>\n<\/ul>\n<p>[\/cg_accordion]\n","protected":false},"featured_media":44127,"template":"","meta":{"_acf_changed":false},"product_brand":[],"product_cat":[1141],"product_tag":[],"class_list":{"0":"post-44897","1":"product","2":"type-product","3":"status-publish","4":"has-post-thumbnail","6":"product_cat-pribor","7":"product_shipping_class-low-end","8":"pa_brand-biwin","10":"first","11":"instock","12":"taxable","13":"shipping-taxable","14":"purchasable","15":"product-type-variable","16":"has-default-attributes"},"acf":[],"_links":{"self":[{"href":"https:\/\/ayaneo.co\/hr\/wp-json\/wp\/v2\/product\/44897","targetHints":{"allow":["GET"]}}],"collection":[{"href":"https:\/\/ayaneo.co\/hr\/wp-json\/wp\/v2\/product"}],"about":[{"href":"https:\/\/ayaneo.co\/hr\/wp-json\/wp\/v2\/types\/product"}],"wp:featuredmedia":[{"embeddable":true,"href":"https:\/\/ayaneo.co\/hr\/wp-json\/wp\/v2\/media\/44127"}],"wp:attachment":[{"href":"https:\/\/ayaneo.co\/hr\/wp-json\/wp\/v2\/media?parent=44897"}],"wp:term":[{"taxonomy":"product_brand","embeddable":true,"href":"https:\/\/ayaneo.co\/hr\/wp-json\/wp\/v2\/product_brand?post=44897"},{"taxonomy":"product_cat","embeddable":true,"href":"https:\/\/ayaneo.co\/hr\/wp-json\/wp\/v2\/product_cat?post=44897"},{"taxonomy":"product_tag","embeddable":true,"href":"https:\/\/ayaneo.co\/hr\/wp-json\/wp\/v2\/product_tag?post=44897"}],"curies":[{"name":"wp","href":"https:\/\/api.w.org\/{rel}","templated":true}]}}