{"id":47645,"date":"2026-03-23T10:44:43","date_gmt":"2026-03-23T10:44:43","guid":{"rendered":"https:\/\/ayaneo.co\/product\/usb5-kabel-80-gbps-240-w-8k-60-hz-thunderbolt-5-kompatibilan\/"},"modified":"2026-04-24T10:35:33","modified_gmt":"2026-04-24T10:35:33","slug":"usb5-kabel-80-gbps-240-w-8k-60-hz-thunderbolt-5-kompatibilan","status":"publish","type":"product","link":"https:\/\/ayaneo.co\/hr\/product\/usb5-kabel-80-gbps-240-w-8k-60-hz-thunderbolt-5-kompatibilan\/","title":{"rendered":"USB5 kabel 80 Gbps 240 W | 8K 60 Hz Thunderbolt 5 kompatibilan"},"content":{"rendered":"\n<h2 class=\"wp-block-heading\">USB5 kabel 80 Gbps 240 W: Vrhunsko Thunderbolt 5 rje\u0161enje za profesionalne radne procese<\/h2>\n\n<p id=\"p-rc_98f34dcd8f33ef71-24\"><strong>USB5 kabel od 80 Gbps i 240 W<\/strong> predstavlja monumentalni skok u tehnologiji povezivanja za napredne korisnike. Budu\u0107i da moderni hardver zahtijeva nevi\u0111ene brzine, ovaj kabel je projektiran kako bi zadovoljio najnovije standarde Thunderbolt 5 i USB4 2.0. Pru\u017ea ogromnih 80 Gbps dvosmjerne propusnosti, \u0161to u\u010dinkovito udvostru\u010duje performanse prethodnih generacija.  <sup><\/sup>  Posljedi\u010dno, sada mo\u017eete prenijeti ogromne 8K video datoteke ili biblioteke projekata u djeli\u0107u vremena koje je prije bilo potrebno.<\/p>\n\n<h2 class=\"wp-block-heading\">Kako USB5 kabel od 80 Gbps 240 W optimizira postavke va\u0161eg zaslona?<\/h2>\n\n<p id=\"p-rc_98f34dcd8f33ef71-25\">Vizualni profesionalci \u0107e otkriti da je <strong>USB5 kabel 80 Gbps 240 W<\/strong> neophodan alat za multitasking visoke rezolucije. Ovaj kabel podr\u017eava napredni DisplayPort 2.1 protokol, omogu\u0107uju\u0107i jedan 8K 60Hz izlaz ili \u010dak dvostruke 8K konfiguracije. <sup><\/sup>  Nadalje, inovativna tehnologija &#8220;Bandwidth Boost\" mo\u017ee rekonfigurirati podatkovne trake.<sup><\/sup>  To omogu\u0107uje kabelu da osigura do 120 Gbps za zadatke s puno zaslona, \u200b\u200buz odr\u017eavanje robusnih 40 Gbps za povrat podataka.<sup><\/sup><\/p>\n\n<p>Profesionalni tijekovi rada zna\u010dajno su pobolj\u0161ani ovom fleksibilno\u0161\u0107u. Dok je uklju\u010den monitor s visokom brzinom osvje\u017eavanja, <strong>USB5 kabel 80 Gbps 240 W<\/strong> osigurava da vanjska pohrana ostane responzivna. Zbog uklju\u010divanja PAM3 kodiranja signala, integritet podataka odr\u017eava se \u010dak i pri ovim zapanjuju\u0107im brzinama. Stoga, treperenje zaslona i o\u0161te\u0107enje podataka postaju problemi pro\u0161losti.   <\/p>\n\n<h2 class=\"wp-block-heading\">Nenadma\u0161na isporuka snage od 240 W i kvaliteta izrade<\/h2>\n\n<p id=\"p-rc_98f34dcd8f33ef71-26\">Mogu\u0107nosti punjenja radikalno su pobolj\u0161ane ovim novim standardom. <strong>USB5 kabel 80 Gbps 240 W<\/strong> podr\u017eava najnovije specifikacije PD 3.1 pro\u0161irenog raspona snage (EPR).<sup><\/sup> To zna\u010di da se do 240 W snage sigurno usmjerava kroz kabel do va\u0161eg ure\u0111aja. Kao rezultat toga, \u010dak se i najzahtjevnija prijenosna ra\u010dunala za igranje mogu puniti punom brzinom bez potrebe za vlasni\u010dkim &#8220;cigli\u010dastim\" konektorom.  <\/p>\n\n<p id=\"p-rc_98f34dcd8f33ef71-27\">Izdr\u017eljivost je o\u010dito bila prioritet tijekom dizajna <strong>USB5 kabela 80Gbps 240W<\/strong> . Unutarnje o\u017ei\u010denje za\u0161ti\u0107eno je pletenim oklopom od legure visoke gusto\u0107e kako bi se smanjile elektromagnetske smetnje. <sup><\/sup>  Osim toga, vanjski omota\u010d izra\u0111en je od fleksibilnog TPE-a, koji je testiran da izdr\u017ei vi\u0161e od 2000 ciklusa savijanja.<sup><\/sup>  Budu\u0107i da su konektori poniklani, predvi\u0111eni su za vi\u0161e od 10 000 umetanja, \u0161to osigurava pouzdanu vezu dugi niz godina.<\/p>\n\n<h2 class=\"wp-block-heading\">Osigurajte svoju opremu za budu\u0107nost uz USB5 kabel od 80 Gbps i 240 W<\/h2>\n\n<p id=\"p-rc_98f34dcd8f33ef71-28\">Kompatibilnost s ovim svestranim dodatkom nikada nije problem. Iako je napravljen za budu\u0107nost, <strong>USB5 kabel 80Gbps 240W<\/strong> u potpunosti je unatrag kompatibilan s <a href=\"https:\/\/www.intel.com\/content\/www\/us\/en\/gaming\/resources\/upgrade-gaming-accessories-thunderbolt-4.html\" target=\"_blank\" rel=\"noopener nofollow\" title=\"\">Thunderbolt 4<\/a> i <a href=\"https:\/\/www.thunderbolttechnology.net\/blog\/thunderbolt-3-usb-c-does-it-all\" target=\"_blank\" rel=\"noopener nofollow\" title=\"\">Thunderbolt 3<\/a> ure\u0111ajima. Tako\u0111er savr\u0161eno funkcionira s USB4, USB 3.2 i standardnim USB-C priklju\u010dcima. Bez obzira spajate li najsuvremeniji eGPU putem PCIe 4.0 ili jednostavno sinkronizirate mobilni telefon, performanse su uvijek optimizirane.   <\/p>\n\n<p>Ne dopustite da vam nekvalitetni kabeli ometaju vrhunski hardver i usporavaju kreativni proces. Trebali biste osigurati svoj <strong>USB5 kabel od 80 Gbps 240 W<\/strong> ve\u0107 danas kako biste bili ispred konkurencije. Zalihe ove tehnologije sljede\u0107e generacije brzo se mijenjaju, stoga reagirajte odmah kako biste osigurali da je va\u0161a radna stanica spremna za revoluciju od 80 Gbps. Do\u017eivite vrhunac brzine i snage naru\u010divanjem iz na\u0161e trgovine ve\u0107 danas!   <\/p>\n\n<p><\/p>\n","protected":false},"excerpt":{"rendered":"<ul>\n<li><strong>80 Gbps Pro Data<\/strong> \u2013 Munjevito brzi dvosmjerni prijenosi za ogromne datoteke.<\/li>\n<li><strong>240W EPR punjenje<\/strong> \u2013 Potpuna PD 3.1 podr\u0161ka za visokou\u010dinkovita prijenosna ra\u010dunala.<\/li>\n<li><strong>8K@60Hz grafika<\/strong> \u2013 Imerzivni 8K ili dvostruki 4K zaslon putem DisplayPort 2.1 priklju\u010dka.<\/li>\n<li><strong>E-Mark Safety IC<\/strong> \u2013 Inteligentni \u010dipset osigurava stabilnu, toplinski reguliranu snagu.<\/li>\n<li><strong>Cinkova legura i pletena konstrukcija<\/strong> \u2013 Vrhunski oja\u010dani dizajn za maksimalnu izdr\u017eljivost.<\/li>\n<\/ul>\n[cg_accordion title=\"INFORMACIJE O PLA\u0106ANJU\"]<\/p>\n<p>Koristimo najnoviju tehnologiju u obradi pla\u0107anja koja vam omogu\u0107uje pla\u0107anje putem Apple Paya, Google Paya, va\u0161e debitne\/kreditne kartice, PayPala ili BNPL metoda kao \u0161to su Klarna, Affirm ili AfterPay za brzo i sigurno iskustvo.[\/cg_accordion]\n[cg_accordion title=\"JAMSTVO\"]<\/p>\n<p>1 godina jamstva od <a href=\"https:\/\/droix.net\/\" target=\"_blank\" rel=\"nofollow noopener\">DROIX Globala<\/a> za va\u0161 mir[\/cg_accordion]\n[cg_accordion title=\"OSIGURANJE KVALITETE I ISPITIVANJE PRIJE OTPREME\"]<\/p>\n<p>Osiguravanje zadovoljstva kupaca na najvi\u0161oj razini: Svaki ure\u0111aj prolazi rigorozno testiranje i vi\u0161estruku provjeru kvalitete prije slanja. Na\u0161 predani tim provjerava performanse, funkcionalnost i integritet komponenti kako bi jam\u010dio da je va\u0161 AYANEO ure\u0111aj u savr\u0161enom radnom stanju po dolasku, pru\u017eaju\u0107i vam povjerenje i mir. [\/cg_accordion]\n[cg_accordion title=\"CIJENE, POREZI I DOSTAVA\"]<\/p>\n<p><strong><u>Bilje\u0161ka:<\/u><\/strong><\/p>\n<ul>\n<li>Kupci iz Sjedinjenih Ameri\u010dkih Dr\u017eava: Prikazana cijena NE uklju\u010duje POREZ ni carine. Odgovornost za carinjenje i pla\u0107anje svih povezanih poreza\/carina je na kupcu. <\/li>\n<li>Kupci iz EU: Prikazana cijena uklju\u010duje primjenjivi POREZ, koji mo\u017ee iznositi do 25%, ovisno o va\u0161oj zemlji.<\/li>\n<li>Kupci u Kanadi: Prikazana cijena uklju\u010duje primjenjive poreze, koji mogu uklju\u010divati \u200b\u200b5% GST-a i dodatne pokrajinske poreze na promet (PST), harmonizirani porez na promet (HST) ili porez na promet u Quebecu (QST), ovisno o va\u0161oj pokrajini.<\/li>\n<\/ul>\n<p>Za na\u0161e kupce iz SAD-a: Narud\u017ebe se \u0161alju DAP-om (Dostava na mjesto). Iako su kupci odgovorni za pla\u0107anje svih primjenjivih carina, oslanjamo se na na\u0161e veliko iskustvo u dostavi iz Ujedinjenog Kraljevstva kako bismo osigurali da platite najni\u017eu mogu\u0107u naknadu. Na temelju na\u0161e evidencije, te naknade obi\u010dno ne prelaze 10% vrijednosti artikla.  <\/p>\n<p><strong>SAMO za kupce iz EU:<\/strong> Ekspresna dostava s pla\u0107enim carinjenjem (DDP). To zna\u010di: <\/p>\n<ul>\n<li>Sve carine i porezi uklju\u010deni su u cijenu prikazanu na stranici proizvoda.<\/li>\n<li>Prilikom dostave ne\u0107ete morati platiti nikakve dodatne tro\u0161kove.<\/li>\n<li>U rijetkim slu\u010dajevima problema povezanih s carinom, na\u0161 tim \u0107e u va\u0161e ime obaviti carinjenje kako bi se osigurala nesmetana dostava.<\/li>\n<p>Va\u017ene informacije o povratu robe:<\/p>\n<li>Ako odlu\u010dite vratiti narud\u017ebu ili zatra\u017eiti povrat novca, imajte na umu da porezi i carine pla\u0107eni u va\u0161e ime prema DDP uvjetima ne mogu biti vra\u0107eni.<\/li>\n<p>Za detaljnije informacije pogledajte na\u0161e <a href=\"https:\/\/ayaneo.co\/hr\/uvjeti-pruzanja-usluge\/\" target=\"_blank\" rel=\"nofollow noopener\">Uvjete i odredbe<\/a> .\n<\/ul>\n<p>[\/cg_accordion]\n[cg_accordion title=\"PODR\u0160KA KORISNICIMA\"]<\/p>\n<p>Imate pitanje? Samo nas trebate poslati poruku i rije\u0161it \u0107emo va\u0161 problem! [\/cg_accordion]\n[cg_accordion title=\"PAKET UKLJU\u010cUJE\"]<\/p>\n<ul>\n<li>1x USB5 kabel tipa C | 80 Gbps 240 W (1 m)<\/li>\n<\/ul>\n<p>[\/cg_accordion]\n","protected":false},"featured_media":45890,"template":"","meta":{"_acf_changed":false},"product_brand":[],"product_cat":[1141],"product_tag":[],"class_list":{"0":"post-47645","1":"product","2":"type-product","3":"status-publish","4":"has-post-thumbnail","6":"product_cat-pribor","7":"product_shipping_class-low-end","9":"first","10":"instock","11":"sale","12":"taxable","13":"shipping-taxable","14":"purchasable","15":"product-type-simple"},"acf":[],"_links":{"self":[{"href":"https:\/\/ayaneo.co\/hr\/wp-json\/wp\/v2\/product\/47645","targetHints":{"allow":["GET"]}}],"collection":[{"href":"https:\/\/ayaneo.co\/hr\/wp-json\/wp\/v2\/product"}],"about":[{"href":"https:\/\/ayaneo.co\/hr\/wp-json\/wp\/v2\/types\/product"}],"wp:featuredmedia":[{"embeddable":true,"href":"https:\/\/ayaneo.co\/hr\/wp-json\/wp\/v2\/media\/45890"}],"wp:attachment":[{"href":"https:\/\/ayaneo.co\/hr\/wp-json\/wp\/v2\/media?parent=47645"}],"wp:term":[{"taxonomy":"product_brand","embeddable":true,"href":"https:\/\/ayaneo.co\/hr\/wp-json\/wp\/v2\/product_brand?post=47645"},{"taxonomy":"product_cat","embeddable":true,"href":"https:\/\/ayaneo.co\/hr\/wp-json\/wp\/v2\/product_cat?post=47645"},{"taxonomy":"product_tag","embeddable":true,"href":"https:\/\/ayaneo.co\/hr\/wp-json\/wp\/v2\/product_tag?post=47645"}],"curies":[{"name":"wp","href":"https:\/\/api.w.org\/{rel}","templated":true}]}}