{"id":48716,"date":"2026-05-08T12:11:58","date_gmt":"2026-05-08T12:11:58","guid":{"rendered":"https:\/\/ayaneo.co\/product\/droix-140w-usb-c-zidni-punjac\/"},"modified":"2026-05-13T11:32:31","modified_gmt":"2026-05-13T11:32:31","slug":"droix-140w-usb-c-zidni-punjac","status":"publish","type":"product","link":"https:\/\/ayaneo.co\/hr\/product\/droix-140w-usb-c-zidni-punjac\/","title":{"rendered":"DROIX 140W USB-C zidni punja\u010d"},"content":{"rendered":"\n<div class=\"wp-block-columns is-layout-flex wp-container-core-columns-is-layout-28f84493 wp-block-columns-is-layout-flex\">\n<div class=\"wp-block-column is-layout-flow wp-block-column-is-layout-flow\" style=\"flex-basis:33.33%\">\n<figure class=\"wp-block-image size-large\"><a href=\"https:\/\/ayaneo.co\/wp-content\/uploads\/2026\/05\/DROIX-140W-BLACK-DONE-01.png\"><img fetchpriority=\"high\" decoding=\"async\" width=\"1024\" height=\"1024\" src=\"https:\/\/ayaneo.co\/wp-content\/uploads\/2026\/05\/DROIX-140W-BLACK-DONE-01-1024x1024.png\" alt=\"Detaljan prikaz dvaju DROIX 140W GaN zidnih punja&#x10D;a iz razli&#x10D;itih perspektiva, prikazanih na crnoj pozadini. Punja&#x10D; u prednjem planu je u pogledu sprijeda od tri &#x10D;etvrtine. To je mat crni blok s djelomi&#x10D;no izvu&#x10D;enim ameri&#x10D;kim sklopivim utika&#x10D;em na lijevoj strani. Na bo&#x10D;noj strani istaknuti bijeli tekst glasi &quot;CHARGER 140W&quot; s velikim &quot;O&quot; i malim &quot;140&quot; iznad &quot;O&quot; te DROIX logotipom ispod njega. Prednja sjajna crna povr&#x161;ina ima sredi&#x161;nji kru&#x17E;ni zaslon s dinami&#x10D;nim prstenom duginih boja oko bijelog teksta &quot;140 W&quot; i malom zelenom ikonom punjenja. Ispod zaslona nalazi se gumb ili LED indikator. Punja&#x10D; u pozadini je u pogledu straga od tri &#x10D;etvrtine, prikazuju&#x107;i priklju&#x10D;ke i tekstualne detalje. Navodi opse&#x17E;ne vi&#x161;eredne tehni&#x10D;ke specifikacije i sigurnosne certifikate malim bijelim tekstom (kao &#x161;to su brojevi modela, nazivne vrijednosti napona\/struje te oznake CE, FCC, UKCA). Ovaj ure&#x111;aj prikazuje svoja &#x10D;etiri izlazna priklju&#x10D;ka: od vrha do dna, jedan USB-A priklju&#x10D;ak s naran&#x10D;astim naglaskom i malim tekstom &quot;22,5 W Max&quot;, nakon &#x10D;ega slijede tri USB-C priklju&#x10D;ka ozna&#x10D;ena redom &quot;40 W&quot;, &quot;100 W&quot; i &quot;140 W&quot;. Oba ure&#x111;aja prikazuju gornje ventilacijske re&#x161;etke. Ovaj prikaz pru&#x17E;a sveobuhvatan pregled robne marke, zaslona i mogu&#x107;nosti priklju&#x10D;aka punja&#x10D;a.          \" class=\"wp-image-47708\" srcset=\"https:\/\/ayaneo.co\/wp-content\/uploads\/2026\/05\/DROIX-140W-BLACK-DONE-01-1024x1024.png 1024w, https:\/\/ayaneo.co\/wp-content\/uploads\/2026\/05\/DROIX-140W-BLACK-DONE-01-300x300.png 300w, https:\/\/ayaneo.co\/wp-content\/uploads\/2026\/05\/DROIX-140W-BLACK-DONE-01-150x150.png 150w, https:\/\/ayaneo.co\/wp-content\/uploads\/2026\/05\/DROIX-140W-BLACK-DONE-01-768x768.png 768w, https:\/\/ayaneo.co\/wp-content\/uploads\/2026\/05\/DROIX-140W-BLACK-DONE-01-65x65.png 65w, https:\/\/ayaneo.co\/wp-content\/uploads\/2026\/05\/DROIX-140W-BLACK-DONE-01-990x990.png 990w, https:\/\/ayaneo.co\/wp-content\/uploads\/2026\/05\/DROIX-140W-BLACK-DONE-01-441x441.png 441w, https:\/\/ayaneo.co\/wp-content\/uploads\/2026\/05\/DROIX-140W-BLACK-DONE-01-100x100.png 100w, https:\/\/ayaneo.co\/wp-content\/uploads\/2026\/05\/DROIX-140W-BLACK-DONE-01-600x600.png 600w, https:\/\/ayaneo.co\/wp-content\/uploads\/2026\/05\/DROIX-140W-BLACK-DONE-01.png 1500w\" sizes=\"(max-width: 1024px) 100vw, 1024px\" \/><\/a><\/figure>\n<\/div>\n\n\n\n<div class=\"wp-block-column is-layout-flow wp-block-column-is-layout-flow\" style=\"flex-basis:66.66%\">\n<h2 class=\"wp-block-heading\"><strong><strong>DROIX 140W USB-C GaN zidni punja\u010d: Vrhunsko visokou\u010dinkovito sredi\u0161te za napajanje<\/strong><\/strong><\/h2>\n\n\n\n<p>DROIX 140W USB-C zidni punja\u010d je definitivno rje\u0161enje za &#8220;nered punja\u010da\". Dizajniran za sljede\u0107u generaciju naprednih korisnika, ovaj kompaktni punja\u010d koristi poluvodi\u010de od galijevog nitrida (GaN) za isporuku ogromne snage bez gomile tradicionalnih silicijskih cigli. Bez obzira na to potiskujete li visokou\u010dinkoviti <a href=\"https:\/\/ayaneo.co\/hr\/product\/ayaneo-3\/\" target=\"_blank\" rel=\"noreferrer noopener\">AYANEO 3<\/a> do njegovih granica ili brzo punite profesionalni prijenosnik, ovaj punja\u010d pru\u017ea vitalni prostor za vrhunske performanse. Recite zbogom torbi punoj neuskla\u0111enih adaptera i pozdravite jedno elegantno, visokou\u010dinkovito rje\u0161enje.   <\/p>\n<\/div>\n<\/div>\n\n<h2 class=\"wp-block-heading has-text-align-center\"><strong>Otkrijte za\u0161to je DROIX 140W USB-C zidni punja\u010d va\u0161 najva\u017eniji globalni suputnik<\/strong><\/h2>\n\n<div class=\"wp-block-columns is-layout-flex wp-container-core-columns-is-layout-28f84493 wp-block-columns-is-layout-flex\">\n<div class=\"wp-block-column is-layout-flow wp-block-column-is-layout-flow\">\n<figure class=\"wp-block-image size-large\"><a href=\"https:\/\/ayaneo.co\/wp-content\/uploads\/2026\/05\/DROIX-140W-MARKETING-DONE-05.jpg\"><img decoding=\"async\" width=\"1024\" height=\"1024\" src=\"https:\/\/ayaneo.co\/wp-content\/uploads\/2026\/05\/DROIX-140W-MARKETING-DONE-05-1024x1024.jpg\" alt=\"Droix punja&#x10D; od 140 W sa sklopivim EU\/US utika&#x10D;em i dimenzijama prikazanim na bijeloj pozadini\" class=\"wp-image-47738\" srcset=\"https:\/\/ayaneo.co\/wp-content\/uploads\/2026\/05\/DROIX-140W-MARKETING-DONE-05-1024x1024.jpg 1024w, https:\/\/ayaneo.co\/wp-content\/uploads\/2026\/05\/DROIX-140W-MARKETING-DONE-05-300x300.jpg 300w, https:\/\/ayaneo.co\/wp-content\/uploads\/2026\/05\/DROIX-140W-MARKETING-DONE-05-150x150.jpg 150w, https:\/\/ayaneo.co\/wp-content\/uploads\/2026\/05\/DROIX-140W-MARKETING-DONE-05-768x768.jpg 768w, https:\/\/ayaneo.co\/wp-content\/uploads\/2026\/05\/DROIX-140W-MARKETING-DONE-05-65x65.jpg 65w, https:\/\/ayaneo.co\/wp-content\/uploads\/2026\/05\/DROIX-140W-MARKETING-DONE-05-990x990.jpg 990w, https:\/\/ayaneo.co\/wp-content\/uploads\/2026\/05\/DROIX-140W-MARKETING-DONE-05-441x441.jpg 441w, https:\/\/ayaneo.co\/wp-content\/uploads\/2026\/05\/DROIX-140W-MARKETING-DONE-05-100x100.jpg 100w, https:\/\/ayaneo.co\/wp-content\/uploads\/2026\/05\/DROIX-140W-MARKETING-DONE-05-600x600.jpg 600w, https:\/\/ayaneo.co\/wp-content\/uploads\/2026\/05\/DROIX-140W-MARKETING-DONE-05.jpg 1500w\" sizes=\"(max-width: 1024px) 100vw, 1024px\" \/><\/a><\/figure>\n<\/div>\n\n\n\n<div class=\"wp-block-column is-layout-flow wp-block-column-is-layout-flow\">\n<figure class=\"wp-block-image size-large\"><a href=\"https:\/\/ayaneo.co\/wp-content\/uploads\/2026\/05\/DROIX-140W-MARKETING-DONE-012.jpg\"><img decoding=\"async\" width=\"1024\" height=\"1024\" src=\"https:\/\/ayaneo.co\/wp-content\/uploads\/2026\/05\/DROIX-140W-MARKETING-DONE-012-1024x1024.jpg\" alt=\"DROIX 140W USB-C zidni punja&#x10D; priklju&#x10D;en u zidnu uti&#x10D;nicu, istovremeno puni &#x10D;etiri ure&#x111;aja, uklju&#x10D;uju&#x107;i prijenosno ra&#x10D;unalo, tablet, pametni telefon i pametni sat. Slika isti&#x10D;e mogu&#x107;nost &quot;istovremenog punjenja 4 ure&#x111;aja&quot; s &#x10D;etiri kabela spojena na dno ure&#x111;aja. \" class=\"wp-image-47768\" srcset=\"https:\/\/ayaneo.co\/wp-content\/uploads\/2026\/05\/DROIX-140W-MARKETING-DONE-012-1024x1024.jpg 1024w, https:\/\/ayaneo.co\/wp-content\/uploads\/2026\/05\/DROIX-140W-MARKETING-DONE-012-300x300.jpg 300w, https:\/\/ayaneo.co\/wp-content\/uploads\/2026\/05\/DROIX-140W-MARKETING-DONE-012-150x150.jpg 150w, https:\/\/ayaneo.co\/wp-content\/uploads\/2026\/05\/DROIX-140W-MARKETING-DONE-012-768x768.jpg 768w, https:\/\/ayaneo.co\/wp-content\/uploads\/2026\/05\/DROIX-140W-MARKETING-DONE-012-65x65.jpg 65w, https:\/\/ayaneo.co\/wp-content\/uploads\/2026\/05\/DROIX-140W-MARKETING-DONE-012-990x990.jpg 990w, https:\/\/ayaneo.co\/wp-content\/uploads\/2026\/05\/DROIX-140W-MARKETING-DONE-012-441x441.jpg 441w, https:\/\/ayaneo.co\/wp-content\/uploads\/2026\/05\/DROIX-140W-MARKETING-DONE-012-100x100.jpg 100w, https:\/\/ayaneo.co\/wp-content\/uploads\/2026\/05\/DROIX-140W-MARKETING-DONE-012-600x600.jpg 600w, https:\/\/ayaneo.co\/wp-content\/uploads\/2026\/05\/DROIX-140W-MARKETING-DONE-012.jpg 1500w\" sizes=\"(max-width: 1024px) 100vw, 1024px\" \/><\/a><\/figure>\n<\/div>\n<\/div>\n\n<p class=\"has-text-align-left\">Prenosivost je sr\u017e na\u0161eg dizajna. S dimenzijama od samo 71 mm, DROIX 140W USB-C GaN punja\u010d je znatno manji od standardnog 16-in\u010dnog prijenosnog ra\u010dunala, no zadr\u017eava dovoljno snage za punjenje MacBook Pro 16\u201d punom brzinom. <\/p>\n\n<p class=\"has-text-align-left\">Inovativni sustav spajanja mijenja pravila igre za me\u0111unarodna putovanja. Jednostavno prebacivanje izme\u0111u utika\u010da za UK, EU, SAD i Australiju u sekundama. Od londonskog kafi\u0107a do hotela u Sydneyu, mo\u017eete putovati s apsolutnim povjerenjem znaju\u0107i da \u0107e va\u0161 iPhone 16, iPhone 17 i Nintendo Switch 2 ostati napunjeni i spremni za akciju.  <\/p>\n\n<h2 class=\"wp-block-heading has-text-align-center\"><strong>Optimizirana distribucija energije putem DROIX 140W USB-C zidnog punja\u010da<\/strong><\/h2>\n\n<div class=\"wp-block-columns is-layout-flex wp-container-core-columns-is-layout-28f84493 wp-block-columns-is-layout-flex\">\n<div class=\"wp-block-column is-layout-flow wp-block-column-is-layout-flow\">\n<figure class=\"wp-block-image size-large\"><a href=\"https:\/\/ayaneo.co\/wp-content\/uploads\/2026\/05\/DROIX-140W-MARKETING-DONE-011.jpg\"><img loading=\"lazy\" decoding=\"async\" width=\"1024\" height=\"1024\" src=\"https:\/\/ayaneo.co\/wp-content\/uploads\/2026\/05\/DROIX-140W-MARKETING-DONE-011-1024x1024.jpg\" alt=\"Krupni plan srebrnog punja&#x10D;a DROIX 140W koji prikazuje njegova &#x10D;etiri priklju&#x10D;ka i integrirani vizualni zaslon. Tekst nagla&#x161;ava tehnologiju &quot;140W PD 3.1&quot;, isti&#x10D;u&#x107;i njezinu sposobnost automatskog prilago&#x111;avanja i brzog punjenja prijenosnih ra&#x10D;unala visokih performansi. \" class=\"wp-image-47798\" srcset=\"https:\/\/ayaneo.co\/wp-content\/uploads\/2026\/05\/DROIX-140W-MARKETING-DONE-011-1024x1024.jpg 1024w, https:\/\/ayaneo.co\/wp-content\/uploads\/2026\/05\/DROIX-140W-MARKETING-DONE-011-300x300.jpg 300w, https:\/\/ayaneo.co\/wp-content\/uploads\/2026\/05\/DROIX-140W-MARKETING-DONE-011-150x150.jpg 150w, https:\/\/ayaneo.co\/wp-content\/uploads\/2026\/05\/DROIX-140W-MARKETING-DONE-011-768x768.jpg 768w, https:\/\/ayaneo.co\/wp-content\/uploads\/2026\/05\/DROIX-140W-MARKETING-DONE-011-65x65.jpg 65w, https:\/\/ayaneo.co\/wp-content\/uploads\/2026\/05\/DROIX-140W-MARKETING-DONE-011-990x990.jpg 990w, https:\/\/ayaneo.co\/wp-content\/uploads\/2026\/05\/DROIX-140W-MARKETING-DONE-011-441x441.jpg 441w, https:\/\/ayaneo.co\/wp-content\/uploads\/2026\/05\/DROIX-140W-MARKETING-DONE-011-100x100.jpg 100w, https:\/\/ayaneo.co\/wp-content\/uploads\/2026\/05\/DROIX-140W-MARKETING-DONE-011-600x600.jpg 600w, https:\/\/ayaneo.co\/wp-content\/uploads\/2026\/05\/DROIX-140W-MARKETING-DONE-011.jpg 1500w\" sizes=\"(max-width: 1024px) 100vw, 1024px\" \/><\/a><\/figure>\n<\/div>\n\n\n\n<div class=\"wp-block-column is-layout-flow wp-block-column-is-layout-flow\">\n<figure class=\"wp-block-image size-large\"><a href=\"https:\/\/ayaneo.co\/wp-content\/uploads\/2026\/05\/DROIX-140W-MARKETING-DONE-09.jpg\"><img loading=\"lazy\" decoding=\"async\" width=\"1024\" height=\"1024\" src=\"https:\/\/ayaneo.co\/wp-content\/uploads\/2026\/05\/DROIX-140W-MARKETING-DONE-09-1024x1024.jpg\" alt=\"Infografika pod nazivom &quot;Pametni vizualni punja&#x10D;&quot; koja prikazuje razli&#x10D;ite na&#x10D;ine prikaza u stvarnom vremenu punja&#x10D;a DROIX 140W. Detaljno prikazuje zaslone su&#x10D;elja za izlaznu snagu po priklju&#x10D;ku, ukupno vrijeme kori&#x161;tenja (88 sati), termalni status i ikone dinami&#x10D;kog punjenja. \" class=\"wp-image-47828\" srcset=\"https:\/\/ayaneo.co\/wp-content\/uploads\/2026\/05\/DROIX-140W-MARKETING-DONE-09-1024x1024.jpg 1024w, https:\/\/ayaneo.co\/wp-content\/uploads\/2026\/05\/DROIX-140W-MARKETING-DONE-09-300x300.jpg 300w, https:\/\/ayaneo.co\/wp-content\/uploads\/2026\/05\/DROIX-140W-MARKETING-DONE-09-150x150.jpg 150w, https:\/\/ayaneo.co\/wp-content\/uploads\/2026\/05\/DROIX-140W-MARKETING-DONE-09-768x768.jpg 768w, https:\/\/ayaneo.co\/wp-content\/uploads\/2026\/05\/DROIX-140W-MARKETING-DONE-09-65x65.jpg 65w, https:\/\/ayaneo.co\/wp-content\/uploads\/2026\/05\/DROIX-140W-MARKETING-DONE-09-990x990.jpg 990w, https:\/\/ayaneo.co\/wp-content\/uploads\/2026\/05\/DROIX-140W-MARKETING-DONE-09-441x441.jpg 441w, https:\/\/ayaneo.co\/wp-content\/uploads\/2026\/05\/DROIX-140W-MARKETING-DONE-09-100x100.jpg 100w, https:\/\/ayaneo.co\/wp-content\/uploads\/2026\/05\/DROIX-140W-MARKETING-DONE-09-600x600.jpg 600w, https:\/\/ayaneo.co\/wp-content\/uploads\/2026\/05\/DROIX-140W-MARKETING-DONE-09.jpg 1500w\" sizes=\"(max-width: 1024px) 100vw, 1024px\" \/><\/a><\/figure>\n<\/div>\n<\/div>\n\n<p>Kori\u0161tenjem napredne GaN poluvodi\u010dke tehnologije, ovaj najbolji USB-C punja\u010d od 140 W posti\u017ee vode\u0107u u\u010dinkovitost u industriji uz zna\u010dajno ni\u017ee stvaranje topline. Podr\u017eavaju\u0107i PD 3.1 standard, potpuno je optimiziran za ure\u0111aje s najve\u0107om potro\u0161njom energije u 2026. godini, uklju\u010duju\u0107i <a href=\"https:\/\/ayaneo.co\/hr\/product\/ayaneo-pocket-evo\/\" target=\"_blank\" rel=\"noreferrer noopener\">AYANEO Pocket EVO<\/a> i <a href=\"https:\/\/ayaneo.co\/hr\/product\/ayaneo-pocket-s2\/\" target=\"_blank\" rel=\"noreferrer noopener\">AYANEO Pocket S2<\/a> . <\/p>\n\n<p>Pametno lagano punjenje: Automatski prebacuje na\u010dine rada na 80% kapaciteta kako bi se o\u010duvao vijek trajanja baterije va\u0161eg skupog hardvera.<\/p>\n\n<p>Toplinska izvrsnost: GaN arhitektura minimizira toplinski stres, odr\u017eavaju\u0107i va\u0161e MacBookove i <a href=\"https:\/\/ayaneo.co\/hr\/product\/konkr-dzepni-fit\/\" target=\"_blank\" rel=\"noreferrer noopener\">KONKR Pocket FIT<\/a> u vrhunskom stanju godinama.<\/p>\n\n<h2 class=\"wp-block-heading has-text-align-center\"><strong><strong>Specifikacije hardvera i izlazna snaga za DROIX 140W USB-C zidni punja\u010d<\/strong><\/strong><\/h2>\n\n<div class=\"wp-block-columns is-layout-flex wp-container-core-columns-is-layout-28f84493 wp-block-columns-is-layout-flex\">\n<div class=\"wp-block-column is-layout-flow wp-block-column-is-layout-flow\">\n<figure class=\"wp-block-image size-large\"><a href=\"https:\/\/ayaneo.co\/wp-content\/uploads\/2026\/05\/DROIX-140W-MARKETING-DONE-07.jpg\"><img loading=\"lazy\" decoding=\"async\" width=\"1024\" height=\"1024\" src=\"https:\/\/ayaneo.co\/wp-content\/uploads\/2026\/05\/DROIX-140W-MARKETING-DONE-07-1024x1024.jpg\" alt=\"Sveobuhvatna tehni&#x10D;ka infografika s detaljnim prikazom izlazne snage i distribucije punja&#x10D;a DROIX 140W. Gornji dio navodi maksimalnu pojedina&#x10D;nu snagu i specifikacije napona\/ampera&#x17E;e za priklju&#x10D;ke C1 (140W), C2 (100W), C3 (40W) i USB-A (22,5W). Donji dijelovi sadr&#x17E;e deset dijagrama koji to&#x10D;no prikazuju kako se snaga dijeli i raspore&#x111;uje izme&#x111;u razli&#x10D;itih konfiguracija s dva, tri i &#x10D;etiri priklju&#x10D;ka.  \" class=\"wp-image-47858\" srcset=\"https:\/\/ayaneo.co\/wp-content\/uploads\/2026\/05\/DROIX-140W-MARKETING-DONE-07-1024x1024.jpg 1024w, https:\/\/ayaneo.co\/wp-content\/uploads\/2026\/05\/DROIX-140W-MARKETING-DONE-07-300x300.jpg 300w, https:\/\/ayaneo.co\/wp-content\/uploads\/2026\/05\/DROIX-140W-MARKETING-DONE-07-150x150.jpg 150w, https:\/\/ayaneo.co\/wp-content\/uploads\/2026\/05\/DROIX-140W-MARKETING-DONE-07-768x768.jpg 768w, https:\/\/ayaneo.co\/wp-content\/uploads\/2026\/05\/DROIX-140W-MARKETING-DONE-07-65x65.jpg 65w, https:\/\/ayaneo.co\/wp-content\/uploads\/2026\/05\/DROIX-140W-MARKETING-DONE-07-990x990.jpg 990w, https:\/\/ayaneo.co\/wp-content\/uploads\/2026\/05\/DROIX-140W-MARKETING-DONE-07-441x441.jpg 441w, https:\/\/ayaneo.co\/wp-content\/uploads\/2026\/05\/DROIX-140W-MARKETING-DONE-07-100x100.jpg 100w, https:\/\/ayaneo.co\/wp-content\/uploads\/2026\/05\/DROIX-140W-MARKETING-DONE-07-600x600.jpg 600w, https:\/\/ayaneo.co\/wp-content\/uploads\/2026\/05\/DROIX-140W-MARKETING-DONE-07.jpg 1500w\" sizes=\"(max-width: 1024px) 100vw, 1024px\" \/><\/a><\/figure>\n<\/div>\n\n\n\n<div class=\"wp-block-column is-layout-flow wp-block-column-is-layout-flow\">\n<figure class=\"wp-block-image size-large\"><a href=\"https:\/\/ayaneo.co\/wp-content\/uploads\/2026\/05\/DROIX-140W-MARKETING-DONE-010.jpg\"><img loading=\"lazy\" decoding=\"async\" width=\"1024\" height=\"1024\" src=\"https:\/\/ayaneo.co\/wp-content\/uploads\/2026\/05\/DROIX-140W-MARKETING-DONE-010-1024x1024.jpg\" alt=\"Marketin&#x161;ka grafika pod nazivom &quot;Razumije va&#x161;e potrebe za punjenjem&quot;, koja isti&#x10D;e 4 izlazna priklju&#x10D;ka ure&#x111;aja (3 USB-C i 1 USB-A). Slika prikazuje raznoliku kolekciju kompatibilne elektronike, uklju&#x10D;uju&#x107;i prijenosno ra&#x10D;unalo, tablete, Nintendo Switch, pametne telefone, be&#x17E;i&#x10D;ne slu&#x161;alice, dron i gimbal kameru, demonstriraju&#x107;i svestranost punja&#x10D;a. \" class=\"wp-image-47888\" srcset=\"https:\/\/ayaneo.co\/wp-content\/uploads\/2026\/05\/DROIX-140W-MARKETING-DONE-010-1024x1024.jpg 1024w, https:\/\/ayaneo.co\/wp-content\/uploads\/2026\/05\/DROIX-140W-MARKETING-DONE-010-300x300.jpg 300w, https:\/\/ayaneo.co\/wp-content\/uploads\/2026\/05\/DROIX-140W-MARKETING-DONE-010-150x150.jpg 150w, https:\/\/ayaneo.co\/wp-content\/uploads\/2026\/05\/DROIX-140W-MARKETING-DONE-010-768x768.jpg 768w, https:\/\/ayaneo.co\/wp-content\/uploads\/2026\/05\/DROIX-140W-MARKETING-DONE-010-65x65.jpg 65w, https:\/\/ayaneo.co\/wp-content\/uploads\/2026\/05\/DROIX-140W-MARKETING-DONE-010-990x990.jpg 990w, https:\/\/ayaneo.co\/wp-content\/uploads\/2026\/05\/DROIX-140W-MARKETING-DONE-010-441x441.jpg 441w, https:\/\/ayaneo.co\/wp-content\/uploads\/2026\/05\/DROIX-140W-MARKETING-DONE-010-100x100.jpg 100w, https:\/\/ayaneo.co\/wp-content\/uploads\/2026\/05\/DROIX-140W-MARKETING-DONE-010-600x600.jpg 600w, https:\/\/ayaneo.co\/wp-content\/uploads\/2026\/05\/DROIX-140W-MARKETING-DONE-010.jpg 1500w\" sizes=\"(max-width: 1024px) 100vw, 1024px\" \/><\/a><\/figure>\n<\/div>\n<\/div>\n\n<p>DROIX 140W USB-C zidni punja\u010d koristi fleksibilan raspored s \u010detiri priklju\u010dka za istovremeno obavljanje vi\u0161e zadataka punjenja. Konkretno, vode\u0107i USB-C1 priklju\u010dak pru\u017ea vr\u0161nu izlaznu snagu od 140 W putem PD 3.1 i PPS tehnologije za maksimalnu brzinu. \u0160tovi\u0161e, drugi USB-C2 priklju\u010dak nudi zna\u010dajnih 100 W kako bi vrhunski prijenosnici radili punim kapacitetom tijekom intenzivnog optere\u0107enja.  <\/p>\n\n<p>Osim toga, korisnici mogu iskoristiti 40W USB-C3 priklju\u010dak za elektroniku srednje veli\u010dine poput konzola ili tableta. Sli\u010dno tome, USB-A priklju\u010dak podr\u017eava stariji hardver s izlazom od 22,5 W koriste\u0107i SCP i QC 3.0 protokole. Budu\u0107i da sva \u010detiri priklju\u010dka nadziru inteligentni sigurnosni sustavi, va\u0161 je hardver uvijek za\u0161ti\u0107en od elektri\u010dnih o\u0161te\u0107enja. Stoga se DROIX 140W USB-C zidni punja\u010d op\u0107enito smatra naju\u010dinkovitijim \u010dvori\u0161tem za postavljanje vi\u0161e ure\u0111aja.   <\/p>\n\n<h2 class=\"wp-block-heading has-text-align-center\"><strong>Napredno pra\u0107enje napajanja putem integriranog zaslona DROIX 140W USB-C zidnog punja\u010da<\/strong><\/h2>\n\n<p>Ostanite informirani uz DROIX 140W USB-C zidni punja\u010d koji pru\u017ea klju\u010dne statistike punjenja u stvarnom vremenu. Ovaj integrirani pametni vizualni zaslon olak\u0161ava pra\u0107enje ukupne snage i izlaza pojedina\u010dnih priklju\u010daka na prvi pogled. \u0160tovi\u0161e, pra\u0107enje &#8220;Vrijeme kori\u0161tenja\" poma\u017ee vam da razumijete svoje osobne navike kori\u0161tenja hardvera tijekom vremena. Budu\u0107i da je va\u0161a sigurnost na prvom mjestu, su\u010delje jasno pokazuje kada se ure\u0111aj nalazi u &#8220;Izvrsnim\" toplinskim zonama. Stoga se nikada ne morate brinuti o zdravlju svojih povezanih ure\u0111aja.    <\/p>\n\n<h2 class=\"wp-block-heading has-text-align-center\"><strong><strong>Potpuna sigurnost: Vi\u0161eslojni za\u0161titni paket DROIX 140W USB-C zidnog punja\u010da<\/strong><\/strong><\/h2>\n\n<p>Zidni punja\u010d DROIX 140W USB-C razvijen je s beskompromisnom predano\u0161\u0107u sigurnosti korisnika. Ure\u0111aj ima ku\u0107i\u0161te od PC-a otporno na udarce i vatru, dizajnirano da izdr\u017ei zahtjeve putovanja. Unutra napredni senzori pru\u017eaju stalno pra\u0107enje prenapona, prekomjerne struje i toplinskih anomalija.  <\/p>\n\n<p>Osim toga, va\u0161i skupi mobilni ure\u0111aji sigurni su od potencijalnih kratkih spojeva i elektromagnetskih smetnji. Stoga se uvijek mo\u017eete osloniti na ure\u0111aj da \u0107e isporu\u010divati \u200b\u200bstabilnu, \u010distu energiju bez rizika od o\u0161te\u0107enja osjetljivih komponenti. Ova pedantna pa\u017enja posve\u0107ena sigurnosti omogu\u0107uje vam punjenje opreme s apsolutnim povjerenjem.  <\/p>\n\n<h2 class=\"wp-block-heading has-text-align-center\"><strong>Nadogradite svoj putni komplet: Preuzmite svoj DROIX 140W USB-C zidni punja\u010d odmah<\/strong><\/h2>\n\n<p>Vrijeme je da pojednostavite svoju postavku. DROIX 140W USB-C zidni punja\u010d jedini je alat potreban za 100%-tni rad va\u0161eg profesionalnog ureda ili elitne igra\u0107e opreme. Zbog velike potra\u017enje za ovim sveobuhvatnim GaN rje\u0161enjem, zalihe se brzo prodaju.  <\/p>\n\n<p>Otkrijte kako DROIX 140W USB-C GaN zidni punja\u010d mijenja pravila igre <strong><a href=\"https:\/\/ayaneo.co\/?p=48198\" target=\"_blank\" rel=\"noreferrer noopener\">\u2014 Saznajte vi\u0161e na na\u0161em blogu!<\/a><\/strong><\/p>\n","protected":false},"excerpt":{"rendered":"<ul>\n<li><strong>140W PD 3.1 napajanje<\/strong> \u2013 Brzo puni visokou\u010dinkovita prijenosna ra\u010dunala i igra\u0107e ru\u010dne ure\u0111aje pri najve\u0107oj brzini.<\/li>\n<li><strong>Svestranost s \u010detiri priklju\u010dka<\/strong> \u2013 Istovremeno napajajte \u010detiri ure\u0111aja putem tri USB-C priklju\u010dka i jednog USB-A priklju\u010dka.<\/li>\n<li><strong>Vizualni prikaz u\u017eivo<\/strong> \u2013 Pratite snagu, toplinski status i na\u010dine punjenja u stvarnom vremenu na prvi pogled.<\/li>\n<li><strong>Globalni putni sustav<\/strong> \u2013 Uklju\u010duje izmjenjive adaptere za utika\u010de iz Velike Britanije, EU, SAD-a i Australije.<\/li>\n<li><strong>Napredni sigurnosni IC<\/strong> \u2013 Vi\u0161eslojna za\u0161tita osigurava stabilno, toplinski regulirano napajanje za va\u0161 hardver.<\/li>\n<\/ul>\n[cg_accordion title=\"INFORMACIJE O PLA\u0106ANJU\"]<\/p>\n<p>Koristimo najnoviju tehnologiju u obradi pla\u0107anja koja vam omogu\u0107uje pla\u0107anje putem Apple Paya, Google Paya, va\u0161e debitne\/kreditne kartice, PayPala ili BNPL metoda kao \u0161to su Klarna, Affirm ili AfterPay za brzo i sigurno iskustvo.[\/cg_accordion]\n[cg_accordion title=\"JAMSTVO\"]<\/p>\n<p>1 godina jamstva od <a href=\"https:\/\/droix.net\/\" target=\"_blank\" rel=\"nofollow noopener\">DROIX Globala<\/a> za va\u0161 mir[\/cg_accordion]\n[cg_accordion title=\"OSIGURANJE KVALITETE I ISPITIVANJE PRIJE OTPREME\"]<\/p>\n<p>Osiguravanje zadovoljstva kupaca na najvi\u0161oj razini: Svaki ure\u0111aj prolazi rigorozno testiranje i vi\u0161estruku provjeru kvalitete prije slanja. Na\u0161 predani tim provjerava performanse, funkcionalnost i integritet komponenti kako bi jam\u010dio da je va\u0161 AYANEO ure\u0111aj u savr\u0161enom radnom stanju po dolasku, pru\u017eaju\u0107i vam povjerenje i mir. [\/cg_accordion]\n[cg_accordion title=\"CIJENE, POREZI I DOSTAVA\"]<\/p>\n<p><strong><u>Bilje\u0161ka:<\/u><\/strong><\/p>\n<ul>\n<li>Kupci iz Sjedinjenih Ameri\u010dkih Dr\u017eava: Prikazana cijena NE uklju\u010duje POREZ ni carine. Odgovornost za carinjenje i pla\u0107anje svih povezanih poreza\/carina je na kupcu. <\/li>\n<li>Kupci iz EU: Prikazana cijena uklju\u010duje primjenjivi POREZ, koji mo\u017ee iznositi do 25%, ovisno o va\u0161oj zemlji.<\/li>\n<li>Kupci u Kanadi: Prikazana cijena uklju\u010duje primjenjive poreze, koji mogu uklju\u010divati \u200b\u200b5% GST-a i dodatne pokrajinske poreze na promet (PST), harmonizirani porez na promet (HST) ili porez na promet u Quebecu (QST), ovisno o va\u0161oj pokrajini.<\/li>\n<\/ul>\n<p>Za na\u0161e kupce iz SAD-a: Narud\u017ebe se \u0161alju DAP-om (Dostava na mjesto). Iako su kupci odgovorni za pla\u0107anje svih primjenjivih carina, oslanjamo se na na\u0161e veliko iskustvo u dostavi iz Ujedinjenog Kraljevstva kako bismo osigurali da platite najni\u017eu mogu\u0107u naknadu. Na temelju na\u0161e evidencije, te naknade obi\u010dno ne prelaze 10% vrijednosti artikla.  <\/p>\n<p><strong>SAMO za kupce iz EU:<\/strong> Ekspresna dostava s pla\u0107enim carinjenjem (DDP). To zna\u010di: <\/p>\n<ul>\n<li>Sve carine i porezi uklju\u010deni su u cijenu prikazanu na stranici proizvoda.<\/li>\n<li>Prilikom dostave ne\u0107ete morati platiti nikakve dodatne tro\u0161kove.<\/li>\n<li>U rijetkim slu\u010dajevima problema povezanih s carinom, na\u0161 tim \u0107e u va\u0161e ime obaviti carinjenje kako bi se osigurala nesmetana dostava.<\/li>\n<p>Va\u017ene informacije o povratu robe:<\/p>\n<li>Ako odlu\u010dite vratiti narud\u017ebu ili zatra\u017eiti povrat novca, imajte na umu da porezi i carine pla\u0107eni u va\u0161e ime prema DDP uvjetima ne mogu biti vra\u0107eni.<\/li>\n<p>Za detaljnije informacije pogledajte na\u0161e <a href=\"https:\/\/ayaneo.co\/terms-of-service-2\/\" target=\"_blank\" rel=\"nofollow noopener\">Uvjete i odredbe<\/a> .\n<\/ul>\n<p>[\/cg_accordion]\n[cg_accordion title=\"PODR\u0160KA KORISNICIMA\"]<\/p>\n<p>Imate pitanje? Samo nas trebate poslati poruku i rije\u0161it \u0107emo va\u0161 problem! [\/cg_accordion]\n[cg_accordion title=\"PAKET UKLJU\u010cUJE\"]<\/p>\n<ul>\n<li>1x DROIX 140W USB-C zidni punja\u010d<\/li>\n<li>1x adapter za UK utika\u010d<\/li>\n<li>1x adapter za EU utika\u010d<\/li>\n<li>1x Korisni\u010dki priru\u010dnik<\/li>\n<\/ul>\n<p>[\/cg_accordion]\n","protected":false},"featured_media":47925,"template":"","meta":{"_acf_changed":false},"product_brand":[],"product_cat":[1141],"product_tag":[],"class_list":{"0":"post-48716","1":"product","2":"type-product","3":"status-publish","4":"has-post-thumbnail","6":"product_cat-pribor","7":"product_shipping_class-standard","9":"first","10":"onbackorder","11":"taxable","12":"shipping-taxable","13":"product-type-simple"},"acf":[],"_links":{"self":[{"href":"https:\/\/ayaneo.co\/hr\/wp-json\/wp\/v2\/product\/48716","targetHints":{"allow":["GET"]}}],"collection":[{"href":"https:\/\/ayaneo.co\/hr\/wp-json\/wp\/v2\/product"}],"about":[{"href":"https:\/\/ayaneo.co\/hr\/wp-json\/wp\/v2\/types\/product"}],"wp:featuredmedia":[{"embeddable":true,"href":"https:\/\/ayaneo.co\/hr\/wp-json\/wp\/v2\/media\/47925"}],"wp:attachment":[{"href":"https:\/\/ayaneo.co\/hr\/wp-json\/wp\/v2\/media?parent=48716"}],"wp:term":[{"taxonomy":"product_brand","embeddable":true,"href":"https:\/\/ayaneo.co\/hr\/wp-json\/wp\/v2\/product_brand?post=48716"},{"taxonomy":"product_cat","embeddable":true,"href":"https:\/\/ayaneo.co\/hr\/wp-json\/wp\/v2\/product_cat?post=48716"},{"taxonomy":"product_tag","embeddable":true,"href":"https:\/\/ayaneo.co\/hr\/wp-json\/wp\/v2\/product_tag?post=48716"}],"curies":[{"name":"wp","href":"https:\/\/api.w.org\/{rel}","templated":true}]}}