{"id":34926,"date":"2023-03-12T15:06:00","date_gmt":"2023-03-12T15:06:00","guid":{"rendered":"https:\/\/ayaneo.co\/rolunk\/"},"modified":"2025-11-06T17:31:11","modified_gmt":"2025-11-06T17:31:11","slug":"rolunk","status":"publish","type":"page","link":"https:\/\/ayaneo.co\/hu\/rolunk\/","title":{"rendered":"R\u00f3lunk"},"content":{"rendered":"\t\t<div data-elementor-type=\"wp-page\" data-elementor-id=\"34926\" class=\"elementor elementor-34926 elementor-167\" data-elementor-post-type=\"page\">\n\t\t\t\t\t\t<section class=\"elementor-section elementor-top-section elementor-element elementor-element-c5ceb80 elementor-section-height-min-height elementor-section-content-middle elementor-reverse-mobile elementor-section-boxed elementor-section-height-default elementor-section-items-middle\" data-id=\"c5ceb80\" data-element_type=\"section\" data-settings=\"{&quot;background_background&quot;:&quot;classic&quot;,&quot;background_motion_fx_motion_fx_scrolling&quot;:&quot;yes&quot;,&quot;background_motion_fx_translateY_effect&quot;:&quot;yes&quot;,&quot;background_motion_fx_translateY_speed&quot;:{&quot;unit&quot;:&quot;px&quot;,&quot;size&quot;:2.4,&quot;sizes&quot;:[]},&quot;background_motion_fx_blur_effect&quot;:&quot;yes&quot;,&quot;background_motion_fx_translateY_affectedRange&quot;:{&quot;unit&quot;:&quot;%&quot;,&quot;size&quot;:&quot;&quot;,&quot;sizes&quot;:{&quot;start&quot;:0,&quot;end&quot;:100}},&quot;background_motion_fx_blur_direction&quot;:&quot;out-in&quot;,&quot;background_motion_fx_blur_level&quot;:{&quot;unit&quot;:&quot;px&quot;,&quot;size&quot;:7,&quot;sizes&quot;:[]},&quot;background_motion_fx_blur_range&quot;:{&quot;unit&quot;:&quot;%&quot;,&quot;size&quot;:&quot;&quot;,&quot;sizes&quot;:{&quot;start&quot;:20,&quot;end&quot;:80}},&quot;background_motion_fx_devices&quot;:[&quot;desktop&quot;,&quot;tablet&quot;,&quot;mobile&quot;]}\">\n\t\t\t\t\t\t<div class=\"elementor-container elementor-column-gap-no\">\n\t\t\t\t\t<div class=\"elementor-column elementor-col-50 elementor-top-column elementor-element elementor-element-7b5702e5\" data-id=\"7b5702e5\" data-element_type=\"column\">\n\t\t\t<div class=\"elementor-widget-wrap elementor-element-populated\">\n\t\t\t\t\t\t<div class=\"elementor-element elementor-element-7e56fd7c elementor-widget elementor-widget-heading\" data-id=\"7e56fd7c\" data-element_type=\"widget\" data-widget_type=\"heading.default\">\n\t\t\t\t<div class=\"elementor-widget-container\">\n\t\t\t\t\t<h2 class=\"elementor-heading-title elementor-size-default\">J\u00e1t\u00e9kosokt\u00f3l<br>J\u00e1t\u00e9kosoknak<\/h2>\t\t\t\t<\/div>\n\t\t\t\t<\/div>\n\t\t\t\t<div class=\"elementor-element elementor-element-374c2200 elementor-widget elementor-widget-text-editor\" data-id=\"374c2200\" data-element_type=\"widget\" data-widget_type=\"text-editor.default\">\n\t\t\t\t<div class=\"elementor-widget-container\">\n\t\t\t\t\t\t\t\t\tAz AYANEO Global-t a DroiX fejleszti \u00e9s tartja fenn, ami azt jelenti, hogy a megrendel\u00e9s\u00e9t a mi rakt\u00e1rainkb\u00f3l sz\u00e1ll\u00edtj\u00e1k, \u00e9s a v\u00e1s\u00e1rl\u00e1s ut\u00e1ni csod\u00e1latos szolg\u00e1ltat\u00e1sunk vonatkozik r\u00e1.\n<\/br>\nA hagyom\u00e1nyos term\u00e9kek fejleszt\u00e9si megk\u00f6zel\u00edt\u00e9s\u00e9vel ellent\u00e9tben AYANEO ragaszkodik az eredeti sz\u00e1nd\u00e9khoz: &#8222;igazi j\u00e1t\u00e9kosokt\u00f3l, m\u00e1s j\u00e1t\u00e9kosoknak&#8221;. K\u00f6vetkezetesen szoros kapcsolatot tartunk fenn a j\u00e1t\u00e9kosokkal, meghallgatjuk a hangjukat \u00e9s az ig\u00e9nyeiket, lehet\u0151v\u00e9 tessz\u00fck sz\u00e1mukra, hogy r\u00e9szt vegyenek a term\u00e9kfejleszt\u00e9sben, \u00e9s egy\u00fcttm\u0171k\u00f6d\u00fcnk vel\u00fck az ide\u00e1lis Windows k\u00e9zi eszk\u00f6z megalkot\u00e1s\u00e1ban. \n\n\t\t\t\t\t\t\t\t<\/div>\n\t\t\t\t<\/div>\n\t\t\t\t\t<\/div>\n\t\t<\/div>\n\t\t\t\t<div class=\"elementor-column elementor-col-50 elementor-top-column elementor-element elementor-element-fd898c5\" data-id=\"fd898c5\" data-element_type=\"column\">\n\t\t\t<div class=\"elementor-widget-wrap elementor-element-populated\">\n\t\t\t\t\t\t<div class=\"elementor-element elementor-element-6e38bb40 elementor-widget elementor-widget-image\" data-id=\"6e38bb40\" data-element_type=\"widget\" data-widget_type=\"image.default\">\n\t\t\t\t<div class=\"elementor-widget-container\">\n\t\t\t\t\t\t\t\t\t\t\t\t\t\t\t<img fetchpriority=\"high\" decoding=\"async\" width=\"1500\" height=\"1500\" src=\"https:\/\/ayaneo.co\/wp-content\/uploads\/2023\/03\/AYANEO-2-SKY_WHITE-LISTING-IMAGE-DONE-1.png\" class=\"attachment-full size-full wp-image-34927\" alt=\"AYANEO 2 Sky White PC-s j\u00e1t\u00e9kk\u00e9zisz\u00e1m\u00edt\u00f3g\u00e9p - El\u00f6lr\u0151l l\u00e1that\u00f3\" srcset=\"https:\/\/ayaneo.co\/wp-content\/uploads\/2023\/03\/AYANEO-2-SKY_WHITE-LISTING-IMAGE-DONE-1.png 1500w, https:\/\/ayaneo.co\/wp-content\/uploads\/2023\/03\/AYANEO-2-SKY_WHITE-LISTING-IMAGE-DONE-1-600x600.png 600w, https:\/\/ayaneo.co\/wp-content\/uploads\/2023\/03\/AYANEO-2-SKY_WHITE-LISTING-IMAGE-DONE-1-150x150.png 150w, https:\/\/ayaneo.co\/wp-content\/uploads\/2023\/03\/AYANEO-2-SKY_WHITE-LISTING-IMAGE-DONE-1-300x300.png 300w, https:\/\/ayaneo.co\/wp-content\/uploads\/2023\/03\/AYANEO-2-SKY_WHITE-LISTING-IMAGE-DONE-1-1024x1024.png 1024w, https:\/\/ayaneo.co\/wp-content\/uploads\/2023\/03\/AYANEO-2-SKY_WHITE-LISTING-IMAGE-DONE-1-768x768.png 768w, https:\/\/ayaneo.co\/wp-content\/uploads\/2023\/03\/AYANEO-2-SKY_WHITE-LISTING-IMAGE-DONE-1-990x990.png 990w, https:\/\/ayaneo.co\/wp-content\/uploads\/2023\/03\/AYANEO-2-SKY_WHITE-LISTING-IMAGE-DONE-1-441x441.png 441w, https:\/\/ayaneo.co\/wp-content\/uploads\/2023\/03\/AYANEO-2-SKY_WHITE-LISTING-IMAGE-DONE-1-60x60.png 60w, https:\/\/ayaneo.co\/wp-content\/uploads\/2023\/03\/AYANEO-2-SKY_WHITE-LISTING-IMAGE-DONE-1-110x110.png 110w, https:\/\/ayaneo.co\/wp-content\/uploads\/2023\/03\/AYANEO-2-SKY_WHITE-LISTING-IMAGE-DONE-1-100x100.png 100w\" sizes=\"(max-width: 1500px) 100vw, 1500px\" \/>\t\t\t\t\t\t\t\t\t\t\t\t\t\t\t<\/div>\n\t\t\t\t<\/div>\n\t\t\t\t\t<\/div>\n\t\t<\/div>\n\t\t\t\t\t<\/div>\n\t\t<\/section>\n\t\t\t\t<\/div>\n\t\t","protected":false},"excerpt":{"rendered":"<p>J\u00e1t\u00e9kosokt\u00f3lJ\u00e1t\u00e9kosoknak Az AYANEO Global-t a DroiX fejleszti \u00e9s tartja fenn, ami azt jelenti, hogy a megrendel\u00e9s\u00e9t a mi rakt\u00e1rainkb\u00f3l sz\u00e1ll\u00edtj\u00e1k, \u00e9s a v\u00e1s\u00e1rl\u00e1s ut\u00e1ni csod\u00e1latos szolg\u00e1ltat\u00e1sunk vonatkozik r\u00e1. A hagyom\u00e1nyos term\u00e9kek fejleszt\u00e9si megk\u00f6zel\u00edt\u00e9s\u00e9vel ellent\u00e9tben AYANEO ragaszkodik az eredeti sz\u00e1nd\u00e9khoz: &#8222;igazi j\u00e1t\u00e9kosokt\u00f3l, m\u00e1s j\u00e1t\u00e9kosoknak&#8221;. K\u00f6vetkezetesen szoros kapcsolatot tartunk fenn a j\u00e1t\u00e9kosokkal, meghallgatjuk a hangjukat \u00e9s az [&hellip;]<\/p>\n","protected":false},"author":1,"featured_media":0,"parent":0,"menu_order":0,"comment_status":"closed","ping_status":"closed","template":"template-fullwidth-no-heading.php","meta":{"_acf_changed":false,"footnotes":""},"class_list":["post-34926","page","type-page","status-publish","hentry"],"acf":[],"_links":{"self":[{"href":"https:\/\/ayaneo.co\/hu\/wp-json\/wp\/v2\/pages\/34926","targetHints":{"allow":["GET"]}}],"collection":[{"href":"https:\/\/ayaneo.co\/hu\/wp-json\/wp\/v2\/pages"}],"about":[{"href":"https:\/\/ayaneo.co\/hu\/wp-json\/wp\/v2\/types\/page"}],"author":[{"embeddable":true,"href":"https:\/\/ayaneo.co\/hu\/wp-json\/wp\/v2\/users\/1"}],"replies":[{"embeddable":true,"href":"https:\/\/ayaneo.co\/hu\/wp-json\/wp\/v2\/comments?post=34926"}],"version-history":[{"count":0,"href":"https:\/\/ayaneo.co\/hu\/wp-json\/wp\/v2\/pages\/34926\/revisions"}],"wp:attachment":[{"href":"https:\/\/ayaneo.co\/hu\/wp-json\/wp\/v2\/media?parent=34926"}],"curies":[{"name":"wp","href":"https:\/\/api.w.org\/{rel}","templated":true}]}}