{"id":34962,"date":"2025-02-26T09:29:59","date_gmt":"2025-02-26T09:29:59","guid":{"rendered":"https:\/\/ayaneo.co\/vasarlas-ayaneo-3-pocket-dmg-micro-es-tobb-kezi-jatek-pc-k\/"},"modified":"2025-11-06T17:31:45","modified_gmt":"2025-11-06T17:31:45","slug":"vasarlas-ayaneo-3-pocket-dmg-micro-es-tobb-kezi-jatek-pc-k","status":"publish","type":"page","link":"https:\/\/ayaneo.co\/hu\/vasarlas-ayaneo-3-pocket-dmg-micro-es-tobb-kezi-jatek-pc-k\/","title":{"rendered":"V\u00e1s\u00e1rl\u00e1s AYANEO 3, Pocket DMG, Micro \u00e9s t\u00f6bb k\u00e9zi j\u00e1t\u00e9k PC-k"},"content":{"rendered":"","protected":false},"excerpt":{"rendered":"","protected":false},"author":66,"featured_media":0,"parent":0,"menu_order":0,"comment_status":"closed","ping_status":"closed","template":"","meta":{"_acf_changed":false,"footnotes":""},"class_list":["post-34962","page","type-page","status-publish","hentry"],"acf":[],"_links":{"self":[{"href":"https:\/\/ayaneo.co\/hu\/wp-json\/wp\/v2\/pages\/34962","targetHints":{"allow":["GET"]}}],"collection":[{"href":"https:\/\/ayaneo.co\/hu\/wp-json\/wp\/v2\/pages"}],"about":[{"href":"https:\/\/ayaneo.co\/hu\/wp-json\/wp\/v2\/types\/page"}],"author":[{"embeddable":true,"href":"https:\/\/ayaneo.co\/hu\/wp-json\/wp\/v2\/users\/66"}],"replies":[{"embeddable":true,"href":"https:\/\/ayaneo.co\/hu\/wp-json\/wp\/v2\/comments?post=34962"}],"version-history":[{"count":0,"href":"https:\/\/ayaneo.co\/hu\/wp-json\/wp\/v2\/pages\/34962\/revisions"}],"wp:attachment":[{"href":"https:\/\/ayaneo.co\/hu\/wp-json\/wp\/v2\/media?parent=34962"}],"curies":[{"name":"wp","href":"https:\/\/api.w.org\/{rel}","templated":true}]}}