{"id":34982,"date":"2025-06-25T10:40:26","date_gmt":"2025-06-25T10:40:26","guid":{"rendered":"https:\/\/ayaneo.co\/uzleteink\/"},"modified":"2025-12-04T10:36:26","modified_gmt":"2025-12-04T10:36:26","slug":"uzleteink","status":"publish","type":"page","link":"https:\/\/ayaneo.co\/hu\/uzleteink\/","title":{"rendered":"\u00dczleteink"},"content":{"rendered":"\t\t<div data-elementor-type=\"wp-page\" data-elementor-id=\"34982\" class=\"elementor elementor-34982 elementor-25017\" data-elementor-post-type=\"page\">\n\t\t\t\t\t\t<section class=\"elementor-section elementor-top-section elementor-element elementor-element-35362db elementor-section-boxed elementor-section-height-default elementor-section-height-default\" data-id=\"35362db\" data-element_type=\"section\">\n\t\t\t\t\t\t<div class=\"elementor-container elementor-column-gap-default\">\n\t\t\t\t\t<div class=\"elementor-column elementor-col-100 elementor-top-column elementor-element elementor-element-5adfb6a\" data-id=\"5adfb6a\" data-element_type=\"column\">\n\t\t\t<div class=\"elementor-widget-wrap elementor-element-populated\">\n\t\t\t\t\t\t<div class=\"elementor-element elementor-element-dd6586e elementor-widget elementor-widget-image\" data-id=\"dd6586e\" data-element_type=\"widget\" data-widget_type=\"image.default\">\n\t\t\t\t<div class=\"elementor-widget-container\">\n\t\t\t\t\t\t\t\t\t\t\t\t\t\t\t<img fetchpriority=\"high\" decoding=\"async\" width=\"1600\" height=\"300\" src=\"https:\/\/ayaneo.co\/wp-content\/uploads\/2025\/06\/Hero-Website.gif\" class=\"attachment-full size-full wp-image-34984\" alt=\"\" sizes=\"\" \/>\t\t\t\t\t\t\t\t\t\t\t\t\t\t\t<\/div>\n\t\t\t\t<\/div>\n\t\t\t\t<div class=\"elementor-element elementor-element-5cc52a2 elementor-widget elementor-widget-heading\" data-id=\"5cc52a2\" data-element_type=\"widget\" data-widget_type=\"heading.default\">\n\t\t\t\t<div class=\"elementor-widget-container\">\n\t\t\t\t\t<h2 class=\"elementor-heading-title elementor-size-default\">\u00dcdv\u00f6z\u00f6lj\u00fck a DROIX \u00fczletcsal\u00e1dban<\/h2>\t\t\t\t<\/div>\n\t\t\t\t<\/div>\n\t\t\t\t<div class=\"elementor-element elementor-element-427a2b7 elementor-widget elementor-widget-text-editor\" data-id=\"427a2b7\" data-element_type=\"widget\" data-widget_type=\"text-editor.default\">\n\t\t\t\t<div class=\"elementor-widget-container\">\n\t\t\t\t\t\t\t\t\t<p>Fedezze fel a hivatalos DROIX online \u00e1ruh\u00e1zak h\u00e1l\u00f3zat\u00e1t. Ak\u00e1r az Egyes\u00fclt Kir\u00e1lys\u00e1gban, Eur\u00f3p\u00e1ban vagy a vil\u00e1g b\u00e1rmely pontj\u00e1n \u00e9lsz, van egy dedik\u00e1lt \u00fczlet\u00fcnk, amely a legjobban kiszolg\u00e1l t\u00e9ged &#8211; bele\u00e9rtve az AYANEO \u00e9s a GPD k\u00e9zi j\u00e1t\u00e9k PC-k term\u00e9k-specifikus boltjait is. <\/p>\t\t\t\t\t\t\t\t<\/div>\n\t\t\t\t<\/div>\n\t\t\t\t\t<\/div>\n\t\t<\/div>\n\t\t\t\t\t<\/div>\n\t\t<\/section>\n\t\t\t\t<section class=\"elementor-section elementor-top-section elementor-element elementor-element-b32ccb9 elementor-section-boxed elementor-section-height-default elementor-section-height-default\" data-id=\"b32ccb9\" data-element_type=\"section\">\n\t\t\t\t\t\t<div class=\"elementor-container elementor-column-gap-default\">\n\t\t\t\t\t<div class=\"elementor-column elementor-col-50 elementor-top-column elementor-element elementor-element-4fad783\" data-id=\"4fad783\" data-element_type=\"column\">\n\t\t\t<div class=\"elementor-widget-wrap elementor-element-populated\">\n\t\t\t\t\t\t<div class=\"elementor-element elementor-element-9936ee9 elementor-widget elementor-widget-image\" data-id=\"9936ee9\" data-element_type=\"widget\" data-widget_type=\"image.default\">\n\t\t\t\t<div class=\"elementor-widget-container\">\n\t\t\t\t\t\t\t\t\t\t\t\t\t\t\t\t<a href=\"https:\/\/droix.co.uk\/\" target=\"_blank\" rel=\"noopener\">\n\t\t\t\t\t\t\t<img decoding=\"async\" width=\"320\" height=\"120\" src=\"https:\/\/ayaneo.co\/wp-content\/uploads\/2025\/06\/COUK.jpg\" class=\"attachment-full size-full wp-image-34933\" alt=\"\" srcset=\"https:\/\/ayaneo.co\/wp-content\/uploads\/2025\/06\/COUK.jpg 320w, https:\/\/ayaneo.co\/wp-content\/uploads\/2025\/06\/COUK-300x113.jpg 300w, https:\/\/ayaneo.co\/wp-content\/uploads\/2025\/06\/COUK-150x56.jpg 150w\" sizes=\"(max-width: 320px) 100vw, 320px\" \/>\t\t\t\t\t\t\t\t<\/a>\n\t\t\t\t\t\t\t\t\t\t\t\t\t\t\t<\/div>\n\t\t\t\t<\/div>\n\t\t\t\t<div class=\"elementor-element elementor-element-9df7040 elementor-widget elementor-widget-text-editor\" data-id=\"9df7040\" data-element_type=\"widget\" data-widget_type=\"text-editor.default\">\n\t\t\t\t<div class=\"elementor-widget-container\">\n\t\t\t\t\t\t\t\t\t<p data-pm-slice=\"0 0 []\">Az Egyes\u00fclt Kir\u00e1lys\u00e1gban m\u0171k\u00f6d\u0151, kifejezetten erre a c\u00e9lra kialak\u00edtott \u00e1ruh\u00e1zunk, amelyet \u00fagy tervezt\u00fcnk, hogy z\u00f6kken\u0151mentes rendel\u00e9st biztos\u00edtson az Egyes\u00fclt Kir\u00e1lys\u00e1g H\u00c9A-megfelel\u0151s\u00e9g\u00e9vel \u00e9s a helyi beszed\u00e9sekkel.<\/p>\t\t\t\t\t\t\t\t<\/div>\n\t\t\t\t<\/div>\n\t\t\t\t<div class=\"elementor-element elementor-element-4cb7382 elementor-widget elementor-widget-image\" data-id=\"4cb7382\" data-element_type=\"widget\" data-widget_type=\"image.default\">\n\t\t\t\t<div class=\"elementor-widget-container\">\n\t\t\t\t\t\t\t\t\t\t\t\t\t\t\t\t<a href=\"https:\/\/droix.eu\/\" target=\"_blank\" rel=\"noopener\">\n\t\t\t\t\t\t\t<img decoding=\"async\" width=\"320\" height=\"120\" src=\"https:\/\/ayaneo.co\/wp-content\/uploads\/2025\/06\/EU.jpg\" class=\"attachment-full size-full wp-image-34935\" alt=\"\" srcset=\"https:\/\/ayaneo.co\/wp-content\/uploads\/2025\/06\/EU.jpg 320w, https:\/\/ayaneo.co\/wp-content\/uploads\/2025\/06\/EU-300x113.jpg 300w, https:\/\/ayaneo.co\/wp-content\/uploads\/2025\/06\/EU-150x56.jpg 150w\" sizes=\"(max-width: 320px) 100vw, 320px\" \/>\t\t\t\t\t\t\t\t<\/a>\n\t\t\t\t\t\t\t\t\t\t\t\t\t\t\t<\/div>\n\t\t\t\t<\/div>\n\t\t\t\t<div class=\"elementor-element elementor-element-665acbf elementor-widget elementor-widget-text-editor\" data-id=\"665acbf\" data-element_type=\"widget\" data-widget_type=\"text-editor.default\">\n\t\t\t\t<div class=\"elementor-widget-container\">\n\t\t\t\t\t\t\t\t\t<p data-pm-slice=\"0 0 []\">Kifejezetten az EU-ra szabott \u00e1ruh\u00e1zunk, amelyet \u00fagy tervezt\u00fcnk, hogy z\u00f6kken\u0151mentes rendel\u00e9st biztos\u00edtson az uni\u00f3s H\u00c9A-nak val\u00f3 megfelel\u00e9s \u00e9s a gyorsabb sz\u00e1ll\u00edt\u00e1s \u00e9rdek\u00e9ben Eur\u00f3pa-szerte.<\/p>\t\t\t\t\t\t\t\t<\/div>\n\t\t\t\t<\/div>\n\t\t\t\t\t<\/div>\n\t\t<\/div>\n\t\t\t\t<div class=\"elementor-column elementor-col-50 elementor-top-column elementor-element elementor-element-8e833a5\" data-id=\"8e833a5\" data-element_type=\"column\">\n\t\t\t<div class=\"elementor-widget-wrap elementor-element-populated\">\n\t\t\t\t\t\t<div class=\"elementor-element elementor-element-6c081a9 elementor-widget elementor-widget-image\" data-id=\"6c081a9\" data-element_type=\"widget\" data-widget_type=\"image.default\">\n\t\t\t\t<div class=\"elementor-widget-container\">\n\t\t\t\t\t\t\t\t\t\t\t\t\t\t\t\t<a href=\"https:\/\/droix.net\/\" target=\"_blank\" rel=\"noopener\">\n\t\t\t\t\t\t\t<img loading=\"lazy\" decoding=\"async\" width=\"320\" height=\"120\" src=\"https:\/\/ayaneo.co\/wp-content\/uploads\/2025\/06\/NET.jpg\" class=\"attachment-full size-full wp-image-34934\" alt=\"\" srcset=\"https:\/\/ayaneo.co\/wp-content\/uploads\/2025\/06\/NET.jpg 320w, https:\/\/ayaneo.co\/wp-content\/uploads\/2025\/06\/NET-300x113.jpg 300w, https:\/\/ayaneo.co\/wp-content\/uploads\/2025\/06\/NET-150x56.jpg 150w\" sizes=\"(max-width: 320px) 100vw, 320px\" \/>\t\t\t\t\t\t\t\t<\/a>\n\t\t\t\t\t\t\t\t\t\t\t\t\t\t\t<\/div>\n\t\t\t\t<\/div>\n\t\t\t\t<div class=\"elementor-element elementor-element-104ad12 elementor-widget elementor-widget-text-editor\" data-id=\"104ad12\" data-element_type=\"widget\" data-widget_type=\"text-editor.default\">\n\t\t\t\t<div class=\"elementor-widget-container\">\n\t\t\t\t\t\t\t\t\t<p data-pm-slice=\"0 0 []\">Az Egyes\u00fclt Kir\u00e1lys\u00e1gon \u00e9s az EU-n k\u00edv\u00fcli \u00fcgyfelek kiszolg\u00e1l\u00e1sa.  <span style=\"background-color: transparent;\">A legjobb v\u00e1laszt\u00e1s a glob\u00e1lis sz\u00e1ll\u00edt\u00e1s, az ad\u00f3mentes fizet\u00e9s (ahol alkalmazhat\u00f3) \u00e9s a vil\u00e1gm\u00e9ret\u0171 t\u00e1mogat\u00e1s tekintet\u00e9ben.<\/span><\/p>\t\t\t\t\t\t\t\t<\/div>\n\t\t\t\t<\/div>\n\t\t\t\t<div class=\"elementor-element elementor-element-f76bab4 elementor-widget elementor-widget-image\" data-id=\"f76bab4\" data-element_type=\"widget\" data-widget_type=\"image.default\">\n\t\t\t\t<div class=\"elementor-widget-container\">\n\t\t\t\t\t\t\t\t\t\t\t\t\t\t\t\t<a href=\"https:\/\/gpdstore.net\/\" target=\"_blank\" rel=\"noopener\">\n\t\t\t\t\t\t\t<img loading=\"lazy\" decoding=\"async\" width=\"320\" height=\"120\" src=\"https:\/\/ayaneo.co\/wp-content\/uploads\/2025\/06\/GPDSTORE.jpg\" class=\"attachment-full size-full wp-image-34936\" alt=\"\" srcset=\"https:\/\/ayaneo.co\/wp-content\/uploads\/2025\/06\/GPDSTORE.jpg 320w, https:\/\/ayaneo.co\/wp-content\/uploads\/2025\/06\/GPDSTORE-300x113.jpg 300w, https:\/\/ayaneo.co\/wp-content\/uploads\/2025\/06\/GPDSTORE-150x56.jpg 150w\" sizes=\"(max-width: 320px) 100vw, 320px\" \/>\t\t\t\t\t\t\t\t<\/a>\n\t\t\t\t\t\t\t\t\t\t\t\t\t\t\t<\/div>\n\t\t\t\t<\/div>\n\t\t\t\t<div class=\"elementor-element elementor-element-764bdad elementor-widget elementor-widget-text-editor\" data-id=\"764bdad\" data-element_type=\"widget\" data-widget_type=\"text-editor.default\">\n\t\t\t\t<div class=\"elementor-widget-container\">\n\t\t\t\t\t\t\t\t\t<p data-pm-slice=\"0 0 []\">A GPD term\u00e9kek &#8211; bele\u00e9rtve a GPD WIN \u00e9s GPD Pocket term\u00e9kcsal\u00e1dokat &#8211; az \u00d6n c\u00e9lpontja. Hivatalos rakt\u00e1rk\u00e9szlet a DROIX t\u00e1mogat\u00e1s\u00e1val. <\/p>\t\t\t\t\t\t\t\t<\/div>\n\t\t\t\t<\/div>\n\t\t\t\t\t<\/div>\n\t\t<\/div>\n\t\t\t\t\t<\/div>\n\t\t<\/section>\n\t\t\t\t<section class=\"elementor-section elementor-top-section elementor-element elementor-element-ff11b9e elementor-section-boxed elementor-section-height-default elementor-section-height-default\" data-id=\"ff11b9e\" data-element_type=\"section\">\n\t\t\t\t\t\t<div class=\"elementor-container elementor-column-gap-default\">\n\t\t\t\t\t<div class=\"elementor-column elementor-col-100 elementor-top-column elementor-element elementor-element-c172429\" data-id=\"c172429\" data-element_type=\"column\">\n\t\t\t<div class=\"elementor-widget-wrap elementor-element-populated\">\n\t\t\t\t\t\t<div class=\"elementor-element elementor-element-bbbe377 elementor-widget elementor-widget-heading\" data-id=\"bbbe377\" data-element_type=\"widget\" data-widget_type=\"heading.default\">\n\t\t\t\t<div class=\"elementor-widget-container\">\n\t\t\t\t\t<h2 class=\"elementor-heading-title elementor-size-default\">Mi\u00e9rt v\u00e1s\u00e1roljon a DROIX-n\u00e1l?<\/h2>\t\t\t\t<\/div>\n\t\t\t\t<\/div>\n\t\t\t\t<div class=\"elementor-element elementor-element-5eb3b45 elementor-widget elementor-widget-text-editor\" data-id=\"5eb3b45\" data-element_type=\"widget\" data-widget_type=\"text-editor.default\">\n\t\t\t\t<div class=\"elementor-widget-container\">\n\t\t\t\t\t\t\t\t\t<p>A DROIX-n\u00e1l nem csak egy \u00fajabb online \u00e1ruh\u00e1z vagyunk &#8211; mi egy megb\u00edzhat\u00f3 n\u00e9v vagyunk a teljes\u00edtm\u00e9nytechnol\u00f3gia ter\u00fclet\u00e9n, t\u00f6bb sz\u00e1z el\u00e9gedett \u00fcgyf\u00e9llel \u00e9s t\u00f6bb \u00e9ves tapasztalattal a k\u00e9zi j\u00e1t\u00e9k PC-k, mini PC-k, ultrabookok, Android eszk\u00f6z\u00f6k \u00e9s m\u00e9g sok m\u00e1s term\u00e9k ter\u00e9n. T\u00f6bb sz\u00e1z pozit\u00edv, ellen\u0151rz\u00f6tt \u00e9rt\u00e9kel\u00e9ssel a szolg\u00e1ltat\u00e1sunk mag\u00e1\u00e9rt besz\u00e9l. B\u00fcszk\u00e9k vagyunk arra, hogy a legjobb \u00fcgyf\u00e9l\u00e9lm\u00e9nyt ny\u00fajtjuk, az els\u0151 kattint\u00e1st\u00f3l az \u00e9rt\u00e9kes\u00edt\u00e9s ut\u00e1ni t\u00e1mogat\u00e1sig.  <\/p>\t\t\t\t\t\t\t\t<\/div>\n\t\t\t\t<\/div>\n\t\t\t\t<div class=\"elementor-element elementor-element-14ec0d8 elementor-widget elementor-widget-image\" data-id=\"14ec0d8\" data-element_type=\"widget\" data-widget_type=\"image.default\">\n\t\t\t\t<div class=\"elementor-widget-container\">\n\t\t\t\t\t\t\t\t\t\t\t\t\t\t\t<img loading=\"lazy\" decoding=\"async\" width=\"768\" height=\"768\" src=\"https:\/\/ayaneo.co\/wp-content\/uploads\/2025\/06\/DROIX-REVIEWS-768x768.png\" class=\"attachment-medium_large size-medium_large wp-image-34985\" alt=\"\" srcset=\"https:\/\/ayaneo.co\/wp-content\/uploads\/2025\/06\/DROIX-REVIEWS-768x768.png 768w, https:\/\/ayaneo.co\/wp-content\/uploads\/2025\/06\/DROIX-REVIEWS-300x300.png 300w, https:\/\/ayaneo.co\/wp-content\/uploads\/2025\/06\/DROIX-REVIEWS-1024x1024.png 1024w, https:\/\/ayaneo.co\/wp-content\/uploads\/2025\/06\/DROIX-REVIEWS-150x150.png 150w, https:\/\/ayaneo.co\/wp-content\/uploads\/2025\/06\/DROIX-REVIEWS-65x65.png 65w, https:\/\/ayaneo.co\/wp-content\/uploads\/2025\/06\/DROIX-REVIEWS-990x990.png 990w, https:\/\/ayaneo.co\/wp-content\/uploads\/2025\/06\/DROIX-REVIEWS-441x441.png 441w, https:\/\/ayaneo.co\/wp-content\/uploads\/2025\/06\/DROIX-REVIEWS-100x100.png 100w, https:\/\/ayaneo.co\/wp-content\/uploads\/2025\/06\/DROIX-REVIEWS-600x600.png 600w, https:\/\/ayaneo.co\/wp-content\/uploads\/2025\/06\/DROIX-REVIEWS.png 1200w\" sizes=\"(max-width: 768px) 100vw, 768px\" \/>\t\t\t\t\t\t\t\t\t\t\t\t\t\t\t<\/div>\n\t\t\t\t<\/div>\n\t\t\t\t\t<\/div>\n\t\t<\/div>\n\t\t\t\t\t<\/div>\n\t\t<\/section>\n\t\t\t\t<\/div>\n\t\t","protected":false},"excerpt":{"rendered":"<p>\u00dcdv\u00f6z\u00f6lj\u00fck a DROIX \u00fczletcsal\u00e1dban Fedezze fel a hivatalos DROIX online \u00e1ruh\u00e1zak h\u00e1l\u00f3zat\u00e1t. Ak\u00e1r az Egyes\u00fclt Kir\u00e1lys\u00e1gban, Eur\u00f3p\u00e1ban vagy a vil\u00e1g b\u00e1rmely pontj\u00e1n \u00e9lsz, van egy dedik\u00e1lt \u00fczlet\u00fcnk, amely a legjobban kiszolg\u00e1l t\u00e9ged &#8211; bele\u00e9rtve az AYANEO \u00e9s a GPD k\u00e9zi j\u00e1t\u00e9k PC-k term\u00e9k-specifikus boltjait is. Az Egyes\u00fclt Kir\u00e1lys\u00e1gban m\u0171k\u00f6d\u0151, kifejezetten erre a c\u00e9lra kialak\u00edtott \u00e1ruh\u00e1zunk, [&hellip;]<\/p>\n","protected":false},"author":20,"featured_media":0,"parent":0,"menu_order":0,"comment_status":"closed","ping_status":"closed","template":"elementor_header_footer","meta":{"_acf_changed":false,"footnotes":""},"class_list":["post-34982","page","type-page","status-publish","hentry"],"acf":[],"_links":{"self":[{"href":"https:\/\/ayaneo.co\/hu\/wp-json\/wp\/v2\/pages\/34982","targetHints":{"allow":["GET"]}}],"collection":[{"href":"https:\/\/ayaneo.co\/hu\/wp-json\/wp\/v2\/pages"}],"about":[{"href":"https:\/\/ayaneo.co\/hu\/wp-json\/wp\/v2\/types\/page"}],"author":[{"embeddable":true,"href":"https:\/\/ayaneo.co\/hu\/wp-json\/wp\/v2\/users\/20"}],"replies":[{"embeddable":true,"href":"https:\/\/ayaneo.co\/hu\/wp-json\/wp\/v2\/comments?post=34982"}],"version-history":[{"count":0,"href":"https:\/\/ayaneo.co\/hu\/wp-json\/wp\/v2\/pages\/34982\/revisions"}],"wp:attachment":[{"href":"https:\/\/ayaneo.co\/hu\/wp-json\/wp\/v2\/media?parent=34982"}],"curies":[{"name":"wp","href":"https:\/\/api.w.org\/{rel}","templated":true}]}}