{"id":41367,"date":"2025-02-27T10:35:12","date_gmt":"2025-02-27T10:35:12","guid":{"rendered":"https:\/\/ayaneo.co\/product\/ayaneo-magic-modulok\/"},"modified":"2025-12-11T00:10:31","modified_gmt":"2025-12-11T00:10:31","slug":"ayaneo-magic-modulok","status":"publish","type":"product","link":"https:\/\/ayaneo.co\/hu\/product\/ayaneo-magic-modulok\/","title":{"rendered":"AYANEO Magic modulok"},"content":{"rendered":"\n<h2 class=\"wp-block-heading\">AYANEO Magic Modules &#8211; A modul\u00e1ris k\u00e9zisz\u00e1m\u00edt\u00f3g\u00e9pek j\u00f6v\u0151je<\/h2>\n\n<p>Az <strong>AYANEO Magic Modules<\/strong> egy <strong>val\u00f3ban modul\u00e1ris \u00f6kosziszt\u00e9ma<\/strong> bevezet\u00e9s\u00e9vel <strong>\u00fajradefini\u00e1lja<\/strong> a k\u00e9zi j\u00e1t\u00e9kokat <strong>,<\/strong> lehet\u0151v\u00e9 t\u00e9ve a felhaszn\u00e1l\u00f3k sz\u00e1m\u00e1ra, hogy <strong>az AYANEO 3 \u00e9lm\u00e9ny\u00e9t<\/strong> cser\u00e9lhet\u0151, m\u00e1gnesesen r\u00f6gz\u00edtett <strong>kieg\u00e9sz\u00edt\u0151kkel b\u0151v\u00edts\u00e9k \u00e9s testre szabj\u00e1k<\/strong>. A rugalmass\u00e1gra tervezett modulok <strong>a hordozhat\u00f3s\u00e1g vesz\u00e9lyeztet\u00e9se n\u00e9lk\u00fcl b\u0151v\u00edtik a funkcionalit\u00e1st, \u00edgy<\/strong> a technol\u00f3gia szerelmesei \u00e9s a j\u00e1t\u00e9kosok sz\u00e1m\u00e1ra egyar\u00e1nt v\u00e1ltoz\u00e1st <strong>hoznak<\/strong>. <\/p>\n\n<h2 class=\"wp-block-heading\"><strong>Z\u00f6kken\u0151mentes m\u00e1gneses modularit\u00e1s<\/strong><\/h2>\n\n<p><strong>Az AYANEO innovat\u00edv m\u00e1gneses interf\u00e9sz\u00e9vel<\/strong> a modulok <strong>cser\u00e9je<\/strong> k\u00f6nnyed\u00e9n megoldhat\u00f3 <strong>,<\/strong> \u00edgy az <strong>\u00d6n ig\u00e9nyeihez igazod\u00f3<\/strong> plug-and-play <strong>\u00e9lm\u00e9nyt<\/strong> ny\u00fajt. Az els\u0151 gener\u00e1ci\u00f3s Magic modulok sz\u00e1mos funkcionalit\u00e1st k\u00edn\u00e1lnak, <strong>a tov\u00e1bbfejlesztett bemeneti lehet\u0151s\u00e9gekt\u0151l<\/strong> <strong>a kib\u0151v\u00edtett csatlakoztathat\u00f3s\u00e1gig.<\/strong> <\/p>\n\n<h2 class=\"wp-block-heading\"><strong>A j\u00f6v\u0151re \u00e9p\u00edtve<\/strong><\/h2>\n\n<p>Az AYANEO \u00fatt\u00f6r\u0151 szerepet j\u00e1tszik az <strong>els\u0151 val\u00f3ban modul\u00e1ris j\u00e1t\u00e9kk\u00e9zisz\u00e1m\u00edt\u00f3g\u00e9pben,<\/strong> amely a Magic Modules fejl\u0151d\u0151 <strong>\u00f6kosziszt\u00e9m\u00e1j\u00e1val hossz\u00fa t\u00e1v\u00fa sokoldal\u00fas\u00e1got<\/strong> biztos\u00edt. Ak\u00e1r hardcore <strong>j\u00e1t\u00e9kos, kreat\u00edv<\/strong> <strong>szakember vagy a technol\u00f3gia szerelmese<\/strong> vagy, <strong>ezek a tartoz\u00e9kok<\/strong> lehet\u0151v\u00e9 teszik, hogy a k\u00e9sz\u00fcl\u00e9ket <strong>a k\u00fcl\u00f6nb\u00f6z\u0151 forgat\u00f3k\u00f6nyvekhez<\/strong> igaz\u00edtsd <strong>an\u00e9lk\u00fcl, hogy kompromisszumot k\u00f6tn\u00e9l a teljes\u00edtm\u00e9nyeddel.<\/strong> <\/p>\n\n<h3 class=\"wp-block-heading\"><strong>Vedd \u00e1t az ir\u00e1ny\u00edt\u00e1st a k\u00e9zi j\u00e1t\u00e9k\u00e9lm\u00e9nyed felett az AYANEO Magic Modules seg\u00edts\u00e9g\u00e9vel!<\/strong><\/h3>\n\n<p><\/p>\n","protected":false},"excerpt":{"rendered":"<ul>\n<li><strong>Modul\u00e1ris kialak\u00edt\u00e1s &#8211;<\/strong> K\u00f6nnyed\u00e9n cser\u00e9lheti a tartoz\u00e9kokat.<\/li>\n<li><strong>M\u00e1gneses r\u00f6gz\u00edt\u00e9s &#8211;<\/strong> Egyszer\u0171 plug-and-play csere.<\/li>\n<li><strong>Tov\u00e1bbfejlesztett funkci\u00f3k &#8211;<\/strong> Friss\u00edtett bemenetek \u00e9s csatlakoztathat\u00f3s\u00e1g.<\/li>\n<li><strong>J\u00f6v\u0151biztos &#8211;<\/strong> \u00daj modulokkal b\u0151v\u00edthet\u0151.<\/li>\n<li><strong>Hordozhat\u00f3 \u00e9s sokoldal\u00fa &#8211;<\/strong> Testreszab\u00e1s t\u00f6meg n\u00e9lk\u00fcl.<\/li>\n<\/ul>\n[cg_accordion title=\"FIZET\u00c9SI INFORM\u00c1CI\u00d3K\"]<\/p>\n<p>A leg\u00fajabb technol\u00f3gi\u00e1t haszn\u00e1ljuk a fizet\u00e9s feldolgoz\u00e1s\u00e1ban, amely lehet\u0151v\u00e9 teszi, hogy az Apple Pay, a Google Pay, a bankk\u00e1rtya\/hitelk\u00e1rtya, a PayPal vagy a BNPL m\u00f3dszerek, mint p\u00e9ld\u00e1ul a Klarna, az Affirm vagy az AfterPay seg\u00edts\u00e9g\u00e9vel fizessen ki gyorsan \u00e9s biztons\u00e1gosan.[\/cg_accordion]\n[cg_accordion title=\"GARANCIA\"]<\/p>\n<p>1 \u00e9v garancia a <a href=\"https:\/\/droix.net\/\" target=\"_blank\" rel=\"nofollow noopener\">DROIX Global- t\u00f3l az \u00d6n nyugalma \u00e9rdek\u00e9ben<\/a> [\/cg_accordion]\n[cg_accordion title=\"MIN\u0150S\u00c9GBIZTOS\u00cdT\u00c1S \u00c9S SZ\u00c1LL\u00cdT\u00c1S EL\u0150TTI TESZTEL\u00c9S\"]<\/p>\n<p>A legmagasabb sz\u00ednvonal\u00fa \u00fcgyf\u00e9l-el\u00e9gedetts\u00e9g biztos\u00edt\u00e1sa: Minden k\u00e9sz\u00fcl\u00e9ket szigor\u00fa tesztel\u00e9snek \u00e9s t\u00f6bbpontos min\u0151s\u00e9gbiztos\u00edt\u00e1si ellen\u0151rz\u00e9snek vetnek al\u00e1, miel\u0151tt kisz\u00e1ll\u00edt\u00e1sra ker\u00fcl. Elk\u00f6telezett csapatunk ellen\u0151rzi a teljes\u00edtm\u00e9nyt, a funkcionalit\u00e1st \u00e9s az alkatr\u00e9szek \u00e9ps\u00e9g\u00e9t, hogy garant\u00e1ljuk, hogy az AYANEO k\u00e9sz\u00fcl\u00e9k meg\u00e9rkez\u00e9sekor t\u00f6k\u00e9letes m\u0171k\u00f6d\u00e9si \u00e1llapotban van, \u00edgy biztos\u00edtva \u00d6nnek a bizalmat \u00e9s a nyugalmat. [\/cg_accordion]\n[cg_accordion title=\"\u00c1RK\u00c9PZ\u00c9S, AD\u00d3K \u00c9S SZ\u00c1LL\u00cdT\u00c1S\"]<\/p>\n<p><strong><u>Megjegyz\u00e9s:<\/u><\/strong><\/p>\n<ul>\n<li>Egyes\u00fclt \u00c1llamok \u00dcgyfelek: A felt\u00fcntetett \u00e1r NEM tartalmazza az ad\u00f3t \u00e9s a v\u00e1mokat. A v\u00e1mkezel\u00e9s \u00e9s a kapcsol\u00f3d\u00f3 ad\u00f3k\/v\u00e1mok megfizet\u00e9se az \u00fcgyfelet terheli. <\/li>\n<li>EU-s \u00fcgyfelek: A felt\u00fcntetett \u00e1r tartalmazza az alkalmazand\u00f3 ad\u00f3t, amely az \u00d6n orsz\u00e1g\u00e1t\u00f3l f\u00fcgg\u0151en ak\u00e1r 25% is lehet.<\/li>\n<li>Kanadai \u00fcgyfelek: A felt\u00fcntetett \u00e1r tartalmazza az alkalmazand\u00f3 ad\u00f3kat, amelyek az \u00d6n tartom\u00e1ny\u00e1t\u00f3l f\u00fcgg\u0151en tartalmazhatj\u00e1k az 5%-os GST-t \u00e9s tov\u00e1bbi tartom\u00e1nyi forgalmi ad\u00f3kat (PST), harmoniz\u00e1lt forgalmi ad\u00f3t (HST) vagy qu\u00e9beci forgalmi ad\u00f3t (QST).<\/li>\n<\/ul>\n<p><strong>CSAK EU-s \u00fcgyfelek sz\u00e1m\u00e1ra:<\/strong> Express DDP (Delivered Duty Paid). Ez azt jelenti: <\/p>\n<ul>\n<li>A term\u00e9k oldal\u00e1n felt\u00fcntetett \u00e1r tartalmazza az \u00f6sszes v\u00e1mot \u00e9s ad\u00f3t.<\/li>\n<li>A k\u00e9zbes\u00edt\u00e9skor nem kell tov\u00e1bbi d\u00edjakat fizetnie.<\/li>\n<li>Abban a ritka esetben, ha a v\u00e1mkezel\u00e9ssel kapcsolatos probl\u00e9m\u00e1k mer\u00fclnek fel, csapatunk az \u00d6n nev\u00e9ben elv\u00e9gzi a v\u00e1mkezel\u00e9si folyamatot, hogy biztos\u00edtsa a z\u00f6kken\u0151mentes sz\u00e1ll\u00edt\u00e1st.<\/li>\n<p>Fontos inform\u00e1ci\u00f3k a visszak\u00fcld\u00e9sr\u0151l:<\/p>\n<li>Ha \u00fagy d\u00f6nt, hogy visszak\u00fcldi megrendel\u00e9s\u00e9t vagy visszat\u00e9r\u00edt\u00e9st k\u00e9r, k\u00e9rj\u00fck, vegye figyelembe, hogy a DDP felt\u00e9telei szerint az \u00d6n nev\u00e9ben kifizetett ad\u00f3k \u00e9s v\u00e1mok nem t\u00e9r\u00edthet\u0151k vissza.<\/li>\n<p>R\u00e9szletes <a href=\"https:\/\/ayaneo.co\/terms-of-service-2\/\" target=\"_blank\" rel=\"nofollow noopener\">inform\u00e1ci\u00f3k\u00e9rt k\u00e9rj\u00fck, olvassa el a Felhaszn\u00e1l\u00e1si Felt\u00e9teleinket<\/a>.\n<\/ul>\n<p>[\/cg_accordion]\n[cg_accordion title=\"\u00dcGYF\u00c9LSZOLG\u00c1LAT\"]<\/p>\n<p>K\u00e9rd\u00e9se van? Egy r\u00f6vid sz\u00f6veges \u00fczenetben megoldjuk a probl\u00e9m\u00e1j\u00e1t! [\/cg_accordion]\n[cg_accordion title=\"A CSOMAG TARTALMAZZA\"]\n","protected":false},"featured_media":41368,"template":"","meta":{"_acf_changed":false},"product_brand":[],"product_cat":[4933],"product_tag":[],"class_list":{"0":"post-41367","1":"product","2":"type-product","3":"status-publish","4":"has-post-thumbnail","6":"product_cat-tartozekok","7":"product_shipping_class-low-end","8":"pa_brand-ayaneo","9":"pa_compatible-with-ayaneo-3","11":"first","12":"instock","13":"sale","14":"taxable","15":"shipping-taxable","16":"purchasable","17":"product-type-variable","18":"has-default-attributes"},"acf":[],"_links":{"self":[{"href":"https:\/\/ayaneo.co\/hu\/wp-json\/wp\/v2\/product\/41367","targetHints":{"allow":["GET"]}}],"collection":[{"href":"https:\/\/ayaneo.co\/hu\/wp-json\/wp\/v2\/product"}],"about":[{"href":"https:\/\/ayaneo.co\/hu\/wp-json\/wp\/v2\/types\/product"}],"wp:featuredmedia":[{"embeddable":true,"href":"https:\/\/ayaneo.co\/hu\/wp-json\/wp\/v2\/media\/41368"}],"wp:attachment":[{"href":"https:\/\/ayaneo.co\/hu\/wp-json\/wp\/v2\/media?parent=41367"}],"wp:term":[{"taxonomy":"product_brand","embeddable":true,"href":"https:\/\/ayaneo.co\/hu\/wp-json\/wp\/v2\/product_brand?post=41367"},{"taxonomy":"product_cat","embeddable":true,"href":"https:\/\/ayaneo.co\/hu\/wp-json\/wp\/v2\/product_cat?post=41367"},{"taxonomy":"product_tag","embeddable":true,"href":"https:\/\/ayaneo.co\/hu\/wp-json\/wp\/v2\/product_tag?post=41367"}],"curies":[{"name":"wp","href":"https:\/\/api.w.org\/{rel}","templated":true}]}}